{"id":8945,"date":"2013-02-20T15:43:08","date_gmt":"2013-02-20T14:43:08","guid":{"rendered":"http:\/\/darpol.bydgoszcz.pl\/sklep\/ostalnye-zapchasti\/panel-konca-poezda-dl-o-12-009-02\/"},"modified":"2013-02-20T15:43:08","modified_gmt":"2013-02-20T14:43:08","slug":"panel-konca-poezda-dl-o-12-009-02","status":"publish","type":"product","link":"https:\/\/darpol.bydgoszcz.pl\/ru\/predlagaet\/podvizhnoj-sostav\/ostalnye-zapchasti\/panel-konca-poezda-dl-o-12-009-02\/","title":{"rendered":"\u041f\u0430\u043d\u0435\u043b\u044c \u043a\u043e\u043d\u0446\u0430 \u043f\u043e\u0435\u0437\u0434\u0430 (\u0449\u0438\u0442)  DL-O 12 009-02"},"content":{"rendered":"<p><span style=\"color: #333333;\"><span style=\"text-decoration: underline;\">\u0423\u043f\u043e\u0442\u0440\u0435\u0431\u043b\u0435\u043d\u0438\u0435:<\/span><\/span><\/p>\n<p><span style=\"color: #333333;\">\u0432\u0430\u0433\u043e\u043d, \u044d\u043b\u0435\u043a\u0442\u0440\u043e\u043f\u043e\u0435\u0437\u0434, \u043b\u043e\u043a\u043e\u043c\u043e\u0442\u0438\u0432<\/span><\/p>\n<div style=\"clear:both\"><a href=\"javascript:window.print()\"><i class=\"fa fa-print\" aria-hidden=\"true\"><\/i> \u043f\u0435\u0447\u0430\u0442\u044c<\/a><\/div>","protected":false},"excerpt":{"rendered":"<p>\u0423\u043f\u043e\u0442\u0440\u0435\u0431\u043b\u0435\u043d\u0438\u0435: \u0432\u0430\u0433\u043e\u043d, \u044d\u043b\u0435\u043a\u0442\u0440\u043e\u043f\u043e\u0435\u0437\u0434, \u043b\u043e\u043a\u043e\u043c\u043e\u0442\u0438\u0432 \u043f\u0435\u0447\u0430\u0442\u044c<\/p>\n","protected":false},"featured_media":8944,"template":"","meta":{"om_disable_all_campaigns":false,"_monsterinsights_skip_tracking":false,"_monsterinsights_sitenote_active":false,"_monsterinsights_sitenote_note":"","_monsterinsights_sitenote_category":0,"_uf_show_specific_survey":0,"_uf_disable_surveys":false},"product_cat":[323],"product_tag":[1453,1455,392,1447,1450,641,1452,1142,1449,1243,1448,1451,1454],"class_list":{"0":"post-8945","1":"product","2":"type-product","3":"status-publish","4":"has-post-thumbnail","6":"product_cat-ostalnye-zapchasti","7":"product_tag-bialo-czerwona","8":"product_tag-bialo-czewony","9":"product_tag-darpol","10":"product_tag-koniec-pociagu","11":"product_tag-koniec-wagonu","12":"product_tag-lokomotywy","13":"product_tag-odblyskowa","14":"product_tag-tablica","15":"product_tag-tablica-konca-pociagu","16":"product_tag-tarcza","17":"product_tag-tarcza-konca-pociagu","18":"product_tag-tyl-lokomotywy","19":"product_tag-znak","21":"first","22":"instock","23":"shipping-taxable","24":"purchasable","25":"product-type-simple"},"yoast_head":"<!-- This site is optimized with the Yoast SEO plugin v23.0 - https:\/\/yoast.com\/wordpress\/plugins\/seo\/ -->\n<title>\u041f\u0430\u043d\u0435\u043b\u044c \u043a\u043e\u043d\u0446\u0430 \u043f\u043e\u0435\u0437\u0434\u0430 (\u0449\u0438\u0442) DL-O 12 009-02 - Darpol Bydgoszcz<\/title>\n<meta name=\"description\" content=\"\u041f\u0430\u043d\u0435\u043b\u044c \u043a\u043e\u043d\u0446\u0430 \u043f\u043e\u0435\u0437\u0434\u0430 (\u0449\u0438\u0442) DL-O 12 009-02\" \/>\n<meta name=\"robots\" content=\"index, follow, max-snippet:-1, max-image-preview:large, max-video-preview:-1\" \/>\n<link rel=\"canonical\" href=\"https:\/\/darpol.bydgoszcz.pl\/ru\/predlagaet\/podvizhnoj-sostav\/ostalnye-zapchasti\/panel-konca-poezda-dl-o-12-009-02\/\" \/>\n<meta property=\"og:locale\" content=\"ru_RU\" \/>\n<meta property=\"og:type\" content=\"article\" \/>\n<meta property=\"og:title\" content=\"\u041f\u0430\u043d\u0435\u043b\u044c \u043a\u043e\u043d\u0446\u0430 \u043f\u043e\u0435\u0437\u0434\u0430 (\u0449\u0438\u0442) DL-O 12 009-02 - Darpol Bydgoszcz\" \/>\n<meta property=\"og:description\" content=\"\u041f\u0430\u043d\u0435\u043b\u044c \u043a\u043e\u043d\u0446\u0430 \u043f\u043e\u0435\u0437\u0434\u0430 (\u0449\u0438\u0442) DL-O 12 009-02\" \/>\n<meta property=\"og:url\" content=\"https:\/\/darpol.bydgoszcz.pl\/ru\/predlagaet\/podvizhnoj-sostav\/ostalnye-zapchasti\/panel-konca-poezda-dl-o-12-009-02\/\" \/>\n<meta property=\"og:site_name\" content=\"Darpol Bydgoszcz\" \/>\n<meta property=\"og:image\" content=\"https:\/\/darpol.bydgoszcz.pl\/wp-content\/uploads\/347-488-tarcza-konca-pociagu-tablica-bialo-czerwona-dl-o-12-009-02.jpg\" \/>\n\t<meta property=\"og:image:width\" content=\"336\" \/>\n\t<meta property=\"og:image:height\" content=\"442\" \/>\n\t<meta property=\"og:image:type\" content=\"image\/jpeg\" \/>\n<meta name=\"twitter:card\" content=\"summary_large_image\" \/>\n<script type=\"application\/ld+json\" class=\"yoast-schema-graph\">{\"@context\":\"https:\/\/schema.org\",\"@graph\":[{\"@type\":\"WebPage\",\"@id\":\"https:\/\/darpol.bydgoszcz.pl\/ru\/predlagaet\/podvizhnoj-sostav\/ostalnye-zapchasti\/panel-konca-poezda-dl-o-12-009-02\/\",\"url\":\"https:\/\/darpol.bydgoszcz.pl\/ru\/predlagaet\/podvizhnoj-sostav\/ostalnye-zapchasti\/panel-konca-poezda-dl-o-12-009-02\/\",\"name\":\"\u041f\u0430\u043d\u0435\u043b\u044c \u043a\u043e\u043d\u0446\u0430 \u043f\u043e\u0435\u0437\u0434\u0430 (\u0449\u0438\u0442) DL-O 12 009-02 - Darpol Bydgoszcz\",\"isPartOf\":{\"@id\":\"https:\/\/darpol.bydgoszcz.pl\/#website\"},\"primaryImageOfPage\":{\"@id\":\"https:\/\/darpol.bydgoszcz.pl\/ru\/predlagaet\/podvizhnoj-sostav\/ostalnye-zapchasti\/panel-konca-poezda-dl-o-12-009-02\/#primaryimage\"},\"image\":{\"@id\":\"https:\/\/darpol.bydgoszcz.pl\/ru\/predlagaet\/podvizhnoj-sostav\/ostalnye-zapchasti\/panel-konca-poezda-dl-o-12-009-02\/#primaryimage\"},\"thumbnailUrl\":\"https:\/\/darpol.bydgoszcz.pl\/wp-content\/uploads\/347-488-tarcza-konca-pociagu-tablica-bialo-czerwona-dl-o-12-009-02.jpg\",\"datePublished\":\"2013-02-20T14:43:08+00:00\",\"dateModified\":\"2013-02-20T14:43:08+00:00\",\"description\":\"\u041f\u0430\u043d\u0435\u043b\u044c \u043a\u043e\u043d\u0446\u0430 \u043f\u043e\u0435\u0437\u0434\u0430 (\u0449\u0438\u0442) DL-O 12 009-02\",\"breadcrumb\":{\"@id\":\"https:\/\/darpol.bydgoszcz.pl\/ru\/predlagaet\/podvizhnoj-sostav\/ostalnye-zapchasti\/panel-konca-poezda-dl-o-12-009-02\/#breadcrumb\"},\"inLanguage\":\"ru-RU\",\"potentialAction\":[{\"@type\":\"ReadAction\",\"target\":[\"https:\/\/darpol.bydgoszcz.pl\/ru\/predlagaet\/podvizhnoj-sostav\/ostalnye-zapchasti\/panel-konca-poezda-dl-o-12-009-02\/\"]}]},{\"@type\":\"ImageObject\",\"inLanguage\":\"ru-RU\",\"@id\":\"https:\/\/darpol.bydgoszcz.pl\/ru\/predlagaet\/podvizhnoj-sostav\/ostalnye-zapchasti\/panel-konca-poezda-dl-o-12-009-02\/#primaryimage\",\"url\":\"https:\/\/darpol.bydgoszcz.pl\/wp-content\/uploads\/347-488-tarcza-konca-pociagu-tablica-bialo-czerwona-dl-o-12-009-02.jpg\",\"contentUrl\":\"https:\/\/darpol.bydgoszcz.pl\/wp-content\/uploads\/347-488-tarcza-konca-pociagu-tablica-bialo-czerwona-dl-o-12-009-02.jpg\",\"width\":336,\"height\":442,\"caption\":\"Tarcza ko\u0144ca poci\u0105gu (tablica bia\u0142o-czerwona) DL-O 12 009-02\"},{\"@type\":\"BreadcrumbList\",\"@id\":\"https:\/\/darpol.bydgoszcz.pl\/ru\/predlagaet\/podvizhnoj-sostav\/ostalnye-zapchasti\/panel-konca-poezda-dl-o-12-009-02\/#breadcrumb\",\"itemListElement\":[{\"@type\":\"ListItem\",\"position\":1,\"name\":\"Strona g\u0142\u00f3wna\",\"item\":\"https:\/\/darpol.bydgoszcz.pl\/ru\/\"},{\"@type\":\"ListItem\",\"position\":2,\"name\":\"Oferta\",\"item\":\"https:\/\/darpol.bydgoszcz.pl\/oferta\/\"},{\"@type\":\"ListItem\",\"position\":3,\"name\":\"\u041f\u0430\u043d\u0435\u043b\u044c \u043a\u043e\u043d\u0446\u0430 \u043f\u043e\u0435\u0437\u0434\u0430 (\u0449\u0438\u0442) DL-O 12 009-02\"}]},{\"@type\":\"WebSite\",\"@id\":\"https:\/\/darpol.bydgoszcz.pl\/#website\",\"url\":\"https:\/\/darpol.bydgoszcz.pl\/\",\"name\":\"Darpol Bydgoszcz\",\"description\":\"\",\"potentialAction\":[{\"@type\":\"SearchAction\",\"target\":{\"@type\":\"EntryPoint\",\"urlTemplate\":\"https:\/\/darpol.bydgoszcz.pl\/?s={search_term_string}\"},\"query-input\":\"required name=search_term_string\"}],\"inLanguage\":\"ru-RU\"}]}<\/script>\n<!-- \/ Yoast SEO plugin. -->","yoast_head_json":{"title":"\u041f\u0430\u043d\u0435\u043b\u044c \u043a\u043e\u043d\u0446\u0430 \u043f\u043e\u0435\u0437\u0434\u0430 (\u0449\u0438\u0442) DL-O 12 009-02 - Darpol Bydgoszcz","description":"\u041f\u0430\u043d\u0435\u043b\u044c \u043a\u043e\u043d\u0446\u0430 \u043f\u043e\u0435\u0437\u0434\u0430 (\u0449\u0438\u0442) DL-O 12 009-02","robots":{"index":"index","follow":"follow","max-snippet":"max-snippet:-1","max-image-preview":"max-image-preview:large","max-video-preview":"max-video-preview:-1"},"canonical":"https:\/\/darpol.bydgoszcz.pl\/ru\/predlagaet\/podvizhnoj-sostav\/ostalnye-zapchasti\/panel-konca-poezda-dl-o-12-009-02\/","og_locale":"ru_RU","og_type":"article","og_title":"\u041f\u0430\u043d\u0435\u043b\u044c \u043a\u043e\u043d\u0446\u0430 \u043f\u043e\u0435\u0437\u0434\u0430 (\u0449\u0438\u0442) DL-O 12 009-02 - Darpol Bydgoszcz","og_description":"\u041f\u0430\u043d\u0435\u043b\u044c \u043a\u043e\u043d\u0446\u0430 \u043f\u043e\u0435\u0437\u0434\u0430 (\u0449\u0438\u0442) DL-O 12 009-02","og_url":"https:\/\/darpol.bydgoszcz.pl\/ru\/predlagaet\/podvizhnoj-sostav\/ostalnye-zapchasti\/panel-konca-poezda-dl-o-12-009-02\/","og_site_name":"Darpol Bydgoszcz","og_image":[{"width":336,"height":442,"url":"https:\/\/darpol.bydgoszcz.pl\/wp-content\/uploads\/347-488-tarcza-konca-pociagu-tablica-bialo-czerwona-dl-o-12-009-02.jpg","type":"image\/jpeg"}],"twitter_card":"summary_large_image","schema":{"@context":"https:\/\/schema.org","@graph":[{"@type":"WebPage","@id":"https:\/\/darpol.bydgoszcz.pl\/ru\/predlagaet\/podvizhnoj-sostav\/ostalnye-zapchasti\/panel-konca-poezda-dl-o-12-009-02\/","url":"https:\/\/darpol.bydgoszcz.pl\/ru\/predlagaet\/podvizhnoj-sostav\/ostalnye-zapchasti\/panel-konca-poezda-dl-o-12-009-02\/","name":"\u041f\u0430\u043d\u0435\u043b\u044c \u043a\u043e\u043d\u0446\u0430 \u043f\u043e\u0435\u0437\u0434\u0430 (\u0449\u0438\u0442) DL-O 12 009-02 - Darpol Bydgoszcz","isPartOf":{"@id":"https:\/\/darpol.bydgoszcz.pl\/#website"},"primaryImageOfPage":{"@id":"https:\/\/darpol.bydgoszcz.pl\/ru\/predlagaet\/podvizhnoj-sostav\/ostalnye-zapchasti\/panel-konca-poezda-dl-o-12-009-02\/#primaryimage"},"image":{"@id":"https:\/\/darpol.bydgoszcz.pl\/ru\/predlagaet\/podvizhnoj-sostav\/ostalnye-zapchasti\/panel-konca-poezda-dl-o-12-009-02\/#primaryimage"},"thumbnailUrl":"https:\/\/darpol.bydgoszcz.pl\/wp-content\/uploads\/347-488-tarcza-konca-pociagu-tablica-bialo-czerwona-dl-o-12-009-02.jpg","datePublished":"2013-02-20T14:43:08+00:00","dateModified":"2013-02-20T14:43:08+00:00","description":"\u041f\u0430\u043d\u0435\u043b\u044c \u043a\u043e\u043d\u0446\u0430 \u043f\u043e\u0435\u0437\u0434\u0430 (\u0449\u0438\u0442) DL-O 12 009-02","breadcrumb":{"@id":"https:\/\/darpol.bydgoszcz.pl\/ru\/predlagaet\/podvizhnoj-sostav\/ostalnye-zapchasti\/panel-konca-poezda-dl-o-12-009-02\/#breadcrumb"},"inLanguage":"ru-RU","potentialAction":[{"@type":"ReadAction","target":["https:\/\/darpol.bydgoszcz.pl\/ru\/predlagaet\/podvizhnoj-sostav\/ostalnye-zapchasti\/panel-konca-poezda-dl-o-12-009-02\/"]}]},{"@type":"ImageObject","inLanguage":"ru-RU","@id":"https:\/\/darpol.bydgoszcz.pl\/ru\/predlagaet\/podvizhnoj-sostav\/ostalnye-zapchasti\/panel-konca-poezda-dl-o-12-009-02\/#primaryimage","url":"https:\/\/darpol.bydgoszcz.pl\/wp-content\/uploads\/347-488-tarcza-konca-pociagu-tablica-bialo-czerwona-dl-o-12-009-02.jpg","contentUrl":"https:\/\/darpol.bydgoszcz.pl\/wp-content\/uploads\/347-488-tarcza-konca-pociagu-tablica-bialo-czerwona-dl-o-12-009-02.jpg","width":336,"height":442,"caption":"Tarcza ko\u0144ca poci\u0105gu (tablica bia\u0142o-czerwona) DL-O 12 009-02"},{"@type":"BreadcrumbList","@id":"https:\/\/darpol.bydgoszcz.pl\/ru\/predlagaet\/podvizhnoj-sostav\/ostalnye-zapchasti\/panel-konca-poezda-dl-o-12-009-02\/#breadcrumb","itemListElement":[{"@type":"ListItem","position":1,"name":"Strona g\u0142\u00f3wna","item":"https:\/\/darpol.bydgoszcz.pl\/ru\/"},{"@type":"ListItem","position":2,"name":"Oferta","item":"https:\/\/darpol.bydgoszcz.pl\/oferta\/"},{"@type":"ListItem","position":3,"name":"\u041f\u0430\u043d\u0435\u043b\u044c \u043a\u043e\u043d\u0446\u0430 \u043f\u043e\u0435\u0437\u0434\u0430 (\u0449\u0438\u0442) DL-O 12 009-02"}]},{"@type":"WebSite","@id":"https:\/\/darpol.bydgoszcz.pl\/#website","url":"https:\/\/darpol.bydgoszcz.pl\/","name":"Darpol Bydgoszcz","description":"","potentialAction":[{"@type":"SearchAction","target":{"@type":"EntryPoint","urlTemplate":"https:\/\/darpol.bydgoszcz.pl\/?s={search_term_string}"},"query-input":"required name=search_term_string"}],"inLanguage":"ru-RU"}]}},"_links":{"self":[{"href":"https:\/\/darpol.bydgoszcz.pl\/ru\/wp-json\/wp\/v2\/product\/8945","targetHints":{"allow":["GET"]}}],"collection":[{"href":"https:\/\/darpol.bydgoszcz.pl\/ru\/wp-json\/wp\/v2\/product"}],"about":[{"href":"https:\/\/darpol.bydgoszcz.pl\/ru\/wp-json\/wp\/v2\/types\/product"}],"wp:featuredmedia":[{"embeddable":true,"href":"https:\/\/darpol.bydgoszcz.pl\/ru\/wp-json\/wp\/v2\/media\/8944"}],"wp:attachment":[{"href":"https:\/\/darpol.bydgoszcz.pl\/ru\/wp-json\/wp\/v2\/media?parent=8945"}],"wp:term":[{"taxonomy":"product_cat","embeddable":true,"href":"https:\/\/darpol.bydgoszcz.pl\/ru\/wp-json\/wp\/v2\/product_cat?post=8945"},{"taxonomy":"product_tag","embeddable":true,"href":"https:\/\/darpol.bydgoszcz.pl\/ru\/wp-json\/wp\/v2\/product_tag?post=8945"}],"curies":[{"name":"wp","href":"https:\/\/api.w.org\/{rel}","templated":true}]}}