{"id":7715,"date":"2013-02-15T16:15:06","date_gmt":"2013-02-15T15:15:06","guid":{"rendered":"http:\/\/darpol.bydgoszcz.pl\/sklep\/elektro-zapchasti\/vkluchatel-zcm2-zp1cm2\/"},"modified":"2013-02-15T16:15:06","modified_gmt":"2013-02-15T15:15:06","slug":"vkluchatel-zcm2-zp1cm2","status":"publish","type":"product","link":"https:\/\/darpol.bydgoszcz.pl\/ru\/predlagaet\/podvizhnoj-sostav\/elektro-zapchasti\/vkluchatel-zcm2-zp1cm2\/","title":{"rendered":"\u0412\u043a\u043b\u044e\u0447\u0430\u0442\u0435\u043b\u0438 Zcm2 \u0438 ZP1cm2"},"content":{"rendered":"<p><span style=\"color: #333333;\">\u0414\u043e\u0441\u0442\u0443\u043f\u043d\u044b\u0435 \u0432\u044b\u043a\u043b\u044e\u0447\u0430\u0442\u0435\u043b\u0438:<\/span><\/p>\n<p><span style=\"color: #333333;\"> <\/span><\/p>\n<p><span style=\"color: #333333;\"><br \/><\/span><\/p>\n<p><span style=\"color: #333333;\"> <\/span><\/p>\n<p><span style=\"color: #333333;\"><strong>\u0412\u043a\u043b\u044e\u0447\u0430\u0442\u0435\u043b\u044c ZP1 cm2<\/strong> &#8211; \u0441\u0438\u043c\u0432\u043e\u043b DL-O 04 026-01<\/span><\/p>\n<p><span style=\"color: #333333;\"> <\/span><\/p>\n<p><span style=\"color: #333333;\"><strong>\u0412\u043a\u043b\u044e\u0447\u0430\u0442\u0435\u043b\u044c Z<\/strong> <strong>cm2<\/strong> &#8211; \u0441\u0438\u043c\u0432\u043e\u043b DL-O 04 026-02<\/span><\/p>\n<p><span style=\"color: #333333;\"> <\/span><\/p>\n<p><span style=\"color: #333333;\"><br \/><\/span><\/p>\n<p><span style=\"color: #333333;\"> <\/span><\/p>\n<p><span style=\"color: #333333;\">\u0423\u043f\u043e\u0442\u0440\u0435\u0431\u043b\u0435\u043d\u0438\u0435: \u044d\u043b\u0435\u043a\u0442\u0440\u043e\u043f\u043e\u0435\u0437\u0434\u0430<\/span><\/p>\n<div style=\"clear:both\"><a href=\"javascript:window.print()\"><i class=\"fa fa-print\" aria-hidden=\"true\"><\/i> \u043f\u0435\u0447\u0430\u0442\u044c<\/a><\/div>","protected":false},"excerpt":{"rendered":"<p>\u0414\u043e\u0441\u0442\u0443\u043f\u043d\u044b\u0435 \u0432\u044b\u043a\u043b\u044e\u0447\u0430\u0442\u0435\u043b\u0438: \u0412\u043a\u043b\u044e\u0447\u0430\u0442\u0435\u043b\u044c ZP1 cm2 &#8211; \u0441\u0438\u043c\u0432\u043e\u043b DL-O 04 026-01 \u0412\u043a\u043b\u044e\u0447\u0430\u0442\u0435\u043b\u044c Z cm2 &#8211; \u0441\u0438\u043c\u0432\u043e\u043b DL-O 04 026-02 \u0423\u043f\u043e\u0442\u0440\u0435\u0431\u043b\u0435\u043d\u0438\u0435: \u044d\u043b\u0435\u043a\u0442\u0440\u043e\u043f\u043e\u0435\u0437\u0434\u0430 \u043f\u0435\u0447\u0430\u0442\u044c<\/p>\n","protected":false},"featured_media":7714,"template":"","meta":{"om_disable_all_campaigns":false,"_monsterinsights_skip_tracking":false,"_monsterinsights_sitenote_active":false,"_monsterinsights_sitenote_note":"","_monsterinsights_sitenote_category":0,"_uf_show_specific_survey":0,"_uf_disable_surveys":false},"product_cat":[305],"product_tag":[1085,5389,1084,5387,525,495,1078,5376,1083,3291,5378,1079,5380,1080,5384,1082,5382,1081],"class_list":{"0":"post-7715","1":"product","2":"type-product","3":"status-publish","4":"has-post-thumbnail","6":"product_cat-elektro-zapchasti","7":"product_tag-dl-0-04-026-02","8":"product_tag-dl-0-04-026-02-ru","9":"product_tag-dl-o-04-026-01","10":"product_tag-dl-o-04-026-01-ru","11":"product_tag-ezt","12":"product_tag-wylacznik","13":"product_tag-wylaczniki","14":"product_tag-wylaczniki-ru","15":"product_tag-wlacznik","16":"product_tag-wlacznik-ru","17":"product_tag-z-cm2-ru","18":"product_tag-z-cm2","19":"product_tag-zcm2-ru","20":"product_tag-zcm2","21":"product_tag-zp1-cm2-ru","22":"product_tag-zp1-cm2","23":"product_tag-zp1cm2-ru","24":"product_tag-zp1cm2","26":"first","27":"instock","28":"shipping-taxable","29":"purchasable","30":"product-type-simple"},"yoast_head":"<!-- This site is optimized with the Yoast SEO plugin v23.0 - https:\/\/yoast.com\/wordpress\/plugins\/seo\/ -->\n<title>\u0412\u043a\u043b\u044e\u0447\u0430\u0442\u0435\u043b\u0438 Zcm2 \u0438 ZP1cm2<\/title>\n<meta name=\"description\" content=\"\u0412\u043a\u043b\u044e\u0447\u0430\u0442\u0435\u043b\u0438 Zcm2 \u0438 ZP1cm2\" \/>\n<meta name=\"robots\" content=\"index, follow, max-snippet:-1, max-image-preview:large, max-video-preview:-1\" \/>\n<link rel=\"canonical\" href=\"https:\/\/darpol.bydgoszcz.pl\/ru\/predlagaet\/podvizhnoj-sostav\/elektro-zapchasti\/vkluchatel-zcm2-zp1cm2\/\" \/>\n<meta property=\"og:locale\" content=\"ru_RU\" \/>\n<meta property=\"og:type\" content=\"article\" \/>\n<meta property=\"og:title\" content=\"\u0412\u043a\u043b\u044e\u0447\u0430\u0442\u0435\u043b\u0438 Zcm2 \u0438 ZP1cm2\" \/>\n<meta property=\"og:description\" content=\"\u0412\u043a\u043b\u044e\u0447\u0430\u0442\u0435\u043b\u0438 Zcm2 \u0438 ZP1cm2\" \/>\n<meta property=\"og:url\" content=\"https:\/\/darpol.bydgoszcz.pl\/ru\/predlagaet\/podvizhnoj-sostav\/elektro-zapchasti\/vkluchatel-zcm2-zp1cm2\/\" \/>\n<meta property=\"og:site_name\" content=\"Darpol Bydgoszcz\" \/>\n<meta property=\"og:image\" content=\"https:\/\/darpol.bydgoszcz.pl\/wp-content\/uploads\/234-366-wylacznik-zcm2-i-wylacznik-zp1cm2.jpg\" \/>\n\t<meta property=\"og:image:width\" content=\"448\" \/>\n\t<meta property=\"og:image:height\" content=\"202\" \/>\n\t<meta property=\"og:image:type\" content=\"image\/jpeg\" \/>\n<meta name=\"twitter:card\" content=\"summary_large_image\" \/>\n<script type=\"application\/ld+json\" class=\"yoast-schema-graph\">{\"@context\":\"https:\/\/schema.org\",\"@graph\":[{\"@type\":\"WebPage\",\"@id\":\"https:\/\/darpol.bydgoszcz.pl\/ru\/predlagaet\/podvizhnoj-sostav\/elektro-zapchasti\/vkluchatel-zcm2-zp1cm2\/\",\"url\":\"https:\/\/darpol.bydgoszcz.pl\/ru\/predlagaet\/podvizhnoj-sostav\/elektro-zapchasti\/vkluchatel-zcm2-zp1cm2\/\",\"name\":\"\u0412\u043a\u043b\u044e\u0447\u0430\u0442\u0435\u043b\u0438 Zcm2 \u0438 ZP1cm2\",\"isPartOf\":{\"@id\":\"https:\/\/darpol.bydgoszcz.pl\/#website\"},\"primaryImageOfPage\":{\"@id\":\"https:\/\/darpol.bydgoszcz.pl\/ru\/predlagaet\/podvizhnoj-sostav\/elektro-zapchasti\/vkluchatel-zcm2-zp1cm2\/#primaryimage\"},\"image\":{\"@id\":\"https:\/\/darpol.bydgoszcz.pl\/ru\/predlagaet\/podvizhnoj-sostav\/elektro-zapchasti\/vkluchatel-zcm2-zp1cm2\/#primaryimage\"},\"thumbnailUrl\":\"https:\/\/darpol.bydgoszcz.pl\/wp-content\/uploads\/234-366-wylacznik-zcm2-i-wylacznik-zp1cm2.jpg\",\"datePublished\":\"2013-02-15T15:15:06+00:00\",\"dateModified\":\"2013-02-15T15:15:06+00:00\",\"description\":\"\u0412\u043a\u043b\u044e\u0447\u0430\u0442\u0435\u043b\u0438 Zcm2 \u0438 ZP1cm2\",\"breadcrumb\":{\"@id\":\"https:\/\/darpol.bydgoszcz.pl\/ru\/predlagaet\/podvizhnoj-sostav\/elektro-zapchasti\/vkluchatel-zcm2-zp1cm2\/#breadcrumb\"},\"inLanguage\":\"ru-RU\",\"potentialAction\":[{\"@type\":\"ReadAction\",\"target\":[\"https:\/\/darpol.bydgoszcz.pl\/ru\/predlagaet\/podvizhnoj-sostav\/elektro-zapchasti\/vkluchatel-zcm2-zp1cm2\/\"]}]},{\"@type\":\"ImageObject\",\"inLanguage\":\"ru-RU\",\"@id\":\"https:\/\/darpol.bydgoszcz.pl\/ru\/predlagaet\/podvizhnoj-sostav\/elektro-zapchasti\/vkluchatel-zcm2-zp1cm2\/#primaryimage\",\"url\":\"https:\/\/darpol.bydgoszcz.pl\/wp-content\/uploads\/234-366-wylacznik-zcm2-i-wylacznik-zp1cm2.jpg\",\"contentUrl\":\"https:\/\/darpol.bydgoszcz.pl\/wp-content\/uploads\/234-366-wylacznik-zcm2-i-wylacznik-zp1cm2.jpg\",\"width\":448,\"height\":202,\"caption\":\"Wy\u0142\u0105cznik Zcm2 i wy\u0142\u0105cznik ZP1cm2\"},{\"@type\":\"BreadcrumbList\",\"@id\":\"https:\/\/darpol.bydgoszcz.pl\/ru\/predlagaet\/podvizhnoj-sostav\/elektro-zapchasti\/vkluchatel-zcm2-zp1cm2\/#breadcrumb\",\"itemListElement\":[{\"@type\":\"ListItem\",\"position\":1,\"name\":\"Strona g\u0142\u00f3wna\",\"item\":\"https:\/\/darpol.bydgoszcz.pl\/ru\/\"},{\"@type\":\"ListItem\",\"position\":2,\"name\":\"Oferta\",\"item\":\"https:\/\/darpol.bydgoszcz.pl\/oferta\/\"},{\"@type\":\"ListItem\",\"position\":3,\"name\":\"\u0412\u043a\u043b\u044e\u0447\u0430\u0442\u0435\u043b\u0438 Zcm2 \u0438 ZP1cm2\"}]},{\"@type\":\"WebSite\",\"@id\":\"https:\/\/darpol.bydgoszcz.pl\/#website\",\"url\":\"https:\/\/darpol.bydgoszcz.pl\/\",\"name\":\"Darpol Bydgoszcz\",\"description\":\"\",\"potentialAction\":[{\"@type\":\"SearchAction\",\"target\":{\"@type\":\"EntryPoint\",\"urlTemplate\":\"https:\/\/darpol.bydgoszcz.pl\/?s={search_term_string}\"},\"query-input\":\"required name=search_term_string\"}],\"inLanguage\":\"ru-RU\"}]}<\/script>\n<!-- \/ Yoast SEO plugin. -->","yoast_head_json":{"title":"\u0412\u043a\u043b\u044e\u0447\u0430\u0442\u0435\u043b\u0438 Zcm2 \u0438 ZP1cm2","description":"\u0412\u043a\u043b\u044e\u0447\u0430\u0442\u0435\u043b\u0438 Zcm2 \u0438 ZP1cm2","robots":{"index":"index","follow":"follow","max-snippet":"max-snippet:-1","max-image-preview":"max-image-preview:large","max-video-preview":"max-video-preview:-1"},"canonical":"https:\/\/darpol.bydgoszcz.pl\/ru\/predlagaet\/podvizhnoj-sostav\/elektro-zapchasti\/vkluchatel-zcm2-zp1cm2\/","og_locale":"ru_RU","og_type":"article","og_title":"\u0412\u043a\u043b\u044e\u0447\u0430\u0442\u0435\u043b\u0438 Zcm2 \u0438 ZP1cm2","og_description":"\u0412\u043a\u043b\u044e\u0447\u0430\u0442\u0435\u043b\u0438 Zcm2 \u0438 ZP1cm2","og_url":"https:\/\/darpol.bydgoszcz.pl\/ru\/predlagaet\/podvizhnoj-sostav\/elektro-zapchasti\/vkluchatel-zcm2-zp1cm2\/","og_site_name":"Darpol Bydgoszcz","og_image":[{"width":448,"height":202,"url":"https:\/\/darpol.bydgoszcz.pl\/wp-content\/uploads\/234-366-wylacznik-zcm2-i-wylacznik-zp1cm2.jpg","type":"image\/jpeg"}],"twitter_card":"summary_large_image","schema":{"@context":"https:\/\/schema.org","@graph":[{"@type":"WebPage","@id":"https:\/\/darpol.bydgoszcz.pl\/ru\/predlagaet\/podvizhnoj-sostav\/elektro-zapchasti\/vkluchatel-zcm2-zp1cm2\/","url":"https:\/\/darpol.bydgoszcz.pl\/ru\/predlagaet\/podvizhnoj-sostav\/elektro-zapchasti\/vkluchatel-zcm2-zp1cm2\/","name":"\u0412\u043a\u043b\u044e\u0447\u0430\u0442\u0435\u043b\u0438 Zcm2 \u0438 ZP1cm2","isPartOf":{"@id":"https:\/\/darpol.bydgoszcz.pl\/#website"},"primaryImageOfPage":{"@id":"https:\/\/darpol.bydgoszcz.pl\/ru\/predlagaet\/podvizhnoj-sostav\/elektro-zapchasti\/vkluchatel-zcm2-zp1cm2\/#primaryimage"},"image":{"@id":"https:\/\/darpol.bydgoszcz.pl\/ru\/predlagaet\/podvizhnoj-sostav\/elektro-zapchasti\/vkluchatel-zcm2-zp1cm2\/#primaryimage"},"thumbnailUrl":"https:\/\/darpol.bydgoszcz.pl\/wp-content\/uploads\/234-366-wylacznik-zcm2-i-wylacznik-zp1cm2.jpg","datePublished":"2013-02-15T15:15:06+00:00","dateModified":"2013-02-15T15:15:06+00:00","description":"\u0412\u043a\u043b\u044e\u0447\u0430\u0442\u0435\u043b\u0438 Zcm2 \u0438 ZP1cm2","breadcrumb":{"@id":"https:\/\/darpol.bydgoszcz.pl\/ru\/predlagaet\/podvizhnoj-sostav\/elektro-zapchasti\/vkluchatel-zcm2-zp1cm2\/#breadcrumb"},"inLanguage":"ru-RU","potentialAction":[{"@type":"ReadAction","target":["https:\/\/darpol.bydgoszcz.pl\/ru\/predlagaet\/podvizhnoj-sostav\/elektro-zapchasti\/vkluchatel-zcm2-zp1cm2\/"]}]},{"@type":"ImageObject","inLanguage":"ru-RU","@id":"https:\/\/darpol.bydgoszcz.pl\/ru\/predlagaet\/podvizhnoj-sostav\/elektro-zapchasti\/vkluchatel-zcm2-zp1cm2\/#primaryimage","url":"https:\/\/darpol.bydgoszcz.pl\/wp-content\/uploads\/234-366-wylacznik-zcm2-i-wylacznik-zp1cm2.jpg","contentUrl":"https:\/\/darpol.bydgoszcz.pl\/wp-content\/uploads\/234-366-wylacznik-zcm2-i-wylacznik-zp1cm2.jpg","width":448,"height":202,"caption":"Wy\u0142\u0105cznik Zcm2 i wy\u0142\u0105cznik ZP1cm2"},{"@type":"BreadcrumbList","@id":"https:\/\/darpol.bydgoszcz.pl\/ru\/predlagaet\/podvizhnoj-sostav\/elektro-zapchasti\/vkluchatel-zcm2-zp1cm2\/#breadcrumb","itemListElement":[{"@type":"ListItem","position":1,"name":"Strona g\u0142\u00f3wna","item":"https:\/\/darpol.bydgoszcz.pl\/ru\/"},{"@type":"ListItem","position":2,"name":"Oferta","item":"https:\/\/darpol.bydgoszcz.pl\/oferta\/"},{"@type":"ListItem","position":3,"name":"\u0412\u043a\u043b\u044e\u0447\u0430\u0442\u0435\u043b\u0438 Zcm2 \u0438 ZP1cm2"}]},{"@type":"WebSite","@id":"https:\/\/darpol.bydgoszcz.pl\/#website","url":"https:\/\/darpol.bydgoszcz.pl\/","name":"Darpol Bydgoszcz","description":"","potentialAction":[{"@type":"SearchAction","target":{"@type":"EntryPoint","urlTemplate":"https:\/\/darpol.bydgoszcz.pl\/?s={search_term_string}"},"query-input":"required name=search_term_string"}],"inLanguage":"ru-RU"}]}},"_links":{"self":[{"href":"https:\/\/darpol.bydgoszcz.pl\/ru\/wp-json\/wp\/v2\/product\/7715","targetHints":{"allow":["GET"]}}],"collection":[{"href":"https:\/\/darpol.bydgoszcz.pl\/ru\/wp-json\/wp\/v2\/product"}],"about":[{"href":"https:\/\/darpol.bydgoszcz.pl\/ru\/wp-json\/wp\/v2\/types\/product"}],"wp:featuredmedia":[{"embeddable":true,"href":"https:\/\/darpol.bydgoszcz.pl\/ru\/wp-json\/wp\/v2\/media\/7714"}],"wp:attachment":[{"href":"https:\/\/darpol.bydgoszcz.pl\/ru\/wp-json\/wp\/v2\/media?parent=7715"}],"wp:term":[{"taxonomy":"product_cat","embeddable":true,"href":"https:\/\/darpol.bydgoszcz.pl\/ru\/wp-json\/wp\/v2\/product_cat?post=7715"},{"taxonomy":"product_tag","embeddable":true,"href":"https:\/\/darpol.bydgoszcz.pl\/ru\/wp-json\/wp\/v2\/product_tag?post=7715"}],"curies":[{"name":"wp","href":"https:\/\/api.w.org\/{rel}","templated":true}]}}