{"id":7631,"date":"2013-02-15T14:47:52","date_gmt":"2013-02-15T13:47:52","guid":{"rendered":"http:\/\/darpol.bydgoszcz.pl\/sklep\/elektro-zapchasti\/plastinka-upravljajuschego-modulja-dl-o-10-030-52\/"},"modified":"2013-02-15T14:47:52","modified_gmt":"2013-02-15T13:47:52","slug":"plastinka-upravljajuschego-modulja-dl-o-10-030-52","status":"publish","type":"product","link":"https:\/\/darpol.bydgoszcz.pl\/ru\/predlagaet\/podvizhnoj-sostav\/elektro-zapchasti\/plastinka-upravljajuschego-modulja-dl-o-10-030-52\/","title":{"rendered":"\u041f\u043b\u0430\u0441\u0442\u0438\u043d\u043a\u0430 \u0443\u043f\u0440\u0430\u0432\u043b\u044f\u044e\u0449\u0435\u0433\u043e \u043c\u043e\u0434\u0443\u043b\u044c\u044f \u043a\u0443\u043b\u0430\u0447\u043d\u043e\u0433\u043e \u0432\u0430\u043b\u0430 DL-O 10 030-52"},"content":{"rendered":"<p><span style=\"text-decoration: underline;\"><span style=\"color: #333333;\">\u0423\u043f\u043e\u0442\u0440\u0435\u0431\u043b\u0435\u043d\u0438\u0435:<\/span><\/span><\/p>\n<p><span style=\"color: #333333;\">\u044d\u043b\u0435\u043a\u0442\u0440\u043e\u043f\u043e\u0435\u0437\u0434\u0430, \u043b\u043e\u043a\u043e\u043c\u043e\u0442\u0438\u0432\u044b<\/span><\/p>\n<div style=\"clear:both\"><a href=\"javascript:window.print()\"><i class=\"fa fa-print\" aria-hidden=\"true\"><\/i> \u043f\u0435\u0447\u0430\u0442\u044c<\/a><\/div>","protected":false},"excerpt":{"rendered":"<p>\u0423\u043f\u043e\u0442\u0440\u0435\u0431\u043b\u0435\u043d\u0438\u0435: \u044d\u043b\u0435\u043a\u0442\u0440\u043e\u043f\u043e\u0435\u0437\u0434\u0430, \u043b\u043e\u043a\u043e\u043c\u043e\u0442\u0438\u0432\u044b \u043f\u0435\u0447\u0430\u0442\u044c<\/p>\n","protected":false},"featured_media":7630,"template":"","meta":{"om_disable_all_campaigns":false,"_monsterinsights_skip_tracking":false,"_monsterinsights_sitenote_active":false,"_monsterinsights_sitenote_note":"","_monsterinsights_sitenote_category":0,"_uf_show_specific_survey":0,"_uf_disable_surveys":false},"product_cat":[305,329,335],"product_tag":[1026,5278,1023,1036,5297,392,5299,1038,525,3288,641,1034,5293,1035,5295,3523,1037,969],"class_list":{"0":"post-7631","1":"product","2":"type-product","3":"status-publish","4":"has-post-thumbnail","6":"product_cat-elektro-zapchasti","7":"product_cat-elektrovozy-i-teplovozy","8":"product_cat-elektrodizelpoezda","9":"product_tag-cs","10":"product_tag-cs-ru","11":"product_tag-czlon","12":"product_tag-czlon-sterujacy","13":"product_tag-czlon-sterujacy-ru","14":"product_tag-darpol","15":"product_tag-dl-010-030-52-ru","16":"product_tag-dl-010-030-52","17":"product_tag-ezt","18":"product_tag-ezt-ru","19":"product_tag-lokomotywy","20":"product_tag-plytka","21":"product_tag-plytka-ru","22":"product_tag-plytka-elektroniczna","23":"product_tag-plytka-elektroniczna-ru","24":"product_tag-sterowanie-ru","25":"product_tag-sterowanie","26":"product_tag-wal-kulakowy","28":"first","29":"instock","30":"shipping-taxable","31":"purchasable","32":"product-type-simple"},"yoast_head":"<!-- This site is optimized with the Yoast SEO plugin v23.0 - https:\/\/yoast.com\/wordpress\/plugins\/seo\/ -->\n<title>\u041f\u043b\u0430\u0441\u0442\u0438\u043d\u043a\u0430 \u0443\u043f\u0440\u0430\u0432\u043b\u044f\u044e\u0449\u0435\u0433\u043e \u043c\u043e\u0434\u0443\u043b\u044c\u044f \u043a\u0443\u043b\u0430\u0447\u043d\u043e\u0433\u043e \u0432\u0430\u043b\u0430 DL-O 10 030-52<\/title>\n<meta name=\"description\" content=\"\u041f\u043b\u0430\u0441\u0442\u0438\u043d\u043a\u0430 \u0443\u043f\u0440\u0430\u0432\u043b\u044f\u044e\u0449\u0435\u0433\u043e \u043c\u043e\u0434\u0443\u043b\u044c\u044f \u043a\u0443\u043b\u0430\u0447\u043d\u043e\u0433\u043e \u0432\u0430\u043b\u0430 DL-O 10 030-52\" \/>\n<meta name=\"robots\" content=\"index, follow, max-snippet:-1, max-image-preview:large, max-video-preview:-1\" \/>\n<link rel=\"canonical\" href=\"https:\/\/darpol.bydgoszcz.pl\/ru\/predlagaet\/podvizhnoj-sostav\/elektro-zapchasti\/plastinka-upravljajuschego-modulja-dl-o-10-030-52\/\" \/>\n<meta property=\"og:locale\" content=\"ru_RU\" \/>\n<meta property=\"og:type\" content=\"article\" \/>\n<meta property=\"og:title\" content=\"\u041f\u043b\u0430\u0441\u0442\u0438\u043d\u043a\u0430 \u0443\u043f\u0440\u0430\u0432\u043b\u044f\u044e\u0449\u0435\u0433\u043e \u043c\u043e\u0434\u0443\u043b\u044c\u044f \u043a\u0443\u043b\u0430\u0447\u043d\u043e\u0433\u043e \u0432\u0430\u043b\u0430 DL-O 10 030-52\" \/>\n<meta property=\"og:description\" content=\"\u041f\u043b\u0430\u0441\u0442\u0438\u043d\u043a\u0430 \u0443\u043f\u0440\u0430\u0432\u043b\u044f\u044e\u0449\u0435\u0433\u043e \u043c\u043e\u0434\u0443\u043b\u044c\u044f \u043a\u0443\u043b\u0430\u0447\u043d\u043e\u0433\u043e \u0432\u0430\u043b\u0430 DL-O 10 030-52\" \/>\n<meta property=\"og:url\" content=\"https:\/\/darpol.bydgoszcz.pl\/ru\/predlagaet\/podvizhnoj-sostav\/elektro-zapchasti\/plastinka-upravljajuschego-modulja-dl-o-10-030-52\/\" \/>\n<meta property=\"og:site_name\" content=\"Darpol Bydgoszcz\" \/>\n<meta property=\"og:image\" content=\"https:\/\/darpol.bydgoszcz.pl\/wp-content\/uploads\/227-358-plytka-modulu-sterujacego-walu-kulakowego-dl-o-10-030-52.jpg\" \/>\n\t<meta property=\"og:image:width\" content=\"448\" \/>\n\t<meta property=\"og:image:height\" content=\"238\" \/>\n\t<meta property=\"og:image:type\" content=\"image\/jpeg\" \/>\n<meta name=\"twitter:card\" content=\"summary_large_image\" \/>\n<script type=\"application\/ld+json\" class=\"yoast-schema-graph\">{\"@context\":\"https:\/\/schema.org\",\"@graph\":[{\"@type\":\"WebPage\",\"@id\":\"https:\/\/darpol.bydgoszcz.pl\/ru\/predlagaet\/podvizhnoj-sostav\/elektro-zapchasti\/plastinka-upravljajuschego-modulja-dl-o-10-030-52\/\",\"url\":\"https:\/\/darpol.bydgoszcz.pl\/ru\/predlagaet\/podvizhnoj-sostav\/elektro-zapchasti\/plastinka-upravljajuschego-modulja-dl-o-10-030-52\/\",\"name\":\"\u041f\u043b\u0430\u0441\u0442\u0438\u043d\u043a\u0430 \u0443\u043f\u0440\u0430\u0432\u043b\u044f\u044e\u0449\u0435\u0433\u043e \u043c\u043e\u0434\u0443\u043b\u044c\u044f \u043a\u0443\u043b\u0430\u0447\u043d\u043e\u0433\u043e \u0432\u0430\u043b\u0430 DL-O 10 030-52\",\"isPartOf\":{\"@id\":\"https:\/\/darpol.bydgoszcz.pl\/#website\"},\"primaryImageOfPage\":{\"@id\":\"https:\/\/darpol.bydgoszcz.pl\/ru\/predlagaet\/podvizhnoj-sostav\/elektro-zapchasti\/plastinka-upravljajuschego-modulja-dl-o-10-030-52\/#primaryimage\"},\"image\":{\"@id\":\"https:\/\/darpol.bydgoszcz.pl\/ru\/predlagaet\/podvizhnoj-sostav\/elektro-zapchasti\/plastinka-upravljajuschego-modulja-dl-o-10-030-52\/#primaryimage\"},\"thumbnailUrl\":\"https:\/\/darpol.bydgoszcz.pl\/wp-content\/uploads\/227-358-plytka-modulu-sterujacego-walu-kulakowego-dl-o-10-030-52.jpg\",\"datePublished\":\"2013-02-15T13:47:52+00:00\",\"dateModified\":\"2013-02-15T13:47:52+00:00\",\"description\":\"\u041f\u043b\u0430\u0441\u0442\u0438\u043d\u043a\u0430 \u0443\u043f\u0440\u0430\u0432\u043b\u044f\u044e\u0449\u0435\u0433\u043e \u043c\u043e\u0434\u0443\u043b\u044c\u044f \u043a\u0443\u043b\u0430\u0447\u043d\u043e\u0433\u043e \u0432\u0430\u043b\u0430 DL-O 10 030-52\",\"breadcrumb\":{\"@id\":\"https:\/\/darpol.bydgoszcz.pl\/ru\/predlagaet\/podvizhnoj-sostav\/elektro-zapchasti\/plastinka-upravljajuschego-modulja-dl-o-10-030-52\/#breadcrumb\"},\"inLanguage\":\"ru-RU\",\"potentialAction\":[{\"@type\":\"ReadAction\",\"target\":[\"https:\/\/darpol.bydgoszcz.pl\/ru\/predlagaet\/podvizhnoj-sostav\/elektro-zapchasti\/plastinka-upravljajuschego-modulja-dl-o-10-030-52\/\"]}]},{\"@type\":\"ImageObject\",\"inLanguage\":\"ru-RU\",\"@id\":\"https:\/\/darpol.bydgoszcz.pl\/ru\/predlagaet\/podvizhnoj-sostav\/elektro-zapchasti\/plastinka-upravljajuschego-modulja-dl-o-10-030-52\/#primaryimage\",\"url\":\"https:\/\/darpol.bydgoszcz.pl\/wp-content\/uploads\/227-358-plytka-modulu-sterujacego-walu-kulakowego-dl-o-10-030-52.jpg\",\"contentUrl\":\"https:\/\/darpol.bydgoszcz.pl\/wp-content\/uploads\/227-358-plytka-modulu-sterujacego-walu-kulakowego-dl-o-10-030-52.jpg\",\"width\":448,\"height\":238,\"caption\":\"P\u0142ytka modu\u0142u steruj\u0105cego wa\u0142u ku\u0142akowego DL-O 10 030-52\"},{\"@type\":\"BreadcrumbList\",\"@id\":\"https:\/\/darpol.bydgoszcz.pl\/ru\/predlagaet\/podvizhnoj-sostav\/elektro-zapchasti\/plastinka-upravljajuschego-modulja-dl-o-10-030-52\/#breadcrumb\",\"itemListElement\":[{\"@type\":\"ListItem\",\"position\":1,\"name\":\"Strona g\u0142\u00f3wna\",\"item\":\"https:\/\/darpol.bydgoszcz.pl\/ru\/\"},{\"@type\":\"ListItem\",\"position\":2,\"name\":\"Oferta\",\"item\":\"https:\/\/darpol.bydgoszcz.pl\/oferta\/\"},{\"@type\":\"ListItem\",\"position\":3,\"name\":\"\u041f\u043b\u0430\u0441\u0442\u0438\u043d\u043a\u0430 \u0443\u043f\u0440\u0430\u0432\u043b\u044f\u044e\u0449\u0435\u0433\u043e \u043c\u043e\u0434\u0443\u043b\u044c\u044f \u043a\u0443\u043b\u0430\u0447\u043d\u043e\u0433\u043e \u0432\u0430\u043b\u0430 DL-O 10 030-52\"}]},{\"@type\":\"WebSite\",\"@id\":\"https:\/\/darpol.bydgoszcz.pl\/#website\",\"url\":\"https:\/\/darpol.bydgoszcz.pl\/\",\"name\":\"Darpol Bydgoszcz\",\"description\":\"\",\"potentialAction\":[{\"@type\":\"SearchAction\",\"target\":{\"@type\":\"EntryPoint\",\"urlTemplate\":\"https:\/\/darpol.bydgoszcz.pl\/?s={search_term_string}\"},\"query-input\":\"required name=search_term_string\"}],\"inLanguage\":\"ru-RU\"}]}<\/script>\n<!-- \/ Yoast SEO plugin. -->","yoast_head_json":{"title":"\u041f\u043b\u0430\u0441\u0442\u0438\u043d\u043a\u0430 \u0443\u043f\u0440\u0430\u0432\u043b\u044f\u044e\u0449\u0435\u0433\u043e \u043c\u043e\u0434\u0443\u043b\u044c\u044f \u043a\u0443\u043b\u0430\u0447\u043d\u043e\u0433\u043e \u0432\u0430\u043b\u0430 DL-O 10 030-52","description":"\u041f\u043b\u0430\u0441\u0442\u0438\u043d\u043a\u0430 \u0443\u043f\u0440\u0430\u0432\u043b\u044f\u044e\u0449\u0435\u0433\u043e \u043c\u043e\u0434\u0443\u043b\u044c\u044f \u043a\u0443\u043b\u0430\u0447\u043d\u043e\u0433\u043e \u0432\u0430\u043b\u0430 DL-O 10 030-52","robots":{"index":"index","follow":"follow","max-snippet":"max-snippet:-1","max-image-preview":"max-image-preview:large","max-video-preview":"max-video-preview:-1"},"canonical":"https:\/\/darpol.bydgoszcz.pl\/ru\/predlagaet\/podvizhnoj-sostav\/elektro-zapchasti\/plastinka-upravljajuschego-modulja-dl-o-10-030-52\/","og_locale":"ru_RU","og_type":"article","og_title":"\u041f\u043b\u0430\u0441\u0442\u0438\u043d\u043a\u0430 \u0443\u043f\u0440\u0430\u0432\u043b\u044f\u044e\u0449\u0435\u0433\u043e \u043c\u043e\u0434\u0443\u043b\u044c\u044f \u043a\u0443\u043b\u0430\u0447\u043d\u043e\u0433\u043e \u0432\u0430\u043b\u0430 DL-O 10 030-52","og_description":"\u041f\u043b\u0430\u0441\u0442\u0438\u043d\u043a\u0430 \u0443\u043f\u0440\u0430\u0432\u043b\u044f\u044e\u0449\u0435\u0433\u043e \u043c\u043e\u0434\u0443\u043b\u044c\u044f \u043a\u0443\u043b\u0430\u0447\u043d\u043e\u0433\u043e \u0432\u0430\u043b\u0430 DL-O 10 030-52","og_url":"https:\/\/darpol.bydgoszcz.pl\/ru\/predlagaet\/podvizhnoj-sostav\/elektro-zapchasti\/plastinka-upravljajuschego-modulja-dl-o-10-030-52\/","og_site_name":"Darpol Bydgoszcz","og_image":[{"width":448,"height":238,"url":"https:\/\/darpol.bydgoszcz.pl\/wp-content\/uploads\/227-358-plytka-modulu-sterujacego-walu-kulakowego-dl-o-10-030-52.jpg","type":"image\/jpeg"}],"twitter_card":"summary_large_image","schema":{"@context":"https:\/\/schema.org","@graph":[{"@type":"WebPage","@id":"https:\/\/darpol.bydgoszcz.pl\/ru\/predlagaet\/podvizhnoj-sostav\/elektro-zapchasti\/plastinka-upravljajuschego-modulja-dl-o-10-030-52\/","url":"https:\/\/darpol.bydgoszcz.pl\/ru\/predlagaet\/podvizhnoj-sostav\/elektro-zapchasti\/plastinka-upravljajuschego-modulja-dl-o-10-030-52\/","name":"\u041f\u043b\u0430\u0441\u0442\u0438\u043d\u043a\u0430 \u0443\u043f\u0440\u0430\u0432\u043b\u044f\u044e\u0449\u0435\u0433\u043e \u043c\u043e\u0434\u0443\u043b\u044c\u044f \u043a\u0443\u043b\u0430\u0447\u043d\u043e\u0433\u043e \u0432\u0430\u043b\u0430 DL-O 10 030-52","isPartOf":{"@id":"https:\/\/darpol.bydgoszcz.pl\/#website"},"primaryImageOfPage":{"@id":"https:\/\/darpol.bydgoszcz.pl\/ru\/predlagaet\/podvizhnoj-sostav\/elektro-zapchasti\/plastinka-upravljajuschego-modulja-dl-o-10-030-52\/#primaryimage"},"image":{"@id":"https:\/\/darpol.bydgoszcz.pl\/ru\/predlagaet\/podvizhnoj-sostav\/elektro-zapchasti\/plastinka-upravljajuschego-modulja-dl-o-10-030-52\/#primaryimage"},"thumbnailUrl":"https:\/\/darpol.bydgoszcz.pl\/wp-content\/uploads\/227-358-plytka-modulu-sterujacego-walu-kulakowego-dl-o-10-030-52.jpg","datePublished":"2013-02-15T13:47:52+00:00","dateModified":"2013-02-15T13:47:52+00:00","description":"\u041f\u043b\u0430\u0441\u0442\u0438\u043d\u043a\u0430 \u0443\u043f\u0440\u0430\u0432\u043b\u044f\u044e\u0449\u0435\u0433\u043e \u043c\u043e\u0434\u0443\u043b\u044c\u044f \u043a\u0443\u043b\u0430\u0447\u043d\u043e\u0433\u043e \u0432\u0430\u043b\u0430 DL-O 10 030-52","breadcrumb":{"@id":"https:\/\/darpol.bydgoszcz.pl\/ru\/predlagaet\/podvizhnoj-sostav\/elektro-zapchasti\/plastinka-upravljajuschego-modulja-dl-o-10-030-52\/#breadcrumb"},"inLanguage":"ru-RU","potentialAction":[{"@type":"ReadAction","target":["https:\/\/darpol.bydgoszcz.pl\/ru\/predlagaet\/podvizhnoj-sostav\/elektro-zapchasti\/plastinka-upravljajuschego-modulja-dl-o-10-030-52\/"]}]},{"@type":"ImageObject","inLanguage":"ru-RU","@id":"https:\/\/darpol.bydgoszcz.pl\/ru\/predlagaet\/podvizhnoj-sostav\/elektro-zapchasti\/plastinka-upravljajuschego-modulja-dl-o-10-030-52\/#primaryimage","url":"https:\/\/darpol.bydgoszcz.pl\/wp-content\/uploads\/227-358-plytka-modulu-sterujacego-walu-kulakowego-dl-o-10-030-52.jpg","contentUrl":"https:\/\/darpol.bydgoszcz.pl\/wp-content\/uploads\/227-358-plytka-modulu-sterujacego-walu-kulakowego-dl-o-10-030-52.jpg","width":448,"height":238,"caption":"P\u0142ytka modu\u0142u steruj\u0105cego wa\u0142u ku\u0142akowego DL-O 10 030-52"},{"@type":"BreadcrumbList","@id":"https:\/\/darpol.bydgoszcz.pl\/ru\/predlagaet\/podvizhnoj-sostav\/elektro-zapchasti\/plastinka-upravljajuschego-modulja-dl-o-10-030-52\/#breadcrumb","itemListElement":[{"@type":"ListItem","position":1,"name":"Strona g\u0142\u00f3wna","item":"https:\/\/darpol.bydgoszcz.pl\/ru\/"},{"@type":"ListItem","position":2,"name":"Oferta","item":"https:\/\/darpol.bydgoszcz.pl\/oferta\/"},{"@type":"ListItem","position":3,"name":"\u041f\u043b\u0430\u0441\u0442\u0438\u043d\u043a\u0430 \u0443\u043f\u0440\u0430\u0432\u043b\u044f\u044e\u0449\u0435\u0433\u043e \u043c\u043e\u0434\u0443\u043b\u044c\u044f \u043a\u0443\u043b\u0430\u0447\u043d\u043e\u0433\u043e \u0432\u0430\u043b\u0430 DL-O 10 030-52"}]},{"@type":"WebSite","@id":"https:\/\/darpol.bydgoszcz.pl\/#website","url":"https:\/\/darpol.bydgoszcz.pl\/","name":"Darpol Bydgoszcz","description":"","potentialAction":[{"@type":"SearchAction","target":{"@type":"EntryPoint","urlTemplate":"https:\/\/darpol.bydgoszcz.pl\/?s={search_term_string}"},"query-input":"required name=search_term_string"}],"inLanguage":"ru-RU"}]}},"_links":{"self":[{"href":"https:\/\/darpol.bydgoszcz.pl\/ru\/wp-json\/wp\/v2\/product\/7631","targetHints":{"allow":["GET"]}}],"collection":[{"href":"https:\/\/darpol.bydgoszcz.pl\/ru\/wp-json\/wp\/v2\/product"}],"about":[{"href":"https:\/\/darpol.bydgoszcz.pl\/ru\/wp-json\/wp\/v2\/types\/product"}],"wp:featuredmedia":[{"embeddable":true,"href":"https:\/\/darpol.bydgoszcz.pl\/ru\/wp-json\/wp\/v2\/media\/7630"}],"wp:attachment":[{"href":"https:\/\/darpol.bydgoszcz.pl\/ru\/wp-json\/wp\/v2\/media?parent=7631"}],"wp:term":[{"taxonomy":"product_cat","embeddable":true,"href":"https:\/\/darpol.bydgoszcz.pl\/ru\/wp-json\/wp\/v2\/product_cat?post=7631"},{"taxonomy":"product_tag","embeddable":true,"href":"https:\/\/darpol.bydgoszcz.pl\/ru\/wp-json\/wp\/v2\/product_tag?post=7631"}],"curies":[{"name":"wp","href":"https:\/\/api.w.org\/{rel}","templated":true}]}}