{"id":7607,"date":"2013-02-15T14:27:58","date_gmt":"2013-02-15T13:27:58","guid":{"rendered":"http:\/\/darpol.bydgoszcz.pl\/sklep\/elektro-zapchasti\/upravlyayuschiy-modul-cs-330-dl-o-10-030-00\/"},"modified":"2013-02-15T14:27:58","modified_gmt":"2013-02-15T13:27:58","slug":"upravlyayuschiy-modul-cs-330-dl-o-10-030-00","status":"publish","type":"product","link":"https:\/\/darpol.bydgoszcz.pl\/ru\/predlagaet\/podvizhnoj-sostav\/elektro-zapchasti\/upravlyayuschiy-modul-cs-330-dl-o-10-030-00\/","title":{"rendered":"\u0423\u043f\u0440\u0430\u0432\u043b\u044f\u044e\u0449\u0438\u0439 \u043c\u043e\u0434\u0443\u043b\u044c \u043a\u0443\u043b\u0430\u0447\u043d\u043e\u0433\u043e \u0432\u0430\u043b\u0430 (\u0437\u0430\u043c. CS 330)  DL-O 10 030-00"},"content":{"rendered":"<p><span style=\"text-decoration: underline;\">\u0423\u043f\u043e\u0442\u0440\u0435\u0431\u043b\u0435\u043d\u0438\u0435:<\/span><\/p>\n<p>\u044d\u043b\u0435\u043a\u0442\u0440\u043e\u043f\u043e\u0435\u0437\u0434\u0430, \u043b\u043e\u043a\u043e\u043c\u043e\u0442\u0438\u0432\u044b.<\/p>\n<div style=\"clear:both\"><a href=\"javascript:window.print()\"><i class=\"fa fa-print\" aria-hidden=\"true\"><\/i> \u043f\u0435\u0447\u0430\u0442\u044c<\/a><\/div>","protected":false},"excerpt":{"rendered":"<p>\u0423\u043f\u043e\u0442\u0440\u0435\u0431\u043b\u0435\u043d\u0438\u0435: \u044d\u043b\u0435\u043a\u0442\u0440\u043e\u043f\u043e\u0435\u0437\u0434\u0430, \u043b\u043e\u043a\u043e\u043c\u043e\u0442\u0438\u0432\u044b. \u043f\u0435\u0447\u0430\u0442\u044c<\/p>\n","protected":false},"featured_media":7606,"template":"","meta":{"om_disable_all_campaigns":false,"_monsterinsights_skip_tracking":false,"_monsterinsights_sitenote_active":false,"_monsterinsights_sitenote_note":"","_monsterinsights_sitenote_category":0,"_uf_show_specific_survey":0,"_uf_disable_surveys":false},"product_cat":[305,329,335],"product_tag":[5278,1026,5276,1025,5280,1027,1023,392,5284,1029,5282,1028,525,3288,1022,641,1020,1019,5274,1024,1021],"class_list":{"0":"post-7607","1":"product","2":"type-product","3":"status-publish","4":"has-post-thumbnail","6":"product_cat-elektro-zapchasti","7":"product_cat-elektrovozy-i-teplovozy","8":"product_cat-elektrodizelpoezda","9":"product_tag-cs-ru","10":"product_tag-cs","11":"product_tag-cs-330-ru","12":"product_tag-cs-330","13":"product_tag-cs330-ru","14":"product_tag-cs330","15":"product_tag-czlon","16":"product_tag-darpol","17":"product_tag-dl-0-10-030-00-ru","18":"product_tag-dl-0-10-030-00","19":"product_tag-dl-o-10-030-00-ru","20":"product_tag-dl-o-10-030-00","21":"product_tag-ezt","22":"product_tag-ezt-ru","23":"product_tag-kulakowy","24":"product_tag-lokomotywy","25":"product_tag-modul","26":"product_tag-modul-sterujacy","27":"product_tag-sterujacy-ru","28":"product_tag-sterujacy","29":"product_tag-wal","31":"first","32":"instock","33":"shipping-taxable","34":"purchasable","35":"product-type-simple"},"yoast_head":"<!-- This site is optimized with the Yoast SEO plugin v23.0 - https:\/\/yoast.com\/wordpress\/plugins\/seo\/ -->\n<title>\u0423\u043f\u0440\u0430\u0432\u043b\u044f\u044e\u0449\u0438\u0439 \u043c\u043e\u0434\u0443\u043b\u044c \u043a\u0443\u043b\u0430\u0447\u043d\u043e\u0433\u043e \u0432\u0430\u043b\u0430 DL-O 10 030-00<\/title>\n<meta name=\"description\" content=\"\u0423\u043f\u0440\u0430\u0432\u043b\u044f\u044e\u0449\u0438\u0439 \u043c\u043e\u0434\u0443\u043b\u044c \u043a\u0443\u043b\u0430\u0447\u043d\u043e\u0433\u043e \u0432\u0430\u043b\u0430 (\u0437\u0430\u043c. CS 330) DL-O 10 030-00\" \/>\n<meta name=\"robots\" content=\"index, follow, max-snippet:-1, max-image-preview:large, max-video-preview:-1\" \/>\n<link rel=\"canonical\" href=\"https:\/\/darpol.bydgoszcz.pl\/ru\/predlagaet\/podvizhnoj-sostav\/elektro-zapchasti\/upravlyayuschiy-modul-cs-330-dl-o-10-030-00\/\" \/>\n<meta property=\"og:locale\" content=\"ru_RU\" \/>\n<meta property=\"og:type\" content=\"article\" \/>\n<meta property=\"og:title\" content=\"\u0423\u043f\u0440\u0430\u0432\u043b\u044f\u044e\u0449\u0438\u0439 \u043c\u043e\u0434\u0443\u043b\u044c \u043a\u0443\u043b\u0430\u0447\u043d\u043e\u0433\u043e \u0432\u0430\u043b\u0430 DL-O 10 030-00\" \/>\n<meta property=\"og:description\" content=\"\u0423\u043f\u0440\u0430\u0432\u043b\u044f\u044e\u0449\u0438\u0439 \u043c\u043e\u0434\u0443\u043b\u044c \u043a\u0443\u043b\u0430\u0447\u043d\u043e\u0433\u043e \u0432\u0430\u043b\u0430 (\u0437\u0430\u043c. CS 330) DL-O 10 030-00\" \/>\n<meta property=\"og:url\" content=\"https:\/\/darpol.bydgoszcz.pl\/ru\/predlagaet\/podvizhnoj-sostav\/elektro-zapchasti\/upravlyayuschiy-modul-cs-330-dl-o-10-030-00\/\" \/>\n<meta property=\"og:site_name\" content=\"Darpol Bydgoszcz\" \/>\n<meta property=\"og:image\" content=\"https:\/\/darpol.bydgoszcz.pl\/wp-content\/uploads\/225-356-modul-sterujacy-walu-kulakowego-dar-330-odp-czlon-sterujacy-cs-dl-o-10-030-00.jpg\" \/>\n\t<meta property=\"og:image:width\" content=\"2139\" \/>\n\t<meta property=\"og:image:height\" content=\"714\" \/>\n\t<meta property=\"og:image:type\" content=\"image\/jpeg\" \/>\n<meta name=\"twitter:card\" content=\"summary_large_image\" \/>\n<script type=\"application\/ld+json\" class=\"yoast-schema-graph\">{\"@context\":\"https:\/\/schema.org\",\"@graph\":[{\"@type\":\"WebPage\",\"@id\":\"https:\/\/darpol.bydgoszcz.pl\/ru\/predlagaet\/podvizhnoj-sostav\/elektro-zapchasti\/upravlyayuschiy-modul-cs-330-dl-o-10-030-00\/\",\"url\":\"https:\/\/darpol.bydgoszcz.pl\/ru\/predlagaet\/podvizhnoj-sostav\/elektro-zapchasti\/upravlyayuschiy-modul-cs-330-dl-o-10-030-00\/\",\"name\":\"\u0423\u043f\u0440\u0430\u0432\u043b\u044f\u044e\u0449\u0438\u0439 \u043c\u043e\u0434\u0443\u043b\u044c \u043a\u0443\u043b\u0430\u0447\u043d\u043e\u0433\u043e \u0432\u0430\u043b\u0430 DL-O 10 030-00\",\"isPartOf\":{\"@id\":\"https:\/\/darpol.bydgoszcz.pl\/#website\"},\"primaryImageOfPage\":{\"@id\":\"https:\/\/darpol.bydgoszcz.pl\/ru\/predlagaet\/podvizhnoj-sostav\/elektro-zapchasti\/upravlyayuschiy-modul-cs-330-dl-o-10-030-00\/#primaryimage\"},\"image\":{\"@id\":\"https:\/\/darpol.bydgoszcz.pl\/ru\/predlagaet\/podvizhnoj-sostav\/elektro-zapchasti\/upravlyayuschiy-modul-cs-330-dl-o-10-030-00\/#primaryimage\"},\"thumbnailUrl\":\"https:\/\/darpol.bydgoszcz.pl\/wp-content\/uploads\/225-356-modul-sterujacy-walu-kulakowego-dar-330-odp-czlon-sterujacy-cs-dl-o-10-030-00.jpg\",\"datePublished\":\"2013-02-15T13:27:58+00:00\",\"dateModified\":\"2013-02-15T13:27:58+00:00\",\"description\":\"\u0423\u043f\u0440\u0430\u0432\u043b\u044f\u044e\u0449\u0438\u0439 \u043c\u043e\u0434\u0443\u043b\u044c \u043a\u0443\u043b\u0430\u0447\u043d\u043e\u0433\u043e \u0432\u0430\u043b\u0430 (\u0437\u0430\u043c. CS 330) DL-O 10 030-00\",\"breadcrumb\":{\"@id\":\"https:\/\/darpol.bydgoszcz.pl\/ru\/predlagaet\/podvizhnoj-sostav\/elektro-zapchasti\/upravlyayuschiy-modul-cs-330-dl-o-10-030-00\/#breadcrumb\"},\"inLanguage\":\"ru-RU\",\"potentialAction\":[{\"@type\":\"ReadAction\",\"target\":[\"https:\/\/darpol.bydgoszcz.pl\/ru\/predlagaet\/podvizhnoj-sostav\/elektro-zapchasti\/upravlyayuschiy-modul-cs-330-dl-o-10-030-00\/\"]}]},{\"@type\":\"ImageObject\",\"inLanguage\":\"ru-RU\",\"@id\":\"https:\/\/darpol.bydgoszcz.pl\/ru\/predlagaet\/podvizhnoj-sostav\/elektro-zapchasti\/upravlyayuschiy-modul-cs-330-dl-o-10-030-00\/#primaryimage\",\"url\":\"https:\/\/darpol.bydgoszcz.pl\/wp-content\/uploads\/225-356-modul-sterujacy-walu-kulakowego-dar-330-odp-czlon-sterujacy-cs-dl-o-10-030-00.jpg\",\"contentUrl\":\"https:\/\/darpol.bydgoszcz.pl\/wp-content\/uploads\/225-356-modul-sterujacy-walu-kulakowego-dar-330-odp-czlon-sterujacy-cs-dl-o-10-030-00.jpg\",\"width\":2139,\"height\":714,\"caption\":\"Modu\u0142 steruj\u0105cy wa\u0142u ku\u0142akowego DAR-330 (odp. cz\u0142on steruj\u0105cy CS) DL-O 10 030-00\"},{\"@type\":\"BreadcrumbList\",\"@id\":\"https:\/\/darpol.bydgoszcz.pl\/ru\/predlagaet\/podvizhnoj-sostav\/elektro-zapchasti\/upravlyayuschiy-modul-cs-330-dl-o-10-030-00\/#breadcrumb\",\"itemListElement\":[{\"@type\":\"ListItem\",\"position\":1,\"name\":\"Strona g\u0142\u00f3wna\",\"item\":\"https:\/\/darpol.bydgoszcz.pl\/ru\/\"},{\"@type\":\"ListItem\",\"position\":2,\"name\":\"Oferta\",\"item\":\"https:\/\/darpol.bydgoszcz.pl\/oferta\/\"},{\"@type\":\"ListItem\",\"position\":3,\"name\":\"\u0423\u043f\u0440\u0430\u0432\u043b\u044f\u044e\u0449\u0438\u0439 \u043c\u043e\u0434\u0443\u043b\u044c \u043a\u0443\u043b\u0430\u0447\u043d\u043e\u0433\u043e \u0432\u0430\u043b\u0430 (\u0437\u0430\u043c. CS 330) DL-O 10 030-00\"}]},{\"@type\":\"WebSite\",\"@id\":\"https:\/\/darpol.bydgoszcz.pl\/#website\",\"url\":\"https:\/\/darpol.bydgoszcz.pl\/\",\"name\":\"Darpol Bydgoszcz\",\"description\":\"\",\"potentialAction\":[{\"@type\":\"SearchAction\",\"target\":{\"@type\":\"EntryPoint\",\"urlTemplate\":\"https:\/\/darpol.bydgoszcz.pl\/?s={search_term_string}\"},\"query-input\":\"required name=search_term_string\"}],\"inLanguage\":\"ru-RU\"}]}<\/script>\n<!-- \/ Yoast SEO plugin. -->","yoast_head_json":{"title":"\u0423\u043f\u0440\u0430\u0432\u043b\u044f\u044e\u0449\u0438\u0439 \u043c\u043e\u0434\u0443\u043b\u044c \u043a\u0443\u043b\u0430\u0447\u043d\u043e\u0433\u043e \u0432\u0430\u043b\u0430 DL-O 10 030-00","description":"\u0423\u043f\u0440\u0430\u0432\u043b\u044f\u044e\u0449\u0438\u0439 \u043c\u043e\u0434\u0443\u043b\u044c \u043a\u0443\u043b\u0430\u0447\u043d\u043e\u0433\u043e \u0432\u0430\u043b\u0430 (\u0437\u0430\u043c. CS 330) DL-O 10 030-00","robots":{"index":"index","follow":"follow","max-snippet":"max-snippet:-1","max-image-preview":"max-image-preview:large","max-video-preview":"max-video-preview:-1"},"canonical":"https:\/\/darpol.bydgoszcz.pl\/ru\/predlagaet\/podvizhnoj-sostav\/elektro-zapchasti\/upravlyayuschiy-modul-cs-330-dl-o-10-030-00\/","og_locale":"ru_RU","og_type":"article","og_title":"\u0423\u043f\u0440\u0430\u0432\u043b\u044f\u044e\u0449\u0438\u0439 \u043c\u043e\u0434\u0443\u043b\u044c \u043a\u0443\u043b\u0430\u0447\u043d\u043e\u0433\u043e \u0432\u0430\u043b\u0430 DL-O 10 030-00","og_description":"\u0423\u043f\u0440\u0430\u0432\u043b\u044f\u044e\u0449\u0438\u0439 \u043c\u043e\u0434\u0443\u043b\u044c \u043a\u0443\u043b\u0430\u0447\u043d\u043e\u0433\u043e \u0432\u0430\u043b\u0430 (\u0437\u0430\u043c. CS 330) DL-O 10 030-00","og_url":"https:\/\/darpol.bydgoszcz.pl\/ru\/predlagaet\/podvizhnoj-sostav\/elektro-zapchasti\/upravlyayuschiy-modul-cs-330-dl-o-10-030-00\/","og_site_name":"Darpol Bydgoszcz","og_image":[{"width":2139,"height":714,"url":"https:\/\/darpol.bydgoszcz.pl\/wp-content\/uploads\/225-356-modul-sterujacy-walu-kulakowego-dar-330-odp-czlon-sterujacy-cs-dl-o-10-030-00.jpg","type":"image\/jpeg"}],"twitter_card":"summary_large_image","schema":{"@context":"https:\/\/schema.org","@graph":[{"@type":"WebPage","@id":"https:\/\/darpol.bydgoszcz.pl\/ru\/predlagaet\/podvizhnoj-sostav\/elektro-zapchasti\/upravlyayuschiy-modul-cs-330-dl-o-10-030-00\/","url":"https:\/\/darpol.bydgoszcz.pl\/ru\/predlagaet\/podvizhnoj-sostav\/elektro-zapchasti\/upravlyayuschiy-modul-cs-330-dl-o-10-030-00\/","name":"\u0423\u043f\u0440\u0430\u0432\u043b\u044f\u044e\u0449\u0438\u0439 \u043c\u043e\u0434\u0443\u043b\u044c \u043a\u0443\u043b\u0430\u0447\u043d\u043e\u0433\u043e \u0432\u0430\u043b\u0430 DL-O 10 030-00","isPartOf":{"@id":"https:\/\/darpol.bydgoszcz.pl\/#website"},"primaryImageOfPage":{"@id":"https:\/\/darpol.bydgoszcz.pl\/ru\/predlagaet\/podvizhnoj-sostav\/elektro-zapchasti\/upravlyayuschiy-modul-cs-330-dl-o-10-030-00\/#primaryimage"},"image":{"@id":"https:\/\/darpol.bydgoszcz.pl\/ru\/predlagaet\/podvizhnoj-sostav\/elektro-zapchasti\/upravlyayuschiy-modul-cs-330-dl-o-10-030-00\/#primaryimage"},"thumbnailUrl":"https:\/\/darpol.bydgoszcz.pl\/wp-content\/uploads\/225-356-modul-sterujacy-walu-kulakowego-dar-330-odp-czlon-sterujacy-cs-dl-o-10-030-00.jpg","datePublished":"2013-02-15T13:27:58+00:00","dateModified":"2013-02-15T13:27:58+00:00","description":"\u0423\u043f\u0440\u0430\u0432\u043b\u044f\u044e\u0449\u0438\u0439 \u043c\u043e\u0434\u0443\u043b\u044c \u043a\u0443\u043b\u0430\u0447\u043d\u043e\u0433\u043e \u0432\u0430\u043b\u0430 (\u0437\u0430\u043c. CS 330) DL-O 10 030-00","breadcrumb":{"@id":"https:\/\/darpol.bydgoszcz.pl\/ru\/predlagaet\/podvizhnoj-sostav\/elektro-zapchasti\/upravlyayuschiy-modul-cs-330-dl-o-10-030-00\/#breadcrumb"},"inLanguage":"ru-RU","potentialAction":[{"@type":"ReadAction","target":["https:\/\/darpol.bydgoszcz.pl\/ru\/predlagaet\/podvizhnoj-sostav\/elektro-zapchasti\/upravlyayuschiy-modul-cs-330-dl-o-10-030-00\/"]}]},{"@type":"ImageObject","inLanguage":"ru-RU","@id":"https:\/\/darpol.bydgoszcz.pl\/ru\/predlagaet\/podvizhnoj-sostav\/elektro-zapchasti\/upravlyayuschiy-modul-cs-330-dl-o-10-030-00\/#primaryimage","url":"https:\/\/darpol.bydgoszcz.pl\/wp-content\/uploads\/225-356-modul-sterujacy-walu-kulakowego-dar-330-odp-czlon-sterujacy-cs-dl-o-10-030-00.jpg","contentUrl":"https:\/\/darpol.bydgoszcz.pl\/wp-content\/uploads\/225-356-modul-sterujacy-walu-kulakowego-dar-330-odp-czlon-sterujacy-cs-dl-o-10-030-00.jpg","width":2139,"height":714,"caption":"Modu\u0142 steruj\u0105cy wa\u0142u ku\u0142akowego DAR-330 (odp. cz\u0142on steruj\u0105cy CS) DL-O 10 030-00"},{"@type":"BreadcrumbList","@id":"https:\/\/darpol.bydgoszcz.pl\/ru\/predlagaet\/podvizhnoj-sostav\/elektro-zapchasti\/upravlyayuschiy-modul-cs-330-dl-o-10-030-00\/#breadcrumb","itemListElement":[{"@type":"ListItem","position":1,"name":"Strona g\u0142\u00f3wna","item":"https:\/\/darpol.bydgoszcz.pl\/ru\/"},{"@type":"ListItem","position":2,"name":"Oferta","item":"https:\/\/darpol.bydgoszcz.pl\/oferta\/"},{"@type":"ListItem","position":3,"name":"\u0423\u043f\u0440\u0430\u0432\u043b\u044f\u044e\u0449\u0438\u0439 \u043c\u043e\u0434\u0443\u043b\u044c \u043a\u0443\u043b\u0430\u0447\u043d\u043e\u0433\u043e \u0432\u0430\u043b\u0430 (\u0437\u0430\u043c. CS 330) DL-O 10 030-00"}]},{"@type":"WebSite","@id":"https:\/\/darpol.bydgoszcz.pl\/#website","url":"https:\/\/darpol.bydgoszcz.pl\/","name":"Darpol Bydgoszcz","description":"","potentialAction":[{"@type":"SearchAction","target":{"@type":"EntryPoint","urlTemplate":"https:\/\/darpol.bydgoszcz.pl\/?s={search_term_string}"},"query-input":"required name=search_term_string"}],"inLanguage":"ru-RU"}]}},"_links":{"self":[{"href":"https:\/\/darpol.bydgoszcz.pl\/ru\/wp-json\/wp\/v2\/product\/7607","targetHints":{"allow":["GET"]}}],"collection":[{"href":"https:\/\/darpol.bydgoszcz.pl\/ru\/wp-json\/wp\/v2\/product"}],"about":[{"href":"https:\/\/darpol.bydgoszcz.pl\/ru\/wp-json\/wp\/v2\/types\/product"}],"wp:featuredmedia":[{"embeddable":true,"href":"https:\/\/darpol.bydgoszcz.pl\/ru\/wp-json\/wp\/v2\/media\/7606"}],"wp:attachment":[{"href":"https:\/\/darpol.bydgoszcz.pl\/ru\/wp-json\/wp\/v2\/media?parent=7607"}],"wp:term":[{"taxonomy":"product_cat","embeddable":true,"href":"https:\/\/darpol.bydgoszcz.pl\/ru\/wp-json\/wp\/v2\/product_cat?post=7607"},{"taxonomy":"product_tag","embeddable":true,"href":"https:\/\/darpol.bydgoszcz.pl\/ru\/wp-json\/wp\/v2\/product_tag?post=7607"}],"curies":[{"name":"wp","href":"https:\/\/api.w.org\/{rel}","templated":true}]}}