{"id":5951,"date":"2013-02-05T15:29:58","date_gmt":"2013-02-05T14:29:58","guid":{"rendered":"http:\/\/darpol.bydgoszcz.pl\/sklep\/dveri-zamki\/nakladka-zamka-sluzhebnog-okupe-tip-a-dl-o-17-006-00\/"},"modified":"2019-07-10T12:22:33","modified_gmt":"2019-07-10T10:22:33","slug":"nakladka-zamka-sluzhebnog-okupe-tip-a-dl-o-17-006-00","status":"publish","type":"product","link":"https:\/\/darpol.bydgoszcz.pl\/ru\/predlagaet\/podvizhnoj-sostav\/dveri-zamki\/nakladka-zamka-sluzhebnog-okupe-tip-a-dl-o-17-006-00\/","title":{"rendered":"\u041d\u0430\u043a\u043b\u0430\u0434\u043a\u0430 \u0434\u0432\u0435\u0440\u0435\u0439 \u0441\u043b\u0443\u0436\u0435\u0431\u043d\u043e\u0433\u043e \u043a\u0443\u043f\u0435 \u0442\u0438\u043f A  DL-O 17 006-00"},"content":{"rendered":"<p>\u041d\u0430\u043a\u043b\u0430\u0434\u043a\u0430 \u0437\u0430\u043c\u043a\u0430 \u0434\u0432\u0435\u0440\u0435\u0439 \u0441\u043b\u0443\u0436\u0435\u0431\u043d\u043e\u0433\u043e \u043a\u0443\u043f\u0435 \u0442\u0438\u043f A&nbsp; DL-O 17 006-00 \u0438\u0441\u043f\u043e\u043b\u044c\u0437\u0443\u0435\u0442\u0441\u044f \u0432 \u044d\u043b\u0435\u043a\u0442\u0440\u043e\u043f\u043e\u0435\u0437\u0434\u0430\u0445 \u0438 \u0432 \u043b\u043e\u043a\u043e\u043c\u043e\u0442\u0438\u0432\u0430\u0445.<\/p>\n<div style=\"clear:both\"><a href=\"javascript:window.print()\"><i class=\"fa fa-print\" aria-hidden=\"true\"><\/i> \u043f\u0435\u0447\u0430\u0442\u044c<\/a><\/div>","protected":false},"excerpt":{"rendered":"<p>\u041d\u0430\u043a\u043b\u0430\u0434\u043a\u0430 \u0437\u0430\u043c\u043a\u0430 \u0434\u0432\u0435\u0440\u0435\u0439 \u0441\u043b\u0443\u0436\u0435\u0431\u043d\u043e\u0433\u043e \u043a\u0443\u043f\u0435 \u0442\u0438\u043f A&nbsp; DL-O 17 006-00 \u0438\u0441\u043f\u043e\u043b\u044c\u0437\u0443\u0435\u0442\u0441\u044f \u0432 \u044d\u043b\u0435\u043a\u0442\u0440\u043e\u043f\u043e\u0435\u0437\u0434\u0430\u0445 \u0438 \u0432 \u043b\u043e\u043a\u043e\u043c\u043e\u0442\u0438\u0432\u0430\u0445. \u043f\u0435\u0447\u0430\u0442\u044c<\/p>\n","protected":false},"featured_media":5947,"template":"","meta":{"om_disable_all_campaigns":false,"_monsterinsights_skip_tracking":false,"_monsterinsights_sitenote_active":false,"_monsterinsights_sitenote_note":"","_monsterinsights_sitenote_category":0,"_uf_show_specific_survey":0,"_uf_disable_surveys":false},"product_cat":[294,329,335],"product_tag":[3281,3288,3806],"class_list":{"0":"post-5951","1":"product","2":"type-product","3":"status-publish","4":"has-post-thumbnail","6":"product_cat-dveri-zamki","7":"product_cat-elektrovozy-i-teplovozy","8":"product_cat-elektrodizelpoezda","9":"product_tag-drzwi-ru","10":"product_tag-ezt-ru","11":"product_tag-szyld-ru","13":"first","14":"instock","15":"shipping-taxable","16":"purchasable","17":"product-type-simple"},"yoast_head":"<!-- This site is optimized with the Yoast SEO plugin v23.0 - https:\/\/yoast.com\/wordpress\/plugins\/seo\/ -->\n<title>\u041d\u0430\u043a\u043b\u0430\u0434\u043a\u0430 \u0434\u0432\u0435\u0440\u0435\u0439 \u0441\u043b\u0443\u0436\u0435\u0431\u043d\u043e\u0433\u043e \u043a\u0443\u043f\u0435 \u0442\u0438\u043f A DL-O 17 006-00 - Darpol Bydgoszcz<\/title>\n<meta name=\"description\" content=\"\u041d\u0430\u043a\u043b\u0430\u0434\u043a\u0430 \u0434\u0432\u0435\u0440\u0435\u0439 \u0441\u043b\u0443\u0436\u0435\u0431\u043d\u043e\u0433\u043e \u043a\u0443\u043f\u0435 \u0442\u0438\u043f A DL-O 17 006-00\" \/>\n<meta name=\"robots\" content=\"index, follow, max-snippet:-1, max-image-preview:large, max-video-preview:-1\" \/>\n<link rel=\"canonical\" href=\"https:\/\/darpol.bydgoszcz.pl\/ru\/predlagaet\/podvizhnoj-sostav\/dveri-zamki\/nakladka-zamka-sluzhebnog-okupe-tip-a-dl-o-17-006-00\/\" \/>\n<meta property=\"og:locale\" content=\"ru_RU\" \/>\n<meta property=\"og:type\" content=\"article\" \/>\n<meta property=\"og:title\" content=\"\u041d\u0430\u043a\u043b\u0430\u0434\u043a\u0430 \u0434\u0432\u0435\u0440\u0435\u0439 \u0441\u043b\u0443\u0436\u0435\u0431\u043d\u043e\u0433\u043e \u043a\u0443\u043f\u0435 \u0442\u0438\u043f A DL-O 17 006-00 - Darpol Bydgoszcz\" \/>\n<meta property=\"og:description\" content=\"\u041d\u0430\u043a\u043b\u0430\u0434\u043a\u0430 \u0434\u0432\u0435\u0440\u0435\u0439 \u0441\u043b\u0443\u0436\u0435\u0431\u043d\u043e\u0433\u043e \u043a\u0443\u043f\u0435 \u0442\u0438\u043f A DL-O 17 006-00\" \/>\n<meta property=\"og:url\" content=\"https:\/\/darpol.bydgoszcz.pl\/ru\/predlagaet\/podvizhnoj-sostav\/dveri-zamki\/nakladka-zamka-sluzhebnog-okupe-tip-a-dl-o-17-006-00\/\" \/>\n<meta property=\"og:site_name\" content=\"Darpol Bydgoszcz\" \/>\n<meta property=\"article:modified_time\" content=\"2019-07-10T10:22:33+00:00\" \/>\n<meta property=\"og:image\" content=\"https:\/\/darpol.bydgoszcz.pl\/wp-content\/uploads\/143-969-szyld-drzwi-przedzialu-sluzbowego-typ-a-dl-o-17-006-00.jpg\" \/>\n\t<meta property=\"og:image:width\" content=\"1000\" \/>\n\t<meta property=\"og:image:height\" content=\"1000\" \/>\n\t<meta property=\"og:image:type\" content=\"image\/jpeg\" \/>\n<meta name=\"twitter:card\" content=\"summary_large_image\" \/>\n<script type=\"application\/ld+json\" class=\"yoast-schema-graph\">{\"@context\":\"https:\/\/schema.org\",\"@graph\":[{\"@type\":\"WebPage\",\"@id\":\"https:\/\/darpol.bydgoszcz.pl\/ru\/predlagaet\/podvizhnoj-sostav\/dveri-zamki\/nakladka-zamka-sluzhebnog-okupe-tip-a-dl-o-17-006-00\/\",\"url\":\"https:\/\/darpol.bydgoszcz.pl\/ru\/predlagaet\/podvizhnoj-sostav\/dveri-zamki\/nakladka-zamka-sluzhebnog-okupe-tip-a-dl-o-17-006-00\/\",\"name\":\"\u041d\u0430\u043a\u043b\u0430\u0434\u043a\u0430 \u0434\u0432\u0435\u0440\u0435\u0439 \u0441\u043b\u0443\u0436\u0435\u0431\u043d\u043e\u0433\u043e \u043a\u0443\u043f\u0435 \u0442\u0438\u043f A DL-O 17 006-00 - Darpol Bydgoszcz\",\"isPartOf\":{\"@id\":\"https:\/\/darpol.bydgoszcz.pl\/#website\"},\"primaryImageOfPage\":{\"@id\":\"https:\/\/darpol.bydgoszcz.pl\/ru\/predlagaet\/podvizhnoj-sostav\/dveri-zamki\/nakladka-zamka-sluzhebnog-okupe-tip-a-dl-o-17-006-00\/#primaryimage\"},\"image\":{\"@id\":\"https:\/\/darpol.bydgoszcz.pl\/ru\/predlagaet\/podvizhnoj-sostav\/dveri-zamki\/nakladka-zamka-sluzhebnog-okupe-tip-a-dl-o-17-006-00\/#primaryimage\"},\"thumbnailUrl\":\"https:\/\/darpol.bydgoszcz.pl\/wp-content\/uploads\/143-969-szyld-drzwi-przedzialu-sluzbowego-typ-a-dl-o-17-006-00.jpg\",\"datePublished\":\"2013-02-05T14:29:58+00:00\",\"dateModified\":\"2019-07-10T10:22:33+00:00\",\"description\":\"\u041d\u0430\u043a\u043b\u0430\u0434\u043a\u0430 \u0434\u0432\u0435\u0440\u0435\u0439 \u0441\u043b\u0443\u0436\u0435\u0431\u043d\u043e\u0433\u043e \u043a\u0443\u043f\u0435 \u0442\u0438\u043f A DL-O 17 006-00\",\"breadcrumb\":{\"@id\":\"https:\/\/darpol.bydgoszcz.pl\/ru\/predlagaet\/podvizhnoj-sostav\/dveri-zamki\/nakladka-zamka-sluzhebnog-okupe-tip-a-dl-o-17-006-00\/#breadcrumb\"},\"inLanguage\":\"ru-RU\",\"potentialAction\":[{\"@type\":\"ReadAction\",\"target\":[\"https:\/\/darpol.bydgoszcz.pl\/ru\/predlagaet\/podvizhnoj-sostav\/dveri-zamki\/nakladka-zamka-sluzhebnog-okupe-tip-a-dl-o-17-006-00\/\"]}]},{\"@type\":\"ImageObject\",\"inLanguage\":\"ru-RU\",\"@id\":\"https:\/\/darpol.bydgoszcz.pl\/ru\/predlagaet\/podvizhnoj-sostav\/dveri-zamki\/nakladka-zamka-sluzhebnog-okupe-tip-a-dl-o-17-006-00\/#primaryimage\",\"url\":\"https:\/\/darpol.bydgoszcz.pl\/wp-content\/uploads\/143-969-szyld-drzwi-przedzialu-sluzbowego-typ-a-dl-o-17-006-00.jpg\",\"contentUrl\":\"https:\/\/darpol.bydgoszcz.pl\/wp-content\/uploads\/143-969-szyld-drzwi-przedzialu-sluzbowego-typ-a-dl-o-17-006-00.jpg\",\"width\":1000,\"height\":1000,\"caption\":\"Szyld drzwi przedzia\u0142u s\u0142u\u017cbowego typ A DL-O 17 006-00\"},{\"@type\":\"BreadcrumbList\",\"@id\":\"https:\/\/darpol.bydgoszcz.pl\/ru\/predlagaet\/podvizhnoj-sostav\/dveri-zamki\/nakladka-zamka-sluzhebnog-okupe-tip-a-dl-o-17-006-00\/#breadcrumb\",\"itemListElement\":[{\"@type\":\"ListItem\",\"position\":1,\"name\":\"Strona g\u0142\u00f3wna\",\"item\":\"https:\/\/darpol.bydgoszcz.pl\/ru\/\"},{\"@type\":\"ListItem\",\"position\":2,\"name\":\"Oferta\",\"item\":\"https:\/\/darpol.bydgoszcz.pl\/oferta\/\"},{\"@type\":\"ListItem\",\"position\":3,\"name\":\"\u041d\u0430\u043a\u043b\u0430\u0434\u043a\u0430 \u0434\u0432\u0435\u0440\u0435\u0439 \u0441\u043b\u0443\u0436\u0435\u0431\u043d\u043e\u0433\u043e \u043a\u0443\u043f\u0435 \u0442\u0438\u043f A DL-O 17 006-00\"}]},{\"@type\":\"WebSite\",\"@id\":\"https:\/\/darpol.bydgoszcz.pl\/#website\",\"url\":\"https:\/\/darpol.bydgoszcz.pl\/\",\"name\":\"Darpol Bydgoszcz\",\"description\":\"\",\"potentialAction\":[{\"@type\":\"SearchAction\",\"target\":{\"@type\":\"EntryPoint\",\"urlTemplate\":\"https:\/\/darpol.bydgoszcz.pl\/?s={search_term_string}\"},\"query-input\":\"required name=search_term_string\"}],\"inLanguage\":\"ru-RU\"}]}<\/script>\n<!-- \/ Yoast SEO plugin. -->","yoast_head_json":{"title":"\u041d\u0430\u043a\u043b\u0430\u0434\u043a\u0430 \u0434\u0432\u0435\u0440\u0435\u0439 \u0441\u043b\u0443\u0436\u0435\u0431\u043d\u043e\u0433\u043e \u043a\u0443\u043f\u0435 \u0442\u0438\u043f A DL-O 17 006-00 - Darpol Bydgoszcz","description":"\u041d\u0430\u043a\u043b\u0430\u0434\u043a\u0430 \u0434\u0432\u0435\u0440\u0435\u0439 \u0441\u043b\u0443\u0436\u0435\u0431\u043d\u043e\u0433\u043e \u043a\u0443\u043f\u0435 \u0442\u0438\u043f A DL-O 17 006-00","robots":{"index":"index","follow":"follow","max-snippet":"max-snippet:-1","max-image-preview":"max-image-preview:large","max-video-preview":"max-video-preview:-1"},"canonical":"https:\/\/darpol.bydgoszcz.pl\/ru\/predlagaet\/podvizhnoj-sostav\/dveri-zamki\/nakladka-zamka-sluzhebnog-okupe-tip-a-dl-o-17-006-00\/","og_locale":"ru_RU","og_type":"article","og_title":"\u041d\u0430\u043a\u043b\u0430\u0434\u043a\u0430 \u0434\u0432\u0435\u0440\u0435\u0439 \u0441\u043b\u0443\u0436\u0435\u0431\u043d\u043e\u0433\u043e \u043a\u0443\u043f\u0435 \u0442\u0438\u043f A DL-O 17 006-00 - Darpol Bydgoszcz","og_description":"\u041d\u0430\u043a\u043b\u0430\u0434\u043a\u0430 \u0434\u0432\u0435\u0440\u0435\u0439 \u0441\u043b\u0443\u0436\u0435\u0431\u043d\u043e\u0433\u043e \u043a\u0443\u043f\u0435 \u0442\u0438\u043f A DL-O 17 006-00","og_url":"https:\/\/darpol.bydgoszcz.pl\/ru\/predlagaet\/podvizhnoj-sostav\/dveri-zamki\/nakladka-zamka-sluzhebnog-okupe-tip-a-dl-o-17-006-00\/","og_site_name":"Darpol Bydgoszcz","article_modified_time":"2019-07-10T10:22:33+00:00","og_image":[{"width":1000,"height":1000,"url":"https:\/\/darpol.bydgoszcz.pl\/wp-content\/uploads\/143-969-szyld-drzwi-przedzialu-sluzbowego-typ-a-dl-o-17-006-00.jpg","type":"image\/jpeg"}],"twitter_card":"summary_large_image","schema":{"@context":"https:\/\/schema.org","@graph":[{"@type":"WebPage","@id":"https:\/\/darpol.bydgoszcz.pl\/ru\/predlagaet\/podvizhnoj-sostav\/dveri-zamki\/nakladka-zamka-sluzhebnog-okupe-tip-a-dl-o-17-006-00\/","url":"https:\/\/darpol.bydgoszcz.pl\/ru\/predlagaet\/podvizhnoj-sostav\/dveri-zamki\/nakladka-zamka-sluzhebnog-okupe-tip-a-dl-o-17-006-00\/","name":"\u041d\u0430\u043a\u043b\u0430\u0434\u043a\u0430 \u0434\u0432\u0435\u0440\u0435\u0439 \u0441\u043b\u0443\u0436\u0435\u0431\u043d\u043e\u0433\u043e \u043a\u0443\u043f\u0435 \u0442\u0438\u043f A DL-O 17 006-00 - Darpol Bydgoszcz","isPartOf":{"@id":"https:\/\/darpol.bydgoszcz.pl\/#website"},"primaryImageOfPage":{"@id":"https:\/\/darpol.bydgoszcz.pl\/ru\/predlagaet\/podvizhnoj-sostav\/dveri-zamki\/nakladka-zamka-sluzhebnog-okupe-tip-a-dl-o-17-006-00\/#primaryimage"},"image":{"@id":"https:\/\/darpol.bydgoszcz.pl\/ru\/predlagaet\/podvizhnoj-sostav\/dveri-zamki\/nakladka-zamka-sluzhebnog-okupe-tip-a-dl-o-17-006-00\/#primaryimage"},"thumbnailUrl":"https:\/\/darpol.bydgoszcz.pl\/wp-content\/uploads\/143-969-szyld-drzwi-przedzialu-sluzbowego-typ-a-dl-o-17-006-00.jpg","datePublished":"2013-02-05T14:29:58+00:00","dateModified":"2019-07-10T10:22:33+00:00","description":"\u041d\u0430\u043a\u043b\u0430\u0434\u043a\u0430 \u0434\u0432\u0435\u0440\u0435\u0439 \u0441\u043b\u0443\u0436\u0435\u0431\u043d\u043e\u0433\u043e \u043a\u0443\u043f\u0435 \u0442\u0438\u043f A DL-O 17 006-00","breadcrumb":{"@id":"https:\/\/darpol.bydgoszcz.pl\/ru\/predlagaet\/podvizhnoj-sostav\/dveri-zamki\/nakladka-zamka-sluzhebnog-okupe-tip-a-dl-o-17-006-00\/#breadcrumb"},"inLanguage":"ru-RU","potentialAction":[{"@type":"ReadAction","target":["https:\/\/darpol.bydgoszcz.pl\/ru\/predlagaet\/podvizhnoj-sostav\/dveri-zamki\/nakladka-zamka-sluzhebnog-okupe-tip-a-dl-o-17-006-00\/"]}]},{"@type":"ImageObject","inLanguage":"ru-RU","@id":"https:\/\/darpol.bydgoszcz.pl\/ru\/predlagaet\/podvizhnoj-sostav\/dveri-zamki\/nakladka-zamka-sluzhebnog-okupe-tip-a-dl-o-17-006-00\/#primaryimage","url":"https:\/\/darpol.bydgoszcz.pl\/wp-content\/uploads\/143-969-szyld-drzwi-przedzialu-sluzbowego-typ-a-dl-o-17-006-00.jpg","contentUrl":"https:\/\/darpol.bydgoszcz.pl\/wp-content\/uploads\/143-969-szyld-drzwi-przedzialu-sluzbowego-typ-a-dl-o-17-006-00.jpg","width":1000,"height":1000,"caption":"Szyld drzwi przedzia\u0142u s\u0142u\u017cbowego typ A DL-O 17 006-00"},{"@type":"BreadcrumbList","@id":"https:\/\/darpol.bydgoszcz.pl\/ru\/predlagaet\/podvizhnoj-sostav\/dveri-zamki\/nakladka-zamka-sluzhebnog-okupe-tip-a-dl-o-17-006-00\/#breadcrumb","itemListElement":[{"@type":"ListItem","position":1,"name":"Strona g\u0142\u00f3wna","item":"https:\/\/darpol.bydgoszcz.pl\/ru\/"},{"@type":"ListItem","position":2,"name":"Oferta","item":"https:\/\/darpol.bydgoszcz.pl\/oferta\/"},{"@type":"ListItem","position":3,"name":"\u041d\u0430\u043a\u043b\u0430\u0434\u043a\u0430 \u0434\u0432\u0435\u0440\u0435\u0439 \u0441\u043b\u0443\u0436\u0435\u0431\u043d\u043e\u0433\u043e \u043a\u0443\u043f\u0435 \u0442\u0438\u043f A DL-O 17 006-00"}]},{"@type":"WebSite","@id":"https:\/\/darpol.bydgoszcz.pl\/#website","url":"https:\/\/darpol.bydgoszcz.pl\/","name":"Darpol Bydgoszcz","description":"","potentialAction":[{"@type":"SearchAction","target":{"@type":"EntryPoint","urlTemplate":"https:\/\/darpol.bydgoszcz.pl\/?s={search_term_string}"},"query-input":"required name=search_term_string"}],"inLanguage":"ru-RU"}]}},"_links":{"self":[{"href":"https:\/\/darpol.bydgoszcz.pl\/ru\/wp-json\/wp\/v2\/product\/5951","targetHints":{"allow":["GET"]}}],"collection":[{"href":"https:\/\/darpol.bydgoszcz.pl\/ru\/wp-json\/wp\/v2\/product"}],"about":[{"href":"https:\/\/darpol.bydgoszcz.pl\/ru\/wp-json\/wp\/v2\/types\/product"}],"wp:featuredmedia":[{"embeddable":true,"href":"https:\/\/darpol.bydgoszcz.pl\/ru\/wp-json\/wp\/v2\/media\/5947"}],"wp:attachment":[{"href":"https:\/\/darpol.bydgoszcz.pl\/ru\/wp-json\/wp\/v2\/media?parent=5951"}],"wp:term":[{"taxonomy":"product_cat","embeddable":true,"href":"https:\/\/darpol.bydgoszcz.pl\/ru\/wp-json\/wp\/v2\/product_cat?post=5951"},{"taxonomy":"product_tag","embeddable":true,"href":"https:\/\/darpol.bydgoszcz.pl\/ru\/wp-json\/wp\/v2\/product_tag?post=5951"}],"curies":[{"name":"wp","href":"https:\/\/api.w.org\/{rel}","templated":true}]}}