{"id":57370,"date":"2025-03-05T12:09:13","date_gmt":"2025-03-05T11:09:13","guid":{"rendered":"https:\/\/darpol.bydgoszcz.pl\/offer\/uncategorized\/smietniczka-duza-pod-zabudowe-z-segregacja-dl-38-024-00\/"},"modified":"2025-10-10T13:56:38","modified_gmt":"2025-10-10T11:56:38","slug":"smietniczka-duza-pod-zabudowe-z-segregacja-dl-38-024-00","status":"publish","type":"product","link":"https:\/\/darpol.bydgoszcz.pl\/ru\/predlagaet\/podvizhnoj-sostav\/elementy-interiera\/smietniczka-duza-pod-zabudowe-z-segregacja-dl-38-024-00\/","title":{"rendered":"\u015amietniczka du\u017ca pod zabudow\u0119 z segregacj\u0105 DL-38-024-00"},"content":{"rendered":"<p>\u015amietniczka du\u017ca pod zabudow\u0119 z segregacj\u0105 DL-38-024-00<\/p>\n<p><strong>Opis produktu:<\/strong><br \/>\n\u015amietniczka przeznaczona jest do monta\u017cu wewn\u0105trz pojazd\u00f3w szynowych w przestrzeni mi\u0119dzy \u015bcianami. Mo\u017cna j\u0105 podzieli\u0107 na dwa modu\u0142y \u2013 cz\u0119\u015b\u0107 widoczn\u0105 dla u\u017cytkownika, zwan\u0105 dalej frontem, oraz cz\u0119\u015b\u0107 ukryt\u0105 za \u015bcian\u0105, stron\u0119 serwisow\u0105, zwan\u0105 dalej pojemnikiem. Budowa \u015bmietniczki pozwala na segregacj\u0119 odpad\u00f3w, front posiada trzy otwory dla trzech, niezale\u017cnych od siebie workotrzymaczy zamocowanych w pojemniku. Dost\u0119p dla u\u017cytkownika jest wy\u0142\u0105cznie od frontu. Od strony pojemnika, ukrytej dla u\u017cytkownika, mo\u017cliwa jest wymiana work\u00f3w przez serwisanta.<\/p>\n<p><strong>Korzy\u015bci:<\/strong><br \/>\n+ wygoda i komfort podr\u00f3\u017cy,<br \/>\n+ estetyka,<br \/>\n+ odpowiedzialno\u015b\u0107 ekologiczna,<br \/>\n+ \u0142atwiejsza segregacja odpad\u00f3w,<br \/>\n+ \u0142atwiejsze zarz\u0105dzanie odpadami,<\/p>\n<p><strong>Dane techniczne:<\/strong><br \/>\nMateria\u0142: Stal nierdzewna<br \/>\nPojemno\u015b\u0107 \u015bmietniczki: 15l (3 x 5l)<br \/>\nMasa: 10 kg<br \/>\nWymiary pojemnika: 688 x 410 x123 mm (wys. x szer. x d\u0142.)<br \/>\nWymiary otwor\u00f3w wsypowych: 200 x 100 mm (wys. x szer.)<\/p>\n<p><strong>Wyr\u00f3b zgodny z normami:<\/strong> PN-EN 45545-2, PN-EN ISO 13920, PN-EN 22768-1<\/p>\n<p><strong>Zastosowanie:<\/strong> wagony osobowe<\/p>\n<div style=\"clear:both\"><a href=\"javascript:window.print()\"><i class=\"fa fa-print\" aria-hidden=\"true\"><\/i> \u043f\u0435\u0447\u0430\u0442\u044c<\/a><\/div>","protected":false},"excerpt":{"rendered":"<p>\u015amietniczka du\u017ca pod zabudow\u0119 z segregacj\u0105 DL-38-024-00 Opis produktu: \u015amietniczka przeznaczona jest do monta\u017cu wewn\u0105trz pojazd\u00f3w szynowych w przestrzeni mi\u0119dzy \u015bcianami. Mo\u017cna j\u0105 podzieli\u0107 na dwa modu\u0142y \u2013 cz\u0119\u015b\u0107 widoczn\u0105 dla u\u017cytkownika, zwan\u0105 dalej frontem, oraz cz\u0119\u015b\u0107 ukryt\u0105 za \u015bcian\u0105, stron\u0119 serwisow\u0105, zwan\u0105 dalej pojemnikiem. Budowa \u015bmietniczki pozwala na segregacj\u0119 odpad\u00f3w, front posiada trzy otwory &hellip;<\/p>\n","protected":false},"featured_media":57367,"template":"","meta":{"om_disable_all_campaigns":false,"_monsterinsights_skip_tracking":false,"_monsterinsights_sitenote_active":false,"_monsterinsights_sitenote_note":"","_monsterinsights_sitenote_category":0,"_uf_show_specific_survey":0,"_uf_disable_surveys":false},"product_cat":[4142,311,341,335],"product_tag":[3494,3288,3993,3844,7725,3316,3275,7726,7727,3702,7728,7729,3703,7730,7731,7732,3276,4222,7733,7734,7735],"class_list":{"0":"post-57370","1":"product","2":"type-product","3":"status-publish","4":"has-post-thumbnail","6":"product_cat-nowosci-ru","7":"product_cat-elementy-interiera","8":"product_cat-passazhirskie-vagony","9":"product_cat-elektrodizelpoezda","10":"product_tag-darpol-ru","11":"product_tag-ezt-ru","12":"product_tag-kolej-ru","13":"product_tag-naprawa-ru","14":"product_tag-odpowiedzialnosc-ekologiczna-ru","15":"product_tag-osobowe-ru","16":"product_tag-osobowy-ru","17":"product_tag-pn-en-45545-2-ru","18":"product_tag-pod-zabudowe-ru","19":"product_tag-przedzial-ru","20":"product_tag-segregacja-ru","21":"product_tag-segregacja-odpadow-ru","22":"product_tag-smietniczka-ru","23":"product_tag-smietniczka-pod-zabudowe-ru","24":"product_tag-smietniczka-z-segregacja-ru","25":"product_tag-smietniczka-z-workotrzymaczem-ru","26":"product_tag-wagon-ru","27":"product_tag-wagony-ru","28":"product_tag-zarzadzanie-odpadami-ru","29":"product_tag-latwiejsza-segregacja-odpadow-ru","30":"product_tag-latwiejsze-zarzadzanie-odpadami-ru","32":"first","33":"onbackorder","34":"shipping-taxable","35":"product-type-simple"},"yoast_head":"<!-- This site is optimized with the Yoast SEO plugin v23.0 - https:\/\/yoast.com\/wordpress\/plugins\/seo\/ -->\n<title>\u015amietniczka du\u017ca pod zabudow\u0119 z segregacj\u0105 DL-38-024-00 - Darpol Bydgoszcz<\/title>\n<meta name=\"description\" content=\"\u015amietniczka przeznaczona do monta\u017cu wewn\u0105trz pojazd\u00f3w szynowych. Budowa \u015bmietniczki pozwala na segregacj\u0119 odpad\u00f3w, front posiada trzy otwory dla trzech, niezale\u017cnych od siebie workotrzymaczy zamocowanych w pojemniku. Dost\u0119p dla u\u017cytkownika jest wy\u0142\u0105cznie od frontu. Od strony pojemnika, ukrytej dla u\u017cytkownika, mo\u017cliwa jest wymiana work\u00f3w przez serwisanta.\" \/>\n<meta name=\"robots\" content=\"index, follow, max-snippet:-1, max-image-preview:large, max-video-preview:-1\" \/>\n<link rel=\"canonical\" href=\"https:\/\/darpol.bydgoszcz.pl\/ru\/predlagaet\/podvizhnoj-sostav\/elementy-interiera\/smietniczka-duza-pod-zabudowe-z-segregacja-dl-38-024-00\/\" \/>\n<meta property=\"og:locale\" content=\"ru_RU\" \/>\n<meta property=\"og:type\" content=\"article\" \/>\n<meta property=\"og:title\" content=\"\u015amietniczka du\u017ca pod zabudow\u0119 z segregacj\u0105 DL-38-024-00 - Darpol Bydgoszcz\" \/>\n<meta property=\"og:description\" content=\"\u015amietniczka przeznaczona do monta\u017cu wewn\u0105trz pojazd\u00f3w szynowych. Budowa \u015bmietniczki pozwala na segregacj\u0119 odpad\u00f3w, front posiada trzy otwory dla trzech, niezale\u017cnych od siebie workotrzymaczy zamocowanych w pojemniku. Dost\u0119p dla u\u017cytkownika jest wy\u0142\u0105cznie od frontu. Od strony pojemnika, ukrytej dla u\u017cytkownika, mo\u017cliwa jest wymiana work\u00f3w przez serwisanta.\" \/>\n<meta property=\"og:url\" content=\"https:\/\/darpol.bydgoszcz.pl\/ru\/predlagaet\/podvizhnoj-sostav\/elementy-interiera\/smietniczka-duza-pod-zabudowe-z-segregacja-dl-38-024-00\/\" \/>\n<meta property=\"og:site_name\" content=\"Darpol Bydgoszcz\" \/>\n<meta property=\"article:modified_time\" content=\"2025-10-10T11:56:38+00:00\" \/>\n<meta property=\"og:image\" content=\"https:\/\/darpol.bydgoszcz.pl\/wp-content\/uploads\/DL-38-024-00-Smietniczka-duza-pod-zabudowe-z-segregacja.png\" \/>\n\t<meta property=\"og:image:width\" content=\"1000\" \/>\n\t<meta property=\"og:image:height\" content=\"1000\" \/>\n\t<meta property=\"og:image:type\" content=\"image\/png\" \/>\n<meta name=\"twitter:card\" content=\"summary_large_image\" \/>\n<meta name=\"twitter:label1\" content=\"\u041f\u0440\u0438\u043c\u0435\u0440\u043d\u043e\u0435 \u0432\u0440\u0435\u043c\u044f \u0434\u043b\u044f \u0447\u0442\u0435\u043d\u0438\u044f\" \/>\n\t<meta name=\"twitter:data1\" content=\"1 \u043c\u0438\u043d\u0443\u0442\u0430\" \/>\n<script type=\"application\/ld+json\" class=\"yoast-schema-graph\">{\"@context\":\"https:\/\/schema.org\",\"@graph\":[{\"@type\":\"WebPage\",\"@id\":\"https:\/\/darpol.bydgoszcz.pl\/ru\/predlagaet\/podvizhnoj-sostav\/elementy-interiera\/smietniczka-duza-pod-zabudowe-z-segregacja-dl-38-024-00\/\",\"url\":\"https:\/\/darpol.bydgoszcz.pl\/ru\/predlagaet\/podvizhnoj-sostav\/elementy-interiera\/smietniczka-duza-pod-zabudowe-z-segregacja-dl-38-024-00\/\",\"name\":\"\u015amietniczka du\u017ca pod zabudow\u0119 z segregacj\u0105 DL-38-024-00 - Darpol Bydgoszcz\",\"isPartOf\":{\"@id\":\"https:\/\/darpol.bydgoszcz.pl\/#website\"},\"primaryImageOfPage\":{\"@id\":\"https:\/\/darpol.bydgoszcz.pl\/ru\/predlagaet\/podvizhnoj-sostav\/elementy-interiera\/smietniczka-duza-pod-zabudowe-z-segregacja-dl-38-024-00\/#primaryimage\"},\"image\":{\"@id\":\"https:\/\/darpol.bydgoszcz.pl\/ru\/predlagaet\/podvizhnoj-sostav\/elementy-interiera\/smietniczka-duza-pod-zabudowe-z-segregacja-dl-38-024-00\/#primaryimage\"},\"thumbnailUrl\":\"https:\/\/darpol.bydgoszcz.pl\/wp-content\/uploads\/DL-38-024-00-Smietniczka-duza-pod-zabudowe-z-segregacja.png\",\"datePublished\":\"2025-03-05T11:09:13+00:00\",\"dateModified\":\"2025-10-10T11:56:38+00:00\",\"description\":\"\u015amietniczka przeznaczona do monta\u017cu wewn\u0105trz pojazd\u00f3w szynowych. Budowa \u015bmietniczki pozwala na segregacj\u0119 odpad\u00f3w, front posiada trzy otwory dla trzech, niezale\u017cnych od siebie workotrzymaczy zamocowanych w pojemniku. Dost\u0119p dla u\u017cytkownika jest wy\u0142\u0105cznie od frontu. Od strony pojemnika, ukrytej dla u\u017cytkownika, mo\u017cliwa jest wymiana work\u00f3w przez serwisanta.\",\"breadcrumb\":{\"@id\":\"https:\/\/darpol.bydgoszcz.pl\/ru\/predlagaet\/podvizhnoj-sostav\/elementy-interiera\/smietniczka-duza-pod-zabudowe-z-segregacja-dl-38-024-00\/#breadcrumb\"},\"inLanguage\":\"ru-RU\",\"potentialAction\":[{\"@type\":\"ReadAction\",\"target\":[\"https:\/\/darpol.bydgoszcz.pl\/ru\/predlagaet\/podvizhnoj-sostav\/elementy-interiera\/smietniczka-duza-pod-zabudowe-z-segregacja-dl-38-024-00\/\"]}]},{\"@type\":\"ImageObject\",\"inLanguage\":\"ru-RU\",\"@id\":\"https:\/\/darpol.bydgoszcz.pl\/ru\/predlagaet\/podvizhnoj-sostav\/elementy-interiera\/smietniczka-duza-pod-zabudowe-z-segregacja-dl-38-024-00\/#primaryimage\",\"url\":\"https:\/\/darpol.bydgoszcz.pl\/wp-content\/uploads\/DL-38-024-00-Smietniczka-duza-pod-zabudowe-z-segregacja.png\",\"contentUrl\":\"https:\/\/darpol.bydgoszcz.pl\/wp-content\/uploads\/DL-38-024-00-Smietniczka-duza-pod-zabudowe-z-segregacja.png\",\"width\":1000,\"height\":1000,\"caption\":\"DL-38-024-00 \u015amietniczka du\u017ca pod zabudow\u0119 z segregacj\u0105\"},{\"@type\":\"BreadcrumbList\",\"@id\":\"https:\/\/darpol.bydgoszcz.pl\/ru\/predlagaet\/podvizhnoj-sostav\/elementy-interiera\/smietniczka-duza-pod-zabudowe-z-segregacja-dl-38-024-00\/#breadcrumb\",\"itemListElement\":[{\"@type\":\"ListItem\",\"position\":1,\"name\":\"Strona g\u0142\u00f3wna\",\"item\":\"https:\/\/darpol.bydgoszcz.pl\/ru\/\"},{\"@type\":\"ListItem\",\"position\":2,\"name\":\"Oferta\",\"item\":\"https:\/\/darpol.bydgoszcz.pl\/oferta\/\"},{\"@type\":\"ListItem\",\"position\":3,\"name\":\"\u015amietniczka du\u017ca pod zabudow\u0119 z segregacj\u0105 DL-38-024-00\"}]},{\"@type\":\"WebSite\",\"@id\":\"https:\/\/darpol.bydgoszcz.pl\/#website\",\"url\":\"https:\/\/darpol.bydgoszcz.pl\/\",\"name\":\"Darpol Bydgoszcz\",\"description\":\"\",\"potentialAction\":[{\"@type\":\"SearchAction\",\"target\":{\"@type\":\"EntryPoint\",\"urlTemplate\":\"https:\/\/darpol.bydgoszcz.pl\/?s={search_term_string}\"},\"query-input\":\"required name=search_term_string\"}],\"inLanguage\":\"ru-RU\"}]}<\/script>\n<!-- \/ Yoast SEO plugin. -->","yoast_head_json":{"title":"\u015amietniczka du\u017ca pod zabudow\u0119 z segregacj\u0105 DL-38-024-00 - Darpol Bydgoszcz","description":"\u015amietniczka przeznaczona do monta\u017cu wewn\u0105trz pojazd\u00f3w szynowych. Budowa \u015bmietniczki pozwala na segregacj\u0119 odpad\u00f3w, front posiada trzy otwory dla trzech, niezale\u017cnych od siebie workotrzymaczy zamocowanych w pojemniku. Dost\u0119p dla u\u017cytkownika jest wy\u0142\u0105cznie od frontu. Od strony pojemnika, ukrytej dla u\u017cytkownika, mo\u017cliwa jest wymiana work\u00f3w przez serwisanta.","robots":{"index":"index","follow":"follow","max-snippet":"max-snippet:-1","max-image-preview":"max-image-preview:large","max-video-preview":"max-video-preview:-1"},"canonical":"https:\/\/darpol.bydgoszcz.pl\/ru\/predlagaet\/podvizhnoj-sostav\/elementy-interiera\/smietniczka-duza-pod-zabudowe-z-segregacja-dl-38-024-00\/","og_locale":"ru_RU","og_type":"article","og_title":"\u015amietniczka du\u017ca pod zabudow\u0119 z segregacj\u0105 DL-38-024-00 - Darpol Bydgoszcz","og_description":"\u015amietniczka przeznaczona do monta\u017cu wewn\u0105trz pojazd\u00f3w szynowych. Budowa \u015bmietniczki pozwala na segregacj\u0119 odpad\u00f3w, front posiada trzy otwory dla trzech, niezale\u017cnych od siebie workotrzymaczy zamocowanych w pojemniku. Dost\u0119p dla u\u017cytkownika jest wy\u0142\u0105cznie od frontu. Od strony pojemnika, ukrytej dla u\u017cytkownika, mo\u017cliwa jest wymiana work\u00f3w przez serwisanta.","og_url":"https:\/\/darpol.bydgoszcz.pl\/ru\/predlagaet\/podvizhnoj-sostav\/elementy-interiera\/smietniczka-duza-pod-zabudowe-z-segregacja-dl-38-024-00\/","og_site_name":"Darpol Bydgoszcz","article_modified_time":"2025-10-10T11:56:38+00:00","og_image":[{"width":1000,"height":1000,"url":"https:\/\/darpol.bydgoszcz.pl\/wp-content\/uploads\/DL-38-024-00-Smietniczka-duza-pod-zabudowe-z-segregacja.png","type":"image\/png"}],"twitter_card":"summary_large_image","twitter_misc":{"\u041f\u0440\u0438\u043c\u0435\u0440\u043d\u043e\u0435 \u0432\u0440\u0435\u043c\u044f \u0434\u043b\u044f \u0447\u0442\u0435\u043d\u0438\u044f":"1 \u043c\u0438\u043d\u0443\u0442\u0430"},"schema":{"@context":"https:\/\/schema.org","@graph":[{"@type":"WebPage","@id":"https:\/\/darpol.bydgoszcz.pl\/ru\/predlagaet\/podvizhnoj-sostav\/elementy-interiera\/smietniczka-duza-pod-zabudowe-z-segregacja-dl-38-024-00\/","url":"https:\/\/darpol.bydgoszcz.pl\/ru\/predlagaet\/podvizhnoj-sostav\/elementy-interiera\/smietniczka-duza-pod-zabudowe-z-segregacja-dl-38-024-00\/","name":"\u015amietniczka du\u017ca pod zabudow\u0119 z segregacj\u0105 DL-38-024-00 - Darpol Bydgoszcz","isPartOf":{"@id":"https:\/\/darpol.bydgoszcz.pl\/#website"},"primaryImageOfPage":{"@id":"https:\/\/darpol.bydgoszcz.pl\/ru\/predlagaet\/podvizhnoj-sostav\/elementy-interiera\/smietniczka-duza-pod-zabudowe-z-segregacja-dl-38-024-00\/#primaryimage"},"image":{"@id":"https:\/\/darpol.bydgoszcz.pl\/ru\/predlagaet\/podvizhnoj-sostav\/elementy-interiera\/smietniczka-duza-pod-zabudowe-z-segregacja-dl-38-024-00\/#primaryimage"},"thumbnailUrl":"https:\/\/darpol.bydgoszcz.pl\/wp-content\/uploads\/DL-38-024-00-Smietniczka-duza-pod-zabudowe-z-segregacja.png","datePublished":"2025-03-05T11:09:13+00:00","dateModified":"2025-10-10T11:56:38+00:00","description":"\u015amietniczka przeznaczona do monta\u017cu wewn\u0105trz pojazd\u00f3w szynowych. Budowa \u015bmietniczki pozwala na segregacj\u0119 odpad\u00f3w, front posiada trzy otwory dla trzech, niezale\u017cnych od siebie workotrzymaczy zamocowanych w pojemniku. Dost\u0119p dla u\u017cytkownika jest wy\u0142\u0105cznie od frontu. Od strony pojemnika, ukrytej dla u\u017cytkownika, mo\u017cliwa jest wymiana work\u00f3w przez serwisanta.","breadcrumb":{"@id":"https:\/\/darpol.bydgoszcz.pl\/ru\/predlagaet\/podvizhnoj-sostav\/elementy-interiera\/smietniczka-duza-pod-zabudowe-z-segregacja-dl-38-024-00\/#breadcrumb"},"inLanguage":"ru-RU","potentialAction":[{"@type":"ReadAction","target":["https:\/\/darpol.bydgoszcz.pl\/ru\/predlagaet\/podvizhnoj-sostav\/elementy-interiera\/smietniczka-duza-pod-zabudowe-z-segregacja-dl-38-024-00\/"]}]},{"@type":"ImageObject","inLanguage":"ru-RU","@id":"https:\/\/darpol.bydgoszcz.pl\/ru\/predlagaet\/podvizhnoj-sostav\/elementy-interiera\/smietniczka-duza-pod-zabudowe-z-segregacja-dl-38-024-00\/#primaryimage","url":"https:\/\/darpol.bydgoszcz.pl\/wp-content\/uploads\/DL-38-024-00-Smietniczka-duza-pod-zabudowe-z-segregacja.png","contentUrl":"https:\/\/darpol.bydgoszcz.pl\/wp-content\/uploads\/DL-38-024-00-Smietniczka-duza-pod-zabudowe-z-segregacja.png","width":1000,"height":1000,"caption":"DL-38-024-00 \u015amietniczka du\u017ca pod zabudow\u0119 z segregacj\u0105"},{"@type":"BreadcrumbList","@id":"https:\/\/darpol.bydgoszcz.pl\/ru\/predlagaet\/podvizhnoj-sostav\/elementy-interiera\/smietniczka-duza-pod-zabudowe-z-segregacja-dl-38-024-00\/#breadcrumb","itemListElement":[{"@type":"ListItem","position":1,"name":"Strona g\u0142\u00f3wna","item":"https:\/\/darpol.bydgoszcz.pl\/ru\/"},{"@type":"ListItem","position":2,"name":"Oferta","item":"https:\/\/darpol.bydgoszcz.pl\/oferta\/"},{"@type":"ListItem","position":3,"name":"\u015amietniczka du\u017ca pod zabudow\u0119 z segregacj\u0105 DL-38-024-00"}]},{"@type":"WebSite","@id":"https:\/\/darpol.bydgoszcz.pl\/#website","url":"https:\/\/darpol.bydgoszcz.pl\/","name":"Darpol Bydgoszcz","description":"","potentialAction":[{"@type":"SearchAction","target":{"@type":"EntryPoint","urlTemplate":"https:\/\/darpol.bydgoszcz.pl\/?s={search_term_string}"},"query-input":"required name=search_term_string"}],"inLanguage":"ru-RU"}]}},"_links":{"self":[{"href":"https:\/\/darpol.bydgoszcz.pl\/ru\/wp-json\/wp\/v2\/product\/57370","targetHints":{"allow":["GET"]}}],"collection":[{"href":"https:\/\/darpol.bydgoszcz.pl\/ru\/wp-json\/wp\/v2\/product"}],"about":[{"href":"https:\/\/darpol.bydgoszcz.pl\/ru\/wp-json\/wp\/v2\/types\/product"}],"wp:featuredmedia":[{"embeddable":true,"href":"https:\/\/darpol.bydgoszcz.pl\/ru\/wp-json\/wp\/v2\/media\/57367"}],"wp:attachment":[{"href":"https:\/\/darpol.bydgoszcz.pl\/ru\/wp-json\/wp\/v2\/media?parent=57370"}],"wp:term":[{"taxonomy":"product_cat","embeddable":true,"href":"https:\/\/darpol.bydgoszcz.pl\/ru\/wp-json\/wp\/v2\/product_cat?post=57370"},{"taxonomy":"product_tag","embeddable":true,"href":"https:\/\/darpol.bydgoszcz.pl\/ru\/wp-json\/wp\/v2\/product_tag?post=57370"}],"curies":[{"name":"wp","href":"https:\/\/api.w.org\/{rel}","templated":true}]}}