{"id":57075,"date":"2018-02-22T17:32:05","date_gmt":"2018-02-22T16:32:05","guid":{"rendered":"https:\/\/darpol.bydgoszcz.pl\/offer\/uncategorized\/zlacza-przemyslowe-han\/"},"modified":"2024-10-14T11:43:57","modified_gmt":"2024-10-14T09:43:57","slug":"zlacza-przemyslowe-han","status":"publish","type":"product","link":"https:\/\/darpol.bydgoszcz.pl\/ru\/predlagaet\/podvizhnoj-sostav\/elektro-zapchasti\/zlacza-przemyslowe-han\/","title":{"rendered":"Z\u0142\u0105cza przemys\u0142owe i pozosta\u0142e rozwi\u0105zania HARTING"},"content":{"rendered":"<div>\n<p>\u042f\u0432\u043b\u044f\u044f\u0441\u044c \u043e\u0444\u0438\u0446\u0438\u0430\u043b\u044c\u043d\u044b\u043c \u0434\u0438\u0441\u0442\u0440\u0438\u0431\u044c\u044e\u0442\u043e\u0440\u043e\u043c HARTING, \u043c\u044b \u043f\u0440\u0435\u0434\u043b\u0430\u0433\u0430\u0435\u043c \u0448\u0438\u0440\u043e\u043a\u0438\u0439 \u0430\u0441\u0441\u043e\u0440\u0442\u0438\u043c\u0435\u043d\u0442 \u043f\u0440\u043e\u043c\u044b\u0448\u043b\u0435\u043d\u043d\u044b\u0445 \u0440\u0430\u0437\u044a\u0435\u043c\u043e\u0432.<br \/>\n\u0418\u0445 \u043f\u0440\u0438\u043c\u0435\u043d\u044f\u044e\u0442 \u0432 \u0440\u0430\u0437\u043b\u0438\u0447\u043d\u044b\u0445 \u0441\u043b\u043e\u0436\u043d\u044b\u0445 \u043a\u043b\u0438\u043c\u0430\u0442\u0438\u0447\u0435\u0441\u043a\u0438\u0445 \u0443\u0441\u043b\u043e\u0432\u0438\u044f\u0445, \u0432\u0435\u0437\u0434\u0435, \u0433\u0434\u0435 \u043d\u0435\u043e\u0431\u0445\u043e\u0434\u0438\u043c\u043e \u043d\u0430\u0434\u0435\u0436\u043d\u043e\u0435 \u0438 \u0434\u043e\u043b\u0433\u043e\u0432\u0435\u0447\u043d\u043e\u0435 \u044d\u043b\u0435\u043a\u0442\u0440\u0438\u0447\u0435\u0441\u043a\u043e\u0435 \u0441\u043e\u0435\u0434\u0438\u043d\u0435\u043d\u0438\u0435. \u0412 \u0430\u0441\u0441\u043e\u0440\u0442\u0438\u043c\u0435\u043d\u0442 \u043f\u0440\u043e\u0434\u0443\u043a\u0446\u0438\u0438 \u0432\u0445\u043e\u0434\u044f\u0442 \u0440\u0430\u0437\u044a\u0435\u043c\u044b \u0434\u043b\u044f \u043f\u0435\u0440\u0435\u0434\u0430\u0447\u0438 \u0441\u0438\u0433\u043d\u0430\u043b\u043e\u0432, \u0430 \u0442\u0430\u043a\u0436\u0435 \u043c\u043e\u0434\u0443\u043b\u044c\u043d\u044b\u0439 \u0440\u0430\u0437\u044a\u0435\u043c \u043f\u0438\u0442\u0430\u043d\u0438\u044f \u043d\u0430 \u0442\u043e\u043a \u0434\u043e 650 \u0410. \u041a\u043e\u0440\u043f\u0443\u0441\u0430 \u0440\u0430\u0437\u044a\u0435\u043c\u043e\u0432 \u0434\u043e\u0441\u0442\u0443\u043f\u043d\u044b \u0441\u043e \u0441\u0442\u0435\u043f\u0435\u043d\u044f\u043c\u0438 \u0437\u0430\u0449\u0438\u0442\u044b \u043e\u0442 IP44 \u0434\u043e IP69K. \u041f\u043e\u0447\u0442\u0438 \u043a\u0430\u0436\u0434\u044b\u0439 \u0440\u0430\u0437\u043c\u0435\u0440 \u0438\u043c\u0435\u0435\u0442 \u0448\u0435\u0441\u0442\u044c \u0440\u0430\u0437\u043b\u0438\u0447\u043d\u044b\u0445 \u0442\u0438\u043f\u043e\u0432 \u043a\u043e\u0440\u043f\u0443\u0441\u043e\u0432 \u0440\u043e\u0437\u0435\u0442\u043e\u043a.<\/p>\n<p>&nbsp;<\/p>\n<p>\u041f\u0440\u0435\u0438\u043c\u0443\u0449\u0435\u0441\u0442\u0432\u0430:<br \/>\n+ \u0421\u0431\u043e\u0440\u043a\u0430 \u043d\u0430 \u043c\u0435\u0441\u0442\u0435 \u043d\u0430 \u0441\u0442\u0430\u043d\u043a\u0430\u0445 \u0438 \u043f\u0440\u043e\u043c\u044b\u0448\u043b\u0435\u043d\u043d\u044b\u0445 \u043e\u0431\u044a\u0435\u043a\u0442\u0430\u0445<br \/>\n+ \u0412\u043e\u0437\u043c\u043e\u0436\u043d\u0430 \u0437\u0430\u043c\u0435\u043d\u0430 \u0432 \u043f\u0440\u043e\u0438\u0437\u0432\u043e\u0434\u0441\u0442\u0432\u0435\u043d\u043d\u043e\u043c \u043e\u0431\u043e\u0440\u0443\u0434\u043e\u0432\u0430\u043d\u0438\u0438 \u043f\u0440\u0438 \u043f\u0435\u0440\u0435\u0445\u043e\u0434\u0435 \u043d\u0430 \u0434\u0440\u0443\u0433\u043e\u0439 \u0442\u0438\u043f<br \/>\n+ \u0412\u043e\u0437\u043c\u043e\u0436\u043d\u043e\u0441\u0442\u044c \u0441\u0431\u043e\u0440\u043a\u0438 \u0438 \u0440\u0430\u0437\u0431\u043e\u0440\u043a\u0438 \u043f\u0440\u043e\u0438\u0437\u0432\u043e\u0434\u0441\u0442\u0432\u0435\u043d\u043d\u043e\u0433\u043e \u043e\u0431\u043e\u0440\u0443\u0434\u043e\u0432\u0430\u043d\u0438\u044f \u043f\u043e\u0441\u043b\u0435 \u0441\u043c\u0435\u043d\u044b \u0435\u0433\u043e \u043c\u0435\u0441\u0442\u043e\u043f\u043e\u043b\u043e\u0436\u0435\u043d\u0438\u044f<br \/>\n+ \u0412\u043e\u0437\u043c\u043e\u0436\u043d\u0430 \u0437\u0430\u043c\u0435\u043d\u0430 \u043f\u0435\u0440\u0435\u043d\u043e\u0441\u043d\u044b\u0445 \u0441\u043e\u0435\u0434\u0438\u043d\u0438\u0442\u0435\u043b\u044c\u043d\u044b\u0445 \u043a\u0430\u0431\u0435\u043b\u0435\u0439<\/p>\n<p>&nbsp;<\/p>\n<p>&nbsp;<\/p>\n<p>\u041a\u043e\u043b\u0438\u0447\u0435\u0441\u0442\u0432\u043e \u043a\u043e\u043d\u0442\u0430\u043a\u0442\u043e\u0432:<\/p>\n<p>\u041e\u0442 1 \u0434\u043e 400 \u043a\u043e\u043d\u0442\u0430\u043a\u0442\u043e\u0432 + PE<\/p>\n<p>&nbsp;<\/p>\n<p>&nbsp;<\/p>\n<p>\u041d\u043e\u043c\u0438\u043d\u0430\u043b\u044c\u043d\u043e\u0435 \u043d\u0430\u043f\u0440\u044f\u0436\u0435\u043d\u0438\u0435:<br \/>\n\u043e\u0442 25 \u0412 \u0434\u043e 5000 \u0412<\/p>\n<p>&nbsp;<\/p>\n<p>\u041d\u043e\u043c\u0438\u043d\u0430\u043b\u044c\u043d\u044b\u0439 \u0442\u043e\u043a:<br \/>\n\u043e\u0442 5\u0410 \u0434\u043e 650\u0410<\/p>\n<p>&nbsp;<\/p>\n<p>\u0422\u0438\u043f\u044b \u043f\u043e\u0434\u043a\u043b\u044e\u0447\u0435\u043d\u0438\u044f:<br \/>\n* \u0412\u0438\u043d\u0442\u043e\u0432\u043e\u0435 \u0441\u043e\u0435\u0434\u0438\u043d\u0435\u043d\u0438\u0435<br \/>\n* \u0417\u0430\u0436\u0438\u043c\u043d\u043e\u0435 \u0441\u043e\u0435\u0434\u0438\u043d\u0435\u043d\u0438\u0435<br \/>\n* \u0421\u043e\u0435\u0434\u0438\u043d\u0435\u043d\u0438\u0435 HARAX\u00ae<br \/>\n* \u0421\u043e\u0435\u0434\u0438\u043d\u0435\u043d\u0438\u0435 \u043a\u043b\u0435\u0442\u043a\u0438<br \/>\n* \u041e\u0441\u0435\u0432\u043e\u0435 \u0432\u0438\u043d\u0442\u043e\u0432\u043e\u0435 \u0441\u043e\u0435\u0434\u0438\u043d\u0435\u043d\u0438\u0435<br \/>\n* \u041f\u0430\u044f\u043d\u043e\u0435 \u0441\u043e\u0435\u0434\u0438\u043d\u0435\u043d\u0438\u0435<br \/>\n* \u0417\u0430\u0432\u0435\u0440\u043d\u0443\u0442\u043e\u0435 \u0441\u043e\u0435\u0434\u0438\u043d\u0435\u043d\u0438\u0435<br \/>\n* \u0421\u043e\u0435\u0434\u0438\u043d\u0435\u043d\u0438\u0435 Quick Lock\u00ae<\/p>\n<p>&nbsp;<\/p>\n<p>&nbsp;<\/p>\n<p>\u0422\u0438\u043f\u044b \u043a\u043e\u0440\u043f\u0443\u0441\u043e\u0432 \u0440\u043e\u0437\u0435\u0442\u043e\u043a:<br \/>\nHan\u00ae Standard, Han\u00ae M, Han\u00ae HPR, Han\u00ae EMV, Han\u00ae HMC, Han\u00ae High Temp, Han-Yellock\u00ae<\/p>\n<p>&nbsp;<\/p>\n<p>\u0410\u043a\u0441\u0435\u0441\u0441\u0443\u0430\u0440\u044b:<br \/>\n\u041a\u0440\u044b\u0448\u043a\u0438, \u0441\u0430\u043b\u044c\u043d\u0438\u043a\u0438 \u0438 \u0430\u0434\u0430\u043f\u0442\u0435\u0440\u044b \u0434\u043b\u044f \u043f\u0435\u0447\u0430\u0442\u043d\u044b\u0445 \u043f\u043b\u0430\u0442<\/p>\n<p>&nbsp;<\/p>\n<p>\u0421\u0435\u0440\u0442\u0438\u0444\u0438\u043a\u0430\u0442\u044b:<br \/>\nUL, CSA \u0434\u043b\u044f \u0440\u0430\u0437\u044a\u0435\u043c\u043e\u0432 Nema 4\/12 \u0434\u043b\u044f \u043a\u043e\u0440\u043f\u0443\u0441\u043e\u0432, CCC, \u0413\u041e\u0421\u0422, GL, IRIS, EN ISO 9001 \u0438 14001.<\/p>\n<p>&nbsp;<\/p>\n<p>&nbsp;<\/p>\n<div><a href=\"http:\/\/www.harting.pl\/fileadmin\/harting\/images\/lg\/hartingpoland\/HARTING_Zlacza_Przemyslowe_Han_PL.pdf\"><strong>\u041a\u0430\u0442\u0430\u043b\u043e\u0433 \u043f\u0440\u043e\u043c\u044b\u0448\u043b\u0435\u043d\u043d\u044b\u0445 \u0440\u0430\u0437\u044a\u0435\u043c\u043e\u0432 HARTIN<\/strong><\/a><\/div>\n<div><\/div>\n<div><a href=\"http:\/\/www.harting.pl\/fileadmin\/harting\/images\/lg\/hartingpoland\/HARTING_Han_Yellock_PL.pdf\"><strong>\u041a\u0430\u0442\u0430\u043b\u043e\u0433 \u0440\u0430\u0437\u044a\u0435\u043c\u043e\u0432 Han-Yellock\u00ae<\/strong><\/a><\/div>\n<div><\/div>\n<div><a href=\"http:\/\/www.harting.pl\/fileadmin\/harting\/images\/lg\/hartingpoland\/HARTNG_Han_Eco_PL.pdf\"><strong>\u041a\u0430\u0442\u0430\u043b\u043e\u0433 \u0440\u0430\u0437\u044a\u0435\u043c\u043e\u0432 Han-Eco\u00ae<\/strong><\/a><\/div>\n<div><\/div>\n<div>\n<p>&nbsp;<\/p>\n<\/div>\n<p>&nbsp;<\/p>\n<p><span style=\"text-decoration: underline;\">\u0422\u0430\u043a\u0436\u0435 \u0434\u043e\u0441\u0442\u0443\u043f\u043d\u044b:<\/span><\/p>\n<p>* \u041a\u043e\u043c\u043f\u043e\u043d\u0435\u043d\u0442\u044b \u0448\u043a\u0430\u0444\u0430, \u0441\u0435\u0440\u0432\u0438\u0441\u043d\u044b\u0435 \u0438\u043d\u0442\u0435\u0440\u0444\u0435\u0439\u0441\u044b \u0438 \u0430\u0434\u0430\u043f\u0442\u0435\u0440\u044b \u0434\u043b\u044f \u043f\u0435\u0447\u0430\u0442\u043d\u044b\u0445 \u043f\u043b\u0430\u0442.<\/p>\n<p>* \u041a\u043e\u043c\u043f\u043e\u043d\u0435\u043d\u0442\u044b \u0434\u043b\u044f \u043f\u0435\u0440\u0435\u0434\u0430\u0447\u0438 \u0438 \u0440\u0430\u0441\u043f\u0440\u0435\u0434\u0435\u043b\u0435\u043d\u0438\u044f \u044d\u043d\u0435\u0440\u0433\u0438\u0438<\/p>\n<p>* \u0410\u043a\u0441\u0435\u0441\u0441\u0443\u0430\u0440\u044b<\/p>\n<p>* \u0422\u0440\u0430\u043d\u0441\u0444\u043e\u0440\u043c\u0430\u0442\u043e\u0440\u044b \u0442\u043e\u043a\u0430 \u043d\u0430 \u044d\u0444\u0444\u0435\u043a\u0442\u0435 \u0425\u043e\u043b\u043b\u0430 HARTING<\/p>\n<p>* \u0418\u043d\u0441\u0442\u0440\u0443\u043c\u0435\u043d\u0442\u044b \u0434\u043b\u044f \u0440\u0430\u0437\u044a\u0435\u043c\u043e\u0432<\/p>\n<p>* \u0412\u043e\u043b\u043e\u043a\u043e\u043d\u043d\u043e-\u043e\u043f\u0442\u0438\u0447\u0435\u0441\u043a\u0438\u0435 \u0441\u0438\u0441\u0442\u0435\u043c\u044b \u0438 \u043a\u043e\u043c\u043f\u043e\u043d\u0435\u043d\u0442\u044b \u0434\u043b\u044f \u043f\u0435\u0440\u0435\u0434\u0430\u0447\u0438 \u0434\u0430\u043d\u043d\u044b\u0445.<\/p>\n<p>* \u0421\u0438\u0441\u0442\u0435\u043c\u043d\u044b\u0435 \u0440\u0435\u0448\u0435\u043d\u0438\u044f Ha-VIS RFID<\/p>\n<p>* Ethernet-\u043a\u043e\u043c\u043c\u0443\u0442\u0430\u0442\u043e\u0440\u044b<\/p>\n<p>* \u041a\u0440\u0443\u0433\u043b\u044b\u0435 \u0440\u0430\u0437\u044a\u0435\u043c\u044b, \u043f\u0435\u0447\u0430\u0442\u043d\u0430\u044f \u043f\u043b\u0430\u0442\u0430 \u0441 \u0440\u0430\u0441\u0442\u0440\u043e\u043c, \u043c\u0435\u0442\u0440\u0438\u0447\u0435\u0441\u043a\u0438\u0435, \u0434\u043b\u044f AdvancedTCA\u00ae\/ MicroTCA&#x2122;, \u043c\u0435\u0437\u043e\u043d\u0438\u043d<\/p>\n<p>* \u043c\u043d\u043e\u0433\u0438\u0435 \u0434\u0440\u0443\u0433\u0438\u0435<\/p>\n<\/div>\n<div>\n<p>&nbsp;<\/p>\n<p>&nbsp;<\/p>\n<\/div>\n<div style=\"clear:both\"><a href=\"javascript:window.print()\"><i class=\"fa fa-print\" aria-hidden=\"true\"><\/i> \u043f\u0435\u0447\u0430\u0442\u044c<\/a><\/div>","protected":false},"excerpt":{"rendered":"<p>\u042f\u0432\u043b\u044f\u044f\u0441\u044c \u043e\u0444\u0438\u0446\u0438\u0430\u043b\u044c\u043d\u044b\u043c \u0434\u0438\u0441\u0442\u0440\u0438\u0431\u044c\u044e\u0442\u043e\u0440\u043e\u043c HARTING, \u043c\u044b \u043f\u0440\u0435\u0434\u043b\u0430\u0433\u0430\u0435\u043c \u0448\u0438\u0440\u043e\u043a\u0438\u0439 \u0430\u0441\u0441\u043e\u0440\u0442\u0438\u043c\u0435\u043d\u0442 \u043f\u0440\u043e\u043c\u044b\u0448\u043b\u0435\u043d\u043d\u044b\u0445 \u0440\u0430\u0437\u044a\u0435\u043c\u043e\u0432. \u0418\u0445 \u043f\u0440\u0438\u043c\u0435\u043d\u044f\u044e\u0442 \u0432 \u0440\u0430\u0437\u043b\u0438\u0447\u043d\u044b\u0445 \u0441\u043b\u043e\u0436\u043d\u044b\u0445 \u043a\u043b\u0438\u043c\u0430\u0442\u0438\u0447\u0435\u0441\u043a\u0438\u0445 \u0443\u0441\u043b\u043e\u0432\u0438\u044f\u0445, \u0432\u0435\u0437\u0434\u0435, \u0433\u0434\u0435 \u043d\u0435\u043e\u0431\u0445\u043e\u0434\u0438\u043c\u043e \u043d\u0430\u0434\u0435\u0436\u043d\u043e\u0435 \u0438 \u0434\u043e\u043b\u0433\u043e\u0432\u0435\u0447\u043d\u043e\u0435 \u044d\u043b\u0435\u043a\u0442\u0440\u0438\u0447\u0435\u0441\u043a\u043e\u0435 \u0441\u043e\u0435\u0434\u0438\u043d\u0435\u043d\u0438\u0435. \u0412 \u0430\u0441\u0441\u043e\u0440\u0442\u0438\u043c\u0435\u043d\u0442 \u043f\u0440\u043e\u0434\u0443\u043a\u0446\u0438\u0438 \u0432\u0445\u043e\u0434\u044f\u0442 \u0440\u0430\u0437\u044a\u0435\u043c\u044b \u0434\u043b\u044f \u043f\u0435\u0440\u0435\u0434\u0430\u0447\u0438 \u0441\u0438\u0433\u043d\u0430\u043b\u043e\u0432, \u0430 \u0442\u0430\u043a\u0436\u0435 \u043c\u043e\u0434\u0443\u043b\u044c\u043d\u044b\u0439 \u0440\u0430\u0437\u044a\u0435\u043c \u043f\u0438\u0442\u0430\u043d\u0438\u044f \u043d\u0430 \u0442\u043e\u043a \u0434\u043e 650 \u0410. \u041a\u043e\u0440\u043f\u0443\u0441\u0430 \u0440\u0430\u0437\u044a\u0435\u043c\u043e\u0432 \u0434\u043e\u0441\u0442\u0443\u043f\u043d\u044b \u0441\u043e \u0441\u0442\u0435\u043f\u0435\u043d\u044f\u043c\u0438 \u0437\u0430\u0449\u0438\u0442\u044b \u043e\u0442 IP44 \u0434\u043e IP69K. \u041f\u043e\u0447\u0442\u0438 \u043a\u0430\u0436\u0434\u044b\u0439 &hellip;<\/p>\n","protected":false},"featured_media":53070,"template":"","meta":{"om_disable_all_campaigns":false,"_monsterinsights_skip_tracking":false,"_monsterinsights_sitenote_active":false,"_monsterinsights_sitenote_note":"","_monsterinsights_sitenote_category":0,"_uf_show_specific_survey":0,"_uf_disable_surveys":false},"product_cat":[305,323,329,341,335,347],"product_tag":[],"class_list":{"0":"post-57075","1":"product","2":"type-product","3":"status-publish","4":"has-post-thumbnail","6":"product_cat-elektro-zapchasti","7":"product_cat-ostalnye-zapchasti","8":"product_cat-elektrovozy-i-teplovozy","9":"product_cat-passazhirskie-vagony","10":"product_cat-elektrodizelpoezda","11":"product_cat-tramvai","13":"first","14":"instock","15":"shipping-taxable","16":"product-type-simple"},"yoast_head":"<!-- This site is optimized with the Yoast SEO plugin v23.0 - https:\/\/yoast.com\/wordpress\/plugins\/seo\/ -->\n<title>Z\u0142\u0105cza przemys\u0142owe i pozosta\u0142e rozwi\u0105zania HARTING - Darpol Bydgoszcz<\/title>\n<meta name=\"robots\" content=\"index, follow, max-snippet:-1, max-image-preview:large, max-video-preview:-1\" \/>\n<link rel=\"canonical\" href=\"https:\/\/darpol.bydgoszcz.pl\/ru\/predlagaet\/podvizhnoj-sostav\/elektro-zapchasti\/zlacza-przemyslowe-han\/\" \/>\n<meta property=\"og:locale\" content=\"ru_RU\" \/>\n<meta property=\"og:type\" content=\"article\" \/>\n<meta property=\"og:title\" content=\"Z\u0142\u0105cza przemys\u0142owe i pozosta\u0142e rozwi\u0105zania HARTING - Darpol Bydgoszcz\" \/>\n<meta property=\"og:description\" content=\"\u042f\u0432\u043b\u044f\u044f\u0441\u044c \u043e\u0444\u0438\u0446\u0438\u0430\u043b\u044c\u043d\u044b\u043c \u0434\u0438\u0441\u0442\u0440\u0438\u0431\u044c\u044e\u0442\u043e\u0440\u043e\u043c HARTING, \u043c\u044b \u043f\u0440\u0435\u0434\u043b\u0430\u0433\u0430\u0435\u043c \u0448\u0438\u0440\u043e\u043a\u0438\u0439 \u0430\u0441\u0441\u043e\u0440\u0442\u0438\u043c\u0435\u043d\u0442 \u043f\u0440\u043e\u043c\u044b\u0448\u043b\u0435\u043d\u043d\u044b\u0445 \u0440\u0430\u0437\u044a\u0435\u043c\u043e\u0432. \u0418\u0445 \u043f\u0440\u0438\u043c\u0435\u043d\u044f\u044e\u0442 \u0432 \u0440\u0430\u0437\u043b\u0438\u0447\u043d\u044b\u0445 \u0441\u043b\u043e\u0436\u043d\u044b\u0445 \u043a\u043b\u0438\u043c\u0430\u0442\u0438\u0447\u0435\u0441\u043a\u0438\u0445 \u0443\u0441\u043b\u043e\u0432\u0438\u044f\u0445, \u0432\u0435\u0437\u0434\u0435, \u0433\u0434\u0435 \u043d\u0435\u043e\u0431\u0445\u043e\u0434\u0438\u043c\u043e \u043d\u0430\u0434\u0435\u0436\u043d\u043e\u0435 \u0438 \u0434\u043e\u043b\u0433\u043e\u0432\u0435\u0447\u043d\u043e\u0435 \u044d\u043b\u0435\u043a\u0442\u0440\u0438\u0447\u0435\u0441\u043a\u043e\u0435 \u0441\u043e\u0435\u0434\u0438\u043d\u0435\u043d\u0438\u0435. \u0412 \u0430\u0441\u0441\u043e\u0440\u0442\u0438\u043c\u0435\u043d\u0442 \u043f\u0440\u043e\u0434\u0443\u043a\u0446\u0438\u0438 \u0432\u0445\u043e\u0434\u044f\u0442 \u0440\u0430\u0437\u044a\u0435\u043c\u044b \u0434\u043b\u044f \u043f\u0435\u0440\u0435\u0434\u0430\u0447\u0438 \u0441\u0438\u0433\u043d\u0430\u043b\u043e\u0432, \u0430 \u0442\u0430\u043a\u0436\u0435 \u043c\u043e\u0434\u0443\u043b\u044c\u043d\u044b\u0439 \u0440\u0430\u0437\u044a\u0435\u043c \u043f\u0438\u0442\u0430\u043d\u0438\u044f \u043d\u0430 \u0442\u043e\u043a \u0434\u043e 650 \u0410. \u041a\u043e\u0440\u043f\u0443\u0441\u0430 \u0440\u0430\u0437\u044a\u0435\u043c\u043e\u0432 \u0434\u043e\u0441\u0442\u0443\u043f\u043d\u044b \u0441\u043e \u0441\u0442\u0435\u043f\u0435\u043d\u044f\u043c\u0438 \u0437\u0430\u0449\u0438\u0442\u044b \u043e\u0442 IP44 \u0434\u043e IP69K. \u041f\u043e\u0447\u0442\u0438 \u043a\u0430\u0436\u0434\u044b\u0439 &hellip;\" \/>\n<meta property=\"og:url\" content=\"https:\/\/darpol.bydgoszcz.pl\/ru\/predlagaet\/podvizhnoj-sostav\/elektro-zapchasti\/zlacza-przemyslowe-han\/\" \/>\n<meta property=\"og:site_name\" content=\"Darpol Bydgoszcz\" \/>\n<meta property=\"article:modified_time\" content=\"2024-10-14T09:43:57+00:00\" \/>\n<meta property=\"og:image\" content=\"https:\/\/darpol.bydgoszcz.pl\/wp-content\/uploads\/z\u0142\u0105cza-przemys\u0142owe-han.jpg\" \/>\n\t<meta property=\"og:image:width\" content=\"190\" \/>\n\t<meta property=\"og:image:height\" content=\"130\" \/>\n\t<meta property=\"og:image:type\" content=\"image\/jpeg\" \/>\n<meta name=\"twitter:card\" content=\"summary_large_image\" \/>\n<meta name=\"twitter:label1\" content=\"\u041f\u0440\u0438\u043c\u0435\u0440\u043d\u043e\u0435 \u0432\u0440\u0435\u043c\u044f \u0434\u043b\u044f \u0447\u0442\u0435\u043d\u0438\u044f\" \/>\n\t<meta name=\"twitter:data1\" content=\"2 \u043c\u0438\u043d\u0443\u0442\u044b\" \/>\n<script type=\"application\/ld+json\" class=\"yoast-schema-graph\">{\"@context\":\"https:\/\/schema.org\",\"@graph\":[{\"@type\":\"WebPage\",\"@id\":\"https:\/\/darpol.bydgoszcz.pl\/ru\/predlagaet\/podvizhnoj-sostav\/elektro-zapchasti\/zlacza-przemyslowe-han\/\",\"url\":\"https:\/\/darpol.bydgoszcz.pl\/ru\/predlagaet\/podvizhnoj-sostav\/elektro-zapchasti\/zlacza-przemyslowe-han\/\",\"name\":\"Z\u0142\u0105cza przemys\u0142owe i pozosta\u0142e rozwi\u0105zania HARTING - Darpol Bydgoszcz\",\"isPartOf\":{\"@id\":\"https:\/\/darpol.bydgoszcz.pl\/#website\"},\"primaryImageOfPage\":{\"@id\":\"https:\/\/darpol.bydgoszcz.pl\/ru\/predlagaet\/podvizhnoj-sostav\/elektro-zapchasti\/zlacza-przemyslowe-han\/#primaryimage\"},\"image\":{\"@id\":\"https:\/\/darpol.bydgoszcz.pl\/ru\/predlagaet\/podvizhnoj-sostav\/elektro-zapchasti\/zlacza-przemyslowe-han\/#primaryimage\"},\"thumbnailUrl\":\"https:\/\/darpol.bydgoszcz.pl\/wp-content\/uploads\/z\u0142\u0105cza-przemys\u0142owe-han.jpg\",\"datePublished\":\"2018-02-22T16:32:05+00:00\",\"dateModified\":\"2024-10-14T09:43:57+00:00\",\"breadcrumb\":{\"@id\":\"https:\/\/darpol.bydgoszcz.pl\/ru\/predlagaet\/podvizhnoj-sostav\/elektro-zapchasti\/zlacza-przemyslowe-han\/#breadcrumb\"},\"inLanguage\":\"ru-RU\",\"potentialAction\":[{\"@type\":\"ReadAction\",\"target\":[\"https:\/\/darpol.bydgoszcz.pl\/ru\/predlagaet\/podvizhnoj-sostav\/elektro-zapchasti\/zlacza-przemyslowe-han\/\"]}]},{\"@type\":\"ImageObject\",\"inLanguage\":\"ru-RU\",\"@id\":\"https:\/\/darpol.bydgoszcz.pl\/ru\/predlagaet\/podvizhnoj-sostav\/elektro-zapchasti\/zlacza-przemyslowe-han\/#primaryimage\",\"url\":\"https:\/\/darpol.bydgoszcz.pl\/wp-content\/uploads\/z\u0142\u0105cza-przemys\u0142owe-han.jpg\",\"contentUrl\":\"https:\/\/darpol.bydgoszcz.pl\/wp-content\/uploads\/z\u0142\u0105cza-przemys\u0142owe-han.jpg\",\"width\":190,\"height\":130,\"caption\":\"Darpol dystrybutorem Harting\"},{\"@type\":\"BreadcrumbList\",\"@id\":\"https:\/\/darpol.bydgoszcz.pl\/ru\/predlagaet\/podvizhnoj-sostav\/elektro-zapchasti\/zlacza-przemyslowe-han\/#breadcrumb\",\"itemListElement\":[{\"@type\":\"ListItem\",\"position\":1,\"name\":\"Strona g\u0142\u00f3wna\",\"item\":\"https:\/\/darpol.bydgoszcz.pl\/ru\/\"},{\"@type\":\"ListItem\",\"position\":2,\"name\":\"Oferta\",\"item\":\"https:\/\/darpol.bydgoszcz.pl\/oferta\/\"},{\"@type\":\"ListItem\",\"position\":3,\"name\":\"Z\u0142\u0105cza przemys\u0142owe i pozosta\u0142e rozwi\u0105zania HARTING\"}]},{\"@type\":\"WebSite\",\"@id\":\"https:\/\/darpol.bydgoszcz.pl\/#website\",\"url\":\"https:\/\/darpol.bydgoszcz.pl\/\",\"name\":\"Darpol Bydgoszcz\",\"description\":\"\",\"potentialAction\":[{\"@type\":\"SearchAction\",\"target\":{\"@type\":\"EntryPoint\",\"urlTemplate\":\"https:\/\/darpol.bydgoszcz.pl\/?s={search_term_string}\"},\"query-input\":\"required name=search_term_string\"}],\"inLanguage\":\"ru-RU\"}]}<\/script>\n<!-- \/ Yoast SEO plugin. -->","yoast_head_json":{"title":"Z\u0142\u0105cza przemys\u0142owe i pozosta\u0142e rozwi\u0105zania HARTING - Darpol Bydgoszcz","robots":{"index":"index","follow":"follow","max-snippet":"max-snippet:-1","max-image-preview":"max-image-preview:large","max-video-preview":"max-video-preview:-1"},"canonical":"https:\/\/darpol.bydgoszcz.pl\/ru\/predlagaet\/podvizhnoj-sostav\/elektro-zapchasti\/zlacza-przemyslowe-han\/","og_locale":"ru_RU","og_type":"article","og_title":"Z\u0142\u0105cza przemys\u0142owe i pozosta\u0142e rozwi\u0105zania HARTING - Darpol Bydgoszcz","og_description":"\u042f\u0432\u043b\u044f\u044f\u0441\u044c \u043e\u0444\u0438\u0446\u0438\u0430\u043b\u044c\u043d\u044b\u043c \u0434\u0438\u0441\u0442\u0440\u0438\u0431\u044c\u044e\u0442\u043e\u0440\u043e\u043c HARTING, \u043c\u044b \u043f\u0440\u0435\u0434\u043b\u0430\u0433\u0430\u0435\u043c \u0448\u0438\u0440\u043e\u043a\u0438\u0439 \u0430\u0441\u0441\u043e\u0440\u0442\u0438\u043c\u0435\u043d\u0442 \u043f\u0440\u043e\u043c\u044b\u0448\u043b\u0435\u043d\u043d\u044b\u0445 \u0440\u0430\u0437\u044a\u0435\u043c\u043e\u0432. \u0418\u0445 \u043f\u0440\u0438\u043c\u0435\u043d\u044f\u044e\u0442 \u0432 \u0440\u0430\u0437\u043b\u0438\u0447\u043d\u044b\u0445 \u0441\u043b\u043e\u0436\u043d\u044b\u0445 \u043a\u043b\u0438\u043c\u0430\u0442\u0438\u0447\u0435\u0441\u043a\u0438\u0445 \u0443\u0441\u043b\u043e\u0432\u0438\u044f\u0445, \u0432\u0435\u0437\u0434\u0435, \u0433\u0434\u0435 \u043d\u0435\u043e\u0431\u0445\u043e\u0434\u0438\u043c\u043e \u043d\u0430\u0434\u0435\u0436\u043d\u043e\u0435 \u0438 \u0434\u043e\u043b\u0433\u043e\u0432\u0435\u0447\u043d\u043e\u0435 \u044d\u043b\u0435\u043a\u0442\u0440\u0438\u0447\u0435\u0441\u043a\u043e\u0435 \u0441\u043e\u0435\u0434\u0438\u043d\u0435\u043d\u0438\u0435. \u0412 \u0430\u0441\u0441\u043e\u0440\u0442\u0438\u043c\u0435\u043d\u0442 \u043f\u0440\u043e\u0434\u0443\u043a\u0446\u0438\u0438 \u0432\u0445\u043e\u0434\u044f\u0442 \u0440\u0430\u0437\u044a\u0435\u043c\u044b \u0434\u043b\u044f \u043f\u0435\u0440\u0435\u0434\u0430\u0447\u0438 \u0441\u0438\u0433\u043d\u0430\u043b\u043e\u0432, \u0430 \u0442\u0430\u043a\u0436\u0435 \u043c\u043e\u0434\u0443\u043b\u044c\u043d\u044b\u0439 \u0440\u0430\u0437\u044a\u0435\u043c \u043f\u0438\u0442\u0430\u043d\u0438\u044f \u043d\u0430 \u0442\u043e\u043a \u0434\u043e 650 \u0410. \u041a\u043e\u0440\u043f\u0443\u0441\u0430 \u0440\u0430\u0437\u044a\u0435\u043c\u043e\u0432 \u0434\u043e\u0441\u0442\u0443\u043f\u043d\u044b \u0441\u043e \u0441\u0442\u0435\u043f\u0435\u043d\u044f\u043c\u0438 \u0437\u0430\u0449\u0438\u0442\u044b \u043e\u0442 IP44 \u0434\u043e IP69K. \u041f\u043e\u0447\u0442\u0438 \u043a\u0430\u0436\u0434\u044b\u0439 &hellip;","og_url":"https:\/\/darpol.bydgoszcz.pl\/ru\/predlagaet\/podvizhnoj-sostav\/elektro-zapchasti\/zlacza-przemyslowe-han\/","og_site_name":"Darpol Bydgoszcz","article_modified_time":"2024-10-14T09:43:57+00:00","og_image":[{"width":190,"height":130,"url":"https:\/\/darpol.bydgoszcz.pl\/wp-content\/uploads\/z\u0142\u0105cza-przemys\u0142owe-han.jpg","type":"image\/jpeg"}],"twitter_card":"summary_large_image","twitter_misc":{"\u041f\u0440\u0438\u043c\u0435\u0440\u043d\u043e\u0435 \u0432\u0440\u0435\u043c\u044f \u0434\u043b\u044f \u0447\u0442\u0435\u043d\u0438\u044f":"2 \u043c\u0438\u043d\u0443\u0442\u044b"},"schema":{"@context":"https:\/\/schema.org","@graph":[{"@type":"WebPage","@id":"https:\/\/darpol.bydgoszcz.pl\/ru\/predlagaet\/podvizhnoj-sostav\/elektro-zapchasti\/zlacza-przemyslowe-han\/","url":"https:\/\/darpol.bydgoszcz.pl\/ru\/predlagaet\/podvizhnoj-sostav\/elektro-zapchasti\/zlacza-przemyslowe-han\/","name":"Z\u0142\u0105cza przemys\u0142owe i pozosta\u0142e rozwi\u0105zania HARTING - Darpol Bydgoszcz","isPartOf":{"@id":"https:\/\/darpol.bydgoszcz.pl\/#website"},"primaryImageOfPage":{"@id":"https:\/\/darpol.bydgoszcz.pl\/ru\/predlagaet\/podvizhnoj-sostav\/elektro-zapchasti\/zlacza-przemyslowe-han\/#primaryimage"},"image":{"@id":"https:\/\/darpol.bydgoszcz.pl\/ru\/predlagaet\/podvizhnoj-sostav\/elektro-zapchasti\/zlacza-przemyslowe-han\/#primaryimage"},"thumbnailUrl":"https:\/\/darpol.bydgoszcz.pl\/wp-content\/uploads\/z\u0142\u0105cza-przemys\u0142owe-han.jpg","datePublished":"2018-02-22T16:32:05+00:00","dateModified":"2024-10-14T09:43:57+00:00","breadcrumb":{"@id":"https:\/\/darpol.bydgoszcz.pl\/ru\/predlagaet\/podvizhnoj-sostav\/elektro-zapchasti\/zlacza-przemyslowe-han\/#breadcrumb"},"inLanguage":"ru-RU","potentialAction":[{"@type":"ReadAction","target":["https:\/\/darpol.bydgoszcz.pl\/ru\/predlagaet\/podvizhnoj-sostav\/elektro-zapchasti\/zlacza-przemyslowe-han\/"]}]},{"@type":"ImageObject","inLanguage":"ru-RU","@id":"https:\/\/darpol.bydgoszcz.pl\/ru\/predlagaet\/podvizhnoj-sostav\/elektro-zapchasti\/zlacza-przemyslowe-han\/#primaryimage","url":"https:\/\/darpol.bydgoszcz.pl\/wp-content\/uploads\/z\u0142\u0105cza-przemys\u0142owe-han.jpg","contentUrl":"https:\/\/darpol.bydgoszcz.pl\/wp-content\/uploads\/z\u0142\u0105cza-przemys\u0142owe-han.jpg","width":190,"height":130,"caption":"Darpol dystrybutorem Harting"},{"@type":"BreadcrumbList","@id":"https:\/\/darpol.bydgoszcz.pl\/ru\/predlagaet\/podvizhnoj-sostav\/elektro-zapchasti\/zlacza-przemyslowe-han\/#breadcrumb","itemListElement":[{"@type":"ListItem","position":1,"name":"Strona g\u0142\u00f3wna","item":"https:\/\/darpol.bydgoszcz.pl\/ru\/"},{"@type":"ListItem","position":2,"name":"Oferta","item":"https:\/\/darpol.bydgoszcz.pl\/oferta\/"},{"@type":"ListItem","position":3,"name":"Z\u0142\u0105cza przemys\u0142owe i pozosta\u0142e rozwi\u0105zania HARTING"}]},{"@type":"WebSite","@id":"https:\/\/darpol.bydgoszcz.pl\/#website","url":"https:\/\/darpol.bydgoszcz.pl\/","name":"Darpol Bydgoszcz","description":"","potentialAction":[{"@type":"SearchAction","target":{"@type":"EntryPoint","urlTemplate":"https:\/\/darpol.bydgoszcz.pl\/?s={search_term_string}"},"query-input":"required name=search_term_string"}],"inLanguage":"ru-RU"}]}},"_links":{"self":[{"href":"https:\/\/darpol.bydgoszcz.pl\/ru\/wp-json\/wp\/v2\/product\/57075","targetHints":{"allow":["GET"]}}],"collection":[{"href":"https:\/\/darpol.bydgoszcz.pl\/ru\/wp-json\/wp\/v2\/product"}],"about":[{"href":"https:\/\/darpol.bydgoszcz.pl\/ru\/wp-json\/wp\/v2\/types\/product"}],"wp:featuredmedia":[{"embeddable":true,"href":"https:\/\/darpol.bydgoszcz.pl\/ru\/wp-json\/wp\/v2\/media\/53070"}],"wp:attachment":[{"href":"https:\/\/darpol.bydgoszcz.pl\/ru\/wp-json\/wp\/v2\/media?parent=57075"}],"wp:term":[{"taxonomy":"product_cat","embeddable":true,"href":"https:\/\/darpol.bydgoszcz.pl\/ru\/wp-json\/wp\/v2\/product_cat?post=57075"},{"taxonomy":"product_tag","embeddable":true,"href":"https:\/\/darpol.bydgoszcz.pl\/ru\/wp-json\/wp\/v2\/product_tag?post=57075"}],"curies":[{"name":"wp","href":"https:\/\/api.w.org\/{rel}","templated":true}]}}