{"id":56935,"date":"2024-04-10T14:42:16","date_gmt":"2024-04-10T12:42:16","guid":{"rendered":"https:\/\/darpol.bydgoszcz.pl\/offer\/uncategorized\/regulator-oswietlenia-dl-03-999-11\/"},"modified":"2024-04-10T15:03:44","modified_gmt":"2024-04-10T13:03:44","slug":"dl-03-999-11","status":"publish","type":"product","link":"https:\/\/darpol.bydgoszcz.pl\/ru\/predlagaet\/podvizhnoj-sostav\/elektro-zapchasti\/dl-03-999-11\/","title":{"rendered":"\u041a\u043e\u043d\u0442\u0440\u043e\u043b\u043b\u0435\u0440 \u0441\u0432\u0435\u0442\u0430 110V DL-03-999-11"},"content":{"rendered":"<p>\u041a\u043e\u043d\u0442\u0440\u043e\u043b\u043b\u0435\u0440 \u0441\u0432\u0435\u0442\u0430 110V \u0441 \u043a\u043d\u043e\u043f\u043a\u0430\u043c\u0438 DL-03-999-11 \u0441\u043b\u0443\u0436\u0438\u0442 \u0434\u043b\u044f \u0440\u0435\u0433\u0443\u043b\u0438\u0440\u043e\u0432\u043a\u0438 \u0438\u043d\u0442\u0435\u043d\u0441\u0438\u0432\u043d\u043e\u0441\u0442\u0438 \u043e\u0441\u0432\u0435\u0449\u0435\u043d\u0438\u044f \u0442\u0430\u043c, \u0433\u0434\u0435 \u044d\u0442\u043e \u043d\u0435\u043e\u0431\u0445\u043e\u0434\u0438\u043c\u043e, \u043d\u0430\u043f\u0440\u0438\u043c\u0435\u0440, \u0434\u043b\u044f \u043e\u0441\u0432\u0435\u0449\u0435\u043d\u0438\u044f \u0440\u0430\u0431\u043e\u0447\u0435\u0433\u043e \u0441\u0442\u043e\u043b\u0430 \u0432\u043e\u0434\u0438\u0442\u0435\u043b\u044f. \u0415\u0433\u043e \u043c\u043e\u0436\u043d\u043e \u0438\u043d\u0442\u0435\u0433\u0440\u0438\u0440\u043e\u0432\u0430\u0442\u044c \u0441\u043e \u043c\u043d\u043e\u0433\u0438\u043c\u0438 \u0442\u0438\u043f\u0430\u043c\u0438 \u043e\u0441\u0432\u0435\u0449\u0435\u043d\u0438\u044f, \u043d\u0435 \u0438\u043c\u0435\u044e\u0449\u0438\u043c\u0438 \u0441\u043e\u0431\u0441\u0442\u0432\u0435\u043d\u043d\u043e\u0433\u043e \u0440\u0435\u0433\u0443\u043b\u0438\u0440\u043e\u0432\u0430\u043d\u0438\u044f.<\/p>\n<p>&nbsp;<\/p>\n<h4>\u041f\u0440\u0435\u0438\u043c\u0443\u0449\u0435\u0441\u0442\u0432\u0430:<\/h4>\n<p>+ \u043f\u043e\u0437\u0432\u043e\u043b\u044f\u0435\u0442 \u043d\u0430\u0441\u0442\u0440\u043e\u0438\u0442\u044c \u043e\u0441\u0432\u0435\u0449\u0435\u043d\u0438\u0435 \u043f\u043e\u0434 \u0442\u0435\u043a\u0443\u0449\u0438\u0435 \u043d\u0443\u0436\u0434\u044b \u0438 \u043f\u0440\u0435\u0434\u043f\u043e\u0447\u0442\u0435\u043d\u0438\u044f \u043f\u043e\u043b\u044c\u0437\u043e\u0432\u0430\u0442\u0435\u043b\u044f, \u0447\u0442\u043e \u043f\u043e\u0432\u044b\u0448\u0430\u0435\u0442 \u043e\u0431\u0449\u0438\u0439 \u043a\u043e\u043c\u0444\u043e\u0440\u0442;<\/p>\n<p>+ \u0437\u0430 \u0441\u0447\u0435\u0442 \u0441\u043d\u0438\u0436\u0435\u043d\u0438\u044f \u0438\u043d\u0442\u0435\u043d\u0441\u0438\u0432\u043d\u043e\u0441\u0442\u0438 \u0441\u0432\u0435\u0442\u0430 \u0440\u0435\u0433\u0443\u043b\u044f\u0442\u043e\u0440 \u0438\u043d\u0442\u0435\u043d\u0441\u0438\u0432\u043d\u043e\u0441\u0442\u0438 \u043c\u043e\u0436\u0435\u0442 \u0441\u043f\u043e\u0441\u043e\u0431\u0441\u0442\u0432\u043e\u0432\u0430\u0442\u044c \u044d\u043a\u043e\u043d\u043e\u043c\u0438\u0438 \u044d\u043b\u0435\u043a\u0442\u0440\u043e\u044d\u043d\u0435\u0440\u0433\u0438\u0438;<\/p>\n<p>+ \u043a\u043e\u0433\u0434\u0430 \u043d\u0435 \u0442\u0440\u0435\u0431\u0443\u0435\u0442\u0441\u044f \u043f\u043e\u043b\u043d\u0430\u044f \u0438\u043d\u0442\u0435\u043d\u0441\u0438\u0432\u043d\u043e\u0441\u0442\u044c \u043e\u0441\u0432\u0435\u0449\u0435\u043d\u0438\u044f, \u0440\u0435\u0433\u0443\u043b\u0438\u0440\u043e\u0432\u043a\u0430 \u044f\u0440\u043a\u043e\u0441\u0442\u0438 \u043f\u043e\u0437\u0432\u043e\u043b\u044f\u0435\u0442 \u0441\u043d\u0438\u0437\u0438\u0442\u044c \u043f\u043e\u0442\u0440\u0435\u0431\u043b\u0435\u043d\u0438\u0435 \u044d\u043b\u0435\u043a\u0442\u0440\u043e\u044d\u043d\u0435\u0440\u0433\u0438\u0438;<\/p>\n<p>+ \u0443\u043d\u0438\u0432\u0435\u0440\u0441\u0430\u043b\u044c\u043d\u043e\u0441\u0442\u044c \u0431\u043b\u0430\u0433\u043e\u0434\u0430\u0440\u044f \u0432\u043e\u0437\u043c\u043e\u0436\u043d\u043e\u0441\u0442\u0438 \u0438\u043d\u0442\u0435\u0433\u0440\u0430\u0446\u0438\u0438 \u0441 \u0441\u0443\u0449\u0435\u0441\u0442\u0432\u0443\u044e\u0449\u0438\u043c \u043e\u0441\u0432\u0435\u0449\u0435\u043d\u0438\u0435\u043c;<\/p>\n<p>+ \u043d\u0430\u0448\u0438 \u043a\u043e\u043d\u0442\u0440\u043e\u043b\u043b\u0435\u0440\u044b \u0434\u043e\u0441\u0442\u0443\u043f\u043d\u044b \u0432 \u0432\u0435\u0440\u0441\u0438\u0438 \u0441 \u043f\u0430\u043c\u044f\u0442\u044c\u044e \u043f\u043e\u0441\u043b\u0435\u0434\u043d\u0435\u0439 \u043d\u0430\u0441\u0442\u0440\u043e\u0439\u043a\u0438 (\u043f\u0440\u0435\u0434\u043b\u0430\u0433\u0430\u0435\u043c \u0432\u0435\u0440\u0441\u0438\u044e \u0441 \u043f\u0430\u043c\u044f\u0442\u044c\u044e \u0438 \u0431\u0435\u0437 \u043f\u0430\u043c\u044f\u0442\u0438). \u041f\u0430\u043c\u044f\u0442\u044c \u043f\u043e\u0441\u043b\u0435\u0434\u043d\u0435\u0439 \u043d\u0430\u0441\u0442\u0440\u043e\u0439\u043a\u0438 \u043e\u0437\u043d\u0430\u0447\u0430\u0435\u0442, \u0447\u0442\u043e \u043f\u043e\u0441\u043b\u0435 \u0432\u044b\u043a\u043b\u044e\u0447\u0435\u043d\u0438\u044f \u0438 \u043f\u043e\u0432\u0442\u043e\u0440\u043d\u043e\u0433\u043e \u0432\u043a\u043b\u044e\u0447\u0435\u043d\u0438\u044f \u0441\u0432\u0435\u0442\u0430, \u0441\u0432\u0435\u0442 \u0432\u043a\u043b\u044e\u0447\u0438\u0442\u0441\u044f \u0441 \u0442\u043e\u0439 \u0436\u0435 \u0438\u043d\u0442\u0435\u043d\u0441\u0438\u0432\u043d\u043e\u0441\u0442\u044c\u044e \u0441\u0432\u0435\u0442\u0430, \u0447\u0442\u043e \u0438 \u043f\u0440\u0438 \u043f\u0440\u0435\u0434\u044b\u0434\u0443\u0449\u0435\u043c \u0432\u044b\u043a\u043b\u044e\u0447\u0435\u043d\u0438\u0438.<\/p>\n<p>+ \u0441\u043e\u043e\u0442\u0432\u0435\u0442\u0441\u0442\u0432\u0438\u0435 \u0436\u0435\u043b\u0435\u0437\u043d\u043e\u0434\u043e\u0440\u043e\u0436\u043d\u044b\u043c \u0441\u0442\u0430\u043d\u0434\u0430\u0440\u0442\u0430\u043c.<\/p>\n<p>&nbsp;<\/p>\n<p>&nbsp;<\/p>\n<h4>\u0422\u0435\u0445\u043d\u0438\u0447\u0435\u0441\u043a\u0438\u0435 \u0434\u0430\u043d\u043d\u044b\u0435:<\/h4>\n<ul>\n<li>&#8211; \u041c\u0430\u0442\u0435\u0440\u0438\u0430\u043b: \u0430\u043b\u044e\u043c\u0438\u043d\u0438\u0439<br \/>\n&#8211; \u042d\u043b\u0435\u043a\u0442\u0440\u043e\u043f\u0438\u0442\u0430\u043d\u0438\u0435: 110 \u0412 \u043f\u043e\u0441\u0442\u043e\u044f\u043d\u043d\u043e\u0433\u043e \u0442\u043e\u043a\u0430 -30%\/+25%<br \/>\n&#8211; \u0418\u0437\u0434\u0435\u043b\u0438\u0435 \u0441\u043e\u043e\u0442\u0432\u0435\u0442\u0441\u0442\u0432\u0443\u0435\u0442 \u0441\u0442\u0430\u043d\u0434\u0430\u0440\u0442\u0443 PN-EN 22768-2 1999.<\/li>\n<\/ul>\n<p>&nbsp;<\/p>\n<h4>\u041f\u0440\u0438\u043b\u043e\u0436\u0435\u043d\u0438\u0435:<\/h4>\n<p>\u043b\u043e\u043a\u043e\u043c\u043e\u0442\u0438\u0432\u044b, \u043f\u0430\u0441\u0441\u0430\u0436\u0438\u0440\u0441\u043a\u0438\u0435 \u0432\u0430\u0433\u043e\u043d\u044b, \u044d\u043b\u0435\u043a\u0442\u0440\u043e\u043f\u043e\u0435\u0437\u0434\u0430, \u0434\u0438\u0437\u0435\u043b\u044c\u043f\u043e\u0435\u0437\u0434\u0430.<\/p>\n<p>&nbsp;<\/p>\n<p>\u041c\u044b \u0442\u0430\u043a\u0436\u0435 \u043f\u0440\u0435\u0434\u043b\u0430\u0433\u0430\u0435\u043c \u0441\u0435\u0440\u0432\u0438\u0441\u043d\u043e\u0435 \u043e\u0431\u0441\u043b\u0443\u0436\u0438\u0432\u0430\u043d\u0438\u0435 \u0438 \u0440\u0435\u043c\u043e\u043d\u0442.<\/p>\n<p>&nbsp;<\/p>\n<p><a href=\"https:\/\/darpol.bydgoszcz.pl\/ru\/%D0%BF%D1%80%D0%BE%D0%B4%D1%83%D0%BA%D1%82%D1%8B-%D0%BA%D0%B0%D1%82%D0%B5%D0%B3%D0%BE%D1%80%D0%B8%D0%B8\/podvizhnoj-sostav\/osveschenie\/page\/2\/\" target=\"_blank\" rel=\"noopener\"><span style=\"text-decoration: underline;\"><em>\u041f\u043e\u0441\u043c\u043e\u0442\u0440\u0438\u0442\u0435 \u0434\u0440\u0443\u0433\u0438\u0435 \u043d\u0430\u0448\u0438 \u043f\u0440\u043e\u0434\u0443\u043a\u0442\u044b \u0438\u0437 \u043a\u0430\u0442\u0435\u0433\u043e\u0440\u0438\u0438 \u00ab\u041e\u0441\u0432\u0435\u0442\u0438\u0442\u0435\u043b\u044c\u043d\u044b\u0435 \u043f\u0440\u0438\u0431\u043e\u0440\u044b \u0434\u043b\u044f \u0440\u0435\u043b\u044c\u0441\u043e\u0432\u044b\u0445 \u0442\u0440\u0430\u043d\u0441\u043f\u043e\u0440\u0442\u043d\u044b\u0445 \u0441\u0440\u0435\u0434\u0441\u0442\u0432\u00bb.<\/em><\/span><\/a><\/p>\n<div style=\"clear:both\"><a href=\"javascript:window.print()\"><i class=\"fa fa-print\" aria-hidden=\"true\"><\/i> \u043f\u0435\u0447\u0430\u0442\u044c<\/a><\/div>","protected":false},"excerpt":{"rendered":"<p>\u041a\u043e\u043d\u0442\u0440\u043e\u043b\u043b\u0435\u0440 \u0441\u0432\u0435\u0442\u0430 110V \u0441 \u043a\u043d\u043e\u043f\u043a\u0430\u043c\u0438 DL-03-999-11 \u0441\u043b\u0443\u0436\u0438\u0442 \u0434\u043b\u044f \u0440\u0435\u0433\u0443\u043b\u0438\u0440\u043e\u0432\u043a\u0438 \u0438\u043d\u0442\u0435\u043d\u0441\u0438\u0432\u043d\u043e\u0441\u0442\u0438 \u043e\u0441\u0432\u0435\u0449\u0435\u043d\u0438\u044f \u0442\u0430\u043c, \u0433\u0434\u0435 \u044d\u0442\u043e \u043d\u0435\u043e\u0431\u0445\u043e\u0434\u0438\u043c\u043e, \u043d\u0430\u043f\u0440\u0438\u043c\u0435\u0440, \u0434\u043b\u044f \u043e\u0441\u0432\u0435\u0449\u0435\u043d\u0438\u044f \u0440\u0430\u0431\u043e\u0447\u0435\u0433\u043e \u0441\u0442\u043e\u043b\u0430 \u0432\u043e\u0434\u0438\u0442\u0435\u043b\u044f. \u0415\u0433\u043e \u043c\u043e\u0436\u043d\u043e \u0438\u043d\u0442\u0435\u0433\u0440\u0438\u0440\u043e\u0432\u0430\u0442\u044c \u0441\u043e \u043c\u043d\u043e\u0433\u0438\u043c\u0438 \u0442\u0438\u043f\u0430\u043c\u0438 \u043e\u0441\u0432\u0435\u0449\u0435\u043d\u0438\u044f, \u043d\u0435 \u0438\u043c\u0435\u044e\u0449\u0438\u043c\u0438 \u0441\u043e\u0431\u0441\u0442\u0432\u0435\u043d\u043d\u043e\u0433\u043e \u0440\u0435\u0433\u0443\u043b\u0438\u0440\u043e\u0432\u0430\u043d\u0438\u044f. &nbsp; \u041f\u0440\u0435\u0438\u043c\u0443\u0449\u0435\u0441\u0442\u0432\u0430: + \u043f\u043e\u0437\u0432\u043e\u043b\u044f\u0435\u0442 \u043d\u0430\u0441\u0442\u0440\u043e\u0438\u0442\u044c \u043e\u0441\u0432\u0435\u0449\u0435\u043d\u0438\u0435 \u043f\u043e\u0434 \u0442\u0435\u043a\u0443\u0449\u0438\u0435 \u043d\u0443\u0436\u0434\u044b \u0438 \u043f\u0440\u0435\u0434\u043f\u043e\u0447\u0442\u0435\u043d\u0438\u044f \u043f\u043e\u043b\u044c\u0437\u043e\u0432\u0430\u0442\u0435\u043b\u044f, \u0447\u0442\u043e \u043f\u043e\u0432\u044b\u0448\u0430\u0435\u0442 \u043e\u0431\u0449\u0438\u0439 \u043a\u043e\u043c\u0444\u043e\u0440\u0442; + \u0437\u0430 \u0441\u0447\u0435\u0442 \u0441\u043d\u0438\u0436\u0435\u043d\u0438\u044f \u0438\u043d\u0442\u0435\u043d\u0441\u0438\u0432\u043d\u043e\u0441\u0442\u0438 \u0441\u0432\u0435\u0442\u0430 \u0440\u0435\u0433\u0443\u043b\u044f\u0442\u043e\u0440 &hellip;<\/p>\n","protected":false},"featured_media":56902,"template":"","meta":{"om_disable_all_campaigns":false,"_monsterinsights_skip_tracking":false,"_monsterinsights_sitenote_active":false,"_monsterinsights_sitenote_note":"","_monsterinsights_sitenote_category":0,"_uf_show_specific_survey":0,"_uf_disable_surveys":false},"product_cat":[4142,370,305,329,341,335],"product_tag":[],"class_list":{"0":"post-56935","1":"product","2":"type-product","3":"status-publish","4":"has-post-thumbnail","6":"product_cat-nowosci-ru","7":"product_cat-osveschenie","8":"product_cat-elektro-zapchasti","9":"product_cat-elektrovozy-i-teplovozy","10":"product_cat-passazhirskie-vagony","11":"product_cat-elektrodizelpoezda","13":"first","14":"onbackorder","15":"shipping-taxable","16":"product-type-simple"},"yoast_head":"<!-- This site is optimized with the Yoast SEO plugin v23.0 - https:\/\/yoast.com\/wordpress\/plugins\/seo\/ -->\n<title>\u041a\u043e\u043d\u0442\u0440\u043e\u043b\u043b\u0435\u0440 \u0441\u0432\u0435\u0442\u0430 110V DL-03-999-11 - Darpol Bydgoszcz<\/title>\n<meta name=\"description\" content=\"\u041a\u043e\u043d\u0442\u0440\u043e\u043b\u043b\u0435\u0440 \u0441\u0432\u0435\u0442\u0430 110V \u0441 \u043a\u043d\u043e\u043f\u043a\u0430\u043c\u0438 DL-03-999-11 \u0441\u043b\u0443\u0436\u0438\u0442 \u0434\u043b\u044f \u0440\u0435\u0433\u0443\u043b\u0438\u0440\u043e\u0432\u043a\u0438 \u0438\u043d\u0442\u0435\u043d\u0441\u0438\u0432\u043d\u043e\u0441\u0442\u0438 \u043e\u0441\u0432\u0435\u0449\u0435\u043d\u0438\u044f.PN-EN 22768-2 199\" \/>\n<meta name=\"robots\" content=\"index, follow, max-snippet:-1, max-image-preview:large, max-video-preview:-1\" \/>\n<link rel=\"canonical\" href=\"https:\/\/darpol.bydgoszcz.pl\/ru\/predlagaet\/podvizhnoj-sostav\/elektro-zapchasti\/dl-03-999-11\/\" \/>\n<meta property=\"og:locale\" content=\"ru_RU\" \/>\n<meta property=\"og:type\" content=\"article\" \/>\n<meta property=\"og:title\" content=\"\u041a\u043e\u043d\u0442\u0440\u043e\u043b\u043b\u0435\u0440 \u0441\u0432\u0435\u0442\u0430 110V DL-03-999-11 - Darpol Bydgoszcz\" \/>\n<meta property=\"og:description\" content=\"\u041a\u043e\u043d\u0442\u0440\u043e\u043b\u043b\u0435\u0440 \u0441\u0432\u0435\u0442\u0430 110V \u0441 \u043a\u043d\u043e\u043f\u043a\u0430\u043c\u0438 DL-03-999-11 \u0441\u043b\u0443\u0436\u0438\u0442 \u0434\u043b\u044f \u0440\u0435\u0433\u0443\u043b\u0438\u0440\u043e\u0432\u043a\u0438 \u0438\u043d\u0442\u0435\u043d\u0441\u0438\u0432\u043d\u043e\u0441\u0442\u0438 \u043e\u0441\u0432\u0435\u0449\u0435\u043d\u0438\u044f.PN-EN 22768-2 199\" \/>\n<meta property=\"og:url\" content=\"https:\/\/darpol.bydgoszcz.pl\/ru\/predlagaet\/podvizhnoj-sostav\/elektro-zapchasti\/dl-03-999-11\/\" \/>\n<meta property=\"og:site_name\" content=\"Darpol Bydgoszcz\" \/>\n<meta property=\"article:modified_time\" content=\"2024-04-10T13:03:44+00:00\" \/>\n<meta property=\"og:image\" content=\"https:\/\/darpol.bydgoszcz.pl\/wp-content\/uploads\/DL-03-999-11-Regulator-oswietlenia-z-przyciskami-110V.jpg\" \/>\n\t<meta property=\"og:image:width\" content=\"400\" \/>\n\t<meta property=\"og:image:height\" content=\"366\" \/>\n\t<meta property=\"og:image:type\" content=\"image\/jpeg\" \/>\n<meta name=\"twitter:card\" content=\"summary_large_image\" \/>\n<meta name=\"twitter:label1\" content=\"\u041f\u0440\u0438\u043c\u0435\u0440\u043d\u043e\u0435 \u0432\u0440\u0435\u043c\u044f \u0434\u043b\u044f \u0447\u0442\u0435\u043d\u0438\u044f\" \/>\n\t<meta name=\"twitter:data1\" content=\"2 \u043c\u0438\u043d\u0443\u0442\u044b\" \/>\n<script type=\"application\/ld+json\" class=\"yoast-schema-graph\">{\"@context\":\"https:\/\/schema.org\",\"@graph\":[{\"@type\":\"WebPage\",\"@id\":\"https:\/\/darpol.bydgoszcz.pl\/ru\/predlagaet\/podvizhnoj-sostav\/elektro-zapchasti\/dl-03-999-11\/\",\"url\":\"https:\/\/darpol.bydgoszcz.pl\/ru\/predlagaet\/podvizhnoj-sostav\/elektro-zapchasti\/dl-03-999-11\/\",\"name\":\"\u041a\u043e\u043d\u0442\u0440\u043e\u043b\u043b\u0435\u0440 \u0441\u0432\u0435\u0442\u0430 110V DL-03-999-11 - Darpol Bydgoszcz\",\"isPartOf\":{\"@id\":\"https:\/\/darpol.bydgoszcz.pl\/#website\"},\"primaryImageOfPage\":{\"@id\":\"https:\/\/darpol.bydgoszcz.pl\/ru\/predlagaet\/podvizhnoj-sostav\/elektro-zapchasti\/dl-03-999-11\/#primaryimage\"},\"image\":{\"@id\":\"https:\/\/darpol.bydgoszcz.pl\/ru\/predlagaet\/podvizhnoj-sostav\/elektro-zapchasti\/dl-03-999-11\/#primaryimage\"},\"thumbnailUrl\":\"https:\/\/darpol.bydgoszcz.pl\/wp-content\/uploads\/DL-03-999-11-Regulator-oswietlenia-z-przyciskami-110V.jpg\",\"datePublished\":\"2024-04-10T12:42:16+00:00\",\"dateModified\":\"2024-04-10T13:03:44+00:00\",\"description\":\"\u041a\u043e\u043d\u0442\u0440\u043e\u043b\u043b\u0435\u0440 \u0441\u0432\u0435\u0442\u0430 110V \u0441 \u043a\u043d\u043e\u043f\u043a\u0430\u043c\u0438 DL-03-999-11 \u0441\u043b\u0443\u0436\u0438\u0442 \u0434\u043b\u044f \u0440\u0435\u0433\u0443\u043b\u0438\u0440\u043e\u0432\u043a\u0438 \u0438\u043d\u0442\u0435\u043d\u0441\u0438\u0432\u043d\u043e\u0441\u0442\u0438 \u043e\u0441\u0432\u0435\u0449\u0435\u043d\u0438\u044f.PN-EN 22768-2 199\",\"breadcrumb\":{\"@id\":\"https:\/\/darpol.bydgoszcz.pl\/ru\/predlagaet\/podvizhnoj-sostav\/elektro-zapchasti\/dl-03-999-11\/#breadcrumb\"},\"inLanguage\":\"ru-RU\",\"potentialAction\":[{\"@type\":\"ReadAction\",\"target\":[\"https:\/\/darpol.bydgoszcz.pl\/ru\/predlagaet\/podvizhnoj-sostav\/elektro-zapchasti\/dl-03-999-11\/\"]}]},{\"@type\":\"ImageObject\",\"inLanguage\":\"ru-RU\",\"@id\":\"https:\/\/darpol.bydgoszcz.pl\/ru\/predlagaet\/podvizhnoj-sostav\/elektro-zapchasti\/dl-03-999-11\/#primaryimage\",\"url\":\"https:\/\/darpol.bydgoszcz.pl\/wp-content\/uploads\/DL-03-999-11-Regulator-oswietlenia-z-przyciskami-110V.jpg\",\"contentUrl\":\"https:\/\/darpol.bydgoszcz.pl\/wp-content\/uploads\/DL-03-999-11-Regulator-oswietlenia-z-przyciskami-110V.jpg\",\"width\":400,\"height\":366,\"caption\":\"Regulator o\u015bwietlenia z przyciskami, regulator si\u0142y \u015bwiat\u0142a\"},{\"@type\":\"BreadcrumbList\",\"@id\":\"https:\/\/darpol.bydgoszcz.pl\/ru\/predlagaet\/podvizhnoj-sostav\/elektro-zapchasti\/dl-03-999-11\/#breadcrumb\",\"itemListElement\":[{\"@type\":\"ListItem\",\"position\":1,\"name\":\"Strona g\u0142\u00f3wna\",\"item\":\"https:\/\/darpol.bydgoszcz.pl\/ru\/\"},{\"@type\":\"ListItem\",\"position\":2,\"name\":\"Oferta\",\"item\":\"https:\/\/darpol.bydgoszcz.pl\/oferta\/\"},{\"@type\":\"ListItem\",\"position\":3,\"name\":\"\u041a\u043e\u043d\u0442\u0440\u043e\u043b\u043b\u0435\u0440 \u0441\u0432\u0435\u0442\u0430 110V DL-03-999-11\"}]},{\"@type\":\"WebSite\",\"@id\":\"https:\/\/darpol.bydgoszcz.pl\/#website\",\"url\":\"https:\/\/darpol.bydgoszcz.pl\/\",\"name\":\"Darpol Bydgoszcz\",\"description\":\"\",\"potentialAction\":[{\"@type\":\"SearchAction\",\"target\":{\"@type\":\"EntryPoint\",\"urlTemplate\":\"https:\/\/darpol.bydgoszcz.pl\/?s={search_term_string}\"},\"query-input\":\"required name=search_term_string\"}],\"inLanguage\":\"ru-RU\"}]}<\/script>\n<!-- \/ Yoast SEO plugin. -->","yoast_head_json":{"title":"\u041a\u043e\u043d\u0442\u0440\u043e\u043b\u043b\u0435\u0440 \u0441\u0432\u0435\u0442\u0430 110V DL-03-999-11 - Darpol Bydgoszcz","description":"\u041a\u043e\u043d\u0442\u0440\u043e\u043b\u043b\u0435\u0440 \u0441\u0432\u0435\u0442\u0430 110V \u0441 \u043a\u043d\u043e\u043f\u043a\u0430\u043c\u0438 DL-03-999-11 \u0441\u043b\u0443\u0436\u0438\u0442 \u0434\u043b\u044f \u0440\u0435\u0433\u0443\u043b\u0438\u0440\u043e\u0432\u043a\u0438 \u0438\u043d\u0442\u0435\u043d\u0441\u0438\u0432\u043d\u043e\u0441\u0442\u0438 \u043e\u0441\u0432\u0435\u0449\u0435\u043d\u0438\u044f.PN-EN 22768-2 199","robots":{"index":"index","follow":"follow","max-snippet":"max-snippet:-1","max-image-preview":"max-image-preview:large","max-video-preview":"max-video-preview:-1"},"canonical":"https:\/\/darpol.bydgoszcz.pl\/ru\/predlagaet\/podvizhnoj-sostav\/elektro-zapchasti\/dl-03-999-11\/","og_locale":"ru_RU","og_type":"article","og_title":"\u041a\u043e\u043d\u0442\u0440\u043e\u043b\u043b\u0435\u0440 \u0441\u0432\u0435\u0442\u0430 110V DL-03-999-11 - Darpol Bydgoszcz","og_description":"\u041a\u043e\u043d\u0442\u0440\u043e\u043b\u043b\u0435\u0440 \u0441\u0432\u0435\u0442\u0430 110V \u0441 \u043a\u043d\u043e\u043f\u043a\u0430\u043c\u0438 DL-03-999-11 \u0441\u043b\u0443\u0436\u0438\u0442 \u0434\u043b\u044f \u0440\u0435\u0433\u0443\u043b\u0438\u0440\u043e\u0432\u043a\u0438 \u0438\u043d\u0442\u0435\u043d\u0441\u0438\u0432\u043d\u043e\u0441\u0442\u0438 \u043e\u0441\u0432\u0435\u0449\u0435\u043d\u0438\u044f.PN-EN 22768-2 199","og_url":"https:\/\/darpol.bydgoszcz.pl\/ru\/predlagaet\/podvizhnoj-sostav\/elektro-zapchasti\/dl-03-999-11\/","og_site_name":"Darpol Bydgoszcz","article_modified_time":"2024-04-10T13:03:44+00:00","og_image":[{"width":400,"height":366,"url":"https:\/\/darpol.bydgoszcz.pl\/wp-content\/uploads\/DL-03-999-11-Regulator-oswietlenia-z-przyciskami-110V.jpg","type":"image\/jpeg"}],"twitter_card":"summary_large_image","twitter_misc":{"\u041f\u0440\u0438\u043c\u0435\u0440\u043d\u043e\u0435 \u0432\u0440\u0435\u043c\u044f \u0434\u043b\u044f \u0447\u0442\u0435\u043d\u0438\u044f":"2 \u043c\u0438\u043d\u0443\u0442\u044b"},"schema":{"@context":"https:\/\/schema.org","@graph":[{"@type":"WebPage","@id":"https:\/\/darpol.bydgoszcz.pl\/ru\/predlagaet\/podvizhnoj-sostav\/elektro-zapchasti\/dl-03-999-11\/","url":"https:\/\/darpol.bydgoszcz.pl\/ru\/predlagaet\/podvizhnoj-sostav\/elektro-zapchasti\/dl-03-999-11\/","name":"\u041a\u043e\u043d\u0442\u0440\u043e\u043b\u043b\u0435\u0440 \u0441\u0432\u0435\u0442\u0430 110V DL-03-999-11 - Darpol Bydgoszcz","isPartOf":{"@id":"https:\/\/darpol.bydgoszcz.pl\/#website"},"primaryImageOfPage":{"@id":"https:\/\/darpol.bydgoszcz.pl\/ru\/predlagaet\/podvizhnoj-sostav\/elektro-zapchasti\/dl-03-999-11\/#primaryimage"},"image":{"@id":"https:\/\/darpol.bydgoszcz.pl\/ru\/predlagaet\/podvizhnoj-sostav\/elektro-zapchasti\/dl-03-999-11\/#primaryimage"},"thumbnailUrl":"https:\/\/darpol.bydgoszcz.pl\/wp-content\/uploads\/DL-03-999-11-Regulator-oswietlenia-z-przyciskami-110V.jpg","datePublished":"2024-04-10T12:42:16+00:00","dateModified":"2024-04-10T13:03:44+00:00","description":"\u041a\u043e\u043d\u0442\u0440\u043e\u043b\u043b\u0435\u0440 \u0441\u0432\u0435\u0442\u0430 110V \u0441 \u043a\u043d\u043e\u043f\u043a\u0430\u043c\u0438 DL-03-999-11 \u0441\u043b\u0443\u0436\u0438\u0442 \u0434\u043b\u044f \u0440\u0435\u0433\u0443\u043b\u0438\u0440\u043e\u0432\u043a\u0438 \u0438\u043d\u0442\u0435\u043d\u0441\u0438\u0432\u043d\u043e\u0441\u0442\u0438 \u043e\u0441\u0432\u0435\u0449\u0435\u043d\u0438\u044f.PN-EN 22768-2 199","breadcrumb":{"@id":"https:\/\/darpol.bydgoszcz.pl\/ru\/predlagaet\/podvizhnoj-sostav\/elektro-zapchasti\/dl-03-999-11\/#breadcrumb"},"inLanguage":"ru-RU","potentialAction":[{"@type":"ReadAction","target":["https:\/\/darpol.bydgoszcz.pl\/ru\/predlagaet\/podvizhnoj-sostav\/elektro-zapchasti\/dl-03-999-11\/"]}]},{"@type":"ImageObject","inLanguage":"ru-RU","@id":"https:\/\/darpol.bydgoszcz.pl\/ru\/predlagaet\/podvizhnoj-sostav\/elektro-zapchasti\/dl-03-999-11\/#primaryimage","url":"https:\/\/darpol.bydgoszcz.pl\/wp-content\/uploads\/DL-03-999-11-Regulator-oswietlenia-z-przyciskami-110V.jpg","contentUrl":"https:\/\/darpol.bydgoszcz.pl\/wp-content\/uploads\/DL-03-999-11-Regulator-oswietlenia-z-przyciskami-110V.jpg","width":400,"height":366,"caption":"Regulator o\u015bwietlenia z przyciskami, regulator si\u0142y \u015bwiat\u0142a"},{"@type":"BreadcrumbList","@id":"https:\/\/darpol.bydgoszcz.pl\/ru\/predlagaet\/podvizhnoj-sostav\/elektro-zapchasti\/dl-03-999-11\/#breadcrumb","itemListElement":[{"@type":"ListItem","position":1,"name":"Strona g\u0142\u00f3wna","item":"https:\/\/darpol.bydgoszcz.pl\/ru\/"},{"@type":"ListItem","position":2,"name":"Oferta","item":"https:\/\/darpol.bydgoszcz.pl\/oferta\/"},{"@type":"ListItem","position":3,"name":"\u041a\u043e\u043d\u0442\u0440\u043e\u043b\u043b\u0435\u0440 \u0441\u0432\u0435\u0442\u0430 110V DL-03-999-11"}]},{"@type":"WebSite","@id":"https:\/\/darpol.bydgoszcz.pl\/#website","url":"https:\/\/darpol.bydgoszcz.pl\/","name":"Darpol Bydgoszcz","description":"","potentialAction":[{"@type":"SearchAction","target":{"@type":"EntryPoint","urlTemplate":"https:\/\/darpol.bydgoszcz.pl\/?s={search_term_string}"},"query-input":"required name=search_term_string"}],"inLanguage":"ru-RU"}]}},"_links":{"self":[{"href":"https:\/\/darpol.bydgoszcz.pl\/ru\/wp-json\/wp\/v2\/product\/56935","targetHints":{"allow":["GET"]}}],"collection":[{"href":"https:\/\/darpol.bydgoszcz.pl\/ru\/wp-json\/wp\/v2\/product"}],"about":[{"href":"https:\/\/darpol.bydgoszcz.pl\/ru\/wp-json\/wp\/v2\/types\/product"}],"wp:featuredmedia":[{"embeddable":true,"href":"https:\/\/darpol.bydgoszcz.pl\/ru\/wp-json\/wp\/v2\/media\/56902"}],"wp:attachment":[{"href":"https:\/\/darpol.bydgoszcz.pl\/ru\/wp-json\/wp\/v2\/media?parent=56935"}],"wp:term":[{"taxonomy":"product_cat","embeddable":true,"href":"https:\/\/darpol.bydgoszcz.pl\/ru\/wp-json\/wp\/v2\/product_cat?post=56935"},{"taxonomy":"product_tag","embeddable":true,"href":"https:\/\/darpol.bydgoszcz.pl\/ru\/wp-json\/wp\/v2\/product_tag?post=56935"}],"curies":[{"name":"wp","href":"https:\/\/api.w.org\/{rel}","templated":true}]}}