{"id":5539,"date":"2013-02-05T14:41:38","date_gmt":"2013-02-05T13:41:38","guid":{"rendered":"http:\/\/darpol.bydgoszcz.pl\/sklep\/dveri-zamki\/uklad-zamka-drzwi-zewnetrznych-przedzialu-sluzbowego-dl-o-16-050-0-2\/"},"modified":"2013-02-05T14:41:38","modified_gmt":"2013-02-05T13:41:38","slug":"uklad-zamka-drzwi-zewnetrznych-przedzialu-sluzbowego-dl-o-16-050-0-2","status":"publish","type":"product","link":"https:\/\/darpol.bydgoszcz.pl\/ru\/predlagaet\/podvizhnoj-sostav\/dveri-zamki\/uklad-zamka-drzwi-zewnetrznych-przedzialu-sluzbowego-dl-o-16-050-0-2\/","title":{"rendered":"\u0417\u0430\u043c\u043e\u043a \u0432\u043d\u0435\u0448\u043d\u0438\u0445 \u0434\u0432\u0435\u0440\u0435\u0439 \u0441\u043b\u0443\u0436\u0435\u0431\u043d\u043e\u0433\u043e \u043e\u0442\u0441\u0435\u043a\u0430 DL-O 16 050-00"},"content":{"rendered":"<p><span style=\"color: #333333;\">\u0417\u0430\u043c\u043e\u043a \u0432\u043d\u0435\u0448\u043d\u0438\u0445 \u0434\u0432\u0435\u0440\u0435\u0439 \u0441\u043b\u0443\u0436\u0435\u0431\u043d\u043e\u0433\u043e \u043e\u0442\u0441\u0435\u043a\u0430 DL-O 16 050-00 \u0438\u0441\u043f\u043e\u043b\u044c\u0437\u0443\u0435\u0442\u0441\u044f \u0432 \u044d\u043b\u0435\u043a\u0442\u0440\u043e\u043f\u043e\u0435\u0437\u0434\u0430\u0445.<\/span><\/p>\n<p>&nbsp;<\/p>\n<p><span style=\"text-decoration: underline;\"><span style=\"color: #333333;\">\u042d\u043b\u0435\u043c\u0435\u043d\u0442\u044b:<\/span><\/span><\/p>\n<p>\u0417\u0410\u041c\u041e\u041a &#8211; \u0441\u0438\u043c\u0432\u043e\u043b <span style=\"font-family: verdana,geneva;\"><span style=\"color: #333333;\"><span style=\"font-size: 8pt;\">DL-O 16 050-01<\/span><\/span><\/span><\/p>\n<p>\u0420\u042b\u0413\u0415\u041b\u042c &#8211; \u0441\u0438\u043c\u0432\u043e\u043b <span style=\"font-family: verdana,geneva;\"><span style=\"color: #333333;\"><span style=\"font-size: 8pt;\">DL-O 16 050-02<\/span><\/span><\/span><\/p>\n<p>\u0412\u0415\u0420\u0425\u041d\u042f\u042f \u0422\u042f\u0413\u0410 &#8211; \u0441\u0438\u043c\u0432\u043e\u043b <span style=\"font-family: verdana,geneva;\"><span style=\"color: #333333;\"><span style=\"font-size: 8pt;\">DL-O 16 050-04<\/span><\/span><\/span><\/p>\n<p>\u041d\u0418\u0416\u041d\u042f\u042f \u0422\u042f\u0413\u042f &#8211; \u0441\u0438\u043c\u0432\u043e\u043b <span style=\"font-family: verdana,geneva;\"><span style=\"color: #333333;\"><span style=\"font-size: 8pt;\">DL-O 16 050-05<\/span><\/span><\/span><\/p>\n<div style=\"clear:both\"><a href=\"javascript:window.print()\"><i class=\"fa fa-print\" aria-hidden=\"true\"><\/i> \u043f\u0435\u0447\u0430\u0442\u044c<\/a><\/div>","protected":false},"excerpt":{"rendered":"<p>\u0417\u0430\u043c\u043e\u043a \u0432\u043d\u0435\u0448\u043d\u0438\u0445 \u0434\u0432\u0435\u0440\u0435\u0439 \u0441\u043b\u0443\u0436\u0435\u0431\u043d\u043e\u0433\u043e \u043e\u0442\u0441\u0435\u043a\u0430 DL-O 16 050-00 \u0438\u0441\u043f\u043e\u043b\u044c\u0437\u0443\u0435\u0442\u0441\u044f \u0432 \u044d\u043b\u0435\u043a\u0442\u0440\u043e\u043f\u043e\u0435\u0437\u0434\u0430\u0445. &nbsp; \u042d\u043b\u0435\u043c\u0435\u043d\u0442\u044b: \u0417\u0410\u041c\u041e\u041a &#8211; \u0441\u0438\u043c\u0432\u043e\u043b DL-O 16 050-01 \u0420\u042b\u0413\u0415\u041b\u042c &#8211; \u0441\u0438\u043c\u0432\u043e\u043b DL-O 16 050-02 \u0412\u0415\u0420\u0425\u041d\u042f\u042f \u0422\u042f\u0413\u0410 &#8211; \u0441\u0438\u043c\u0432\u043e\u043b DL-O 16 050-04 \u041d\u0418\u0416\u041d\u042f\u042f \u0422\u042f\u0413\u042f &#8211; \u0441\u0438\u043c\u0432\u043e\u043b DL-O 16 050-05 \u043f\u0435\u0447\u0430\u0442\u044c<\/p>\n","protected":false},"featured_media":5527,"template":"","meta":{"om_disable_all_campaigns":false,"_monsterinsights_skip_tracking":false,"_monsterinsights_sitenote_active":false,"_monsterinsights_sitenote_note":"","_monsterinsights_sitenote_category":0,"_uf_show_specific_survey":0,"_uf_disable_surveys":false},"product_cat":[294],"product_tag":[],"class_list":{"0":"post-5539","1":"product","2":"type-product","3":"status-publish","4":"has-post-thumbnail","6":"product_cat-dveri-zamki","8":"first","9":"instock","10":"shipping-taxable","11":"purchasable","12":"product-type-simple"},"yoast_head":"<!-- This site is optimized with the Yoast SEO plugin v23.0 - https:\/\/yoast.com\/wordpress\/plugins\/seo\/ -->\n<title>\u0417\u0430\u043c\u043e\u043a \u0432\u043d\u0435\u0448\u043d\u0438\u0445 \u0434\u0432\u0435\u0440\u0435\u0439 \u0441\u043b\u0443\u0436\u0435\u0431\u043d\u043e\u0433\u043e \u043e\u0442\u0441\u0435\u043a\u0430 DL-O 16 050-00 - Darpol Bydgoszcz<\/title>\n<meta name=\"description\" content=\"\u0417\u0430\u043c\u043e\u043a \u0432\u043d\u0435\u0448\u043d\u0438\u0445 \u0434\u0432\u0435\u0440\u0435\u0439 \u0441\u043b\u0443\u0436\u0435\u0431\u043d\u043e\u0433\u043e \u043e\u0442\u0441\u0435\u043a\u0430 DL-O 16 050-00\" \/>\n<meta name=\"robots\" content=\"index, follow, max-snippet:-1, max-image-preview:large, max-video-preview:-1\" \/>\n<link rel=\"canonical\" href=\"https:\/\/darpol.bydgoszcz.pl\/ru\/predlagaet\/podvizhnoj-sostav\/dveri-zamki\/uklad-zamka-drzwi-zewnetrznych-przedzialu-sluzbowego-dl-o-16-050-0-2\/\" \/>\n<meta property=\"og:locale\" content=\"ru_RU\" \/>\n<meta property=\"og:type\" content=\"article\" \/>\n<meta property=\"og:title\" content=\"\u0417\u0430\u043c\u043e\u043a \u0432\u043d\u0435\u0448\u043d\u0438\u0445 \u0434\u0432\u0435\u0440\u0435\u0439 \u0441\u043b\u0443\u0436\u0435\u0431\u043d\u043e\u0433\u043e \u043e\u0442\u0441\u0435\u043a\u0430 DL-O 16 050-00 - Darpol Bydgoszcz\" \/>\n<meta property=\"og:description\" content=\"\u0417\u0430\u043c\u043e\u043a \u0432\u043d\u0435\u0448\u043d\u0438\u0445 \u0434\u0432\u0435\u0440\u0435\u0439 \u0441\u043b\u0443\u0436\u0435\u0431\u043d\u043e\u0433\u043e \u043e\u0442\u0441\u0435\u043a\u0430 DL-O 16 050-00\" \/>\n<meta property=\"og:url\" content=\"https:\/\/darpol.bydgoszcz.pl\/ru\/predlagaet\/podvizhnoj-sostav\/dveri-zamki\/uklad-zamka-drzwi-zewnetrznych-przedzialu-sluzbowego-dl-o-16-050-0-2\/\" \/>\n<meta property=\"og:site_name\" content=\"Darpol Bydgoszcz\" \/>\n<meta property=\"og:image\" content=\"https:\/\/darpol.bydgoszcz.pl\/wp-content\/uploads\/133-956-uklad-zamka-ryglowego-drzwi-zewnetrznych-przedzialu-sluzbowego-dl-o-16-050-00.jpg\" \/>\n\t<meta property=\"og:image:width\" content=\"90\" \/>\n\t<meta property=\"og:image:height\" content=\"577\" \/>\n\t<meta property=\"og:image:type\" content=\"image\/jpeg\" \/>\n<meta name=\"twitter:card\" content=\"summary_large_image\" \/>\n<script type=\"application\/ld+json\" class=\"yoast-schema-graph\">{\"@context\":\"https:\/\/schema.org\",\"@graph\":[{\"@type\":\"WebPage\",\"@id\":\"https:\/\/darpol.bydgoszcz.pl\/ru\/predlagaet\/podvizhnoj-sostav\/dveri-zamki\/uklad-zamka-drzwi-zewnetrznych-przedzialu-sluzbowego-dl-o-16-050-0-2\/\",\"url\":\"https:\/\/darpol.bydgoszcz.pl\/ru\/predlagaet\/podvizhnoj-sostav\/dveri-zamki\/uklad-zamka-drzwi-zewnetrznych-przedzialu-sluzbowego-dl-o-16-050-0-2\/\",\"name\":\"\u0417\u0430\u043c\u043e\u043a \u0432\u043d\u0435\u0448\u043d\u0438\u0445 \u0434\u0432\u0435\u0440\u0435\u0439 \u0441\u043b\u0443\u0436\u0435\u0431\u043d\u043e\u0433\u043e \u043e\u0442\u0441\u0435\u043a\u0430 DL-O 16 050-00 - Darpol Bydgoszcz\",\"isPartOf\":{\"@id\":\"https:\/\/darpol.bydgoszcz.pl\/#website\"},\"primaryImageOfPage\":{\"@id\":\"https:\/\/darpol.bydgoszcz.pl\/ru\/predlagaet\/podvizhnoj-sostav\/dveri-zamki\/uklad-zamka-drzwi-zewnetrznych-przedzialu-sluzbowego-dl-o-16-050-0-2\/#primaryimage\"},\"image\":{\"@id\":\"https:\/\/darpol.bydgoszcz.pl\/ru\/predlagaet\/podvizhnoj-sostav\/dveri-zamki\/uklad-zamka-drzwi-zewnetrznych-przedzialu-sluzbowego-dl-o-16-050-0-2\/#primaryimage\"},\"thumbnailUrl\":\"https:\/\/darpol.bydgoszcz.pl\/wp-content\/uploads\/133-956-uklad-zamka-ryglowego-drzwi-zewnetrznych-przedzialu-sluzbowego-dl-o-16-050-00.jpg\",\"datePublished\":\"2013-02-05T13:41:38+00:00\",\"dateModified\":\"2013-02-05T13:41:38+00:00\",\"description\":\"\u0417\u0430\u043c\u043e\u043a \u0432\u043d\u0435\u0448\u043d\u0438\u0445 \u0434\u0432\u0435\u0440\u0435\u0439 \u0441\u043b\u0443\u0436\u0435\u0431\u043d\u043e\u0433\u043e \u043e\u0442\u0441\u0435\u043a\u0430 DL-O 16 050-00\",\"breadcrumb\":{\"@id\":\"https:\/\/darpol.bydgoszcz.pl\/ru\/predlagaet\/podvizhnoj-sostav\/dveri-zamki\/uklad-zamka-drzwi-zewnetrznych-przedzialu-sluzbowego-dl-o-16-050-0-2\/#breadcrumb\"},\"inLanguage\":\"ru-RU\",\"potentialAction\":[{\"@type\":\"ReadAction\",\"target\":[\"https:\/\/darpol.bydgoszcz.pl\/ru\/predlagaet\/podvizhnoj-sostav\/dveri-zamki\/uklad-zamka-drzwi-zewnetrznych-przedzialu-sluzbowego-dl-o-16-050-0-2\/\"]}]},{\"@type\":\"ImageObject\",\"inLanguage\":\"ru-RU\",\"@id\":\"https:\/\/darpol.bydgoszcz.pl\/ru\/predlagaet\/podvizhnoj-sostav\/dveri-zamki\/uklad-zamka-drzwi-zewnetrznych-przedzialu-sluzbowego-dl-o-16-050-0-2\/#primaryimage\",\"url\":\"https:\/\/darpol.bydgoszcz.pl\/wp-content\/uploads\/133-956-uklad-zamka-ryglowego-drzwi-zewnetrznych-przedzialu-sluzbowego-dl-o-16-050-00.jpg\",\"contentUrl\":\"https:\/\/darpol.bydgoszcz.pl\/wp-content\/uploads\/133-956-uklad-zamka-ryglowego-drzwi-zewnetrznych-przedzialu-sluzbowego-dl-o-16-050-00.jpg\",\"width\":90,\"height\":577,\"caption\":\"Uk\u0142ad zamka ryglowego drzwi zewn\u0119trznych przedzia\u0142u s\u0142u\u017cbowego DL-O 16 050-00\"},{\"@type\":\"BreadcrumbList\",\"@id\":\"https:\/\/darpol.bydgoszcz.pl\/ru\/predlagaet\/podvizhnoj-sostav\/dveri-zamki\/uklad-zamka-drzwi-zewnetrznych-przedzialu-sluzbowego-dl-o-16-050-0-2\/#breadcrumb\",\"itemListElement\":[{\"@type\":\"ListItem\",\"position\":1,\"name\":\"Strona g\u0142\u00f3wna\",\"item\":\"https:\/\/darpol.bydgoszcz.pl\/ru\/\"},{\"@type\":\"ListItem\",\"position\":2,\"name\":\"Oferta\",\"item\":\"https:\/\/darpol.bydgoszcz.pl\/oferta\/\"},{\"@type\":\"ListItem\",\"position\":3,\"name\":\"\u0417\u0430\u043c\u043e\u043a \u0432\u043d\u0435\u0448\u043d\u0438\u0445 \u0434\u0432\u0435\u0440\u0435\u0439 \u0441\u043b\u0443\u0436\u0435\u0431\u043d\u043e\u0433\u043e \u043e\u0442\u0441\u0435\u043a\u0430 DL-O 16 050-00\"}]},{\"@type\":\"WebSite\",\"@id\":\"https:\/\/darpol.bydgoszcz.pl\/#website\",\"url\":\"https:\/\/darpol.bydgoszcz.pl\/\",\"name\":\"Darpol Bydgoszcz\",\"description\":\"\",\"potentialAction\":[{\"@type\":\"SearchAction\",\"target\":{\"@type\":\"EntryPoint\",\"urlTemplate\":\"https:\/\/darpol.bydgoszcz.pl\/?s={search_term_string}\"},\"query-input\":\"required name=search_term_string\"}],\"inLanguage\":\"ru-RU\"}]}<\/script>\n<!-- \/ Yoast SEO plugin. -->","yoast_head_json":{"title":"\u0417\u0430\u043c\u043e\u043a \u0432\u043d\u0435\u0448\u043d\u0438\u0445 \u0434\u0432\u0435\u0440\u0435\u0439 \u0441\u043b\u0443\u0436\u0435\u0431\u043d\u043e\u0433\u043e \u043e\u0442\u0441\u0435\u043a\u0430 DL-O 16 050-00 - Darpol Bydgoszcz","description":"\u0417\u0430\u043c\u043e\u043a \u0432\u043d\u0435\u0448\u043d\u0438\u0445 \u0434\u0432\u0435\u0440\u0435\u0439 \u0441\u043b\u0443\u0436\u0435\u0431\u043d\u043e\u0433\u043e \u043e\u0442\u0441\u0435\u043a\u0430 DL-O 16 050-00","robots":{"index":"index","follow":"follow","max-snippet":"max-snippet:-1","max-image-preview":"max-image-preview:large","max-video-preview":"max-video-preview:-1"},"canonical":"https:\/\/darpol.bydgoszcz.pl\/ru\/predlagaet\/podvizhnoj-sostav\/dveri-zamki\/uklad-zamka-drzwi-zewnetrznych-przedzialu-sluzbowego-dl-o-16-050-0-2\/","og_locale":"ru_RU","og_type":"article","og_title":"\u0417\u0430\u043c\u043e\u043a \u0432\u043d\u0435\u0448\u043d\u0438\u0445 \u0434\u0432\u0435\u0440\u0435\u0439 \u0441\u043b\u0443\u0436\u0435\u0431\u043d\u043e\u0433\u043e \u043e\u0442\u0441\u0435\u043a\u0430 DL-O 16 050-00 - Darpol Bydgoszcz","og_description":"\u0417\u0430\u043c\u043e\u043a \u0432\u043d\u0435\u0448\u043d\u0438\u0445 \u0434\u0432\u0435\u0440\u0435\u0439 \u0441\u043b\u0443\u0436\u0435\u0431\u043d\u043e\u0433\u043e \u043e\u0442\u0441\u0435\u043a\u0430 DL-O 16 050-00","og_url":"https:\/\/darpol.bydgoszcz.pl\/ru\/predlagaet\/podvizhnoj-sostav\/dveri-zamki\/uklad-zamka-drzwi-zewnetrznych-przedzialu-sluzbowego-dl-o-16-050-0-2\/","og_site_name":"Darpol Bydgoszcz","og_image":[{"width":90,"height":577,"url":"https:\/\/darpol.bydgoszcz.pl\/wp-content\/uploads\/133-956-uklad-zamka-ryglowego-drzwi-zewnetrznych-przedzialu-sluzbowego-dl-o-16-050-00.jpg","type":"image\/jpeg"}],"twitter_card":"summary_large_image","schema":{"@context":"https:\/\/schema.org","@graph":[{"@type":"WebPage","@id":"https:\/\/darpol.bydgoszcz.pl\/ru\/predlagaet\/podvizhnoj-sostav\/dveri-zamki\/uklad-zamka-drzwi-zewnetrznych-przedzialu-sluzbowego-dl-o-16-050-0-2\/","url":"https:\/\/darpol.bydgoszcz.pl\/ru\/predlagaet\/podvizhnoj-sostav\/dveri-zamki\/uklad-zamka-drzwi-zewnetrznych-przedzialu-sluzbowego-dl-o-16-050-0-2\/","name":"\u0417\u0430\u043c\u043e\u043a \u0432\u043d\u0435\u0448\u043d\u0438\u0445 \u0434\u0432\u0435\u0440\u0435\u0439 \u0441\u043b\u0443\u0436\u0435\u0431\u043d\u043e\u0433\u043e \u043e\u0442\u0441\u0435\u043a\u0430 DL-O 16 050-00 - Darpol Bydgoszcz","isPartOf":{"@id":"https:\/\/darpol.bydgoszcz.pl\/#website"},"primaryImageOfPage":{"@id":"https:\/\/darpol.bydgoszcz.pl\/ru\/predlagaet\/podvizhnoj-sostav\/dveri-zamki\/uklad-zamka-drzwi-zewnetrznych-przedzialu-sluzbowego-dl-o-16-050-0-2\/#primaryimage"},"image":{"@id":"https:\/\/darpol.bydgoszcz.pl\/ru\/predlagaet\/podvizhnoj-sostav\/dveri-zamki\/uklad-zamka-drzwi-zewnetrznych-przedzialu-sluzbowego-dl-o-16-050-0-2\/#primaryimage"},"thumbnailUrl":"https:\/\/darpol.bydgoszcz.pl\/wp-content\/uploads\/133-956-uklad-zamka-ryglowego-drzwi-zewnetrznych-przedzialu-sluzbowego-dl-o-16-050-00.jpg","datePublished":"2013-02-05T13:41:38+00:00","dateModified":"2013-02-05T13:41:38+00:00","description":"\u0417\u0430\u043c\u043e\u043a \u0432\u043d\u0435\u0448\u043d\u0438\u0445 \u0434\u0432\u0435\u0440\u0435\u0439 \u0441\u043b\u0443\u0436\u0435\u0431\u043d\u043e\u0433\u043e \u043e\u0442\u0441\u0435\u043a\u0430 DL-O 16 050-00","breadcrumb":{"@id":"https:\/\/darpol.bydgoszcz.pl\/ru\/predlagaet\/podvizhnoj-sostav\/dveri-zamki\/uklad-zamka-drzwi-zewnetrznych-przedzialu-sluzbowego-dl-o-16-050-0-2\/#breadcrumb"},"inLanguage":"ru-RU","potentialAction":[{"@type":"ReadAction","target":["https:\/\/darpol.bydgoszcz.pl\/ru\/predlagaet\/podvizhnoj-sostav\/dveri-zamki\/uklad-zamka-drzwi-zewnetrznych-przedzialu-sluzbowego-dl-o-16-050-0-2\/"]}]},{"@type":"ImageObject","inLanguage":"ru-RU","@id":"https:\/\/darpol.bydgoszcz.pl\/ru\/predlagaet\/podvizhnoj-sostav\/dveri-zamki\/uklad-zamka-drzwi-zewnetrznych-przedzialu-sluzbowego-dl-o-16-050-0-2\/#primaryimage","url":"https:\/\/darpol.bydgoszcz.pl\/wp-content\/uploads\/133-956-uklad-zamka-ryglowego-drzwi-zewnetrznych-przedzialu-sluzbowego-dl-o-16-050-00.jpg","contentUrl":"https:\/\/darpol.bydgoszcz.pl\/wp-content\/uploads\/133-956-uklad-zamka-ryglowego-drzwi-zewnetrznych-przedzialu-sluzbowego-dl-o-16-050-00.jpg","width":90,"height":577,"caption":"Uk\u0142ad zamka ryglowego drzwi zewn\u0119trznych przedzia\u0142u s\u0142u\u017cbowego DL-O 16 050-00"},{"@type":"BreadcrumbList","@id":"https:\/\/darpol.bydgoszcz.pl\/ru\/predlagaet\/podvizhnoj-sostav\/dveri-zamki\/uklad-zamka-drzwi-zewnetrznych-przedzialu-sluzbowego-dl-o-16-050-0-2\/#breadcrumb","itemListElement":[{"@type":"ListItem","position":1,"name":"Strona g\u0142\u00f3wna","item":"https:\/\/darpol.bydgoszcz.pl\/ru\/"},{"@type":"ListItem","position":2,"name":"Oferta","item":"https:\/\/darpol.bydgoszcz.pl\/oferta\/"},{"@type":"ListItem","position":3,"name":"\u0417\u0430\u043c\u043e\u043a \u0432\u043d\u0435\u0448\u043d\u0438\u0445 \u0434\u0432\u0435\u0440\u0435\u0439 \u0441\u043b\u0443\u0436\u0435\u0431\u043d\u043e\u0433\u043e \u043e\u0442\u0441\u0435\u043a\u0430 DL-O 16 050-00"}]},{"@type":"WebSite","@id":"https:\/\/darpol.bydgoszcz.pl\/#website","url":"https:\/\/darpol.bydgoszcz.pl\/","name":"Darpol Bydgoszcz","description":"","potentialAction":[{"@type":"SearchAction","target":{"@type":"EntryPoint","urlTemplate":"https:\/\/darpol.bydgoszcz.pl\/?s={search_term_string}"},"query-input":"required name=search_term_string"}],"inLanguage":"ru-RU"}]}},"_links":{"self":[{"href":"https:\/\/darpol.bydgoszcz.pl\/ru\/wp-json\/wp\/v2\/product\/5539","targetHints":{"allow":["GET"]}}],"collection":[{"href":"https:\/\/darpol.bydgoszcz.pl\/ru\/wp-json\/wp\/v2\/product"}],"about":[{"href":"https:\/\/darpol.bydgoszcz.pl\/ru\/wp-json\/wp\/v2\/types\/product"}],"wp:featuredmedia":[{"embeddable":true,"href":"https:\/\/darpol.bydgoszcz.pl\/ru\/wp-json\/wp\/v2\/media\/5527"}],"wp:attachment":[{"href":"https:\/\/darpol.bydgoszcz.pl\/ru\/wp-json\/wp\/v2\/media?parent=5539"}],"wp:term":[{"taxonomy":"product_cat","embeddable":true,"href":"https:\/\/darpol.bydgoszcz.pl\/ru\/wp-json\/wp\/v2\/product_cat?post=5539"},{"taxonomy":"product_tag","embeddable":true,"href":"https:\/\/darpol.bydgoszcz.pl\/ru\/wp-json\/wp\/v2\/product_tag?post=5539"}],"curies":[{"name":"wp","href":"https:\/\/api.w.org\/{rel}","templated":true}]}}