{"id":54850,"date":"2019-04-24T13:16:06","date_gmt":"2019-04-24T11:16:06","guid":{"rendered":"https:\/\/darpol.bydgoszcz.pl\/offer\/\u0431\u0435\u0437%20\u0440\u0443\u0431\u0440\u0438\u043a\u0438\/lampa-led-fi-90-do-wc-dl-03-023-00\/"},"modified":"2025-11-21T12:40:40","modified_gmt":"2025-11-21T11:40:40","slug":"lampa-led-fi-90-do-wc-dl-03-023-00","status":"publish","type":"product","link":"https:\/\/darpol.bydgoszcz.pl\/ru\/predlagaet\/podvizhnoj-sostav\/elektro-zapchasti\/lampa-led-fi-90-do-wc-dl-03-023-00\/","title":{"rendered":"Lampa LED \u00d8 90 do WC  DL-03-023-00"},"content":{"rendered":"<p>Lampa LED do WC w pojazdach szynowych to specjalistyczne o\u015bwietlenie zaprojektowane z my\u015bl\u0105 o wymagaj\u0105cych warunkach panuj\u0105cych w poci\u0105gach. Zapewnia wysoki komfort u\u017cytkowania, bezpiecze\u0144stwo oraz pe\u0142n\u0105 niezawodno\u015b\u0107 w ka\u017cdych warunkach eksploatacyjnych. Dzi\u0119ki trwa\u0142ej konstrukcji, energooszcz\u0119dnej technologii LED i zgodno\u015bci z normami kolejowymi stanowi kluczowy element wyposa\u017cenia nowoczesnych modu\u0142\u00f3w WC.<\/p>\n<p>&nbsp;<\/p>\n<p><strong>Korzy\u015bci, zalety:<\/strong><br \/>\n+ Energooszcz\u0119dno\u015b\u0107 i d\u0142uga \u017cywotno\u015b\u0107<br \/>\n+ Odporno\u015b\u0107 na wibracje i trudne warunki jazdy<br \/>\n+ Jednolite i przyjazne \u015bwiat\u0142o<br \/>\n+ Bezpiecze\u0144stwo i zgodno\u015b\u0107 z normami kolejowymi<\/p>\n<p>&nbsp;<\/p>\n<p><strong>Dane techniczne:<\/strong><br \/>\nMateria\u0142: Aluminium<br \/>\nWyko\u0144czenie: Anodowanie<br \/>\nZasilanie: 24V DC<br \/>\nTemperatura barwowa \u015bwiat\u0142a: 4000K<br \/>\nBarwa \u015bwiat\u0142a: Naturalny<br \/>\nOtw\u00f3r monta\u017cowy: \u00d875\u00f780<br \/>\nMasa: ~0,2kg<\/p>\n<p>&nbsp;<\/p>\n<p>Wyr\u00f3b zgodny z normami: PN-EN 22768-2, PN-EN-45545-2<\/p>\n<p>Zastosowanie: wagony osobowe<\/p>\n<p>&nbsp;<\/p>\n<p>W ofercie tak\u017ce <span style=\"text-decoration: underline\"><a href=\"https:\/\/darpol.bydgoszcz.pl\/sklep\/tabor-szynowy\/czesci-elektryczne-i-elektroniczne\/lampa-wc-dl-03-007-01\/\">lampa LED do WC o \u015brednicy 70 mm.<\/a><\/span><\/p>\n<div style=\"clear:both\"><a href=\"javascript:window.print()\"><i class=\"fa fa-print\" aria-hidden=\"true\"><\/i> \u043f\u0435\u0447\u0430\u0442\u044c<\/a><\/div>","protected":false},"excerpt":{"rendered":"<p>Lampa LED do WC w pojazdach szynowych to specjalistyczne o\u015bwietlenie zaprojektowane z my\u015bl\u0105 o wymagaj\u0105cych warunkach panuj\u0105cych w poci\u0105gach. Zapewnia wysoki komfort u\u017cytkowania, bezpiecze\u0144stwo oraz pe\u0142n\u0105 niezawodno\u015b\u0107 w ka\u017cdych warunkach eksploatacyjnych. Dzi\u0119ki trwa\u0142ej konstrukcji, energooszcz\u0119dnej technologii LED i zgodno\u015bci z normami kolejowymi stanowi kluczowy element wyposa\u017cenia nowoczesnych modu\u0142\u00f3w WC. &nbsp; Korzy\u015bci, zalety: + Energooszcz\u0119dno\u015b\u0107 i &hellip;<\/p>\n","protected":false},"featured_media":57971,"template":"","meta":{"om_disable_all_campaigns":false,"_monsterinsights_skip_tracking":false,"_monsterinsights_sitenote_active":false,"_monsterinsights_sitenote_note":"","_monsterinsights_sitenote_category":0,"_uf_show_specific_survey":0,"_uf_disable_surveys":false},"product_cat":[370,3874,305,341,335],"product_tag":[4152,3494,7837,3288,4153,3930,8071,8072,8073,3298,8074,8075,8076,8077,4154,4155,3392,3276,3406],"class_list":{"0":"post-54850","1":"product","2":"type-product","3":"status-publish","4":"has-post-thumbnail","6":"product_cat-osveschenie","7":"product_cat-zapchasti-tualeta","8":"product_cat-elektro-zapchasti","9":"product_cat-passazhirskie-vagony","10":"product_cat-elektrodizelpoezda","11":"product_tag-4801b-ru","12":"product_tag-darpol-ru","13":"product_tag-darpol-bydgoszcz-ru","14":"product_tag-ezt-ru","15":"product_tag-ip20-ru","16":"product_tag-lampa-ru","17":"product_tag-lampa-kolejowa-led-ru","18":"product_tag-lampa-led-do-pociagu-ru","19":"product_tag-lampa-led-wc-ru","20":"product_tag-led-ru","21":"product_tag-led-do-taboru-kolejowego-ru","22":"product_tag-oswietlenie-led-pojazdy-szynowe-ru","23":"product_tag-oswietlenie-toalety-w-pociagu-ru","24":"product_tag-oswietlenie-wc-pociag-ru","25":"product_tag-szt-ru","26":"product_tag-teknoware-ru","27":"product_tag-toaleta-ru","28":"product_tag-wagon-ru","29":"product_tag-wc-ru","31":"first","32":"onbackorder","33":"shipping-taxable","34":"product-type-simple"},"yoast_head":"<!-- This site is optimized with the Yoast SEO plugin v23.0 - https:\/\/yoast.com\/wordpress\/plugins\/seo\/ -->\n<title>Lampa LED \u00d8 90 do WC DL-03-023-00 - Darpol Bydgoszcz<\/title>\n<meta name=\"robots\" content=\"index, follow, max-snippet:-1, max-image-preview:large, max-video-preview:-1\" \/>\n<link rel=\"canonical\" href=\"https:\/\/darpol.bydgoszcz.pl\/ru\/predlagaet\/podvizhnoj-sostav\/elektro-zapchasti\/lampa-led-fi-90-do-wc-dl-03-023-00\/\" \/>\n<meta property=\"og:locale\" content=\"ru_RU\" \/>\n<meta property=\"og:type\" content=\"article\" \/>\n<meta property=\"og:title\" content=\"Lampa LED \u00d8 90 do WC DL-03-023-00 - Darpol Bydgoszcz\" \/>\n<meta property=\"og:description\" content=\"Lampa LED do WC w pojazdach szynowych to specjalistyczne o\u015bwietlenie zaprojektowane z my\u015bl\u0105 o wymagaj\u0105cych warunkach panuj\u0105cych w poci\u0105gach. Zapewnia wysoki komfort u\u017cytkowania, bezpiecze\u0144stwo oraz pe\u0142n\u0105 niezawodno\u015b\u0107 w ka\u017cdych warunkach eksploatacyjnych. Dzi\u0119ki trwa\u0142ej konstrukcji, energooszcz\u0119dnej technologii LED i zgodno\u015bci z normami kolejowymi stanowi kluczowy element wyposa\u017cenia nowoczesnych modu\u0142\u00f3w WC. &nbsp; Korzy\u015bci, zalety: + Energooszcz\u0119dno\u015b\u0107 i &hellip;\" \/>\n<meta property=\"og:url\" content=\"https:\/\/darpol.bydgoszcz.pl\/ru\/predlagaet\/podvizhnoj-sostav\/elektro-zapchasti\/lampa-led-fi-90-do-wc-dl-03-023-00\/\" \/>\n<meta property=\"og:site_name\" content=\"Darpol Bydgoszcz\" \/>\n<meta property=\"article:modified_time\" content=\"2025-11-21T11:40:40+00:00\" \/>\n<meta property=\"og:image\" content=\"https:\/\/darpol.bydgoszcz.pl\/wp-content\/uploads\/lampa-led-do-wc-4801B-DL-03-023-00.jpg\" \/>\n\t<meta property=\"og:image:width\" content=\"334\" \/>\n\t<meta property=\"og:image:height\" content=\"267\" \/>\n\t<meta property=\"og:image:type\" content=\"image\/jpeg\" \/>\n<meta name=\"twitter:card\" content=\"summary_large_image\" \/>\n<meta name=\"twitter:label1\" content=\"\u041f\u0440\u0438\u043c\u0435\u0440\u043d\u043e\u0435 \u0432\u0440\u0435\u043c\u044f \u0434\u043b\u044f \u0447\u0442\u0435\u043d\u0438\u044f\" \/>\n\t<meta name=\"twitter:data1\" content=\"1 \u043c\u0438\u043d\u0443\u0442\u0430\" \/>\n<script type=\"application\/ld+json\" class=\"yoast-schema-graph\">{\"@context\":\"https:\/\/schema.org\",\"@graph\":[{\"@type\":\"WebPage\",\"@id\":\"https:\/\/darpol.bydgoszcz.pl\/ru\/predlagaet\/podvizhnoj-sostav\/elektro-zapchasti\/lampa-led-fi-90-do-wc-dl-03-023-00\/\",\"url\":\"https:\/\/darpol.bydgoszcz.pl\/ru\/predlagaet\/podvizhnoj-sostav\/elektro-zapchasti\/lampa-led-fi-90-do-wc-dl-03-023-00\/\",\"name\":\"Lampa LED \u00d8 90 do WC DL-03-023-00 - Darpol Bydgoszcz\",\"isPartOf\":{\"@id\":\"https:\/\/darpol.bydgoszcz.pl\/#website\"},\"primaryImageOfPage\":{\"@id\":\"https:\/\/darpol.bydgoszcz.pl\/ru\/predlagaet\/podvizhnoj-sostav\/elektro-zapchasti\/lampa-led-fi-90-do-wc-dl-03-023-00\/#primaryimage\"},\"image\":{\"@id\":\"https:\/\/darpol.bydgoszcz.pl\/ru\/predlagaet\/podvizhnoj-sostav\/elektro-zapchasti\/lampa-led-fi-90-do-wc-dl-03-023-00\/#primaryimage\"},\"thumbnailUrl\":\"https:\/\/darpol.bydgoszcz.pl\/wp-content\/uploads\/DL-03-023-00-Lampa-LED-fi90-do-WC-1.png\",\"datePublished\":\"2019-04-24T11:16:06+00:00\",\"dateModified\":\"2025-11-21T11:40:40+00:00\",\"breadcrumb\":{\"@id\":\"https:\/\/darpol.bydgoszcz.pl\/ru\/predlagaet\/podvizhnoj-sostav\/elektro-zapchasti\/lampa-led-fi-90-do-wc-dl-03-023-00\/#breadcrumb\"},\"inLanguage\":\"ru-RU\",\"potentialAction\":[{\"@type\":\"ReadAction\",\"target\":[\"https:\/\/darpol.bydgoszcz.pl\/ru\/predlagaet\/podvizhnoj-sostav\/elektro-zapchasti\/lampa-led-fi-90-do-wc-dl-03-023-00\/\"]}]},{\"@type\":\"ImageObject\",\"inLanguage\":\"ru-RU\",\"@id\":\"https:\/\/darpol.bydgoszcz.pl\/ru\/predlagaet\/podvizhnoj-sostav\/elektro-zapchasti\/lampa-led-fi-90-do-wc-dl-03-023-00\/#primaryimage\",\"url\":\"https:\/\/darpol.bydgoszcz.pl\/wp-content\/uploads\/DL-03-023-00-Lampa-LED-fi90-do-WC-1.png\",\"contentUrl\":\"https:\/\/darpol.bydgoszcz.pl\/wp-content\/uploads\/DL-03-023-00-Lampa-LED-fi90-do-WC-1.png\",\"width\":1000,\"height\":1000,\"caption\":\"DL-03-023-00 Lampa LED fi90 do WC\"},{\"@type\":\"BreadcrumbList\",\"@id\":\"https:\/\/darpol.bydgoszcz.pl\/ru\/predlagaet\/podvizhnoj-sostav\/elektro-zapchasti\/lampa-led-fi-90-do-wc-dl-03-023-00\/#breadcrumb\",\"itemListElement\":[{\"@type\":\"ListItem\",\"position\":1,\"name\":\"Strona g\u0142\u00f3wna\",\"item\":\"https:\/\/darpol.bydgoszcz.pl\/ru\/\"},{\"@type\":\"ListItem\",\"position\":2,\"name\":\"Oferta\",\"item\":\"https:\/\/darpol.bydgoszcz.pl\/oferta\/\"},{\"@type\":\"ListItem\",\"position\":3,\"name\":\"Lampa LED \u00d8 90 do WC DL-03-023-00\"}]},{\"@type\":\"WebSite\",\"@id\":\"https:\/\/darpol.bydgoszcz.pl\/#website\",\"url\":\"https:\/\/darpol.bydgoszcz.pl\/\",\"name\":\"Darpol Bydgoszcz\",\"description\":\"\",\"potentialAction\":[{\"@type\":\"SearchAction\",\"target\":{\"@type\":\"EntryPoint\",\"urlTemplate\":\"https:\/\/darpol.bydgoszcz.pl\/?s={search_term_string}\"},\"query-input\":\"required name=search_term_string\"}],\"inLanguage\":\"ru-RU\"}]}<\/script>\n<!-- \/ Yoast SEO plugin. -->","yoast_head_json":{"title":"Lampa LED \u00d8 90 do WC DL-03-023-00 - Darpol Bydgoszcz","robots":{"index":"index","follow":"follow","max-snippet":"max-snippet:-1","max-image-preview":"max-image-preview:large","max-video-preview":"max-video-preview:-1"},"canonical":"https:\/\/darpol.bydgoszcz.pl\/ru\/predlagaet\/podvizhnoj-sostav\/elektro-zapchasti\/lampa-led-fi-90-do-wc-dl-03-023-00\/","og_locale":"ru_RU","og_type":"article","og_title":"Lampa LED \u00d8 90 do WC DL-03-023-00 - Darpol Bydgoszcz","og_description":"Lampa LED do WC w pojazdach szynowych to specjalistyczne o\u015bwietlenie zaprojektowane z my\u015bl\u0105 o wymagaj\u0105cych warunkach panuj\u0105cych w poci\u0105gach. Zapewnia wysoki komfort u\u017cytkowania, bezpiecze\u0144stwo oraz pe\u0142n\u0105 niezawodno\u015b\u0107 w ka\u017cdych warunkach eksploatacyjnych. Dzi\u0119ki trwa\u0142ej konstrukcji, energooszcz\u0119dnej technologii LED i zgodno\u015bci z normami kolejowymi stanowi kluczowy element wyposa\u017cenia nowoczesnych modu\u0142\u00f3w WC. &nbsp; Korzy\u015bci, zalety: + Energooszcz\u0119dno\u015b\u0107 i &hellip;","og_url":"https:\/\/darpol.bydgoszcz.pl\/ru\/predlagaet\/podvizhnoj-sostav\/elektro-zapchasti\/lampa-led-fi-90-do-wc-dl-03-023-00\/","og_site_name":"Darpol Bydgoszcz","article_modified_time":"2025-11-21T11:40:40+00:00","og_image":[{"width":334,"height":267,"url":"https:\/\/darpol.bydgoszcz.pl\/wp-content\/uploads\/lampa-led-do-wc-4801B-DL-03-023-00.jpg","type":"image\/jpeg"}],"twitter_card":"summary_large_image","twitter_misc":{"\u041f\u0440\u0438\u043c\u0435\u0440\u043d\u043e\u0435 \u0432\u0440\u0435\u043c\u044f \u0434\u043b\u044f \u0447\u0442\u0435\u043d\u0438\u044f":"1 \u043c\u0438\u043d\u0443\u0442\u0430"},"schema":{"@context":"https:\/\/schema.org","@graph":[{"@type":"WebPage","@id":"https:\/\/darpol.bydgoszcz.pl\/ru\/predlagaet\/podvizhnoj-sostav\/elektro-zapchasti\/lampa-led-fi-90-do-wc-dl-03-023-00\/","url":"https:\/\/darpol.bydgoszcz.pl\/ru\/predlagaet\/podvizhnoj-sostav\/elektro-zapchasti\/lampa-led-fi-90-do-wc-dl-03-023-00\/","name":"Lampa LED \u00d8 90 do WC DL-03-023-00 - Darpol Bydgoszcz","isPartOf":{"@id":"https:\/\/darpol.bydgoszcz.pl\/#website"},"primaryImageOfPage":{"@id":"https:\/\/darpol.bydgoszcz.pl\/ru\/predlagaet\/podvizhnoj-sostav\/elektro-zapchasti\/lampa-led-fi-90-do-wc-dl-03-023-00\/#primaryimage"},"image":{"@id":"https:\/\/darpol.bydgoszcz.pl\/ru\/predlagaet\/podvizhnoj-sostav\/elektro-zapchasti\/lampa-led-fi-90-do-wc-dl-03-023-00\/#primaryimage"},"thumbnailUrl":"https:\/\/darpol.bydgoszcz.pl\/wp-content\/uploads\/DL-03-023-00-Lampa-LED-fi90-do-WC-1.png","datePublished":"2019-04-24T11:16:06+00:00","dateModified":"2025-11-21T11:40:40+00:00","breadcrumb":{"@id":"https:\/\/darpol.bydgoszcz.pl\/ru\/predlagaet\/podvizhnoj-sostav\/elektro-zapchasti\/lampa-led-fi-90-do-wc-dl-03-023-00\/#breadcrumb"},"inLanguage":"ru-RU","potentialAction":[{"@type":"ReadAction","target":["https:\/\/darpol.bydgoszcz.pl\/ru\/predlagaet\/podvizhnoj-sostav\/elektro-zapchasti\/lampa-led-fi-90-do-wc-dl-03-023-00\/"]}]},{"@type":"ImageObject","inLanguage":"ru-RU","@id":"https:\/\/darpol.bydgoszcz.pl\/ru\/predlagaet\/podvizhnoj-sostav\/elektro-zapchasti\/lampa-led-fi-90-do-wc-dl-03-023-00\/#primaryimage","url":"https:\/\/darpol.bydgoszcz.pl\/wp-content\/uploads\/DL-03-023-00-Lampa-LED-fi90-do-WC-1.png","contentUrl":"https:\/\/darpol.bydgoszcz.pl\/wp-content\/uploads\/DL-03-023-00-Lampa-LED-fi90-do-WC-1.png","width":1000,"height":1000,"caption":"DL-03-023-00 Lampa LED fi90 do WC"},{"@type":"BreadcrumbList","@id":"https:\/\/darpol.bydgoszcz.pl\/ru\/predlagaet\/podvizhnoj-sostav\/elektro-zapchasti\/lampa-led-fi-90-do-wc-dl-03-023-00\/#breadcrumb","itemListElement":[{"@type":"ListItem","position":1,"name":"Strona g\u0142\u00f3wna","item":"https:\/\/darpol.bydgoszcz.pl\/ru\/"},{"@type":"ListItem","position":2,"name":"Oferta","item":"https:\/\/darpol.bydgoszcz.pl\/oferta\/"},{"@type":"ListItem","position":3,"name":"Lampa LED \u00d8 90 do WC DL-03-023-00"}]},{"@type":"WebSite","@id":"https:\/\/darpol.bydgoszcz.pl\/#website","url":"https:\/\/darpol.bydgoszcz.pl\/","name":"Darpol Bydgoszcz","description":"","potentialAction":[{"@type":"SearchAction","target":{"@type":"EntryPoint","urlTemplate":"https:\/\/darpol.bydgoszcz.pl\/?s={search_term_string}"},"query-input":"required name=search_term_string"}],"inLanguage":"ru-RU"}]}},"_links":{"self":[{"href":"https:\/\/darpol.bydgoszcz.pl\/ru\/wp-json\/wp\/v2\/product\/54850","targetHints":{"allow":["GET"]}}],"collection":[{"href":"https:\/\/darpol.bydgoszcz.pl\/ru\/wp-json\/wp\/v2\/product"}],"about":[{"href":"https:\/\/darpol.bydgoszcz.pl\/ru\/wp-json\/wp\/v2\/types\/product"}],"wp:featuredmedia":[{"embeddable":true,"href":"https:\/\/darpol.bydgoszcz.pl\/ru\/wp-json\/wp\/v2\/media\/57971"}],"wp:attachment":[{"href":"https:\/\/darpol.bydgoszcz.pl\/ru\/wp-json\/wp\/v2\/media?parent=54850"}],"wp:term":[{"taxonomy":"product_cat","embeddable":true,"href":"https:\/\/darpol.bydgoszcz.pl\/ru\/wp-json\/wp\/v2\/product_cat?post=54850"},{"taxonomy":"product_tag","embeddable":true,"href":"https:\/\/darpol.bydgoszcz.pl\/ru\/wp-json\/wp\/v2\/product_tag?post=54850"}],"curies":[{"name":"wp","href":"https:\/\/api.w.org\/{rel}","templated":true}]}}