{"id":54847,"date":"2018-12-03T17:33:58","date_gmt":"2018-12-03T16:33:58","guid":{"rendered":"https:\/\/darpol.bydgoszcz.pl\/offer\/\u0431\u0435\u0437%20\u0440\u0443\u0431\u0440\u0438\u043a\u0438\/przycisk-drzwi-wejsciowych-serii-pk-dl-16-017-00-i-dl-16-017-01\/"},"modified":"2025-10-10T14:06:14","modified_gmt":"2025-10-10T12:06:14","slug":"przycisk-drzwi-wejsciowych-serii-pk-dl-16-017-00-i-dl-16-017-01","status":"publish","type":"product","link":"https:\/\/darpol.bydgoszcz.pl\/ru\/predlagaet\/podvizhnoj-sostav\/dveri-zamki\/przycisk-drzwi-wejsciowych-serii-pk-dl-16-017-00-i-dl-16-017-01\/","title":{"rendered":"Przycisk drzwi wej\u015bciowych serii PK, DL-16-017-00 i DL-16-017-01"},"content":{"rendered":"<p>Przycisk drzwi wej\u015bciowych serii PK, 24V, wyst\u0119puje w dw\u00f3ch wersjach:<\/p>\n<p>DL-16-017-00\u00a0 czerwony<\/p>\n<p>DL-16-017-01\u00a0 zielony<\/p>\n<p>&nbsp;<\/p>\n<div style=\"clear:both\"><a href=\"javascript:window.print()\"><i class=\"fa fa-print\" aria-hidden=\"true\"><\/i> \u043f\u0435\u0447\u0430\u0442\u044c<\/a><\/div>","protected":false},"excerpt":{"rendered":"<p>Przycisk drzwi wej\u015bciowych serii PK, 24V, wyst\u0119puje w dw\u00f3ch wersjach: DL-16-017-00\u00a0 czerwony DL-16-017-01\u00a0 zielony &nbsp; \u043f\u0435\u0447\u0430\u0442\u044c<\/p>\n","protected":false},"featured_media":54327,"template":"","meta":{"om_disable_all_campaigns":false,"_monsterinsights_skip_tracking":false,"_monsterinsights_sitenote_active":false,"_monsterinsights_sitenote_note":"","_monsterinsights_sitenote_category":0,"_uf_show_specific_survey":0,"_uf_disable_surveys":false},"product_cat":[294,341,335],"product_tag":[4143,4144,3281,3290,4146],"class_list":{"0":"post-54847","1":"product","2":"type-product","3":"status-publish","4":"has-post-thumbnail","6":"product_cat-dveri-zamki","7":"product_cat-passazhirskie-vagony","8":"product_cat-elektrodizelpoezda","9":"product_tag-dl-16-017-00-ru","10":"product_tag-dl-16-017-01-ru","11":"product_tag-drzwi-ru","12":"product_tag-przycisk-ru","13":"product_tag-seria-pk-ru","15":"first","16":"onbackorder","17":"shipping-taxable","18":"product-type-simple"},"yoast_head":"<!-- This site is optimized with the Yoast SEO plugin v23.0 - https:\/\/yoast.com\/wordpress\/plugins\/seo\/ -->\n<title>Przycisk drzwi wej\u015bciowych serii PK, DL-16-017-00 i DL-16-017-01 - Darpol Bydgoszcz<\/title>\n<meta name=\"robots\" content=\"index, follow, max-snippet:-1, max-image-preview:large, max-video-preview:-1\" \/>\n<link rel=\"canonical\" href=\"https:\/\/darpol.bydgoszcz.pl\/ru\/predlagaet\/podvizhnoj-sostav\/dveri-zamki\/przycisk-drzwi-wejsciowych-serii-pk-dl-16-017-00-i-dl-16-017-01\/\" \/>\n<meta property=\"og:locale\" content=\"ru_RU\" \/>\n<meta property=\"og:type\" content=\"article\" \/>\n<meta property=\"og:title\" content=\"Przycisk drzwi wej\u015bciowych serii PK, DL-16-017-00 i DL-16-017-01 - Darpol Bydgoszcz\" \/>\n<meta property=\"og:description\" content=\"Przycisk drzwi wej\u015bciowych serii PK, 24V, wyst\u0119puje w dw\u00f3ch wersjach: DL-16-017-00\u00a0 czerwony DL-16-017-01\u00a0 zielony &nbsp; \u043f\u0435\u0447\u0430\u0442\u044c\" \/>\n<meta property=\"og:url\" content=\"https:\/\/darpol.bydgoszcz.pl\/ru\/predlagaet\/podvizhnoj-sostav\/dveri-zamki\/przycisk-drzwi-wejsciowych-serii-pk-dl-16-017-00-i-dl-16-017-01\/\" \/>\n<meta property=\"og:site_name\" content=\"Darpol Bydgoszcz\" \/>\n<meta property=\"article:modified_time\" content=\"2025-10-10T12:06:14+00:00\" \/>\n<meta property=\"og:image\" content=\"https:\/\/darpol.bydgoszcz.pl\/wp-content\/uploads\/Przycisk-drzwi-wej\u015bciowych-zielony-serii-PK-DL1601701.png\" \/>\n\t<meta property=\"og:image:width\" content=\"912\" \/>\n\t<meta property=\"og:image:height\" content=\"752\" \/>\n\t<meta property=\"og:image:type\" content=\"image\/png\" \/>\n<meta name=\"twitter:card\" content=\"summary_large_image\" \/>\n<script type=\"application\/ld+json\" class=\"yoast-schema-graph\">{\"@context\":\"https:\/\/schema.org\",\"@graph\":[{\"@type\":\"WebPage\",\"@id\":\"https:\/\/darpol.bydgoszcz.pl\/ru\/predlagaet\/podvizhnoj-sostav\/dveri-zamki\/przycisk-drzwi-wejsciowych-serii-pk-dl-16-017-00-i-dl-16-017-01\/\",\"url\":\"https:\/\/darpol.bydgoszcz.pl\/ru\/predlagaet\/podvizhnoj-sostav\/dveri-zamki\/przycisk-drzwi-wejsciowych-serii-pk-dl-16-017-00-i-dl-16-017-01\/\",\"name\":\"Przycisk drzwi wej\u015bciowych serii PK, DL-16-017-00 i DL-16-017-01 - Darpol Bydgoszcz\",\"isPartOf\":{\"@id\":\"https:\/\/darpol.bydgoszcz.pl\/#website\"},\"primaryImageOfPage\":{\"@id\":\"https:\/\/darpol.bydgoszcz.pl\/ru\/predlagaet\/podvizhnoj-sostav\/dveri-zamki\/przycisk-drzwi-wejsciowych-serii-pk-dl-16-017-00-i-dl-16-017-01\/#primaryimage\"},\"image\":{\"@id\":\"https:\/\/darpol.bydgoszcz.pl\/ru\/predlagaet\/podvizhnoj-sostav\/dveri-zamki\/przycisk-drzwi-wejsciowych-serii-pk-dl-16-017-00-i-dl-16-017-01\/#primaryimage\"},\"thumbnailUrl\":\"https:\/\/darpol.bydgoszcz.pl\/wp-content\/uploads\/Przycisk-drzwi-wej\u015bciowych-zielony-serii-PK-DL1601701.png\",\"datePublished\":\"2018-12-03T16:33:58+00:00\",\"dateModified\":\"2025-10-10T12:06:14+00:00\",\"breadcrumb\":{\"@id\":\"https:\/\/darpol.bydgoszcz.pl\/ru\/predlagaet\/podvizhnoj-sostav\/dveri-zamki\/przycisk-drzwi-wejsciowych-serii-pk-dl-16-017-00-i-dl-16-017-01\/#breadcrumb\"},\"inLanguage\":\"ru-RU\",\"potentialAction\":[{\"@type\":\"ReadAction\",\"target\":[\"https:\/\/darpol.bydgoszcz.pl\/ru\/predlagaet\/podvizhnoj-sostav\/dveri-zamki\/przycisk-drzwi-wejsciowych-serii-pk-dl-16-017-00-i-dl-16-017-01\/\"]}]},{\"@type\":\"ImageObject\",\"inLanguage\":\"ru-RU\",\"@id\":\"https:\/\/darpol.bydgoszcz.pl\/ru\/predlagaet\/podvizhnoj-sostav\/dveri-zamki\/przycisk-drzwi-wejsciowych-serii-pk-dl-16-017-00-i-dl-16-017-01\/#primaryimage\",\"url\":\"https:\/\/darpol.bydgoszcz.pl\/wp-content\/uploads\/Przycisk-drzwi-wej\u015bciowych-zielony-serii-PK-DL1601701.png\",\"contentUrl\":\"https:\/\/darpol.bydgoszcz.pl\/wp-content\/uploads\/Przycisk-drzwi-wej\u015bciowych-zielony-serii-PK-DL1601701.png\",\"width\":912,\"height\":752},{\"@type\":\"BreadcrumbList\",\"@id\":\"https:\/\/darpol.bydgoszcz.pl\/ru\/predlagaet\/podvizhnoj-sostav\/dveri-zamki\/przycisk-drzwi-wejsciowych-serii-pk-dl-16-017-00-i-dl-16-017-01\/#breadcrumb\",\"itemListElement\":[{\"@type\":\"ListItem\",\"position\":1,\"name\":\"Strona g\u0142\u00f3wna\",\"item\":\"https:\/\/darpol.bydgoszcz.pl\/ru\/\"},{\"@type\":\"ListItem\",\"position\":2,\"name\":\"Oferta\",\"item\":\"https:\/\/darpol.bydgoszcz.pl\/oferta\/\"},{\"@type\":\"ListItem\",\"position\":3,\"name\":\"Przycisk drzwi wej\u015bciowych serii PK, DL-16-017-00 i DL-16-017-01\"}]},{\"@type\":\"WebSite\",\"@id\":\"https:\/\/darpol.bydgoszcz.pl\/#website\",\"url\":\"https:\/\/darpol.bydgoszcz.pl\/\",\"name\":\"Darpol Bydgoszcz\",\"description\":\"\",\"potentialAction\":[{\"@type\":\"SearchAction\",\"target\":{\"@type\":\"EntryPoint\",\"urlTemplate\":\"https:\/\/darpol.bydgoszcz.pl\/?s={search_term_string}\"},\"query-input\":\"required name=search_term_string\"}],\"inLanguage\":\"ru-RU\"}]}<\/script>\n<!-- \/ Yoast SEO plugin. -->","yoast_head_json":{"title":"Przycisk drzwi wej\u015bciowych serii PK, DL-16-017-00 i DL-16-017-01 - Darpol Bydgoszcz","robots":{"index":"index","follow":"follow","max-snippet":"max-snippet:-1","max-image-preview":"max-image-preview:large","max-video-preview":"max-video-preview:-1"},"canonical":"https:\/\/darpol.bydgoszcz.pl\/ru\/predlagaet\/podvizhnoj-sostav\/dveri-zamki\/przycisk-drzwi-wejsciowych-serii-pk-dl-16-017-00-i-dl-16-017-01\/","og_locale":"ru_RU","og_type":"article","og_title":"Przycisk drzwi wej\u015bciowych serii PK, DL-16-017-00 i DL-16-017-01 - Darpol Bydgoszcz","og_description":"Przycisk drzwi wej\u015bciowych serii PK, 24V, wyst\u0119puje w dw\u00f3ch wersjach: DL-16-017-00\u00a0 czerwony DL-16-017-01\u00a0 zielony &nbsp; \u043f\u0435\u0447\u0430\u0442\u044c","og_url":"https:\/\/darpol.bydgoszcz.pl\/ru\/predlagaet\/podvizhnoj-sostav\/dveri-zamki\/przycisk-drzwi-wejsciowych-serii-pk-dl-16-017-00-i-dl-16-017-01\/","og_site_name":"Darpol Bydgoszcz","article_modified_time":"2025-10-10T12:06:14+00:00","og_image":[{"width":912,"height":752,"url":"https:\/\/darpol.bydgoszcz.pl\/wp-content\/uploads\/Przycisk-drzwi-wej\u015bciowych-zielony-serii-PK-DL1601701.png","type":"image\/png"}],"twitter_card":"summary_large_image","schema":{"@context":"https:\/\/schema.org","@graph":[{"@type":"WebPage","@id":"https:\/\/darpol.bydgoszcz.pl\/ru\/predlagaet\/podvizhnoj-sostav\/dveri-zamki\/przycisk-drzwi-wejsciowych-serii-pk-dl-16-017-00-i-dl-16-017-01\/","url":"https:\/\/darpol.bydgoszcz.pl\/ru\/predlagaet\/podvizhnoj-sostav\/dveri-zamki\/przycisk-drzwi-wejsciowych-serii-pk-dl-16-017-00-i-dl-16-017-01\/","name":"Przycisk drzwi wej\u015bciowych serii PK, DL-16-017-00 i DL-16-017-01 - Darpol Bydgoszcz","isPartOf":{"@id":"https:\/\/darpol.bydgoszcz.pl\/#website"},"primaryImageOfPage":{"@id":"https:\/\/darpol.bydgoszcz.pl\/ru\/predlagaet\/podvizhnoj-sostav\/dveri-zamki\/przycisk-drzwi-wejsciowych-serii-pk-dl-16-017-00-i-dl-16-017-01\/#primaryimage"},"image":{"@id":"https:\/\/darpol.bydgoszcz.pl\/ru\/predlagaet\/podvizhnoj-sostav\/dveri-zamki\/przycisk-drzwi-wejsciowych-serii-pk-dl-16-017-00-i-dl-16-017-01\/#primaryimage"},"thumbnailUrl":"https:\/\/darpol.bydgoszcz.pl\/wp-content\/uploads\/Przycisk-drzwi-wej\u015bciowych-zielony-serii-PK-DL1601701.png","datePublished":"2018-12-03T16:33:58+00:00","dateModified":"2025-10-10T12:06:14+00:00","breadcrumb":{"@id":"https:\/\/darpol.bydgoszcz.pl\/ru\/predlagaet\/podvizhnoj-sostav\/dveri-zamki\/przycisk-drzwi-wejsciowych-serii-pk-dl-16-017-00-i-dl-16-017-01\/#breadcrumb"},"inLanguage":"ru-RU","potentialAction":[{"@type":"ReadAction","target":["https:\/\/darpol.bydgoszcz.pl\/ru\/predlagaet\/podvizhnoj-sostav\/dveri-zamki\/przycisk-drzwi-wejsciowych-serii-pk-dl-16-017-00-i-dl-16-017-01\/"]}]},{"@type":"ImageObject","inLanguage":"ru-RU","@id":"https:\/\/darpol.bydgoszcz.pl\/ru\/predlagaet\/podvizhnoj-sostav\/dveri-zamki\/przycisk-drzwi-wejsciowych-serii-pk-dl-16-017-00-i-dl-16-017-01\/#primaryimage","url":"https:\/\/darpol.bydgoszcz.pl\/wp-content\/uploads\/Przycisk-drzwi-wej\u015bciowych-zielony-serii-PK-DL1601701.png","contentUrl":"https:\/\/darpol.bydgoszcz.pl\/wp-content\/uploads\/Przycisk-drzwi-wej\u015bciowych-zielony-serii-PK-DL1601701.png","width":912,"height":752},{"@type":"BreadcrumbList","@id":"https:\/\/darpol.bydgoszcz.pl\/ru\/predlagaet\/podvizhnoj-sostav\/dveri-zamki\/przycisk-drzwi-wejsciowych-serii-pk-dl-16-017-00-i-dl-16-017-01\/#breadcrumb","itemListElement":[{"@type":"ListItem","position":1,"name":"Strona g\u0142\u00f3wna","item":"https:\/\/darpol.bydgoszcz.pl\/ru\/"},{"@type":"ListItem","position":2,"name":"Oferta","item":"https:\/\/darpol.bydgoszcz.pl\/oferta\/"},{"@type":"ListItem","position":3,"name":"Przycisk drzwi wej\u015bciowych serii PK, DL-16-017-00 i DL-16-017-01"}]},{"@type":"WebSite","@id":"https:\/\/darpol.bydgoszcz.pl\/#website","url":"https:\/\/darpol.bydgoszcz.pl\/","name":"Darpol Bydgoszcz","description":"","potentialAction":[{"@type":"SearchAction","target":{"@type":"EntryPoint","urlTemplate":"https:\/\/darpol.bydgoszcz.pl\/?s={search_term_string}"},"query-input":"required name=search_term_string"}],"inLanguage":"ru-RU"}]}},"_links":{"self":[{"href":"https:\/\/darpol.bydgoszcz.pl\/ru\/wp-json\/wp\/v2\/product\/54847","targetHints":{"allow":["GET"]}}],"collection":[{"href":"https:\/\/darpol.bydgoszcz.pl\/ru\/wp-json\/wp\/v2\/product"}],"about":[{"href":"https:\/\/darpol.bydgoszcz.pl\/ru\/wp-json\/wp\/v2\/types\/product"}],"wp:featuredmedia":[{"embeddable":true,"href":"https:\/\/darpol.bydgoszcz.pl\/ru\/wp-json\/wp\/v2\/media\/54327"}],"wp:attachment":[{"href":"https:\/\/darpol.bydgoszcz.pl\/ru\/wp-json\/wp\/v2\/media?parent=54847"}],"wp:term":[{"taxonomy":"product_cat","embeddable":true,"href":"https:\/\/darpol.bydgoszcz.pl\/ru\/wp-json\/wp\/v2\/product_cat?post=54847"},{"taxonomy":"product_tag","embeddable":true,"href":"https:\/\/darpol.bydgoszcz.pl\/ru\/wp-json\/wp\/v2\/product_tag?post=54847"}],"curies":[{"name":"wp","href":"https:\/\/api.w.org\/{rel}","templated":true}]}}