{"id":54845,"date":"2019-04-25T16:20:28","date_gmt":"2019-04-25T14:20:28","guid":{"rendered":"https:\/\/darpol.bydgoszcz.pl\/offer\/\u0431\u0435\u0437%20\u0440\u0443\u0431\u0440\u0438\u043a\u0438\/zamek-drzwi-wc-z-elektroblokada-dl-16-056-04-i-dl-16-056-05\/"},"modified":"2025-10-10T14:02:44","modified_gmt":"2025-10-10T12:02:44","slug":"zamek-drzwi-wc-z-elektroblokada-dl-16-056-04-i-dl-16-056-05","status":"publish","type":"product","link":"https:\/\/darpol.bydgoszcz.pl\/ru\/predlagaet\/podvizhnoj-sostav\/dveri-zamki\/zamek-drzwi-wc-z-elektroblokada-dl-16-056-04-i-dl-16-056-05\/","title":{"rendered":"Zamek drzwi WC z elektroblokad\u0105 DL-16-056-04 i DL-16-056-05"},"content":{"rendered":"<p>Zamek do drzwi toalety typu &#8220;Sanivac&#8221; (DL-16-056-00 i DL-16-056-01) zawiera blokad\u0119 elektomagnetyczn\u0105. Stosowany jest w wagonach osobowych oraz jednostkach trakcyjnych.<\/p>\n<p>Napi\u0119cie 24V.<\/p>\n<p>Elementy zewn\u0119trzne wykonane s\u0105 ze stali malowanej proszkowo. Zaczep p\u0142aski.<\/p>\n<p>Do kompletu oferujemy tak\u017ce\u00a0 <span style=\"color: #003366\"><strong><a style=\"color: #003366\" href=\"https:\/\/darpol.bydgoszcz.pl\/sklep\/tabor-kolejowy\/czesci-elektryczne-i-elektroniczne\/lampka-sygnalizacyjna-zajetosci-toalety-dl-29-001-00\/\">sygna\u0142y zaj\u0119to\u015bci WC<\/a><\/strong> oraz <a style=\"color: #003366\" href=\"https:\/\/darpol.bydgoszcz.pl\/sklep\/tabor-szynowy\/czesci-elektryczne-i-elektroniczne\/lampka-sygnalizacyjna-uszkodzenia-toalety-dl-29-001-01\/\"><strong>sygnalizacj\u0119 uszkodzenia toalety<\/strong><\/a> zintegrowane z zamkiem.<\/span><\/p>\n<p>Oferujemy tak\u017ce cz\u0119\u015bci zamienne do niniejszych zamk\u00f3w.<\/p>\n<div style=\"clear:both\"><a href=\"javascript:window.print()\"><i class=\"fa fa-print\" aria-hidden=\"true\"><\/i> \u043f\u0435\u0447\u0430\u0442\u044c<\/a><\/div>","protected":false},"excerpt":{"rendered":"<p>Zamek do drzwi toalety typu &#8220;Sanivac&#8221; (DL-16-056-00 i DL-16-056-01) zawiera blokad\u0119 elektomagnetyczn\u0105. Stosowany jest w wagonach osobowych oraz jednostkach trakcyjnych. Napi\u0119cie 24V. Elementy zewn\u0119trzne wykonane s\u0105 ze stali malowanej proszkowo. Zaczep p\u0142aski. Do kompletu oferujemy tak\u017ce\u00a0 sygna\u0142y zaj\u0119to\u015bci WC oraz sygnalizacj\u0119 uszkodzenia toalety zintegrowane z zamkiem. Oferujemy tak\u017ce cz\u0119\u015bci zamienne do niniejszych zamk\u00f3w. \u043f\u0435\u0447\u0430\u0442\u044c<\/p>\n","protected":false},"featured_media":54313,"template":"","meta":{"om_disable_all_campaigns":false,"_monsterinsights_skip_tracking":false,"_monsterinsights_sitenote_active":false,"_monsterinsights_sitenote_note":"","_monsterinsights_sitenote_category":0,"_uf_show_specific_survey":0,"_uf_disable_surveys":false},"product_cat":[294,3874,341,335],"product_tag":[4135,3494,3281,4136,4137,4138,4139,3392,4140,3406,3277,4141],"class_list":{"0":"post-54845","1":"product","2":"type-product","3":"status-publish","4":"has-post-thumbnail","6":"product_cat-dveri-zamki","7":"product_cat-zapchasti-tualeta","8":"product_cat-passazhirskie-vagony","9":"product_cat-elektrodizelpoezda","10":"product_tag-blokada-ru","11":"product_tag-darpol-ru","12":"product_tag-drzwi-ru","13":"product_tag-el-mag-ru","14":"product_tag-elektroblokada-ru","15":"product_tag-elmag-ru","16":"product_tag-sanivac-ru","17":"product_tag-toaleta-ru","18":"product_tag-toalety-ru","19":"product_tag-wc-ru","20":"product_tag-zamek-ru","21":"product_tag-lazienka-ru","23":"first","24":"onbackorder","25":"shipping-taxable","26":"product-type-simple"},"yoast_head":"<!-- This site is optimized with the Yoast SEO plugin v23.0 - https:\/\/yoast.com\/wordpress\/plugins\/seo\/ -->\n<title>Zamek drzwi WC z elektroblokad\u0105 DL-16-056-04 i DL-16-056-05 - Darpol Bydgoszcz<\/title>\n<meta name=\"robots\" content=\"index, follow, max-snippet:-1, max-image-preview:large, max-video-preview:-1\" \/>\n<link rel=\"canonical\" href=\"https:\/\/darpol.bydgoszcz.pl\/ru\/predlagaet\/podvizhnoj-sostav\/dveri-zamki\/zamek-drzwi-wc-z-elektroblokada-dl-16-056-04-i-dl-16-056-05\/\" \/>\n<meta property=\"og:locale\" content=\"ru_RU\" \/>\n<meta property=\"og:type\" content=\"article\" \/>\n<meta property=\"og:title\" content=\"Zamek drzwi WC z elektroblokad\u0105 DL-16-056-04 i DL-16-056-05 - Darpol Bydgoszcz\" \/>\n<meta property=\"og:description\" content=\"Zamek do drzwi toalety typu &#8220;Sanivac&#8221; (DL-16-056-00 i DL-16-056-01) zawiera blokad\u0119 elektomagnetyczn\u0105. Stosowany jest w wagonach osobowych oraz jednostkach trakcyjnych. Napi\u0119cie 24V. Elementy zewn\u0119trzne wykonane s\u0105 ze stali malowanej proszkowo. Zaczep p\u0142aski. Do kompletu oferujemy tak\u017ce\u00a0 sygna\u0142y zaj\u0119to\u015bci WC oraz sygnalizacj\u0119 uszkodzenia toalety zintegrowane z zamkiem. Oferujemy tak\u017ce cz\u0119\u015bci zamienne do niniejszych zamk\u00f3w. \u043f\u0435\u0447\u0430\u0442\u044c\" \/>\n<meta property=\"og:url\" content=\"https:\/\/darpol.bydgoszcz.pl\/ru\/predlagaet\/podvizhnoj-sostav\/dveri-zamki\/zamek-drzwi-wc-z-elektroblokada-dl-16-056-04-i-dl-16-056-05\/\" \/>\n<meta property=\"og:site_name\" content=\"Darpol Bydgoszcz\" \/>\n<meta property=\"article:modified_time\" content=\"2025-10-10T12:02:44+00:00\" \/>\n<meta property=\"og:image\" content=\"https:\/\/darpol.bydgoszcz.pl\/wp-content\/uploads\/Zamek-drzwi-WC-z-elektroblokad\u0105-malowany-DL-16-056-05.png\" \/>\n\t<meta property=\"og:image:width\" content=\"1087\" \/>\n\t<meta property=\"og:image:height\" content=\"1067\" \/>\n\t<meta property=\"og:image:type\" content=\"image\/png\" \/>\n<meta name=\"twitter:card\" content=\"summary_large_image\" \/>\n<script type=\"application\/ld+json\" class=\"yoast-schema-graph\">{\"@context\":\"https:\/\/schema.org\",\"@graph\":[{\"@type\":\"WebPage\",\"@id\":\"https:\/\/darpol.bydgoszcz.pl\/ru\/predlagaet\/podvizhnoj-sostav\/dveri-zamki\/zamek-drzwi-wc-z-elektroblokada-dl-16-056-04-i-dl-16-056-05\/\",\"url\":\"https:\/\/darpol.bydgoszcz.pl\/ru\/predlagaet\/podvizhnoj-sostav\/dveri-zamki\/zamek-drzwi-wc-z-elektroblokada-dl-16-056-04-i-dl-16-056-05\/\",\"name\":\"Zamek drzwi WC z elektroblokad\u0105 DL-16-056-04 i DL-16-056-05 - Darpol Bydgoszcz\",\"isPartOf\":{\"@id\":\"https:\/\/darpol.bydgoszcz.pl\/#website\"},\"primaryImageOfPage\":{\"@id\":\"https:\/\/darpol.bydgoszcz.pl\/ru\/predlagaet\/podvizhnoj-sostav\/dveri-zamki\/zamek-drzwi-wc-z-elektroblokada-dl-16-056-04-i-dl-16-056-05\/#primaryimage\"},\"image\":{\"@id\":\"https:\/\/darpol.bydgoszcz.pl\/ru\/predlagaet\/podvizhnoj-sostav\/dveri-zamki\/zamek-drzwi-wc-z-elektroblokada-dl-16-056-04-i-dl-16-056-05\/#primaryimage\"},\"thumbnailUrl\":\"https:\/\/darpol.bydgoszcz.pl\/wp-content\/uploads\/Zamek-drzwi-WC-z-elektroblokad\u0105-malowany-DL-16-056-05.png\",\"datePublished\":\"2019-04-25T14:20:28+00:00\",\"dateModified\":\"2025-10-10T12:02:44+00:00\",\"breadcrumb\":{\"@id\":\"https:\/\/darpol.bydgoszcz.pl\/ru\/predlagaet\/podvizhnoj-sostav\/dveri-zamki\/zamek-drzwi-wc-z-elektroblokada-dl-16-056-04-i-dl-16-056-05\/#breadcrumb\"},\"inLanguage\":\"ru-RU\",\"potentialAction\":[{\"@type\":\"ReadAction\",\"target\":[\"https:\/\/darpol.bydgoszcz.pl\/ru\/predlagaet\/podvizhnoj-sostav\/dveri-zamki\/zamek-drzwi-wc-z-elektroblokada-dl-16-056-04-i-dl-16-056-05\/\"]}]},{\"@type\":\"ImageObject\",\"inLanguage\":\"ru-RU\",\"@id\":\"https:\/\/darpol.bydgoszcz.pl\/ru\/predlagaet\/podvizhnoj-sostav\/dveri-zamki\/zamek-drzwi-wc-z-elektroblokada-dl-16-056-04-i-dl-16-056-05\/#primaryimage\",\"url\":\"https:\/\/darpol.bydgoszcz.pl\/wp-content\/uploads\/Zamek-drzwi-WC-z-elektroblokad\u0105-malowany-DL-16-056-05.png\",\"contentUrl\":\"https:\/\/darpol.bydgoszcz.pl\/wp-content\/uploads\/Zamek-drzwi-WC-z-elektroblokad\u0105-malowany-DL-16-056-05.png\",\"width\":1087,\"height\":1067},{\"@type\":\"BreadcrumbList\",\"@id\":\"https:\/\/darpol.bydgoszcz.pl\/ru\/predlagaet\/podvizhnoj-sostav\/dveri-zamki\/zamek-drzwi-wc-z-elektroblokada-dl-16-056-04-i-dl-16-056-05\/#breadcrumb\",\"itemListElement\":[{\"@type\":\"ListItem\",\"position\":1,\"name\":\"Strona g\u0142\u00f3wna\",\"item\":\"https:\/\/darpol.bydgoszcz.pl\/ru\/\"},{\"@type\":\"ListItem\",\"position\":2,\"name\":\"Oferta\",\"item\":\"https:\/\/darpol.bydgoszcz.pl\/oferta\/\"},{\"@type\":\"ListItem\",\"position\":3,\"name\":\"Zamek drzwi WC z elektroblokad\u0105 DL-16-056-04 i DL-16-056-05\"}]},{\"@type\":\"WebSite\",\"@id\":\"https:\/\/darpol.bydgoszcz.pl\/#website\",\"url\":\"https:\/\/darpol.bydgoszcz.pl\/\",\"name\":\"Darpol Bydgoszcz\",\"description\":\"\",\"potentialAction\":[{\"@type\":\"SearchAction\",\"target\":{\"@type\":\"EntryPoint\",\"urlTemplate\":\"https:\/\/darpol.bydgoszcz.pl\/?s={search_term_string}\"},\"query-input\":\"required name=search_term_string\"}],\"inLanguage\":\"ru-RU\"}]}<\/script>\n<!-- \/ Yoast SEO plugin. -->","yoast_head_json":{"title":"Zamek drzwi WC z elektroblokad\u0105 DL-16-056-04 i DL-16-056-05 - Darpol Bydgoszcz","robots":{"index":"index","follow":"follow","max-snippet":"max-snippet:-1","max-image-preview":"max-image-preview:large","max-video-preview":"max-video-preview:-1"},"canonical":"https:\/\/darpol.bydgoszcz.pl\/ru\/predlagaet\/podvizhnoj-sostav\/dveri-zamki\/zamek-drzwi-wc-z-elektroblokada-dl-16-056-04-i-dl-16-056-05\/","og_locale":"ru_RU","og_type":"article","og_title":"Zamek drzwi WC z elektroblokad\u0105 DL-16-056-04 i DL-16-056-05 - Darpol Bydgoszcz","og_description":"Zamek do drzwi toalety typu &#8220;Sanivac&#8221; (DL-16-056-00 i DL-16-056-01) zawiera blokad\u0119 elektomagnetyczn\u0105. Stosowany jest w wagonach osobowych oraz jednostkach trakcyjnych. Napi\u0119cie 24V. Elementy zewn\u0119trzne wykonane s\u0105 ze stali malowanej proszkowo. Zaczep p\u0142aski. Do kompletu oferujemy tak\u017ce\u00a0 sygna\u0142y zaj\u0119to\u015bci WC oraz sygnalizacj\u0119 uszkodzenia toalety zintegrowane z zamkiem. Oferujemy tak\u017ce cz\u0119\u015bci zamienne do niniejszych zamk\u00f3w. \u043f\u0435\u0447\u0430\u0442\u044c","og_url":"https:\/\/darpol.bydgoszcz.pl\/ru\/predlagaet\/podvizhnoj-sostav\/dveri-zamki\/zamek-drzwi-wc-z-elektroblokada-dl-16-056-04-i-dl-16-056-05\/","og_site_name":"Darpol Bydgoszcz","article_modified_time":"2025-10-10T12:02:44+00:00","og_image":[{"width":1087,"height":1067,"url":"https:\/\/darpol.bydgoszcz.pl\/wp-content\/uploads\/Zamek-drzwi-WC-z-elektroblokad\u0105-malowany-DL-16-056-05.png","type":"image\/png"}],"twitter_card":"summary_large_image","schema":{"@context":"https:\/\/schema.org","@graph":[{"@type":"WebPage","@id":"https:\/\/darpol.bydgoszcz.pl\/ru\/predlagaet\/podvizhnoj-sostav\/dveri-zamki\/zamek-drzwi-wc-z-elektroblokada-dl-16-056-04-i-dl-16-056-05\/","url":"https:\/\/darpol.bydgoszcz.pl\/ru\/predlagaet\/podvizhnoj-sostav\/dveri-zamki\/zamek-drzwi-wc-z-elektroblokada-dl-16-056-04-i-dl-16-056-05\/","name":"Zamek drzwi WC z elektroblokad\u0105 DL-16-056-04 i DL-16-056-05 - Darpol Bydgoszcz","isPartOf":{"@id":"https:\/\/darpol.bydgoszcz.pl\/#website"},"primaryImageOfPage":{"@id":"https:\/\/darpol.bydgoszcz.pl\/ru\/predlagaet\/podvizhnoj-sostav\/dveri-zamki\/zamek-drzwi-wc-z-elektroblokada-dl-16-056-04-i-dl-16-056-05\/#primaryimage"},"image":{"@id":"https:\/\/darpol.bydgoszcz.pl\/ru\/predlagaet\/podvizhnoj-sostav\/dveri-zamki\/zamek-drzwi-wc-z-elektroblokada-dl-16-056-04-i-dl-16-056-05\/#primaryimage"},"thumbnailUrl":"https:\/\/darpol.bydgoszcz.pl\/wp-content\/uploads\/Zamek-drzwi-WC-z-elektroblokad\u0105-malowany-DL-16-056-05.png","datePublished":"2019-04-25T14:20:28+00:00","dateModified":"2025-10-10T12:02:44+00:00","breadcrumb":{"@id":"https:\/\/darpol.bydgoszcz.pl\/ru\/predlagaet\/podvizhnoj-sostav\/dveri-zamki\/zamek-drzwi-wc-z-elektroblokada-dl-16-056-04-i-dl-16-056-05\/#breadcrumb"},"inLanguage":"ru-RU","potentialAction":[{"@type":"ReadAction","target":["https:\/\/darpol.bydgoszcz.pl\/ru\/predlagaet\/podvizhnoj-sostav\/dveri-zamki\/zamek-drzwi-wc-z-elektroblokada-dl-16-056-04-i-dl-16-056-05\/"]}]},{"@type":"ImageObject","inLanguage":"ru-RU","@id":"https:\/\/darpol.bydgoszcz.pl\/ru\/predlagaet\/podvizhnoj-sostav\/dveri-zamki\/zamek-drzwi-wc-z-elektroblokada-dl-16-056-04-i-dl-16-056-05\/#primaryimage","url":"https:\/\/darpol.bydgoszcz.pl\/wp-content\/uploads\/Zamek-drzwi-WC-z-elektroblokad\u0105-malowany-DL-16-056-05.png","contentUrl":"https:\/\/darpol.bydgoszcz.pl\/wp-content\/uploads\/Zamek-drzwi-WC-z-elektroblokad\u0105-malowany-DL-16-056-05.png","width":1087,"height":1067},{"@type":"BreadcrumbList","@id":"https:\/\/darpol.bydgoszcz.pl\/ru\/predlagaet\/podvizhnoj-sostav\/dveri-zamki\/zamek-drzwi-wc-z-elektroblokada-dl-16-056-04-i-dl-16-056-05\/#breadcrumb","itemListElement":[{"@type":"ListItem","position":1,"name":"Strona g\u0142\u00f3wna","item":"https:\/\/darpol.bydgoszcz.pl\/ru\/"},{"@type":"ListItem","position":2,"name":"Oferta","item":"https:\/\/darpol.bydgoszcz.pl\/oferta\/"},{"@type":"ListItem","position":3,"name":"Zamek drzwi WC z elektroblokad\u0105 DL-16-056-04 i DL-16-056-05"}]},{"@type":"WebSite","@id":"https:\/\/darpol.bydgoszcz.pl\/#website","url":"https:\/\/darpol.bydgoszcz.pl\/","name":"Darpol Bydgoszcz","description":"","potentialAction":[{"@type":"SearchAction","target":{"@type":"EntryPoint","urlTemplate":"https:\/\/darpol.bydgoszcz.pl\/?s={search_term_string}"},"query-input":"required name=search_term_string"}],"inLanguage":"ru-RU"}]}},"_links":{"self":[{"href":"https:\/\/darpol.bydgoszcz.pl\/ru\/wp-json\/wp\/v2\/product\/54845","targetHints":{"allow":["GET"]}}],"collection":[{"href":"https:\/\/darpol.bydgoszcz.pl\/ru\/wp-json\/wp\/v2\/product"}],"about":[{"href":"https:\/\/darpol.bydgoszcz.pl\/ru\/wp-json\/wp\/v2\/types\/product"}],"wp:featuredmedia":[{"embeddable":true,"href":"https:\/\/darpol.bydgoszcz.pl\/ru\/wp-json\/wp\/v2\/media\/54313"}],"wp:attachment":[{"href":"https:\/\/darpol.bydgoszcz.pl\/ru\/wp-json\/wp\/v2\/media?parent=54845"}],"wp:term":[{"taxonomy":"product_cat","embeddable":true,"href":"https:\/\/darpol.bydgoszcz.pl\/ru\/wp-json\/wp\/v2\/product_cat?post=54845"},{"taxonomy":"product_tag","embeddable":true,"href":"https:\/\/darpol.bydgoszcz.pl\/ru\/wp-json\/wp\/v2\/product_tag?post=54845"}],"curies":[{"name":"wp","href":"https:\/\/api.w.org\/{rel}","templated":true}]}}