{"id":5447,"date":"2013-02-05T14:30:19","date_gmt":"2013-02-05T13:30:19","guid":{"rendered":"http:\/\/darpol.bydgoszcz.pl\/sklep\/dveri-zamki\/napravliaiushaja-podveska-zadvizhnoi-dveri-dl-o-16-045-00\/"},"modified":"2013-02-05T14:30:19","modified_gmt":"2013-02-05T13:30:19","slug":"napravliaiushaja-podveska-zadvizhnoi-dveri-dl-o-16-045-00","status":"publish","type":"product","link":"https:\/\/darpol.bydgoszcz.pl\/ru\/predlagaet\/podvizhnoj-sostav\/dveri-zamki\/napravliaiushaja-podveska-zadvizhnoi-dveri-dl-o-16-045-00\/","title":{"rendered":"\u041d\u0430\u043f\u0440\u0430\u0432\u043b\u044f\u044e\u0449\u0430\u044f \u043f\u043e\u0434\u0432\u0435\u0441\u043a\u0438 \u0437\u0430\u0434\u0432\u0438\u0436\u043d\u043e\u0439 \u0434\u0432\u0435\u0440\u0438 \u0441 \u0440\u0435\u0433\u0443\u043b\u0438\u0440\u043e\u0432\u043e\u0447\u043d\u044b\u043c \u0432\u0438\u043d\u0442\u043e\u043c DL-O 16 045-00"},"content":{"rendered":"<p><span style=\"color: #333333;\">\u041d\u0430\u043f\u0440\u0430\u0432\u043b\u044f\u044e\u0449\u0430\u044f \u043f\u043e\u0434\u0432\u0435\u0441\u043a\u0438 \u0437\u0430\u0434\u0432\u0438\u0436\u043d\u043e\u0439 \u0434\u0432\u0435\u0440\u0438 \u0441 \u0440\u0435\u0433\u0443\u043b\u0438\u0440\u043e\u0432\u043e\u0447\u043d\u044b\u043c \u0432\u0438\u043d\u0442\u043e\u043c DL-O 16 045-00 \u0438\u0441\u043f\u043e\u043b\u044c\u0437\u0443\u0435\u0442\u0441\u044f \u0432 \u044d\u043b\u0435\u043a\u0442\u0440\u043e\u043f\u043e\u0435\u0437\u0434\u0430\u0445.<\/span><\/p>\n<div style=\"clear:both\"><a href=\"javascript:window.print()\"><i class=\"fa fa-print\" aria-hidden=\"true\"><\/i> \u043f\u0435\u0447\u0430\u0442\u044c<\/a><\/div>","protected":false},"excerpt":{"rendered":"<p>\u041d\u0430\u043f\u0440\u0430\u0432\u043b\u044f\u044e\u0449\u0430\u044f \u043f\u043e\u0434\u0432\u0435\u0441\u043a\u0438 \u0437\u0430\u0434\u0432\u0438\u0436\u043d\u043e\u0439 \u0434\u0432\u0435\u0440\u0438 \u0441 \u0440\u0435\u0433\u0443\u043b\u0438\u0440\u043e\u0432\u043e\u0447\u043d\u044b\u043c \u0432\u0438\u043d\u0442\u043e\u043c DL-O 16 045-00 \u0438\u0441\u043f\u043e\u043b\u044c\u0437\u0443\u0435\u0442\u0441\u044f \u0432 \u044d\u043b\u0435\u043a\u0442\u0440\u043e\u043f\u043e\u0435\u0437\u0434\u0430\u0445. \u043f\u0435\u0447\u0430\u0442\u044c<\/p>\n","protected":false},"featured_media":5443,"template":"","meta":{"om_disable_all_campaigns":false,"_monsterinsights_skip_tracking":false,"_monsterinsights_sitenote_active":false,"_monsterinsights_sitenote_note":"","_monsterinsights_sitenote_category":0,"_uf_show_specific_survey":0,"_uf_disable_surveys":false},"product_cat":[294,335],"product_tag":[4622,620,4620,619,4614,616,3288,525,4612,615,4616,617,4618,618],"class_list":{"0":"post-5447","1":"product","2":"type-product","3":"status-publish","4":"has-post-thumbnail","6":"product_cat-dveri-zamki","7":"product_cat-elektrodizelpoezda","8":"product_tag-dl-0-16-045-00-ru","9":"product_tag-dl-0-16-045-00","10":"product_tag-dl-o-16-045-00-ru","11":"product_tag-dl-o-16-045-00","12":"product_tag-drzwi-przejsciowe-ru","13":"product_tag-drzwi-przejsciowe","14":"product_tag-ezt-ru","15":"product_tag-ezt","16":"product_tag-prowadnica-zawieszenia-ru","17":"product_tag-prowadnica-zawieszenia","18":"product_tag-wozek-drzwi-ru","19":"product_tag-wozek-drzwi","20":"product_tag-wozek-zawieszenia-ru","21":"product_tag-wozek-zawieszenia","23":"first","24":"instock","25":"shipping-taxable","26":"purchasable","27":"product-type-simple"},"yoast_head":"<!-- This site is optimized with the Yoast SEO plugin v23.0 - https:\/\/yoast.com\/wordpress\/plugins\/seo\/ -->\n<title>\u041d\u0430\u043f\u0440\u0430\u0432\u043b\u044f\u044e\u0449\u0430\u044f \u043f\u043e\u0434\u0432\u0435\u0441\u043a\u0438 \u0437\u0430\u0434\u0432\u0438\u0436\u043d\u043e\u0439 \u0434\u0432\u0435\u0440\u0438 \u0441 \u0440\u0435\u0433\u0443\u043b\u0438\u0440\u043e\u0432\u043e\u0447\u043d\u044b\u043c \u0432\u0438\u043d\u0442\u043e\u043c DL-O 16 045-00 - Darpol Bydgoszcz<\/title>\n<meta name=\"description\" content=\"\u041d\u0430\u043f\u0440\u0430\u0432\u043b\u044f\u044e\u0449\u0430\u044f \u043f\u043e\u0434\u0432\u0435\u0441\u043a\u0438 \u0437\u0430\u0434\u0432\u0438\u0436\u043d\u043e\u0439 \u0434\u0432\u0435\u0440\u0438 \u0441 \u0440\u0435\u0433\u0443\u043b\u0438\u0440\u043e\u0432\u043e\u0447\u043d\u044b\u043c \u0432\u0438\u043d\u0442\u043e\u043c DL-O 16 045-00\" \/>\n<meta name=\"robots\" content=\"index, follow, max-snippet:-1, max-image-preview:large, max-video-preview:-1\" \/>\n<link rel=\"canonical\" href=\"https:\/\/darpol.bydgoszcz.pl\/ru\/predlagaet\/podvizhnoj-sostav\/dveri-zamki\/napravliaiushaja-podveska-zadvizhnoi-dveri-dl-o-16-045-00\/\" \/>\n<meta property=\"og:locale\" content=\"ru_RU\" \/>\n<meta property=\"og:type\" content=\"article\" \/>\n<meta property=\"og:title\" content=\"\u041d\u0430\u043f\u0440\u0430\u0432\u043b\u044f\u044e\u0449\u0430\u044f \u043f\u043e\u0434\u0432\u0435\u0441\u043a\u0438 \u0437\u0430\u0434\u0432\u0438\u0436\u043d\u043e\u0439 \u0434\u0432\u0435\u0440\u0438 \u0441 \u0440\u0435\u0433\u0443\u043b\u0438\u0440\u043e\u0432\u043e\u0447\u043d\u044b\u043c \u0432\u0438\u043d\u0442\u043e\u043c DL-O 16 045-00 - Darpol Bydgoszcz\" \/>\n<meta property=\"og:description\" content=\"\u041d\u0430\u043f\u0440\u0430\u0432\u043b\u044f\u044e\u0449\u0430\u044f \u043f\u043e\u0434\u0432\u0435\u0441\u043a\u0438 \u0437\u0430\u0434\u0432\u0438\u0436\u043d\u043e\u0439 \u0434\u0432\u0435\u0440\u0438 \u0441 \u0440\u0435\u0433\u0443\u043b\u0438\u0440\u043e\u0432\u043e\u0447\u043d\u044b\u043c \u0432\u0438\u043d\u0442\u043e\u043c DL-O 16 045-00\" \/>\n<meta property=\"og:url\" content=\"https:\/\/darpol.bydgoszcz.pl\/ru\/predlagaet\/podvizhnoj-sostav\/dveri-zamki\/napravliaiushaja-podveska-zadvizhnoi-dveri-dl-o-16-045-00\/\" \/>\n<meta property=\"og:site_name\" content=\"Darpol Bydgoszcz\" \/>\n<meta property=\"og:image\" content=\"https:\/\/darpol.bydgoszcz.pl\/wp-content\/uploads\/131-954-prowadnica-wozek-zawieszenia-drzwi-przejsciowych-ze-sruba-regulacyjna-dl-o-16-045-00.jpg\" \/>\n\t<meta property=\"og:image:width\" content=\"1024\" \/>\n\t<meta property=\"og:image:height\" content=\"768\" \/>\n\t<meta property=\"og:image:type\" content=\"image\/jpeg\" \/>\n<meta name=\"twitter:card\" content=\"summary_large_image\" \/>\n<script type=\"application\/ld+json\" class=\"yoast-schema-graph\">{\"@context\":\"https:\/\/schema.org\",\"@graph\":[{\"@type\":\"WebPage\",\"@id\":\"https:\/\/darpol.bydgoszcz.pl\/ru\/predlagaet\/podvizhnoj-sostav\/dveri-zamki\/napravliaiushaja-podveska-zadvizhnoi-dveri-dl-o-16-045-00\/\",\"url\":\"https:\/\/darpol.bydgoszcz.pl\/ru\/predlagaet\/podvizhnoj-sostav\/dveri-zamki\/napravliaiushaja-podveska-zadvizhnoi-dveri-dl-o-16-045-00\/\",\"name\":\"\u041d\u0430\u043f\u0440\u0430\u0432\u043b\u044f\u044e\u0449\u0430\u044f \u043f\u043e\u0434\u0432\u0435\u0441\u043a\u0438 \u0437\u0430\u0434\u0432\u0438\u0436\u043d\u043e\u0439 \u0434\u0432\u0435\u0440\u0438 \u0441 \u0440\u0435\u0433\u0443\u043b\u0438\u0440\u043e\u0432\u043e\u0447\u043d\u044b\u043c \u0432\u0438\u043d\u0442\u043e\u043c DL-O 16 045-00 - Darpol Bydgoszcz\",\"isPartOf\":{\"@id\":\"https:\/\/darpol.bydgoszcz.pl\/#website\"},\"primaryImageOfPage\":{\"@id\":\"https:\/\/darpol.bydgoszcz.pl\/ru\/predlagaet\/podvizhnoj-sostav\/dveri-zamki\/napravliaiushaja-podveska-zadvizhnoi-dveri-dl-o-16-045-00\/#primaryimage\"},\"image\":{\"@id\":\"https:\/\/darpol.bydgoszcz.pl\/ru\/predlagaet\/podvizhnoj-sostav\/dveri-zamki\/napravliaiushaja-podveska-zadvizhnoi-dveri-dl-o-16-045-00\/#primaryimage\"},\"thumbnailUrl\":\"https:\/\/darpol.bydgoszcz.pl\/wp-content\/uploads\/131-954-prowadnica-wozek-zawieszenia-drzwi-przejsciowych-ze-sruba-regulacyjna-dl-o-16-045-00.jpg\",\"datePublished\":\"2013-02-05T13:30:19+00:00\",\"dateModified\":\"2013-02-05T13:30:19+00:00\",\"description\":\"\u041d\u0430\u043f\u0440\u0430\u0432\u043b\u044f\u044e\u0449\u0430\u044f \u043f\u043e\u0434\u0432\u0435\u0441\u043a\u0438 \u0437\u0430\u0434\u0432\u0438\u0436\u043d\u043e\u0439 \u0434\u0432\u0435\u0440\u0438 \u0441 \u0440\u0435\u0433\u0443\u043b\u0438\u0440\u043e\u0432\u043e\u0447\u043d\u044b\u043c \u0432\u0438\u043d\u0442\u043e\u043c DL-O 16 045-00\",\"breadcrumb\":{\"@id\":\"https:\/\/darpol.bydgoszcz.pl\/ru\/predlagaet\/podvizhnoj-sostav\/dveri-zamki\/napravliaiushaja-podveska-zadvizhnoi-dveri-dl-o-16-045-00\/#breadcrumb\"},\"inLanguage\":\"ru-RU\",\"potentialAction\":[{\"@type\":\"ReadAction\",\"target\":[\"https:\/\/darpol.bydgoszcz.pl\/ru\/predlagaet\/podvizhnoj-sostav\/dveri-zamki\/napravliaiushaja-podveska-zadvizhnoi-dveri-dl-o-16-045-00\/\"]}]},{\"@type\":\"ImageObject\",\"inLanguage\":\"ru-RU\",\"@id\":\"https:\/\/darpol.bydgoszcz.pl\/ru\/predlagaet\/podvizhnoj-sostav\/dveri-zamki\/napravliaiushaja-podveska-zadvizhnoi-dveri-dl-o-16-045-00\/#primaryimage\",\"url\":\"https:\/\/darpol.bydgoszcz.pl\/wp-content\/uploads\/131-954-prowadnica-wozek-zawieszenia-drzwi-przejsciowych-ze-sruba-regulacyjna-dl-o-16-045-00.jpg\",\"contentUrl\":\"https:\/\/darpol.bydgoszcz.pl\/wp-content\/uploads\/131-954-prowadnica-wozek-zawieszenia-drzwi-przejsciowych-ze-sruba-regulacyjna-dl-o-16-045-00.jpg\",\"width\":1024,\"height\":768,\"caption\":\"Prowadnica (w\u00f3zek) zawieszenia drzwi przej\u015bciowych ze \u015brub\u0105 regulacyjn\u0105 DL-O 16 045-00\"},{\"@type\":\"BreadcrumbList\",\"@id\":\"https:\/\/darpol.bydgoszcz.pl\/ru\/predlagaet\/podvizhnoj-sostav\/dveri-zamki\/napravliaiushaja-podveska-zadvizhnoi-dveri-dl-o-16-045-00\/#breadcrumb\",\"itemListElement\":[{\"@type\":\"ListItem\",\"position\":1,\"name\":\"Strona g\u0142\u00f3wna\",\"item\":\"https:\/\/darpol.bydgoszcz.pl\/ru\/\"},{\"@type\":\"ListItem\",\"position\":2,\"name\":\"Oferta\",\"item\":\"https:\/\/darpol.bydgoszcz.pl\/oferta\/\"},{\"@type\":\"ListItem\",\"position\":3,\"name\":\"\u041d\u0430\u043f\u0440\u0430\u0432\u043b\u044f\u044e\u0449\u0430\u044f \u043f\u043e\u0434\u0432\u0435\u0441\u043a\u0438 \u0437\u0430\u0434\u0432\u0438\u0436\u043d\u043e\u0439 \u0434\u0432\u0435\u0440\u0438 \u0441 \u0440\u0435\u0433\u0443\u043b\u0438\u0440\u043e\u0432\u043e\u0447\u043d\u044b\u043c \u0432\u0438\u043d\u0442\u043e\u043c DL-O 16 045-00\"}]},{\"@type\":\"WebSite\",\"@id\":\"https:\/\/darpol.bydgoszcz.pl\/#website\",\"url\":\"https:\/\/darpol.bydgoszcz.pl\/\",\"name\":\"Darpol Bydgoszcz\",\"description\":\"\",\"potentialAction\":[{\"@type\":\"SearchAction\",\"target\":{\"@type\":\"EntryPoint\",\"urlTemplate\":\"https:\/\/darpol.bydgoszcz.pl\/?s={search_term_string}\"},\"query-input\":\"required name=search_term_string\"}],\"inLanguage\":\"ru-RU\"}]}<\/script>\n<!-- \/ Yoast SEO plugin. -->","yoast_head_json":{"title":"\u041d\u0430\u043f\u0440\u0430\u0432\u043b\u044f\u044e\u0449\u0430\u044f \u043f\u043e\u0434\u0432\u0435\u0441\u043a\u0438 \u0437\u0430\u0434\u0432\u0438\u0436\u043d\u043e\u0439 \u0434\u0432\u0435\u0440\u0438 \u0441 \u0440\u0435\u0433\u0443\u043b\u0438\u0440\u043e\u0432\u043e\u0447\u043d\u044b\u043c \u0432\u0438\u043d\u0442\u043e\u043c DL-O 16 045-00 - Darpol Bydgoszcz","description":"\u041d\u0430\u043f\u0440\u0430\u0432\u043b\u044f\u044e\u0449\u0430\u044f \u043f\u043e\u0434\u0432\u0435\u0441\u043a\u0438 \u0437\u0430\u0434\u0432\u0438\u0436\u043d\u043e\u0439 \u0434\u0432\u0435\u0440\u0438 \u0441 \u0440\u0435\u0433\u0443\u043b\u0438\u0440\u043e\u0432\u043e\u0447\u043d\u044b\u043c \u0432\u0438\u043d\u0442\u043e\u043c DL-O 16 045-00","robots":{"index":"index","follow":"follow","max-snippet":"max-snippet:-1","max-image-preview":"max-image-preview:large","max-video-preview":"max-video-preview:-1"},"canonical":"https:\/\/darpol.bydgoszcz.pl\/ru\/predlagaet\/podvizhnoj-sostav\/dveri-zamki\/napravliaiushaja-podveska-zadvizhnoi-dveri-dl-o-16-045-00\/","og_locale":"ru_RU","og_type":"article","og_title":"\u041d\u0430\u043f\u0440\u0430\u0432\u043b\u044f\u044e\u0449\u0430\u044f \u043f\u043e\u0434\u0432\u0435\u0441\u043a\u0438 \u0437\u0430\u0434\u0432\u0438\u0436\u043d\u043e\u0439 \u0434\u0432\u0435\u0440\u0438 \u0441 \u0440\u0435\u0433\u0443\u043b\u0438\u0440\u043e\u0432\u043e\u0447\u043d\u044b\u043c \u0432\u0438\u043d\u0442\u043e\u043c DL-O 16 045-00 - Darpol Bydgoszcz","og_description":"\u041d\u0430\u043f\u0440\u0430\u0432\u043b\u044f\u044e\u0449\u0430\u044f \u043f\u043e\u0434\u0432\u0435\u0441\u043a\u0438 \u0437\u0430\u0434\u0432\u0438\u0436\u043d\u043e\u0439 \u0434\u0432\u0435\u0440\u0438 \u0441 \u0440\u0435\u0433\u0443\u043b\u0438\u0440\u043e\u0432\u043e\u0447\u043d\u044b\u043c \u0432\u0438\u043d\u0442\u043e\u043c DL-O 16 045-00","og_url":"https:\/\/darpol.bydgoszcz.pl\/ru\/predlagaet\/podvizhnoj-sostav\/dveri-zamki\/napravliaiushaja-podveska-zadvizhnoi-dveri-dl-o-16-045-00\/","og_site_name":"Darpol Bydgoszcz","og_image":[{"width":1024,"height":768,"url":"https:\/\/darpol.bydgoszcz.pl\/wp-content\/uploads\/131-954-prowadnica-wozek-zawieszenia-drzwi-przejsciowych-ze-sruba-regulacyjna-dl-o-16-045-00.jpg","type":"image\/jpeg"}],"twitter_card":"summary_large_image","schema":{"@context":"https:\/\/schema.org","@graph":[{"@type":"WebPage","@id":"https:\/\/darpol.bydgoszcz.pl\/ru\/predlagaet\/podvizhnoj-sostav\/dveri-zamki\/napravliaiushaja-podveska-zadvizhnoi-dveri-dl-o-16-045-00\/","url":"https:\/\/darpol.bydgoszcz.pl\/ru\/predlagaet\/podvizhnoj-sostav\/dveri-zamki\/napravliaiushaja-podveska-zadvizhnoi-dveri-dl-o-16-045-00\/","name":"\u041d\u0430\u043f\u0440\u0430\u0432\u043b\u044f\u044e\u0449\u0430\u044f \u043f\u043e\u0434\u0432\u0435\u0441\u043a\u0438 \u0437\u0430\u0434\u0432\u0438\u0436\u043d\u043e\u0439 \u0434\u0432\u0435\u0440\u0438 \u0441 \u0440\u0435\u0433\u0443\u043b\u0438\u0440\u043e\u0432\u043e\u0447\u043d\u044b\u043c \u0432\u0438\u043d\u0442\u043e\u043c DL-O 16 045-00 - Darpol Bydgoszcz","isPartOf":{"@id":"https:\/\/darpol.bydgoszcz.pl\/#website"},"primaryImageOfPage":{"@id":"https:\/\/darpol.bydgoszcz.pl\/ru\/predlagaet\/podvizhnoj-sostav\/dveri-zamki\/napravliaiushaja-podveska-zadvizhnoi-dveri-dl-o-16-045-00\/#primaryimage"},"image":{"@id":"https:\/\/darpol.bydgoszcz.pl\/ru\/predlagaet\/podvizhnoj-sostav\/dveri-zamki\/napravliaiushaja-podveska-zadvizhnoi-dveri-dl-o-16-045-00\/#primaryimage"},"thumbnailUrl":"https:\/\/darpol.bydgoszcz.pl\/wp-content\/uploads\/131-954-prowadnica-wozek-zawieszenia-drzwi-przejsciowych-ze-sruba-regulacyjna-dl-o-16-045-00.jpg","datePublished":"2013-02-05T13:30:19+00:00","dateModified":"2013-02-05T13:30:19+00:00","description":"\u041d\u0430\u043f\u0440\u0430\u0432\u043b\u044f\u044e\u0449\u0430\u044f \u043f\u043e\u0434\u0432\u0435\u0441\u043a\u0438 \u0437\u0430\u0434\u0432\u0438\u0436\u043d\u043e\u0439 \u0434\u0432\u0435\u0440\u0438 \u0441 \u0440\u0435\u0433\u0443\u043b\u0438\u0440\u043e\u0432\u043e\u0447\u043d\u044b\u043c \u0432\u0438\u043d\u0442\u043e\u043c DL-O 16 045-00","breadcrumb":{"@id":"https:\/\/darpol.bydgoszcz.pl\/ru\/predlagaet\/podvizhnoj-sostav\/dveri-zamki\/napravliaiushaja-podveska-zadvizhnoi-dveri-dl-o-16-045-00\/#breadcrumb"},"inLanguage":"ru-RU","potentialAction":[{"@type":"ReadAction","target":["https:\/\/darpol.bydgoszcz.pl\/ru\/predlagaet\/podvizhnoj-sostav\/dveri-zamki\/napravliaiushaja-podveska-zadvizhnoi-dveri-dl-o-16-045-00\/"]}]},{"@type":"ImageObject","inLanguage":"ru-RU","@id":"https:\/\/darpol.bydgoszcz.pl\/ru\/predlagaet\/podvizhnoj-sostav\/dveri-zamki\/napravliaiushaja-podveska-zadvizhnoi-dveri-dl-o-16-045-00\/#primaryimage","url":"https:\/\/darpol.bydgoszcz.pl\/wp-content\/uploads\/131-954-prowadnica-wozek-zawieszenia-drzwi-przejsciowych-ze-sruba-regulacyjna-dl-o-16-045-00.jpg","contentUrl":"https:\/\/darpol.bydgoszcz.pl\/wp-content\/uploads\/131-954-prowadnica-wozek-zawieszenia-drzwi-przejsciowych-ze-sruba-regulacyjna-dl-o-16-045-00.jpg","width":1024,"height":768,"caption":"Prowadnica (w\u00f3zek) zawieszenia drzwi przej\u015bciowych ze \u015brub\u0105 regulacyjn\u0105 DL-O 16 045-00"},{"@type":"BreadcrumbList","@id":"https:\/\/darpol.bydgoszcz.pl\/ru\/predlagaet\/podvizhnoj-sostav\/dveri-zamki\/napravliaiushaja-podveska-zadvizhnoi-dveri-dl-o-16-045-00\/#breadcrumb","itemListElement":[{"@type":"ListItem","position":1,"name":"Strona g\u0142\u00f3wna","item":"https:\/\/darpol.bydgoszcz.pl\/ru\/"},{"@type":"ListItem","position":2,"name":"Oferta","item":"https:\/\/darpol.bydgoszcz.pl\/oferta\/"},{"@type":"ListItem","position":3,"name":"\u041d\u0430\u043f\u0440\u0430\u0432\u043b\u044f\u044e\u0449\u0430\u044f \u043f\u043e\u0434\u0432\u0435\u0441\u043a\u0438 \u0437\u0430\u0434\u0432\u0438\u0436\u043d\u043e\u0439 \u0434\u0432\u0435\u0440\u0438 \u0441 \u0440\u0435\u0433\u0443\u043b\u0438\u0440\u043e\u0432\u043e\u0447\u043d\u044b\u043c \u0432\u0438\u043d\u0442\u043e\u043c DL-O 16 045-00"}]},{"@type":"WebSite","@id":"https:\/\/darpol.bydgoszcz.pl\/#website","url":"https:\/\/darpol.bydgoszcz.pl\/","name":"Darpol Bydgoszcz","description":"","potentialAction":[{"@type":"SearchAction","target":{"@type":"EntryPoint","urlTemplate":"https:\/\/darpol.bydgoszcz.pl\/?s={search_term_string}"},"query-input":"required name=search_term_string"}],"inLanguage":"ru-RU"}]}},"_links":{"self":[{"href":"https:\/\/darpol.bydgoszcz.pl\/ru\/wp-json\/wp\/v2\/product\/5447","targetHints":{"allow":["GET"]}}],"collection":[{"href":"https:\/\/darpol.bydgoszcz.pl\/ru\/wp-json\/wp\/v2\/product"}],"about":[{"href":"https:\/\/darpol.bydgoszcz.pl\/ru\/wp-json\/wp\/v2\/types\/product"}],"wp:featuredmedia":[{"embeddable":true,"href":"https:\/\/darpol.bydgoszcz.pl\/ru\/wp-json\/wp\/v2\/media\/5443"}],"wp:attachment":[{"href":"https:\/\/darpol.bydgoszcz.pl\/ru\/wp-json\/wp\/v2\/media?parent=5447"}],"wp:term":[{"taxonomy":"product_cat","embeddable":true,"href":"https:\/\/darpol.bydgoszcz.pl\/ru\/wp-json\/wp\/v2\/product_cat?post=5447"},{"taxonomy":"product_tag","embeddable":true,"href":"https:\/\/darpol.bydgoszcz.pl\/ru\/wp-json\/wp\/v2\/product_tag?post=5447"}],"curies":[{"name":"wp","href":"https:\/\/api.w.org\/{rel}","templated":true}]}}