{"id":53784,"date":"2019-03-19T14:06:16","date_gmt":"2019-03-19T13:06:16","guid":{"rendered":"https:\/\/darpol.bydgoszcz.pl\/offer\/\u0431\u0435\u0437%20\u0440\u0443\u0431\u0440\u0438\u043a\u0438\/sterownik-drzwi-ife-1901\/"},"modified":"2019-09-25T14:23:39","modified_gmt":"2019-09-25T12:23:39","slug":"sterownik-drzwi-ife-1901","status":"publish","type":"product","link":"https:\/\/darpol.bydgoszcz.pl\/ru\/predlagaet\/podvizhnoj-sostav\/dveri-zamki\/sterownik-drzwi-ife-1901\/","title":{"rendered":"\u0414\u0440\u0430\u0439\u0432\u0435\u0440\u044b \u0438 \u0434\u0440\u0443\u0433\u0430\u044f \u044d\u043b\u0435\u043a\u0442\u0440\u043e\u043d\u0438\u043a\u0430 &#8211; \u0440\u0435\u043c\u043e\u043d\u0442"},"content":{"rendered":"<p>Oferujemy skuteczn\u0105 napraw\u0119 sterownik\u00f3w oraz wielu innych podzespo\u0142\u00f3w elektronicznych stosowanych w pojazdach szynowych, m.in.:<\/p>\n<p>&nbsp;<\/p>\n<p><strong>STEROWNIKI<\/strong><\/p>\n<p>W zakresie sterownik\u00f3w specjalizujemy si\u0119 szczeg\u00f3lnie w naprawach sterownik\u00f3w drzwi, toalet pr\u00f3\u017cniowych, klimatyzacji, przeciwpo\u015blizgu i wy\u015bwietlaczy, np.:<\/p>\n<p>&nbsp;<\/p>\n<ul>\n<li>&#8211; <a href=\"https:\/\/darpol.bydgoszcz.pl\/wp-content\/uploads\/STEROWNIK-DRZWI-IFE-1901-bez-t\u0142a-DARPOL.jpg\" data-gal='prettyPhoto' rel='prettyPhoto' target=\"_blank\" rel=\"noopener\">sterownik drzwi IFE 1901, <\/a><a href=\"https:\/\/darpol.bydgoszcz.pl\/wp-content\/uploads\/PC20-24-sterownik-naprawa-w-DARPOL-skompr.jpg\" data-gal='prettyPhoto' rel='prettyPhoto' target=\"_blank\" rel=\"noopener\">IFE PC 20-24<\/a><\/li>\n<li>&#8211; <a href=\"https:\/\/darpol.bydgoszcz.pl\/wp-content\/uploads\/STEROWNIK-DRZWI-TS-3DA-bez-t\u0142a-Darpol.jpg\" data-gal='prettyPhoto' rel='prettyPhoto' target=\"_blank\" rel=\"noopener\">sterownik g\u0142\u00f3wny TS-MK7, sterownik lokalny TS-3DA,\u00a0 Pintch Bamag<\/a> (drzwi odskokowo-przesuwnych Bode)<\/li>\n<li>&#8211; sterownik drzwi do EZT typu Elf MT24-X TYP 004-0089-301<\/li>\n<li>&#8211; sterownik drzwi Bode<\/li>\n<li>&#8211; <a href=\"https:\/\/darpol.bydgoszcz.pl\/wp-content\/uploads\/Sterownik-przeciwpo\u015blizgu-Rexroth-\u2014-naprawa-Darpol.jpg\" data-gal='prettyPhoto' rel='prettyPhoto' target=\"_blank\" rel=\"noopener\">sterownik przeciwpo\u015blizgu Rexroth WG MC 19\u00a0 (E201170R03)<\/a><\/li>\n<li>&#8211; <a href=\"https:\/\/darpol.bydgoszcz.pl\/wp-content\/uploads\/p\u0142ytka-CPU-do-sterownika-przeciwpo\u015blizgu-Sab-Wabco-SWKp-AS20R-skompr.jpg\" data-gal='prettyPhoto' rel='prettyPhoto' target=\"_blank\" rel=\"noopener\">p\u0142ytka CPU do sterownika przeciwpo\u015blizgu Sab Wabco SWKp AS20R<\/a><\/li>\n<li>&#8211; <a href=\"https:\/\/darpol.bydgoszcz.pl\/wp-content\/uploads\/sterownik-EVAC-CPU8032-F-11-13677-skompr.jpg\" data-gal='prettyPhoto' rel='prettyPhoto' target=\"_blank\" rel=\"noopener\">sterownik toalety pr\u00f3\u017cniowej EVAC CPU8032-F\u00a0 (11-13677) oraz inne typy sterownik\u00f3w do toalet EVAC<\/a><\/li>\n<li>&#8211; sterowniki do toalet pr\u00f3\u017cniowych SEMVAC (Semco)<\/li>\n<li>&#8211; Sterownik klimatyzacji<\/li>\n<li>&#8211; Sterownik ogrzewania RO (prod. NEWAG)<\/li>\n<li>&#8211; Sterownik przeciwpo\u015blizgowy Knorr MGS2<\/li>\n<li>&#8211; <a href=\"https:\/\/darpol.bydgoszcz.pl\/wp-content\/uploads\/konvekta-sterownik.gif\" data-gal='prettyPhoto' rel='prettyPhoto' target=\"_blank\" rel=\"noopener\">Sterownik klimatyzacji KONVEKTA B11-AL5-430 typ KS30.05\u00a0 oraz\u00a0 KN-400<\/a><\/li>\n<li>&#8211; Sterownik wy\u015bwietlacza<\/li>\n<li>&#8211; inne&#8230;<\/li>\n<\/ul>\n<p>&nbsp;<\/p>\n<p><strong>POZOSTA\u0141A ELEKTRONIKA<\/strong><\/p>\n<p>&nbsp;<\/p>\n<ul>\n<li>&#8211; <a href=\"https:\/\/darpol.bydgoszcz.pl\/sklep\/tabor-kolejowy\/czesci-elektryczne-i-elektroniczne\/generator-impulsow-osi-ukladu-przeciwposlizgowego-deuta-werke-pradniczka-szynobusu-vt-dl-o-30-052-00\/\" target=\"_blank\" rel=\"noopener\">generator impuls\u00f3w osi uk\u0142adu przeciwpo\u015blizgowego Deuta Werke (pr\u0105dniczka)<\/a><\/li>\n<li>&#8211; <a href=\"https:\/\/darpol.bydgoszcz.pl\/sklep\/tabor-kolejowy\/czesci-elektryczne-i-elektroniczne\/modul-sterujacy-cs-dl-o-10-030-00\/\" target=\"_blank\" rel=\"noopener\">modu\u0142 steruj\u0105cy wa\u0142u ku\u0142akowego <\/a><\/li>\n<li>&#8211; <a href=\"https:\/\/darpol.bydgoszcz.pl\/sklep\/tabor-kolejowy\/czesci-elektryczne-i-elektroniczne\/opornik-ajo-dl-o-32-005-00\/\" target=\"_blank\" rel=\"noopener\">opornik skrzyni sterowania ogrzewaniem AJO<\/a><\/li>\n<li>&#8211; <a href=\"https:\/\/darpol.bydgoszcz.pl\/sklep\/tabor-kolejowy\/czesci-elektryczne-i-elektroniczne\/opornik-awo-dl-o-32-004-00-i-dl-o-32-004-01\/\" target=\"_blank\" rel=\"noopener\">opornik skrzyni sterowania ogrzewaniem AWO<\/a><\/li>\n<li>&#8211; <a href=\"https:\/\/darpol.bydgoszcz.pl\/kategoria-produktu\/tabor-kolejowy\/oswietlenie-do-pojazdow-szynowych\/\" target=\"_blank\" rel=\"noopener\">o\u015bwietlenie<\/a><\/li>\n<li>&#8211; <a href=\"https:\/\/darpol.bydgoszcz.pl\/sklep\/tabor-kolejowy\/czesci-elektryczne-i-elektroniczne\/rft-t3-dl-o-30-030-00\/\" target=\"_blank\" rel=\"noopener\">przeka\u017anik cz\u0119stotliwo\u015bci RFT<\/a><\/li>\n<li>&#8211; <a href=\"https:\/\/darpol.bydgoszcz.pl\/wp-content\/uploads\/przetwornica-ACR-250-naprawa-DARPOL.jpg\" data-gal='prettyPhoto' rel='prettyPhoto' target=\"_blank\" rel=\"noopener\">przetwornica ACR 250<\/a><\/li>\n<li>&#8211; <a href=\"https:\/\/darpol.bydgoszcz.pl\/sklep\/tabor-kolejowy\/czesci-elektryczne-i-elektroniczne\/przycisk-otwierania-drzwi-dl-o-16-016-00\/\" target=\"_blank\" rel=\"noopener\">przycisk otwierania drzwi<\/a><\/li>\n<li>&#8211; regulator K1 11HA12<\/li>\n<li>&#8211; regulator K2 11HA21<\/li>\n<li>&#8211; <a href=\"https:\/\/darpol.bydgoszcz.pl\/sklep\/tabor-kolejowy\/czesci-elektryczne-i-elektroniczne\/regulator-napiecia-brn-3-dl-o-30-021-00\/\" target=\"_blank\" rel=\"noopener\">regulator napi\u0119cia BRN-3<\/a><\/li>\n<li>&#8211; <a href=\"https:\/\/darpol.bydgoszcz.pl\/sklep\/tabor-kolejowy\/czesci-elektryczne-i-elektroniczne\/regulator-napiecia-irn-dl-o-30-016-00\/\" target=\"_blank\" rel=\"noopener\">regulator napi\u0119cia IRN<\/a><\/li>\n<li>&#8211; statecznik tranzystorowy<\/li>\n<li>&#8211; <a href=\"https:\/\/darpol.bydgoszcz.pl\/sklep\/tabor-kolejowy\/czesci-elektryczne-i-elektroniczne\/czp-2-dl-o-30-005-00\/\" target=\"_blank\" rel=\"noopener\">czujnik zespo\u0142u pr\u0119dko\u015bci CZP2 do uk\u0142adu blokady drzwi<\/a><\/li>\n<li>&#8211; <a href=\"https:\/\/darpol.bydgoszcz.pl\/?post_type=product&amp;s=wsl\" target=\"_blank\" rel=\"noopener\">wzmacniacz impuls\u00f3w WSL (tak\u017ce WSL3a i oraz zintegrowany ZCZP2)<\/a><\/li>\n<li>&#8211; <a href=\"https:\/\/darpol.bydgoszcz.pl\/sklep\/tabor-kolejowy\/czesci-elektryczne-i-elektroniczne\/plytka-hl\/\" target=\"_blank\" rel=\"noopener\">regulator temperatury DL-O 19 003-00 (p\u0142ytka HL 009\/K, HL009\/P, HL011, HL 009NN)<\/a><\/li>\n<li>&#8211; inne&#8230;<\/li>\n<\/ul>\n<p>&nbsp;<\/p>\n<p>Zach\u0119camy wi\u0119c do przesy\u0142ania do nas\u00a0 ww. podzespo\u0142\u00f3w do regeneracji.<\/p>\n<p>&nbsp;<\/p>\n<p>&nbsp;<\/p>\n<p>&nbsp;<\/p>\n<p>&nbsp;<\/p>\n<p>&nbsp;<\/p>\n<p>&nbsp;<\/p>\n<p>&nbsp;<\/p>\n<div style=\"clear:both\"><a href=\"javascript:window.print()\"><i class=\"fa fa-print\" aria-hidden=\"true\"><\/i> \u043f\u0435\u0447\u0430\u0442\u044c<\/a><\/div>","protected":false},"excerpt":{"rendered":"<p>Oferujemy skuteczn\u0105 napraw\u0119 sterownik\u00f3w oraz wielu innych podzespo\u0142\u00f3w elektronicznych stosowanych w pojazdach szynowych, m.in.: &nbsp; STEROWNIKI W zakresie sterownik\u00f3w specjalizujemy si\u0119 szczeg\u00f3lnie w naprawach sterownik\u00f3w drzwi, toalet pr\u00f3\u017cniowych, klimatyzacji, przeciwpo\u015blizgu i wy\u015bwietlaczy, np.: &nbsp; &#8211; sterownik drzwi IFE 1901, IFE PC 20-24 &#8211; sterownik g\u0142\u00f3wny TS-MK7, sterownik lokalny TS-3DA,\u00a0 Pintch Bamag (drzwi odskokowo-przesuwnych Bode) &#8211; &hellip;<\/p>\n","protected":false},"featured_media":52613,"template":"","meta":{"om_disable_all_campaigns":false,"_monsterinsights_skip_tracking":false,"_monsterinsights_sitenote_active":false,"_monsterinsights_sitenote_note":"","_monsterinsights_sitenote_category":0,"_uf_show_specific_survey":0,"_uf_disable_surveys":false},"product_cat":[294,3874,305,329,341,335,347,3649],"product_tag":[3976,3977,4649,4647,3840,3841,3882,3842,3883,3843,3844,3845,3846,3884,3847,3848,3849,3850],"class_list":{"0":"post-53784","1":"product","2":"type-product","3":"status-publish","4":"has-post-thumbnail","6":"product_cat-dveri-zamki","7":"product_cat-zapchasti-tualeta","8":"product_cat-elektro-zapchasti","9":"product_cat-elektrovozy-i-teplovozy","10":"product_cat-passazhirskie-vagony","11":"product_cat-elektrodizelpoezda","12":"product_cat-tramvai","13":"product_cat-remont","14":"product_tag-arc-250-ru","15":"product_tag-arc250-ru","16":"product_tag-en-57-ru","17":"product_tag-en57-ru","18":"product_tag-evac-cpu8032-f-ru","19":"product_tag-ife-1901-ru","20":"product_tag-ife-pc-20-24-ru","21":"product_tag-knorr-mgs2-ru","22":"product_tag-konvekta-ru","23":"product_tag-mannesmann-ru","24":"product_tag-naprawa-ru","25":"product_tag-rexroth-ru","26":"product_tag-sab-wabco-swkp-as20r-ru","27":"product_tag-semco-ru","28":"product_tag-sterownik-ru","29":"product_tag-sterowniki-ru","30":"product_tag-ts-3da-ru","31":"product_tag-ts-mk7-ru","33":"first","34":"onbackorder","35":"shipping-taxable","36":"product-type-simple"},"yoast_head":"<!-- This site is optimized with the Yoast SEO plugin v23.0 - https:\/\/yoast.com\/wordpress\/plugins\/seo\/ -->\n<title>\u0414\u0440\u0430\u0439\u0432\u0435\u0440\u044b \u0438 \u0434\u0440\u0443\u0433\u0430\u044f \u044d\u043b\u0435\u043a\u0442\u0440\u043e\u043d\u0438\u043a\u0430 - \u0440\u0435\u043c\u043e\u043d\u0442 - Darpol Bydgoszcz<\/title>\n<meta name=\"robots\" content=\"index, follow, max-snippet:-1, max-image-preview:large, max-video-preview:-1\" \/>\n<link rel=\"canonical\" href=\"https:\/\/darpol.bydgoszcz.pl\/ru\/predlagaet\/podvizhnoj-sostav\/dveri-zamki\/sterownik-drzwi-ife-1901\/\" \/>\n<meta property=\"og:locale\" content=\"ru_RU\" \/>\n<meta property=\"og:type\" content=\"article\" \/>\n<meta property=\"og:title\" content=\"\u0414\u0440\u0430\u0439\u0432\u0435\u0440\u044b \u0438 \u0434\u0440\u0443\u0433\u0430\u044f \u044d\u043b\u0435\u043a\u0442\u0440\u043e\u043d\u0438\u043a\u0430 - \u0440\u0435\u043c\u043e\u043d\u0442 - Darpol Bydgoszcz\" \/>\n<meta property=\"og:description\" content=\"Oferujemy skuteczn\u0105 napraw\u0119 sterownik\u00f3w oraz wielu innych podzespo\u0142\u00f3w elektronicznych stosowanych w pojazdach szynowych, m.in.: &nbsp; STEROWNIKI W zakresie sterownik\u00f3w specjalizujemy si\u0119 szczeg\u00f3lnie w naprawach sterownik\u00f3w drzwi, toalet pr\u00f3\u017cniowych, klimatyzacji, przeciwpo\u015blizgu i wy\u015bwietlaczy, np.: &nbsp; &#8211; sterownik drzwi IFE 1901, IFE PC 20-24 &#8211; sterownik g\u0142\u00f3wny TS-MK7, sterownik lokalny TS-3DA,\u00a0 Pintch Bamag (drzwi odskokowo-przesuwnych Bode) &#8211; &hellip;\" \/>\n<meta property=\"og:url\" content=\"https:\/\/darpol.bydgoszcz.pl\/ru\/predlagaet\/podvizhnoj-sostav\/dveri-zamki\/sterownik-drzwi-ife-1901\/\" \/>\n<meta property=\"og:site_name\" content=\"Darpol Bydgoszcz\" \/>\n<meta property=\"article:modified_time\" content=\"2019-09-25T12:23:39+00:00\" \/>\n<meta property=\"og:image\" content=\"https:\/\/darpol.bydgoszcz.pl\/wp-content\/uploads\/STEROWNIK-DRZWI-IFE-1901-bez-t\u0142a-DARPOL.jpg\" \/>\n\t<meta property=\"og:image:width\" content=\"448\" \/>\n\t<meta property=\"og:image:height\" content=\"305\" \/>\n\t<meta property=\"og:image:type\" content=\"image\/jpeg\" \/>\n<meta name=\"twitter:card\" content=\"summary_large_image\" \/>\n<meta name=\"twitter:label1\" content=\"\u041f\u0440\u0438\u043c\u0435\u0440\u043d\u043e\u0435 \u0432\u0440\u0435\u043c\u044f \u0434\u043b\u044f \u0447\u0442\u0435\u043d\u0438\u044f\" \/>\n\t<meta name=\"twitter:data1\" content=\"1 \u043c\u0438\u043d\u0443\u0442\u0430\" \/>\n<script type=\"application\/ld+json\" class=\"yoast-schema-graph\">{\"@context\":\"https:\/\/schema.org\",\"@graph\":[{\"@type\":\"WebPage\",\"@id\":\"https:\/\/darpol.bydgoszcz.pl\/ru\/predlagaet\/podvizhnoj-sostav\/dveri-zamki\/sterownik-drzwi-ife-1901\/\",\"url\":\"https:\/\/darpol.bydgoszcz.pl\/ru\/predlagaet\/podvizhnoj-sostav\/dveri-zamki\/sterownik-drzwi-ife-1901\/\",\"name\":\"\u0414\u0440\u0430\u0439\u0432\u0435\u0440\u044b \u0438 \u0434\u0440\u0443\u0433\u0430\u044f \u044d\u043b\u0435\u043a\u0442\u0440\u043e\u043d\u0438\u043a\u0430 - \u0440\u0435\u043c\u043e\u043d\u0442 - Darpol Bydgoszcz\",\"isPartOf\":{\"@id\":\"https:\/\/darpol.bydgoszcz.pl\/#website\"},\"primaryImageOfPage\":{\"@id\":\"https:\/\/darpol.bydgoszcz.pl\/ru\/predlagaet\/podvizhnoj-sostav\/dveri-zamki\/sterownik-drzwi-ife-1901\/#primaryimage\"},\"image\":{\"@id\":\"https:\/\/darpol.bydgoszcz.pl\/ru\/predlagaet\/podvizhnoj-sostav\/dveri-zamki\/sterownik-drzwi-ife-1901\/#primaryimage\"},\"thumbnailUrl\":\"https:\/\/darpol.bydgoszcz.pl\/wp-content\/uploads\/STEROWNIK-DRZWI-IFE-1901-bez-t\u0142a-DARPOL.jpg\",\"datePublished\":\"2019-03-19T13:06:16+00:00\",\"dateModified\":\"2019-09-25T12:23:39+00:00\",\"breadcrumb\":{\"@id\":\"https:\/\/darpol.bydgoszcz.pl\/ru\/predlagaet\/podvizhnoj-sostav\/dveri-zamki\/sterownik-drzwi-ife-1901\/#breadcrumb\"},\"inLanguage\":\"ru-RU\",\"potentialAction\":[{\"@type\":\"ReadAction\",\"target\":[\"https:\/\/darpol.bydgoszcz.pl\/ru\/predlagaet\/podvizhnoj-sostav\/dveri-zamki\/sterownik-drzwi-ife-1901\/\"]}]},{\"@type\":\"ImageObject\",\"inLanguage\":\"ru-RU\",\"@id\":\"https:\/\/darpol.bydgoszcz.pl\/ru\/predlagaet\/podvizhnoj-sostav\/dveri-zamki\/sterownik-drzwi-ife-1901\/#primaryimage\",\"url\":\"https:\/\/darpol.bydgoszcz.pl\/wp-content\/uploads\/STEROWNIK-DRZWI-IFE-1901-bez-t\u0142a-DARPOL.jpg\",\"contentUrl\":\"https:\/\/darpol.bydgoszcz.pl\/wp-content\/uploads\/STEROWNIK-DRZWI-IFE-1901-bez-t\u0142a-DARPOL.jpg\",\"width\":448,\"height\":305},{\"@type\":\"BreadcrumbList\",\"@id\":\"https:\/\/darpol.bydgoszcz.pl\/ru\/predlagaet\/podvizhnoj-sostav\/dveri-zamki\/sterownik-drzwi-ife-1901\/#breadcrumb\",\"itemListElement\":[{\"@type\":\"ListItem\",\"position\":1,\"name\":\"Strona g\u0142\u00f3wna\",\"item\":\"https:\/\/darpol.bydgoszcz.pl\/ru\/\"},{\"@type\":\"ListItem\",\"position\":2,\"name\":\"Oferta\",\"item\":\"https:\/\/darpol.bydgoszcz.pl\/oferta\/\"},{\"@type\":\"ListItem\",\"position\":3,\"name\":\"\u0414\u0440\u0430\u0439\u0432\u0435\u0440\u044b \u0438 \u0434\u0440\u0443\u0433\u0430\u044f \u044d\u043b\u0435\u043a\u0442\u0440\u043e\u043d\u0438\u043a\u0430 &#8211; \u0440\u0435\u043c\u043e\u043d\u0442\"}]},{\"@type\":\"WebSite\",\"@id\":\"https:\/\/darpol.bydgoszcz.pl\/#website\",\"url\":\"https:\/\/darpol.bydgoszcz.pl\/\",\"name\":\"Darpol Bydgoszcz\",\"description\":\"\",\"potentialAction\":[{\"@type\":\"SearchAction\",\"target\":{\"@type\":\"EntryPoint\",\"urlTemplate\":\"https:\/\/darpol.bydgoszcz.pl\/?s={search_term_string}\"},\"query-input\":\"required name=search_term_string\"}],\"inLanguage\":\"ru-RU\"}]}<\/script>\n<!-- \/ Yoast SEO plugin. -->","yoast_head_json":{"title":"\u0414\u0440\u0430\u0439\u0432\u0435\u0440\u044b \u0438 \u0434\u0440\u0443\u0433\u0430\u044f \u044d\u043b\u0435\u043a\u0442\u0440\u043e\u043d\u0438\u043a\u0430 - \u0440\u0435\u043c\u043e\u043d\u0442 - Darpol Bydgoszcz","robots":{"index":"index","follow":"follow","max-snippet":"max-snippet:-1","max-image-preview":"max-image-preview:large","max-video-preview":"max-video-preview:-1"},"canonical":"https:\/\/darpol.bydgoszcz.pl\/ru\/predlagaet\/podvizhnoj-sostav\/dveri-zamki\/sterownik-drzwi-ife-1901\/","og_locale":"ru_RU","og_type":"article","og_title":"\u0414\u0440\u0430\u0439\u0432\u0435\u0440\u044b \u0438 \u0434\u0440\u0443\u0433\u0430\u044f \u044d\u043b\u0435\u043a\u0442\u0440\u043e\u043d\u0438\u043a\u0430 - \u0440\u0435\u043c\u043e\u043d\u0442 - Darpol Bydgoszcz","og_description":"Oferujemy skuteczn\u0105 napraw\u0119 sterownik\u00f3w oraz wielu innych podzespo\u0142\u00f3w elektronicznych stosowanych w pojazdach szynowych, m.in.: &nbsp; STEROWNIKI W zakresie sterownik\u00f3w specjalizujemy si\u0119 szczeg\u00f3lnie w naprawach sterownik\u00f3w drzwi, toalet pr\u00f3\u017cniowych, klimatyzacji, przeciwpo\u015blizgu i wy\u015bwietlaczy, np.: &nbsp; &#8211; sterownik drzwi IFE 1901, IFE PC 20-24 &#8211; sterownik g\u0142\u00f3wny TS-MK7, sterownik lokalny TS-3DA,\u00a0 Pintch Bamag (drzwi odskokowo-przesuwnych Bode) &#8211; &hellip;","og_url":"https:\/\/darpol.bydgoszcz.pl\/ru\/predlagaet\/podvizhnoj-sostav\/dveri-zamki\/sterownik-drzwi-ife-1901\/","og_site_name":"Darpol Bydgoszcz","article_modified_time":"2019-09-25T12:23:39+00:00","og_image":[{"width":448,"height":305,"url":"https:\/\/darpol.bydgoszcz.pl\/wp-content\/uploads\/STEROWNIK-DRZWI-IFE-1901-bez-t\u0142a-DARPOL.jpg","type":"image\/jpeg"}],"twitter_card":"summary_large_image","twitter_misc":{"\u041f\u0440\u0438\u043c\u0435\u0440\u043d\u043e\u0435 \u0432\u0440\u0435\u043c\u044f \u0434\u043b\u044f \u0447\u0442\u0435\u043d\u0438\u044f":"1 \u043c\u0438\u043d\u0443\u0442\u0430"},"schema":{"@context":"https:\/\/schema.org","@graph":[{"@type":"WebPage","@id":"https:\/\/darpol.bydgoszcz.pl\/ru\/predlagaet\/podvizhnoj-sostav\/dveri-zamki\/sterownik-drzwi-ife-1901\/","url":"https:\/\/darpol.bydgoszcz.pl\/ru\/predlagaet\/podvizhnoj-sostav\/dveri-zamki\/sterownik-drzwi-ife-1901\/","name":"\u0414\u0440\u0430\u0439\u0432\u0435\u0440\u044b \u0438 \u0434\u0440\u0443\u0433\u0430\u044f \u044d\u043b\u0435\u043a\u0442\u0440\u043e\u043d\u0438\u043a\u0430 - \u0440\u0435\u043c\u043e\u043d\u0442 - Darpol Bydgoszcz","isPartOf":{"@id":"https:\/\/darpol.bydgoszcz.pl\/#website"},"primaryImageOfPage":{"@id":"https:\/\/darpol.bydgoszcz.pl\/ru\/predlagaet\/podvizhnoj-sostav\/dveri-zamki\/sterownik-drzwi-ife-1901\/#primaryimage"},"image":{"@id":"https:\/\/darpol.bydgoszcz.pl\/ru\/predlagaet\/podvizhnoj-sostav\/dveri-zamki\/sterownik-drzwi-ife-1901\/#primaryimage"},"thumbnailUrl":"https:\/\/darpol.bydgoszcz.pl\/wp-content\/uploads\/STEROWNIK-DRZWI-IFE-1901-bez-t\u0142a-DARPOL.jpg","datePublished":"2019-03-19T13:06:16+00:00","dateModified":"2019-09-25T12:23:39+00:00","breadcrumb":{"@id":"https:\/\/darpol.bydgoszcz.pl\/ru\/predlagaet\/podvizhnoj-sostav\/dveri-zamki\/sterownik-drzwi-ife-1901\/#breadcrumb"},"inLanguage":"ru-RU","potentialAction":[{"@type":"ReadAction","target":["https:\/\/darpol.bydgoszcz.pl\/ru\/predlagaet\/podvizhnoj-sostav\/dveri-zamki\/sterownik-drzwi-ife-1901\/"]}]},{"@type":"ImageObject","inLanguage":"ru-RU","@id":"https:\/\/darpol.bydgoszcz.pl\/ru\/predlagaet\/podvizhnoj-sostav\/dveri-zamki\/sterownik-drzwi-ife-1901\/#primaryimage","url":"https:\/\/darpol.bydgoszcz.pl\/wp-content\/uploads\/STEROWNIK-DRZWI-IFE-1901-bez-t\u0142a-DARPOL.jpg","contentUrl":"https:\/\/darpol.bydgoszcz.pl\/wp-content\/uploads\/STEROWNIK-DRZWI-IFE-1901-bez-t\u0142a-DARPOL.jpg","width":448,"height":305},{"@type":"BreadcrumbList","@id":"https:\/\/darpol.bydgoszcz.pl\/ru\/predlagaet\/podvizhnoj-sostav\/dveri-zamki\/sterownik-drzwi-ife-1901\/#breadcrumb","itemListElement":[{"@type":"ListItem","position":1,"name":"Strona g\u0142\u00f3wna","item":"https:\/\/darpol.bydgoszcz.pl\/ru\/"},{"@type":"ListItem","position":2,"name":"Oferta","item":"https:\/\/darpol.bydgoszcz.pl\/oferta\/"},{"@type":"ListItem","position":3,"name":"\u0414\u0440\u0430\u0439\u0432\u0435\u0440\u044b \u0438 \u0434\u0440\u0443\u0433\u0430\u044f \u044d\u043b\u0435\u043a\u0442\u0440\u043e\u043d\u0438\u043a\u0430 &#8211; \u0440\u0435\u043c\u043e\u043d\u0442"}]},{"@type":"WebSite","@id":"https:\/\/darpol.bydgoszcz.pl\/#website","url":"https:\/\/darpol.bydgoszcz.pl\/","name":"Darpol Bydgoszcz","description":"","potentialAction":[{"@type":"SearchAction","target":{"@type":"EntryPoint","urlTemplate":"https:\/\/darpol.bydgoszcz.pl\/?s={search_term_string}"},"query-input":"required name=search_term_string"}],"inLanguage":"ru-RU"}]}},"_links":{"self":[{"href":"https:\/\/darpol.bydgoszcz.pl\/ru\/wp-json\/wp\/v2\/product\/53784","targetHints":{"allow":["GET"]}}],"collection":[{"href":"https:\/\/darpol.bydgoszcz.pl\/ru\/wp-json\/wp\/v2\/product"}],"about":[{"href":"https:\/\/darpol.bydgoszcz.pl\/ru\/wp-json\/wp\/v2\/types\/product"}],"wp:featuredmedia":[{"embeddable":true,"href":"https:\/\/darpol.bydgoszcz.pl\/ru\/wp-json\/wp\/v2\/media\/52613"}],"wp:attachment":[{"href":"https:\/\/darpol.bydgoszcz.pl\/ru\/wp-json\/wp\/v2\/media?parent=53784"}],"wp:term":[{"taxonomy":"product_cat","embeddable":true,"href":"https:\/\/darpol.bydgoszcz.pl\/ru\/wp-json\/wp\/v2\/product_cat?post=53784"},{"taxonomy":"product_tag","embeddable":true,"href":"https:\/\/darpol.bydgoszcz.pl\/ru\/wp-json\/wp\/v2\/product_tag?post=53784"}],"curies":[{"name":"wp","href":"https:\/\/api.w.org\/{rel}","templated":true}]}}