{"id":53752,"date":"2018-07-30T15:19:30","date_gmt":"2018-07-30T13:19:30","guid":{"rendered":"https:\/\/darpol.bydgoszcz.pl\/offer\/\u0431\u0435\u0437%20\u0440\u0443\u0431\u0440\u0438\u043a\u0438\/smietniczka-z-raczka-dl-o-13-009-01\/"},"modified":"2018-10-29T12:20:33","modified_gmt":"2018-10-29T11:20:33","slug":"smietniczka-z-raczka-dl-o-13-009-01","status":"publish","type":"product","link":"https:\/\/darpol.bydgoszcz.pl\/ru\/predlagaet\/podvizhnoj-sostav\/elementy-interiera\/smietniczka-z-raczka-dl-o-13-009-01\/","title":{"rendered":"\u041c\u0443\u0441\u043e\u0440\u043a\u0430 c \u0440\u0443\u0447\u043a\u043e\u0439 DL-O 13 009-01"},"content":{"rendered":"<div style=\"clear:both\"><a href=\"javascript:window.print()\"><i class=\"fa fa-print\" aria-hidden=\"true\"><\/i> \u043f\u0435\u0447\u0430\u0442\u044c<\/a><\/div>","protected":false},"excerpt":{"rendered":"<p>\u043f\u0435\u0447\u0430\u0442\u044c<\/p>\n","protected":false},"featured_media":53718,"template":"","meta":{"om_disable_all_campaigns":false,"_monsterinsights_skip_tracking":false,"_monsterinsights_sitenote_active":false,"_monsterinsights_sitenote_note":"","_monsterinsights_sitenote_category":0,"_uf_show_specific_survey":0,"_uf_disable_surveys":false},"product_cat":[311,341,335],"product_tag":[3285,3815,3306,3316,3819,3703,3813],"class_list":{"0":"post-53752","1":"product","2":"type-product","3":"status-publish","4":"has-post-thumbnail","6":"product_cat-elementy-interiera","7":"product_cat-passazhirskie-vagony","8":"product_cat-elektrodizelpoezda","9":"product_tag-autobus-szynowy-ru","10":"product_tag-dl-o-13-009-01-ru","11":"product_tag-emu-ru","12":"product_tag-osobowe-ru","13":"product_tag-raczka-ru","14":"product_tag-smietniczka-ru","15":"product_tag-wnetrze-ru","17":"first","18":"onbackorder","19":"shipping-taxable","20":"product-type-simple"},"yoast_head":"<!-- This site is optimized with the Yoast SEO plugin v23.0 - https:\/\/yoast.com\/wordpress\/plugins\/seo\/ -->\n<title>\u041c\u0443\u0441\u043e\u0440\u043a\u0430 c \u0440\u0443\u0447\u043a\u043e\u0439 DL-O 13 009-01 - Darpol Bydgoszcz<\/title>\n<meta name=\"robots\" content=\"index, follow, max-snippet:-1, max-image-preview:large, max-video-preview:-1\" \/>\n<link rel=\"canonical\" href=\"https:\/\/darpol.bydgoszcz.pl\/ru\/predlagaet\/podvizhnoj-sostav\/elementy-interiera\/smietniczka-z-raczka-dl-o-13-009-01\/\" \/>\n<meta property=\"og:locale\" content=\"ru_RU\" \/>\n<meta property=\"og:type\" content=\"article\" \/>\n<meta property=\"og:title\" content=\"\u041c\u0443\u0441\u043e\u0440\u043a\u0430 c \u0440\u0443\u0447\u043a\u043e\u0439 DL-O 13 009-01 - Darpol Bydgoszcz\" \/>\n<meta property=\"og:description\" content=\"\u043f\u0435\u0447\u0430\u0442\u044c\" \/>\n<meta property=\"og:url\" content=\"https:\/\/darpol.bydgoszcz.pl\/ru\/predlagaet\/podvizhnoj-sostav\/elementy-interiera\/smietniczka-z-raczka-dl-o-13-009-01\/\" \/>\n<meta property=\"og:site_name\" content=\"Darpol Bydgoszcz\" \/>\n<meta property=\"article:modified_time\" content=\"2018-10-29T11:20:33+00:00\" \/>\n<meta property=\"og:image\" content=\"https:\/\/darpol.bydgoszcz.pl\/wp-content\/uploads\/\u015bmietniczka-z-pa\u0142\u0105kiem-DL-O-13-009-01-wyciety-skompres.jpg\" \/>\n\t<meta property=\"og:image:width\" content=\"336\" \/>\n\t<meta property=\"og:image:height\" content=\"446\" \/>\n\t<meta property=\"og:image:type\" content=\"image\/jpeg\" \/>\n<meta name=\"twitter:card\" content=\"summary_large_image\" \/>\n<script type=\"application\/ld+json\" class=\"yoast-schema-graph\">{\"@context\":\"https:\/\/schema.org\",\"@graph\":[{\"@type\":\"WebPage\",\"@id\":\"https:\/\/darpol.bydgoszcz.pl\/ru\/predlagaet\/podvizhnoj-sostav\/elementy-interiera\/smietniczka-z-raczka-dl-o-13-009-01\/\",\"url\":\"https:\/\/darpol.bydgoszcz.pl\/ru\/predlagaet\/podvizhnoj-sostav\/elementy-interiera\/smietniczka-z-raczka-dl-o-13-009-01\/\",\"name\":\"\u041c\u0443\u0441\u043e\u0440\u043a\u0430 c \u0440\u0443\u0447\u043a\u043e\u0439 DL-O 13 009-01 - Darpol Bydgoszcz\",\"isPartOf\":{\"@id\":\"https:\/\/darpol.bydgoszcz.pl\/#website\"},\"primaryImageOfPage\":{\"@id\":\"https:\/\/darpol.bydgoszcz.pl\/ru\/predlagaet\/podvizhnoj-sostav\/elementy-interiera\/smietniczka-z-raczka-dl-o-13-009-01\/#primaryimage\"},\"image\":{\"@id\":\"https:\/\/darpol.bydgoszcz.pl\/ru\/predlagaet\/podvizhnoj-sostav\/elementy-interiera\/smietniczka-z-raczka-dl-o-13-009-01\/#primaryimage\"},\"thumbnailUrl\":\"https:\/\/darpol.bydgoszcz.pl\/wp-content\/uploads\/\u015bmietniczka-z-pa\u0142\u0105kiem-DL-O-13-009-01-wyciety-skompres.jpg\",\"datePublished\":\"2018-07-30T13:19:30+00:00\",\"dateModified\":\"2018-10-29T11:20:33+00:00\",\"breadcrumb\":{\"@id\":\"https:\/\/darpol.bydgoszcz.pl\/ru\/predlagaet\/podvizhnoj-sostav\/elementy-interiera\/smietniczka-z-raczka-dl-o-13-009-01\/#breadcrumb\"},\"inLanguage\":\"ru-RU\",\"potentialAction\":[{\"@type\":\"ReadAction\",\"target\":[\"https:\/\/darpol.bydgoszcz.pl\/ru\/predlagaet\/podvizhnoj-sostav\/elementy-interiera\/smietniczka-z-raczka-dl-o-13-009-01\/\"]}]},{\"@type\":\"ImageObject\",\"inLanguage\":\"ru-RU\",\"@id\":\"https:\/\/darpol.bydgoszcz.pl\/ru\/predlagaet\/podvizhnoj-sostav\/elementy-interiera\/smietniczka-z-raczka-dl-o-13-009-01\/#primaryimage\",\"url\":\"https:\/\/darpol.bydgoszcz.pl\/wp-content\/uploads\/\u015bmietniczka-z-pa\u0142\u0105kiem-DL-O-13-009-01-wyciety-skompres.jpg\",\"contentUrl\":\"https:\/\/darpol.bydgoszcz.pl\/wp-content\/uploads\/\u015bmietniczka-z-pa\u0142\u0105kiem-DL-O-13-009-01-wyciety-skompres.jpg\",\"width\":336,\"height\":446},{\"@type\":\"BreadcrumbList\",\"@id\":\"https:\/\/darpol.bydgoszcz.pl\/ru\/predlagaet\/podvizhnoj-sostav\/elementy-interiera\/smietniczka-z-raczka-dl-o-13-009-01\/#breadcrumb\",\"itemListElement\":[{\"@type\":\"ListItem\",\"position\":1,\"name\":\"Strona g\u0142\u00f3wna\",\"item\":\"https:\/\/darpol.bydgoszcz.pl\/ru\/\"},{\"@type\":\"ListItem\",\"position\":2,\"name\":\"Oferta\",\"item\":\"https:\/\/darpol.bydgoszcz.pl\/oferta\/\"},{\"@type\":\"ListItem\",\"position\":3,\"name\":\"\u041c\u0443\u0441\u043e\u0440\u043a\u0430 c \u0440\u0443\u0447\u043a\u043e\u0439 DL-O 13 009-01\"}]},{\"@type\":\"WebSite\",\"@id\":\"https:\/\/darpol.bydgoszcz.pl\/#website\",\"url\":\"https:\/\/darpol.bydgoszcz.pl\/\",\"name\":\"Darpol Bydgoszcz\",\"description\":\"\",\"potentialAction\":[{\"@type\":\"SearchAction\",\"target\":{\"@type\":\"EntryPoint\",\"urlTemplate\":\"https:\/\/darpol.bydgoszcz.pl\/?s={search_term_string}\"},\"query-input\":\"required name=search_term_string\"}],\"inLanguage\":\"ru-RU\"}]}<\/script>\n<!-- \/ Yoast SEO plugin. -->","yoast_head_json":{"title":"\u041c\u0443\u0441\u043e\u0440\u043a\u0430 c \u0440\u0443\u0447\u043a\u043e\u0439 DL-O 13 009-01 - Darpol Bydgoszcz","robots":{"index":"index","follow":"follow","max-snippet":"max-snippet:-1","max-image-preview":"max-image-preview:large","max-video-preview":"max-video-preview:-1"},"canonical":"https:\/\/darpol.bydgoszcz.pl\/ru\/predlagaet\/podvizhnoj-sostav\/elementy-interiera\/smietniczka-z-raczka-dl-o-13-009-01\/","og_locale":"ru_RU","og_type":"article","og_title":"\u041c\u0443\u0441\u043e\u0440\u043a\u0430 c \u0440\u0443\u0447\u043a\u043e\u0439 DL-O 13 009-01 - Darpol Bydgoszcz","og_description":"\u043f\u0435\u0447\u0430\u0442\u044c","og_url":"https:\/\/darpol.bydgoszcz.pl\/ru\/predlagaet\/podvizhnoj-sostav\/elementy-interiera\/smietniczka-z-raczka-dl-o-13-009-01\/","og_site_name":"Darpol Bydgoszcz","article_modified_time":"2018-10-29T11:20:33+00:00","og_image":[{"width":336,"height":446,"url":"https:\/\/darpol.bydgoszcz.pl\/wp-content\/uploads\/\u015bmietniczka-z-pa\u0142\u0105kiem-DL-O-13-009-01-wyciety-skompres.jpg","type":"image\/jpeg"}],"twitter_card":"summary_large_image","schema":{"@context":"https:\/\/schema.org","@graph":[{"@type":"WebPage","@id":"https:\/\/darpol.bydgoszcz.pl\/ru\/predlagaet\/podvizhnoj-sostav\/elementy-interiera\/smietniczka-z-raczka-dl-o-13-009-01\/","url":"https:\/\/darpol.bydgoszcz.pl\/ru\/predlagaet\/podvizhnoj-sostav\/elementy-interiera\/smietniczka-z-raczka-dl-o-13-009-01\/","name":"\u041c\u0443\u0441\u043e\u0440\u043a\u0430 c \u0440\u0443\u0447\u043a\u043e\u0439 DL-O 13 009-01 - Darpol Bydgoszcz","isPartOf":{"@id":"https:\/\/darpol.bydgoszcz.pl\/#website"},"primaryImageOfPage":{"@id":"https:\/\/darpol.bydgoszcz.pl\/ru\/predlagaet\/podvizhnoj-sostav\/elementy-interiera\/smietniczka-z-raczka-dl-o-13-009-01\/#primaryimage"},"image":{"@id":"https:\/\/darpol.bydgoszcz.pl\/ru\/predlagaet\/podvizhnoj-sostav\/elementy-interiera\/smietniczka-z-raczka-dl-o-13-009-01\/#primaryimage"},"thumbnailUrl":"https:\/\/darpol.bydgoszcz.pl\/wp-content\/uploads\/\u015bmietniczka-z-pa\u0142\u0105kiem-DL-O-13-009-01-wyciety-skompres.jpg","datePublished":"2018-07-30T13:19:30+00:00","dateModified":"2018-10-29T11:20:33+00:00","breadcrumb":{"@id":"https:\/\/darpol.bydgoszcz.pl\/ru\/predlagaet\/podvizhnoj-sostav\/elementy-interiera\/smietniczka-z-raczka-dl-o-13-009-01\/#breadcrumb"},"inLanguage":"ru-RU","potentialAction":[{"@type":"ReadAction","target":["https:\/\/darpol.bydgoszcz.pl\/ru\/predlagaet\/podvizhnoj-sostav\/elementy-interiera\/smietniczka-z-raczka-dl-o-13-009-01\/"]}]},{"@type":"ImageObject","inLanguage":"ru-RU","@id":"https:\/\/darpol.bydgoszcz.pl\/ru\/predlagaet\/podvizhnoj-sostav\/elementy-interiera\/smietniczka-z-raczka-dl-o-13-009-01\/#primaryimage","url":"https:\/\/darpol.bydgoszcz.pl\/wp-content\/uploads\/\u015bmietniczka-z-pa\u0142\u0105kiem-DL-O-13-009-01-wyciety-skompres.jpg","contentUrl":"https:\/\/darpol.bydgoszcz.pl\/wp-content\/uploads\/\u015bmietniczka-z-pa\u0142\u0105kiem-DL-O-13-009-01-wyciety-skompres.jpg","width":336,"height":446},{"@type":"BreadcrumbList","@id":"https:\/\/darpol.bydgoszcz.pl\/ru\/predlagaet\/podvizhnoj-sostav\/elementy-interiera\/smietniczka-z-raczka-dl-o-13-009-01\/#breadcrumb","itemListElement":[{"@type":"ListItem","position":1,"name":"Strona g\u0142\u00f3wna","item":"https:\/\/darpol.bydgoszcz.pl\/ru\/"},{"@type":"ListItem","position":2,"name":"Oferta","item":"https:\/\/darpol.bydgoszcz.pl\/oferta\/"},{"@type":"ListItem","position":3,"name":"\u041c\u0443\u0441\u043e\u0440\u043a\u0430 c \u0440\u0443\u0447\u043a\u043e\u0439 DL-O 13 009-01"}]},{"@type":"WebSite","@id":"https:\/\/darpol.bydgoszcz.pl\/#website","url":"https:\/\/darpol.bydgoszcz.pl\/","name":"Darpol Bydgoszcz","description":"","potentialAction":[{"@type":"SearchAction","target":{"@type":"EntryPoint","urlTemplate":"https:\/\/darpol.bydgoszcz.pl\/?s={search_term_string}"},"query-input":"required name=search_term_string"}],"inLanguage":"ru-RU"}]}},"_links":{"self":[{"href":"https:\/\/darpol.bydgoszcz.pl\/ru\/wp-json\/wp\/v2\/product\/53752","targetHints":{"allow":["GET"]}}],"collection":[{"href":"https:\/\/darpol.bydgoszcz.pl\/ru\/wp-json\/wp\/v2\/product"}],"about":[{"href":"https:\/\/darpol.bydgoszcz.pl\/ru\/wp-json\/wp\/v2\/types\/product"}],"wp:featuredmedia":[{"embeddable":true,"href":"https:\/\/darpol.bydgoszcz.pl\/ru\/wp-json\/wp\/v2\/media\/53718"}],"wp:attachment":[{"href":"https:\/\/darpol.bydgoszcz.pl\/ru\/wp-json\/wp\/v2\/media?parent=53752"}],"wp:term":[{"taxonomy":"product_cat","embeddable":true,"href":"https:\/\/darpol.bydgoszcz.pl\/ru\/wp-json\/wp\/v2\/product_cat?post=53752"},{"taxonomy":"product_tag","embeddable":true,"href":"https:\/\/darpol.bydgoszcz.pl\/ru\/wp-json\/wp\/v2\/product_tag?post=53752"}],"curies":[{"name":"wp","href":"https:\/\/api.w.org\/{rel}","templated":true}]}}