{"id":53672,"date":"2018-07-20T12:10:03","date_gmt":"2018-07-20T10:10:03","guid":{"rendered":"https:\/\/darpol.bydgoszcz.pl\/?post_type=product&#038;p=53672"},"modified":"2018-07-23T15:01:29","modified_gmt":"2018-07-23T13:01:29","slug":"%d0%b1%d0%be%d0%bb%d1%82-%d0%b7%d0%b0%d0%bc%d0%ba%d0%b0-%d1%82%d0%b8%d0%bf-b-%d0%bd%d0%b0-%d0%ba%d0%b2%d0%b0%d0%b4%d1%80%d0%b0%d1%82-%d0%bf%d0%be%d0%b4-%d0%b2%d0%b8%d0%bd%d1%82-m5-dl-16-069-00","status":"publish","type":"product","link":"https:\/\/darpol.bydgoszcz.pl\/ru\/predlagaet\/podvizhnoj-sostav\/dveri-zamki\/%d0%b1%d0%be%d0%bb%d1%82-%d0%b7%d0%b0%d0%bc%d0%ba%d0%b0-%d1%82%d0%b8%d0%bf-b-%d0%bd%d0%b0-%d0%ba%d0%b2%d0%b0%d0%b4%d1%80%d0%b0%d1%82-%d0%bf%d0%be%d0%b4-%d0%b2%d0%b8%d0%bd%d1%82-m5-dl-16-069-00\/","title":{"rendered":"\u0411\u043e\u043b\u0442 \u0437\u0430\u043c\u043a\u0430 \u0442\u0438\u043f B \u043d\u0430 \u043a\u0432\u0430\u0434\u0440\u0430\u0442 \u043f\u043e\u0434 \u0432\u0438\u043d\u0442 M5  DL-16-069-00"},"content":{"rendered":"<div style=\"clear:both\"><a href=\"javascript:window.print()\"><i class=\"fa fa-print\" aria-hidden=\"true\"><\/i> \u043f\u0435\u0447\u0430\u0442\u044c<\/a><\/div>","protected":false},"excerpt":{"rendered":"<p>\u043f\u0435\u0447\u0430\u0442\u044c<\/p>\n","protected":false},"featured_media":53655,"template":"","meta":{"om_disable_all_campaigns":false,"_monsterinsights_skip_tracking":false,"_monsterinsights_sitenote_active":false,"_monsterinsights_sitenote_note":"","_monsterinsights_sitenote_category":0,"_uf_show_specific_survey":0,"_uf_disable_surveys":false},"product_cat":[294,341],"product_tag":[3762,3316,3763,3764,3765,3277],"class_list":{"0":"post-53672","1":"product","2":"type-product","3":"status-publish","4":"has-post-thumbnail","6":"product_cat-dveri-zamki","7":"product_cat-passazhirskie-vagony","8":"product_tag-dl-16-069-00-ru","9":"product_tag-osobowe-ru","10":"product_tag-pod-srube-ru","11":"product_tag-sworzen-ru","12":"product_tag-trzpien-ru","13":"product_tag-zamek-ru","15":"first","16":"onbackorder","17":"shipping-taxable","18":"product-type-simple"},"yoast_head":"<!-- This site is optimized with the Yoast SEO plugin v23.0 - https:\/\/yoast.com\/wordpress\/plugins\/seo\/ -->\n<title>\u0411\u043e\u043b\u0442 \u0437\u0430\u043c\u043a\u0430 \u0442\u0438\u043f B \u043d\u0430 \u043a\u0432\u0430\u0434\u0440\u0430\u0442 \u043f\u043e\u0434 \u0432\u0438\u043d\u0442 M5 DL-16-069-00 - Darpol Bydgoszcz<\/title>\n<meta name=\"robots\" content=\"index, follow, max-snippet:-1, max-image-preview:large, max-video-preview:-1\" \/>\n<link rel=\"canonical\" href=\"https:\/\/darpol.bydgoszcz.pl\/ru\/predlagaet\/podvizhnoj-sostav\/dveri-zamki\/\u0431\u043e\u043b\u0442-\u0437\u0430\u043c\u043a\u0430-\u0442\u0438\u043f-b-\u043d\u0430-\u043a\u0432\u0430\u0434\u0440\u0430\u0442-\u043f\u043e\u0434-\u0432\u0438\u043d\u0442-m5-dl-16-069-00\/\" \/>\n<meta property=\"og:locale\" content=\"ru_RU\" \/>\n<meta property=\"og:type\" content=\"article\" \/>\n<meta property=\"og:title\" content=\"\u0411\u043e\u043b\u0442 \u0437\u0430\u043c\u043a\u0430 \u0442\u0438\u043f B \u043d\u0430 \u043a\u0432\u0430\u0434\u0440\u0430\u0442 \u043f\u043e\u0434 \u0432\u0438\u043d\u0442 M5 DL-16-069-00 - Darpol Bydgoszcz\" \/>\n<meta property=\"og:description\" content=\"\u043f\u0435\u0447\u0430\u0442\u044c\" \/>\n<meta property=\"og:url\" content=\"https:\/\/darpol.bydgoszcz.pl\/ru\/predlagaet\/podvizhnoj-sostav\/dveri-zamki\/\u0431\u043e\u043b\u0442-\u0437\u0430\u043c\u043a\u0430-\u0442\u0438\u043f-b-\u043d\u0430-\u043a\u0432\u0430\u0434\u0440\u0430\u0442-\u043f\u043e\u0434-\u0432\u0438\u043d\u0442-m5-dl-16-069-00\/\" \/>\n<meta property=\"og:site_name\" content=\"Darpol Bydgoszcz\" \/>\n<meta property=\"article:modified_time\" content=\"2018-07-23T13:01:29+00:00\" \/>\n<meta property=\"og:image\" content=\"https:\/\/darpol.bydgoszcz.pl\/wp-content\/uploads\/Trzpie\u0144-zamka-typ-B-pod-\u015brub\u0119-M5-DL-16-069-00-napis.png\" \/>\n\t<meta property=\"og:image:width\" content=\"580\" \/>\n\t<meta property=\"og:image:height\" content=\"435\" \/>\n\t<meta property=\"og:image:type\" content=\"image\/png\" \/>\n<meta name=\"twitter:card\" content=\"summary_large_image\" \/>\n<script type=\"application\/ld+json\" class=\"yoast-schema-graph\">{\"@context\":\"https:\/\/schema.org\",\"@graph\":[{\"@type\":\"WebPage\",\"@id\":\"https:\/\/darpol.bydgoszcz.pl\/ru\/predlagaet\/podvizhnoj-sostav\/dveri-zamki\/%d0%b1%d0%be%d0%bb%d1%82-%d0%b7%d0%b0%d0%bc%d0%ba%d0%b0-%d1%82%d0%b8%d0%bf-b-%d0%bd%d0%b0-%d0%ba%d0%b2%d0%b0%d0%b4%d1%80%d0%b0%d1%82-%d0%bf%d0%be%d0%b4-%d0%b2%d0%b8%d0%bd%d1%82-m5-dl-16-069-00\/\",\"url\":\"https:\/\/darpol.bydgoszcz.pl\/ru\/predlagaet\/podvizhnoj-sostav\/dveri-zamki\/%d0%b1%d0%be%d0%bb%d1%82-%d0%b7%d0%b0%d0%bc%d0%ba%d0%b0-%d1%82%d0%b8%d0%bf-b-%d0%bd%d0%b0-%d0%ba%d0%b2%d0%b0%d0%b4%d1%80%d0%b0%d1%82-%d0%bf%d0%be%d0%b4-%d0%b2%d0%b8%d0%bd%d1%82-m5-dl-16-069-00\/\",\"name\":\"\u0411\u043e\u043b\u0442 \u0437\u0430\u043c\u043a\u0430 \u0442\u0438\u043f B \u043d\u0430 \u043a\u0432\u0430\u0434\u0440\u0430\u0442 \u043f\u043e\u0434 \u0432\u0438\u043d\u0442 M5 DL-16-069-00 - Darpol Bydgoszcz\",\"isPartOf\":{\"@id\":\"https:\/\/darpol.bydgoszcz.pl\/#website\"},\"primaryImageOfPage\":{\"@id\":\"https:\/\/darpol.bydgoszcz.pl\/ru\/predlagaet\/podvizhnoj-sostav\/dveri-zamki\/%d0%b1%d0%be%d0%bb%d1%82-%d0%b7%d0%b0%d0%bc%d0%ba%d0%b0-%d1%82%d0%b8%d0%bf-b-%d0%bd%d0%b0-%d0%ba%d0%b2%d0%b0%d0%b4%d1%80%d0%b0%d1%82-%d0%bf%d0%be%d0%b4-%d0%b2%d0%b8%d0%bd%d1%82-m5-dl-16-069-00\/#primaryimage\"},\"image\":{\"@id\":\"https:\/\/darpol.bydgoszcz.pl\/ru\/predlagaet\/podvizhnoj-sostav\/dveri-zamki\/%d0%b1%d0%be%d0%bb%d1%82-%d0%b7%d0%b0%d0%bc%d0%ba%d0%b0-%d1%82%d0%b8%d0%bf-b-%d0%bd%d0%b0-%d0%ba%d0%b2%d0%b0%d0%b4%d1%80%d0%b0%d1%82-%d0%bf%d0%be%d0%b4-%d0%b2%d0%b8%d0%bd%d1%82-m5-dl-16-069-00\/#primaryimage\"},\"thumbnailUrl\":\"https:\/\/darpol.bydgoszcz.pl\/wp-content\/uploads\/Trzpie\u0144-zamka-typ-B-pod-\u015brub\u0119-M5-DL-16-069-00-napis.png\",\"datePublished\":\"2018-07-20T10:10:03+00:00\",\"dateModified\":\"2018-07-23T13:01:29+00:00\",\"breadcrumb\":{\"@id\":\"https:\/\/darpol.bydgoszcz.pl\/ru\/predlagaet\/podvizhnoj-sostav\/dveri-zamki\/%d0%b1%d0%be%d0%bb%d1%82-%d0%b7%d0%b0%d0%bc%d0%ba%d0%b0-%d1%82%d0%b8%d0%bf-b-%d0%bd%d0%b0-%d0%ba%d0%b2%d0%b0%d0%b4%d1%80%d0%b0%d1%82-%d0%bf%d0%be%d0%b4-%d0%b2%d0%b8%d0%bd%d1%82-m5-dl-16-069-00\/#breadcrumb\"},\"inLanguage\":\"ru-RU\",\"potentialAction\":[{\"@type\":\"ReadAction\",\"target\":[\"https:\/\/darpol.bydgoszcz.pl\/ru\/predlagaet\/podvizhnoj-sostav\/dveri-zamki\/%d0%b1%d0%be%d0%bb%d1%82-%d0%b7%d0%b0%d0%bc%d0%ba%d0%b0-%d1%82%d0%b8%d0%bf-b-%d0%bd%d0%b0-%d0%ba%d0%b2%d0%b0%d0%b4%d1%80%d0%b0%d1%82-%d0%bf%d0%be%d0%b4-%d0%b2%d0%b8%d0%bd%d1%82-m5-dl-16-069-00\/\"]}]},{\"@type\":\"ImageObject\",\"inLanguage\":\"ru-RU\",\"@id\":\"https:\/\/darpol.bydgoszcz.pl\/ru\/predlagaet\/podvizhnoj-sostav\/dveri-zamki\/%d0%b1%d0%be%d0%bb%d1%82-%d0%b7%d0%b0%d0%bc%d0%ba%d0%b0-%d1%82%d0%b8%d0%bf-b-%d0%bd%d0%b0-%d0%ba%d0%b2%d0%b0%d0%b4%d1%80%d0%b0%d1%82-%d0%bf%d0%be%d0%b4-%d0%b2%d0%b8%d0%bd%d1%82-m5-dl-16-069-00\/#primaryimage\",\"url\":\"https:\/\/darpol.bydgoszcz.pl\/wp-content\/uploads\/Trzpie\u0144-zamka-typ-B-pod-\u015brub\u0119-M5-DL-16-069-00-napis.png\",\"contentUrl\":\"https:\/\/darpol.bydgoszcz.pl\/wp-content\/uploads\/Trzpie\u0144-zamka-typ-B-pod-\u015brub\u0119-M5-DL-16-069-00-napis.png\",\"width\":580,\"height\":435},{\"@type\":\"BreadcrumbList\",\"@id\":\"https:\/\/darpol.bydgoszcz.pl\/ru\/predlagaet\/podvizhnoj-sostav\/dveri-zamki\/%d0%b1%d0%be%d0%bb%d1%82-%d0%b7%d0%b0%d0%bc%d0%ba%d0%b0-%d1%82%d0%b8%d0%bf-b-%d0%bd%d0%b0-%d0%ba%d0%b2%d0%b0%d0%b4%d1%80%d0%b0%d1%82-%d0%bf%d0%be%d0%b4-%d0%b2%d0%b8%d0%bd%d1%82-m5-dl-16-069-00\/#breadcrumb\",\"itemListElement\":[{\"@type\":\"ListItem\",\"position\":1,\"name\":\"Strona g\u0142\u00f3wna\",\"item\":\"https:\/\/darpol.bydgoszcz.pl\/ru\/\"},{\"@type\":\"ListItem\",\"position\":2,\"name\":\"Oferta\",\"item\":\"https:\/\/darpol.bydgoszcz.pl\/oferta\/\"},{\"@type\":\"ListItem\",\"position\":3,\"name\":\"\u0411\u043e\u043b\u0442 \u0437\u0430\u043c\u043a\u0430 \u0442\u0438\u043f B \u043d\u0430 \u043a\u0432\u0430\u0434\u0440\u0430\u0442 \u043f\u043e\u0434 \u0432\u0438\u043d\u0442 M5 DL-16-069-00\"}]},{\"@type\":\"WebSite\",\"@id\":\"https:\/\/darpol.bydgoszcz.pl\/#website\",\"url\":\"https:\/\/darpol.bydgoszcz.pl\/\",\"name\":\"Darpol Bydgoszcz\",\"description\":\"\",\"potentialAction\":[{\"@type\":\"SearchAction\",\"target\":{\"@type\":\"EntryPoint\",\"urlTemplate\":\"https:\/\/darpol.bydgoszcz.pl\/?s={search_term_string}\"},\"query-input\":\"required name=search_term_string\"}],\"inLanguage\":\"ru-RU\"}]}<\/script>\n<!-- \/ Yoast SEO plugin. -->","yoast_head_json":{"title":"\u0411\u043e\u043b\u0442 \u0437\u0430\u043c\u043a\u0430 \u0442\u0438\u043f B \u043d\u0430 \u043a\u0432\u0430\u0434\u0440\u0430\u0442 \u043f\u043e\u0434 \u0432\u0438\u043d\u0442 M5 DL-16-069-00 - Darpol Bydgoszcz","robots":{"index":"index","follow":"follow","max-snippet":"max-snippet:-1","max-image-preview":"max-image-preview:large","max-video-preview":"max-video-preview:-1"},"canonical":"https:\/\/darpol.bydgoszcz.pl\/ru\/predlagaet\/podvizhnoj-sostav\/dveri-zamki\/\u0431\u043e\u043b\u0442-\u0437\u0430\u043c\u043a\u0430-\u0442\u0438\u043f-b-\u043d\u0430-\u043a\u0432\u0430\u0434\u0440\u0430\u0442-\u043f\u043e\u0434-\u0432\u0438\u043d\u0442-m5-dl-16-069-00\/","og_locale":"ru_RU","og_type":"article","og_title":"\u0411\u043e\u043b\u0442 \u0437\u0430\u043c\u043a\u0430 \u0442\u0438\u043f B \u043d\u0430 \u043a\u0432\u0430\u0434\u0440\u0430\u0442 \u043f\u043e\u0434 \u0432\u0438\u043d\u0442 M5 DL-16-069-00 - Darpol Bydgoszcz","og_description":"\u043f\u0435\u0447\u0430\u0442\u044c","og_url":"https:\/\/darpol.bydgoszcz.pl\/ru\/predlagaet\/podvizhnoj-sostav\/dveri-zamki\/\u0431\u043e\u043b\u0442-\u0437\u0430\u043c\u043a\u0430-\u0442\u0438\u043f-b-\u043d\u0430-\u043a\u0432\u0430\u0434\u0440\u0430\u0442-\u043f\u043e\u0434-\u0432\u0438\u043d\u0442-m5-dl-16-069-00\/","og_site_name":"Darpol Bydgoszcz","article_modified_time":"2018-07-23T13:01:29+00:00","og_image":[{"width":580,"height":435,"url":"https:\/\/darpol.bydgoszcz.pl\/wp-content\/uploads\/Trzpie\u0144-zamka-typ-B-pod-\u015brub\u0119-M5-DL-16-069-00-napis.png","type":"image\/png"}],"twitter_card":"summary_large_image","schema":{"@context":"https:\/\/schema.org","@graph":[{"@type":"WebPage","@id":"https:\/\/darpol.bydgoszcz.pl\/ru\/predlagaet\/podvizhnoj-sostav\/dveri-zamki\/%d0%b1%d0%be%d0%bb%d1%82-%d0%b7%d0%b0%d0%bc%d0%ba%d0%b0-%d1%82%d0%b8%d0%bf-b-%d0%bd%d0%b0-%d0%ba%d0%b2%d0%b0%d0%b4%d1%80%d0%b0%d1%82-%d0%bf%d0%be%d0%b4-%d0%b2%d0%b8%d0%bd%d1%82-m5-dl-16-069-00\/","url":"https:\/\/darpol.bydgoszcz.pl\/ru\/predlagaet\/podvizhnoj-sostav\/dveri-zamki\/%d0%b1%d0%be%d0%bb%d1%82-%d0%b7%d0%b0%d0%bc%d0%ba%d0%b0-%d1%82%d0%b8%d0%bf-b-%d0%bd%d0%b0-%d0%ba%d0%b2%d0%b0%d0%b4%d1%80%d0%b0%d1%82-%d0%bf%d0%be%d0%b4-%d0%b2%d0%b8%d0%bd%d1%82-m5-dl-16-069-00\/","name":"\u0411\u043e\u043b\u0442 \u0437\u0430\u043c\u043a\u0430 \u0442\u0438\u043f B \u043d\u0430 \u043a\u0432\u0430\u0434\u0440\u0430\u0442 \u043f\u043e\u0434 \u0432\u0438\u043d\u0442 M5 DL-16-069-00 - Darpol Bydgoszcz","isPartOf":{"@id":"https:\/\/darpol.bydgoszcz.pl\/#website"},"primaryImageOfPage":{"@id":"https:\/\/darpol.bydgoszcz.pl\/ru\/predlagaet\/podvizhnoj-sostav\/dveri-zamki\/%d0%b1%d0%be%d0%bb%d1%82-%d0%b7%d0%b0%d0%bc%d0%ba%d0%b0-%d1%82%d0%b8%d0%bf-b-%d0%bd%d0%b0-%d0%ba%d0%b2%d0%b0%d0%b4%d1%80%d0%b0%d1%82-%d0%bf%d0%be%d0%b4-%d0%b2%d0%b8%d0%bd%d1%82-m5-dl-16-069-00\/#primaryimage"},"image":{"@id":"https:\/\/darpol.bydgoszcz.pl\/ru\/predlagaet\/podvizhnoj-sostav\/dveri-zamki\/%d0%b1%d0%be%d0%bb%d1%82-%d0%b7%d0%b0%d0%bc%d0%ba%d0%b0-%d1%82%d0%b8%d0%bf-b-%d0%bd%d0%b0-%d0%ba%d0%b2%d0%b0%d0%b4%d1%80%d0%b0%d1%82-%d0%bf%d0%be%d0%b4-%d0%b2%d0%b8%d0%bd%d1%82-m5-dl-16-069-00\/#primaryimage"},"thumbnailUrl":"https:\/\/darpol.bydgoszcz.pl\/wp-content\/uploads\/Trzpie\u0144-zamka-typ-B-pod-\u015brub\u0119-M5-DL-16-069-00-napis.png","datePublished":"2018-07-20T10:10:03+00:00","dateModified":"2018-07-23T13:01:29+00:00","breadcrumb":{"@id":"https:\/\/darpol.bydgoszcz.pl\/ru\/predlagaet\/podvizhnoj-sostav\/dveri-zamki\/%d0%b1%d0%be%d0%bb%d1%82-%d0%b7%d0%b0%d0%bc%d0%ba%d0%b0-%d1%82%d0%b8%d0%bf-b-%d0%bd%d0%b0-%d0%ba%d0%b2%d0%b0%d0%b4%d1%80%d0%b0%d1%82-%d0%bf%d0%be%d0%b4-%d0%b2%d0%b8%d0%bd%d1%82-m5-dl-16-069-00\/#breadcrumb"},"inLanguage":"ru-RU","potentialAction":[{"@type":"ReadAction","target":["https:\/\/darpol.bydgoszcz.pl\/ru\/predlagaet\/podvizhnoj-sostav\/dveri-zamki\/%d0%b1%d0%be%d0%bb%d1%82-%d0%b7%d0%b0%d0%bc%d0%ba%d0%b0-%d1%82%d0%b8%d0%bf-b-%d0%bd%d0%b0-%d0%ba%d0%b2%d0%b0%d0%b4%d1%80%d0%b0%d1%82-%d0%bf%d0%be%d0%b4-%d0%b2%d0%b8%d0%bd%d1%82-m5-dl-16-069-00\/"]}]},{"@type":"ImageObject","inLanguage":"ru-RU","@id":"https:\/\/darpol.bydgoszcz.pl\/ru\/predlagaet\/podvizhnoj-sostav\/dveri-zamki\/%d0%b1%d0%be%d0%bb%d1%82-%d0%b7%d0%b0%d0%bc%d0%ba%d0%b0-%d1%82%d0%b8%d0%bf-b-%d0%bd%d0%b0-%d0%ba%d0%b2%d0%b0%d0%b4%d1%80%d0%b0%d1%82-%d0%bf%d0%be%d0%b4-%d0%b2%d0%b8%d0%bd%d1%82-m5-dl-16-069-00\/#primaryimage","url":"https:\/\/darpol.bydgoszcz.pl\/wp-content\/uploads\/Trzpie\u0144-zamka-typ-B-pod-\u015brub\u0119-M5-DL-16-069-00-napis.png","contentUrl":"https:\/\/darpol.bydgoszcz.pl\/wp-content\/uploads\/Trzpie\u0144-zamka-typ-B-pod-\u015brub\u0119-M5-DL-16-069-00-napis.png","width":580,"height":435},{"@type":"BreadcrumbList","@id":"https:\/\/darpol.bydgoszcz.pl\/ru\/predlagaet\/podvizhnoj-sostav\/dveri-zamki\/%d0%b1%d0%be%d0%bb%d1%82-%d0%b7%d0%b0%d0%bc%d0%ba%d0%b0-%d1%82%d0%b8%d0%bf-b-%d0%bd%d0%b0-%d0%ba%d0%b2%d0%b0%d0%b4%d1%80%d0%b0%d1%82-%d0%bf%d0%be%d0%b4-%d0%b2%d0%b8%d0%bd%d1%82-m5-dl-16-069-00\/#breadcrumb","itemListElement":[{"@type":"ListItem","position":1,"name":"Strona g\u0142\u00f3wna","item":"https:\/\/darpol.bydgoszcz.pl\/ru\/"},{"@type":"ListItem","position":2,"name":"Oferta","item":"https:\/\/darpol.bydgoszcz.pl\/oferta\/"},{"@type":"ListItem","position":3,"name":"\u0411\u043e\u043b\u0442 \u0437\u0430\u043c\u043a\u0430 \u0442\u0438\u043f B \u043d\u0430 \u043a\u0432\u0430\u0434\u0440\u0430\u0442 \u043f\u043e\u0434 \u0432\u0438\u043d\u0442 M5 DL-16-069-00"}]},{"@type":"WebSite","@id":"https:\/\/darpol.bydgoszcz.pl\/#website","url":"https:\/\/darpol.bydgoszcz.pl\/","name":"Darpol Bydgoszcz","description":"","potentialAction":[{"@type":"SearchAction","target":{"@type":"EntryPoint","urlTemplate":"https:\/\/darpol.bydgoszcz.pl\/?s={search_term_string}"},"query-input":"required name=search_term_string"}],"inLanguage":"ru-RU"}]}},"_links":{"self":[{"href":"https:\/\/darpol.bydgoszcz.pl\/ru\/wp-json\/wp\/v2\/product\/53672","targetHints":{"allow":["GET"]}}],"collection":[{"href":"https:\/\/darpol.bydgoszcz.pl\/ru\/wp-json\/wp\/v2\/product"}],"about":[{"href":"https:\/\/darpol.bydgoszcz.pl\/ru\/wp-json\/wp\/v2\/types\/product"}],"wp:featuredmedia":[{"embeddable":true,"href":"https:\/\/darpol.bydgoszcz.pl\/ru\/wp-json\/wp\/v2\/media\/53655"}],"wp:attachment":[{"href":"https:\/\/darpol.bydgoszcz.pl\/ru\/wp-json\/wp\/v2\/media?parent=53672"}],"wp:term":[{"taxonomy":"product_cat","embeddable":true,"href":"https:\/\/darpol.bydgoszcz.pl\/ru\/wp-json\/wp\/v2\/product_cat?post=53672"},{"taxonomy":"product_tag","embeddable":true,"href":"https:\/\/darpol.bydgoszcz.pl\/ru\/wp-json\/wp\/v2\/product_tag?post=53672"}],"curies":[{"name":"wp","href":"https:\/\/api.w.org\/{rel}","templated":true}]}}