{"id":53409,"date":"2018-05-24T14:23:57","date_gmt":"2018-05-24T12:23:57","guid":{"rendered":"https:\/\/darpol.bydgoszcz.pl\/offer\/\u0431\u0435\u0437%20\u0440\u0443\u0431\u0440\u0438\u043a\u0438\/stolik-podlokietnika-typ-e-z-otworem-na-kubek-dl-13-018-20\/"},"modified":"2026-03-19T12:38:49","modified_gmt":"2026-03-19T11:38:49","slug":"stolik-podlokietnika-typ-e-z-otworem-na-kubek-dl-13-018-20","status":"publish","type":"product","link":"https:\/\/darpol.bydgoszcz.pl\/ru\/predlagaet\/podvizhnoj-sostav\/passazhirskie-vagony\/stolik-podlokietnika-typ-e-z-otworem-na-kubek-dl-13-018-20\/","title":{"rendered":"Stolik pod\u0142okietnika typ E z otworem na kubek DL-13-018-20"},"content":{"rendered":"<p>Stolik pod\u0142okietnikowy z otworem na kubek to funkcjonalne rozwi\u0105zanie zwi\u0119kszaj\u0105ce komfort pasa\u017cer\u00f3w przy jednoczesnej optymalizacji przestrzeni w wagonie. Zintegrowany z pod\u0142okietnikiem, wyposa\u017cony w specjalny otw\u00f3r na kubek lub butelk\u0119, zapewnia stabilne i bezpieczne miejsce na napoje podczas jazdy, minimalizuj\u0105c ryzyko rozlania.<\/p>\n<p>&nbsp;<\/p>\n<p><strong>Korzy\u015bci:<\/strong><br \/>\n+ Oszcz\u0119dno\u015b\u0107 przestrzeni \u2013 integracja funkcji pod\u0142okietnika i stolika<br \/>\n+ Ergonomiczna powierzchnia u\u017cytkowa \u2013 wygodne miejsce na napoje i urz\u0105dzenia mobilne<br \/>\n+ Stabilno\u015b\u0107 podczas jazdy \u2013 bezpieczne u\u017cytkowanie w ruchu<br \/>\n+ Zintegrowany uchwyt na kubek \u2013 stabilno\u015b\u0107 napoj\u00f3w podczas jazdy<\/p>\n<p>&nbsp;<\/p>\n<p><strong>Dane techniczne:<\/strong><br \/>\nMateria\u0142 blatu: Aluminium<br \/>\nPowierzchnia: malowanie proszkowe (istnieje mo\u017cliwo\u015b\u0107 dostosowania do wymaga\u0144 klienta)<br \/>\nMasa:\u00a0 kg<br \/>\nSzeroko\u015b\u0107 blatu: 84 mm<br \/>\nD\u0142ugo\u015b\u0107 blatu: 158 mm<br \/>\nWysoko\u015b\u0107: 12 mm<\/p>\n<p>&nbsp;<\/p>\n<p>Wyr\u00f3b zgodny z normami: PN-EN 45545-2,<\/p>\n<p>Zastosowanie: wagony osobowe, SZT, EZT<\/p>\n<p>&nbsp;<\/p>\n<p>W ofercie r\u00f3wnie\u017c <a href=\"https:\/\/darpol.bydgoszcz.pl\/en\/offer\/rolling-stock\/passenger-coaches\/stolik-podlokietnika-typ-e-dl-13-018-10-2\/\"><span style=\"color: #0000ff\">Stolik pod\u0142okietnikowy typ E DL-13-018-10<\/span><\/a><\/p>\n<p>&nbsp;<\/p>\n<div style=\"clear:both\"><a href=\"javascript:window.print()\"><i class=\"fa fa-print\" aria-hidden=\"true\"><\/i> \u043f\u0435\u0447\u0430\u0442\u044c<\/a><\/div>","protected":false},"excerpt":{"rendered":"<p>Stolik pod\u0142okietnikowy z otworem na kubek to funkcjonalne rozwi\u0105zanie zwi\u0119kszaj\u0105ce komfort pasa\u017cer\u00f3w przy jednoczesnej optymalizacji przestrzeni w wagonie. Zintegrowany z pod\u0142okietnikiem, wyposa\u017cony w specjalny otw\u00f3r na kubek lub butelk\u0119, zapewnia stabilne i bezpieczne miejsce na napoje podczas jazdy, minimalizuj\u0105c ryzyko rozlania. &nbsp; Korzy\u015bci: + Oszcz\u0119dno\u015b\u0107 przestrzeni \u2013 integracja funkcji pod\u0142okietnika i stolika + Ergonomiczna powierzchnia &hellip;<\/p>\n","protected":false},"featured_media":58886,"template":"","meta":{"om_disable_all_campaigns":false,"_monsterinsights_skip_tracking":false,"_monsterinsights_sitenote_active":false,"_monsterinsights_sitenote_note":"","_monsterinsights_sitenote_category":0,"_uf_show_specific_survey":0,"_uf_disable_surveys":false},"product_cat":[8379,264,341],"product_tag":[8710,3494,7837,8711,8712,7840,8713,8714,8715,8716,8717,8718,8719,8720,8721,3774,8722,8723],"class_list":{"0":"post-53409","1":"product","2":"type-product","3":"status-publish","4":"has-post-thumbnail","6":"product_cat-wyposazenie-wnetrz-pojazdow-szynowych-3-ru","7":"product_cat-podvizhnoj-sostav","8":"product_cat-passazhirskie-vagony","9":"product_tag-akcesoria-do-foteli-kolejowych-ru","10":"product_tag-darpol-ru","11":"product_tag-darpol-bydgoszcz-ru","12":"product_tag-elementy-taboru-kolejowego-ru","13":"product_tag-komfort-podrozy-koleja-ru","14":"product_tag-meble-kolejowe-ru","15":"product_tag-sklad-dalekobiezny-ru","16":"product_tag-sklad-regionalny-ru","17":"product_tag-stolik-bydgoszcz-ru","18":"product_tag-stolik-darpol-ru","19":"product_tag-stolik-pasazerski-ru","20":"product_tag-stolik-podlokietnikowy-do-wagonu-ru","21":"product_tag-stolik-podlokietnikowy-z-uchwytem-na-kubek-ru","22":"product_tag-stolik-przy-fotelu-kolejowym-ru","23":"product_tag-stoliki-darpol-ru","24":"product_tag-wagon-osobowy-ru","25":"product_tag-wyposazenie-wagonow-osobowych-ru","26":"product_tag-wyposazenie-wnetrz-pociagow-ru","28":"first","29":"onbackorder","30":"shipping-taxable","31":"product-type-simple"},"yoast_head":"<!-- This site is optimized with the Yoast SEO plugin v23.0 - https:\/\/yoast.com\/wordpress\/plugins\/seo\/ -->\n<title>Stolik pod\u0142okietnika typ E z otworem na kubek DL-13-018-20 - Darpol Bydgoszcz<\/title>\n<meta name=\"description\" content=\"Stolik pod\u0142okietnikowy z otworem na kubek \u2013 wygoda i bezpiecze\u0144stwo w podr\u00f3\u017cy. Stolik pod\u0142okietnikowy z otworem na kubek zwi\u0119ksza komfort i bezpiecze\u0144stwo podr\u00f3\u017cy, oferuj\u0105c stabilne miejsce na napoje i drobne przedmioty. Kompaktowa konstrukcja oraz trwa\u0142e materia\u0142y czyni\u0105 go idealnym rozwi\u0105zaniem dla nowoczesnych wn\u0119trz kolejowych.\" \/>\n<meta name=\"robots\" content=\"index, follow, max-snippet:-1, max-image-preview:large, max-video-preview:-1\" \/>\n<link rel=\"canonical\" href=\"https:\/\/darpol.bydgoszcz.pl\/ru\/predlagaet\/podvizhnoj-sostav\/passazhirskie-vagony\/stolik-podlokietnika-typ-e-z-otworem-na-kubek-dl-13-018-20\/\" \/>\n<meta property=\"og:locale\" content=\"ru_RU\" \/>\n<meta property=\"og:type\" content=\"article\" \/>\n<meta property=\"og:title\" content=\"Stolik pod\u0142okietnika typ E z otworem na kubek DL-13-018-20 - Darpol Bydgoszcz\" \/>\n<meta property=\"og:description\" content=\"Stolik pod\u0142okietnikowy z otworem na kubek \u2013 wygoda i bezpiecze\u0144stwo w podr\u00f3\u017cy. Stolik pod\u0142okietnikowy z otworem na kubek zwi\u0119ksza komfort i bezpiecze\u0144stwo podr\u00f3\u017cy, oferuj\u0105c stabilne miejsce na napoje i drobne przedmioty. Kompaktowa konstrukcja oraz trwa\u0142e materia\u0142y czyni\u0105 go idealnym rozwi\u0105zaniem dla nowoczesnych wn\u0119trz kolejowych.\" \/>\n<meta property=\"og:url\" content=\"https:\/\/darpol.bydgoszcz.pl\/ru\/predlagaet\/podvizhnoj-sostav\/passazhirskie-vagony\/stolik-podlokietnika-typ-e-z-otworem-na-kubek-dl-13-018-20\/\" \/>\n<meta property=\"og:site_name\" content=\"Darpol Bydgoszcz\" \/>\n<meta property=\"article:modified_time\" content=\"2026-03-19T11:38:49+00:00\" \/>\n<meta property=\"og:image\" content=\"https:\/\/darpol.bydgoszcz.pl\/wp-content\/uploads\/Stolik-podlokietnikowy-typ-E-z-otworem-DL-13-018-20.png\" \/>\n\t<meta property=\"og:image:width\" content=\"1000\" \/>\n\t<meta property=\"og:image:height\" content=\"1000\" \/>\n\t<meta property=\"og:image:type\" content=\"image\/png\" \/>\n<meta name=\"twitter:card\" content=\"summary_large_image\" \/>\n<meta name=\"twitter:label1\" content=\"\u041f\u0440\u0438\u043c\u0435\u0440\u043d\u043e\u0435 \u0432\u0440\u0435\u043c\u044f \u0434\u043b\u044f \u0447\u0442\u0435\u043d\u0438\u044f\" \/>\n\t<meta name=\"twitter:data1\" content=\"1 \u043c\u0438\u043d\u0443\u0442\u0430\" \/>\n<script type=\"application\/ld+json\" class=\"yoast-schema-graph\">{\"@context\":\"https:\/\/schema.org\",\"@graph\":[{\"@type\":\"WebPage\",\"@id\":\"https:\/\/darpol.bydgoszcz.pl\/ru\/predlagaet\/podvizhnoj-sostav\/passazhirskie-vagony\/stolik-podlokietnika-typ-e-z-otworem-na-kubek-dl-13-018-20\/\",\"url\":\"https:\/\/darpol.bydgoszcz.pl\/ru\/predlagaet\/podvizhnoj-sostav\/passazhirskie-vagony\/stolik-podlokietnika-typ-e-z-otworem-na-kubek-dl-13-018-20\/\",\"name\":\"Stolik pod\u0142okietnika typ E z otworem na kubek DL-13-018-20 - Darpol Bydgoszcz\",\"isPartOf\":{\"@id\":\"https:\/\/darpol.bydgoszcz.pl\/#website\"},\"primaryImageOfPage\":{\"@id\":\"https:\/\/darpol.bydgoszcz.pl\/ru\/predlagaet\/podvizhnoj-sostav\/passazhirskie-vagony\/stolik-podlokietnika-typ-e-z-otworem-na-kubek-dl-13-018-20\/#primaryimage\"},\"image\":{\"@id\":\"https:\/\/darpol.bydgoszcz.pl\/ru\/predlagaet\/podvizhnoj-sostav\/passazhirskie-vagony\/stolik-podlokietnika-typ-e-z-otworem-na-kubek-dl-13-018-20\/#primaryimage\"},\"thumbnailUrl\":\"https:\/\/darpol.bydgoszcz.pl\/wp-content\/uploads\/Stolik-podlokietnikowy-typ-E-z-otworem-DL-13-018-20-1.jpg\",\"datePublished\":\"2018-05-24T12:23:57+00:00\",\"dateModified\":\"2026-03-19T11:38:49+00:00\",\"description\":\"Stolik pod\u0142okietnikowy z otworem na kubek \u2013 wygoda i bezpiecze\u0144stwo w podr\u00f3\u017cy. Stolik pod\u0142okietnikowy z otworem na kubek zwi\u0119ksza komfort i bezpiecze\u0144stwo podr\u00f3\u017cy, oferuj\u0105c stabilne miejsce na napoje i drobne przedmioty. Kompaktowa konstrukcja oraz trwa\u0142e materia\u0142y czyni\u0105 go idealnym rozwi\u0105zaniem dla nowoczesnych wn\u0119trz kolejowych.\",\"breadcrumb\":{\"@id\":\"https:\/\/darpol.bydgoszcz.pl\/ru\/predlagaet\/podvizhnoj-sostav\/passazhirskie-vagony\/stolik-podlokietnika-typ-e-z-otworem-na-kubek-dl-13-018-20\/#breadcrumb\"},\"inLanguage\":\"ru-RU\",\"potentialAction\":[{\"@type\":\"ReadAction\",\"target\":[\"https:\/\/darpol.bydgoszcz.pl\/ru\/predlagaet\/podvizhnoj-sostav\/passazhirskie-vagony\/stolik-podlokietnika-typ-e-z-otworem-na-kubek-dl-13-018-20\/\"]}]},{\"@type\":\"ImageObject\",\"inLanguage\":\"ru-RU\",\"@id\":\"https:\/\/darpol.bydgoszcz.pl\/ru\/predlagaet\/podvizhnoj-sostav\/passazhirskie-vagony\/stolik-podlokietnika-typ-e-z-otworem-na-kubek-dl-13-018-20\/#primaryimage\",\"url\":\"https:\/\/darpol.bydgoszcz.pl\/wp-content\/uploads\/Stolik-podlokietnikowy-typ-E-z-otworem-DL-13-018-20-1.jpg\",\"contentUrl\":\"https:\/\/darpol.bydgoszcz.pl\/wp-content\/uploads\/Stolik-podlokietnikowy-typ-E-z-otworem-DL-13-018-20-1.jpg\",\"width\":1000,\"height\":1000,\"caption\":\"Stolik pod\u0142okietnikowy typ E z otworem DL-13-018-20\"},{\"@type\":\"BreadcrumbList\",\"@id\":\"https:\/\/darpol.bydgoszcz.pl\/ru\/predlagaet\/podvizhnoj-sostav\/passazhirskie-vagony\/stolik-podlokietnika-typ-e-z-otworem-na-kubek-dl-13-018-20\/#breadcrumb\",\"itemListElement\":[{\"@type\":\"ListItem\",\"position\":1,\"name\":\"Strona g\u0142\u00f3wna\",\"item\":\"https:\/\/darpol.bydgoszcz.pl\/ru\/\"},{\"@type\":\"ListItem\",\"position\":2,\"name\":\"Oferta\",\"item\":\"https:\/\/darpol.bydgoszcz.pl\/oferta\/\"},{\"@type\":\"ListItem\",\"position\":3,\"name\":\"Stolik pod\u0142okietnika typ E z otworem na kubek DL-13-018-20\"}]},{\"@type\":\"WebSite\",\"@id\":\"https:\/\/darpol.bydgoszcz.pl\/#website\",\"url\":\"https:\/\/darpol.bydgoszcz.pl\/\",\"name\":\"Darpol Bydgoszcz\",\"description\":\"\",\"potentialAction\":[{\"@type\":\"SearchAction\",\"target\":{\"@type\":\"EntryPoint\",\"urlTemplate\":\"https:\/\/darpol.bydgoszcz.pl\/?s={search_term_string}\"},\"query-input\":\"required name=search_term_string\"}],\"inLanguage\":\"ru-RU\"}]}<\/script>\n<!-- \/ Yoast SEO plugin. -->","yoast_head_json":{"title":"Stolik pod\u0142okietnika typ E z otworem na kubek DL-13-018-20 - Darpol Bydgoszcz","description":"Stolik pod\u0142okietnikowy z otworem na kubek \u2013 wygoda i bezpiecze\u0144stwo w podr\u00f3\u017cy. Stolik pod\u0142okietnikowy z otworem na kubek zwi\u0119ksza komfort i bezpiecze\u0144stwo podr\u00f3\u017cy, oferuj\u0105c stabilne miejsce na napoje i drobne przedmioty. Kompaktowa konstrukcja oraz trwa\u0142e materia\u0142y czyni\u0105 go idealnym rozwi\u0105zaniem dla nowoczesnych wn\u0119trz kolejowych.","robots":{"index":"index","follow":"follow","max-snippet":"max-snippet:-1","max-image-preview":"max-image-preview:large","max-video-preview":"max-video-preview:-1"},"canonical":"https:\/\/darpol.bydgoszcz.pl\/ru\/predlagaet\/podvizhnoj-sostav\/passazhirskie-vagony\/stolik-podlokietnika-typ-e-z-otworem-na-kubek-dl-13-018-20\/","og_locale":"ru_RU","og_type":"article","og_title":"Stolik pod\u0142okietnika typ E z otworem na kubek DL-13-018-20 - Darpol Bydgoszcz","og_description":"Stolik pod\u0142okietnikowy z otworem na kubek \u2013 wygoda i bezpiecze\u0144stwo w podr\u00f3\u017cy. Stolik pod\u0142okietnikowy z otworem na kubek zwi\u0119ksza komfort i bezpiecze\u0144stwo podr\u00f3\u017cy, oferuj\u0105c stabilne miejsce na napoje i drobne przedmioty. Kompaktowa konstrukcja oraz trwa\u0142e materia\u0142y czyni\u0105 go idealnym rozwi\u0105zaniem dla nowoczesnych wn\u0119trz kolejowych.","og_url":"https:\/\/darpol.bydgoszcz.pl\/ru\/predlagaet\/podvizhnoj-sostav\/passazhirskie-vagony\/stolik-podlokietnika-typ-e-z-otworem-na-kubek-dl-13-018-20\/","og_site_name":"Darpol Bydgoszcz","article_modified_time":"2026-03-19T11:38:49+00:00","og_image":[{"width":1000,"height":1000,"url":"https:\/\/darpol.bydgoszcz.pl\/wp-content\/uploads\/Stolik-podlokietnikowy-typ-E-z-otworem-DL-13-018-20.png","type":"image\/png"}],"twitter_card":"summary_large_image","twitter_misc":{"\u041f\u0440\u0438\u043c\u0435\u0440\u043d\u043e\u0435 \u0432\u0440\u0435\u043c\u044f \u0434\u043b\u044f \u0447\u0442\u0435\u043d\u0438\u044f":"1 \u043c\u0438\u043d\u0443\u0442\u0430"},"schema":{"@context":"https:\/\/schema.org","@graph":[{"@type":"WebPage","@id":"https:\/\/darpol.bydgoszcz.pl\/ru\/predlagaet\/podvizhnoj-sostav\/passazhirskie-vagony\/stolik-podlokietnika-typ-e-z-otworem-na-kubek-dl-13-018-20\/","url":"https:\/\/darpol.bydgoszcz.pl\/ru\/predlagaet\/podvizhnoj-sostav\/passazhirskie-vagony\/stolik-podlokietnika-typ-e-z-otworem-na-kubek-dl-13-018-20\/","name":"Stolik pod\u0142okietnika typ E z otworem na kubek DL-13-018-20 - Darpol Bydgoszcz","isPartOf":{"@id":"https:\/\/darpol.bydgoszcz.pl\/#website"},"primaryImageOfPage":{"@id":"https:\/\/darpol.bydgoszcz.pl\/ru\/predlagaet\/podvizhnoj-sostav\/passazhirskie-vagony\/stolik-podlokietnika-typ-e-z-otworem-na-kubek-dl-13-018-20\/#primaryimage"},"image":{"@id":"https:\/\/darpol.bydgoszcz.pl\/ru\/predlagaet\/podvizhnoj-sostav\/passazhirskie-vagony\/stolik-podlokietnika-typ-e-z-otworem-na-kubek-dl-13-018-20\/#primaryimage"},"thumbnailUrl":"https:\/\/darpol.bydgoszcz.pl\/wp-content\/uploads\/Stolik-podlokietnikowy-typ-E-z-otworem-DL-13-018-20-1.jpg","datePublished":"2018-05-24T12:23:57+00:00","dateModified":"2026-03-19T11:38:49+00:00","description":"Stolik pod\u0142okietnikowy z otworem na kubek \u2013 wygoda i bezpiecze\u0144stwo w podr\u00f3\u017cy. Stolik pod\u0142okietnikowy z otworem na kubek zwi\u0119ksza komfort i bezpiecze\u0144stwo podr\u00f3\u017cy, oferuj\u0105c stabilne miejsce na napoje i drobne przedmioty. Kompaktowa konstrukcja oraz trwa\u0142e materia\u0142y czyni\u0105 go idealnym rozwi\u0105zaniem dla nowoczesnych wn\u0119trz kolejowych.","breadcrumb":{"@id":"https:\/\/darpol.bydgoszcz.pl\/ru\/predlagaet\/podvizhnoj-sostav\/passazhirskie-vagony\/stolik-podlokietnika-typ-e-z-otworem-na-kubek-dl-13-018-20\/#breadcrumb"},"inLanguage":"ru-RU","potentialAction":[{"@type":"ReadAction","target":["https:\/\/darpol.bydgoszcz.pl\/ru\/predlagaet\/podvizhnoj-sostav\/passazhirskie-vagony\/stolik-podlokietnika-typ-e-z-otworem-na-kubek-dl-13-018-20\/"]}]},{"@type":"ImageObject","inLanguage":"ru-RU","@id":"https:\/\/darpol.bydgoszcz.pl\/ru\/predlagaet\/podvizhnoj-sostav\/passazhirskie-vagony\/stolik-podlokietnika-typ-e-z-otworem-na-kubek-dl-13-018-20\/#primaryimage","url":"https:\/\/darpol.bydgoszcz.pl\/wp-content\/uploads\/Stolik-podlokietnikowy-typ-E-z-otworem-DL-13-018-20-1.jpg","contentUrl":"https:\/\/darpol.bydgoszcz.pl\/wp-content\/uploads\/Stolik-podlokietnikowy-typ-E-z-otworem-DL-13-018-20-1.jpg","width":1000,"height":1000,"caption":"Stolik pod\u0142okietnikowy typ E z otworem DL-13-018-20"},{"@type":"BreadcrumbList","@id":"https:\/\/darpol.bydgoszcz.pl\/ru\/predlagaet\/podvizhnoj-sostav\/passazhirskie-vagony\/stolik-podlokietnika-typ-e-z-otworem-na-kubek-dl-13-018-20\/#breadcrumb","itemListElement":[{"@type":"ListItem","position":1,"name":"Strona g\u0142\u00f3wna","item":"https:\/\/darpol.bydgoszcz.pl\/ru\/"},{"@type":"ListItem","position":2,"name":"Oferta","item":"https:\/\/darpol.bydgoszcz.pl\/oferta\/"},{"@type":"ListItem","position":3,"name":"Stolik pod\u0142okietnika typ E z otworem na kubek DL-13-018-20"}]},{"@type":"WebSite","@id":"https:\/\/darpol.bydgoszcz.pl\/#website","url":"https:\/\/darpol.bydgoszcz.pl\/","name":"Darpol Bydgoszcz","description":"","potentialAction":[{"@type":"SearchAction","target":{"@type":"EntryPoint","urlTemplate":"https:\/\/darpol.bydgoszcz.pl\/?s={search_term_string}"},"query-input":"required name=search_term_string"}],"inLanguage":"ru-RU"}]}},"_links":{"self":[{"href":"https:\/\/darpol.bydgoszcz.pl\/ru\/wp-json\/wp\/v2\/product\/53409","targetHints":{"allow":["GET"]}}],"collection":[{"href":"https:\/\/darpol.bydgoszcz.pl\/ru\/wp-json\/wp\/v2\/product"}],"about":[{"href":"https:\/\/darpol.bydgoszcz.pl\/ru\/wp-json\/wp\/v2\/types\/product"}],"wp:featuredmedia":[{"embeddable":true,"href":"https:\/\/darpol.bydgoszcz.pl\/ru\/wp-json\/wp\/v2\/media\/58886"}],"wp:attachment":[{"href":"https:\/\/darpol.bydgoszcz.pl\/ru\/wp-json\/wp\/v2\/media?parent=53409"}],"wp:term":[{"taxonomy":"product_cat","embeddable":true,"href":"https:\/\/darpol.bydgoszcz.pl\/ru\/wp-json\/wp\/v2\/product_cat?post=53409"},{"taxonomy":"product_tag","embeddable":true,"href":"https:\/\/darpol.bydgoszcz.pl\/ru\/wp-json\/wp\/v2\/product_tag?post=53409"}],"curies":[{"name":"wp","href":"https:\/\/api.w.org\/{rel}","templated":true}]}}