{"id":53408,"date":"2018-05-24T15:22:02","date_gmt":"2018-05-24T13:22:02","guid":{"rendered":"https:\/\/darpol.bydgoszcz.pl\/offer\/\u0431\u0435\u0437 \u0440\u0443\u0431\u0440\u0438\u043a\u0438\/zawieszenie-drzwi-miedzy-przedzialowych-dl-16-046-00\/"},"modified":"2018-05-24T15:22:02","modified_gmt":"2018-05-24T13:22:02","slug":"zawieszenie-drzwi-miedzy-przedzialowych-dl-16-046-00","status":"publish","type":"product","link":"https:\/\/darpol.bydgoszcz.pl\/ru\/predlagaet\/podvizhnoj-sostav\/dveri-zamki\/zawieszenie-drzwi-miedzy-przedzialowych-dl-16-046-00\/","title":{"rendered":"Zawieszenie drzwi mi\u0119dzy przedzia\u0142owych DL 16 046-00"},"content":{"rendered":"<p>Zawieszenie drzwi mi\u0119dzy przedzia\u0142owych DL 16 046-00 wsp\u00f3\u0142pracuje z prowadnic\u0105 (w\u00f3zkiem) zawieszenia drzwi \u00a0\u00a0 DL-O 16 045-00.<\/p>\n<div style=\"clear:both\"><a href=\"javascript:window.print()\"><i class=\"fa fa-print\" aria-hidden=\"true\"><\/i> \u043f\u0435\u0447\u0430\u0442\u044c<\/a><\/div>","protected":false},"excerpt":{"rendered":"<p>Zawieszenie drzwi mi\u0119dzy przedzia\u0142owych DL 16 046-00 wsp\u00f3\u0142pracuje z prowadnic\u0105 (w\u00f3zkiem) zawieszenia drzwi \u00a0\u00a0 DL-O 16 045-00. \u043f\u0435\u0447\u0430\u0442\u044c<\/p>\n","protected":false},"featured_media":53391,"template":"","meta":{"om_disable_all_campaigns":false,"_monsterinsights_skip_tracking":false,"_monsterinsights_sitenote_active":false,"_monsterinsights_sitenote_note":"","_monsterinsights_sitenote_category":0,"_uf_show_specific_survey":0,"_uf_disable_surveys":false},"product_cat":[294,341],"product_tag":[3701],"class_list":{"0":"post-53408","1":"product","2":"type-product","3":"status-publish","4":"has-post-thumbnail","6":"product_cat-dveri-zamki","7":"product_cat-passazhirskie-vagony","8":"product_tag-wspolpracuje-z-dl-o-16-045-00-ru","10":"first","11":"instock","12":"shipping-taxable","13":"product-type-simple"},"yoast_head":"<!-- This site is optimized with the Yoast SEO plugin v23.0 - https:\/\/yoast.com\/wordpress\/plugins\/seo\/ -->\n<title>Zawieszenie drzwi mi\u0119dzy przedzia\u0142owych DL 16 046-00 - Darpol Bydgoszcz<\/title>\n<meta name=\"robots\" content=\"index, follow, max-snippet:-1, max-image-preview:large, max-video-preview:-1\" \/>\n<link rel=\"canonical\" href=\"https:\/\/darpol.bydgoszcz.pl\/ru\/predlagaet\/podvizhnoj-sostav\/dveri-zamki\/zawieszenie-drzwi-miedzy-przedzialowych-dl-16-046-00\/\" \/>\n<meta property=\"og:locale\" content=\"ru_RU\" \/>\n<meta property=\"og:type\" content=\"article\" \/>\n<meta property=\"og:title\" content=\"Zawieszenie drzwi mi\u0119dzy przedzia\u0142owych DL 16 046-00 - Darpol Bydgoszcz\" \/>\n<meta property=\"og:description\" content=\"Zawieszenie drzwi mi\u0119dzy przedzia\u0142owych DL 16 046-00 wsp\u00f3\u0142pracuje z prowadnic\u0105 (w\u00f3zkiem) zawieszenia drzwi \u00a0\u00a0 DL-O 16 045-00. \u043f\u0435\u0447\u0430\u0442\u044c\" \/>\n<meta property=\"og:url\" content=\"https:\/\/darpol.bydgoszcz.pl\/ru\/predlagaet\/podvizhnoj-sostav\/dveri-zamki\/zawieszenie-drzwi-miedzy-przedzialowych-dl-16-046-00\/\" \/>\n<meta property=\"og:site_name\" content=\"Darpol Bydgoszcz\" \/>\n<meta property=\"og:image\" content=\"https:\/\/darpol.bydgoszcz.pl\/wp-content\/uploads\/zawieszenie-drzwi-mi\u0119dzy-przedzia\u0142owych-DL-16-046-00-jpg.png\" \/>\n\t<meta property=\"og:image:width\" content=\"877\" \/>\n\t<meta property=\"og:image:height\" content=\"356\" \/>\n\t<meta property=\"og:image:type\" content=\"image\/png\" \/>\n<meta name=\"twitter:card\" content=\"summary_large_image\" \/>\n<script type=\"application\/ld+json\" class=\"yoast-schema-graph\">{\"@context\":\"https:\/\/schema.org\",\"@graph\":[{\"@type\":\"WebPage\",\"@id\":\"https:\/\/darpol.bydgoszcz.pl\/ru\/predlagaet\/podvizhnoj-sostav\/dveri-zamki\/zawieszenie-drzwi-miedzy-przedzialowych-dl-16-046-00\/\",\"url\":\"https:\/\/darpol.bydgoszcz.pl\/ru\/predlagaet\/podvizhnoj-sostav\/dveri-zamki\/zawieszenie-drzwi-miedzy-przedzialowych-dl-16-046-00\/\",\"name\":\"Zawieszenie drzwi mi\u0119dzy przedzia\u0142owych DL 16 046-00 - Darpol Bydgoszcz\",\"isPartOf\":{\"@id\":\"https:\/\/darpol.bydgoszcz.pl\/#website\"},\"primaryImageOfPage\":{\"@id\":\"https:\/\/darpol.bydgoszcz.pl\/ru\/predlagaet\/podvizhnoj-sostav\/dveri-zamki\/zawieszenie-drzwi-miedzy-przedzialowych-dl-16-046-00\/#primaryimage\"},\"image\":{\"@id\":\"https:\/\/darpol.bydgoszcz.pl\/ru\/predlagaet\/podvizhnoj-sostav\/dveri-zamki\/zawieszenie-drzwi-miedzy-przedzialowych-dl-16-046-00\/#primaryimage\"},\"thumbnailUrl\":\"https:\/\/darpol.bydgoszcz.pl\/wp-content\/uploads\/zawieszenie-drzwi-mi\u0119dzy-przedzia\u0142owych-DL-16-046-00-jpg.png\",\"datePublished\":\"2018-05-24T13:22:02+00:00\",\"dateModified\":\"2018-05-24T13:22:02+00:00\",\"breadcrumb\":{\"@id\":\"https:\/\/darpol.bydgoszcz.pl\/ru\/predlagaet\/podvizhnoj-sostav\/dveri-zamki\/zawieszenie-drzwi-miedzy-przedzialowych-dl-16-046-00\/#breadcrumb\"},\"inLanguage\":\"ru-RU\",\"potentialAction\":[{\"@type\":\"ReadAction\",\"target\":[\"https:\/\/darpol.bydgoszcz.pl\/ru\/predlagaet\/podvizhnoj-sostav\/dveri-zamki\/zawieszenie-drzwi-miedzy-przedzialowych-dl-16-046-00\/\"]}]},{\"@type\":\"ImageObject\",\"inLanguage\":\"ru-RU\",\"@id\":\"https:\/\/darpol.bydgoszcz.pl\/ru\/predlagaet\/podvizhnoj-sostav\/dveri-zamki\/zawieszenie-drzwi-miedzy-przedzialowych-dl-16-046-00\/#primaryimage\",\"url\":\"https:\/\/darpol.bydgoszcz.pl\/wp-content\/uploads\/zawieszenie-drzwi-mi\u0119dzy-przedzia\u0142owych-DL-16-046-00-jpg.png\",\"contentUrl\":\"https:\/\/darpol.bydgoszcz.pl\/wp-content\/uploads\/zawieszenie-drzwi-mi\u0119dzy-przedzia\u0142owych-DL-16-046-00-jpg.png\",\"width\":877,\"height\":356},{\"@type\":\"BreadcrumbList\",\"@id\":\"https:\/\/darpol.bydgoszcz.pl\/ru\/predlagaet\/podvizhnoj-sostav\/dveri-zamki\/zawieszenie-drzwi-miedzy-przedzialowych-dl-16-046-00\/#breadcrumb\",\"itemListElement\":[{\"@type\":\"ListItem\",\"position\":1,\"name\":\"Strona g\u0142\u00f3wna\",\"item\":\"https:\/\/darpol.bydgoszcz.pl\/ru\/\"},{\"@type\":\"ListItem\",\"position\":2,\"name\":\"Oferta\",\"item\":\"https:\/\/darpol.bydgoszcz.pl\/oferta\/\"},{\"@type\":\"ListItem\",\"position\":3,\"name\":\"Zawieszenie drzwi mi\u0119dzy przedzia\u0142owych DL 16 046-00\"}]},{\"@type\":\"WebSite\",\"@id\":\"https:\/\/darpol.bydgoszcz.pl\/#website\",\"url\":\"https:\/\/darpol.bydgoszcz.pl\/\",\"name\":\"Darpol Bydgoszcz\",\"description\":\"\",\"potentialAction\":[{\"@type\":\"SearchAction\",\"target\":{\"@type\":\"EntryPoint\",\"urlTemplate\":\"https:\/\/darpol.bydgoszcz.pl\/?s={search_term_string}\"},\"query-input\":\"required name=search_term_string\"}],\"inLanguage\":\"ru-RU\"}]}<\/script>\n<!-- \/ Yoast SEO plugin. -->","yoast_head_json":{"title":"Zawieszenie drzwi mi\u0119dzy przedzia\u0142owych DL 16 046-00 - Darpol Bydgoszcz","robots":{"index":"index","follow":"follow","max-snippet":"max-snippet:-1","max-image-preview":"max-image-preview:large","max-video-preview":"max-video-preview:-1"},"canonical":"https:\/\/darpol.bydgoszcz.pl\/ru\/predlagaet\/podvizhnoj-sostav\/dveri-zamki\/zawieszenie-drzwi-miedzy-przedzialowych-dl-16-046-00\/","og_locale":"ru_RU","og_type":"article","og_title":"Zawieszenie drzwi mi\u0119dzy przedzia\u0142owych DL 16 046-00 - Darpol Bydgoszcz","og_description":"Zawieszenie drzwi mi\u0119dzy przedzia\u0142owych DL 16 046-00 wsp\u00f3\u0142pracuje z prowadnic\u0105 (w\u00f3zkiem) zawieszenia drzwi \u00a0\u00a0 DL-O 16 045-00. \u043f\u0435\u0447\u0430\u0442\u044c","og_url":"https:\/\/darpol.bydgoszcz.pl\/ru\/predlagaet\/podvizhnoj-sostav\/dveri-zamki\/zawieszenie-drzwi-miedzy-przedzialowych-dl-16-046-00\/","og_site_name":"Darpol Bydgoszcz","og_image":[{"width":877,"height":356,"url":"https:\/\/darpol.bydgoszcz.pl\/wp-content\/uploads\/zawieszenie-drzwi-mi\u0119dzy-przedzia\u0142owych-DL-16-046-00-jpg.png","type":"image\/png"}],"twitter_card":"summary_large_image","schema":{"@context":"https:\/\/schema.org","@graph":[{"@type":"WebPage","@id":"https:\/\/darpol.bydgoszcz.pl\/ru\/predlagaet\/podvizhnoj-sostav\/dveri-zamki\/zawieszenie-drzwi-miedzy-przedzialowych-dl-16-046-00\/","url":"https:\/\/darpol.bydgoszcz.pl\/ru\/predlagaet\/podvizhnoj-sostav\/dveri-zamki\/zawieszenie-drzwi-miedzy-przedzialowych-dl-16-046-00\/","name":"Zawieszenie drzwi mi\u0119dzy przedzia\u0142owych DL 16 046-00 - Darpol Bydgoszcz","isPartOf":{"@id":"https:\/\/darpol.bydgoszcz.pl\/#website"},"primaryImageOfPage":{"@id":"https:\/\/darpol.bydgoszcz.pl\/ru\/predlagaet\/podvizhnoj-sostav\/dveri-zamki\/zawieszenie-drzwi-miedzy-przedzialowych-dl-16-046-00\/#primaryimage"},"image":{"@id":"https:\/\/darpol.bydgoszcz.pl\/ru\/predlagaet\/podvizhnoj-sostav\/dveri-zamki\/zawieszenie-drzwi-miedzy-przedzialowych-dl-16-046-00\/#primaryimage"},"thumbnailUrl":"https:\/\/darpol.bydgoszcz.pl\/wp-content\/uploads\/zawieszenie-drzwi-mi\u0119dzy-przedzia\u0142owych-DL-16-046-00-jpg.png","datePublished":"2018-05-24T13:22:02+00:00","dateModified":"2018-05-24T13:22:02+00:00","breadcrumb":{"@id":"https:\/\/darpol.bydgoszcz.pl\/ru\/predlagaet\/podvizhnoj-sostav\/dveri-zamki\/zawieszenie-drzwi-miedzy-przedzialowych-dl-16-046-00\/#breadcrumb"},"inLanguage":"ru-RU","potentialAction":[{"@type":"ReadAction","target":["https:\/\/darpol.bydgoszcz.pl\/ru\/predlagaet\/podvizhnoj-sostav\/dveri-zamki\/zawieszenie-drzwi-miedzy-przedzialowych-dl-16-046-00\/"]}]},{"@type":"ImageObject","inLanguage":"ru-RU","@id":"https:\/\/darpol.bydgoszcz.pl\/ru\/predlagaet\/podvizhnoj-sostav\/dveri-zamki\/zawieszenie-drzwi-miedzy-przedzialowych-dl-16-046-00\/#primaryimage","url":"https:\/\/darpol.bydgoszcz.pl\/wp-content\/uploads\/zawieszenie-drzwi-mi\u0119dzy-przedzia\u0142owych-DL-16-046-00-jpg.png","contentUrl":"https:\/\/darpol.bydgoszcz.pl\/wp-content\/uploads\/zawieszenie-drzwi-mi\u0119dzy-przedzia\u0142owych-DL-16-046-00-jpg.png","width":877,"height":356},{"@type":"BreadcrumbList","@id":"https:\/\/darpol.bydgoszcz.pl\/ru\/predlagaet\/podvizhnoj-sostav\/dveri-zamki\/zawieszenie-drzwi-miedzy-przedzialowych-dl-16-046-00\/#breadcrumb","itemListElement":[{"@type":"ListItem","position":1,"name":"Strona g\u0142\u00f3wna","item":"https:\/\/darpol.bydgoszcz.pl\/ru\/"},{"@type":"ListItem","position":2,"name":"Oferta","item":"https:\/\/darpol.bydgoszcz.pl\/oferta\/"},{"@type":"ListItem","position":3,"name":"Zawieszenie drzwi mi\u0119dzy przedzia\u0142owych DL 16 046-00"}]},{"@type":"WebSite","@id":"https:\/\/darpol.bydgoszcz.pl\/#website","url":"https:\/\/darpol.bydgoszcz.pl\/","name":"Darpol Bydgoszcz","description":"","potentialAction":[{"@type":"SearchAction","target":{"@type":"EntryPoint","urlTemplate":"https:\/\/darpol.bydgoszcz.pl\/?s={search_term_string}"},"query-input":"required name=search_term_string"}],"inLanguage":"ru-RU"}]}},"_links":{"self":[{"href":"https:\/\/darpol.bydgoszcz.pl\/ru\/wp-json\/wp\/v2\/product\/53408","targetHints":{"allow":["GET"]}}],"collection":[{"href":"https:\/\/darpol.bydgoszcz.pl\/ru\/wp-json\/wp\/v2\/product"}],"about":[{"href":"https:\/\/darpol.bydgoszcz.pl\/ru\/wp-json\/wp\/v2\/types\/product"}],"wp:featuredmedia":[{"embeddable":true,"href":"https:\/\/darpol.bydgoszcz.pl\/ru\/wp-json\/wp\/v2\/media\/53391"}],"wp:attachment":[{"href":"https:\/\/darpol.bydgoszcz.pl\/ru\/wp-json\/wp\/v2\/media?parent=53408"}],"wp:term":[{"taxonomy":"product_cat","embeddable":true,"href":"https:\/\/darpol.bydgoszcz.pl\/ru\/wp-json\/wp\/v2\/product_cat?post=53408"},{"taxonomy":"product_tag","embeddable":true,"href":"https:\/\/darpol.bydgoszcz.pl\/ru\/wp-json\/wp\/v2\/product_tag?post=53408"}],"curies":[{"name":"wp","href":"https:\/\/api.w.org\/{rel}","templated":true}]}}