{"id":4343,"date":"2013-01-28T17:31:05","date_gmt":"2013-01-28T16:31:05","guid":{"rendered":"http:\/\/darpol.bydgoszcz.pl\/sklep\/dveri-zamki\/pruzhina-rygelja-dl-o-17-015-01\/"},"modified":"2013-01-28T17:31:05","modified_gmt":"2013-01-28T16:31:05","slug":"pruzhina-rygelja-dl-o-17-015-01","status":"publish","type":"product","link":"https:\/\/darpol.bydgoszcz.pl\/ru\/predlagaet\/podvizhnoj-sostav\/dveri-zamki\/pruzhina-rygelja-dl-o-17-015-01\/","title":{"rendered":"\u041f\u0440\u0443\u0436\u0438\u043d\u0430 \u0432\u0435\u0440\u0445\u043d\u0435\u0433\u043e \u0440\u0438\u0433\u0435\u043b\u044f \u0441\u0438\u0441\u0442\u0435\u043c\u044b \u0431\u043b\u043e\u043a\u0438\u0440\u043e\u0432\u043a\u0438 \u0434\u0432\u0435\u0440\u0435\u0439 DL-O 17 015-01"},"content":{"rendered":"<p><span style=\"font-size: 8pt;\"><span style=\"color: #333333;\">\u041f\u0440\u0443\u0436\u0438\u043d\u0430 \u0432\u0435\u0440\u0445\u043d\u0435\u0433\u043e \u0440\u0438\u0433\u0435\u043b\u044f DL-O 17 015-01 \u0438\u0441\u043f\u043e\u043b\u044c\u0437\u0443\u0435\u0442\u0441\u044f \u0432 \u0441\u0438\u0441\u0442\u0435\u043c\u0435 \u0431\u043b\u043e\u043a\u0438\u0440\u043e\u0432\u043a\u0438 \u0434\u0432\u0435\u0440\u0435\u0439 \u043b\u043e\u043c\u0430\u043d\u043d\u043e\u0433\u043e \u0442\u0438\u043f\u0430 \u0432 \u043f\u0430\u0441\u0441\u0430\u0436\u0438\u0440\u0441\u043a\u0438\u0445 \u0432\u0430\u0433\u043e\u043d\u0430\u0445 \u0436\u0434.<\/span><\/span><\/p>\n<p><span style=\"font-size: 8pt;\"><span style=\"color: #333333;\"><br \/><\/span><\/span><\/p>\n<p><span style=\"font-size: 8pt;\"><span style=\"color: #333333;\">\u0421\u0438\u0441\u0442\u0435\u043c\u0430 \u044d\u043b\u0435\u043a\u0442\u0440\u043e\u043c\u0430\u0433\u043d\u0438\u0442\u043d\u043e\u0439 \u0431\u043b\u043e\u043a\u0438\u0440\u043e\u0432\u043a\u0438 \u0434\u0432\u0435\u0440\u0438 \u043a\u043e\u043c\u043f\u0430\u043d\u0438\u0438 Darpol \u0438 \u0435\u0435 \u043a\u043e\u043c\u043f\u043e\u043d\u0435\u043d\u0442\u044b \u0443\u0442\u0432\u0435\u0440\u0436\u0434\u0435\u043d\u044b \u0426\u0435\u043d\u0442\u0440\u0430\u043b\u044c\u043d\u044b\u043c \u041a\u043e\u043d\u0441\u0442\u0440\u0443\u043a\u0446\u0438\u043e\u043d\u043d\u044b\u043c \u0411\u044e\u0440\u043e \u0438 \u0441\u043e\u0431\u043b\u044e\u0434\u0430\u044e\u0442 \u0441\u0442\u0440\u043e\u0433\u0438\u0435 \u043a\u0440\u0438\u0442\u0435\u0440\u0438\u044f \u0434\u043b\u044f \u043e\u0431\u0435\u0441\u043f\u0435\u0447\u0435\u043d\u0438\u044f \u0431\u0435\u0437\u043e\u043f\u0430\u0441\u043d\u043e\u0441\u0442\u0438 \u043f\u0430\u0441\u0441\u0430\u0436\u0438\u0440\u043e\u0432.<\/span><\/span><\/p>\n<div style=\"clear:both\"><a href=\"javascript:window.print()\"><i class=\"fa fa-print\" aria-hidden=\"true\"><\/i> \u043f\u0435\u0447\u0430\u0442\u044c<\/a><\/div>","protected":false},"excerpt":{"rendered":"<p>\u041f\u0440\u0443\u0436\u0438\u043d\u0430 \u0432\u0435\u0440\u0445\u043d\u0435\u0433\u043e \u0440\u0438\u0433\u0435\u043b\u044f DL-O 17 015-01 \u0438\u0441\u043f\u043e\u043b\u044c\u0437\u0443\u0435\u0442\u0441\u044f \u0432 \u0441\u0438\u0441\u0442\u0435\u043c\u0435 \u0431\u043b\u043e\u043a\u0438\u0440\u043e\u0432\u043a\u0438 \u0434\u0432\u0435\u0440\u0435\u0439 \u043b\u043e\u043c\u0430\u043d\u043d\u043e\u0433\u043e \u0442\u0438\u043f\u0430 \u0432 \u043f\u0430\u0441\u0441\u0430\u0436\u0438\u0440\u0441\u043a\u0438\u0445 \u0432\u0430\u0433\u043e\u043d\u0430\u0445 \u0436\u0434. \u0421\u0438\u0441\u0442\u0435\u043c\u0430 \u044d\u043b\u0435\u043a\u0442\u0440\u043e\u043c\u0430\u0433\u043d\u0438\u0442\u043d\u043e\u0439 \u0431\u043b\u043e\u043a\u0438\u0440\u043e\u0432\u043a\u0438 \u0434\u0432\u0435\u0440\u0438 \u043a\u043e\u043c\u043f\u0430\u043d\u0438\u0438 Darpol \u0438 \u0435\u0435 \u043a\u043e\u043c\u043f\u043e\u043d\u0435\u043d\u0442\u044b \u0443\u0442\u0432\u0435\u0440\u0436\u0434\u0435\u043d\u044b \u0426\u0435\u043d\u0442\u0440\u0430\u043b\u044c\u043d\u044b\u043c \u041a\u043e\u043d\u0441\u0442\u0440\u0443\u043a\u0446\u0438\u043e\u043d\u043d\u044b\u043c \u0411\u044e\u0440\u043e \u0438 \u0441\u043e\u0431\u043b\u044e\u0434\u0430\u044e\u0442 \u0441\u0442\u0440\u043e\u0433\u0438\u0435 \u043a\u0440\u0438\u0442\u0435\u0440\u0438\u044f \u0434\u043b\u044f \u043e\u0431\u0435\u0441\u043f\u0435\u0447\u0435\u043d\u0438\u044f \u0431\u0435\u0437\u043e\u043f\u0430\u0441\u043d\u043e\u0441\u0442\u0438 \u043f\u0430\u0441\u0441\u0430\u0436\u0438\u0440\u043e\u0432. \u043f\u0435\u0447\u0430\u0442\u044c<\/p>\n","protected":false},"featured_media":4339,"template":"","meta":{"om_disable_all_campaigns":false,"_monsterinsights_skip_tracking":false,"_monsterinsights_sitenote_active":false,"_monsterinsights_sitenote_note":"","_monsterinsights_sitenote_category":0,"_uf_show_specific_survey":0,"_uf_disable_surveys":false},"product_cat":[362,294],"product_tag":[4135,430,463,4277,4275,462,461,4273,449,3773,4271,460],"class_list":{"0":"post-4343","1":"product","2":"type-product","3":"status-publish","4":"has-post-thumbnail","6":"product_cat-sprezyny-kolejowe","7":"product_cat-dveri-zamki","8":"product_tag-blokada-ru","9":"product_tag-blokada","10":"product_tag-dl-0-17-015-01","11":"product_tag-dl-0-17-015-01-ru","12":"product_tag-dl-o-17-015-01-ru","13":"product_tag-dl-o-17-015-01","14":"product_tag-gorny","15":"product_tag-gorny-ru","16":"product_tag-rygiel","17":"product_tag-rygiel-ru","18":"product_tag-sprezyna-ru","19":"product_tag-sprezyna","21":"first","22":"instock","23":"shipping-taxable","24":"purchasable","25":"product-type-simple"},"yoast_head":"<!-- This site is optimized with the Yoast SEO plugin v23.0 - https:\/\/yoast.com\/wordpress\/plugins\/seo\/ -->\n<title>\u041f\u0440\u0443\u0436\u0438\u043d\u0430 \u0432\u0435\u0440\u0445\u043d\u0435\u0433\u043e \u0440\u0438\u0433\u0435\u043b\u044f \u0441\u0438\u0441\u0442\u0435\u043c\u044b \u0431\u043b\u043e\u043a\u0438\u0440\u043e\u0432\u043a\u0438 \u0434\u0432\u0435\u0440\u0435\u0439 DL-O 17 015-01 - Darpol Bydgoszcz<\/title>\n<meta name=\"description\" content=\"\u041f\u0440\u0443\u0436\u0438\u043d\u0430 \u0432\u0435\u0440\u0445\u043d\u0435\u0433\u043e \u0440\u0438\u0433\u0435\u043b\u044f \u0441\u0438\u0441\u0442\u0435\u043c\u044b \u0431\u043b\u043e\u043a\u0438\u0440\u043e\u0432\u043a\u0438 \u0434\u0432\u0435\u0440\u0435\u0439 DL-O 17 015-01\" \/>\n<meta name=\"robots\" content=\"index, follow, max-snippet:-1, max-image-preview:large, max-video-preview:-1\" \/>\n<link rel=\"canonical\" href=\"https:\/\/darpol.bydgoszcz.pl\/ru\/predlagaet\/podvizhnoj-sostav\/dveri-zamki\/pruzhina-rygelja-dl-o-17-015-01\/\" \/>\n<meta property=\"og:locale\" content=\"ru_RU\" \/>\n<meta property=\"og:type\" content=\"article\" \/>\n<meta property=\"og:title\" content=\"\u041f\u0440\u0443\u0436\u0438\u043d\u0430 \u0432\u0435\u0440\u0445\u043d\u0435\u0433\u043e \u0440\u0438\u0433\u0435\u043b\u044f \u0441\u0438\u0441\u0442\u0435\u043c\u044b \u0431\u043b\u043e\u043a\u0438\u0440\u043e\u0432\u043a\u0438 \u0434\u0432\u0435\u0440\u0435\u0439 DL-O 17 015-01 - Darpol Bydgoszcz\" \/>\n<meta property=\"og:description\" content=\"\u041f\u0440\u0443\u0436\u0438\u043d\u0430 \u0432\u0435\u0440\u0445\u043d\u0435\u0433\u043e \u0440\u0438\u0433\u0435\u043b\u044f \u0441\u0438\u0441\u0442\u0435\u043c\u044b \u0431\u043b\u043e\u043a\u0438\u0440\u043e\u0432\u043a\u0438 \u0434\u0432\u0435\u0440\u0435\u0439 DL-O 17 015-01\" \/>\n<meta property=\"og:url\" content=\"https:\/\/darpol.bydgoszcz.pl\/ru\/predlagaet\/podvizhnoj-sostav\/dveri-zamki\/pruzhina-rygelja-dl-o-17-015-01\/\" \/>\n<meta property=\"og:site_name\" content=\"Darpol Bydgoszcz\" \/>\n<meta property=\"og:image\" content=\"https:\/\/darpol.bydgoszcz.pl\/wp-content\/uploads\/95-271-sprezyna-rygla-gornego-ukladu-blokady-drzwi-dl-o-17-015-01.jpg\" \/>\n\t<meta property=\"og:image:width\" content=\"697\" \/>\n\t<meta property=\"og:image:height\" content=\"633\" \/>\n\t<meta property=\"og:image:type\" content=\"image\/jpeg\" \/>\n<meta name=\"twitter:card\" content=\"summary_large_image\" \/>\n<script type=\"application\/ld+json\" class=\"yoast-schema-graph\">{\"@context\":\"https:\/\/schema.org\",\"@graph\":[{\"@type\":\"WebPage\",\"@id\":\"https:\/\/darpol.bydgoszcz.pl\/ru\/predlagaet\/podvizhnoj-sostav\/dveri-zamki\/pruzhina-rygelja-dl-o-17-015-01\/\",\"url\":\"https:\/\/darpol.bydgoszcz.pl\/ru\/predlagaet\/podvizhnoj-sostav\/dveri-zamki\/pruzhina-rygelja-dl-o-17-015-01\/\",\"name\":\"\u041f\u0440\u0443\u0436\u0438\u043d\u0430 \u0432\u0435\u0440\u0445\u043d\u0435\u0433\u043e \u0440\u0438\u0433\u0435\u043b\u044f \u0441\u0438\u0441\u0442\u0435\u043c\u044b \u0431\u043b\u043e\u043a\u0438\u0440\u043e\u0432\u043a\u0438 \u0434\u0432\u0435\u0440\u0435\u0439 DL-O 17 015-01 - Darpol Bydgoszcz\",\"isPartOf\":{\"@id\":\"https:\/\/darpol.bydgoszcz.pl\/#website\"},\"primaryImageOfPage\":{\"@id\":\"https:\/\/darpol.bydgoszcz.pl\/ru\/predlagaet\/podvizhnoj-sostav\/dveri-zamki\/pruzhina-rygelja-dl-o-17-015-01\/#primaryimage\"},\"image\":{\"@id\":\"https:\/\/darpol.bydgoszcz.pl\/ru\/predlagaet\/podvizhnoj-sostav\/dveri-zamki\/pruzhina-rygelja-dl-o-17-015-01\/#primaryimage\"},\"thumbnailUrl\":\"https:\/\/darpol.bydgoszcz.pl\/wp-content\/uploads\/95-271-sprezyna-rygla-gornego-ukladu-blokady-drzwi-dl-o-17-015-01.jpg\",\"datePublished\":\"2013-01-28T16:31:05+00:00\",\"dateModified\":\"2013-01-28T16:31:05+00:00\",\"description\":\"\u041f\u0440\u0443\u0436\u0438\u043d\u0430 \u0432\u0435\u0440\u0445\u043d\u0435\u0433\u043e \u0440\u0438\u0433\u0435\u043b\u044f \u0441\u0438\u0441\u0442\u0435\u043c\u044b \u0431\u043b\u043e\u043a\u0438\u0440\u043e\u0432\u043a\u0438 \u0434\u0432\u0435\u0440\u0435\u0439 DL-O 17 015-01\",\"breadcrumb\":{\"@id\":\"https:\/\/darpol.bydgoszcz.pl\/ru\/predlagaet\/podvizhnoj-sostav\/dveri-zamki\/pruzhina-rygelja-dl-o-17-015-01\/#breadcrumb\"},\"inLanguage\":\"ru-RU\",\"potentialAction\":[{\"@type\":\"ReadAction\",\"target\":[\"https:\/\/darpol.bydgoszcz.pl\/ru\/predlagaet\/podvizhnoj-sostav\/dveri-zamki\/pruzhina-rygelja-dl-o-17-015-01\/\"]}]},{\"@type\":\"ImageObject\",\"inLanguage\":\"ru-RU\",\"@id\":\"https:\/\/darpol.bydgoszcz.pl\/ru\/predlagaet\/podvizhnoj-sostav\/dveri-zamki\/pruzhina-rygelja-dl-o-17-015-01\/#primaryimage\",\"url\":\"https:\/\/darpol.bydgoszcz.pl\/wp-content\/uploads\/95-271-sprezyna-rygla-gornego-ukladu-blokady-drzwi-dl-o-17-015-01.jpg\",\"contentUrl\":\"https:\/\/darpol.bydgoszcz.pl\/wp-content\/uploads\/95-271-sprezyna-rygla-gornego-ukladu-blokady-drzwi-dl-o-17-015-01.jpg\",\"width\":697,\"height\":633,\"caption\":\"Spr\u0119\u017cyna rygla g\u00f3rnego uk\u0142adu blokady drzwi DL-O 17 015-01\"},{\"@type\":\"BreadcrumbList\",\"@id\":\"https:\/\/darpol.bydgoszcz.pl\/ru\/predlagaet\/podvizhnoj-sostav\/dveri-zamki\/pruzhina-rygelja-dl-o-17-015-01\/#breadcrumb\",\"itemListElement\":[{\"@type\":\"ListItem\",\"position\":1,\"name\":\"Strona g\u0142\u00f3wna\",\"item\":\"https:\/\/darpol.bydgoszcz.pl\/ru\/\"},{\"@type\":\"ListItem\",\"position\":2,\"name\":\"Oferta\",\"item\":\"https:\/\/darpol.bydgoszcz.pl\/oferta\/\"},{\"@type\":\"ListItem\",\"position\":3,\"name\":\"\u041f\u0440\u0443\u0436\u0438\u043d\u0430 \u0432\u0435\u0440\u0445\u043d\u0435\u0433\u043e \u0440\u0438\u0433\u0435\u043b\u044f \u0441\u0438\u0441\u0442\u0435\u043c\u044b \u0431\u043b\u043e\u043a\u0438\u0440\u043e\u0432\u043a\u0438 \u0434\u0432\u0435\u0440\u0435\u0439 DL-O 17 015-01\"}]},{\"@type\":\"WebSite\",\"@id\":\"https:\/\/darpol.bydgoszcz.pl\/#website\",\"url\":\"https:\/\/darpol.bydgoszcz.pl\/\",\"name\":\"Darpol Bydgoszcz\",\"description\":\"\",\"potentialAction\":[{\"@type\":\"SearchAction\",\"target\":{\"@type\":\"EntryPoint\",\"urlTemplate\":\"https:\/\/darpol.bydgoszcz.pl\/?s={search_term_string}\"},\"query-input\":\"required name=search_term_string\"}],\"inLanguage\":\"ru-RU\"}]}<\/script>\n<!-- \/ Yoast SEO plugin. -->","yoast_head_json":{"title":"\u041f\u0440\u0443\u0436\u0438\u043d\u0430 \u0432\u0435\u0440\u0445\u043d\u0435\u0433\u043e \u0440\u0438\u0433\u0435\u043b\u044f \u0441\u0438\u0441\u0442\u0435\u043c\u044b \u0431\u043b\u043e\u043a\u0438\u0440\u043e\u0432\u043a\u0438 \u0434\u0432\u0435\u0440\u0435\u0439 DL-O 17 015-01 - Darpol Bydgoszcz","description":"\u041f\u0440\u0443\u0436\u0438\u043d\u0430 \u0432\u0435\u0440\u0445\u043d\u0435\u0433\u043e \u0440\u0438\u0433\u0435\u043b\u044f \u0441\u0438\u0441\u0442\u0435\u043c\u044b \u0431\u043b\u043e\u043a\u0438\u0440\u043e\u0432\u043a\u0438 \u0434\u0432\u0435\u0440\u0435\u0439 DL-O 17 015-01","robots":{"index":"index","follow":"follow","max-snippet":"max-snippet:-1","max-image-preview":"max-image-preview:large","max-video-preview":"max-video-preview:-1"},"canonical":"https:\/\/darpol.bydgoszcz.pl\/ru\/predlagaet\/podvizhnoj-sostav\/dveri-zamki\/pruzhina-rygelja-dl-o-17-015-01\/","og_locale":"ru_RU","og_type":"article","og_title":"\u041f\u0440\u0443\u0436\u0438\u043d\u0430 \u0432\u0435\u0440\u0445\u043d\u0435\u0433\u043e \u0440\u0438\u0433\u0435\u043b\u044f \u0441\u0438\u0441\u0442\u0435\u043c\u044b \u0431\u043b\u043e\u043a\u0438\u0440\u043e\u0432\u043a\u0438 \u0434\u0432\u0435\u0440\u0435\u0439 DL-O 17 015-01 - Darpol Bydgoszcz","og_description":"\u041f\u0440\u0443\u0436\u0438\u043d\u0430 \u0432\u0435\u0440\u0445\u043d\u0435\u0433\u043e \u0440\u0438\u0433\u0435\u043b\u044f \u0441\u0438\u0441\u0442\u0435\u043c\u044b \u0431\u043b\u043e\u043a\u0438\u0440\u043e\u0432\u043a\u0438 \u0434\u0432\u0435\u0440\u0435\u0439 DL-O 17 015-01","og_url":"https:\/\/darpol.bydgoszcz.pl\/ru\/predlagaet\/podvizhnoj-sostav\/dveri-zamki\/pruzhina-rygelja-dl-o-17-015-01\/","og_site_name":"Darpol Bydgoszcz","og_image":[{"width":697,"height":633,"url":"https:\/\/darpol.bydgoszcz.pl\/wp-content\/uploads\/95-271-sprezyna-rygla-gornego-ukladu-blokady-drzwi-dl-o-17-015-01.jpg","type":"image\/jpeg"}],"twitter_card":"summary_large_image","schema":{"@context":"https:\/\/schema.org","@graph":[{"@type":"WebPage","@id":"https:\/\/darpol.bydgoszcz.pl\/ru\/predlagaet\/podvizhnoj-sostav\/dveri-zamki\/pruzhina-rygelja-dl-o-17-015-01\/","url":"https:\/\/darpol.bydgoszcz.pl\/ru\/predlagaet\/podvizhnoj-sostav\/dveri-zamki\/pruzhina-rygelja-dl-o-17-015-01\/","name":"\u041f\u0440\u0443\u0436\u0438\u043d\u0430 \u0432\u0435\u0440\u0445\u043d\u0435\u0433\u043e \u0440\u0438\u0433\u0435\u043b\u044f \u0441\u0438\u0441\u0442\u0435\u043c\u044b \u0431\u043b\u043e\u043a\u0438\u0440\u043e\u0432\u043a\u0438 \u0434\u0432\u0435\u0440\u0435\u0439 DL-O 17 015-01 - Darpol Bydgoszcz","isPartOf":{"@id":"https:\/\/darpol.bydgoszcz.pl\/#website"},"primaryImageOfPage":{"@id":"https:\/\/darpol.bydgoszcz.pl\/ru\/predlagaet\/podvizhnoj-sostav\/dveri-zamki\/pruzhina-rygelja-dl-o-17-015-01\/#primaryimage"},"image":{"@id":"https:\/\/darpol.bydgoszcz.pl\/ru\/predlagaet\/podvizhnoj-sostav\/dveri-zamki\/pruzhina-rygelja-dl-o-17-015-01\/#primaryimage"},"thumbnailUrl":"https:\/\/darpol.bydgoszcz.pl\/wp-content\/uploads\/95-271-sprezyna-rygla-gornego-ukladu-blokady-drzwi-dl-o-17-015-01.jpg","datePublished":"2013-01-28T16:31:05+00:00","dateModified":"2013-01-28T16:31:05+00:00","description":"\u041f\u0440\u0443\u0436\u0438\u043d\u0430 \u0432\u0435\u0440\u0445\u043d\u0435\u0433\u043e \u0440\u0438\u0433\u0435\u043b\u044f \u0441\u0438\u0441\u0442\u0435\u043c\u044b \u0431\u043b\u043e\u043a\u0438\u0440\u043e\u0432\u043a\u0438 \u0434\u0432\u0435\u0440\u0435\u0439 DL-O 17 015-01","breadcrumb":{"@id":"https:\/\/darpol.bydgoszcz.pl\/ru\/predlagaet\/podvizhnoj-sostav\/dveri-zamki\/pruzhina-rygelja-dl-o-17-015-01\/#breadcrumb"},"inLanguage":"ru-RU","potentialAction":[{"@type":"ReadAction","target":["https:\/\/darpol.bydgoszcz.pl\/ru\/predlagaet\/podvizhnoj-sostav\/dveri-zamki\/pruzhina-rygelja-dl-o-17-015-01\/"]}]},{"@type":"ImageObject","inLanguage":"ru-RU","@id":"https:\/\/darpol.bydgoszcz.pl\/ru\/predlagaet\/podvizhnoj-sostav\/dveri-zamki\/pruzhina-rygelja-dl-o-17-015-01\/#primaryimage","url":"https:\/\/darpol.bydgoszcz.pl\/wp-content\/uploads\/95-271-sprezyna-rygla-gornego-ukladu-blokady-drzwi-dl-o-17-015-01.jpg","contentUrl":"https:\/\/darpol.bydgoszcz.pl\/wp-content\/uploads\/95-271-sprezyna-rygla-gornego-ukladu-blokady-drzwi-dl-o-17-015-01.jpg","width":697,"height":633,"caption":"Spr\u0119\u017cyna rygla g\u00f3rnego uk\u0142adu blokady drzwi DL-O 17 015-01"},{"@type":"BreadcrumbList","@id":"https:\/\/darpol.bydgoszcz.pl\/ru\/predlagaet\/podvizhnoj-sostav\/dveri-zamki\/pruzhina-rygelja-dl-o-17-015-01\/#breadcrumb","itemListElement":[{"@type":"ListItem","position":1,"name":"Strona g\u0142\u00f3wna","item":"https:\/\/darpol.bydgoszcz.pl\/ru\/"},{"@type":"ListItem","position":2,"name":"Oferta","item":"https:\/\/darpol.bydgoszcz.pl\/oferta\/"},{"@type":"ListItem","position":3,"name":"\u041f\u0440\u0443\u0436\u0438\u043d\u0430 \u0432\u0435\u0440\u0445\u043d\u0435\u0433\u043e \u0440\u0438\u0433\u0435\u043b\u044f \u0441\u0438\u0441\u0442\u0435\u043c\u044b \u0431\u043b\u043e\u043a\u0438\u0440\u043e\u0432\u043a\u0438 \u0434\u0432\u0435\u0440\u0435\u0439 DL-O 17 015-01"}]},{"@type":"WebSite","@id":"https:\/\/darpol.bydgoszcz.pl\/#website","url":"https:\/\/darpol.bydgoszcz.pl\/","name":"Darpol Bydgoszcz","description":"","potentialAction":[{"@type":"SearchAction","target":{"@type":"EntryPoint","urlTemplate":"https:\/\/darpol.bydgoszcz.pl\/?s={search_term_string}"},"query-input":"required name=search_term_string"}],"inLanguage":"ru-RU"}]}},"_links":{"self":[{"href":"https:\/\/darpol.bydgoszcz.pl\/ru\/wp-json\/wp\/v2\/product\/4343","targetHints":{"allow":["GET"]}}],"collection":[{"href":"https:\/\/darpol.bydgoszcz.pl\/ru\/wp-json\/wp\/v2\/product"}],"about":[{"href":"https:\/\/darpol.bydgoszcz.pl\/ru\/wp-json\/wp\/v2\/types\/product"}],"wp:featuredmedia":[{"embeddable":true,"href":"https:\/\/darpol.bydgoszcz.pl\/ru\/wp-json\/wp\/v2\/media\/4339"}],"wp:attachment":[{"href":"https:\/\/darpol.bydgoszcz.pl\/ru\/wp-json\/wp\/v2\/media?parent=4343"}],"wp:term":[{"taxonomy":"product_cat","embeddable":true,"href":"https:\/\/darpol.bydgoszcz.pl\/ru\/wp-json\/wp\/v2\/product_cat?post=4343"},{"taxonomy":"product_tag","embeddable":true,"href":"https:\/\/darpol.bydgoszcz.pl\/ru\/wp-json\/wp\/v2\/product_tag?post=4343"}],"curies":[{"name":"wp","href":"https:\/\/api.w.org\/{rel}","templated":true}]}}