{"id":17355,"date":"2016-03-21T14:18:51","date_gmt":"2016-03-21T13:18:51","guid":{"rendered":"http:\/\/darpol.bydgoszcz.pl\/sklep\/ostalnye-zapchasti\/zaschita-scepki-elektropoezd\/"},"modified":"2024-04-17T13:11:34","modified_gmt":"2024-04-17T11:11:34","slug":"zaschita-scepki-elektropoezd-2","status":"publish","type":"product","link":"https:\/\/darpol.bydgoszcz.pl\/ru\/predlagaet\/podvizhnoj-sostav\/ostalnye-zapchasti\/zaschita-scepki-elektropoezd-2\/","title":{"rendered":"\u0417\u0430\u0449\u0438\u0442\u0430 \u0441\u0446\u0435\u043f\u043a\u0438 \u043c\u0435\u0442\u0430\u043b\u044c\u043d\u0430\u044f DL-60-***-01"},"content":{"rendered":"<p>\u0414\u043e\u0441\u0442\u0443\u043f\u043d\u0443\u0435 \u0442\u0438\u043f\u044b:<\/p>\n<p>DL-60-011-01 \u2013 \u0417\u0430\u0449\u0438\u0442\u0430\u00a0\u0441\u0446\u0435\u043f\u043a\u0438 \u043a EN57<br \/>\nDL-60-021-01 \u2013 \u0417\u0430\u0449\u0438\u0442\u0430 \u0441\u0446\u0435\u043f\u043a\u0438 \u043a EN57AKM<br \/>\nDL-60-031-01 \u2013 \u0417\u0430\u0449\u0438\u0442\u0430 \u0441\u0446\u0435\u043f\u043a\u0438 \u043a ELF, FLIRT \u0438 DART<br \/>\nDL-60-051-01 \u2013 \u0417\u0430\u0449\u0438\u0442\u0430 \u0441\u0446\u0435\u043f\u043a\u0438 \u043a IMPULS<\/p>\n<div style=\"clear:both\"><a href=\"javascript:window.print()\"><i class=\"fa fa-print\" aria-hidden=\"true\"><\/i> \u043f\u0435\u0447\u0430\u0442\u044c<\/a><\/div>","protected":false},"excerpt":{"rendered":"<p>\u0414\u043e\u0441\u0442\u0443\u043f\u043d\u0443\u0435 \u0442\u0438\u043f\u044b: DL-60-011-01 \u2013 \u0417\u0430\u0449\u0438\u0442\u0430\u00a0\u0441\u0446\u0435\u043f\u043a\u0438 \u043a EN57 DL-60-021-01 \u2013 \u0417\u0430\u0449\u0438\u0442\u0430 \u0441\u0446\u0435\u043f\u043a\u0438 \u043a EN57AKM DL-60-031-01 \u2013 \u0417\u0430\u0449\u0438\u0442\u0430 \u0441\u0446\u0435\u043f\u043a\u0438 \u043a ELF, FLIRT \u0438 DART DL-60-051-01 \u2013 \u0417\u0430\u0449\u0438\u0442\u0430 \u0441\u0446\u0435\u043f\u043a\u0438 \u043a IMPULS \u043f\u0435\u0447\u0430\u0442\u044c<\/p>\n","protected":false},"featured_media":53472,"template":"","meta":{"om_disable_all_campaigns":false,"_monsterinsights_skip_tracking":false,"_monsterinsights_sitenote_active":false,"_monsterinsights_sitenote_note":"","_monsterinsights_sitenote_category":0,"_uf_show_specific_survey":0,"_uf_disable_surveys":false},"product_cat":[323,335],"product_tag":[5979,3494,3722,3723,3288,5977,3170,3726,3906,3727],"class_list":{"0":"post-17355","1":"product","2":"type-product","3":"status-publish","4":"has-post-thumbnail","6":"product_cat-ostalnye-zapchasti","7":"product_cat-elektrodizelpoezda","8":"product_tag-czolowy-ru","9":"product_tag-darpol-ru","10":"product_tag-dart-ru","11":"product_tag-elf-ru","12":"product_tag-ezt-ru","13":"product_tag-obudowa-ru","14":"product_tag-oslona-ru","15":"product_tag-oslona-sprzegu-ru","16":"product_tag-pokrywa-ru","17":"product_tag-sprzeg-ru","19":"first","20":"instock","21":"shipping-taxable","22":"purchasable","23":"product-type-simple"},"yoast_head":"<!-- This site is optimized with the Yoast SEO plugin v23.0 - https:\/\/yoast.com\/wordpress\/plugins\/seo\/ -->\n<title>\u0417\u0430\u0449\u0438\u0442\u0430 \u0441\u0446\u0435\u043f\u043a\u0438 \u043c\u0435\u0442\u0430\u043b\u044c\u043d\u0430\u044f DL-60-***-01 - Darpol Bydgoszcz<\/title>\n<meta name=\"description\" content=\"\u0417\u0430\u0449\u0438\u0442\u0430 \u0441\u0446\u0435\u043f\u043a\u0438 \u044d\u043b\u0435\u043a\u0442\u0440\u043e\u043f\u043e\u0435\u0437\u0434\u0430 DL-O 12 005-00\" \/>\n<meta name=\"robots\" content=\"index, follow, max-snippet:-1, max-image-preview:large, max-video-preview:-1\" \/>\n<link rel=\"canonical\" href=\"https:\/\/darpol.bydgoszcz.pl\/ru\/predlagaet\/podvizhnoj-sostav\/ostalnye-zapchasti\/zaschita-scepki-elektropoezd-2\/\" \/>\n<meta property=\"og:locale\" content=\"ru_RU\" \/>\n<meta property=\"og:type\" content=\"article\" \/>\n<meta property=\"og:title\" content=\"\u0417\u0430\u0449\u0438\u0442\u0430 \u0441\u0446\u0435\u043f\u043a\u0438 \u043c\u0435\u0442\u0430\u043b\u044c\u043d\u0430\u044f DL-60-***-01 - Darpol Bydgoszcz\" \/>\n<meta property=\"og:description\" content=\"\u0417\u0430\u0449\u0438\u0442\u0430 \u0441\u0446\u0435\u043f\u043a\u0438 \u044d\u043b\u0435\u043a\u0442\u0440\u043e\u043f\u043e\u0435\u0437\u0434\u0430 DL-O 12 005-00\" \/>\n<meta property=\"og:url\" content=\"https:\/\/darpol.bydgoszcz.pl\/ru\/predlagaet\/podvizhnoj-sostav\/ostalnye-zapchasti\/zaschita-scepki-elektropoezd-2\/\" \/>\n<meta property=\"og:site_name\" content=\"Darpol Bydgoszcz\" \/>\n<meta property=\"article:modified_time\" content=\"2024-04-17T11:11:34+00:00\" \/>\n<meta property=\"og:image\" content=\"https:\/\/darpol.bydgoszcz.pl\/wp-content\/uploads\/DL-60-011-01-Oslona-sprzegu-czolowa-EN57-metalowa.jpg\" \/>\n\t<meta property=\"og:image:width\" content=\"1599\" \/>\n\t<meta property=\"og:image:height\" content=\"1001\" \/>\n\t<meta property=\"og:image:type\" content=\"image\/jpeg\" \/>\n<meta name=\"twitter:card\" content=\"summary_large_image\" \/>\n<meta name=\"twitter:label1\" content=\"\u041f\u0440\u0438\u043c\u0435\u0440\u043d\u043e\u0435 \u0432\u0440\u0435\u043c\u044f \u0434\u043b\u044f \u0447\u0442\u0435\u043d\u0438\u044f\" \/>\n\t<meta name=\"twitter:data1\" content=\"1 \u043c\u0438\u043d\u0443\u0442\u0430\" \/>\n<script type=\"application\/ld+json\" class=\"yoast-schema-graph\">{\"@context\":\"https:\/\/schema.org\",\"@graph\":[{\"@type\":\"WebPage\",\"@id\":\"https:\/\/darpol.bydgoszcz.pl\/ru\/predlagaet\/podvizhnoj-sostav\/ostalnye-zapchasti\/zaschita-scepki-elektropoezd-2\/\",\"url\":\"https:\/\/darpol.bydgoszcz.pl\/ru\/predlagaet\/podvizhnoj-sostav\/ostalnye-zapchasti\/zaschita-scepki-elektropoezd-2\/\",\"name\":\"\u0417\u0430\u0449\u0438\u0442\u0430 \u0441\u0446\u0435\u043f\u043a\u0438 \u043c\u0435\u0442\u0430\u043b\u044c\u043d\u0430\u044f DL-60-***-01 - Darpol Bydgoszcz\",\"isPartOf\":{\"@id\":\"https:\/\/darpol.bydgoszcz.pl\/#website\"},\"primaryImageOfPage\":{\"@id\":\"https:\/\/darpol.bydgoszcz.pl\/ru\/predlagaet\/podvizhnoj-sostav\/ostalnye-zapchasti\/zaschita-scepki-elektropoezd-2\/#primaryimage\"},\"image\":{\"@id\":\"https:\/\/darpol.bydgoszcz.pl\/ru\/predlagaet\/podvizhnoj-sostav\/ostalnye-zapchasti\/zaschita-scepki-elektropoezd-2\/#primaryimage\"},\"thumbnailUrl\":\"https:\/\/darpol.bydgoszcz.pl\/wp-content\/uploads\/DL-60-011-01-Oslona-sprzegu-czolowa-EN57-metalowa.jpg\",\"datePublished\":\"2016-03-21T13:18:51+00:00\",\"dateModified\":\"2024-04-17T11:11:34+00:00\",\"description\":\"\u0417\u0430\u0449\u0438\u0442\u0430 \u0441\u0446\u0435\u043f\u043a\u0438 \u044d\u043b\u0435\u043a\u0442\u0440\u043e\u043f\u043e\u0435\u0437\u0434\u0430 DL-O 12 005-00\",\"breadcrumb\":{\"@id\":\"https:\/\/darpol.bydgoszcz.pl\/ru\/predlagaet\/podvizhnoj-sostav\/ostalnye-zapchasti\/zaschita-scepki-elektropoezd-2\/#breadcrumb\"},\"inLanguage\":\"ru-RU\",\"potentialAction\":[{\"@type\":\"ReadAction\",\"target\":[\"https:\/\/darpol.bydgoszcz.pl\/ru\/predlagaet\/podvizhnoj-sostav\/ostalnye-zapchasti\/zaschita-scepki-elektropoezd-2\/\"]}]},{\"@type\":\"ImageObject\",\"inLanguage\":\"ru-RU\",\"@id\":\"https:\/\/darpol.bydgoszcz.pl\/ru\/predlagaet\/podvizhnoj-sostav\/ostalnye-zapchasti\/zaschita-scepki-elektropoezd-2\/#primaryimage\",\"url\":\"https:\/\/darpol.bydgoszcz.pl\/wp-content\/uploads\/DL-60-011-01-Oslona-sprzegu-czolowa-EN57-metalowa.jpg\",\"contentUrl\":\"https:\/\/darpol.bydgoszcz.pl\/wp-content\/uploads\/DL-60-011-01-Oslona-sprzegu-czolowa-EN57-metalowa.jpg\",\"width\":1599,\"height\":1001,\"caption\":\"DL6001101 Os\u0142ona sprz\u0119gu czo\u0142owego EN57 metalowa\"},{\"@type\":\"BreadcrumbList\",\"@id\":\"https:\/\/darpol.bydgoszcz.pl\/ru\/predlagaet\/podvizhnoj-sostav\/ostalnye-zapchasti\/zaschita-scepki-elektropoezd-2\/#breadcrumb\",\"itemListElement\":[{\"@type\":\"ListItem\",\"position\":1,\"name\":\"Strona g\u0142\u00f3wna\",\"item\":\"https:\/\/darpol.bydgoszcz.pl\/ru\/\"},{\"@type\":\"ListItem\",\"position\":2,\"name\":\"Oferta\",\"item\":\"https:\/\/darpol.bydgoszcz.pl\/oferta\/\"},{\"@type\":\"ListItem\",\"position\":3,\"name\":\"\u0417\u0430\u0449\u0438\u0442\u0430 \u0441\u0446\u0435\u043f\u043a\u0438 \u043c\u0435\u0442\u0430\u043b\u044c\u043d\u0430\u044f DL-60-***-01\"}]},{\"@type\":\"WebSite\",\"@id\":\"https:\/\/darpol.bydgoszcz.pl\/#website\",\"url\":\"https:\/\/darpol.bydgoszcz.pl\/\",\"name\":\"Darpol Bydgoszcz\",\"description\":\"\",\"potentialAction\":[{\"@type\":\"SearchAction\",\"target\":{\"@type\":\"EntryPoint\",\"urlTemplate\":\"https:\/\/darpol.bydgoszcz.pl\/?s={search_term_string}\"},\"query-input\":\"required name=search_term_string\"}],\"inLanguage\":\"ru-RU\"}]}<\/script>\n<!-- \/ Yoast SEO plugin. -->","yoast_head_json":{"title":"\u0417\u0430\u0449\u0438\u0442\u0430 \u0441\u0446\u0435\u043f\u043a\u0438 \u043c\u0435\u0442\u0430\u043b\u044c\u043d\u0430\u044f DL-60-***-01 - Darpol Bydgoszcz","description":"\u0417\u0430\u0449\u0438\u0442\u0430 \u0441\u0446\u0435\u043f\u043a\u0438 \u044d\u043b\u0435\u043a\u0442\u0440\u043e\u043f\u043e\u0435\u0437\u0434\u0430 DL-O 12 005-00","robots":{"index":"index","follow":"follow","max-snippet":"max-snippet:-1","max-image-preview":"max-image-preview:large","max-video-preview":"max-video-preview:-1"},"canonical":"https:\/\/darpol.bydgoszcz.pl\/ru\/predlagaet\/podvizhnoj-sostav\/ostalnye-zapchasti\/zaschita-scepki-elektropoezd-2\/","og_locale":"ru_RU","og_type":"article","og_title":"\u0417\u0430\u0449\u0438\u0442\u0430 \u0441\u0446\u0435\u043f\u043a\u0438 \u043c\u0435\u0442\u0430\u043b\u044c\u043d\u0430\u044f DL-60-***-01 - Darpol Bydgoszcz","og_description":"\u0417\u0430\u0449\u0438\u0442\u0430 \u0441\u0446\u0435\u043f\u043a\u0438 \u044d\u043b\u0435\u043a\u0442\u0440\u043e\u043f\u043e\u0435\u0437\u0434\u0430 DL-O 12 005-00","og_url":"https:\/\/darpol.bydgoszcz.pl\/ru\/predlagaet\/podvizhnoj-sostav\/ostalnye-zapchasti\/zaschita-scepki-elektropoezd-2\/","og_site_name":"Darpol Bydgoszcz","article_modified_time":"2024-04-17T11:11:34+00:00","og_image":[{"width":1599,"height":1001,"url":"https:\/\/darpol.bydgoszcz.pl\/wp-content\/uploads\/DL-60-011-01-Oslona-sprzegu-czolowa-EN57-metalowa.jpg","type":"image\/jpeg"}],"twitter_card":"summary_large_image","twitter_misc":{"\u041f\u0440\u0438\u043c\u0435\u0440\u043d\u043e\u0435 \u0432\u0440\u0435\u043c\u044f \u0434\u043b\u044f \u0447\u0442\u0435\u043d\u0438\u044f":"1 \u043c\u0438\u043d\u0443\u0442\u0430"},"schema":{"@context":"https:\/\/schema.org","@graph":[{"@type":"WebPage","@id":"https:\/\/darpol.bydgoszcz.pl\/ru\/predlagaet\/podvizhnoj-sostav\/ostalnye-zapchasti\/zaschita-scepki-elektropoezd-2\/","url":"https:\/\/darpol.bydgoszcz.pl\/ru\/predlagaet\/podvizhnoj-sostav\/ostalnye-zapchasti\/zaschita-scepki-elektropoezd-2\/","name":"\u0417\u0430\u0449\u0438\u0442\u0430 \u0441\u0446\u0435\u043f\u043a\u0438 \u043c\u0435\u0442\u0430\u043b\u044c\u043d\u0430\u044f DL-60-***-01 - Darpol Bydgoszcz","isPartOf":{"@id":"https:\/\/darpol.bydgoszcz.pl\/#website"},"primaryImageOfPage":{"@id":"https:\/\/darpol.bydgoszcz.pl\/ru\/predlagaet\/podvizhnoj-sostav\/ostalnye-zapchasti\/zaschita-scepki-elektropoezd-2\/#primaryimage"},"image":{"@id":"https:\/\/darpol.bydgoszcz.pl\/ru\/predlagaet\/podvizhnoj-sostav\/ostalnye-zapchasti\/zaschita-scepki-elektropoezd-2\/#primaryimage"},"thumbnailUrl":"https:\/\/darpol.bydgoszcz.pl\/wp-content\/uploads\/DL-60-011-01-Oslona-sprzegu-czolowa-EN57-metalowa.jpg","datePublished":"2016-03-21T13:18:51+00:00","dateModified":"2024-04-17T11:11:34+00:00","description":"\u0417\u0430\u0449\u0438\u0442\u0430 \u0441\u0446\u0435\u043f\u043a\u0438 \u044d\u043b\u0435\u043a\u0442\u0440\u043e\u043f\u043e\u0435\u0437\u0434\u0430 DL-O 12 005-00","breadcrumb":{"@id":"https:\/\/darpol.bydgoszcz.pl\/ru\/predlagaet\/podvizhnoj-sostav\/ostalnye-zapchasti\/zaschita-scepki-elektropoezd-2\/#breadcrumb"},"inLanguage":"ru-RU","potentialAction":[{"@type":"ReadAction","target":["https:\/\/darpol.bydgoszcz.pl\/ru\/predlagaet\/podvizhnoj-sostav\/ostalnye-zapchasti\/zaschita-scepki-elektropoezd-2\/"]}]},{"@type":"ImageObject","inLanguage":"ru-RU","@id":"https:\/\/darpol.bydgoszcz.pl\/ru\/predlagaet\/podvizhnoj-sostav\/ostalnye-zapchasti\/zaschita-scepki-elektropoezd-2\/#primaryimage","url":"https:\/\/darpol.bydgoszcz.pl\/wp-content\/uploads\/DL-60-011-01-Oslona-sprzegu-czolowa-EN57-metalowa.jpg","contentUrl":"https:\/\/darpol.bydgoszcz.pl\/wp-content\/uploads\/DL-60-011-01-Oslona-sprzegu-czolowa-EN57-metalowa.jpg","width":1599,"height":1001,"caption":"DL6001101 Os\u0142ona sprz\u0119gu czo\u0142owego EN57 metalowa"},{"@type":"BreadcrumbList","@id":"https:\/\/darpol.bydgoszcz.pl\/ru\/predlagaet\/podvizhnoj-sostav\/ostalnye-zapchasti\/zaschita-scepki-elektropoezd-2\/#breadcrumb","itemListElement":[{"@type":"ListItem","position":1,"name":"Strona g\u0142\u00f3wna","item":"https:\/\/darpol.bydgoszcz.pl\/ru\/"},{"@type":"ListItem","position":2,"name":"Oferta","item":"https:\/\/darpol.bydgoszcz.pl\/oferta\/"},{"@type":"ListItem","position":3,"name":"\u0417\u0430\u0449\u0438\u0442\u0430 \u0441\u0446\u0435\u043f\u043a\u0438 \u043c\u0435\u0442\u0430\u043b\u044c\u043d\u0430\u044f DL-60-***-01"}]},{"@type":"WebSite","@id":"https:\/\/darpol.bydgoszcz.pl\/#website","url":"https:\/\/darpol.bydgoszcz.pl\/","name":"Darpol Bydgoszcz","description":"","potentialAction":[{"@type":"SearchAction","target":{"@type":"EntryPoint","urlTemplate":"https:\/\/darpol.bydgoszcz.pl\/?s={search_term_string}"},"query-input":"required name=search_term_string"}],"inLanguage":"ru-RU"}]}},"_links":{"self":[{"href":"https:\/\/darpol.bydgoszcz.pl\/ru\/wp-json\/wp\/v2\/product\/17355","targetHints":{"allow":["GET"]}}],"collection":[{"href":"https:\/\/darpol.bydgoszcz.pl\/ru\/wp-json\/wp\/v2\/product"}],"about":[{"href":"https:\/\/darpol.bydgoszcz.pl\/ru\/wp-json\/wp\/v2\/types\/product"}],"wp:featuredmedia":[{"embeddable":true,"href":"https:\/\/darpol.bydgoszcz.pl\/ru\/wp-json\/wp\/v2\/media\/53472"}],"wp:attachment":[{"href":"https:\/\/darpol.bydgoszcz.pl\/ru\/wp-json\/wp\/v2\/media?parent=17355"}],"wp:term":[{"taxonomy":"product_cat","embeddable":true,"href":"https:\/\/darpol.bydgoszcz.pl\/ru\/wp-json\/wp\/v2\/product_cat?post=17355"},{"taxonomy":"product_tag","embeddable":true,"href":"https:\/\/darpol.bydgoszcz.pl\/ru\/wp-json\/wp\/v2\/product_tag?post=17355"}],"curies":[{"name":"wp","href":"https:\/\/api.w.org\/{rel}","templated":true}]}}