{"id":17097,"date":"2015-12-21T16:24:49","date_gmt":"2015-12-21T15:24:49","guid":{"rendered":"http:\/\/darpol.bydgoszcz.pl\/sklep\/elektrovozy-i-teplovozy\/oslona-przeciwsloneczna-srodkowa-z-uchwytem-dl-o-25-002-06-2\/"},"modified":"2015-12-21T16:24:49","modified_gmt":"2015-12-21T15:24:49","slug":"oslona-przeciwsloneczna-srodkowa-z-uchwytem-dl-o-25-002-06-2","status":"publish","type":"product","link":"https:\/\/darpol.bydgoszcz.pl\/ru\/predlagaet\/podvizhnoj-sostav\/elektrovozy-i-teplovozy\/oslona-przeciwsloneczna-srodkowa-z-uchwytem-dl-o-25-002-06-2\/","title":{"rendered":"Os\u0142ona przeciws\u0142oneczna \u015brodkowa z uchwytem DL-O 25 002-06"},"content":{"rendered":"<div style=\"clear:both\"><a href=\"javascript:window.print()\"><i class=\"fa fa-print\" aria-hidden=\"true\"><\/i> \u043f\u0435\u0447\u0430\u0442\u044c<\/a><\/div>","protected":false},"excerpt":{"rendered":"<p>\u043f\u0435\u0447\u0430\u0442\u044c<\/p>\n","protected":false},"featured_media":17096,"template":"","meta":{"om_disable_all_campaigns":false,"_monsterinsights_skip_tracking":false,"_monsterinsights_sitenote_active":false,"_monsterinsights_sitenote_note":"","_monsterinsights_sitenote_category":0,"_uf_show_specific_survey":0,"_uf_disable_surveys":false},"product_cat":[329,335],"product_tag":[2481,786,3170,1276,1930],"class_list":{"0":"post-17097","1":"product","2":"type-product","3":"status-publish","4":"has-post-thumbnail","6":"product_cat-elektrovozy-i-teplovozy","7":"product_cat-elektrodizelpoezda","8":"product_tag-dl-o-25-002-06","9":"product_tag-lokomotywa","10":"product_tag-oslona-ru","11":"product_tag-oslona","12":"product_tag-przeciwsloneczna","14":"first","15":"instock","16":"shipping-taxable","17":"purchasable","18":"product-type-simple"},"yoast_head":"<!-- This site is optimized with the Yoast SEO plugin v23.0 - https:\/\/yoast.com\/wordpress\/plugins\/seo\/ -->\n<title>Os\u0142ona przeciws\u0142oneczna \u015brodkowa z uchwytem DL-O 25 002-06 - Darpol Bydgoszcz<\/title>\n<meta name=\"robots\" content=\"index, follow, max-snippet:-1, max-image-preview:large, max-video-preview:-1\" \/>\n<link rel=\"canonical\" href=\"https:\/\/darpol.bydgoszcz.pl\/ru\/predlagaet\/podvizhnoj-sostav\/elektrovozy-i-teplovozy\/oslona-przeciwsloneczna-srodkowa-z-uchwytem-dl-o-25-002-06-2\/\" \/>\n<meta property=\"og:locale\" content=\"ru_RU\" \/>\n<meta property=\"og:type\" content=\"article\" \/>\n<meta property=\"og:title\" content=\"Os\u0142ona przeciws\u0142oneczna \u015brodkowa z uchwytem DL-O 25 002-06 - Darpol Bydgoszcz\" \/>\n<meta property=\"og:description\" content=\"\u043f\u0435\u0447\u0430\u0442\u044c\" \/>\n<meta property=\"og:url\" content=\"https:\/\/darpol.bydgoszcz.pl\/ru\/predlagaet\/podvizhnoj-sostav\/elektrovozy-i-teplovozy\/oslona-przeciwsloneczna-srodkowa-z-uchwytem-dl-o-25-002-06-2\/\" \/>\n<meta property=\"og:site_name\" content=\"Darpol Bydgoszcz\" \/>\n<meta property=\"og:image\" content=\"https:\/\/darpol.bydgoszcz.pl\/wp-content\/uploads\/977-1388-oslona-przeciwsloneczna-srodkowa-z-uchwytem-dl-o-25-002-06.jpg\" \/>\n\t<meta property=\"og:image:width\" content=\"768\" \/>\n\t<meta property=\"og:image:height\" content=\"434\" \/>\n\t<meta property=\"og:image:type\" content=\"image\/jpeg\" \/>\n<meta name=\"twitter:card\" content=\"summary_large_image\" \/>\n<script type=\"application\/ld+json\" class=\"yoast-schema-graph\">{\"@context\":\"https:\/\/schema.org\",\"@graph\":[{\"@type\":\"WebPage\",\"@id\":\"https:\/\/darpol.bydgoszcz.pl\/ru\/predlagaet\/podvizhnoj-sostav\/elektrovozy-i-teplovozy\/oslona-przeciwsloneczna-srodkowa-z-uchwytem-dl-o-25-002-06-2\/\",\"url\":\"https:\/\/darpol.bydgoszcz.pl\/ru\/predlagaet\/podvizhnoj-sostav\/elektrovozy-i-teplovozy\/oslona-przeciwsloneczna-srodkowa-z-uchwytem-dl-o-25-002-06-2\/\",\"name\":\"Os\u0142ona przeciws\u0142oneczna \u015brodkowa z uchwytem DL-O 25 002-06 - Darpol Bydgoszcz\",\"isPartOf\":{\"@id\":\"https:\/\/darpol.bydgoszcz.pl\/#website\"},\"primaryImageOfPage\":{\"@id\":\"https:\/\/darpol.bydgoszcz.pl\/ru\/predlagaet\/podvizhnoj-sostav\/elektrovozy-i-teplovozy\/oslona-przeciwsloneczna-srodkowa-z-uchwytem-dl-o-25-002-06-2\/#primaryimage\"},\"image\":{\"@id\":\"https:\/\/darpol.bydgoszcz.pl\/ru\/predlagaet\/podvizhnoj-sostav\/elektrovozy-i-teplovozy\/oslona-przeciwsloneczna-srodkowa-z-uchwytem-dl-o-25-002-06-2\/#primaryimage\"},\"thumbnailUrl\":\"https:\/\/darpol.bydgoszcz.pl\/wp-content\/uploads\/977-1388-oslona-przeciwsloneczna-srodkowa-z-uchwytem-dl-o-25-002-06.jpg\",\"datePublished\":\"2015-12-21T15:24:49+00:00\",\"dateModified\":\"2015-12-21T15:24:49+00:00\",\"breadcrumb\":{\"@id\":\"https:\/\/darpol.bydgoszcz.pl\/ru\/predlagaet\/podvizhnoj-sostav\/elektrovozy-i-teplovozy\/oslona-przeciwsloneczna-srodkowa-z-uchwytem-dl-o-25-002-06-2\/#breadcrumb\"},\"inLanguage\":\"ru-RU\",\"potentialAction\":[{\"@type\":\"ReadAction\",\"target\":[\"https:\/\/darpol.bydgoszcz.pl\/ru\/predlagaet\/podvizhnoj-sostav\/elektrovozy-i-teplovozy\/oslona-przeciwsloneczna-srodkowa-z-uchwytem-dl-o-25-002-06-2\/\"]}]},{\"@type\":\"ImageObject\",\"inLanguage\":\"ru-RU\",\"@id\":\"https:\/\/darpol.bydgoszcz.pl\/ru\/predlagaet\/podvizhnoj-sostav\/elektrovozy-i-teplovozy\/oslona-przeciwsloneczna-srodkowa-z-uchwytem-dl-o-25-002-06-2\/#primaryimage\",\"url\":\"https:\/\/darpol.bydgoszcz.pl\/wp-content\/uploads\/977-1388-oslona-przeciwsloneczna-srodkowa-z-uchwytem-dl-o-25-002-06.jpg\",\"contentUrl\":\"https:\/\/darpol.bydgoszcz.pl\/wp-content\/uploads\/977-1388-oslona-przeciwsloneczna-srodkowa-z-uchwytem-dl-o-25-002-06.jpg\",\"width\":768,\"height\":434,\"caption\":\"Os\u0142ona przeciws\u0142oneczna \u015brodkowa z uchwytem DL-O 25 002-06\"},{\"@type\":\"BreadcrumbList\",\"@id\":\"https:\/\/darpol.bydgoszcz.pl\/ru\/predlagaet\/podvizhnoj-sostav\/elektrovozy-i-teplovozy\/oslona-przeciwsloneczna-srodkowa-z-uchwytem-dl-o-25-002-06-2\/#breadcrumb\",\"itemListElement\":[{\"@type\":\"ListItem\",\"position\":1,\"name\":\"Strona g\u0142\u00f3wna\",\"item\":\"https:\/\/darpol.bydgoszcz.pl\/ru\/\"},{\"@type\":\"ListItem\",\"position\":2,\"name\":\"Oferta\",\"item\":\"https:\/\/darpol.bydgoszcz.pl\/oferta\/\"},{\"@type\":\"ListItem\",\"position\":3,\"name\":\"Os\u0142ona przeciws\u0142oneczna \u015brodkowa z uchwytem DL-O 25 002-06\"}]},{\"@type\":\"WebSite\",\"@id\":\"https:\/\/darpol.bydgoszcz.pl\/#website\",\"url\":\"https:\/\/darpol.bydgoszcz.pl\/\",\"name\":\"Darpol Bydgoszcz\",\"description\":\"\",\"potentialAction\":[{\"@type\":\"SearchAction\",\"target\":{\"@type\":\"EntryPoint\",\"urlTemplate\":\"https:\/\/darpol.bydgoszcz.pl\/?s={search_term_string}\"},\"query-input\":\"required name=search_term_string\"}],\"inLanguage\":\"ru-RU\"}]}<\/script>\n<!-- \/ Yoast SEO plugin. -->","yoast_head_json":{"title":"Os\u0142ona przeciws\u0142oneczna \u015brodkowa z uchwytem DL-O 25 002-06 - Darpol Bydgoszcz","robots":{"index":"index","follow":"follow","max-snippet":"max-snippet:-1","max-image-preview":"max-image-preview:large","max-video-preview":"max-video-preview:-1"},"canonical":"https:\/\/darpol.bydgoszcz.pl\/ru\/predlagaet\/podvizhnoj-sostav\/elektrovozy-i-teplovozy\/oslona-przeciwsloneczna-srodkowa-z-uchwytem-dl-o-25-002-06-2\/","og_locale":"ru_RU","og_type":"article","og_title":"Os\u0142ona przeciws\u0142oneczna \u015brodkowa z uchwytem DL-O 25 002-06 - Darpol Bydgoszcz","og_description":"\u043f\u0435\u0447\u0430\u0442\u044c","og_url":"https:\/\/darpol.bydgoszcz.pl\/ru\/predlagaet\/podvizhnoj-sostav\/elektrovozy-i-teplovozy\/oslona-przeciwsloneczna-srodkowa-z-uchwytem-dl-o-25-002-06-2\/","og_site_name":"Darpol Bydgoszcz","og_image":[{"width":768,"height":434,"url":"https:\/\/darpol.bydgoszcz.pl\/wp-content\/uploads\/977-1388-oslona-przeciwsloneczna-srodkowa-z-uchwytem-dl-o-25-002-06.jpg","type":"image\/jpeg"}],"twitter_card":"summary_large_image","schema":{"@context":"https:\/\/schema.org","@graph":[{"@type":"WebPage","@id":"https:\/\/darpol.bydgoszcz.pl\/ru\/predlagaet\/podvizhnoj-sostav\/elektrovozy-i-teplovozy\/oslona-przeciwsloneczna-srodkowa-z-uchwytem-dl-o-25-002-06-2\/","url":"https:\/\/darpol.bydgoszcz.pl\/ru\/predlagaet\/podvizhnoj-sostav\/elektrovozy-i-teplovozy\/oslona-przeciwsloneczna-srodkowa-z-uchwytem-dl-o-25-002-06-2\/","name":"Os\u0142ona przeciws\u0142oneczna \u015brodkowa z uchwytem DL-O 25 002-06 - Darpol Bydgoszcz","isPartOf":{"@id":"https:\/\/darpol.bydgoszcz.pl\/#website"},"primaryImageOfPage":{"@id":"https:\/\/darpol.bydgoszcz.pl\/ru\/predlagaet\/podvizhnoj-sostav\/elektrovozy-i-teplovozy\/oslona-przeciwsloneczna-srodkowa-z-uchwytem-dl-o-25-002-06-2\/#primaryimage"},"image":{"@id":"https:\/\/darpol.bydgoszcz.pl\/ru\/predlagaet\/podvizhnoj-sostav\/elektrovozy-i-teplovozy\/oslona-przeciwsloneczna-srodkowa-z-uchwytem-dl-o-25-002-06-2\/#primaryimage"},"thumbnailUrl":"https:\/\/darpol.bydgoszcz.pl\/wp-content\/uploads\/977-1388-oslona-przeciwsloneczna-srodkowa-z-uchwytem-dl-o-25-002-06.jpg","datePublished":"2015-12-21T15:24:49+00:00","dateModified":"2015-12-21T15:24:49+00:00","breadcrumb":{"@id":"https:\/\/darpol.bydgoszcz.pl\/ru\/predlagaet\/podvizhnoj-sostav\/elektrovozy-i-teplovozy\/oslona-przeciwsloneczna-srodkowa-z-uchwytem-dl-o-25-002-06-2\/#breadcrumb"},"inLanguage":"ru-RU","potentialAction":[{"@type":"ReadAction","target":["https:\/\/darpol.bydgoszcz.pl\/ru\/predlagaet\/podvizhnoj-sostav\/elektrovozy-i-teplovozy\/oslona-przeciwsloneczna-srodkowa-z-uchwytem-dl-o-25-002-06-2\/"]}]},{"@type":"ImageObject","inLanguage":"ru-RU","@id":"https:\/\/darpol.bydgoszcz.pl\/ru\/predlagaet\/podvizhnoj-sostav\/elektrovozy-i-teplovozy\/oslona-przeciwsloneczna-srodkowa-z-uchwytem-dl-o-25-002-06-2\/#primaryimage","url":"https:\/\/darpol.bydgoszcz.pl\/wp-content\/uploads\/977-1388-oslona-przeciwsloneczna-srodkowa-z-uchwytem-dl-o-25-002-06.jpg","contentUrl":"https:\/\/darpol.bydgoszcz.pl\/wp-content\/uploads\/977-1388-oslona-przeciwsloneczna-srodkowa-z-uchwytem-dl-o-25-002-06.jpg","width":768,"height":434,"caption":"Os\u0142ona przeciws\u0142oneczna \u015brodkowa z uchwytem DL-O 25 002-06"},{"@type":"BreadcrumbList","@id":"https:\/\/darpol.bydgoszcz.pl\/ru\/predlagaet\/podvizhnoj-sostav\/elektrovozy-i-teplovozy\/oslona-przeciwsloneczna-srodkowa-z-uchwytem-dl-o-25-002-06-2\/#breadcrumb","itemListElement":[{"@type":"ListItem","position":1,"name":"Strona g\u0142\u00f3wna","item":"https:\/\/darpol.bydgoszcz.pl\/ru\/"},{"@type":"ListItem","position":2,"name":"Oferta","item":"https:\/\/darpol.bydgoszcz.pl\/oferta\/"},{"@type":"ListItem","position":3,"name":"Os\u0142ona przeciws\u0142oneczna \u015brodkowa z uchwytem DL-O 25 002-06"}]},{"@type":"WebSite","@id":"https:\/\/darpol.bydgoszcz.pl\/#website","url":"https:\/\/darpol.bydgoszcz.pl\/","name":"Darpol Bydgoszcz","description":"","potentialAction":[{"@type":"SearchAction","target":{"@type":"EntryPoint","urlTemplate":"https:\/\/darpol.bydgoszcz.pl\/?s={search_term_string}"},"query-input":"required name=search_term_string"}],"inLanguage":"ru-RU"}]}},"_links":{"self":[{"href":"https:\/\/darpol.bydgoszcz.pl\/ru\/wp-json\/wp\/v2\/product\/17097","targetHints":{"allow":["GET"]}}],"collection":[{"href":"https:\/\/darpol.bydgoszcz.pl\/ru\/wp-json\/wp\/v2\/product"}],"about":[{"href":"https:\/\/darpol.bydgoszcz.pl\/ru\/wp-json\/wp\/v2\/types\/product"}],"wp:featuredmedia":[{"embeddable":true,"href":"https:\/\/darpol.bydgoszcz.pl\/ru\/wp-json\/wp\/v2\/media\/17096"}],"wp:attachment":[{"href":"https:\/\/darpol.bydgoszcz.pl\/ru\/wp-json\/wp\/v2\/media?parent=17097"}],"wp:term":[{"taxonomy":"product_cat","embeddable":true,"href":"https:\/\/darpol.bydgoszcz.pl\/ru\/wp-json\/wp\/v2\/product_cat?post=17097"},{"taxonomy":"product_tag","embeddable":true,"href":"https:\/\/darpol.bydgoszcz.pl\/ru\/wp-json\/wp\/v2\/product_tag?post=17097"}],"curies":[{"name":"wp","href":"https:\/\/api.w.org\/{rel}","templated":true}]}}