{"id":15953,"date":"2014-06-30T18:17:23","date_gmt":"2014-06-30T16:17:23","guid":{"rendered":"http:\/\/darpol.bydgoszcz.pl\/sklep\/passazhirskie-vagony\/lampa-dlia-chtenia-led-dl-13-021-00\/"},"modified":"2014-06-30T18:17:23","modified_gmt":"2014-06-30T16:17:23","slug":"lampa-dlia-chtenia-led-dl-13-021-00","status":"publish","type":"product","link":"https:\/\/darpol.bydgoszcz.pl\/ru\/predlagaet\/podvizhnoj-sostav\/passazhirskie-vagony\/lampa-dlia-chtenia-led-dl-13-021-00\/","title":{"rendered":"\u041b\u0430\u043c\u043f\u0430 \u0434\u043b\u044f \u0447\u0442\u0435\u043d\u0438\u044f LED   DL-13-021-00"},"content":{"rendered":"<p><span style=\"color: #333333;\">\u041b\u0430\u043c\u043f\u0430 \u0434\u043b\u044f \u0447\u0442\u0435\u043d\u0438\u044f (\u0441\u0438\u043c\u0432\u043e\u043b DL-13-021-00) \u043a\u0440\u0435\u043f\u0438\u0442\u0441\u044f \u0432 \u043f\u043e\u043b\u043a\u0435 \u0434\u043b\u044f \u0431\u0430\u0433\u0430\u0436\u0430 \u043d\u0430\u0434 \u043a\u0440\u0435\u0441\u043b\u043e\u043c \u043f\u0430\u0441\u0441\u0430\u0436\u0438\u0440\u0430.<\/span><\/p>\n<p><span style=\"color: #333333;\"> <\/span><\/p>\n<p><span style=\"color: #333333;\">\u0422\u0435\u0445\u043d\u043e\u043b\u043e\u0433\u0438\u044f LED\u0441\u043f\u043e\u0441\u043e\u0431\u0441\u0442\u0432\u0443\u0435\u0442 \u044d\u043a\u043e\u043d\u043e\u043c\u0438\u043a\u0435 \u044d\u043d\u0435\u0440\u0433\u0438\u0438 \u0438 \u0432\u043b\u0438\u044f\u0435\u0442 \u043d\u0430 \u044d\u0441\u0442\u0435\u0442\u0438\u043a\u0443 \u043b\u0430\u043c\u043f\u044b \u0438 \u043a\u0443\u043f\u0435.<br \/><\/span><\/p>\n<div id=\"gt-src-tools\">\n<div id=\"gt-src-tools-l\">\n<div id=\"gt-input-tool\" style=\"display: inline-block;\">\n<div id=\"itamenu\"><span style=\"color: #333333;\">&nbsp;<\/span><\/div>\n<\/p><\/div>\n<\/p><\/div>\n<\/p><\/div>\n<p><span style=\"color: #333333;\">&nbsp;<\/span><\/p>\n<p><span style=\"color: #333333;\"><span style=\"text-decoration: underline;\">\u041d\u0430\u043f\u0440\u044f\u0436\u0435\u043d\u0438\u0435:<\/span><\/span><\/p>\n<p><span style=\"color: #333333;\"> <\/span><\/p>\n<p><span style=\"color: #333333;\">24V DC<br \/><\/span><\/p>\n<p><span style=\"color: #333333;\"> <\/span><\/p>\n<p><span style=\"color: #333333;\"><br \/><\/span><\/p>\n<p><span style=\"color: #333333;\"> <\/span><\/p>\n<p><span style=\"color: #333333;\"><span style=\"text-decoration: underline;\">\u0423\u043f\u043e\u0442\u0440\u0435\u0431\u043b\u0435\u043d\u0438\u0435:<\/span><\/span><\/p>\n<p><span style=\"color: #333333;\"> <\/span><span style=\"color: #333333;\"><span style=\"color: #333333;\">\u043f\u0430\u0441\u0441\u0430\u0436\u0438\u0440\u0441\u043a\u0438\u0435 \u0432\u0430\u0433\u043e\u043d\u044b<\/span><\/span><\/p>\n<div style=\"clear:both\"><a href=\"javascript:window.print()\"><i class=\"fa fa-print\" aria-hidden=\"true\"><\/i> \u043f\u0435\u0447\u0430\u0442\u044c<\/a><\/div>","protected":false},"excerpt":{"rendered":"<p>\u041b\u0430\u043c\u043f\u0430 \u0434\u043b\u044f \u0447\u0442\u0435\u043d\u0438\u044f (\u0441\u0438\u043c\u0432\u043e\u043b DL-13-021-00) \u043a\u0440\u0435\u043f\u0438\u0442\u0441\u044f \u0432 \u043f\u043e\u043b\u043a\u0435 \u0434\u043b\u044f \u0431\u0430\u0433\u0430\u0436\u0430 \u043d\u0430\u0434 \u043a\u0440\u0435\u0441\u043b\u043e\u043c \u043f\u0430\u0441\u0441\u0430\u0436\u0438\u0440\u0430. \u0422\u0435\u0445\u043d\u043e\u043b\u043e\u0433\u0438\u044f LED\u0441\u043f\u043e\u0441\u043e\u0431\u0441\u0442\u0432\u0443\u0435\u0442 \u044d\u043a\u043e\u043d\u043e\u043c\u0438\u043a\u0435 \u044d\u043d\u0435\u0440\u0433\u0438\u0438 \u0438 \u0432\u043b\u0438\u044f\u0435\u0442 \u043d\u0430 \u044d\u0441\u0442\u0435\u0442\u0438\u043a\u0443 \u043b\u0430\u043c\u043f\u044b \u0438 \u043a\u0443\u043f\u0435. &nbsp; &nbsp; \u041d\u0430\u043f\u0440\u044f\u0436\u0435\u043d\u0438\u0435: 24V DC \u0423\u043f\u043e\u0442\u0440\u0435\u0431\u043b\u0435\u043d\u0438\u0435: \u043f\u0430\u0441\u0441\u0430\u0436\u0438\u0440\u0441\u043a\u0438\u0435 \u0432\u0430\u0433\u043e\u043d\u044b \u043f\u0435\u0447\u0430\u0442\u044c<\/p>\n","protected":false},"featured_media":15951,"template":"","meta":{"om_disable_all_campaigns":false,"_monsterinsights_skip_tracking":false,"_monsterinsights_sitenote_active":false,"_monsterinsights_sitenote_note":"","_monsterinsights_sitenote_category":0,"_uf_show_specific_survey":0,"_uf_disable_surveys":false},"product_cat":[341],"product_tag":[1983,391,392,1975,1617,453,717,2159,2254,890,1982,1984,414,431,2255],"class_list":{"0":"post-15953","1":"product","2":"type-product","3":"status-publish","4":"has-post-thumbnail","6":"product_cat-passazhirskie-vagony","7":"product_tag-bagazowa","8":"product_tag-bydgoszcz","9":"product_tag-darpol","10":"product_tag-do-czytania","11":"product_tag-ic","12":"product_tag-intercity","13":"product_tag-lampka","14":"product_tag-led","15":"product_tag-pasazer","16":"product_tag-pesa","17":"product_tag-polka","18":"product_tag-polki","19":"product_tag-wagon","20":"product_tag-wagony","21":"product_tag-wbudowana","23":"first","24":"instock","25":"shipping-taxable","26":"purchasable","27":"product-type-simple"},"yoast_head":"<!-- This site is optimized with the Yoast SEO plugin v23.0 - https:\/\/yoast.com\/wordpress\/plugins\/seo\/ -->\n<title>\u041b\u0430\u043c\u043f\u0430 \u0434\u043b\u044f \u0447\u0442\u0435\u043d\u0438\u044f LED  DL-13-021-00 - Darpol Bydgoszcz<\/title>\n<meta name=\"description\" content=\"\u041b\u0430\u043c\u043f\u0430 \u0434\u043b\u044f \u0447\u0442\u0435\u043d\u0438\u044f LED  DL-13-021-00\" \/>\n<meta name=\"robots\" content=\"index, follow, max-snippet:-1, max-image-preview:large, max-video-preview:-1\" \/>\n<link rel=\"canonical\" href=\"https:\/\/darpol.bydgoszcz.pl\/ru\/predlagaet\/podvizhnoj-sostav\/passazhirskie-vagony\/lampa-dlia-chtenia-led-dl-13-021-00\/\" \/>\n<meta property=\"og:locale\" content=\"ru_RU\" \/>\n<meta property=\"og:type\" content=\"article\" \/>\n<meta property=\"og:title\" content=\"\u041b\u0430\u043c\u043f\u0430 \u0434\u043b\u044f \u0447\u0442\u0435\u043d\u0438\u044f LED  DL-13-021-00 - Darpol Bydgoszcz\" \/>\n<meta property=\"og:description\" content=\"\u041b\u0430\u043c\u043f\u0430 \u0434\u043b\u044f \u0447\u0442\u0435\u043d\u0438\u044f LED  DL-13-021-00\" \/>\n<meta property=\"og:url\" content=\"https:\/\/darpol.bydgoszcz.pl\/ru\/predlagaet\/podvizhnoj-sostav\/passazhirskie-vagony\/lampa-dlia-chtenia-led-dl-13-021-00\/\" \/>\n<meta property=\"og:site_name\" content=\"Darpol Bydgoszcz\" \/>\n<meta property=\"og:image\" content=\"https:\/\/darpol.bydgoszcz.pl\/wp-content\/uploads\/883-1238-lampka-polki-bagazowej-do-czytania-led-24v-dl-13-021-00.jpg\" \/>\n\t<meta property=\"og:image:width\" content=\"448\" \/>\n\t<meta property=\"og:image:height\" content=\"263\" \/>\n\t<meta property=\"og:image:type\" content=\"image\/jpeg\" \/>\n<meta name=\"twitter:card\" content=\"summary_large_image\" \/>\n<script type=\"application\/ld+json\" class=\"yoast-schema-graph\">{\"@context\":\"https:\/\/schema.org\",\"@graph\":[{\"@type\":\"WebPage\",\"@id\":\"https:\/\/darpol.bydgoszcz.pl\/ru\/predlagaet\/podvizhnoj-sostav\/passazhirskie-vagony\/lampa-dlia-chtenia-led-dl-13-021-00\/\",\"url\":\"https:\/\/darpol.bydgoszcz.pl\/ru\/predlagaet\/podvizhnoj-sostav\/passazhirskie-vagony\/lampa-dlia-chtenia-led-dl-13-021-00\/\",\"name\":\"\u041b\u0430\u043c\u043f\u0430 \u0434\u043b\u044f \u0447\u0442\u0435\u043d\u0438\u044f LED DL-13-021-00 - Darpol Bydgoszcz\",\"isPartOf\":{\"@id\":\"https:\/\/darpol.bydgoszcz.pl\/#website\"},\"primaryImageOfPage\":{\"@id\":\"https:\/\/darpol.bydgoszcz.pl\/ru\/predlagaet\/podvizhnoj-sostav\/passazhirskie-vagony\/lampa-dlia-chtenia-led-dl-13-021-00\/#primaryimage\"},\"image\":{\"@id\":\"https:\/\/darpol.bydgoszcz.pl\/ru\/predlagaet\/podvizhnoj-sostav\/passazhirskie-vagony\/lampa-dlia-chtenia-led-dl-13-021-00\/#primaryimage\"},\"thumbnailUrl\":\"https:\/\/darpol.bydgoszcz.pl\/wp-content\/uploads\/883-1238-lampka-polki-bagazowej-do-czytania-led-24v-dl-13-021-00.jpg\",\"datePublished\":\"2014-06-30T16:17:23+00:00\",\"dateModified\":\"2014-06-30T16:17:23+00:00\",\"description\":\"\u041b\u0430\u043c\u043f\u0430 \u0434\u043b\u044f \u0447\u0442\u0435\u043d\u0438\u044f LED DL-13-021-00\",\"breadcrumb\":{\"@id\":\"https:\/\/darpol.bydgoszcz.pl\/ru\/predlagaet\/podvizhnoj-sostav\/passazhirskie-vagony\/lampa-dlia-chtenia-led-dl-13-021-00\/#breadcrumb\"},\"inLanguage\":\"ru-RU\",\"potentialAction\":[{\"@type\":\"ReadAction\",\"target\":[\"https:\/\/darpol.bydgoszcz.pl\/ru\/predlagaet\/podvizhnoj-sostav\/passazhirskie-vagony\/lampa-dlia-chtenia-led-dl-13-021-00\/\"]}]},{\"@type\":\"ImageObject\",\"inLanguage\":\"ru-RU\",\"@id\":\"https:\/\/darpol.bydgoszcz.pl\/ru\/predlagaet\/podvizhnoj-sostav\/passazhirskie-vagony\/lampa-dlia-chtenia-led-dl-13-021-00\/#primaryimage\",\"url\":\"https:\/\/darpol.bydgoszcz.pl\/wp-content\/uploads\/883-1238-lampka-polki-bagazowej-do-czytania-led-24v-dl-13-021-00.jpg\",\"contentUrl\":\"https:\/\/darpol.bydgoszcz.pl\/wp-content\/uploads\/883-1238-lampka-polki-bagazowej-do-czytania-led-24v-dl-13-021-00.jpg\",\"width\":448,\"height\":263,\"caption\":\"Lampka p\u00f3\u0142ki baga\u017cowej do czytania LED 24V DL-13-021-00\"},{\"@type\":\"BreadcrumbList\",\"@id\":\"https:\/\/darpol.bydgoszcz.pl\/ru\/predlagaet\/podvizhnoj-sostav\/passazhirskie-vagony\/lampa-dlia-chtenia-led-dl-13-021-00\/#breadcrumb\",\"itemListElement\":[{\"@type\":\"ListItem\",\"position\":1,\"name\":\"Strona g\u0142\u00f3wna\",\"item\":\"https:\/\/darpol.bydgoszcz.pl\/ru\/\"},{\"@type\":\"ListItem\",\"position\":2,\"name\":\"Oferta\",\"item\":\"https:\/\/darpol.bydgoszcz.pl\/oferta\/\"},{\"@type\":\"ListItem\",\"position\":3,\"name\":\"\u041b\u0430\u043c\u043f\u0430 \u0434\u043b\u044f \u0447\u0442\u0435\u043d\u0438\u044f LED DL-13-021-00\"}]},{\"@type\":\"WebSite\",\"@id\":\"https:\/\/darpol.bydgoszcz.pl\/#website\",\"url\":\"https:\/\/darpol.bydgoszcz.pl\/\",\"name\":\"Darpol Bydgoszcz\",\"description\":\"\",\"potentialAction\":[{\"@type\":\"SearchAction\",\"target\":{\"@type\":\"EntryPoint\",\"urlTemplate\":\"https:\/\/darpol.bydgoszcz.pl\/?s={search_term_string}\"},\"query-input\":\"required name=search_term_string\"}],\"inLanguage\":\"ru-RU\"}]}<\/script>\n<!-- \/ Yoast SEO plugin. -->","yoast_head_json":{"title":"\u041b\u0430\u043c\u043f\u0430 \u0434\u043b\u044f \u0447\u0442\u0435\u043d\u0438\u044f LED  DL-13-021-00 - Darpol Bydgoszcz","description":"\u041b\u0430\u043c\u043f\u0430 \u0434\u043b\u044f \u0447\u0442\u0435\u043d\u0438\u044f LED  DL-13-021-00","robots":{"index":"index","follow":"follow","max-snippet":"max-snippet:-1","max-image-preview":"max-image-preview:large","max-video-preview":"max-video-preview:-1"},"canonical":"https:\/\/darpol.bydgoszcz.pl\/ru\/predlagaet\/podvizhnoj-sostav\/passazhirskie-vagony\/lampa-dlia-chtenia-led-dl-13-021-00\/","og_locale":"ru_RU","og_type":"article","og_title":"\u041b\u0430\u043c\u043f\u0430 \u0434\u043b\u044f \u0447\u0442\u0435\u043d\u0438\u044f LED  DL-13-021-00 - Darpol Bydgoszcz","og_description":"\u041b\u0430\u043c\u043f\u0430 \u0434\u043b\u044f \u0447\u0442\u0435\u043d\u0438\u044f LED  DL-13-021-00","og_url":"https:\/\/darpol.bydgoszcz.pl\/ru\/predlagaet\/podvizhnoj-sostav\/passazhirskie-vagony\/lampa-dlia-chtenia-led-dl-13-021-00\/","og_site_name":"Darpol Bydgoszcz","og_image":[{"width":448,"height":263,"url":"https:\/\/darpol.bydgoszcz.pl\/wp-content\/uploads\/883-1238-lampka-polki-bagazowej-do-czytania-led-24v-dl-13-021-00.jpg","type":"image\/jpeg"}],"twitter_card":"summary_large_image","schema":{"@context":"https:\/\/schema.org","@graph":[{"@type":"WebPage","@id":"https:\/\/darpol.bydgoszcz.pl\/ru\/predlagaet\/podvizhnoj-sostav\/passazhirskie-vagony\/lampa-dlia-chtenia-led-dl-13-021-00\/","url":"https:\/\/darpol.bydgoszcz.pl\/ru\/predlagaet\/podvizhnoj-sostav\/passazhirskie-vagony\/lampa-dlia-chtenia-led-dl-13-021-00\/","name":"\u041b\u0430\u043c\u043f\u0430 \u0434\u043b\u044f \u0447\u0442\u0435\u043d\u0438\u044f LED DL-13-021-00 - Darpol Bydgoszcz","isPartOf":{"@id":"https:\/\/darpol.bydgoszcz.pl\/#website"},"primaryImageOfPage":{"@id":"https:\/\/darpol.bydgoszcz.pl\/ru\/predlagaet\/podvizhnoj-sostav\/passazhirskie-vagony\/lampa-dlia-chtenia-led-dl-13-021-00\/#primaryimage"},"image":{"@id":"https:\/\/darpol.bydgoszcz.pl\/ru\/predlagaet\/podvizhnoj-sostav\/passazhirskie-vagony\/lampa-dlia-chtenia-led-dl-13-021-00\/#primaryimage"},"thumbnailUrl":"https:\/\/darpol.bydgoszcz.pl\/wp-content\/uploads\/883-1238-lampka-polki-bagazowej-do-czytania-led-24v-dl-13-021-00.jpg","datePublished":"2014-06-30T16:17:23+00:00","dateModified":"2014-06-30T16:17:23+00:00","description":"\u041b\u0430\u043c\u043f\u0430 \u0434\u043b\u044f \u0447\u0442\u0435\u043d\u0438\u044f LED DL-13-021-00","breadcrumb":{"@id":"https:\/\/darpol.bydgoszcz.pl\/ru\/predlagaet\/podvizhnoj-sostav\/passazhirskie-vagony\/lampa-dlia-chtenia-led-dl-13-021-00\/#breadcrumb"},"inLanguage":"ru-RU","potentialAction":[{"@type":"ReadAction","target":["https:\/\/darpol.bydgoszcz.pl\/ru\/predlagaet\/podvizhnoj-sostav\/passazhirskie-vagony\/lampa-dlia-chtenia-led-dl-13-021-00\/"]}]},{"@type":"ImageObject","inLanguage":"ru-RU","@id":"https:\/\/darpol.bydgoszcz.pl\/ru\/predlagaet\/podvizhnoj-sostav\/passazhirskie-vagony\/lampa-dlia-chtenia-led-dl-13-021-00\/#primaryimage","url":"https:\/\/darpol.bydgoszcz.pl\/wp-content\/uploads\/883-1238-lampka-polki-bagazowej-do-czytania-led-24v-dl-13-021-00.jpg","contentUrl":"https:\/\/darpol.bydgoszcz.pl\/wp-content\/uploads\/883-1238-lampka-polki-bagazowej-do-czytania-led-24v-dl-13-021-00.jpg","width":448,"height":263,"caption":"Lampka p\u00f3\u0142ki baga\u017cowej do czytania LED 24V DL-13-021-00"},{"@type":"BreadcrumbList","@id":"https:\/\/darpol.bydgoszcz.pl\/ru\/predlagaet\/podvizhnoj-sostav\/passazhirskie-vagony\/lampa-dlia-chtenia-led-dl-13-021-00\/#breadcrumb","itemListElement":[{"@type":"ListItem","position":1,"name":"Strona g\u0142\u00f3wna","item":"https:\/\/darpol.bydgoszcz.pl\/ru\/"},{"@type":"ListItem","position":2,"name":"Oferta","item":"https:\/\/darpol.bydgoszcz.pl\/oferta\/"},{"@type":"ListItem","position":3,"name":"\u041b\u0430\u043c\u043f\u0430 \u0434\u043b\u044f \u0447\u0442\u0435\u043d\u0438\u044f LED DL-13-021-00"}]},{"@type":"WebSite","@id":"https:\/\/darpol.bydgoszcz.pl\/#website","url":"https:\/\/darpol.bydgoszcz.pl\/","name":"Darpol Bydgoszcz","description":"","potentialAction":[{"@type":"SearchAction","target":{"@type":"EntryPoint","urlTemplate":"https:\/\/darpol.bydgoszcz.pl\/?s={search_term_string}"},"query-input":"required name=search_term_string"}],"inLanguage":"ru-RU"}]}},"_links":{"self":[{"href":"https:\/\/darpol.bydgoszcz.pl\/ru\/wp-json\/wp\/v2\/product\/15953","targetHints":{"allow":["GET"]}}],"collection":[{"href":"https:\/\/darpol.bydgoszcz.pl\/ru\/wp-json\/wp\/v2\/product"}],"about":[{"href":"https:\/\/darpol.bydgoszcz.pl\/ru\/wp-json\/wp\/v2\/types\/product"}],"wp:featuredmedia":[{"embeddable":true,"href":"https:\/\/darpol.bydgoszcz.pl\/ru\/wp-json\/wp\/v2\/media\/15951"}],"wp:attachment":[{"href":"https:\/\/darpol.bydgoszcz.pl\/ru\/wp-json\/wp\/v2\/media?parent=15953"}],"wp:term":[{"taxonomy":"product_cat","embeddable":true,"href":"https:\/\/darpol.bydgoszcz.pl\/ru\/wp-json\/wp\/v2\/product_cat?post=15953"},{"taxonomy":"product_tag","embeddable":true,"href":"https:\/\/darpol.bydgoszcz.pl\/ru\/wp-json\/wp\/v2\/product_tag?post=15953"}],"curies":[{"name":"wp","href":"https:\/\/api.w.org\/{rel}","templated":true}]}}