{"id":15525,"date":"2014-02-04T11:27:49","date_gmt":"2014-02-04T10:27:49","guid":{"rendered":"http:\/\/darpol.bydgoszcz.pl\/sklep\/relsovye-avtobusy\/aplikator-smarowniczek-smarowania-brzegow-kol-dl-o-12-022-05-2\/"},"modified":"2014-02-04T11:27:49","modified_gmt":"2014-02-04T10:27:49","slug":"aplikator-smarowniczek-smarowania-brzegow-kol-dl-o-12-022-05-2","status":"publish","type":"product","link":"https:\/\/darpol.bydgoszcz.pl\/ru\/predlagaet\/podvizhnoj-sostav\/ostalnye-zapchasti\/aplikator-smarowniczek-smarowania-brzegow-kol-dl-o-12-022-05-2\/","title":{"rendered":"Aplikator smarowniczek (smarowania obrze\u017cy k\u00f3\u0142) DL-O 12 022-05"},"content":{"rendered":"<div style=\"clear:both\"><a href=\"javascript:window.print()\"><i class=\"fa fa-print\" aria-hidden=\"true\"><\/i> \u043f\u0435\u0447\u0430\u0442\u044c<\/a><\/div>","protected":false},"excerpt":{"rendered":"<p>\u043f\u0435\u0447\u0430\u0442\u044c<\/p>\n","protected":false},"featured_media":44010,"template":"","meta":{"om_disable_all_campaigns":false,"_monsterinsights_skip_tracking":false,"_monsterinsights_sitenote_active":false,"_monsterinsights_sitenote_note":"","_monsterinsights_sitenote_category":0,"_uf_show_specific_survey":0,"_uf_disable_surveys":false},"product_cat":[323,329,341,335,353],"product_tag":[6040,3494,6048,7076,6046,6044,4545],"class_list":{"0":"post-15525","1":"product","2":"type-product","3":"status-publish","4":"has-post-thumbnail","6":"product_cat-ostalnye-zapchasti","7":"product_cat-elektrovozy-i-teplovozy","8":"product_cat-passazhirskie-vagony","9":"product_cat-elektrodizelpoezda","10":"product_cat-gruzovye-cisterny-drugie","11":"product_tag-aplikator-ru","12":"product_tag-darpol-ru","13":"product_tag-kola-ru","14":"product_tag-obrzeza-ru","15":"product_tag-smarowniczka-ru","16":"product_tag-smarowniczki-ru","17":"product_tag-szynobus-ru","19":"first","20":"instock","21":"shipping-taxable","22":"purchasable","23":"product-type-simple"},"yoast_head":"<!-- This site is optimized with the Yoast SEO plugin v23.0 - https:\/\/yoast.com\/wordpress\/plugins\/seo\/ -->\n<title>Aplikator smarowniczek (smarowania obrze\u017cy k\u00f3\u0142) DL-O 12 022-05 - Darpol Bydgoszcz<\/title>\n<meta name=\"robots\" content=\"index, follow, max-snippet:-1, max-image-preview:large, max-video-preview:-1\" \/>\n<link rel=\"canonical\" href=\"https:\/\/darpol.bydgoszcz.pl\/ru\/predlagaet\/podvizhnoj-sostav\/ostalnye-zapchasti\/aplikator-smarowniczek-smarowania-brzegow-kol-dl-o-12-022-05-2\/\" \/>\n<meta property=\"og:locale\" content=\"ru_RU\" \/>\n<meta property=\"og:type\" content=\"article\" \/>\n<meta property=\"og:title\" content=\"Aplikator smarowniczek (smarowania obrze\u017cy k\u00f3\u0142) DL-O 12 022-05 - Darpol Bydgoszcz\" \/>\n<meta property=\"og:description\" content=\"\u043f\u0435\u0447\u0430\u0442\u044c\" \/>\n<meta property=\"og:url\" content=\"https:\/\/darpol.bydgoszcz.pl\/ru\/predlagaet\/podvizhnoj-sostav\/ostalnye-zapchasti\/aplikator-smarowniczek-smarowania-brzegow-kol-dl-o-12-022-05-2\/\" \/>\n<meta property=\"og:site_name\" content=\"Darpol Bydgoszcz\" \/>\n<meta property=\"og:image\" content=\"https:\/\/darpol.bydgoszcz.pl\/wp-content\/uploads\/853-1188-aplikator-smarowniczek-smarowania-obrzezy-kol-dl-o-12-022-05.jpg\" \/>\n\t<meta property=\"og:image:width\" content=\"448\" \/>\n\t<meta property=\"og:image:height\" content=\"335\" \/>\n\t<meta property=\"og:image:type\" content=\"image\/jpeg\" \/>\n<meta name=\"twitter:card\" content=\"summary_large_image\" \/>\n<script type=\"application\/ld+json\" class=\"yoast-schema-graph\">{\"@context\":\"https:\/\/schema.org\",\"@graph\":[{\"@type\":\"WebPage\",\"@id\":\"https:\/\/darpol.bydgoszcz.pl\/ru\/predlagaet\/podvizhnoj-sostav\/ostalnye-zapchasti\/aplikator-smarowniczek-smarowania-brzegow-kol-dl-o-12-022-05-2\/\",\"url\":\"https:\/\/darpol.bydgoszcz.pl\/ru\/predlagaet\/podvizhnoj-sostav\/ostalnye-zapchasti\/aplikator-smarowniczek-smarowania-brzegow-kol-dl-o-12-022-05-2\/\",\"name\":\"Aplikator smarowniczek (smarowania obrze\u017cy k\u00f3\u0142) DL-O 12 022-05 - Darpol Bydgoszcz\",\"isPartOf\":{\"@id\":\"https:\/\/darpol.bydgoszcz.pl\/#website\"},\"primaryImageOfPage\":{\"@id\":\"https:\/\/darpol.bydgoszcz.pl\/ru\/predlagaet\/podvizhnoj-sostav\/ostalnye-zapchasti\/aplikator-smarowniczek-smarowania-brzegow-kol-dl-o-12-022-05-2\/#primaryimage\"},\"image\":{\"@id\":\"https:\/\/darpol.bydgoszcz.pl\/ru\/predlagaet\/podvizhnoj-sostav\/ostalnye-zapchasti\/aplikator-smarowniczek-smarowania-brzegow-kol-dl-o-12-022-05-2\/#primaryimage\"},\"thumbnailUrl\":\"https:\/\/darpol.bydgoszcz.pl\/wp-content\/uploads\/853-1188-aplikator-smarowniczek-smarowania-obrzezy-kol-dl-o-12-022-05.jpg\",\"datePublished\":\"2014-02-04T10:27:49+00:00\",\"dateModified\":\"2014-02-04T10:27:49+00:00\",\"breadcrumb\":{\"@id\":\"https:\/\/darpol.bydgoszcz.pl\/ru\/predlagaet\/podvizhnoj-sostav\/ostalnye-zapchasti\/aplikator-smarowniczek-smarowania-brzegow-kol-dl-o-12-022-05-2\/#breadcrumb\"},\"inLanguage\":\"ru-RU\",\"potentialAction\":[{\"@type\":\"ReadAction\",\"target\":[\"https:\/\/darpol.bydgoszcz.pl\/ru\/predlagaet\/podvizhnoj-sostav\/ostalnye-zapchasti\/aplikator-smarowniczek-smarowania-brzegow-kol-dl-o-12-022-05-2\/\"]}]},{\"@type\":\"ImageObject\",\"inLanguage\":\"ru-RU\",\"@id\":\"https:\/\/darpol.bydgoszcz.pl\/ru\/predlagaet\/podvizhnoj-sostav\/ostalnye-zapchasti\/aplikator-smarowniczek-smarowania-brzegow-kol-dl-o-12-022-05-2\/#primaryimage\",\"url\":\"https:\/\/darpol.bydgoszcz.pl\/wp-content\/uploads\/853-1188-aplikator-smarowniczek-smarowania-obrzezy-kol-dl-o-12-022-05.jpg\",\"contentUrl\":\"https:\/\/darpol.bydgoszcz.pl\/wp-content\/uploads\/853-1188-aplikator-smarowniczek-smarowania-obrzezy-kol-dl-o-12-022-05.jpg\",\"width\":448,\"height\":335},{\"@type\":\"BreadcrumbList\",\"@id\":\"https:\/\/darpol.bydgoszcz.pl\/ru\/predlagaet\/podvizhnoj-sostav\/ostalnye-zapchasti\/aplikator-smarowniczek-smarowania-brzegow-kol-dl-o-12-022-05-2\/#breadcrumb\",\"itemListElement\":[{\"@type\":\"ListItem\",\"position\":1,\"name\":\"Strona g\u0142\u00f3wna\",\"item\":\"https:\/\/darpol.bydgoszcz.pl\/ru\/\"},{\"@type\":\"ListItem\",\"position\":2,\"name\":\"Oferta\",\"item\":\"https:\/\/darpol.bydgoszcz.pl\/oferta\/\"},{\"@type\":\"ListItem\",\"position\":3,\"name\":\"Aplikator smarowniczek (smarowania obrze\u017cy k\u00f3\u0142) DL-O 12 022-05\"}]},{\"@type\":\"WebSite\",\"@id\":\"https:\/\/darpol.bydgoszcz.pl\/#website\",\"url\":\"https:\/\/darpol.bydgoszcz.pl\/\",\"name\":\"Darpol Bydgoszcz\",\"description\":\"\",\"potentialAction\":[{\"@type\":\"SearchAction\",\"target\":{\"@type\":\"EntryPoint\",\"urlTemplate\":\"https:\/\/darpol.bydgoszcz.pl\/?s={search_term_string}\"},\"query-input\":\"required name=search_term_string\"}],\"inLanguage\":\"ru-RU\"}]}<\/script>\n<!-- \/ Yoast SEO plugin. -->","yoast_head_json":{"title":"Aplikator smarowniczek (smarowania obrze\u017cy k\u00f3\u0142) DL-O 12 022-05 - Darpol Bydgoszcz","robots":{"index":"index","follow":"follow","max-snippet":"max-snippet:-1","max-image-preview":"max-image-preview:large","max-video-preview":"max-video-preview:-1"},"canonical":"https:\/\/darpol.bydgoszcz.pl\/ru\/predlagaet\/podvizhnoj-sostav\/ostalnye-zapchasti\/aplikator-smarowniczek-smarowania-brzegow-kol-dl-o-12-022-05-2\/","og_locale":"ru_RU","og_type":"article","og_title":"Aplikator smarowniczek (smarowania obrze\u017cy k\u00f3\u0142) DL-O 12 022-05 - Darpol Bydgoszcz","og_description":"\u043f\u0435\u0447\u0430\u0442\u044c","og_url":"https:\/\/darpol.bydgoszcz.pl\/ru\/predlagaet\/podvizhnoj-sostav\/ostalnye-zapchasti\/aplikator-smarowniczek-smarowania-brzegow-kol-dl-o-12-022-05-2\/","og_site_name":"Darpol Bydgoszcz","og_image":[{"width":448,"height":335,"url":"https:\/\/darpol.bydgoszcz.pl\/wp-content\/uploads\/853-1188-aplikator-smarowniczek-smarowania-obrzezy-kol-dl-o-12-022-05.jpg","type":"image\/jpeg"}],"twitter_card":"summary_large_image","schema":{"@context":"https:\/\/schema.org","@graph":[{"@type":"WebPage","@id":"https:\/\/darpol.bydgoszcz.pl\/ru\/predlagaet\/podvizhnoj-sostav\/ostalnye-zapchasti\/aplikator-smarowniczek-smarowania-brzegow-kol-dl-o-12-022-05-2\/","url":"https:\/\/darpol.bydgoszcz.pl\/ru\/predlagaet\/podvizhnoj-sostav\/ostalnye-zapchasti\/aplikator-smarowniczek-smarowania-brzegow-kol-dl-o-12-022-05-2\/","name":"Aplikator smarowniczek (smarowania obrze\u017cy k\u00f3\u0142) DL-O 12 022-05 - Darpol Bydgoszcz","isPartOf":{"@id":"https:\/\/darpol.bydgoszcz.pl\/#website"},"primaryImageOfPage":{"@id":"https:\/\/darpol.bydgoszcz.pl\/ru\/predlagaet\/podvizhnoj-sostav\/ostalnye-zapchasti\/aplikator-smarowniczek-smarowania-brzegow-kol-dl-o-12-022-05-2\/#primaryimage"},"image":{"@id":"https:\/\/darpol.bydgoszcz.pl\/ru\/predlagaet\/podvizhnoj-sostav\/ostalnye-zapchasti\/aplikator-smarowniczek-smarowania-brzegow-kol-dl-o-12-022-05-2\/#primaryimage"},"thumbnailUrl":"https:\/\/darpol.bydgoszcz.pl\/wp-content\/uploads\/853-1188-aplikator-smarowniczek-smarowania-obrzezy-kol-dl-o-12-022-05.jpg","datePublished":"2014-02-04T10:27:49+00:00","dateModified":"2014-02-04T10:27:49+00:00","breadcrumb":{"@id":"https:\/\/darpol.bydgoszcz.pl\/ru\/predlagaet\/podvizhnoj-sostav\/ostalnye-zapchasti\/aplikator-smarowniczek-smarowania-brzegow-kol-dl-o-12-022-05-2\/#breadcrumb"},"inLanguage":"ru-RU","potentialAction":[{"@type":"ReadAction","target":["https:\/\/darpol.bydgoszcz.pl\/ru\/predlagaet\/podvizhnoj-sostav\/ostalnye-zapchasti\/aplikator-smarowniczek-smarowania-brzegow-kol-dl-o-12-022-05-2\/"]}]},{"@type":"ImageObject","inLanguage":"ru-RU","@id":"https:\/\/darpol.bydgoszcz.pl\/ru\/predlagaet\/podvizhnoj-sostav\/ostalnye-zapchasti\/aplikator-smarowniczek-smarowania-brzegow-kol-dl-o-12-022-05-2\/#primaryimage","url":"https:\/\/darpol.bydgoszcz.pl\/wp-content\/uploads\/853-1188-aplikator-smarowniczek-smarowania-obrzezy-kol-dl-o-12-022-05.jpg","contentUrl":"https:\/\/darpol.bydgoszcz.pl\/wp-content\/uploads\/853-1188-aplikator-smarowniczek-smarowania-obrzezy-kol-dl-o-12-022-05.jpg","width":448,"height":335},{"@type":"BreadcrumbList","@id":"https:\/\/darpol.bydgoszcz.pl\/ru\/predlagaet\/podvizhnoj-sostav\/ostalnye-zapchasti\/aplikator-smarowniczek-smarowania-brzegow-kol-dl-o-12-022-05-2\/#breadcrumb","itemListElement":[{"@type":"ListItem","position":1,"name":"Strona g\u0142\u00f3wna","item":"https:\/\/darpol.bydgoszcz.pl\/ru\/"},{"@type":"ListItem","position":2,"name":"Oferta","item":"https:\/\/darpol.bydgoszcz.pl\/oferta\/"},{"@type":"ListItem","position":3,"name":"Aplikator smarowniczek (smarowania obrze\u017cy k\u00f3\u0142) DL-O 12 022-05"}]},{"@type":"WebSite","@id":"https:\/\/darpol.bydgoszcz.pl\/#website","url":"https:\/\/darpol.bydgoszcz.pl\/","name":"Darpol Bydgoszcz","description":"","potentialAction":[{"@type":"SearchAction","target":{"@type":"EntryPoint","urlTemplate":"https:\/\/darpol.bydgoszcz.pl\/?s={search_term_string}"},"query-input":"required name=search_term_string"}],"inLanguage":"ru-RU"}]}},"_links":{"self":[{"href":"https:\/\/darpol.bydgoszcz.pl\/ru\/wp-json\/wp\/v2\/product\/15525","targetHints":{"allow":["GET"]}}],"collection":[{"href":"https:\/\/darpol.bydgoszcz.pl\/ru\/wp-json\/wp\/v2\/product"}],"about":[{"href":"https:\/\/darpol.bydgoszcz.pl\/ru\/wp-json\/wp\/v2\/types\/product"}],"wp:featuredmedia":[{"embeddable":true,"href":"https:\/\/darpol.bydgoszcz.pl\/ru\/wp-json\/wp\/v2\/media\/44010"}],"wp:attachment":[{"href":"https:\/\/darpol.bydgoszcz.pl\/ru\/wp-json\/wp\/v2\/media?parent=15525"}],"wp:term":[{"taxonomy":"product_cat","embeddable":true,"href":"https:\/\/darpol.bydgoszcz.pl\/ru\/wp-json\/wp\/v2\/product_cat?post=15525"},{"taxonomy":"product_tag","embeddable":true,"href":"https:\/\/darpol.bydgoszcz.pl\/ru\/wp-json\/wp\/v2\/product_tag?post=15525"}],"curies":[{"name":"wp","href":"https:\/\/api.w.org\/{rel}","templated":true}]}}