{"id":14949,"date":"2013-09-05T17:30:10","date_gmt":"2013-09-05T15:30:10","guid":{"rendered":"http:\/\/darpol.bydgoszcz.pl\/sklep\/ostalnye-zapchasti\/zapasnye-chasti-k-zhd-kompressoram\/"},"modified":"2013-09-05T17:30:10","modified_gmt":"2013-09-05T15:30:10","slug":"zapasnye-chasti-k-zhd-kompressoram","status":"publish","type":"product","link":"https:\/\/darpol.bydgoszcz.pl\/ru\/predlagaet\/podvizhnoj-sostav\/ostalnye-zapchasti\/zapasnye-chasti-k-zhd-kompressoram\/","title":{"rendered":"\u0417\u0430\u043f\u0430\u0441\u043d\u044b\u0435 \u0447\u0430\u0441\u0442\u0438 \u043a  \u043a\u043e\u043c\u043f\u0440\u0435\u0441\u0441\u043e\u0440\u0430\u043c"},"content":{"rendered":"<p><span style=\"font-size: 8pt;\"><span style=\"color: #333333;\">DARPOL \u043f\u0440\u0435\u0434\u043b\u0430\u0433\u0430\u0435\u0442 \u0440\u0430\u0437\u043d\u044b\u0435 \u043a\u043e\u043c\u043f\u043b\u0435\u043a\u0442\u0443\u044e\u0449\u0438\u0435 \u043a \u0436\u0435\u043b\u0435\u0437\u043d\u043e\u0434\u043e\u0440\u043e\u0436\u043d\u044b\u043c \u043a\u043e\u043c\u043f\u0440\u0435\u0441\u0441\u043e\u0440\u0430\u043c.<\/span><\/span><\/p>\n<p><span style=\"font-size: 8pt;\"><span style=\"color: #333333;\"><br \/><\/span><\/span><\/p>\n<p><span style=\"font-size: 8pt;\"><span style=\"color: #333333;\"><span style=\"text-decoration: underline;\">\u0423\u043f\u043e\u0442\u0440\u0435\u0431\u043b\u0435\u043d\u0438\u0435:<\/span><\/span><\/span><\/p>\n<p><span style=\"font-size: 8pt;\"><span style=\"color: #333333;\">\u0440\u0435\u043b\u044c\u0441\u043e\u0431\u0443\u0441\u044b, \u044d\u043b\u0435\u043a\u0442\u0440\u043e\u043f\u043e\u0435\u0437\u0434\u0430, \u044d\u043b\u0435\u043a\u0442\u0440\u043e\u0432\u043e\u0437\u044b<\/span><\/span><\/p>\n<div style=\"clear:both\"><a href=\"javascript:window.print()\"><i class=\"fa fa-print\" aria-hidden=\"true\"><\/i> \u043f\u0435\u0447\u0430\u0442\u044c<\/a><\/div>","protected":false},"excerpt":{"rendered":"<p>DARPOL \u043f\u0440\u0435\u0434\u043b\u0430\u0433\u0430\u0435\u0442 \u0440\u0430\u0437\u043d\u044b\u0435 \u043a\u043e\u043c\u043f\u043b\u0435\u043a\u0442\u0443\u044e\u0449\u0438\u0435 \u043a \u0436\u0435\u043b\u0435\u0437\u043d\u043e\u0434\u043e\u0440\u043e\u0436\u043d\u044b\u043c \u043a\u043e\u043c\u043f\u0440\u0435\u0441\u0441\u043e\u0440\u0430\u043c. \u0423\u043f\u043e\u0442\u0440\u0435\u0431\u043b\u0435\u043d\u0438\u0435: \u0440\u0435\u043b\u044c\u0441\u043e\u0431\u0443\u0441\u044b, \u044d\u043b\u0435\u043a\u0442\u0440\u043e\u043f\u043e\u0435\u0437\u0434\u0430, \u044d\u043b\u0435\u043a\u0442\u0440\u043e\u0432\u043e\u0437\u044b \u043f\u0435\u0447\u0430\u0442\u044c<\/p>\n","protected":false},"featured_media":14948,"template":"","meta":{"om_disable_all_campaigns":false,"_monsterinsights_skip_tracking":false,"_monsterinsights_sitenote_active":false,"_monsterinsights_sitenote_note":"","_monsterinsights_sitenote_category":0,"_uf_show_specific_survey":0,"_uf_disable_surveys":false},"product_cat":[323],"product_tag":[392,633,525,6870,2080,3266,786,6202,1565,1058,5339,6868,2079,6398,1700,543,762,3995],"class_list":{"0":"post-14949","1":"product","2":"type-product","3":"status-publish","4":"has-post-thumbnail","6":"product_cat-ostalnye-zapchasti","7":"product_tag-darpol","8":"product_tag-en57","9":"product_tag-ezt","10":"product_tag-korbowod-ru","11":"product_tag-korbowod","12":"product_tag-lokomotywa-ru","13":"product_tag-lokomotywa","14":"product_tag-panewka-ru","15":"product_tag-panewka","16":"product_tag-pantografu","17":"product_tag-pantografu-ru","18":"product_tag-sprezarka-ru","19":"product_tag-sprezarka","20":"product_tag-sprezarki-ru","21":"product_tag-sprezarki","22":"product_tag-szynobus","23":"product_tag-zawor","24":"product_tag-zawor-ru","26":"first","27":"instock","28":"shipping-taxable","29":"purchasable","30":"product-type-simple"},"yoast_head":"<!-- This site is optimized with the Yoast SEO plugin v23.0 - https:\/\/yoast.com\/wordpress\/plugins\/seo\/ -->\n<title>\u0417\u0430\u043f\u0430\u0441\u043d\u044b\u0435 \u0447\u0430\u0441\u0442\u0438 \u043a \u043a\u043e\u043c\u043f\u0440\u0435\u0441\u0441\u043e\u0440\u0430\u043c - Darpol Bydgoszcz<\/title>\n<meta name=\"description\" content=\"\u0417\u0430\u043f\u0430\u0441\u043d\u044b\u0435 \u0447\u0430\u0441\u0442\u0438 \u043a \u0436\u0434 \u043a\u043e\u043c\u043f\u0440\u0435\u0441\u0441\u043e\u0440\u0430\u043c. Darpol\" \/>\n<meta name=\"robots\" content=\"index, follow, max-snippet:-1, max-image-preview:large, max-video-preview:-1\" \/>\n<link rel=\"canonical\" href=\"https:\/\/darpol.bydgoszcz.pl\/ru\/predlagaet\/podvizhnoj-sostav\/ostalnye-zapchasti\/zapasnye-chasti-k-zhd-kompressoram\/\" \/>\n<meta property=\"og:locale\" content=\"ru_RU\" \/>\n<meta property=\"og:type\" content=\"article\" \/>\n<meta property=\"og:title\" content=\"\u0417\u0430\u043f\u0430\u0441\u043d\u044b\u0435 \u0447\u0430\u0441\u0442\u0438 \u043a \u043a\u043e\u043c\u043f\u0440\u0435\u0441\u0441\u043e\u0440\u0430\u043c - Darpol Bydgoszcz\" \/>\n<meta property=\"og:description\" content=\"\u0417\u0430\u043f\u0430\u0441\u043d\u044b\u0435 \u0447\u0430\u0441\u0442\u0438 \u043a \u0436\u0434 \u043a\u043e\u043c\u043f\u0440\u0435\u0441\u0441\u043e\u0440\u0430\u043c. Darpol\" \/>\n<meta property=\"og:url\" content=\"https:\/\/darpol.bydgoszcz.pl\/ru\/predlagaet\/podvizhnoj-sostav\/ostalnye-zapchasti\/zapasnye-chasti-k-zhd-kompressoram\/\" \/>\n<meta property=\"og:site_name\" content=\"Darpol Bydgoszcz\" \/>\n<meta property=\"og:image\" content=\"https:\/\/darpol.bydgoszcz.pl\/wp-content\/uploads\/805-1129-darpol-czesci-zamienne-do-sprezarek-sprezarka-pantografu.jpg\" \/>\n\t<meta property=\"og:image:width\" content=\"448\" \/>\n\t<meta property=\"og:image:height\" content=\"272\" \/>\n\t<meta property=\"og:image:type\" content=\"image\/jpeg\" \/>\n<meta name=\"twitter:card\" content=\"summary_large_image\" \/>\n<script type=\"application\/ld+json\" class=\"yoast-schema-graph\">{\"@context\":\"https:\/\/schema.org\",\"@graph\":[{\"@type\":\"WebPage\",\"@id\":\"https:\/\/darpol.bydgoszcz.pl\/ru\/predlagaet\/podvizhnoj-sostav\/ostalnye-zapchasti\/zapasnye-chasti-k-zhd-kompressoram\/\",\"url\":\"https:\/\/darpol.bydgoszcz.pl\/ru\/predlagaet\/podvizhnoj-sostav\/ostalnye-zapchasti\/zapasnye-chasti-k-zhd-kompressoram\/\",\"name\":\"\u0417\u0430\u043f\u0430\u0441\u043d\u044b\u0435 \u0447\u0430\u0441\u0442\u0438 \u043a \u043a\u043e\u043c\u043f\u0440\u0435\u0441\u0441\u043e\u0440\u0430\u043c - Darpol Bydgoszcz\",\"isPartOf\":{\"@id\":\"https:\/\/darpol.bydgoszcz.pl\/#website\"},\"primaryImageOfPage\":{\"@id\":\"https:\/\/darpol.bydgoszcz.pl\/ru\/predlagaet\/podvizhnoj-sostav\/ostalnye-zapchasti\/zapasnye-chasti-k-zhd-kompressoram\/#primaryimage\"},\"image\":{\"@id\":\"https:\/\/darpol.bydgoszcz.pl\/ru\/predlagaet\/podvizhnoj-sostav\/ostalnye-zapchasti\/zapasnye-chasti-k-zhd-kompressoram\/#primaryimage\"},\"thumbnailUrl\":\"https:\/\/darpol.bydgoszcz.pl\/wp-content\/uploads\/805-1129-darpol-czesci-zamienne-do-sprezarek-sprezarka-pantografu.jpg\",\"datePublished\":\"2013-09-05T15:30:10+00:00\",\"dateModified\":\"2013-09-05T15:30:10+00:00\",\"description\":\"\u0417\u0430\u043f\u0430\u0441\u043d\u044b\u0435 \u0447\u0430\u0441\u0442\u0438 \u043a \u0436\u0434 \u043a\u043e\u043c\u043f\u0440\u0435\u0441\u0441\u043e\u0440\u0430\u043c. Darpol\",\"breadcrumb\":{\"@id\":\"https:\/\/darpol.bydgoszcz.pl\/ru\/predlagaet\/podvizhnoj-sostav\/ostalnye-zapchasti\/zapasnye-chasti-k-zhd-kompressoram\/#breadcrumb\"},\"inLanguage\":\"ru-RU\",\"potentialAction\":[{\"@type\":\"ReadAction\",\"target\":[\"https:\/\/darpol.bydgoszcz.pl\/ru\/predlagaet\/podvizhnoj-sostav\/ostalnye-zapchasti\/zapasnye-chasti-k-zhd-kompressoram\/\"]}]},{\"@type\":\"ImageObject\",\"inLanguage\":\"ru-RU\",\"@id\":\"https:\/\/darpol.bydgoszcz.pl\/ru\/predlagaet\/podvizhnoj-sostav\/ostalnye-zapchasti\/zapasnye-chasti-k-zhd-kompressoram\/#primaryimage\",\"url\":\"https:\/\/darpol.bydgoszcz.pl\/wp-content\/uploads\/805-1129-darpol-czesci-zamienne-do-sprezarek-sprezarka-pantografu.jpg\",\"contentUrl\":\"https:\/\/darpol.bydgoszcz.pl\/wp-content\/uploads\/805-1129-darpol-czesci-zamienne-do-sprezarek-sprezarka-pantografu.jpg\",\"width\":448,\"height\":272,\"caption\":\"Darpol - cz\u0119\u015bci zamienne do spr\u0119\u017carek (spr\u0119\u017carka pantografu)\"},{\"@type\":\"BreadcrumbList\",\"@id\":\"https:\/\/darpol.bydgoszcz.pl\/ru\/predlagaet\/podvizhnoj-sostav\/ostalnye-zapchasti\/zapasnye-chasti-k-zhd-kompressoram\/#breadcrumb\",\"itemListElement\":[{\"@type\":\"ListItem\",\"position\":1,\"name\":\"Strona g\u0142\u00f3wna\",\"item\":\"https:\/\/darpol.bydgoszcz.pl\/ru\/\"},{\"@type\":\"ListItem\",\"position\":2,\"name\":\"Oferta\",\"item\":\"https:\/\/darpol.bydgoszcz.pl\/oferta\/\"},{\"@type\":\"ListItem\",\"position\":3,\"name\":\"\u0417\u0430\u043f\u0430\u0441\u043d\u044b\u0435 \u0447\u0430\u0441\u0442\u0438 \u043a \u043a\u043e\u043c\u043f\u0440\u0435\u0441\u0441\u043e\u0440\u0430\u043c\"}]},{\"@type\":\"WebSite\",\"@id\":\"https:\/\/darpol.bydgoszcz.pl\/#website\",\"url\":\"https:\/\/darpol.bydgoszcz.pl\/\",\"name\":\"Darpol Bydgoszcz\",\"description\":\"\",\"potentialAction\":[{\"@type\":\"SearchAction\",\"target\":{\"@type\":\"EntryPoint\",\"urlTemplate\":\"https:\/\/darpol.bydgoszcz.pl\/?s={search_term_string}\"},\"query-input\":\"required name=search_term_string\"}],\"inLanguage\":\"ru-RU\"}]}<\/script>\n<!-- \/ Yoast SEO plugin. -->","yoast_head_json":{"title":"\u0417\u0430\u043f\u0430\u0441\u043d\u044b\u0435 \u0447\u0430\u0441\u0442\u0438 \u043a \u043a\u043e\u043c\u043f\u0440\u0435\u0441\u0441\u043e\u0440\u0430\u043c - Darpol Bydgoszcz","description":"\u0417\u0430\u043f\u0430\u0441\u043d\u044b\u0435 \u0447\u0430\u0441\u0442\u0438 \u043a \u0436\u0434 \u043a\u043e\u043c\u043f\u0440\u0435\u0441\u0441\u043e\u0440\u0430\u043c. Darpol","robots":{"index":"index","follow":"follow","max-snippet":"max-snippet:-1","max-image-preview":"max-image-preview:large","max-video-preview":"max-video-preview:-1"},"canonical":"https:\/\/darpol.bydgoszcz.pl\/ru\/predlagaet\/podvizhnoj-sostav\/ostalnye-zapchasti\/zapasnye-chasti-k-zhd-kompressoram\/","og_locale":"ru_RU","og_type":"article","og_title":"\u0417\u0430\u043f\u0430\u0441\u043d\u044b\u0435 \u0447\u0430\u0441\u0442\u0438 \u043a \u043a\u043e\u043c\u043f\u0440\u0435\u0441\u0441\u043e\u0440\u0430\u043c - Darpol Bydgoszcz","og_description":"\u0417\u0430\u043f\u0430\u0441\u043d\u044b\u0435 \u0447\u0430\u0441\u0442\u0438 \u043a \u0436\u0434 \u043a\u043e\u043c\u043f\u0440\u0435\u0441\u0441\u043e\u0440\u0430\u043c. Darpol","og_url":"https:\/\/darpol.bydgoszcz.pl\/ru\/predlagaet\/podvizhnoj-sostav\/ostalnye-zapchasti\/zapasnye-chasti-k-zhd-kompressoram\/","og_site_name":"Darpol Bydgoszcz","og_image":[{"width":448,"height":272,"url":"https:\/\/darpol.bydgoszcz.pl\/wp-content\/uploads\/805-1129-darpol-czesci-zamienne-do-sprezarek-sprezarka-pantografu.jpg","type":"image\/jpeg"}],"twitter_card":"summary_large_image","schema":{"@context":"https:\/\/schema.org","@graph":[{"@type":"WebPage","@id":"https:\/\/darpol.bydgoszcz.pl\/ru\/predlagaet\/podvizhnoj-sostav\/ostalnye-zapchasti\/zapasnye-chasti-k-zhd-kompressoram\/","url":"https:\/\/darpol.bydgoszcz.pl\/ru\/predlagaet\/podvizhnoj-sostav\/ostalnye-zapchasti\/zapasnye-chasti-k-zhd-kompressoram\/","name":"\u0417\u0430\u043f\u0430\u0441\u043d\u044b\u0435 \u0447\u0430\u0441\u0442\u0438 \u043a \u043a\u043e\u043c\u043f\u0440\u0435\u0441\u0441\u043e\u0440\u0430\u043c - Darpol Bydgoszcz","isPartOf":{"@id":"https:\/\/darpol.bydgoszcz.pl\/#website"},"primaryImageOfPage":{"@id":"https:\/\/darpol.bydgoszcz.pl\/ru\/predlagaet\/podvizhnoj-sostav\/ostalnye-zapchasti\/zapasnye-chasti-k-zhd-kompressoram\/#primaryimage"},"image":{"@id":"https:\/\/darpol.bydgoszcz.pl\/ru\/predlagaet\/podvizhnoj-sostav\/ostalnye-zapchasti\/zapasnye-chasti-k-zhd-kompressoram\/#primaryimage"},"thumbnailUrl":"https:\/\/darpol.bydgoszcz.pl\/wp-content\/uploads\/805-1129-darpol-czesci-zamienne-do-sprezarek-sprezarka-pantografu.jpg","datePublished":"2013-09-05T15:30:10+00:00","dateModified":"2013-09-05T15:30:10+00:00","description":"\u0417\u0430\u043f\u0430\u0441\u043d\u044b\u0435 \u0447\u0430\u0441\u0442\u0438 \u043a \u0436\u0434 \u043a\u043e\u043c\u043f\u0440\u0435\u0441\u0441\u043e\u0440\u0430\u043c. Darpol","breadcrumb":{"@id":"https:\/\/darpol.bydgoszcz.pl\/ru\/predlagaet\/podvizhnoj-sostav\/ostalnye-zapchasti\/zapasnye-chasti-k-zhd-kompressoram\/#breadcrumb"},"inLanguage":"ru-RU","potentialAction":[{"@type":"ReadAction","target":["https:\/\/darpol.bydgoszcz.pl\/ru\/predlagaet\/podvizhnoj-sostav\/ostalnye-zapchasti\/zapasnye-chasti-k-zhd-kompressoram\/"]}]},{"@type":"ImageObject","inLanguage":"ru-RU","@id":"https:\/\/darpol.bydgoszcz.pl\/ru\/predlagaet\/podvizhnoj-sostav\/ostalnye-zapchasti\/zapasnye-chasti-k-zhd-kompressoram\/#primaryimage","url":"https:\/\/darpol.bydgoszcz.pl\/wp-content\/uploads\/805-1129-darpol-czesci-zamienne-do-sprezarek-sprezarka-pantografu.jpg","contentUrl":"https:\/\/darpol.bydgoszcz.pl\/wp-content\/uploads\/805-1129-darpol-czesci-zamienne-do-sprezarek-sprezarka-pantografu.jpg","width":448,"height":272,"caption":"Darpol - cz\u0119\u015bci zamienne do spr\u0119\u017carek (spr\u0119\u017carka pantografu)"},{"@type":"BreadcrumbList","@id":"https:\/\/darpol.bydgoszcz.pl\/ru\/predlagaet\/podvizhnoj-sostav\/ostalnye-zapchasti\/zapasnye-chasti-k-zhd-kompressoram\/#breadcrumb","itemListElement":[{"@type":"ListItem","position":1,"name":"Strona g\u0142\u00f3wna","item":"https:\/\/darpol.bydgoszcz.pl\/ru\/"},{"@type":"ListItem","position":2,"name":"Oferta","item":"https:\/\/darpol.bydgoszcz.pl\/oferta\/"},{"@type":"ListItem","position":3,"name":"\u0417\u0430\u043f\u0430\u0441\u043d\u044b\u0435 \u0447\u0430\u0441\u0442\u0438 \u043a \u043a\u043e\u043c\u043f\u0440\u0435\u0441\u0441\u043e\u0440\u0430\u043c"}]},{"@type":"WebSite","@id":"https:\/\/darpol.bydgoszcz.pl\/#website","url":"https:\/\/darpol.bydgoszcz.pl\/","name":"Darpol Bydgoszcz","description":"","potentialAction":[{"@type":"SearchAction","target":{"@type":"EntryPoint","urlTemplate":"https:\/\/darpol.bydgoszcz.pl\/?s={search_term_string}"},"query-input":"required name=search_term_string"}],"inLanguage":"ru-RU"}]}},"_links":{"self":[{"href":"https:\/\/darpol.bydgoszcz.pl\/ru\/wp-json\/wp\/v2\/product\/14949","targetHints":{"allow":["GET"]}}],"collection":[{"href":"https:\/\/darpol.bydgoszcz.pl\/ru\/wp-json\/wp\/v2\/product"}],"about":[{"href":"https:\/\/darpol.bydgoszcz.pl\/ru\/wp-json\/wp\/v2\/types\/product"}],"wp:featuredmedia":[{"embeddable":true,"href":"https:\/\/darpol.bydgoszcz.pl\/ru\/wp-json\/wp\/v2\/media\/14948"}],"wp:attachment":[{"href":"https:\/\/darpol.bydgoszcz.pl\/ru\/wp-json\/wp\/v2\/media?parent=14949"}],"wp:term":[{"taxonomy":"product_cat","embeddable":true,"href":"https:\/\/darpol.bydgoszcz.pl\/ru\/wp-json\/wp\/v2\/product_cat?post=14949"},{"taxonomy":"product_tag","embeddable":true,"href":"https:\/\/darpol.bydgoszcz.pl\/ru\/wp-json\/wp\/v2\/product_tag?post=14949"}],"curies":[{"name":"wp","href":"https:\/\/api.w.org\/{rel}","templated":true}]}}