{"id":14733,"date":"2013-08-27T15:15:43","date_gmt":"2013-08-27T13:15:43","guid":{"rendered":"http:\/\/darpol.bydgoszcz.pl\/sklep\/ostalnye-zapchasti\/sprezyny-klawiatury-sprzegu-scharfenberga-dl-o-11-002-01-i-dl-o-11-002-02-2\/"},"modified":"2013-08-27T15:15:43","modified_gmt":"2013-08-27T13:15:43","slug":"sprezyny-klawiatury-sprzegu-scharfenberga-dl-o-11-002-01-i-dl-o-11-002-02-2","status":"publish","type":"product","link":"https:\/\/darpol.bydgoszcz.pl\/ru\/predlagaet\/podvizhnoj-sostav\/ostalnye-zapchasti\/sprezyny-klawiatury-sprzegu-scharfenberga-dl-o-11-002-01-i-dl-o-11-002-02-2\/","title":{"rendered":"\u041f\u0440\u0443\u0436\u0438\u043d\u044b \u043a\u043b\u0430\u0432\u0438\u0430\u0442\u0443\u0440\u044b \u0441\u0446\u0435\u043f\u043a\u0438 DL-O 11 002-01 \u0438 DL-O 11 002-02"},"content":{"rendered":"<p><span style=\"color: #333333;\"><span style=\"font-size: 8pt;\">\u041f\u0440\u0435\u0434\u043b\u0430\u0433\u0430\u0435\u043c:<\/span><\/span><\/p>\n<p><span style=\"color: #333333;\"><span style=\"font-size: 8pt;\"><strong>&#8211; \u041f\u0420\u0423\u0416\u0418\u041d\u0410 \u041a\u041b\u0410\u0412\u0418\u0410\u0422\u0423\u0420\u042b \u0421\u0426\u0415\u041f\u041a\u0418 \u0422\u0418\u041f \u0410<\/strong> &#8211; \u0441\u0438\u043c\u0432\u043e\u043b DL-O 11 002-01<\/span><\/span><\/p>\n<p><span style=\"color: #333333;\"><span style=\"font-size: 8pt;\"><strong>&#8211; \u041f\u0420\u0423\u0416\u0418\u041d\u0410 \u041a\u041b\u0410\u0412\u0418\u0410\u0422\u0423\u0420\u042b \u0421\u0426\u0415\u041f\u041a\u0418 \u0422\u0418\u041f \u0410<\/strong> &#8211; \u0441\u0438\u043c\u0432\u043e\u043b DL-O 11 002-01<\/span><\/span><\/p>\n<p><span style=\"color: #333333;\"><span style=\"font-size: 8pt;\"><br \/><\/span><\/span><\/p>\n<p><span style=\"color: #333333;\"><span style=\"font-size: 8pt;\"><span style=\"text-decoration: underline;\">\u0423\u043f\u043e\u0442\u0440\u0435\u0431\u043b\u0435\u043d\u0438\u0435:<\/span><\/span><\/span><\/p>\n<p><span style=\"font-family: verdana,geneva;\"><span style=\"font-size: 8pt;\"><span style=\"color: #333333;\">\u044d\u043b\u0435\u043a\u0442\u0440\u043e\u043f\u043e\u0435\u0437\u0434\u0430<\/span><br \/><\/span><\/span><\/p>\n<p>&nbsp;<\/p>\n<div style=\"clear:both\"><a href=\"javascript:window.print()\"><i class=\"fa fa-print\" aria-hidden=\"true\"><\/i> \u043f\u0435\u0447\u0430\u0442\u044c<\/a><\/div>","protected":false},"excerpt":{"rendered":"<p>\u041f\u0440\u0435\u0434\u043b\u0430\u0433\u0430\u0435\u043c: &#8211; \u041f\u0420\u0423\u0416\u0418\u041d\u0410 \u041a\u041b\u0410\u0412\u0418\u0410\u0422\u0423\u0420\u042b \u0421\u0426\u0415\u041f\u041a\u0418 \u0422\u0418\u041f \u0410 &#8211; \u0441\u0438\u043c\u0432\u043e\u043b DL-O 11 002-01 &#8211; \u041f\u0420\u0423\u0416\u0418\u041d\u0410 \u041a\u041b\u0410\u0412\u0418\u0410\u0422\u0423\u0420\u042b \u0421\u0426\u0415\u041f\u041a\u0418 \u0422\u0418\u041f \u0410 &#8211; \u0441\u0438\u043c\u0432\u043e\u043b DL-O 11 002-01 \u0423\u043f\u043e\u0442\u0440\u0435\u0431\u043b\u0435\u043d\u0438\u0435: \u044d\u043b\u0435\u043a\u0442\u0440\u043e\u043f\u043e\u0435\u0437\u0434\u0430 &nbsp; \u043f\u0435\u0447\u0430\u0442\u044c<\/p>\n","protected":false},"featured_media":14732,"template":"","meta":{"om_disable_all_campaigns":false,"_monsterinsights_skip_tracking":false,"_monsterinsights_sitenote_active":false,"_monsterinsights_sitenote_note":"","_monsterinsights_sitenote_category":0,"_uf_show_specific_survey":0,"_uf_disable_surveys":false},"product_cat":[323],"product_tag":[2038,6814,392,2037,6812,6810,2036,633,4647,3288,525,5139,953,962,5153,4271,460],"class_list":{"0":"post-14733","1":"product","2":"type-product","3":"status-publish","4":"has-post-thumbnail","6":"product_cat-ostalnye-zapchasti","7":"product_tag-daren28","8":"product_tag-daren28-ru","9":"product_tag-darpol","10":"product_tag-dl-0-11-002-02","11":"product_tag-dl-0-11-002-02-ru","12":"product_tag-dl-o-11-002-01-ru","13":"product_tag-dl-o-11-002-01","14":"product_tag-en57","15":"product_tag-en57-ru","16":"product_tag-ezt-ru","17":"product_tag-ezt","18":"product_tag-klawiatura-ru","19":"product_tag-klawiatura","20":"product_tag-scharfenberg","21":"product_tag-scharfenberg-ru","22":"product_tag-sprezyna-ru","23":"product_tag-sprezyna","25":"first","26":"instock","27":"shipping-taxable","28":"purchasable","29":"product-type-simple"},"yoast_head":"<!-- This site is optimized with the Yoast SEO plugin v23.0 - https:\/\/yoast.com\/wordpress\/plugins\/seo\/ -->\n<title>\u041f\u0440\u0443\u0436\u0438\u043d\u044b \u043a\u043b\u0430\u0432\u0438\u0430\u0442\u0443\u0440\u044b \u0441\u0446\u0435\u043f\u043a\u0438 DL-O 11 002-01 \u0438 DL-O 11 002-02 - Darpol Bydgoszcz<\/title>\n<meta name=\"description\" content=\"\u041f\u0440\u0443\u0436\u0438\u043d\u044b \u043a\u043b\u0430\u0432\u0438\u0430\u0442\u0443\u0440\u044b \u0441\u0446\u0435\u043f\u043a\u0438 DL-O 11 002-01 \u0438 DL-O 11 002-02\" \/>\n<meta name=\"robots\" content=\"index, follow, max-snippet:-1, max-image-preview:large, max-video-preview:-1\" \/>\n<link rel=\"canonical\" href=\"https:\/\/darpol.bydgoszcz.pl\/ru\/predlagaet\/podvizhnoj-sostav\/ostalnye-zapchasti\/sprezyny-klawiatury-sprzegu-scharfenberga-dl-o-11-002-01-i-dl-o-11-002-02-2\/\" \/>\n<meta property=\"og:locale\" content=\"ru_RU\" \/>\n<meta property=\"og:type\" content=\"article\" \/>\n<meta property=\"og:title\" content=\"\u041f\u0440\u0443\u0436\u0438\u043d\u044b \u043a\u043b\u0430\u0432\u0438\u0430\u0442\u0443\u0440\u044b \u0441\u0446\u0435\u043f\u043a\u0438 DL-O 11 002-01 \u0438 DL-O 11 002-02 - Darpol Bydgoszcz\" \/>\n<meta property=\"og:description\" content=\"\u041f\u0440\u0443\u0436\u0438\u043d\u044b \u043a\u043b\u0430\u0432\u0438\u0430\u0442\u0443\u0440\u044b \u0441\u0446\u0435\u043f\u043a\u0438 DL-O 11 002-01 \u0438 DL-O 11 002-02\" \/>\n<meta property=\"og:url\" content=\"https:\/\/darpol.bydgoszcz.pl\/ru\/predlagaet\/podvizhnoj-sostav\/ostalnye-zapchasti\/sprezyny-klawiatury-sprzegu-scharfenberga-dl-o-11-002-01-i-dl-o-11-002-02-2\/\" \/>\n<meta property=\"og:site_name\" content=\"Darpol Bydgoszcz\" \/>\n<meta property=\"og:image\" content=\"https:\/\/darpol.bydgoszcz.pl\/wp-content\/uploads\/789-1104-sprezyna-klawiatury-sprzegu-scharfenberga-dl-o-11-002-01-i-dl-o-11-002-02.jpg\" \/>\n\t<meta property=\"og:image:width\" content=\"448\" \/>\n\t<meta property=\"og:image:height\" content=\"205\" \/>\n\t<meta property=\"og:image:type\" content=\"image\/jpeg\" \/>\n<meta name=\"twitter:card\" content=\"summary_large_image\" \/>\n<script type=\"application\/ld+json\" class=\"yoast-schema-graph\">{\"@context\":\"https:\/\/schema.org\",\"@graph\":[{\"@type\":\"WebPage\",\"@id\":\"https:\/\/darpol.bydgoszcz.pl\/ru\/predlagaet\/podvizhnoj-sostav\/ostalnye-zapchasti\/sprezyny-klawiatury-sprzegu-scharfenberga-dl-o-11-002-01-i-dl-o-11-002-02-2\/\",\"url\":\"https:\/\/darpol.bydgoszcz.pl\/ru\/predlagaet\/podvizhnoj-sostav\/ostalnye-zapchasti\/sprezyny-klawiatury-sprzegu-scharfenberga-dl-o-11-002-01-i-dl-o-11-002-02-2\/\",\"name\":\"\u041f\u0440\u0443\u0436\u0438\u043d\u044b \u043a\u043b\u0430\u0432\u0438\u0430\u0442\u0443\u0440\u044b \u0441\u0446\u0435\u043f\u043a\u0438 DL-O 11 002-01 \u0438 DL-O 11 002-02 - Darpol Bydgoszcz\",\"isPartOf\":{\"@id\":\"https:\/\/darpol.bydgoszcz.pl\/#website\"},\"primaryImageOfPage\":{\"@id\":\"https:\/\/darpol.bydgoszcz.pl\/ru\/predlagaet\/podvizhnoj-sostav\/ostalnye-zapchasti\/sprezyny-klawiatury-sprzegu-scharfenberga-dl-o-11-002-01-i-dl-o-11-002-02-2\/#primaryimage\"},\"image\":{\"@id\":\"https:\/\/darpol.bydgoszcz.pl\/ru\/predlagaet\/podvizhnoj-sostav\/ostalnye-zapchasti\/sprezyny-klawiatury-sprzegu-scharfenberga-dl-o-11-002-01-i-dl-o-11-002-02-2\/#primaryimage\"},\"thumbnailUrl\":\"https:\/\/darpol.bydgoszcz.pl\/wp-content\/uploads\/789-1104-sprezyna-klawiatury-sprzegu-scharfenberga-dl-o-11-002-01-i-dl-o-11-002-02.jpg\",\"datePublished\":\"2013-08-27T13:15:43+00:00\",\"dateModified\":\"2013-08-27T13:15:43+00:00\",\"description\":\"\u041f\u0440\u0443\u0436\u0438\u043d\u044b \u043a\u043b\u0430\u0432\u0438\u0430\u0442\u0443\u0440\u044b \u0441\u0446\u0435\u043f\u043a\u0438 DL-O 11 002-01 \u0438 DL-O 11 002-02\",\"breadcrumb\":{\"@id\":\"https:\/\/darpol.bydgoszcz.pl\/ru\/predlagaet\/podvizhnoj-sostav\/ostalnye-zapchasti\/sprezyny-klawiatury-sprzegu-scharfenberga-dl-o-11-002-01-i-dl-o-11-002-02-2\/#breadcrumb\"},\"inLanguage\":\"ru-RU\",\"potentialAction\":[{\"@type\":\"ReadAction\",\"target\":[\"https:\/\/darpol.bydgoszcz.pl\/ru\/predlagaet\/podvizhnoj-sostav\/ostalnye-zapchasti\/sprezyny-klawiatury-sprzegu-scharfenberga-dl-o-11-002-01-i-dl-o-11-002-02-2\/\"]}]},{\"@type\":\"ImageObject\",\"inLanguage\":\"ru-RU\",\"@id\":\"https:\/\/darpol.bydgoszcz.pl\/ru\/predlagaet\/podvizhnoj-sostav\/ostalnye-zapchasti\/sprezyny-klawiatury-sprzegu-scharfenberga-dl-o-11-002-01-i-dl-o-11-002-02-2\/#primaryimage\",\"url\":\"https:\/\/darpol.bydgoszcz.pl\/wp-content\/uploads\/789-1104-sprezyna-klawiatury-sprzegu-scharfenberga-dl-o-11-002-01-i-dl-o-11-002-02.jpg\",\"contentUrl\":\"https:\/\/darpol.bydgoszcz.pl\/wp-content\/uploads\/789-1104-sprezyna-klawiatury-sprzegu-scharfenberga-dl-o-11-002-01-i-dl-o-11-002-02.jpg\",\"width\":448,\"height\":205,\"caption\":\"Spr\u0119\u017cyna klawiatury sprz\u0119gu Scharfenberga DL-O 11 002-01 i DL-O 11 002-02\"},{\"@type\":\"BreadcrumbList\",\"@id\":\"https:\/\/darpol.bydgoszcz.pl\/ru\/predlagaet\/podvizhnoj-sostav\/ostalnye-zapchasti\/sprezyny-klawiatury-sprzegu-scharfenberga-dl-o-11-002-01-i-dl-o-11-002-02-2\/#breadcrumb\",\"itemListElement\":[{\"@type\":\"ListItem\",\"position\":1,\"name\":\"Strona g\u0142\u00f3wna\",\"item\":\"https:\/\/darpol.bydgoszcz.pl\/ru\/\"},{\"@type\":\"ListItem\",\"position\":2,\"name\":\"Oferta\",\"item\":\"https:\/\/darpol.bydgoszcz.pl\/oferta\/\"},{\"@type\":\"ListItem\",\"position\":3,\"name\":\"\u041f\u0440\u0443\u0436\u0438\u043d\u044b \u043a\u043b\u0430\u0432\u0438\u0430\u0442\u0443\u0440\u044b \u0441\u0446\u0435\u043f\u043a\u0438 DL-O 11 002-01 \u0438 DL-O 11 002-02\"}]},{\"@type\":\"WebSite\",\"@id\":\"https:\/\/darpol.bydgoszcz.pl\/#website\",\"url\":\"https:\/\/darpol.bydgoszcz.pl\/\",\"name\":\"Darpol Bydgoszcz\",\"description\":\"\",\"potentialAction\":[{\"@type\":\"SearchAction\",\"target\":{\"@type\":\"EntryPoint\",\"urlTemplate\":\"https:\/\/darpol.bydgoszcz.pl\/?s={search_term_string}\"},\"query-input\":\"required name=search_term_string\"}],\"inLanguage\":\"ru-RU\"}]}<\/script>\n<!-- \/ Yoast SEO plugin. -->","yoast_head_json":{"title":"\u041f\u0440\u0443\u0436\u0438\u043d\u044b \u043a\u043b\u0430\u0432\u0438\u0430\u0442\u0443\u0440\u044b \u0441\u0446\u0435\u043f\u043a\u0438 DL-O 11 002-01 \u0438 DL-O 11 002-02 - Darpol Bydgoszcz","description":"\u041f\u0440\u0443\u0436\u0438\u043d\u044b \u043a\u043b\u0430\u0432\u0438\u0430\u0442\u0443\u0440\u044b \u0441\u0446\u0435\u043f\u043a\u0438 DL-O 11 002-01 \u0438 DL-O 11 002-02","robots":{"index":"index","follow":"follow","max-snippet":"max-snippet:-1","max-image-preview":"max-image-preview:large","max-video-preview":"max-video-preview:-1"},"canonical":"https:\/\/darpol.bydgoszcz.pl\/ru\/predlagaet\/podvizhnoj-sostav\/ostalnye-zapchasti\/sprezyny-klawiatury-sprzegu-scharfenberga-dl-o-11-002-01-i-dl-o-11-002-02-2\/","og_locale":"ru_RU","og_type":"article","og_title":"\u041f\u0440\u0443\u0436\u0438\u043d\u044b \u043a\u043b\u0430\u0432\u0438\u0430\u0442\u0443\u0440\u044b \u0441\u0446\u0435\u043f\u043a\u0438 DL-O 11 002-01 \u0438 DL-O 11 002-02 - Darpol Bydgoszcz","og_description":"\u041f\u0440\u0443\u0436\u0438\u043d\u044b \u043a\u043b\u0430\u0432\u0438\u0430\u0442\u0443\u0440\u044b \u0441\u0446\u0435\u043f\u043a\u0438 DL-O 11 002-01 \u0438 DL-O 11 002-02","og_url":"https:\/\/darpol.bydgoszcz.pl\/ru\/predlagaet\/podvizhnoj-sostav\/ostalnye-zapchasti\/sprezyny-klawiatury-sprzegu-scharfenberga-dl-o-11-002-01-i-dl-o-11-002-02-2\/","og_site_name":"Darpol Bydgoszcz","og_image":[{"width":448,"height":205,"url":"https:\/\/darpol.bydgoszcz.pl\/wp-content\/uploads\/789-1104-sprezyna-klawiatury-sprzegu-scharfenberga-dl-o-11-002-01-i-dl-o-11-002-02.jpg","type":"image\/jpeg"}],"twitter_card":"summary_large_image","schema":{"@context":"https:\/\/schema.org","@graph":[{"@type":"WebPage","@id":"https:\/\/darpol.bydgoszcz.pl\/ru\/predlagaet\/podvizhnoj-sostav\/ostalnye-zapchasti\/sprezyny-klawiatury-sprzegu-scharfenberga-dl-o-11-002-01-i-dl-o-11-002-02-2\/","url":"https:\/\/darpol.bydgoszcz.pl\/ru\/predlagaet\/podvizhnoj-sostav\/ostalnye-zapchasti\/sprezyny-klawiatury-sprzegu-scharfenberga-dl-o-11-002-01-i-dl-o-11-002-02-2\/","name":"\u041f\u0440\u0443\u0436\u0438\u043d\u044b \u043a\u043b\u0430\u0432\u0438\u0430\u0442\u0443\u0440\u044b \u0441\u0446\u0435\u043f\u043a\u0438 DL-O 11 002-01 \u0438 DL-O 11 002-02 - Darpol Bydgoszcz","isPartOf":{"@id":"https:\/\/darpol.bydgoszcz.pl\/#website"},"primaryImageOfPage":{"@id":"https:\/\/darpol.bydgoszcz.pl\/ru\/predlagaet\/podvizhnoj-sostav\/ostalnye-zapchasti\/sprezyny-klawiatury-sprzegu-scharfenberga-dl-o-11-002-01-i-dl-o-11-002-02-2\/#primaryimage"},"image":{"@id":"https:\/\/darpol.bydgoszcz.pl\/ru\/predlagaet\/podvizhnoj-sostav\/ostalnye-zapchasti\/sprezyny-klawiatury-sprzegu-scharfenberga-dl-o-11-002-01-i-dl-o-11-002-02-2\/#primaryimage"},"thumbnailUrl":"https:\/\/darpol.bydgoszcz.pl\/wp-content\/uploads\/789-1104-sprezyna-klawiatury-sprzegu-scharfenberga-dl-o-11-002-01-i-dl-o-11-002-02.jpg","datePublished":"2013-08-27T13:15:43+00:00","dateModified":"2013-08-27T13:15:43+00:00","description":"\u041f\u0440\u0443\u0436\u0438\u043d\u044b \u043a\u043b\u0430\u0432\u0438\u0430\u0442\u0443\u0440\u044b \u0441\u0446\u0435\u043f\u043a\u0438 DL-O 11 002-01 \u0438 DL-O 11 002-02","breadcrumb":{"@id":"https:\/\/darpol.bydgoszcz.pl\/ru\/predlagaet\/podvizhnoj-sostav\/ostalnye-zapchasti\/sprezyny-klawiatury-sprzegu-scharfenberga-dl-o-11-002-01-i-dl-o-11-002-02-2\/#breadcrumb"},"inLanguage":"ru-RU","potentialAction":[{"@type":"ReadAction","target":["https:\/\/darpol.bydgoszcz.pl\/ru\/predlagaet\/podvizhnoj-sostav\/ostalnye-zapchasti\/sprezyny-klawiatury-sprzegu-scharfenberga-dl-o-11-002-01-i-dl-o-11-002-02-2\/"]}]},{"@type":"ImageObject","inLanguage":"ru-RU","@id":"https:\/\/darpol.bydgoszcz.pl\/ru\/predlagaet\/podvizhnoj-sostav\/ostalnye-zapchasti\/sprezyny-klawiatury-sprzegu-scharfenberga-dl-o-11-002-01-i-dl-o-11-002-02-2\/#primaryimage","url":"https:\/\/darpol.bydgoszcz.pl\/wp-content\/uploads\/789-1104-sprezyna-klawiatury-sprzegu-scharfenberga-dl-o-11-002-01-i-dl-o-11-002-02.jpg","contentUrl":"https:\/\/darpol.bydgoszcz.pl\/wp-content\/uploads\/789-1104-sprezyna-klawiatury-sprzegu-scharfenberga-dl-o-11-002-01-i-dl-o-11-002-02.jpg","width":448,"height":205,"caption":"Spr\u0119\u017cyna klawiatury sprz\u0119gu Scharfenberga DL-O 11 002-01 i DL-O 11 002-02"},{"@type":"BreadcrumbList","@id":"https:\/\/darpol.bydgoszcz.pl\/ru\/predlagaet\/podvizhnoj-sostav\/ostalnye-zapchasti\/sprezyny-klawiatury-sprzegu-scharfenberga-dl-o-11-002-01-i-dl-o-11-002-02-2\/#breadcrumb","itemListElement":[{"@type":"ListItem","position":1,"name":"Strona g\u0142\u00f3wna","item":"https:\/\/darpol.bydgoszcz.pl\/ru\/"},{"@type":"ListItem","position":2,"name":"Oferta","item":"https:\/\/darpol.bydgoszcz.pl\/oferta\/"},{"@type":"ListItem","position":3,"name":"\u041f\u0440\u0443\u0436\u0438\u043d\u044b \u043a\u043b\u0430\u0432\u0438\u0430\u0442\u0443\u0440\u044b \u0441\u0446\u0435\u043f\u043a\u0438 DL-O 11 002-01 \u0438 DL-O 11 002-02"}]},{"@type":"WebSite","@id":"https:\/\/darpol.bydgoszcz.pl\/#website","url":"https:\/\/darpol.bydgoszcz.pl\/","name":"Darpol Bydgoszcz","description":"","potentialAction":[{"@type":"SearchAction","target":{"@type":"EntryPoint","urlTemplate":"https:\/\/darpol.bydgoszcz.pl\/?s={search_term_string}"},"query-input":"required name=search_term_string"}],"inLanguage":"ru-RU"}]}},"_links":{"self":[{"href":"https:\/\/darpol.bydgoszcz.pl\/ru\/wp-json\/wp\/v2\/product\/14733","targetHints":{"allow":["GET"]}}],"collection":[{"href":"https:\/\/darpol.bydgoszcz.pl\/ru\/wp-json\/wp\/v2\/product"}],"about":[{"href":"https:\/\/darpol.bydgoszcz.pl\/ru\/wp-json\/wp\/v2\/types\/product"}],"wp:featuredmedia":[{"embeddable":true,"href":"https:\/\/darpol.bydgoszcz.pl\/ru\/wp-json\/wp\/v2\/media\/14732"}],"wp:attachment":[{"href":"https:\/\/darpol.bydgoszcz.pl\/ru\/wp-json\/wp\/v2\/media?parent=14733"}],"wp:term":[{"taxonomy":"product_cat","embeddable":true,"href":"https:\/\/darpol.bydgoszcz.pl\/ru\/wp-json\/wp\/v2\/product_cat?post=14733"},{"taxonomy":"product_tag","embeddable":true,"href":"https:\/\/darpol.bydgoszcz.pl\/ru\/wp-json\/wp\/v2\/product_tag?post=14733"}],"curies":[{"name":"wp","href":"https:\/\/api.w.org\/{rel}","templated":true}]}}