{"id":14383,"date":"2013-05-17T16:02:22","date_gmt":"2013-05-17T14:02:22","guid":{"rendered":"http:\/\/darpol.bydgoszcz.pl\/sklep\/osveschenie\/lampa-dlia-chtenija-dl-o-13-020-00\/"},"modified":"2013-05-17T16:02:22","modified_gmt":"2013-05-17T14:02:22","slug":"lampa-dlia-chtenija-dl-o-13-020-00","status":"publish","type":"product","link":"https:\/\/darpol.bydgoszcz.pl\/ru\/predlagaet\/podvizhnoj-sostav\/passazhirskie-vagony\/lampa-dlia-chtenija-dl-o-13-020-00\/","title":{"rendered":"\u041b\u0430\u043c\u043f\u0430 \u0434\u043b\u044f \u0447\u0442\u0435\u043d\u0438\u044f DL-O 13 020-00"},"content":{"rendered":"<p><span style=\"color: #333333;\">\u041a\u0440\u0435\u043f\u043b\u0435\u043d\u0438\u0435 \u0432 \u043f\u043e\u043b\u043a\u0435 \u0434\u043b\u044f \u0432\u0430\u0433\u0430\u0436\u0430.<\/span><\/p>\n<p>&nbsp;<\/p>\n<p><span style=\"color: #333333;\">24V<br \/><\/span><\/p>\n<div style=\"clear:both\"><a href=\"javascript:window.print()\"><i class=\"fa fa-print\" aria-hidden=\"true\"><\/i> \u043f\u0435\u0447\u0430\u0442\u044c<\/a><\/div>","protected":false},"excerpt":{"rendered":"<p>\u041a\u0440\u0435\u043f\u043b\u0435\u043d\u0438\u0435 \u0432 \u043f\u043e\u043b\u043a\u0435 \u0434\u043b\u044f \u0432\u0430\u0433\u0430\u0436\u0430. &nbsp; 24V \u043f\u0435\u0447\u0430\u0442\u044c<\/p>\n","protected":false},"featured_media":52070,"template":"","meta":{"om_disable_all_campaigns":false,"_monsterinsights_skip_tracking":false,"_monsterinsights_sitenote_active":false,"_monsterinsights_sitenote_note":"","_monsterinsights_sitenote_category":0,"_uf_show_specific_survey":0,"_uf_disable_surveys":false},"product_cat":[370,341],"product_tag":[3494,3401,3275,3276],"class_list":{"0":"post-14383","1":"product","2":"type-product","3":"status-publish","4":"has-post-thumbnail","6":"product_cat-osveschenie","7":"product_cat-passazhirskie-vagony","8":"product_tag-darpol-ru","9":"product_tag-lampka-ru","10":"product_tag-osobowy-ru","11":"product_tag-wagon-ru","13":"first","14":"instock","15":"shipping-taxable","16":"purchasable","17":"product-type-simple"},"yoast_head":"<!-- This site is optimized with the Yoast SEO plugin v23.0 - https:\/\/yoast.com\/wordpress\/plugins\/seo\/ -->\n<title>\u041b\u0430\u043c\u043f\u0430 \u0434\u043b\u044f \u0447\u0442\u0435\u043d\u0438\u044f DL-O 13 020-00 - Darpol Bydgoszcz<\/title>\n<meta name=\"description\" content=\"\u041b\u0430\u043c\u043f\u0430 \u0434\u043b\u044f \u0447\u0442\u0435\u043d\u0438\u044f DL-O 13 020-00\" \/>\n<meta name=\"robots\" content=\"index, follow, max-snippet:-1, max-image-preview:large, max-video-preview:-1\" \/>\n<link rel=\"canonical\" href=\"https:\/\/darpol.bydgoszcz.pl\/ru\/predlagaet\/podvizhnoj-sostav\/passazhirskie-vagony\/lampa-dlia-chtenija-dl-o-13-020-00\/\" \/>\n<meta property=\"og:locale\" content=\"ru_RU\" \/>\n<meta property=\"og:type\" content=\"article\" \/>\n<meta property=\"og:title\" content=\"\u041b\u0430\u043c\u043f\u0430 \u0434\u043b\u044f \u0447\u0442\u0435\u043d\u0438\u044f DL-O 13 020-00 - Darpol Bydgoszcz\" \/>\n<meta property=\"og:description\" content=\"\u041b\u0430\u043c\u043f\u0430 \u0434\u043b\u044f \u0447\u0442\u0435\u043d\u0438\u044f DL-O 13 020-00\" \/>\n<meta property=\"og:url\" content=\"https:\/\/darpol.bydgoszcz.pl\/ru\/predlagaet\/podvizhnoj-sostav\/passazhirskie-vagony\/lampa-dlia-chtenija-dl-o-13-020-00\/\" \/>\n<meta property=\"og:site_name\" content=\"Darpol Bydgoszcz\" \/>\n<meta property=\"og:image\" content=\"https:\/\/darpol.bydgoszcz.pl\/wp-content\/uploads\/DL-O-13-020-00-lampka-do-czytania-mocowana-w-p\u00f3\u0142ce-baga\u017cowej.png\" \/>\n\t<meta property=\"og:image:width\" content=\"1429\" \/>\n\t<meta property=\"og:image:height\" content=\"1127\" \/>\n\t<meta property=\"og:image:type\" content=\"image\/png\" \/>\n<meta name=\"twitter:card\" content=\"summary_large_image\" \/>\n<script type=\"application\/ld+json\" class=\"yoast-schema-graph\">{\"@context\":\"https:\/\/schema.org\",\"@graph\":[{\"@type\":\"WebPage\",\"@id\":\"https:\/\/darpol.bydgoszcz.pl\/ru\/predlagaet\/podvizhnoj-sostav\/passazhirskie-vagony\/lampa-dlia-chtenija-dl-o-13-020-00\/\",\"url\":\"https:\/\/darpol.bydgoszcz.pl\/ru\/predlagaet\/podvizhnoj-sostav\/passazhirskie-vagony\/lampa-dlia-chtenija-dl-o-13-020-00\/\",\"name\":\"\u041b\u0430\u043c\u043f\u0430 \u0434\u043b\u044f \u0447\u0442\u0435\u043d\u0438\u044f DL-O 13 020-00 - Darpol Bydgoszcz\",\"isPartOf\":{\"@id\":\"https:\/\/darpol.bydgoszcz.pl\/#website\"},\"primaryImageOfPage\":{\"@id\":\"https:\/\/darpol.bydgoszcz.pl\/ru\/predlagaet\/podvizhnoj-sostav\/passazhirskie-vagony\/lampa-dlia-chtenija-dl-o-13-020-00\/#primaryimage\"},\"image\":{\"@id\":\"https:\/\/darpol.bydgoszcz.pl\/ru\/predlagaet\/podvizhnoj-sostav\/passazhirskie-vagony\/lampa-dlia-chtenija-dl-o-13-020-00\/#primaryimage\"},\"thumbnailUrl\":\"https:\/\/darpol.bydgoszcz.pl\/wp-content\/uploads\/DL-O-13-020-00-lampka-do-czytania-mocowana-w-p\u00f3\u0142ce-baga\u017cowej.png\",\"datePublished\":\"2013-05-17T14:02:22+00:00\",\"dateModified\":\"2013-05-17T14:02:22+00:00\",\"description\":\"\u041b\u0430\u043c\u043f\u0430 \u0434\u043b\u044f \u0447\u0442\u0435\u043d\u0438\u044f DL-O 13 020-00\",\"breadcrumb\":{\"@id\":\"https:\/\/darpol.bydgoszcz.pl\/ru\/predlagaet\/podvizhnoj-sostav\/passazhirskie-vagony\/lampa-dlia-chtenija-dl-o-13-020-00\/#breadcrumb\"},\"inLanguage\":\"ru-RU\",\"potentialAction\":[{\"@type\":\"ReadAction\",\"target\":[\"https:\/\/darpol.bydgoszcz.pl\/ru\/predlagaet\/podvizhnoj-sostav\/passazhirskie-vagony\/lampa-dlia-chtenija-dl-o-13-020-00\/\"]}]},{\"@type\":\"ImageObject\",\"inLanguage\":\"ru-RU\",\"@id\":\"https:\/\/darpol.bydgoszcz.pl\/ru\/predlagaet\/podvizhnoj-sostav\/passazhirskie-vagony\/lampa-dlia-chtenija-dl-o-13-020-00\/#primaryimage\",\"url\":\"https:\/\/darpol.bydgoszcz.pl\/wp-content\/uploads\/DL-O-13-020-00-lampka-do-czytania-mocowana-w-p\u00f3\u0142ce-baga\u017cowej.png\",\"contentUrl\":\"https:\/\/darpol.bydgoszcz.pl\/wp-content\/uploads\/DL-O-13-020-00-lampka-do-czytania-mocowana-w-p\u00f3\u0142ce-baga\u017cowej.png\",\"width\":1429,\"height\":1127},{\"@type\":\"BreadcrumbList\",\"@id\":\"https:\/\/darpol.bydgoszcz.pl\/ru\/predlagaet\/podvizhnoj-sostav\/passazhirskie-vagony\/lampa-dlia-chtenija-dl-o-13-020-00\/#breadcrumb\",\"itemListElement\":[{\"@type\":\"ListItem\",\"position\":1,\"name\":\"Strona g\u0142\u00f3wna\",\"item\":\"https:\/\/darpol.bydgoszcz.pl\/ru\/\"},{\"@type\":\"ListItem\",\"position\":2,\"name\":\"Oferta\",\"item\":\"https:\/\/darpol.bydgoszcz.pl\/oferta\/\"},{\"@type\":\"ListItem\",\"position\":3,\"name\":\"\u041b\u0430\u043c\u043f\u0430 \u0434\u043b\u044f \u0447\u0442\u0435\u043d\u0438\u044f DL-O 13 020-00\"}]},{\"@type\":\"WebSite\",\"@id\":\"https:\/\/darpol.bydgoszcz.pl\/#website\",\"url\":\"https:\/\/darpol.bydgoszcz.pl\/\",\"name\":\"Darpol Bydgoszcz\",\"description\":\"\",\"potentialAction\":[{\"@type\":\"SearchAction\",\"target\":{\"@type\":\"EntryPoint\",\"urlTemplate\":\"https:\/\/darpol.bydgoszcz.pl\/?s={search_term_string}\"},\"query-input\":\"required name=search_term_string\"}],\"inLanguage\":\"ru-RU\"}]}<\/script>\n<!-- \/ Yoast SEO plugin. -->","yoast_head_json":{"title":"\u041b\u0430\u043c\u043f\u0430 \u0434\u043b\u044f \u0447\u0442\u0435\u043d\u0438\u044f DL-O 13 020-00 - Darpol Bydgoszcz","description":"\u041b\u0430\u043c\u043f\u0430 \u0434\u043b\u044f \u0447\u0442\u0435\u043d\u0438\u044f DL-O 13 020-00","robots":{"index":"index","follow":"follow","max-snippet":"max-snippet:-1","max-image-preview":"max-image-preview:large","max-video-preview":"max-video-preview:-1"},"canonical":"https:\/\/darpol.bydgoszcz.pl\/ru\/predlagaet\/podvizhnoj-sostav\/passazhirskie-vagony\/lampa-dlia-chtenija-dl-o-13-020-00\/","og_locale":"ru_RU","og_type":"article","og_title":"\u041b\u0430\u043c\u043f\u0430 \u0434\u043b\u044f \u0447\u0442\u0435\u043d\u0438\u044f DL-O 13 020-00 - Darpol Bydgoszcz","og_description":"\u041b\u0430\u043c\u043f\u0430 \u0434\u043b\u044f \u0447\u0442\u0435\u043d\u0438\u044f DL-O 13 020-00","og_url":"https:\/\/darpol.bydgoszcz.pl\/ru\/predlagaet\/podvizhnoj-sostav\/passazhirskie-vagony\/lampa-dlia-chtenija-dl-o-13-020-00\/","og_site_name":"Darpol Bydgoszcz","og_image":[{"width":1429,"height":1127,"url":"https:\/\/darpol.bydgoszcz.pl\/wp-content\/uploads\/DL-O-13-020-00-lampka-do-czytania-mocowana-w-p\u00f3\u0142ce-baga\u017cowej.png","type":"image\/png"}],"twitter_card":"summary_large_image","schema":{"@context":"https:\/\/schema.org","@graph":[{"@type":"WebPage","@id":"https:\/\/darpol.bydgoszcz.pl\/ru\/predlagaet\/podvizhnoj-sostav\/passazhirskie-vagony\/lampa-dlia-chtenija-dl-o-13-020-00\/","url":"https:\/\/darpol.bydgoszcz.pl\/ru\/predlagaet\/podvizhnoj-sostav\/passazhirskie-vagony\/lampa-dlia-chtenija-dl-o-13-020-00\/","name":"\u041b\u0430\u043c\u043f\u0430 \u0434\u043b\u044f \u0447\u0442\u0435\u043d\u0438\u044f DL-O 13 020-00 - Darpol Bydgoszcz","isPartOf":{"@id":"https:\/\/darpol.bydgoszcz.pl\/#website"},"primaryImageOfPage":{"@id":"https:\/\/darpol.bydgoszcz.pl\/ru\/predlagaet\/podvizhnoj-sostav\/passazhirskie-vagony\/lampa-dlia-chtenija-dl-o-13-020-00\/#primaryimage"},"image":{"@id":"https:\/\/darpol.bydgoszcz.pl\/ru\/predlagaet\/podvizhnoj-sostav\/passazhirskie-vagony\/lampa-dlia-chtenija-dl-o-13-020-00\/#primaryimage"},"thumbnailUrl":"https:\/\/darpol.bydgoszcz.pl\/wp-content\/uploads\/DL-O-13-020-00-lampka-do-czytania-mocowana-w-p\u00f3\u0142ce-baga\u017cowej.png","datePublished":"2013-05-17T14:02:22+00:00","dateModified":"2013-05-17T14:02:22+00:00","description":"\u041b\u0430\u043c\u043f\u0430 \u0434\u043b\u044f \u0447\u0442\u0435\u043d\u0438\u044f DL-O 13 020-00","breadcrumb":{"@id":"https:\/\/darpol.bydgoszcz.pl\/ru\/predlagaet\/podvizhnoj-sostav\/passazhirskie-vagony\/lampa-dlia-chtenija-dl-o-13-020-00\/#breadcrumb"},"inLanguage":"ru-RU","potentialAction":[{"@type":"ReadAction","target":["https:\/\/darpol.bydgoszcz.pl\/ru\/predlagaet\/podvizhnoj-sostav\/passazhirskie-vagony\/lampa-dlia-chtenija-dl-o-13-020-00\/"]}]},{"@type":"ImageObject","inLanguage":"ru-RU","@id":"https:\/\/darpol.bydgoszcz.pl\/ru\/predlagaet\/podvizhnoj-sostav\/passazhirskie-vagony\/lampa-dlia-chtenija-dl-o-13-020-00\/#primaryimage","url":"https:\/\/darpol.bydgoszcz.pl\/wp-content\/uploads\/DL-O-13-020-00-lampka-do-czytania-mocowana-w-p\u00f3\u0142ce-baga\u017cowej.png","contentUrl":"https:\/\/darpol.bydgoszcz.pl\/wp-content\/uploads\/DL-O-13-020-00-lampka-do-czytania-mocowana-w-p\u00f3\u0142ce-baga\u017cowej.png","width":1429,"height":1127},{"@type":"BreadcrumbList","@id":"https:\/\/darpol.bydgoszcz.pl\/ru\/predlagaet\/podvizhnoj-sostav\/passazhirskie-vagony\/lampa-dlia-chtenija-dl-o-13-020-00\/#breadcrumb","itemListElement":[{"@type":"ListItem","position":1,"name":"Strona g\u0142\u00f3wna","item":"https:\/\/darpol.bydgoszcz.pl\/ru\/"},{"@type":"ListItem","position":2,"name":"Oferta","item":"https:\/\/darpol.bydgoszcz.pl\/oferta\/"},{"@type":"ListItem","position":3,"name":"\u041b\u0430\u043c\u043f\u0430 \u0434\u043b\u044f \u0447\u0442\u0435\u043d\u0438\u044f DL-O 13 020-00"}]},{"@type":"WebSite","@id":"https:\/\/darpol.bydgoszcz.pl\/#website","url":"https:\/\/darpol.bydgoszcz.pl\/","name":"Darpol Bydgoszcz","description":"","potentialAction":[{"@type":"SearchAction","target":{"@type":"EntryPoint","urlTemplate":"https:\/\/darpol.bydgoszcz.pl\/?s={search_term_string}"},"query-input":"required name=search_term_string"}],"inLanguage":"ru-RU"}]}},"_links":{"self":[{"href":"https:\/\/darpol.bydgoszcz.pl\/ru\/wp-json\/wp\/v2\/product\/14383","targetHints":{"allow":["GET"]}}],"collection":[{"href":"https:\/\/darpol.bydgoszcz.pl\/ru\/wp-json\/wp\/v2\/product"}],"about":[{"href":"https:\/\/darpol.bydgoszcz.pl\/ru\/wp-json\/wp\/v2\/types\/product"}],"wp:featuredmedia":[{"embeddable":true,"href":"https:\/\/darpol.bydgoszcz.pl\/ru\/wp-json\/wp\/v2\/media\/52070"}],"wp:attachment":[{"href":"https:\/\/darpol.bydgoszcz.pl\/ru\/wp-json\/wp\/v2\/media?parent=14383"}],"wp:term":[{"taxonomy":"product_cat","embeddable":true,"href":"https:\/\/darpol.bydgoszcz.pl\/ru\/wp-json\/wp\/v2\/product_cat?post=14383"},{"taxonomy":"product_tag","embeddable":true,"href":"https:\/\/darpol.bydgoszcz.pl\/ru\/wp-json\/wp\/v2\/product_tag?post=14383"}],"curies":[{"name":"wp","href":"https:\/\/api.w.org\/{rel}","templated":true}]}}