{"id":14371,"date":"2013-05-17T14:16:14","date_gmt":"2013-05-17T12:16:14","guid":{"rendered":"http:\/\/darpol.bydgoszcz.pl\/sklep\/passazhirskie-vagony\/dl-o-13-020-00\/"},"modified":"2013-05-17T14:16:14","modified_gmt":"2013-05-17T12:16:14","slug":"dl-o-13-020-00","status":"publish","type":"product","link":"https:\/\/darpol.bydgoszcz.pl\/ru\/predlagaet\/podvizhnoj-sostav\/passazhirskie-vagony\/dl-o-13-020-00\/","title":{"rendered":"\u041b\u0430\u043c\u043f\u0430 \u0434\u043b\u044f \u0447\u0442\u0435\u043d\u0438\u044f DL-O 13 020-00"},"content":{"rendered":"<p><span style=\"color: #333333;\">\u041a\u0440\u0435\u043f\u043b\u0435\u043d\u0438\u0435 \u0432 \u043f\u043e\u043b\u043a\u0435 \u0434\u043b\u044f \u0432\u0430\u0433\u0430\u0436\u0430.<\/span><\/p>\n<p><span style=\"color: #333333;\"> <\/span><\/p>\n<p><span style=\"color: #333333;\"><br \/><\/span><\/p>\n<p><span style=\"color: #333333;\"> <\/span><\/p>\n<p><span style=\"color: #333333;\">24V<\/span><\/p>\n<div style=\"clear:both\"><a href=\"javascript:window.print()\"><i class=\"fa fa-print\" aria-hidden=\"true\"><\/i> \u043f\u0435\u0447\u0430\u0442\u044c<\/a><\/div>","protected":false},"excerpt":{"rendered":"<p>\u041a\u0440\u0435\u043f\u043b\u0435\u043d\u0438\u0435 \u0432 \u043f\u043e\u043b\u043a\u0435 \u0434\u043b\u044f \u0432\u0430\u0433\u0430\u0436\u0430. 24V \u043f\u0435\u0447\u0430\u0442\u044c<\/p>\n","protected":false},"featured_media":14370,"template":"","meta":{"om_disable_all_campaigns":false,"_monsterinsights_skip_tracking":false,"_monsterinsights_sitenote_active":false,"_monsterinsights_sitenote_note":"","_monsterinsights_sitenote_category":0,"_uf_show_specific_survey":0,"_uf_disable_surveys":false},"product_cat":[341],"product_tag":[1983,1979,1977,1976,392,1986,1985,1975,717,1981,415,1980,1982,1978,1984,601,414],"class_list":{"0":"post-14371","1":"product","2":"type-product","3":"status-publish","4":"has-post-thumbnail","6":"product_cat-passazhirskie-vagony","7":"product_tag-bagazowa","8":"product_tag-bagazowych","9":"product_tag-czytania","10":"product_tag-czytanie","11":"product_tag-darpol","12":"product_tag-dl-0-13-020-00","13":"product_tag-dl-o-13-020-00","14":"product_tag-do-czytania","15":"product_tag-lampka","16":"product_tag-nagazowej","17":"product_tag-osobowy","18":"product_tag-polce","19":"product_tag-polka","20":"product_tag-polkach","21":"product_tag-polki","22":"product_tag-przedzial","23":"product_tag-wagon","25":"first","26":"instock","27":"shipping-taxable","28":"purchasable","29":"product-type-simple"},"yoast_head":"<!-- This site is optimized with the Yoast SEO plugin v23.0 - https:\/\/yoast.com\/wordpress\/plugins\/seo\/ -->\n<title>\u041b\u0430\u043c\u043f\u0430 \u0434\u043b\u044f \u0447\u0442\u0435\u043d\u0438\u044f DL-O 13 020-00 - Darpol Bydgoszcz<\/title>\n<meta name=\"description\" content=\"\u041b\u0430\u043c\u043f\u0430 \u0434\u043b\u044f \u0447\u0442\u0435\u043d\u0438\u044f DL-O 13 020-00\" \/>\n<meta name=\"robots\" content=\"index, follow, max-snippet:-1, max-image-preview:large, max-video-preview:-1\" \/>\n<link rel=\"canonical\" href=\"https:\/\/darpol.bydgoszcz.pl\/ru\/predlagaet\/podvizhnoj-sostav\/passazhirskie-vagony\/dl-o-13-020-00\/\" \/>\n<meta property=\"og:locale\" content=\"ru_RU\" \/>\n<meta property=\"og:type\" content=\"article\" \/>\n<meta property=\"og:title\" content=\"\u041b\u0430\u043c\u043f\u0430 \u0434\u043b\u044f \u0447\u0442\u0435\u043d\u0438\u044f DL-O 13 020-00 - Darpol Bydgoszcz\" \/>\n<meta property=\"og:description\" content=\"\u041b\u0430\u043c\u043f\u0430 \u0434\u043b\u044f \u0447\u0442\u0435\u043d\u0438\u044f DL-O 13 020-00\" \/>\n<meta property=\"og:url\" content=\"https:\/\/darpol.bydgoszcz.pl\/ru\/predlagaet\/podvizhnoj-sostav\/passazhirskie-vagony\/dl-o-13-020-00\/\" \/>\n<meta property=\"og:site_name\" content=\"Darpol Bydgoszcz\" \/>\n<meta property=\"og:image\" content=\"https:\/\/darpol.bydgoszcz.pl\/wp-content\/uploads\/761-1069-lampka-do-czytania-mocowana-do-polki-bagazowej-dl-o-13-020-00.jpg\" \/>\n\t<meta property=\"og:image:width\" content=\"346\" \/>\n\t<meta property=\"og:image:height\" content=\"336\" \/>\n\t<meta property=\"og:image:type\" content=\"image\/jpeg\" \/>\n<meta name=\"twitter:card\" content=\"summary_large_image\" \/>\n<script type=\"application\/ld+json\" class=\"yoast-schema-graph\">{\"@context\":\"https:\/\/schema.org\",\"@graph\":[{\"@type\":\"WebPage\",\"@id\":\"https:\/\/darpol.bydgoszcz.pl\/ru\/predlagaet\/podvizhnoj-sostav\/passazhirskie-vagony\/dl-o-13-020-00\/\",\"url\":\"https:\/\/darpol.bydgoszcz.pl\/ru\/predlagaet\/podvizhnoj-sostav\/passazhirskie-vagony\/dl-o-13-020-00\/\",\"name\":\"\u041b\u0430\u043c\u043f\u0430 \u0434\u043b\u044f \u0447\u0442\u0435\u043d\u0438\u044f DL-O 13 020-00 - Darpol Bydgoszcz\",\"isPartOf\":{\"@id\":\"https:\/\/darpol.bydgoszcz.pl\/#website\"},\"primaryImageOfPage\":{\"@id\":\"https:\/\/darpol.bydgoszcz.pl\/ru\/predlagaet\/podvizhnoj-sostav\/passazhirskie-vagony\/dl-o-13-020-00\/#primaryimage\"},\"image\":{\"@id\":\"https:\/\/darpol.bydgoszcz.pl\/ru\/predlagaet\/podvizhnoj-sostav\/passazhirskie-vagony\/dl-o-13-020-00\/#primaryimage\"},\"thumbnailUrl\":\"https:\/\/darpol.bydgoszcz.pl\/wp-content\/uploads\/761-1069-lampka-do-czytania-mocowana-do-polki-bagazowej-dl-o-13-020-00.jpg\",\"datePublished\":\"2013-05-17T12:16:14+00:00\",\"dateModified\":\"2013-05-17T12:16:14+00:00\",\"description\":\"\u041b\u0430\u043c\u043f\u0430 \u0434\u043b\u044f \u0447\u0442\u0435\u043d\u0438\u044f DL-O 13 020-00\",\"breadcrumb\":{\"@id\":\"https:\/\/darpol.bydgoszcz.pl\/ru\/predlagaet\/podvizhnoj-sostav\/passazhirskie-vagony\/dl-o-13-020-00\/#breadcrumb\"},\"inLanguage\":\"ru-RU\",\"potentialAction\":[{\"@type\":\"ReadAction\",\"target\":[\"https:\/\/darpol.bydgoszcz.pl\/ru\/predlagaet\/podvizhnoj-sostav\/passazhirskie-vagony\/dl-o-13-020-00\/\"]}]},{\"@type\":\"ImageObject\",\"inLanguage\":\"ru-RU\",\"@id\":\"https:\/\/darpol.bydgoszcz.pl\/ru\/predlagaet\/podvizhnoj-sostav\/passazhirskie-vagony\/dl-o-13-020-00\/#primaryimage\",\"url\":\"https:\/\/darpol.bydgoszcz.pl\/wp-content\/uploads\/761-1069-lampka-do-czytania-mocowana-do-polki-bagazowej-dl-o-13-020-00.jpg\",\"contentUrl\":\"https:\/\/darpol.bydgoszcz.pl\/wp-content\/uploads\/761-1069-lampka-do-czytania-mocowana-do-polki-bagazowej-dl-o-13-020-00.jpg\",\"width\":346,\"height\":336,\"caption\":\"Lampka do czytania mocowana do p\u00f3\u0142ki baga\u017cowej DL-O 13 020-00\"},{\"@type\":\"BreadcrumbList\",\"@id\":\"https:\/\/darpol.bydgoszcz.pl\/ru\/predlagaet\/podvizhnoj-sostav\/passazhirskie-vagony\/dl-o-13-020-00\/#breadcrumb\",\"itemListElement\":[{\"@type\":\"ListItem\",\"position\":1,\"name\":\"Strona g\u0142\u00f3wna\",\"item\":\"https:\/\/darpol.bydgoszcz.pl\/ru\/\"},{\"@type\":\"ListItem\",\"position\":2,\"name\":\"Oferta\",\"item\":\"https:\/\/darpol.bydgoszcz.pl\/oferta\/\"},{\"@type\":\"ListItem\",\"position\":3,\"name\":\"\u041b\u0430\u043c\u043f\u0430 \u0434\u043b\u044f \u0447\u0442\u0435\u043d\u0438\u044f DL-O 13 020-00\"}]},{\"@type\":\"WebSite\",\"@id\":\"https:\/\/darpol.bydgoszcz.pl\/#website\",\"url\":\"https:\/\/darpol.bydgoszcz.pl\/\",\"name\":\"Darpol Bydgoszcz\",\"description\":\"\",\"potentialAction\":[{\"@type\":\"SearchAction\",\"target\":{\"@type\":\"EntryPoint\",\"urlTemplate\":\"https:\/\/darpol.bydgoszcz.pl\/?s={search_term_string}\"},\"query-input\":\"required name=search_term_string\"}],\"inLanguage\":\"ru-RU\"}]}<\/script>\n<!-- \/ Yoast SEO plugin. -->","yoast_head_json":{"title":"\u041b\u0430\u043c\u043f\u0430 \u0434\u043b\u044f \u0447\u0442\u0435\u043d\u0438\u044f DL-O 13 020-00 - Darpol Bydgoszcz","description":"\u041b\u0430\u043c\u043f\u0430 \u0434\u043b\u044f \u0447\u0442\u0435\u043d\u0438\u044f DL-O 13 020-00","robots":{"index":"index","follow":"follow","max-snippet":"max-snippet:-1","max-image-preview":"max-image-preview:large","max-video-preview":"max-video-preview:-1"},"canonical":"https:\/\/darpol.bydgoszcz.pl\/ru\/predlagaet\/podvizhnoj-sostav\/passazhirskie-vagony\/dl-o-13-020-00\/","og_locale":"ru_RU","og_type":"article","og_title":"\u041b\u0430\u043c\u043f\u0430 \u0434\u043b\u044f \u0447\u0442\u0435\u043d\u0438\u044f DL-O 13 020-00 - Darpol Bydgoszcz","og_description":"\u041b\u0430\u043c\u043f\u0430 \u0434\u043b\u044f \u0447\u0442\u0435\u043d\u0438\u044f DL-O 13 020-00","og_url":"https:\/\/darpol.bydgoszcz.pl\/ru\/predlagaet\/podvizhnoj-sostav\/passazhirskie-vagony\/dl-o-13-020-00\/","og_site_name":"Darpol Bydgoszcz","og_image":[{"width":346,"height":336,"url":"https:\/\/darpol.bydgoszcz.pl\/wp-content\/uploads\/761-1069-lampka-do-czytania-mocowana-do-polki-bagazowej-dl-o-13-020-00.jpg","type":"image\/jpeg"}],"twitter_card":"summary_large_image","schema":{"@context":"https:\/\/schema.org","@graph":[{"@type":"WebPage","@id":"https:\/\/darpol.bydgoszcz.pl\/ru\/predlagaet\/podvizhnoj-sostav\/passazhirskie-vagony\/dl-o-13-020-00\/","url":"https:\/\/darpol.bydgoszcz.pl\/ru\/predlagaet\/podvizhnoj-sostav\/passazhirskie-vagony\/dl-o-13-020-00\/","name":"\u041b\u0430\u043c\u043f\u0430 \u0434\u043b\u044f \u0447\u0442\u0435\u043d\u0438\u044f DL-O 13 020-00 - Darpol Bydgoszcz","isPartOf":{"@id":"https:\/\/darpol.bydgoszcz.pl\/#website"},"primaryImageOfPage":{"@id":"https:\/\/darpol.bydgoszcz.pl\/ru\/predlagaet\/podvizhnoj-sostav\/passazhirskie-vagony\/dl-o-13-020-00\/#primaryimage"},"image":{"@id":"https:\/\/darpol.bydgoszcz.pl\/ru\/predlagaet\/podvizhnoj-sostav\/passazhirskie-vagony\/dl-o-13-020-00\/#primaryimage"},"thumbnailUrl":"https:\/\/darpol.bydgoszcz.pl\/wp-content\/uploads\/761-1069-lampka-do-czytania-mocowana-do-polki-bagazowej-dl-o-13-020-00.jpg","datePublished":"2013-05-17T12:16:14+00:00","dateModified":"2013-05-17T12:16:14+00:00","description":"\u041b\u0430\u043c\u043f\u0430 \u0434\u043b\u044f \u0447\u0442\u0435\u043d\u0438\u044f DL-O 13 020-00","breadcrumb":{"@id":"https:\/\/darpol.bydgoszcz.pl\/ru\/predlagaet\/podvizhnoj-sostav\/passazhirskie-vagony\/dl-o-13-020-00\/#breadcrumb"},"inLanguage":"ru-RU","potentialAction":[{"@type":"ReadAction","target":["https:\/\/darpol.bydgoszcz.pl\/ru\/predlagaet\/podvizhnoj-sostav\/passazhirskie-vagony\/dl-o-13-020-00\/"]}]},{"@type":"ImageObject","inLanguage":"ru-RU","@id":"https:\/\/darpol.bydgoszcz.pl\/ru\/predlagaet\/podvizhnoj-sostav\/passazhirskie-vagony\/dl-o-13-020-00\/#primaryimage","url":"https:\/\/darpol.bydgoszcz.pl\/wp-content\/uploads\/761-1069-lampka-do-czytania-mocowana-do-polki-bagazowej-dl-o-13-020-00.jpg","contentUrl":"https:\/\/darpol.bydgoszcz.pl\/wp-content\/uploads\/761-1069-lampka-do-czytania-mocowana-do-polki-bagazowej-dl-o-13-020-00.jpg","width":346,"height":336,"caption":"Lampka do czytania mocowana do p\u00f3\u0142ki baga\u017cowej DL-O 13 020-00"},{"@type":"BreadcrumbList","@id":"https:\/\/darpol.bydgoszcz.pl\/ru\/predlagaet\/podvizhnoj-sostav\/passazhirskie-vagony\/dl-o-13-020-00\/#breadcrumb","itemListElement":[{"@type":"ListItem","position":1,"name":"Strona g\u0142\u00f3wna","item":"https:\/\/darpol.bydgoszcz.pl\/ru\/"},{"@type":"ListItem","position":2,"name":"Oferta","item":"https:\/\/darpol.bydgoszcz.pl\/oferta\/"},{"@type":"ListItem","position":3,"name":"\u041b\u0430\u043c\u043f\u0430 \u0434\u043b\u044f \u0447\u0442\u0435\u043d\u0438\u044f DL-O 13 020-00"}]},{"@type":"WebSite","@id":"https:\/\/darpol.bydgoszcz.pl\/#website","url":"https:\/\/darpol.bydgoszcz.pl\/","name":"Darpol Bydgoszcz","description":"","potentialAction":[{"@type":"SearchAction","target":{"@type":"EntryPoint","urlTemplate":"https:\/\/darpol.bydgoszcz.pl\/?s={search_term_string}"},"query-input":"required name=search_term_string"}],"inLanguage":"ru-RU"}]}},"_links":{"self":[{"href":"https:\/\/darpol.bydgoszcz.pl\/ru\/wp-json\/wp\/v2\/product\/14371","targetHints":{"allow":["GET"]}}],"collection":[{"href":"https:\/\/darpol.bydgoszcz.pl\/ru\/wp-json\/wp\/v2\/product"}],"about":[{"href":"https:\/\/darpol.bydgoszcz.pl\/ru\/wp-json\/wp\/v2\/types\/product"}],"wp:featuredmedia":[{"embeddable":true,"href":"https:\/\/darpol.bydgoszcz.pl\/ru\/wp-json\/wp\/v2\/media\/14370"}],"wp:attachment":[{"href":"https:\/\/darpol.bydgoszcz.pl\/ru\/wp-json\/wp\/v2\/media?parent=14371"}],"wp:term":[{"taxonomy":"product_cat","embeddable":true,"href":"https:\/\/darpol.bydgoszcz.pl\/ru\/wp-json\/wp\/v2\/product_cat?post=14371"},{"taxonomy":"product_tag","embeddable":true,"href":"https:\/\/darpol.bydgoszcz.pl\/ru\/wp-json\/wp\/v2\/product_tag?post=14371"}],"curies":[{"name":"wp","href":"https:\/\/api.w.org\/{rel}","templated":true}]}}