{"id":13489,"date":"2013-03-12T16:55:38","date_gmt":"2013-03-12T15:55:38","guid":{"rendered":"http:\/\/darpol.bydgoszcz.pl\/sklep\/elektrovozy-i-teplovozy\/kryshka-lampochki-51554271-51551163\/"},"modified":"2013-03-12T16:55:38","modified_gmt":"2013-03-12T15:55:38","slug":"kryshka-lampochki-51554271-51551163","status":"publish","type":"product","link":"https:\/\/darpol.bydgoszcz.pl\/ru\/predlagaet\/podvizhnoj-sostav\/hasler-ru\/kryshka-lampochki-51554271-51551163\/","title":{"rendered":"\u0421\u0432\u0435\u0442\u0438\u043b\u044c\u043d\u0438\u043a \u043b\u0430\u043c\u043f\u043e\u0447\u043a\u0438 DL-O 25 005-00  (5.1554.271 + 5.1551.163)DL-O 25 005-00  (5.1554.271 + 5.1551.163)"},"content":{"rendered":"<p><span style=\"color: #333333;\">\u041a\u043e\u043c\u043f\u043b\u0435\u043a\u0442 \u0441\u043e\u0441\u0442\u043e\u0438\u0442 \u0438\u0437:<\/span><\/p>\n<p><span style=\"color: #333333;\"><br \/><\/span><\/p>\n<p><span style=\"color: #333333;\"> <\/span><\/p>\n<p><span style=\"color: #333333;\"><strong>\u041a\u0440\u044b\u0448\u043a\u0430 \u043b\u0430\u043c\u043f\u043e\u0447\u043a\u0438<\/strong><strong> 5.1554.271<\/strong> (\u0441\u0438\u043c\u0432\u043e\u043b DL-O 25 005-01)<\/span><\/p>\n<p><span style=\"color: #333333;\"> <\/span><\/p>\n<p><span style=\"color: #333333;\"> <\/span><\/p>\n<p><span style=\"color: #333333;\"> <\/span><\/p>\n<p><span style=\"color: #333333;\"><br \/><\/span><\/p>\n<p><span style=\"color: #333333;\"> <\/span><\/p>\n<p><span style=\"color: #333333;\"> <\/span><\/p>\n<p><span style=\"color: #333333;\"> <\/span><\/p>\n<p><span style=\"color: #333333;\"><strong>\u0426\u043e\u043a\u043e\u043b\u044c \u043b\u0430\u043c\u043f\u043e\u0447\u043a\u0438<\/strong><strong> 5.1551.163<\/strong> (\u0441\u0438\u043c\u0432\u043e\u043b DL-O 25 005-02)<\/span><\/p>\n<p><span style=\"color: #333333;\">&nbsp;<\/span><\/p>\n<p><span style=\"color: #333333;\"> <\/span><\/p>\n<p><span style=\"color: #333333;\"><span style=\"background-color: #ccffff;\">\u0412 \u041f\u0420\u0415\u0414\u041b\u041e\u0416\u0415\u041d\u0418\u0418 \u0422\u0410\u041a\u0416\u0415 \u041e\u0421\u0422\u0410\u041b\u042c\u041d\u042b\u0415 \u0417\u0410\u041f\u0427\u0410\u0421\u0422\u0418 \u041a \u0421\u041f\u0418\u0414\u041e\u041c\u0415\u0422\u0420\u0410\u041c \u0418 \u041f\u0415\u0420\u0415\u0414\u0410\u0422\u0427\u0418\u041a\u0410\u041c \u0421\u041f\u0418\u0414\u041e\u041c\u0415\u0422\u0420\u041e\u0412 HASLER!<\/span><\/span><\/p>\n<div style=\"clear:both\"><a href=\"javascript:window.print()\"><i class=\"fa fa-print\" aria-hidden=\"true\"><\/i> \u043f\u0435\u0447\u0430\u0442\u044c<\/a><\/div>","protected":false},"excerpt":{"rendered":"<p><span style=\"background-color: #ffffff;\"><span style=\"color: #333333;\">&nbsp;<\/span><\/span><\/p>\n<p><span style=\"background-color: #ffffff;\"><span style=\"color: #333333;\"> <\/span><\/span><\/p>\n<p><span style=\"background-color: #ffffff;\"> <\/span><\/p>\n<p><span style=\"background-color: #ffffff;\"><span style=\"color: #333333;\">\u0412 \u041f\u0420\u0415\u0414\u041b\u041e\u0416\u0415\u041d\u0418\u0418 \u0422\u0410\u041a\u0416\u0415 \u041e\u0421\u0422\u0410\u041b\u042c\u041d\u042b\u0415 \u0417\u0410\u041f\u0427\u0410\u0421\u0422\u0418 \u041a \u0421\u041f\u0418\u0414\u041e\u041c\u0415\u0422\u0420\u0410\u041c \u0418 \u041f\u0415\u0420\u0415\u0414\u0410\u0422\u0427\u0418\u041a\u0410\u041c \u0421\u041f\u0418\u0414\u041e\u041c\u0415\u0422\u0420\u041e\u0412 HASLER!<\/span><\/span><\/p>\n","protected":false},"featured_media":54495,"template":"","meta":{"om_disable_all_campaigns":false,"_monsterinsights_skip_tracking":false,"_monsterinsights_sitenote_active":false,"_monsterinsights_sitenote_note":"","_monsterinsights_sitenote_category":0,"_uf_show_specific_survey":0,"_uf_disable_surveys":false},"product_cat":[299,329],"product_tag":[3494,3170,3906],"class_list":{"0":"post-13489","1":"product","2":"type-product","3":"status-publish","4":"has-post-thumbnail","6":"product_cat-hasler-ru","7":"product_cat-elektrovozy-i-teplovozy","8":"product_tag-darpol-ru","9":"product_tag-oslona-ru","10":"product_tag-pokrywa-ru","12":"first","13":"instock","14":"shipping-taxable","15":"purchasable","16":"product-type-simple"},"yoast_head":"<!-- This site is optimized with the Yoast SEO plugin v23.0 - https:\/\/yoast.com\/wordpress\/plugins\/seo\/ -->\n<title>\u0421\u0432\u0435\u0442\u0438\u043b\u044c\u043d\u0438\u043a \u043b\u0430\u043c\u043f\u043e\u0447\u043a\u0438 DL-O 25 005-00 (5.1554.271 + 5.1551.163)DL-O 25 005-00 (5.1554.271 + 5.1551.163) - Darpol Bydgoszcz<\/title>\n<meta name=\"description\" content=\"\u0421\u0432\u0435\u0442\u0438\u043b\u044c\u043d\u0438\u043a \u043b\u0430\u043c\u043f\u043e\u0447\u043a\u0438 DL-O 25 005-00 (5.1554.271 + 5.1551.163)DL-O 25 005-00 (5.1554.271 + 5.1551.163)\" \/>\n<meta name=\"robots\" content=\"index, follow, max-snippet:-1, max-image-preview:large, max-video-preview:-1\" \/>\n<link rel=\"canonical\" href=\"https:\/\/darpol.bydgoszcz.pl\/ru\/predlagaet\/podvizhnoj-sostav\/hasler-ru\/kryshka-lampochki-51554271-51551163\/\" \/>\n<meta property=\"og:locale\" content=\"ru_RU\" \/>\n<meta property=\"og:type\" content=\"article\" \/>\n<meta property=\"og:title\" content=\"\u0421\u0432\u0435\u0442\u0438\u043b\u044c\u043d\u0438\u043a \u043b\u0430\u043c\u043f\u043e\u0447\u043a\u0438 DL-O 25 005-00 (5.1554.271 + 5.1551.163)DL-O 25 005-00 (5.1554.271 + 5.1551.163) - Darpol Bydgoszcz\" \/>\n<meta property=\"og:description\" content=\"\u0421\u0432\u0435\u0442\u0438\u043b\u044c\u043d\u0438\u043a \u043b\u0430\u043c\u043f\u043e\u0447\u043a\u0438 DL-O 25 005-00 (5.1554.271 + 5.1551.163)DL-O 25 005-00 (5.1554.271 + 5.1551.163)\" \/>\n<meta property=\"og:url\" content=\"https:\/\/darpol.bydgoszcz.pl\/ru\/predlagaet\/podvizhnoj-sostav\/hasler-ru\/kryshka-lampochki-51554271-51551163\/\" \/>\n<meta property=\"og:site_name\" content=\"Darpol Bydgoszcz\" \/>\n<meta property=\"og:image\" content=\"https:\/\/darpol.bydgoszcz.pl\/wp-content\/uploads\/5.1554.271-Os\u0142ona-\u017car\u00f3wki-i-5.1551.163-Cok\u00f3\u0142-\u017car\u00f3wki.png\" \/>\n\t<meta property=\"og:image:width\" content=\"655\" \/>\n\t<meta property=\"og:image:height\" content=\"594\" \/>\n\t<meta property=\"og:image:type\" content=\"image\/png\" \/>\n<meta name=\"twitter:card\" content=\"summary_large_image\" \/>\n<script type=\"application\/ld+json\" class=\"yoast-schema-graph\">{\"@context\":\"https:\/\/schema.org\",\"@graph\":[{\"@type\":\"WebPage\",\"@id\":\"https:\/\/darpol.bydgoszcz.pl\/ru\/predlagaet\/podvizhnoj-sostav\/hasler-ru\/kryshka-lampochki-51554271-51551163\/\",\"url\":\"https:\/\/darpol.bydgoszcz.pl\/ru\/predlagaet\/podvizhnoj-sostav\/hasler-ru\/kryshka-lampochki-51554271-51551163\/\",\"name\":\"\u0421\u0432\u0435\u0442\u0438\u043b\u044c\u043d\u0438\u043a \u043b\u0430\u043c\u043f\u043e\u0447\u043a\u0438 DL-O 25 005-00 (5.1554.271 + 5.1551.163)DL-O 25 005-00 (5.1554.271 + 5.1551.163) - Darpol Bydgoszcz\",\"isPartOf\":{\"@id\":\"https:\/\/darpol.bydgoszcz.pl\/#website\"},\"primaryImageOfPage\":{\"@id\":\"https:\/\/darpol.bydgoszcz.pl\/ru\/predlagaet\/podvizhnoj-sostav\/hasler-ru\/kryshka-lampochki-51554271-51551163\/#primaryimage\"},\"image\":{\"@id\":\"https:\/\/darpol.bydgoszcz.pl\/ru\/predlagaet\/podvizhnoj-sostav\/hasler-ru\/kryshka-lampochki-51554271-51551163\/#primaryimage\"},\"thumbnailUrl\":\"https:\/\/darpol.bydgoszcz.pl\/wp-content\/uploads\/5.1554.271-Os\u0142ona-\u017car\u00f3wki-i-5.1551.163-Cok\u00f3\u0142-\u017car\u00f3wki.png\",\"datePublished\":\"2013-03-12T15:55:38+00:00\",\"dateModified\":\"2013-03-12T15:55:38+00:00\",\"description\":\"\u0421\u0432\u0435\u0442\u0438\u043b\u044c\u043d\u0438\u043a \u043b\u0430\u043c\u043f\u043e\u0447\u043a\u0438 DL-O 25 005-00 (5.1554.271 + 5.1551.163)DL-O 25 005-00 (5.1554.271 + 5.1551.163)\",\"breadcrumb\":{\"@id\":\"https:\/\/darpol.bydgoszcz.pl\/ru\/predlagaet\/podvizhnoj-sostav\/hasler-ru\/kryshka-lampochki-51554271-51551163\/#breadcrumb\"},\"inLanguage\":\"ru-RU\",\"potentialAction\":[{\"@type\":\"ReadAction\",\"target\":[\"https:\/\/darpol.bydgoszcz.pl\/ru\/predlagaet\/podvizhnoj-sostav\/hasler-ru\/kryshka-lampochki-51554271-51551163\/\"]}]},{\"@type\":\"ImageObject\",\"inLanguage\":\"ru-RU\",\"@id\":\"https:\/\/darpol.bydgoszcz.pl\/ru\/predlagaet\/podvizhnoj-sostav\/hasler-ru\/kryshka-lampochki-51554271-51551163\/#primaryimage\",\"url\":\"https:\/\/darpol.bydgoszcz.pl\/wp-content\/uploads\/5.1554.271-Os\u0142ona-\u017car\u00f3wki-i-5.1551.163-Cok\u00f3\u0142-\u017car\u00f3wki.png\",\"contentUrl\":\"https:\/\/darpol.bydgoszcz.pl\/wp-content\/uploads\/5.1554.271-Os\u0142ona-\u017car\u00f3wki-i-5.1551.163-Cok\u00f3\u0142-\u017car\u00f3wki.png\",\"width\":655,\"height\":594},{\"@type\":\"BreadcrumbList\",\"@id\":\"https:\/\/darpol.bydgoszcz.pl\/ru\/predlagaet\/podvizhnoj-sostav\/hasler-ru\/kryshka-lampochki-51554271-51551163\/#breadcrumb\",\"itemListElement\":[{\"@type\":\"ListItem\",\"position\":1,\"name\":\"Strona g\u0142\u00f3wna\",\"item\":\"https:\/\/darpol.bydgoszcz.pl\/ru\/\"},{\"@type\":\"ListItem\",\"position\":2,\"name\":\"Oferta\",\"item\":\"https:\/\/darpol.bydgoszcz.pl\/oferta\/\"},{\"@type\":\"ListItem\",\"position\":3,\"name\":\"\u0421\u0432\u0435\u0442\u0438\u043b\u044c\u043d\u0438\u043a \u043b\u0430\u043c\u043f\u043e\u0447\u043a\u0438 DL-O 25 005-00 (5.1554.271 + 5.1551.163)DL-O 25 005-00 (5.1554.271 + 5.1551.163)\"}]},{\"@type\":\"WebSite\",\"@id\":\"https:\/\/darpol.bydgoszcz.pl\/#website\",\"url\":\"https:\/\/darpol.bydgoszcz.pl\/\",\"name\":\"Darpol Bydgoszcz\",\"description\":\"\",\"potentialAction\":[{\"@type\":\"SearchAction\",\"target\":{\"@type\":\"EntryPoint\",\"urlTemplate\":\"https:\/\/darpol.bydgoszcz.pl\/?s={search_term_string}\"},\"query-input\":\"required name=search_term_string\"}],\"inLanguage\":\"ru-RU\"}]}<\/script>\n<!-- \/ Yoast SEO plugin. -->","yoast_head_json":{"title":"\u0421\u0432\u0435\u0442\u0438\u043b\u044c\u043d\u0438\u043a \u043b\u0430\u043c\u043f\u043e\u0447\u043a\u0438 DL-O 25 005-00 (5.1554.271 + 5.1551.163)DL-O 25 005-00 (5.1554.271 + 5.1551.163) - Darpol Bydgoszcz","description":"\u0421\u0432\u0435\u0442\u0438\u043b\u044c\u043d\u0438\u043a \u043b\u0430\u043c\u043f\u043e\u0447\u043a\u0438 DL-O 25 005-00 (5.1554.271 + 5.1551.163)DL-O 25 005-00 (5.1554.271 + 5.1551.163)","robots":{"index":"index","follow":"follow","max-snippet":"max-snippet:-1","max-image-preview":"max-image-preview:large","max-video-preview":"max-video-preview:-1"},"canonical":"https:\/\/darpol.bydgoszcz.pl\/ru\/predlagaet\/podvizhnoj-sostav\/hasler-ru\/kryshka-lampochki-51554271-51551163\/","og_locale":"ru_RU","og_type":"article","og_title":"\u0421\u0432\u0435\u0442\u0438\u043b\u044c\u043d\u0438\u043a \u043b\u0430\u043c\u043f\u043e\u0447\u043a\u0438 DL-O 25 005-00 (5.1554.271 + 5.1551.163)DL-O 25 005-00 (5.1554.271 + 5.1551.163) - Darpol Bydgoszcz","og_description":"\u0421\u0432\u0435\u0442\u0438\u043b\u044c\u043d\u0438\u043a \u043b\u0430\u043c\u043f\u043e\u0447\u043a\u0438 DL-O 25 005-00 (5.1554.271 + 5.1551.163)DL-O 25 005-00 (5.1554.271 + 5.1551.163)","og_url":"https:\/\/darpol.bydgoszcz.pl\/ru\/predlagaet\/podvizhnoj-sostav\/hasler-ru\/kryshka-lampochki-51554271-51551163\/","og_site_name":"Darpol Bydgoszcz","og_image":[{"width":655,"height":594,"url":"https:\/\/darpol.bydgoszcz.pl\/wp-content\/uploads\/5.1554.271-Os\u0142ona-\u017car\u00f3wki-i-5.1551.163-Cok\u00f3\u0142-\u017car\u00f3wki.png","type":"image\/png"}],"twitter_card":"summary_large_image","schema":{"@context":"https:\/\/schema.org","@graph":[{"@type":"WebPage","@id":"https:\/\/darpol.bydgoszcz.pl\/ru\/predlagaet\/podvizhnoj-sostav\/hasler-ru\/kryshka-lampochki-51554271-51551163\/","url":"https:\/\/darpol.bydgoszcz.pl\/ru\/predlagaet\/podvizhnoj-sostav\/hasler-ru\/kryshka-lampochki-51554271-51551163\/","name":"\u0421\u0432\u0435\u0442\u0438\u043b\u044c\u043d\u0438\u043a \u043b\u0430\u043c\u043f\u043e\u0447\u043a\u0438 DL-O 25 005-00 (5.1554.271 + 5.1551.163)DL-O 25 005-00 (5.1554.271 + 5.1551.163) - Darpol Bydgoszcz","isPartOf":{"@id":"https:\/\/darpol.bydgoszcz.pl\/#website"},"primaryImageOfPage":{"@id":"https:\/\/darpol.bydgoszcz.pl\/ru\/predlagaet\/podvizhnoj-sostav\/hasler-ru\/kryshka-lampochki-51554271-51551163\/#primaryimage"},"image":{"@id":"https:\/\/darpol.bydgoszcz.pl\/ru\/predlagaet\/podvizhnoj-sostav\/hasler-ru\/kryshka-lampochki-51554271-51551163\/#primaryimage"},"thumbnailUrl":"https:\/\/darpol.bydgoszcz.pl\/wp-content\/uploads\/5.1554.271-Os\u0142ona-\u017car\u00f3wki-i-5.1551.163-Cok\u00f3\u0142-\u017car\u00f3wki.png","datePublished":"2013-03-12T15:55:38+00:00","dateModified":"2013-03-12T15:55:38+00:00","description":"\u0421\u0432\u0435\u0442\u0438\u043b\u044c\u043d\u0438\u043a \u043b\u0430\u043c\u043f\u043e\u0447\u043a\u0438 DL-O 25 005-00 (5.1554.271 + 5.1551.163)DL-O 25 005-00 (5.1554.271 + 5.1551.163)","breadcrumb":{"@id":"https:\/\/darpol.bydgoszcz.pl\/ru\/predlagaet\/podvizhnoj-sostav\/hasler-ru\/kryshka-lampochki-51554271-51551163\/#breadcrumb"},"inLanguage":"ru-RU","potentialAction":[{"@type":"ReadAction","target":["https:\/\/darpol.bydgoszcz.pl\/ru\/predlagaet\/podvizhnoj-sostav\/hasler-ru\/kryshka-lampochki-51554271-51551163\/"]}]},{"@type":"ImageObject","inLanguage":"ru-RU","@id":"https:\/\/darpol.bydgoszcz.pl\/ru\/predlagaet\/podvizhnoj-sostav\/hasler-ru\/kryshka-lampochki-51554271-51551163\/#primaryimage","url":"https:\/\/darpol.bydgoszcz.pl\/wp-content\/uploads\/5.1554.271-Os\u0142ona-\u017car\u00f3wki-i-5.1551.163-Cok\u00f3\u0142-\u017car\u00f3wki.png","contentUrl":"https:\/\/darpol.bydgoszcz.pl\/wp-content\/uploads\/5.1554.271-Os\u0142ona-\u017car\u00f3wki-i-5.1551.163-Cok\u00f3\u0142-\u017car\u00f3wki.png","width":655,"height":594},{"@type":"BreadcrumbList","@id":"https:\/\/darpol.bydgoszcz.pl\/ru\/predlagaet\/podvizhnoj-sostav\/hasler-ru\/kryshka-lampochki-51554271-51551163\/#breadcrumb","itemListElement":[{"@type":"ListItem","position":1,"name":"Strona g\u0142\u00f3wna","item":"https:\/\/darpol.bydgoszcz.pl\/ru\/"},{"@type":"ListItem","position":2,"name":"Oferta","item":"https:\/\/darpol.bydgoszcz.pl\/oferta\/"},{"@type":"ListItem","position":3,"name":"\u0421\u0432\u0435\u0442\u0438\u043b\u044c\u043d\u0438\u043a \u043b\u0430\u043c\u043f\u043e\u0447\u043a\u0438 DL-O 25 005-00 (5.1554.271 + 5.1551.163)DL-O 25 005-00 (5.1554.271 + 5.1551.163)"}]},{"@type":"WebSite","@id":"https:\/\/darpol.bydgoszcz.pl\/#website","url":"https:\/\/darpol.bydgoszcz.pl\/","name":"Darpol Bydgoszcz","description":"","potentialAction":[{"@type":"SearchAction","target":{"@type":"EntryPoint","urlTemplate":"https:\/\/darpol.bydgoszcz.pl\/?s={search_term_string}"},"query-input":"required name=search_term_string"}],"inLanguage":"ru-RU"}]}},"_links":{"self":[{"href":"https:\/\/darpol.bydgoszcz.pl\/ru\/wp-json\/wp\/v2\/product\/13489","targetHints":{"allow":["GET"]}}],"collection":[{"href":"https:\/\/darpol.bydgoszcz.pl\/ru\/wp-json\/wp\/v2\/product"}],"about":[{"href":"https:\/\/darpol.bydgoszcz.pl\/ru\/wp-json\/wp\/v2\/types\/product"}],"wp:featuredmedia":[{"embeddable":true,"href":"https:\/\/darpol.bydgoszcz.pl\/ru\/wp-json\/wp\/v2\/media\/54495"}],"wp:attachment":[{"href":"https:\/\/darpol.bydgoszcz.pl\/ru\/wp-json\/wp\/v2\/media?parent=13489"}],"wp:term":[{"taxonomy":"product_cat","embeddable":true,"href":"https:\/\/darpol.bydgoszcz.pl\/ru\/wp-json\/wp\/v2\/product_cat?post=13489"},{"taxonomy":"product_tag","embeddable":true,"href":"https:\/\/darpol.bydgoszcz.pl\/ru\/wp-json\/wp\/v2\/product_tag?post=13489"}],"curies":[{"name":"wp","href":"https:\/\/api.w.org\/{rel}","templated":true}]}}