{"id":13141,"date":"2013-03-12T14:42:01","date_gmt":"2013-03-12T13:42:01","guid":{"rendered":"http:\/\/darpol.bydgoszcz.pl\/sklep\/elektrovozy-i-teplovozy\/upravljajuschij-modul-dl-o-10-030-50\/"},"modified":"2013-03-12T14:42:01","modified_gmt":"2013-03-12T13:42:01","slug":"upravljajuschij-modul-dl-o-10-030-50","status":"publish","type":"product","link":"https:\/\/darpol.bydgoszcz.pl\/ru\/predlagaet\/podvizhnoj-sostav\/elektro-zapchasti\/upravljajuschij-modul-dl-o-10-030-50\/","title":{"rendered":"\u0423\u043f\u0440\u0430\u0432\u043b\u044f\u044e\u0449\u0438\u0439 \u043c\u043e\u0434\u0443\u043b\u044c \u043a\u0443\u043b\u0430\u0447\u043d\u043e\u0433\u043e \u0432\u0430\u043b\u0430 (\u0431\u0430\u0437\u0430) &#8211; \u0441\u0442\u0430\u0440\u044b\u0439 \u0442\u0438\u043f  DL-O 10 030-50"},"content":{"rendered":"<div id=\"idTab1\">\n<p><span style=\"text-decoration: underline;\"><span style=\"color: #333333;\">\u0423\u043f\u043e\u0442\u0440\u0435\u0431\u043b\u0435\u043d\u0438\u0435:<\/span><\/span><\/p>\n<p><span style=\"color: #333333;\">\u043b\u043e\u043a\u043e\u043c\u043e\u0442\u0438\u0432\u044b, \u044d\u043b\u0435\u043a\u0442\u0440\u043e\u043f\u043e\u0435\u0437\u0434\u0430.<\/span><\/p>\n<\/p><\/div>\n<div style=\"clear:both\"><a href=\"javascript:window.print()\"><i class=\"fa fa-print\" aria-hidden=\"true\"><\/i> \u043f\u0435\u0447\u0430\u0442\u044c<\/a><\/div>","protected":false},"excerpt":{"rendered":"<p>\u0423\u043f\u043e\u0442\u0440\u0435\u0431\u043b\u0435\u043d\u0438\u0435: \u043b\u043e\u043a\u043e\u043c\u043e\u0442\u0438\u0432\u044b, \u044d\u043b\u0435\u043a\u0442\u0440\u043e\u043f\u043e\u0435\u0437\u0434\u0430. \u043f\u0435\u0447\u0430\u0442\u044c<\/p>\n","protected":false},"featured_media":13140,"template":"","meta":{"om_disable_all_campaigns":false,"_monsterinsights_skip_tracking":false,"_monsterinsights_sitenote_active":false,"_monsterinsights_sitenote_note":"","_monsterinsights_sitenote_category":0,"_uf_show_specific_survey":0,"_uf_disable_surveys":false},"product_cat":[305,329,335],"product_tag":[1033,5291,1032,5289,525,3288,1022,5270,4663,641,5266,1020,1030,5285,5287,1031,5274,1024,1021,5268,969,5167],"class_list":{"0":"post-13141","1":"product","2":"type-product","3":"status-publish","4":"has-post-thumbnail","6":"product_cat-elektro-zapchasti","7":"product_cat-elektrovozy-i-teplovozy","8":"product_cat-elektrodizelpoezda","9":"product_tag-dl-0-10-030-50","10":"product_tag-dl-0-10-030-50-ru","11":"product_tag-dl-o-10-030-50","12":"product_tag-dl-o-10-030-50-ru","13":"product_tag-ezt","14":"product_tag-ezt-ru","15":"product_tag-kulakowy","16":"product_tag-kulakowy-ru","17":"product_tag-lokomotywy-ru","18":"product_tag-lokomotywy","19":"product_tag-modul-ru","20":"product_tag-modul","21":"product_tag-podstawa","22":"product_tag-podstawa-ru","23":"product_tag-stary-ru","24":"product_tag-stary","25":"product_tag-sterujacy-ru","26":"product_tag-sterujacy","27":"product_tag-wal","28":"product_tag-wal-ru","29":"product_tag-wal-kulakowy","30":"product_tag-wal-kulakowy-ru","32":"first","33":"instock","34":"shipping-taxable","35":"purchasable","36":"product-type-simple"},"yoast_head":"<!-- This site is optimized with the Yoast SEO plugin v23.0 - https:\/\/yoast.com\/wordpress\/plugins\/seo\/ -->\n<title>\u0423\u043f\u0440\u0430\u0432\u043b\u044f\u044e\u0449\u0438\u0439 \u043c\u043e\u0434\u0443\u043b\u044c \u043a\u0443\u043b\u0430\u0447\u043d\u043e\u0433\u043e \u0432\u0430\u043b\u0430 (\u0431\u0430\u0437\u0430) - \u0441\u0442\u0430\u0440\u044b\u0439 \u0442\u0438\u043f DL-O 10 030-50 - Darpol Bydgoszcz<\/title>\n<meta name=\"description\" content=\"\u0423\u043f\u0440\u0430\u0432\u043b\u044f\u044e\u0449\u0438\u0439 \u043c\u043e\u0434\u0443\u043b\u044c \u043a\u0443\u043b\u0430\u0447\u043d\u043e\u0433\u043e \u0432\u0430\u043b\u0430 (\u0431\u0430\u0437\u0430) - \u0441\u0442\u0430\u0440\u044b\u0439 \u0442\u0438\u043f DL-O 10 030-50\" \/>\n<meta name=\"robots\" content=\"index, follow, max-snippet:-1, max-image-preview:large, max-video-preview:-1\" \/>\n<link rel=\"canonical\" href=\"https:\/\/darpol.bydgoszcz.pl\/ru\/predlagaet\/podvizhnoj-sostav\/elektrovozy-i-teplovozy\/upravljajuschij-modul-dl-o-10-030-50\/\" \/>\n<meta property=\"og:locale\" content=\"ru_RU\" \/>\n<meta property=\"og:type\" content=\"article\" \/>\n<meta property=\"og:title\" content=\"\u0423\u043f\u0440\u0430\u0432\u043b\u044f\u044e\u0449\u0438\u0439 \u043c\u043e\u0434\u0443\u043b\u044c \u043a\u0443\u043b\u0430\u0447\u043d\u043e\u0433\u043e \u0432\u0430\u043b\u0430 (\u0431\u0430\u0437\u0430) - \u0441\u0442\u0430\u0440\u044b\u0439 \u0442\u0438\u043f DL-O 10 030-50 - Darpol Bydgoszcz\" \/>\n<meta property=\"og:description\" content=\"\u0423\u043f\u0440\u0430\u0432\u043b\u044f\u044e\u0449\u0438\u0439 \u043c\u043e\u0434\u0443\u043b\u044c \u043a\u0443\u043b\u0430\u0447\u043d\u043e\u0433\u043e \u0432\u0430\u043b\u0430 (\u0431\u0430\u0437\u0430) - \u0441\u0442\u0430\u0440\u044b\u0439 \u0442\u0438\u043f DL-O 10 030-50\" \/>\n<meta property=\"og:url\" content=\"https:\/\/darpol.bydgoszcz.pl\/ru\/predlagaet\/podvizhnoj-sostav\/elektrovozy-i-teplovozy\/upravljajuschij-modul-dl-o-10-030-50\/\" \/>\n<meta property=\"og:site_name\" content=\"Darpol Bydgoszcz\" \/>\n<meta property=\"og:image\" content=\"https:\/\/darpol.bydgoszcz.pl\/wp-content\/uploads\/666-854-modul-sterujacy-walu-kulakowego-podstawa-stary-typ-dl-o-10-030-50.jpg\" \/>\n\t<meta property=\"og:image:width\" content=\"448\" \/>\n\t<meta property=\"og:image:height\" content=\"192\" \/>\n\t<meta property=\"og:image:type\" content=\"image\/jpeg\" \/>\n<meta name=\"twitter:card\" content=\"summary_large_image\" \/>\n<script type=\"application\/ld+json\" class=\"yoast-schema-graph\">{\"@context\":\"https:\/\/schema.org\",\"@graph\":[{\"@type\":\"WebPage\",\"@id\":\"https:\/\/darpol.bydgoszcz.pl\/ru\/predlagaet\/podvizhnoj-sostav\/elektrovozy-i-teplovozy\/upravljajuschij-modul-dl-o-10-030-50\/\",\"url\":\"https:\/\/darpol.bydgoszcz.pl\/ru\/predlagaet\/podvizhnoj-sostav\/elektrovozy-i-teplovozy\/upravljajuschij-modul-dl-o-10-030-50\/\",\"name\":\"\u0423\u043f\u0440\u0430\u0432\u043b\u044f\u044e\u0449\u0438\u0439 \u043c\u043e\u0434\u0443\u043b\u044c \u043a\u0443\u043b\u0430\u0447\u043d\u043e\u0433\u043e \u0432\u0430\u043b\u0430 (\u0431\u0430\u0437\u0430) - \u0441\u0442\u0430\u0440\u044b\u0439 \u0442\u0438\u043f DL-O 10 030-50 - Darpol Bydgoszcz\",\"isPartOf\":{\"@id\":\"https:\/\/darpol.bydgoszcz.pl\/#website\"},\"primaryImageOfPage\":{\"@id\":\"https:\/\/darpol.bydgoszcz.pl\/ru\/predlagaet\/podvizhnoj-sostav\/elektrovozy-i-teplovozy\/upravljajuschij-modul-dl-o-10-030-50\/#primaryimage\"},\"image\":{\"@id\":\"https:\/\/darpol.bydgoszcz.pl\/ru\/predlagaet\/podvizhnoj-sostav\/elektrovozy-i-teplovozy\/upravljajuschij-modul-dl-o-10-030-50\/#primaryimage\"},\"thumbnailUrl\":\"https:\/\/darpol.bydgoszcz.pl\/wp-content\/uploads\/666-854-modul-sterujacy-walu-kulakowego-podstawa-stary-typ-dl-o-10-030-50.jpg\",\"datePublished\":\"2013-03-12T13:42:01+00:00\",\"dateModified\":\"2013-03-12T13:42:01+00:00\",\"description\":\"\u0423\u043f\u0440\u0430\u0432\u043b\u044f\u044e\u0449\u0438\u0439 \u043c\u043e\u0434\u0443\u043b\u044c \u043a\u0443\u043b\u0430\u0447\u043d\u043e\u0433\u043e \u0432\u0430\u043b\u0430 (\u0431\u0430\u0437\u0430) - \u0441\u0442\u0430\u0440\u044b\u0439 \u0442\u0438\u043f DL-O 10 030-50\",\"breadcrumb\":{\"@id\":\"https:\/\/darpol.bydgoszcz.pl\/ru\/predlagaet\/podvizhnoj-sostav\/elektrovozy-i-teplovozy\/upravljajuschij-modul-dl-o-10-030-50\/#breadcrumb\"},\"inLanguage\":\"ru-RU\",\"potentialAction\":[{\"@type\":\"ReadAction\",\"target\":[\"https:\/\/darpol.bydgoszcz.pl\/ru\/predlagaet\/podvizhnoj-sostav\/elektrovozy-i-teplovozy\/upravljajuschij-modul-dl-o-10-030-50\/\"]}]},{\"@type\":\"ImageObject\",\"inLanguage\":\"ru-RU\",\"@id\":\"https:\/\/darpol.bydgoszcz.pl\/ru\/predlagaet\/podvizhnoj-sostav\/elektrovozy-i-teplovozy\/upravljajuschij-modul-dl-o-10-030-50\/#primaryimage\",\"url\":\"https:\/\/darpol.bydgoszcz.pl\/wp-content\/uploads\/666-854-modul-sterujacy-walu-kulakowego-podstawa-stary-typ-dl-o-10-030-50.jpg\",\"contentUrl\":\"https:\/\/darpol.bydgoszcz.pl\/wp-content\/uploads\/666-854-modul-sterujacy-walu-kulakowego-podstawa-stary-typ-dl-o-10-030-50.jpg\",\"width\":448,\"height\":192,\"caption\":\"Modu\u0142 steruj\u0105cy wa\u0142u ku\u0142akowego (podstawa) - stary typ DL-O 10 030-50\"},{\"@type\":\"BreadcrumbList\",\"@id\":\"https:\/\/darpol.bydgoszcz.pl\/ru\/predlagaet\/podvizhnoj-sostav\/elektrovozy-i-teplovozy\/upravljajuschij-modul-dl-o-10-030-50\/#breadcrumb\",\"itemListElement\":[{\"@type\":\"ListItem\",\"position\":1,\"name\":\"Strona g\u0142\u00f3wna\",\"item\":\"https:\/\/darpol.bydgoszcz.pl\/ru\/\"},{\"@type\":\"ListItem\",\"position\":2,\"name\":\"Oferta\",\"item\":\"https:\/\/darpol.bydgoszcz.pl\/oferta\/\"},{\"@type\":\"ListItem\",\"position\":3,\"name\":\"\u0423\u043f\u0440\u0430\u0432\u043b\u044f\u044e\u0449\u0438\u0439 \u043c\u043e\u0434\u0443\u043b\u044c \u043a\u0443\u043b\u0430\u0447\u043d\u043e\u0433\u043e \u0432\u0430\u043b\u0430 (\u0431\u0430\u0437\u0430) &#8211; \u0441\u0442\u0430\u0440\u044b\u0439 \u0442\u0438\u043f DL-O 10 030-50\"}]},{\"@type\":\"WebSite\",\"@id\":\"https:\/\/darpol.bydgoszcz.pl\/#website\",\"url\":\"https:\/\/darpol.bydgoszcz.pl\/\",\"name\":\"Darpol Bydgoszcz\",\"description\":\"\",\"potentialAction\":[{\"@type\":\"SearchAction\",\"target\":{\"@type\":\"EntryPoint\",\"urlTemplate\":\"https:\/\/darpol.bydgoszcz.pl\/?s={search_term_string}\"},\"query-input\":\"required name=search_term_string\"}],\"inLanguage\":\"ru-RU\"}]}<\/script>\n<!-- \/ Yoast SEO plugin. -->","yoast_head_json":{"title":"\u0423\u043f\u0440\u0430\u0432\u043b\u044f\u044e\u0449\u0438\u0439 \u043c\u043e\u0434\u0443\u043b\u044c \u043a\u0443\u043b\u0430\u0447\u043d\u043e\u0433\u043e \u0432\u0430\u043b\u0430 (\u0431\u0430\u0437\u0430) - \u0441\u0442\u0430\u0440\u044b\u0439 \u0442\u0438\u043f DL-O 10 030-50 - Darpol Bydgoszcz","description":"\u0423\u043f\u0440\u0430\u0432\u043b\u044f\u044e\u0449\u0438\u0439 \u043c\u043e\u0434\u0443\u043b\u044c \u043a\u0443\u043b\u0430\u0447\u043d\u043e\u0433\u043e \u0432\u0430\u043b\u0430 (\u0431\u0430\u0437\u0430) - \u0441\u0442\u0430\u0440\u044b\u0439 \u0442\u0438\u043f DL-O 10 030-50","robots":{"index":"index","follow":"follow","max-snippet":"max-snippet:-1","max-image-preview":"max-image-preview:large","max-video-preview":"max-video-preview:-1"},"canonical":"https:\/\/darpol.bydgoszcz.pl\/ru\/predlagaet\/podvizhnoj-sostav\/elektrovozy-i-teplovozy\/upravljajuschij-modul-dl-o-10-030-50\/","og_locale":"ru_RU","og_type":"article","og_title":"\u0423\u043f\u0440\u0430\u0432\u043b\u044f\u044e\u0449\u0438\u0439 \u043c\u043e\u0434\u0443\u043b\u044c \u043a\u0443\u043b\u0430\u0447\u043d\u043e\u0433\u043e \u0432\u0430\u043b\u0430 (\u0431\u0430\u0437\u0430) - \u0441\u0442\u0430\u0440\u044b\u0439 \u0442\u0438\u043f DL-O 10 030-50 - Darpol Bydgoszcz","og_description":"\u0423\u043f\u0440\u0430\u0432\u043b\u044f\u044e\u0449\u0438\u0439 \u043c\u043e\u0434\u0443\u043b\u044c \u043a\u0443\u043b\u0430\u0447\u043d\u043e\u0433\u043e \u0432\u0430\u043b\u0430 (\u0431\u0430\u0437\u0430) - \u0441\u0442\u0430\u0440\u044b\u0439 \u0442\u0438\u043f DL-O 10 030-50","og_url":"https:\/\/darpol.bydgoszcz.pl\/ru\/predlagaet\/podvizhnoj-sostav\/elektrovozy-i-teplovozy\/upravljajuschij-modul-dl-o-10-030-50\/","og_site_name":"Darpol Bydgoszcz","og_image":[{"width":448,"height":192,"url":"https:\/\/darpol.bydgoszcz.pl\/wp-content\/uploads\/666-854-modul-sterujacy-walu-kulakowego-podstawa-stary-typ-dl-o-10-030-50.jpg","type":"image\/jpeg"}],"twitter_card":"summary_large_image","schema":{"@context":"https:\/\/schema.org","@graph":[{"@type":"WebPage","@id":"https:\/\/darpol.bydgoszcz.pl\/ru\/predlagaet\/podvizhnoj-sostav\/elektrovozy-i-teplovozy\/upravljajuschij-modul-dl-o-10-030-50\/","url":"https:\/\/darpol.bydgoszcz.pl\/ru\/predlagaet\/podvizhnoj-sostav\/elektrovozy-i-teplovozy\/upravljajuschij-modul-dl-o-10-030-50\/","name":"\u0423\u043f\u0440\u0430\u0432\u043b\u044f\u044e\u0449\u0438\u0439 \u043c\u043e\u0434\u0443\u043b\u044c \u043a\u0443\u043b\u0430\u0447\u043d\u043e\u0433\u043e \u0432\u0430\u043b\u0430 (\u0431\u0430\u0437\u0430) - \u0441\u0442\u0430\u0440\u044b\u0439 \u0442\u0438\u043f DL-O 10 030-50 - Darpol Bydgoszcz","isPartOf":{"@id":"https:\/\/darpol.bydgoszcz.pl\/#website"},"primaryImageOfPage":{"@id":"https:\/\/darpol.bydgoszcz.pl\/ru\/predlagaet\/podvizhnoj-sostav\/elektrovozy-i-teplovozy\/upravljajuschij-modul-dl-o-10-030-50\/#primaryimage"},"image":{"@id":"https:\/\/darpol.bydgoszcz.pl\/ru\/predlagaet\/podvizhnoj-sostav\/elektrovozy-i-teplovozy\/upravljajuschij-modul-dl-o-10-030-50\/#primaryimage"},"thumbnailUrl":"https:\/\/darpol.bydgoszcz.pl\/wp-content\/uploads\/666-854-modul-sterujacy-walu-kulakowego-podstawa-stary-typ-dl-o-10-030-50.jpg","datePublished":"2013-03-12T13:42:01+00:00","dateModified":"2013-03-12T13:42:01+00:00","description":"\u0423\u043f\u0440\u0430\u0432\u043b\u044f\u044e\u0449\u0438\u0439 \u043c\u043e\u0434\u0443\u043b\u044c \u043a\u0443\u043b\u0430\u0447\u043d\u043e\u0433\u043e \u0432\u0430\u043b\u0430 (\u0431\u0430\u0437\u0430) - \u0441\u0442\u0430\u0440\u044b\u0439 \u0442\u0438\u043f DL-O 10 030-50","breadcrumb":{"@id":"https:\/\/darpol.bydgoszcz.pl\/ru\/predlagaet\/podvizhnoj-sostav\/elektrovozy-i-teplovozy\/upravljajuschij-modul-dl-o-10-030-50\/#breadcrumb"},"inLanguage":"ru-RU","potentialAction":[{"@type":"ReadAction","target":["https:\/\/darpol.bydgoszcz.pl\/ru\/predlagaet\/podvizhnoj-sostav\/elektrovozy-i-teplovozy\/upravljajuschij-modul-dl-o-10-030-50\/"]}]},{"@type":"ImageObject","inLanguage":"ru-RU","@id":"https:\/\/darpol.bydgoszcz.pl\/ru\/predlagaet\/podvizhnoj-sostav\/elektrovozy-i-teplovozy\/upravljajuschij-modul-dl-o-10-030-50\/#primaryimage","url":"https:\/\/darpol.bydgoszcz.pl\/wp-content\/uploads\/666-854-modul-sterujacy-walu-kulakowego-podstawa-stary-typ-dl-o-10-030-50.jpg","contentUrl":"https:\/\/darpol.bydgoszcz.pl\/wp-content\/uploads\/666-854-modul-sterujacy-walu-kulakowego-podstawa-stary-typ-dl-o-10-030-50.jpg","width":448,"height":192,"caption":"Modu\u0142 steruj\u0105cy wa\u0142u ku\u0142akowego (podstawa) - stary typ DL-O 10 030-50"},{"@type":"BreadcrumbList","@id":"https:\/\/darpol.bydgoszcz.pl\/ru\/predlagaet\/podvizhnoj-sostav\/elektrovozy-i-teplovozy\/upravljajuschij-modul-dl-o-10-030-50\/#breadcrumb","itemListElement":[{"@type":"ListItem","position":1,"name":"Strona g\u0142\u00f3wna","item":"https:\/\/darpol.bydgoszcz.pl\/ru\/"},{"@type":"ListItem","position":2,"name":"Oferta","item":"https:\/\/darpol.bydgoszcz.pl\/oferta\/"},{"@type":"ListItem","position":3,"name":"\u0423\u043f\u0440\u0430\u0432\u043b\u044f\u044e\u0449\u0438\u0439 \u043c\u043e\u0434\u0443\u043b\u044c \u043a\u0443\u043b\u0430\u0447\u043d\u043e\u0433\u043e \u0432\u0430\u043b\u0430 (\u0431\u0430\u0437\u0430) &#8211; \u0441\u0442\u0430\u0440\u044b\u0439 \u0442\u0438\u043f DL-O 10 030-50"}]},{"@type":"WebSite","@id":"https:\/\/darpol.bydgoszcz.pl\/#website","url":"https:\/\/darpol.bydgoszcz.pl\/","name":"Darpol Bydgoszcz","description":"","potentialAction":[{"@type":"SearchAction","target":{"@type":"EntryPoint","urlTemplate":"https:\/\/darpol.bydgoszcz.pl\/?s={search_term_string}"},"query-input":"required name=search_term_string"}],"inLanguage":"ru-RU"}]}},"_links":{"self":[{"href":"https:\/\/darpol.bydgoszcz.pl\/ru\/wp-json\/wp\/v2\/product\/13141","targetHints":{"allow":["GET"]}}],"collection":[{"href":"https:\/\/darpol.bydgoszcz.pl\/ru\/wp-json\/wp\/v2\/product"}],"about":[{"href":"https:\/\/darpol.bydgoszcz.pl\/ru\/wp-json\/wp\/v2\/types\/product"}],"wp:featuredmedia":[{"embeddable":true,"href":"https:\/\/darpol.bydgoszcz.pl\/ru\/wp-json\/wp\/v2\/media\/13140"}],"wp:attachment":[{"href":"https:\/\/darpol.bydgoszcz.pl\/ru\/wp-json\/wp\/v2\/media?parent=13141"}],"wp:term":[{"taxonomy":"product_cat","embeddable":true,"href":"https:\/\/darpol.bydgoszcz.pl\/ru\/wp-json\/wp\/v2\/product_cat?post=13141"},{"taxonomy":"product_tag","embeddable":true,"href":"https:\/\/darpol.bydgoszcz.pl\/ru\/wp-json\/wp\/v2\/product_tag?post=13141"}],"curies":[{"name":"wp","href":"https:\/\/api.w.org\/{rel}","templated":true}]}}