{"id":12727,"date":"2013-03-12T13:22:47","date_gmt":"2013-03-12T12:22:47","guid":{"rendered":"http:\/\/darpol.bydgoszcz.pl\/sklep\/elektrovozy-i-teplovozy\/panel-konca-poezda-dl-o-12-009-02-lok\/"},"modified":"2019-04-05T11:01:35","modified_gmt":"2019-04-05T09:01:35","slug":"panel-konca-poezda-dl-o-12-009-02-lok","status":"publish","type":"product","link":"https:\/\/darpol.bydgoszcz.pl\/ru\/predlagaet\/podvizhnoj-sostav\/ostalnye-zapchasti\/panel-konca-poezda-dl-o-12-009-02-lok\/","title":{"rendered":"\u041f\u0430\u043d\u0435\u043b\u044c \u043a\u043e\u043d\u0446\u0430 \u043f\u043e\u0435\u0437\u0434\u0430 (\u0449\u0438\u0442)  DL-O 12 009-02"},"content":{"rendered":"<div id=\"idTab1\">\n<p><span class=\"tlid-translation translation\"><span class=\"\" title=\"\">\u041f\u0430\u043d\u0435\u043b\u044c \u043a\u043e\u043d\u0446\u0430 \u043f\u043e\u0435\u0437\u0434\u0430 DL-O 12 009-02 \u044d\u0442\u043e \u0431\u0435\u043b\u043e-\u043a\u0440\u0430\u0441\u043d\u044b\u0439 \u043e\u0442\u0440\u0430\u0436\u0430\u044e\u0449\u0438\u0439 \u044d\u043a\u0440\u0430\u043d, \u0443\u0441\u0442\u0430\u043d\u043e\u0432\u043b\u0435\u043d\u043d\u044b\u0439 \u0432 \u0446\u0435\u043b\u044f\u0445 \u043f\u0440\u0435\u0434\u0443\u043f\u0440\u0435\u0436\u0434\u0435\u043d\u0438\u044f \u0432 \u043a\u043e\u043d\u0446\u0435 \u043f\u043e\u0435\u0437\u0434\u0430.<\/span><\/span><\/p>\n<p><span class=\"tlid-translation translation\"><span title=\"\"><span class=\"\" title=\"\">\u041c\u0430\u0442\u0435\u0440\u0438\u0430\u043b: \u0447\u0435\u0440\u043d\u0430\u044f \u043e\u0446\u0438\u043d\u043a\u043e\u0432\u0430\u043d\u043d\u0430\u044f \u0441\u0442\u0430\u043b\u044c, \u043e\u043a\u0440\u0430\u0448\u0435\u043d\u043d\u0430\u044f<\/span><\/span><\/span><\/p>\n<p><span style=\"color: #333333;\">\u0423\u043f\u043e\u0442\u0440\u0435\u0431\u043b\u0435\u043d\u0438\u0435: <\/span><span style=\"color: #333333;\">\u0432\u0430\u0433\u043e\u043d, \u044d\u043b\u0435\u043a\u0442\u0440\u043e\u043f\u043e\u0435\u0437\u0434, \u043b\u043e\u043a\u043e\u043c\u043e\u0442\u0438\u0432<\/span><\/p>\n<pre class=\"tw-data-text tw-ta tw-text-medium\" dir=\"ltr\" data-placeholder=\"T\u0142umaczenie\" data-fulltext=\"\"><strong><span lang=\"ru\" tabindex=\"0\">\u043f\u043e\u043b\u043d\u043e\u0435 \u0438\u0437\u043c\u0435\u0440\u0435\u043d\u0438\u0435:\r\n<\/span><\/strong><span lang=\"ru\" tabindex=\"0\">\u0432\u044b\u0441\u043e\u0442\u0430 366mm<\/span>\r\n<\/pre>\n<pre id=\"tw-target-text\" class=\"tw-data-text tw-ta tw-text-large\" dir=\"ltr\" data-placeholder=\"T\u0142umaczenie\" data-fulltext=\"\"><span lang=\"ru\" tabindex=\"0\">\u0448\u0438\u0440\u0438\u043d\u0430 250mm<\/span><\/pre>\n<pre id=\"tw-target-text\" class=\"tw-data-text tw-ta tw-text-medium\" dir=\"ltr\" data-placeholder=\"T\u0142umaczenie\" data-fulltext=\"\"><strong><span lang=\"ru\" tabindex=\"0\">\u00a0<\/span><\/strong><\/pre>\n<\/div>\n<p><span class=\"tlid-translation translation\"><span title=\"\"><span class=\"\" title=\"\">\u0412 \u0441\u043e\u043e\u0442\u0432\u0435\u0442\u0441\u0442\u0432\u0438\u0438 \u0441\u043e \u0441\u0442\u0430\u043d\u0434\u0430\u0440\u0442\u043e\u043c PN-K-89100.<\/span><\/span><\/span><\/p>\n<div style=\"clear:both\"><a href=\"javascript:window.print()\"><i class=\"fa fa-print\" aria-hidden=\"true\"><\/i> \u043f\u0435\u0447\u0430\u0442\u044c<\/a><\/div>","protected":false},"excerpt":{"rendered":"<p>\u041f\u0430\u043d\u0435\u043b\u044c \u043a\u043e\u043d\u0446\u0430 \u043f\u043e\u0435\u0437\u0434\u0430 DL-O 12 009-02 \u044d\u0442\u043e \u0431\u0435\u043b\u043e-\u043a\u0440\u0430\u0441\u043d\u044b\u0439 \u043e\u0442\u0440\u0430\u0436\u0430\u044e\u0449\u0438\u0439 \u044d\u043a\u0440\u0430\u043d, \u0443\u0441\u0442\u0430\u043d\u043e\u0432\u043b\u0435\u043d\u043d\u044b\u0439 \u0432 \u0446\u0435\u043b\u044f\u0445 \u043f\u0440\u0435\u0434\u0443\u043f\u0440\u0435\u0436\u0434\u0435\u043d\u0438\u044f \u0432 \u043a\u043e\u043d\u0446\u0435 \u043f\u043e\u0435\u0437\u0434\u0430. \u041c\u0430\u0442\u0435\u0440\u0438\u0430\u043b: \u0447\u0435\u0440\u043d\u0430\u044f \u043e\u0446\u0438\u043d\u043a\u043e\u0432\u0430\u043d\u043d\u0430\u044f \u0441\u0442\u0430\u043b\u044c, \u043e\u043a\u0440\u0430\u0448\u0435\u043d\u043d\u0430\u044f \u0423\u043f\u043e\u0442\u0440\u0435\u0431\u043b\u0435\u043d\u0438\u0435: \u0432\u0430\u0433\u043e\u043d, \u044d\u043b\u0435\u043a\u0442\u0440\u043e\u043f\u043e\u0435\u0437\u0434, \u043b\u043e\u043a\u043e\u043c\u043e\u0442\u0438\u0432 \u043f\u043e\u043b\u043d\u043e\u0435 \u0438\u0437\u043c\u0435\u0440\u0435\u043d\u0438\u0435: \u0432\u044b\u0441\u043e\u0442\u0430 366mm \u0448\u0438\u0440\u0438\u043d\u0430 250mm \u00a0 \u0412 \u0441\u043e\u043e\u0442\u0432\u0435\u0442\u0441\u0442\u0432\u0438\u0438 \u0441\u043e \u0441\u0442\u0430\u043d\u0434\u0430\u0440\u0442\u043e\u043c PN-K-89100. \u043f\u0435\u0447\u0430\u0442\u044c<\/p>\n","protected":false},"featured_media":53293,"template":"","meta":{"om_disable_all_campaigns":false,"_monsterinsights_skip_tracking":false,"_monsterinsights_sitenote_active":false,"_monsterinsights_sitenote_note":"","_monsterinsights_sitenote_category":0,"_uf_show_specific_survey":0,"_uf_disable_surveys":false},"product_cat":[323,329,335],"product_tag":[3926,3494,3499],"class_list":{"0":"post-12727","1":"product","2":"type-product","3":"status-publish","4":"has-post-thumbnail","6":"product_cat-ostalnye-zapchasti","7":"product_cat-elektrovozy-i-teplovozy","8":"product_cat-elektrodizelpoezda","9":"product_tag-bialo-czerwona-ru","10":"product_tag-darpol-ru","11":"product_tag-tablica-ru","13":"first","14":"instock","15":"shipping-taxable","16":"purchasable","17":"product-type-simple"},"yoast_head":"<!-- This site is optimized with the Yoast SEO plugin v23.0 - https:\/\/yoast.com\/wordpress\/plugins\/seo\/ -->\n<title>\u041f\u0430\u043d\u0435\u043b\u044c \u043a\u043e\u043d\u0446\u0430 \u043f\u043e\u0435\u0437\u0434\u0430 (\u0449\u0438\u0442) DL-O 12 009-02 - Darpol Bydgoszcz<\/title>\n<meta name=\"description\" content=\"\u041f\u0430\u043d\u0435\u043b\u044c \u043a\u043e\u043d\u0446\u0430 \u043f\u043e\u0435\u0437\u0434\u0430 (\u0449\u0438\u0442) DL-O 12 009-02\" \/>\n<meta name=\"robots\" content=\"index, follow, max-snippet:-1, max-image-preview:large, max-video-preview:-1\" \/>\n<link rel=\"canonical\" href=\"https:\/\/darpol.bydgoszcz.pl\/ru\/predlagaet\/podvizhnoj-sostav\/ostalnye-zapchasti\/panel-konca-poezda-dl-o-12-009-02-lok\/\" \/>\n<meta property=\"og:locale\" content=\"ru_RU\" \/>\n<meta property=\"og:type\" content=\"article\" \/>\n<meta property=\"og:title\" content=\"\u041f\u0430\u043d\u0435\u043b\u044c \u043a\u043e\u043d\u0446\u0430 \u043f\u043e\u0435\u0437\u0434\u0430 (\u0449\u0438\u0442) DL-O 12 009-02 - Darpol Bydgoszcz\" \/>\n<meta property=\"og:description\" content=\"\u041f\u0430\u043d\u0435\u043b\u044c \u043a\u043e\u043d\u0446\u0430 \u043f\u043e\u0435\u0437\u0434\u0430 (\u0449\u0438\u0442) DL-O 12 009-02\" \/>\n<meta property=\"og:url\" content=\"https:\/\/darpol.bydgoszcz.pl\/ru\/predlagaet\/podvizhnoj-sostav\/ostalnye-zapchasti\/panel-konca-poezda-dl-o-12-009-02-lok\/\" \/>\n<meta property=\"og:site_name\" content=\"Darpol Bydgoszcz\" \/>\n<meta property=\"article:modified_time\" content=\"2019-04-05T09:01:35+00:00\" \/>\n<meta property=\"og:image\" content=\"https:\/\/darpol.bydgoszcz.pl\/wp-content\/uploads\/tarcza-ko\u0144ca-poci\u0105gu-typ-B-2.png\" \/>\n\t<meta property=\"og:image:width\" content=\"537\" \/>\n\t<meta property=\"og:image:height\" content=\"606\" \/>\n\t<meta property=\"og:image:type\" content=\"image\/png\" \/>\n<meta name=\"twitter:card\" content=\"summary_large_image\" \/>\n<script type=\"application\/ld+json\" class=\"yoast-schema-graph\">{\"@context\":\"https:\/\/schema.org\",\"@graph\":[{\"@type\":\"WebPage\",\"@id\":\"https:\/\/darpol.bydgoszcz.pl\/ru\/predlagaet\/podvizhnoj-sostav\/ostalnye-zapchasti\/panel-konca-poezda-dl-o-12-009-02-lok\/\",\"url\":\"https:\/\/darpol.bydgoszcz.pl\/ru\/predlagaet\/podvizhnoj-sostav\/ostalnye-zapchasti\/panel-konca-poezda-dl-o-12-009-02-lok\/\",\"name\":\"\u041f\u0430\u043d\u0435\u043b\u044c \u043a\u043e\u043d\u0446\u0430 \u043f\u043e\u0435\u0437\u0434\u0430 (\u0449\u0438\u0442) DL-O 12 009-02 - Darpol Bydgoszcz\",\"isPartOf\":{\"@id\":\"https:\/\/darpol.bydgoszcz.pl\/#website\"},\"primaryImageOfPage\":{\"@id\":\"https:\/\/darpol.bydgoszcz.pl\/ru\/predlagaet\/podvizhnoj-sostav\/ostalnye-zapchasti\/panel-konca-poezda-dl-o-12-009-02-lok\/#primaryimage\"},\"image\":{\"@id\":\"https:\/\/darpol.bydgoszcz.pl\/ru\/predlagaet\/podvizhnoj-sostav\/ostalnye-zapchasti\/panel-konca-poezda-dl-o-12-009-02-lok\/#primaryimage\"},\"thumbnailUrl\":\"https:\/\/darpol.bydgoszcz.pl\/wp-content\/uploads\/tarcza-ko\u0144ca-poci\u0105gu-typ-B-2.png\",\"datePublished\":\"2013-03-12T12:22:47+00:00\",\"dateModified\":\"2019-04-05T09:01:35+00:00\",\"description\":\"\u041f\u0430\u043d\u0435\u043b\u044c \u043a\u043e\u043d\u0446\u0430 \u043f\u043e\u0435\u0437\u0434\u0430 (\u0449\u0438\u0442) DL-O 12 009-02\",\"breadcrumb\":{\"@id\":\"https:\/\/darpol.bydgoszcz.pl\/ru\/predlagaet\/podvizhnoj-sostav\/ostalnye-zapchasti\/panel-konca-poezda-dl-o-12-009-02-lok\/#breadcrumb\"},\"inLanguage\":\"ru-RU\",\"potentialAction\":[{\"@type\":\"ReadAction\",\"target\":[\"https:\/\/darpol.bydgoszcz.pl\/ru\/predlagaet\/podvizhnoj-sostav\/ostalnye-zapchasti\/panel-konca-poezda-dl-o-12-009-02-lok\/\"]}]},{\"@type\":\"ImageObject\",\"inLanguage\":\"ru-RU\",\"@id\":\"https:\/\/darpol.bydgoszcz.pl\/ru\/predlagaet\/podvizhnoj-sostav\/ostalnye-zapchasti\/panel-konca-poezda-dl-o-12-009-02-lok\/#primaryimage\",\"url\":\"https:\/\/darpol.bydgoszcz.pl\/wp-content\/uploads\/tarcza-ko\u0144ca-poci\u0105gu-typ-B-2.png\",\"contentUrl\":\"https:\/\/darpol.bydgoszcz.pl\/wp-content\/uploads\/tarcza-ko\u0144ca-poci\u0105gu-typ-B-2.png\",\"width\":537,\"height\":606,\"caption\":\"tarcza, tablica, znak ko\u0144ca poci\u0105gu, lokomotywy, ezt, wagonu, sygna\u0142 PC-5 (pc5)\"},{\"@type\":\"BreadcrumbList\",\"@id\":\"https:\/\/darpol.bydgoszcz.pl\/ru\/predlagaet\/podvizhnoj-sostav\/ostalnye-zapchasti\/panel-konca-poezda-dl-o-12-009-02-lok\/#breadcrumb\",\"itemListElement\":[{\"@type\":\"ListItem\",\"position\":1,\"name\":\"Strona g\u0142\u00f3wna\",\"item\":\"https:\/\/darpol.bydgoszcz.pl\/ru\/\"},{\"@type\":\"ListItem\",\"position\":2,\"name\":\"Oferta\",\"item\":\"https:\/\/darpol.bydgoszcz.pl\/oferta\/\"},{\"@type\":\"ListItem\",\"position\":3,\"name\":\"\u041f\u0430\u043d\u0435\u043b\u044c \u043a\u043e\u043d\u0446\u0430 \u043f\u043e\u0435\u0437\u0434\u0430 (\u0449\u0438\u0442) DL-O 12 009-02\"}]},{\"@type\":\"WebSite\",\"@id\":\"https:\/\/darpol.bydgoszcz.pl\/#website\",\"url\":\"https:\/\/darpol.bydgoszcz.pl\/\",\"name\":\"Darpol Bydgoszcz\",\"description\":\"\",\"potentialAction\":[{\"@type\":\"SearchAction\",\"target\":{\"@type\":\"EntryPoint\",\"urlTemplate\":\"https:\/\/darpol.bydgoszcz.pl\/?s={search_term_string}\"},\"query-input\":\"required name=search_term_string\"}],\"inLanguage\":\"ru-RU\"}]}<\/script>\n<!-- \/ Yoast SEO plugin. -->","yoast_head_json":{"title":"\u041f\u0430\u043d\u0435\u043b\u044c \u043a\u043e\u043d\u0446\u0430 \u043f\u043e\u0435\u0437\u0434\u0430 (\u0449\u0438\u0442) DL-O 12 009-02 - Darpol Bydgoszcz","description":"\u041f\u0430\u043d\u0435\u043b\u044c \u043a\u043e\u043d\u0446\u0430 \u043f\u043e\u0435\u0437\u0434\u0430 (\u0449\u0438\u0442) DL-O 12 009-02","robots":{"index":"index","follow":"follow","max-snippet":"max-snippet:-1","max-image-preview":"max-image-preview:large","max-video-preview":"max-video-preview:-1"},"canonical":"https:\/\/darpol.bydgoszcz.pl\/ru\/predlagaet\/podvizhnoj-sostav\/ostalnye-zapchasti\/panel-konca-poezda-dl-o-12-009-02-lok\/","og_locale":"ru_RU","og_type":"article","og_title":"\u041f\u0430\u043d\u0435\u043b\u044c \u043a\u043e\u043d\u0446\u0430 \u043f\u043e\u0435\u0437\u0434\u0430 (\u0449\u0438\u0442) DL-O 12 009-02 - Darpol Bydgoszcz","og_description":"\u041f\u0430\u043d\u0435\u043b\u044c \u043a\u043e\u043d\u0446\u0430 \u043f\u043e\u0435\u0437\u0434\u0430 (\u0449\u0438\u0442) DL-O 12 009-02","og_url":"https:\/\/darpol.bydgoszcz.pl\/ru\/predlagaet\/podvizhnoj-sostav\/ostalnye-zapchasti\/panel-konca-poezda-dl-o-12-009-02-lok\/","og_site_name":"Darpol Bydgoszcz","article_modified_time":"2019-04-05T09:01:35+00:00","og_image":[{"width":537,"height":606,"url":"https:\/\/darpol.bydgoszcz.pl\/wp-content\/uploads\/tarcza-ko\u0144ca-poci\u0105gu-typ-B-2.png","type":"image\/png"}],"twitter_card":"summary_large_image","schema":{"@context":"https:\/\/schema.org","@graph":[{"@type":"WebPage","@id":"https:\/\/darpol.bydgoszcz.pl\/ru\/predlagaet\/podvizhnoj-sostav\/ostalnye-zapchasti\/panel-konca-poezda-dl-o-12-009-02-lok\/","url":"https:\/\/darpol.bydgoszcz.pl\/ru\/predlagaet\/podvizhnoj-sostav\/ostalnye-zapchasti\/panel-konca-poezda-dl-o-12-009-02-lok\/","name":"\u041f\u0430\u043d\u0435\u043b\u044c \u043a\u043e\u043d\u0446\u0430 \u043f\u043e\u0435\u0437\u0434\u0430 (\u0449\u0438\u0442) DL-O 12 009-02 - Darpol Bydgoszcz","isPartOf":{"@id":"https:\/\/darpol.bydgoszcz.pl\/#website"},"primaryImageOfPage":{"@id":"https:\/\/darpol.bydgoszcz.pl\/ru\/predlagaet\/podvizhnoj-sostav\/ostalnye-zapchasti\/panel-konca-poezda-dl-o-12-009-02-lok\/#primaryimage"},"image":{"@id":"https:\/\/darpol.bydgoszcz.pl\/ru\/predlagaet\/podvizhnoj-sostav\/ostalnye-zapchasti\/panel-konca-poezda-dl-o-12-009-02-lok\/#primaryimage"},"thumbnailUrl":"https:\/\/darpol.bydgoszcz.pl\/wp-content\/uploads\/tarcza-ko\u0144ca-poci\u0105gu-typ-B-2.png","datePublished":"2013-03-12T12:22:47+00:00","dateModified":"2019-04-05T09:01:35+00:00","description":"\u041f\u0430\u043d\u0435\u043b\u044c \u043a\u043e\u043d\u0446\u0430 \u043f\u043e\u0435\u0437\u0434\u0430 (\u0449\u0438\u0442) DL-O 12 009-02","breadcrumb":{"@id":"https:\/\/darpol.bydgoszcz.pl\/ru\/predlagaet\/podvizhnoj-sostav\/ostalnye-zapchasti\/panel-konca-poezda-dl-o-12-009-02-lok\/#breadcrumb"},"inLanguage":"ru-RU","potentialAction":[{"@type":"ReadAction","target":["https:\/\/darpol.bydgoszcz.pl\/ru\/predlagaet\/podvizhnoj-sostav\/ostalnye-zapchasti\/panel-konca-poezda-dl-o-12-009-02-lok\/"]}]},{"@type":"ImageObject","inLanguage":"ru-RU","@id":"https:\/\/darpol.bydgoszcz.pl\/ru\/predlagaet\/podvizhnoj-sostav\/ostalnye-zapchasti\/panel-konca-poezda-dl-o-12-009-02-lok\/#primaryimage","url":"https:\/\/darpol.bydgoszcz.pl\/wp-content\/uploads\/tarcza-ko\u0144ca-poci\u0105gu-typ-B-2.png","contentUrl":"https:\/\/darpol.bydgoszcz.pl\/wp-content\/uploads\/tarcza-ko\u0144ca-poci\u0105gu-typ-B-2.png","width":537,"height":606,"caption":"tarcza, tablica, znak ko\u0144ca poci\u0105gu, lokomotywy, ezt, wagonu, sygna\u0142 PC-5 (pc5)"},{"@type":"BreadcrumbList","@id":"https:\/\/darpol.bydgoszcz.pl\/ru\/predlagaet\/podvizhnoj-sostav\/ostalnye-zapchasti\/panel-konca-poezda-dl-o-12-009-02-lok\/#breadcrumb","itemListElement":[{"@type":"ListItem","position":1,"name":"Strona g\u0142\u00f3wna","item":"https:\/\/darpol.bydgoszcz.pl\/ru\/"},{"@type":"ListItem","position":2,"name":"Oferta","item":"https:\/\/darpol.bydgoszcz.pl\/oferta\/"},{"@type":"ListItem","position":3,"name":"\u041f\u0430\u043d\u0435\u043b\u044c \u043a\u043e\u043d\u0446\u0430 \u043f\u043e\u0435\u0437\u0434\u0430 (\u0449\u0438\u0442) DL-O 12 009-02"}]},{"@type":"WebSite","@id":"https:\/\/darpol.bydgoszcz.pl\/#website","url":"https:\/\/darpol.bydgoszcz.pl\/","name":"Darpol Bydgoszcz","description":"","potentialAction":[{"@type":"SearchAction","target":{"@type":"EntryPoint","urlTemplate":"https:\/\/darpol.bydgoszcz.pl\/?s={search_term_string}"},"query-input":"required name=search_term_string"}],"inLanguage":"ru-RU"}]}},"_links":{"self":[{"href":"https:\/\/darpol.bydgoszcz.pl\/ru\/wp-json\/wp\/v2\/product\/12727","targetHints":{"allow":["GET"]}}],"collection":[{"href":"https:\/\/darpol.bydgoszcz.pl\/ru\/wp-json\/wp\/v2\/product"}],"about":[{"href":"https:\/\/darpol.bydgoszcz.pl\/ru\/wp-json\/wp\/v2\/types\/product"}],"wp:featuredmedia":[{"embeddable":true,"href":"https:\/\/darpol.bydgoszcz.pl\/ru\/wp-json\/wp\/v2\/media\/53293"}],"wp:attachment":[{"href":"https:\/\/darpol.bydgoszcz.pl\/ru\/wp-json\/wp\/v2\/media?parent=12727"}],"wp:term":[{"taxonomy":"product_cat","embeddable":true,"href":"https:\/\/darpol.bydgoszcz.pl\/ru\/wp-json\/wp\/v2\/product_cat?post=12727"},{"taxonomy":"product_tag","embeddable":true,"href":"https:\/\/darpol.bydgoszcz.pl\/ru\/wp-json\/wp\/v2\/product_tag?post=12727"}],"curies":[{"name":"wp","href":"https:\/\/api.w.org\/{rel}","templated":true}]}}