{"id":12109,"date":"2013-03-06T15:27:35","date_gmt":"2013-03-06T14:27:35","guid":{"rendered":"http:\/\/darpol.bydgoszcz.pl\/sklep\/elektropoezda\/elastichnye-soedinenija\/"},"modified":"2013-03-06T15:27:35","modified_gmt":"2013-03-06T14:27:35","slug":"elastichnye-soedinenija","status":"publish","type":"product","link":"https:\/\/darpol.bydgoszcz.pl\/ru\/predlagaet\/podvizhnoj-sostav\/elektrodizelpoezda\/elastichnye-soedinenija\/","title":{"rendered":"\u042d\u043b\u0430\u0441\u0442\u0438\u0447\u043d\u043e\u0435 \u0441\u043e\u0435\u0434\u0438\u043d\u0435\u043d\u0438\u0435"},"content":{"rendered":"<div id=\"idTab1\">\n<p><span style=\"color: #333333;\">\u041f\u0440\u0435\u0434\u043b\u0430\u0433\u0430\u0435\u043c \u044d\u043b\u0430\u0441\u0442\u0438\u0447\u043d\u044b\u0435 \u0441\u043e\u0435\u0434\u0438\u043d\u0435\u043d\u0438\u044f \u0440\u0430\u0437\u043d\u044b\u0445 \u0442\u0438\u043f\u043e\u0432. \u041c\u0430\u0442\u0435\u0440\u044f\u043b &#8211; \u043c\u0435\u0434\u044c. \u0414\u043e\u0441\u0442\u0443\u043f\u043d\u044b\u0435 \u0440\u0430\u0437\u043d\u044b\u0435 \u0434\u043b\u0438\u043d\u044b.<br \/><\/span><\/p>\n<p><span style=\"color: #333333;\">\u041d\u0430\u043f\u0440\u0438\u043c\u0435\u0440:<br \/><\/span><\/p>\n<p><span style=\"color: #333333;\"> <\/span><\/p>\n<p><span style=\"color: #333333;\">&#8211; \u042d\u041b\u0410\u0421\u0422\u0418\u0427\u041d\u041e\u0415 \u0421\u041e\u0415\u0414\u0418\u041d\u0415\u041d\u0418\u0415 \u0414\u0412\u041e\u0419\u041d\u041e\u0415&nbsp; (\u0441\u0438\u043c\u0432\u043e\u043b DL-O 04 022-00)<\/span><\/p>\n<p><span style=\"color: #333333;\"> <\/span><\/p>\n<p><span style=\"color: #333333;\">&#8211;&nbsp;<\/span><span style=\"color: #333333;\">\u042d\u041b\u0410\u0421\u0422\u0418\u0427\u041d\u041e\u0415 \u0421\u041e\u0415\u0414\u0418\u041d\u0415\u041d\u0418\u0415 \u041e\u0414\u041d\u041e \u041a \u041f\u0410\u041d\u0422\u041e\u0413\u0420\u0410\u0424\u0423<\/span><span style=\"color: #333333;\"><strong> <\/strong>(<\/span><span style=\"color: #333333;\">\u0441\u0438\u043c\u0432\u043e\u043b<\/span><span style=\"color: #333333;\"> DL-O 04 022-01)<\/span><\/p>\n<\/p><\/div>\n<div style=\"clear:both\"><a href=\"javascript:window.print()\"><i class=\"fa fa-print\" aria-hidden=\"true\"><\/i> \u043f\u0435\u0447\u0430\u0442\u044c<\/a><\/div>","protected":false},"excerpt":{"rendered":"<p>\u041f\u0440\u0435\u0434\u043b\u0430\u0433\u0430\u0435\u043c \u044d\u043b\u0430\u0441\u0442\u0438\u0447\u043d\u044b\u0435 \u0441\u043e\u0435\u0434\u0438\u043d\u0435\u043d\u0438\u044f \u0440\u0430\u0437\u043d\u044b\u0445 \u0442\u0438\u043f\u043e\u0432. \u041c\u0430\u0442\u0435\u0440\u044f\u043b &#8211; \u043c\u0435\u0434\u044c. \u0414\u043e\u0441\u0442\u0443\u043f\u043d\u044b\u0435 \u0440\u0430\u0437\u043d\u044b\u0435 \u0434\u043b\u0438\u043d\u044b. \u041d\u0430\u043f\u0440\u0438\u043c\u0435\u0440: &#8211; \u042d\u041b\u0410\u0421\u0422\u0418\u0427\u041d\u041e\u0415 \u0421\u041e\u0415\u0414\u0418\u041d\u0415\u041d\u0418\u0415 \u0414\u0412\u041e\u0419\u041d\u041e\u0415&nbsp; (\u0441\u0438\u043c\u0432\u043e\u043b DL-O 04 022-00) &#8211;&nbsp;\u042d\u041b\u0410\u0421\u0422\u0418\u0427\u041d\u041e\u0415 \u0421\u041e\u0415\u0414\u0418\u041d\u0415\u041d\u0418\u0415 \u041e\u0414\u041d\u041e \u041a \u041f\u0410\u041d\u0422\u041e\u0413\u0420\u0410\u0424\u0423 (\u0441\u0438\u043c\u0432\u043e\u043b DL-O 04 022-01) \u043f\u0435\u0447\u0430\u0442\u044c<\/p>\n","protected":false},"featured_media":12108,"template":"","meta":{"om_disable_all_campaigns":false,"_monsterinsights_skip_tracking":false,"_monsterinsights_sitenote_active":false,"_monsterinsights_sitenote_note":"","_monsterinsights_sitenote_category":0,"_uf_show_specific_survey":0,"_uf_disable_surveys":false},"product_cat":[335],"product_tag":[392,3288,525,1051,1052,641,1055,5333,1057,5337,5339,1058,1059,5341,5335,1056,1053,1054,5331,1060,5343],"class_list":{"0":"post-12109","1":"product","2":"type-product","3":"status-publish","4":"has-post-thumbnail","6":"product_cat-elektrodizelpoezda","7":"product_tag-darpol","8":"product_tag-ezt-ru","9":"product_tag-ezt","10":"product_tag-linka-uziemiajaca","11":"product_tag-linka-uziemiajaca-ezt","12":"product_tag-lokomotywy","13":"product_tag-miedziane","14":"product_tag-miedziane-ru","15":"product_tag-pantograf","16":"product_tag-pantograf-ru","17":"product_tag-pantografu-ru","18":"product_tag-pantografu","19":"product_tag-pojedyncze","20":"product_tag-pojedyncze-ru","21":"product_tag-potrojne-ru","22":"product_tag-potrojne","23":"product_tag-polaczenia-elastyczne","24":"product_tag-polaczenie-elastyczne","25":"product_tag-polaczenie-elastyczne-ru","26":"product_tag-uziom","27":"product_tag-uziom-ru","29":"first","30":"instock","31":"shipping-taxable","32":"purchasable","33":"product-type-simple"},"yoast_head":"<!-- This site is optimized with the Yoast SEO plugin v23.0 - https:\/\/yoast.com\/wordpress\/plugins\/seo\/ -->\n<title>\u042d\u043b\u0430\u0441\u0442\u0438\u0447\u043d\u043e\u0435 \u0441\u043e\u0435\u0434\u0438\u043d\u0435\u043d\u0438\u0435 - Darpol Bydgoszcz<\/title>\n<meta name=\"description\" content=\"\u042d\u043b\u0430\u0441\u0442\u0438\u0447\u043d\u043e\u0435 \u043c\u0435\u0434\u043d\u043e\u0435 \u0441\u043e\u0435\u0434\u0438\u043d\u0435\u043d\u0438\u0435 \u043a \u044d\u043b\u0435\u043a\u0442\u0440\u043e\u043f\u043e\u0435\u0437\u0434\u0430\u043c\" \/>\n<meta name=\"robots\" content=\"index, follow, max-snippet:-1, max-image-preview:large, max-video-preview:-1\" \/>\n<link rel=\"canonical\" href=\"https:\/\/darpol.bydgoszcz.pl\/ru\/predlagaet\/podvizhnoj-sostav\/elektrodizelpoezda\/elastichnye-soedinenija\/\" \/>\n<meta property=\"og:locale\" content=\"ru_RU\" \/>\n<meta property=\"og:type\" content=\"article\" \/>\n<meta property=\"og:title\" content=\"\u042d\u043b\u0430\u0441\u0442\u0438\u0447\u043d\u043e\u0435 \u0441\u043e\u0435\u0434\u0438\u043d\u0435\u043d\u0438\u0435 - Darpol Bydgoszcz\" \/>\n<meta property=\"og:description\" content=\"\u042d\u043b\u0430\u0441\u0442\u0438\u0447\u043d\u043e\u0435 \u043c\u0435\u0434\u043d\u043e\u0435 \u0441\u043e\u0435\u0434\u0438\u043d\u0435\u043d\u0438\u0435 \u043a \u044d\u043b\u0435\u043a\u0442\u0440\u043e\u043f\u043e\u0435\u0437\u0434\u0430\u043c\" \/>\n<meta property=\"og:url\" content=\"https:\/\/darpol.bydgoszcz.pl\/ru\/predlagaet\/podvizhnoj-sostav\/elektrodizelpoezda\/elastichnye-soedinenija\/\" \/>\n<meta property=\"og:site_name\" content=\"Darpol Bydgoszcz\" \/>\n<meta property=\"og:image\" content=\"https:\/\/darpol.bydgoszcz.pl\/wp-content\/uploads\/589-763-polaczenie-elektryczne-pojedyncze-i-potrojne.jpg\" \/>\n\t<meta property=\"og:image:width\" content=\"448\" \/>\n\t<meta property=\"og:image:height\" content=\"322\" \/>\n\t<meta property=\"og:image:type\" content=\"image\/jpeg\" \/>\n<meta name=\"twitter:card\" content=\"summary_large_image\" \/>\n<script type=\"application\/ld+json\" class=\"yoast-schema-graph\">{\"@context\":\"https:\/\/schema.org\",\"@graph\":[{\"@type\":\"WebPage\",\"@id\":\"https:\/\/darpol.bydgoszcz.pl\/ru\/predlagaet\/podvizhnoj-sostav\/elektrodizelpoezda\/elastichnye-soedinenija\/\",\"url\":\"https:\/\/darpol.bydgoszcz.pl\/ru\/predlagaet\/podvizhnoj-sostav\/elektrodizelpoezda\/elastichnye-soedinenija\/\",\"name\":\"\u042d\u043b\u0430\u0441\u0442\u0438\u0447\u043d\u043e\u0435 \u0441\u043e\u0435\u0434\u0438\u043d\u0435\u043d\u0438\u0435 - Darpol Bydgoszcz\",\"isPartOf\":{\"@id\":\"https:\/\/darpol.bydgoszcz.pl\/#website\"},\"primaryImageOfPage\":{\"@id\":\"https:\/\/darpol.bydgoszcz.pl\/ru\/predlagaet\/podvizhnoj-sostav\/elektrodizelpoezda\/elastichnye-soedinenija\/#primaryimage\"},\"image\":{\"@id\":\"https:\/\/darpol.bydgoszcz.pl\/ru\/predlagaet\/podvizhnoj-sostav\/elektrodizelpoezda\/elastichnye-soedinenija\/#primaryimage\"},\"thumbnailUrl\":\"https:\/\/darpol.bydgoszcz.pl\/wp-content\/uploads\/589-763-polaczenie-elektryczne-pojedyncze-i-potrojne.jpg\",\"datePublished\":\"2013-03-06T14:27:35+00:00\",\"dateModified\":\"2013-03-06T14:27:35+00:00\",\"description\":\"\u042d\u043b\u0430\u0441\u0442\u0438\u0447\u043d\u043e\u0435 \u043c\u0435\u0434\u043d\u043e\u0435 \u0441\u043e\u0435\u0434\u0438\u043d\u0435\u043d\u0438\u0435 \u043a \u044d\u043b\u0435\u043a\u0442\u0440\u043e\u043f\u043e\u0435\u0437\u0434\u0430\u043c\",\"breadcrumb\":{\"@id\":\"https:\/\/darpol.bydgoszcz.pl\/ru\/predlagaet\/podvizhnoj-sostav\/elektrodizelpoezda\/elastichnye-soedinenija\/#breadcrumb\"},\"inLanguage\":\"ru-RU\",\"potentialAction\":[{\"@type\":\"ReadAction\",\"target\":[\"https:\/\/darpol.bydgoszcz.pl\/ru\/predlagaet\/podvizhnoj-sostav\/elektrodizelpoezda\/elastichnye-soedinenija\/\"]}]},{\"@type\":\"ImageObject\",\"inLanguage\":\"ru-RU\",\"@id\":\"https:\/\/darpol.bydgoszcz.pl\/ru\/predlagaet\/podvizhnoj-sostav\/elektrodizelpoezda\/elastichnye-soedinenija\/#primaryimage\",\"url\":\"https:\/\/darpol.bydgoszcz.pl\/wp-content\/uploads\/589-763-polaczenie-elektryczne-pojedyncze-i-potrojne.jpg\",\"contentUrl\":\"https:\/\/darpol.bydgoszcz.pl\/wp-content\/uploads\/589-763-polaczenie-elektryczne-pojedyncze-i-potrojne.jpg\",\"width\":448,\"height\":322,\"caption\":\"Po\u0142\u0105czenie elektryczne - pojedyncze i potr\u00f3jne\"},{\"@type\":\"BreadcrumbList\",\"@id\":\"https:\/\/darpol.bydgoszcz.pl\/ru\/predlagaet\/podvizhnoj-sostav\/elektrodizelpoezda\/elastichnye-soedinenija\/#breadcrumb\",\"itemListElement\":[{\"@type\":\"ListItem\",\"position\":1,\"name\":\"Strona g\u0142\u00f3wna\",\"item\":\"https:\/\/darpol.bydgoszcz.pl\/ru\/\"},{\"@type\":\"ListItem\",\"position\":2,\"name\":\"Oferta\",\"item\":\"https:\/\/darpol.bydgoszcz.pl\/oferta\/\"},{\"@type\":\"ListItem\",\"position\":3,\"name\":\"\u042d\u043b\u0430\u0441\u0442\u0438\u0447\u043d\u043e\u0435 \u0441\u043e\u0435\u0434\u0438\u043d\u0435\u043d\u0438\u0435\"}]},{\"@type\":\"WebSite\",\"@id\":\"https:\/\/darpol.bydgoszcz.pl\/#website\",\"url\":\"https:\/\/darpol.bydgoszcz.pl\/\",\"name\":\"Darpol Bydgoszcz\",\"description\":\"\",\"potentialAction\":[{\"@type\":\"SearchAction\",\"target\":{\"@type\":\"EntryPoint\",\"urlTemplate\":\"https:\/\/darpol.bydgoszcz.pl\/?s={search_term_string}\"},\"query-input\":\"required name=search_term_string\"}],\"inLanguage\":\"ru-RU\"}]}<\/script>\n<!-- \/ Yoast SEO plugin. -->","yoast_head_json":{"title":"\u042d\u043b\u0430\u0441\u0442\u0438\u0447\u043d\u043e\u0435 \u0441\u043e\u0435\u0434\u0438\u043d\u0435\u043d\u0438\u0435 - Darpol Bydgoszcz","description":"\u042d\u043b\u0430\u0441\u0442\u0438\u0447\u043d\u043e\u0435 \u043c\u0435\u0434\u043d\u043e\u0435 \u0441\u043e\u0435\u0434\u0438\u043d\u0435\u043d\u0438\u0435 \u043a \u044d\u043b\u0435\u043a\u0442\u0440\u043e\u043f\u043e\u0435\u0437\u0434\u0430\u043c","robots":{"index":"index","follow":"follow","max-snippet":"max-snippet:-1","max-image-preview":"max-image-preview:large","max-video-preview":"max-video-preview:-1"},"canonical":"https:\/\/darpol.bydgoszcz.pl\/ru\/predlagaet\/podvizhnoj-sostav\/elektrodizelpoezda\/elastichnye-soedinenija\/","og_locale":"ru_RU","og_type":"article","og_title":"\u042d\u043b\u0430\u0441\u0442\u0438\u0447\u043d\u043e\u0435 \u0441\u043e\u0435\u0434\u0438\u043d\u0435\u043d\u0438\u0435 - Darpol Bydgoszcz","og_description":"\u042d\u043b\u0430\u0441\u0442\u0438\u0447\u043d\u043e\u0435 \u043c\u0435\u0434\u043d\u043e\u0435 \u0441\u043e\u0435\u0434\u0438\u043d\u0435\u043d\u0438\u0435 \u043a \u044d\u043b\u0435\u043a\u0442\u0440\u043e\u043f\u043e\u0435\u0437\u0434\u0430\u043c","og_url":"https:\/\/darpol.bydgoszcz.pl\/ru\/predlagaet\/podvizhnoj-sostav\/elektrodizelpoezda\/elastichnye-soedinenija\/","og_site_name":"Darpol Bydgoszcz","og_image":[{"width":448,"height":322,"url":"https:\/\/darpol.bydgoszcz.pl\/wp-content\/uploads\/589-763-polaczenie-elektryczne-pojedyncze-i-potrojne.jpg","type":"image\/jpeg"}],"twitter_card":"summary_large_image","schema":{"@context":"https:\/\/schema.org","@graph":[{"@type":"WebPage","@id":"https:\/\/darpol.bydgoszcz.pl\/ru\/predlagaet\/podvizhnoj-sostav\/elektrodizelpoezda\/elastichnye-soedinenija\/","url":"https:\/\/darpol.bydgoszcz.pl\/ru\/predlagaet\/podvizhnoj-sostav\/elektrodizelpoezda\/elastichnye-soedinenija\/","name":"\u042d\u043b\u0430\u0441\u0442\u0438\u0447\u043d\u043e\u0435 \u0441\u043e\u0435\u0434\u0438\u043d\u0435\u043d\u0438\u0435 - Darpol Bydgoszcz","isPartOf":{"@id":"https:\/\/darpol.bydgoszcz.pl\/#website"},"primaryImageOfPage":{"@id":"https:\/\/darpol.bydgoszcz.pl\/ru\/predlagaet\/podvizhnoj-sostav\/elektrodizelpoezda\/elastichnye-soedinenija\/#primaryimage"},"image":{"@id":"https:\/\/darpol.bydgoszcz.pl\/ru\/predlagaet\/podvizhnoj-sostav\/elektrodizelpoezda\/elastichnye-soedinenija\/#primaryimage"},"thumbnailUrl":"https:\/\/darpol.bydgoszcz.pl\/wp-content\/uploads\/589-763-polaczenie-elektryczne-pojedyncze-i-potrojne.jpg","datePublished":"2013-03-06T14:27:35+00:00","dateModified":"2013-03-06T14:27:35+00:00","description":"\u042d\u043b\u0430\u0441\u0442\u0438\u0447\u043d\u043e\u0435 \u043c\u0435\u0434\u043d\u043e\u0435 \u0441\u043e\u0435\u0434\u0438\u043d\u0435\u043d\u0438\u0435 \u043a \u044d\u043b\u0435\u043a\u0442\u0440\u043e\u043f\u043e\u0435\u0437\u0434\u0430\u043c","breadcrumb":{"@id":"https:\/\/darpol.bydgoszcz.pl\/ru\/predlagaet\/podvizhnoj-sostav\/elektrodizelpoezda\/elastichnye-soedinenija\/#breadcrumb"},"inLanguage":"ru-RU","potentialAction":[{"@type":"ReadAction","target":["https:\/\/darpol.bydgoszcz.pl\/ru\/predlagaet\/podvizhnoj-sostav\/elektrodizelpoezda\/elastichnye-soedinenija\/"]}]},{"@type":"ImageObject","inLanguage":"ru-RU","@id":"https:\/\/darpol.bydgoszcz.pl\/ru\/predlagaet\/podvizhnoj-sostav\/elektrodizelpoezda\/elastichnye-soedinenija\/#primaryimage","url":"https:\/\/darpol.bydgoszcz.pl\/wp-content\/uploads\/589-763-polaczenie-elektryczne-pojedyncze-i-potrojne.jpg","contentUrl":"https:\/\/darpol.bydgoszcz.pl\/wp-content\/uploads\/589-763-polaczenie-elektryczne-pojedyncze-i-potrojne.jpg","width":448,"height":322,"caption":"Po\u0142\u0105czenie elektryczne - pojedyncze i potr\u00f3jne"},{"@type":"BreadcrumbList","@id":"https:\/\/darpol.bydgoszcz.pl\/ru\/predlagaet\/podvizhnoj-sostav\/elektrodizelpoezda\/elastichnye-soedinenija\/#breadcrumb","itemListElement":[{"@type":"ListItem","position":1,"name":"Strona g\u0142\u00f3wna","item":"https:\/\/darpol.bydgoszcz.pl\/ru\/"},{"@type":"ListItem","position":2,"name":"Oferta","item":"https:\/\/darpol.bydgoszcz.pl\/oferta\/"},{"@type":"ListItem","position":3,"name":"\u042d\u043b\u0430\u0441\u0442\u0438\u0447\u043d\u043e\u0435 \u0441\u043e\u0435\u0434\u0438\u043d\u0435\u043d\u0438\u0435"}]},{"@type":"WebSite","@id":"https:\/\/darpol.bydgoszcz.pl\/#website","url":"https:\/\/darpol.bydgoszcz.pl\/","name":"Darpol Bydgoszcz","description":"","potentialAction":[{"@type":"SearchAction","target":{"@type":"EntryPoint","urlTemplate":"https:\/\/darpol.bydgoszcz.pl\/?s={search_term_string}"},"query-input":"required name=search_term_string"}],"inLanguage":"ru-RU"}]}},"_links":{"self":[{"href":"https:\/\/darpol.bydgoszcz.pl\/ru\/wp-json\/wp\/v2\/product\/12109","targetHints":{"allow":["GET"]}}],"collection":[{"href":"https:\/\/darpol.bydgoszcz.pl\/ru\/wp-json\/wp\/v2\/product"}],"about":[{"href":"https:\/\/darpol.bydgoszcz.pl\/ru\/wp-json\/wp\/v2\/types\/product"}],"wp:featuredmedia":[{"embeddable":true,"href":"https:\/\/darpol.bydgoszcz.pl\/ru\/wp-json\/wp\/v2\/media\/12108"}],"wp:attachment":[{"href":"https:\/\/darpol.bydgoszcz.pl\/ru\/wp-json\/wp\/v2\/media?parent=12109"}],"wp:term":[{"taxonomy":"product_cat","embeddable":true,"href":"https:\/\/darpol.bydgoszcz.pl\/ru\/wp-json\/wp\/v2\/product_cat?post=12109"},{"taxonomy":"product_tag","embeddable":true,"href":"https:\/\/darpol.bydgoszcz.pl\/ru\/wp-json\/wp\/v2\/product_tag?post=12109"}],"curies":[{"name":"wp","href":"https:\/\/api.w.org\/{rel}","templated":true}]}}