{"id":11785,"date":"2013-03-06T14:16:23","date_gmt":"2013-03-06T13:16:23","guid":{"rendered":"http:\/\/darpol.bydgoszcz.pl\/sklep\/elektropoezda\/zaschelka-zadvizhnoi-dveri-elektropoezd\/"},"modified":"2013-03-06T14:16:23","modified_gmt":"2013-03-06T13:16:23","slug":"zaschelka-zadvizhnoi-dveri-elektropoezd","status":"publish","type":"product","link":"https:\/\/darpol.bydgoszcz.pl\/ru\/predlagaet\/podvizhnoj-sostav\/elektrodizelpoezda\/zaschelka-zadvizhnoi-dveri-elektropoezd\/","title":{"rendered":"\u0417\u0430\u0449\u0435\u043b\u043a\u0430 \u0431\u043b\u043e\u043a\u0438\u0440\u043e\u0432\u043a\u0438 \u0437\u0430\u0434\u0432\u0438\u0436\u043d\u043e\u0439 \u0434\u0432\u0435\u0440\u0438 \u0441\u043b\u0443\u0436\u0435\u0431\u043d\u043e\u0433\u043e \u043a\u0443\u043f\u0435 DL-O 16 030-00"},"content":{"rendered":"<div style=\"clear:both\"><a href=\"javascript:window.print()\"><i class=\"fa fa-print\" aria-hidden=\"true\"><\/i> \u043f\u0435\u0447\u0430\u0442\u044c<\/a><\/div>","protected":false},"excerpt":{"rendered":"<p>\u043f\u0435\u0447\u0430\u0442\u044c<\/p>\n","protected":false},"featured_media":11784,"template":"","meta":{"om_disable_all_campaigns":false,"_monsterinsights_skip_tracking":false,"_monsterinsights_sitenote_active":false,"_monsterinsights_sitenote_note":"","_monsterinsights_sitenote_category":0,"_uf_show_specific_survey":0,"_uf_disable_surveys":false},"product_cat":[335],"product_tag":[604,4598,1716,6430,440,3281,525,3288,601,3702,4591,600,602,4594,4589,599],"class_list":{"0":"post-11785","1":"product","2":"type-product","3":"status-publish","4":"has-post-thumbnail","6":"product_cat-elektrodizelpoezda","7":"product_tag-dl-0-16-030-00","8":"product_tag-dl-0-16-030-00-ru","9":"product_tag-dl-016-030-00","10":"product_tag-dl-016-030-00-ru","11":"product_tag-drzwi","12":"product_tag-drzwi-ru","13":"product_tag-ezt","14":"product_tag-ezt-ru","15":"product_tag-przedzial","16":"product_tag-przedzial-ru","17":"product_tag-suwanych-ru","18":"product_tag-suwanych","19":"product_tag-sluzbowy","20":"product_tag-sluzbowy-ru","21":"product_tag-zatrzask-ru","22":"product_tag-zatrzask","24":"first","25":"instock","26":"shipping-taxable","27":"purchasable","28":"product-type-simple"},"yoast_head":"<!-- This site is optimized with the Yoast SEO plugin v23.0 - https:\/\/yoast.com\/wordpress\/plugins\/seo\/ -->\n<title>\u0417\u0430\u0449\u0435\u043b\u043a\u0430 \u0431\u043b\u043e\u043a\u0438\u0440\u043e\u0432\u043a\u0438 \u0437\u0430\u0434\u0432\u0438\u0436\u043d\u043e\u0439 \u0434\u0432\u0435\u0440\u0438 \u0441\u043b\u0443\u0436\u0435\u0431\u043d\u043e\u0433\u043e \u043a\u0443\u043f\u0435 DL-O 16 030-00 - Darpol Bydgoszcz<\/title>\n<meta name=\"description\" content=\"\u0417\u0430\u0449\u0435\u043b\u043a\u0430 \u0431\u043b\u043e\u043a\u0438\u0440\u043e\u0432\u043a\u0438 \u0437\u0430\u0434\u0432\u0438\u0436\u043d\u043e\u0439 \u0434\u0432\u0435\u0440\u0438 \u0441\u043b\u0443\u0436\u0435\u0431\u043d\u043e\u0433\u043e \u043a\u0443\u043f\u0435 DL-O 16 030-00\" \/>\n<meta name=\"robots\" content=\"index, follow, max-snippet:-1, max-image-preview:large, max-video-preview:-1\" \/>\n<link rel=\"canonical\" href=\"https:\/\/darpol.bydgoszcz.pl\/ru\/predlagaet\/podvizhnoj-sostav\/elektrodizelpoezda\/zaschelka-zadvizhnoi-dveri-elektropoezd\/\" \/>\n<meta property=\"og:locale\" content=\"ru_RU\" \/>\n<meta property=\"og:type\" content=\"article\" \/>\n<meta property=\"og:title\" content=\"\u0417\u0430\u0449\u0435\u043b\u043a\u0430 \u0431\u043b\u043e\u043a\u0438\u0440\u043e\u0432\u043a\u0438 \u0437\u0430\u0434\u0432\u0438\u0436\u043d\u043e\u0439 \u0434\u0432\u0435\u0440\u0438 \u0441\u043b\u0443\u0436\u0435\u0431\u043d\u043e\u0433\u043e \u043a\u0443\u043f\u0435 DL-O 16 030-00 - Darpol Bydgoszcz\" \/>\n<meta property=\"og:description\" content=\"\u0417\u0430\u0449\u0435\u043b\u043a\u0430 \u0431\u043b\u043e\u043a\u0438\u0440\u043e\u0432\u043a\u0438 \u0437\u0430\u0434\u0432\u0438\u0436\u043d\u043e\u0439 \u0434\u0432\u0435\u0440\u0438 \u0441\u043b\u0443\u0436\u0435\u0431\u043d\u043e\u0433\u043e \u043a\u0443\u043f\u0435 DL-O 16 030-00\" \/>\n<meta property=\"og:url\" content=\"https:\/\/darpol.bydgoszcz.pl\/ru\/predlagaet\/podvizhnoj-sostav\/elektrodizelpoezda\/zaschelka-zadvizhnoi-dveri-elektropoezd\/\" \/>\n<meta property=\"og:site_name\" content=\"Darpol Bydgoszcz\" \/>\n<meta property=\"og:image\" content=\"https:\/\/darpol.bydgoszcz.pl\/wp-content\/uploads\/563-735-zatrzask-blokady-polozenia-drzwi-suwanych-przedzialu-sluzbowego-dl-o-16-030-00.jpg\" \/>\n\t<meta property=\"og:image:width\" content=\"689\" \/>\n\t<meta property=\"og:image:height\" content=\"516\" \/>\n\t<meta property=\"og:image:type\" content=\"image\/jpeg\" \/>\n<meta name=\"twitter:card\" content=\"summary_large_image\" \/>\n<script type=\"application\/ld+json\" class=\"yoast-schema-graph\">{\"@context\":\"https:\/\/schema.org\",\"@graph\":[{\"@type\":\"WebPage\",\"@id\":\"https:\/\/darpol.bydgoszcz.pl\/ru\/predlagaet\/podvizhnoj-sostav\/elektrodizelpoezda\/zaschelka-zadvizhnoi-dveri-elektropoezd\/\",\"url\":\"https:\/\/darpol.bydgoszcz.pl\/ru\/predlagaet\/podvizhnoj-sostav\/elektrodizelpoezda\/zaschelka-zadvizhnoi-dveri-elektropoezd\/\",\"name\":\"\u0417\u0430\u0449\u0435\u043b\u043a\u0430 \u0431\u043b\u043e\u043a\u0438\u0440\u043e\u0432\u043a\u0438 \u0437\u0430\u0434\u0432\u0438\u0436\u043d\u043e\u0439 \u0434\u0432\u0435\u0440\u0438 \u0441\u043b\u0443\u0436\u0435\u0431\u043d\u043e\u0433\u043e \u043a\u0443\u043f\u0435 DL-O 16 030-00 - Darpol Bydgoszcz\",\"isPartOf\":{\"@id\":\"https:\/\/darpol.bydgoszcz.pl\/#website\"},\"primaryImageOfPage\":{\"@id\":\"https:\/\/darpol.bydgoszcz.pl\/ru\/predlagaet\/podvizhnoj-sostav\/elektrodizelpoezda\/zaschelka-zadvizhnoi-dveri-elektropoezd\/#primaryimage\"},\"image\":{\"@id\":\"https:\/\/darpol.bydgoszcz.pl\/ru\/predlagaet\/podvizhnoj-sostav\/elektrodizelpoezda\/zaschelka-zadvizhnoi-dveri-elektropoezd\/#primaryimage\"},\"thumbnailUrl\":\"https:\/\/darpol.bydgoszcz.pl\/wp-content\/uploads\/563-735-zatrzask-blokady-polozenia-drzwi-suwanych-przedzialu-sluzbowego-dl-o-16-030-00.jpg\",\"datePublished\":\"2013-03-06T13:16:23+00:00\",\"dateModified\":\"2013-03-06T13:16:23+00:00\",\"description\":\"\u0417\u0430\u0449\u0435\u043b\u043a\u0430 \u0431\u043b\u043e\u043a\u0438\u0440\u043e\u0432\u043a\u0438 \u0437\u0430\u0434\u0432\u0438\u0436\u043d\u043e\u0439 \u0434\u0432\u0435\u0440\u0438 \u0441\u043b\u0443\u0436\u0435\u0431\u043d\u043e\u0433\u043e \u043a\u0443\u043f\u0435 DL-O 16 030-00\",\"breadcrumb\":{\"@id\":\"https:\/\/darpol.bydgoszcz.pl\/ru\/predlagaet\/podvizhnoj-sostav\/elektrodizelpoezda\/zaschelka-zadvizhnoi-dveri-elektropoezd\/#breadcrumb\"},\"inLanguage\":\"ru-RU\",\"potentialAction\":[{\"@type\":\"ReadAction\",\"target\":[\"https:\/\/darpol.bydgoszcz.pl\/ru\/predlagaet\/podvizhnoj-sostav\/elektrodizelpoezda\/zaschelka-zadvizhnoi-dveri-elektropoezd\/\"]}]},{\"@type\":\"ImageObject\",\"inLanguage\":\"ru-RU\",\"@id\":\"https:\/\/darpol.bydgoszcz.pl\/ru\/predlagaet\/podvizhnoj-sostav\/elektrodizelpoezda\/zaschelka-zadvizhnoi-dveri-elektropoezd\/#primaryimage\",\"url\":\"https:\/\/darpol.bydgoszcz.pl\/wp-content\/uploads\/563-735-zatrzask-blokady-polozenia-drzwi-suwanych-przedzialu-sluzbowego-dl-o-16-030-00.jpg\",\"contentUrl\":\"https:\/\/darpol.bydgoszcz.pl\/wp-content\/uploads\/563-735-zatrzask-blokady-polozenia-drzwi-suwanych-przedzialu-sluzbowego-dl-o-16-030-00.jpg\",\"width\":689,\"height\":516,\"caption\":\"Zatrzask blokady po\u0142o\u017cenia drzwi suwanych przedzia\u0142u s\u0142u\u017cbowego DL-O 16 030-00\"},{\"@type\":\"BreadcrumbList\",\"@id\":\"https:\/\/darpol.bydgoszcz.pl\/ru\/predlagaet\/podvizhnoj-sostav\/elektrodizelpoezda\/zaschelka-zadvizhnoi-dveri-elektropoezd\/#breadcrumb\",\"itemListElement\":[{\"@type\":\"ListItem\",\"position\":1,\"name\":\"Strona g\u0142\u00f3wna\",\"item\":\"https:\/\/darpol.bydgoszcz.pl\/ru\/\"},{\"@type\":\"ListItem\",\"position\":2,\"name\":\"Oferta\",\"item\":\"https:\/\/darpol.bydgoszcz.pl\/oferta\/\"},{\"@type\":\"ListItem\",\"position\":3,\"name\":\"\u0417\u0430\u0449\u0435\u043b\u043a\u0430 \u0431\u043b\u043e\u043a\u0438\u0440\u043e\u0432\u043a\u0438 \u0437\u0430\u0434\u0432\u0438\u0436\u043d\u043e\u0439 \u0434\u0432\u0435\u0440\u0438 \u0441\u043b\u0443\u0436\u0435\u0431\u043d\u043e\u0433\u043e \u043a\u0443\u043f\u0435 DL-O 16 030-00\"}]},{\"@type\":\"WebSite\",\"@id\":\"https:\/\/darpol.bydgoszcz.pl\/#website\",\"url\":\"https:\/\/darpol.bydgoszcz.pl\/\",\"name\":\"Darpol Bydgoszcz\",\"description\":\"\",\"potentialAction\":[{\"@type\":\"SearchAction\",\"target\":{\"@type\":\"EntryPoint\",\"urlTemplate\":\"https:\/\/darpol.bydgoszcz.pl\/?s={search_term_string}\"},\"query-input\":\"required name=search_term_string\"}],\"inLanguage\":\"ru-RU\"}]}<\/script>\n<!-- \/ Yoast SEO plugin. -->","yoast_head_json":{"title":"\u0417\u0430\u0449\u0435\u043b\u043a\u0430 \u0431\u043b\u043e\u043a\u0438\u0440\u043e\u0432\u043a\u0438 \u0437\u0430\u0434\u0432\u0438\u0436\u043d\u043e\u0439 \u0434\u0432\u0435\u0440\u0438 \u0441\u043b\u0443\u0436\u0435\u0431\u043d\u043e\u0433\u043e \u043a\u0443\u043f\u0435 DL-O 16 030-00 - Darpol Bydgoszcz","description":"\u0417\u0430\u0449\u0435\u043b\u043a\u0430 \u0431\u043b\u043e\u043a\u0438\u0440\u043e\u0432\u043a\u0438 \u0437\u0430\u0434\u0432\u0438\u0436\u043d\u043e\u0439 \u0434\u0432\u0435\u0440\u0438 \u0441\u043b\u0443\u0436\u0435\u0431\u043d\u043e\u0433\u043e \u043a\u0443\u043f\u0435 DL-O 16 030-00","robots":{"index":"index","follow":"follow","max-snippet":"max-snippet:-1","max-image-preview":"max-image-preview:large","max-video-preview":"max-video-preview:-1"},"canonical":"https:\/\/darpol.bydgoszcz.pl\/ru\/predlagaet\/podvizhnoj-sostav\/elektrodizelpoezda\/zaschelka-zadvizhnoi-dveri-elektropoezd\/","og_locale":"ru_RU","og_type":"article","og_title":"\u0417\u0430\u0449\u0435\u043b\u043a\u0430 \u0431\u043b\u043e\u043a\u0438\u0440\u043e\u0432\u043a\u0438 \u0437\u0430\u0434\u0432\u0438\u0436\u043d\u043e\u0439 \u0434\u0432\u0435\u0440\u0438 \u0441\u043b\u0443\u0436\u0435\u0431\u043d\u043e\u0433\u043e \u043a\u0443\u043f\u0435 DL-O 16 030-00 - Darpol Bydgoszcz","og_description":"\u0417\u0430\u0449\u0435\u043b\u043a\u0430 \u0431\u043b\u043e\u043a\u0438\u0440\u043e\u0432\u043a\u0438 \u0437\u0430\u0434\u0432\u0438\u0436\u043d\u043e\u0439 \u0434\u0432\u0435\u0440\u0438 \u0441\u043b\u0443\u0436\u0435\u0431\u043d\u043e\u0433\u043e \u043a\u0443\u043f\u0435 DL-O 16 030-00","og_url":"https:\/\/darpol.bydgoszcz.pl\/ru\/predlagaet\/podvizhnoj-sostav\/elektrodizelpoezda\/zaschelka-zadvizhnoi-dveri-elektropoezd\/","og_site_name":"Darpol Bydgoszcz","og_image":[{"width":689,"height":516,"url":"https:\/\/darpol.bydgoszcz.pl\/wp-content\/uploads\/563-735-zatrzask-blokady-polozenia-drzwi-suwanych-przedzialu-sluzbowego-dl-o-16-030-00.jpg","type":"image\/jpeg"}],"twitter_card":"summary_large_image","schema":{"@context":"https:\/\/schema.org","@graph":[{"@type":"WebPage","@id":"https:\/\/darpol.bydgoszcz.pl\/ru\/predlagaet\/podvizhnoj-sostav\/elektrodizelpoezda\/zaschelka-zadvizhnoi-dveri-elektropoezd\/","url":"https:\/\/darpol.bydgoszcz.pl\/ru\/predlagaet\/podvizhnoj-sostav\/elektrodizelpoezda\/zaschelka-zadvizhnoi-dveri-elektropoezd\/","name":"\u0417\u0430\u0449\u0435\u043b\u043a\u0430 \u0431\u043b\u043e\u043a\u0438\u0440\u043e\u0432\u043a\u0438 \u0437\u0430\u0434\u0432\u0438\u0436\u043d\u043e\u0439 \u0434\u0432\u0435\u0440\u0438 \u0441\u043b\u0443\u0436\u0435\u0431\u043d\u043e\u0433\u043e \u043a\u0443\u043f\u0435 DL-O 16 030-00 - Darpol Bydgoszcz","isPartOf":{"@id":"https:\/\/darpol.bydgoszcz.pl\/#website"},"primaryImageOfPage":{"@id":"https:\/\/darpol.bydgoszcz.pl\/ru\/predlagaet\/podvizhnoj-sostav\/elektrodizelpoezda\/zaschelka-zadvizhnoi-dveri-elektropoezd\/#primaryimage"},"image":{"@id":"https:\/\/darpol.bydgoszcz.pl\/ru\/predlagaet\/podvizhnoj-sostav\/elektrodizelpoezda\/zaschelka-zadvizhnoi-dveri-elektropoezd\/#primaryimage"},"thumbnailUrl":"https:\/\/darpol.bydgoszcz.pl\/wp-content\/uploads\/563-735-zatrzask-blokady-polozenia-drzwi-suwanych-przedzialu-sluzbowego-dl-o-16-030-00.jpg","datePublished":"2013-03-06T13:16:23+00:00","dateModified":"2013-03-06T13:16:23+00:00","description":"\u0417\u0430\u0449\u0435\u043b\u043a\u0430 \u0431\u043b\u043e\u043a\u0438\u0440\u043e\u0432\u043a\u0438 \u0437\u0430\u0434\u0432\u0438\u0436\u043d\u043e\u0439 \u0434\u0432\u0435\u0440\u0438 \u0441\u043b\u0443\u0436\u0435\u0431\u043d\u043e\u0433\u043e \u043a\u0443\u043f\u0435 DL-O 16 030-00","breadcrumb":{"@id":"https:\/\/darpol.bydgoszcz.pl\/ru\/predlagaet\/podvizhnoj-sostav\/elektrodizelpoezda\/zaschelka-zadvizhnoi-dveri-elektropoezd\/#breadcrumb"},"inLanguage":"ru-RU","potentialAction":[{"@type":"ReadAction","target":["https:\/\/darpol.bydgoszcz.pl\/ru\/predlagaet\/podvizhnoj-sostav\/elektrodizelpoezda\/zaschelka-zadvizhnoi-dveri-elektropoezd\/"]}]},{"@type":"ImageObject","inLanguage":"ru-RU","@id":"https:\/\/darpol.bydgoszcz.pl\/ru\/predlagaet\/podvizhnoj-sostav\/elektrodizelpoezda\/zaschelka-zadvizhnoi-dveri-elektropoezd\/#primaryimage","url":"https:\/\/darpol.bydgoszcz.pl\/wp-content\/uploads\/563-735-zatrzask-blokady-polozenia-drzwi-suwanych-przedzialu-sluzbowego-dl-o-16-030-00.jpg","contentUrl":"https:\/\/darpol.bydgoszcz.pl\/wp-content\/uploads\/563-735-zatrzask-blokady-polozenia-drzwi-suwanych-przedzialu-sluzbowego-dl-o-16-030-00.jpg","width":689,"height":516,"caption":"Zatrzask blokady po\u0142o\u017cenia drzwi suwanych przedzia\u0142u s\u0142u\u017cbowego DL-O 16 030-00"},{"@type":"BreadcrumbList","@id":"https:\/\/darpol.bydgoszcz.pl\/ru\/predlagaet\/podvizhnoj-sostav\/elektrodizelpoezda\/zaschelka-zadvizhnoi-dveri-elektropoezd\/#breadcrumb","itemListElement":[{"@type":"ListItem","position":1,"name":"Strona g\u0142\u00f3wna","item":"https:\/\/darpol.bydgoszcz.pl\/ru\/"},{"@type":"ListItem","position":2,"name":"Oferta","item":"https:\/\/darpol.bydgoszcz.pl\/oferta\/"},{"@type":"ListItem","position":3,"name":"\u0417\u0430\u0449\u0435\u043b\u043a\u0430 \u0431\u043b\u043e\u043a\u0438\u0440\u043e\u0432\u043a\u0438 \u0437\u0430\u0434\u0432\u0438\u0436\u043d\u043e\u0439 \u0434\u0432\u0435\u0440\u0438 \u0441\u043b\u0443\u0436\u0435\u0431\u043d\u043e\u0433\u043e \u043a\u0443\u043f\u0435 DL-O 16 030-00"}]},{"@type":"WebSite","@id":"https:\/\/darpol.bydgoszcz.pl\/#website","url":"https:\/\/darpol.bydgoszcz.pl\/","name":"Darpol Bydgoszcz","description":"","potentialAction":[{"@type":"SearchAction","target":{"@type":"EntryPoint","urlTemplate":"https:\/\/darpol.bydgoszcz.pl\/?s={search_term_string}"},"query-input":"required name=search_term_string"}],"inLanguage":"ru-RU"}]}},"_links":{"self":[{"href":"https:\/\/darpol.bydgoszcz.pl\/ru\/wp-json\/wp\/v2\/product\/11785","targetHints":{"allow":["GET"]}}],"collection":[{"href":"https:\/\/darpol.bydgoszcz.pl\/ru\/wp-json\/wp\/v2\/product"}],"about":[{"href":"https:\/\/darpol.bydgoszcz.pl\/ru\/wp-json\/wp\/v2\/types\/product"}],"wp:featuredmedia":[{"embeddable":true,"href":"https:\/\/darpol.bydgoszcz.pl\/ru\/wp-json\/wp\/v2\/media\/11784"}],"wp:attachment":[{"href":"https:\/\/darpol.bydgoszcz.pl\/ru\/wp-json\/wp\/v2\/media?parent=11785"}],"wp:term":[{"taxonomy":"product_cat","embeddable":true,"href":"https:\/\/darpol.bydgoszcz.pl\/ru\/wp-json\/wp\/v2\/product_cat?post=11785"},{"taxonomy":"product_tag","embeddable":true,"href":"https:\/\/darpol.bydgoszcz.pl\/ru\/wp-json\/wp\/v2\/product_tag?post=11785"}],"curies":[{"name":"wp","href":"https:\/\/api.w.org\/{rel}","templated":true}]}}