{"id":11419,"date":"2013-03-06T13:20:42","date_gmt":"2013-03-06T12:20:42","guid":{"rendered":"http:\/\/darpol.bydgoszcz.pl\/sklep\/elektropoezda\/baza-modulia-kulachnogo-vala-elektropoezd\/"},"modified":"2013-03-06T13:20:42","modified_gmt":"2013-03-06T12:20:42","slug":"baza-modulia-kulachnogo-vala-elektropoezd","status":"publish","type":"product","link":"https:\/\/darpol.bydgoszcz.pl\/ru\/predlagaet\/podvizhnoj-sostav\/elektrodizelpoezda\/baza-modulia-kulachnogo-vala-elektropoezd\/","title":{"rendered":"\u0423\u043f\u0440\u0430\u0432\u043b\u044f\u044e\u0449\u0438\u0439 \u043c\u043e\u0434\u0443\u043b\u044c \u043a\u0443\u043b\u0430\u0447\u043d\u043e\u0433\u043e \u0432\u0430\u043b\u0430 (\u0431\u0430\u0437\u0430) &#8211; \u0441\u0442\u0430\u0440\u044b\u0439 \u0442\u0438\u043f  DL-O 10 030-50"},"content":{"rendered":"<div id=\"idTab1\">\n<p><span style=\"text-decoration: underline;\"><span style=\"color: #333333;\">\u0423\u043f\u043e\u0442\u0440\u0435\u0431\u043b\u0435\u043d\u0438\u0435:<\/span><\/span><\/p>\n<p><span style=\"color: #333333;\">\u043b\u043e\u043a\u043e\u043c\u043e\u0442\u0438\u0432\u044b, \u044d\u043b\u0435\u043a\u0442\u0440\u043e\u043f\u043e\u0435\u0437\u0434\u0430.<\/span><\/p>\n<\/p><\/div>\n<div style=\"clear:both\"><a href=\"javascript:window.print()\"><i class=\"fa fa-print\" aria-hidden=\"true\"><\/i> \u043f\u0435\u0447\u0430\u0442\u044c<\/a><\/div>","protected":false},"excerpt":{"rendered":"<p>\u0423\u043f\u043e\u0442\u0440\u0435\u0431\u043b\u0435\u043d\u0438\u0435: \u043b\u043e\u043a\u043e\u043c\u043e\u0442\u0438\u0432\u044b, \u044d\u043b\u0435\u043a\u0442\u0440\u043e\u043f\u043e\u0435\u0437\u0434\u0430. \u043f\u0435\u0447\u0430\u0442\u044c<\/p>\n","protected":false},"featured_media":11418,"template":"","meta":{"om_disable_all_campaigns":false,"_monsterinsights_skip_tracking":false,"_monsterinsights_sitenote_active":false,"_monsterinsights_sitenote_note":"","_monsterinsights_sitenote_category":0,"_uf_show_specific_survey":0,"_uf_disable_surveys":false},"product_cat":[335],"product_tag":[5291,1033,1032,5289,3288,525,5270,1022,641,4663,1020,5266,5285,1030,1031,5287,1024,5274,1021,5268,5167,969],"class_list":{"0":"post-11419","1":"product","2":"type-product","3":"status-publish","4":"has-post-thumbnail","6":"product_cat-elektrodizelpoezda","7":"product_tag-dl-0-10-030-50-ru","8":"product_tag-dl-0-10-030-50","9":"product_tag-dl-o-10-030-50","10":"product_tag-dl-o-10-030-50-ru","11":"product_tag-ezt-ru","12":"product_tag-ezt","13":"product_tag-kulakowy-ru","14":"product_tag-kulakowy","15":"product_tag-lokomotywy","16":"product_tag-lokomotywy-ru","17":"product_tag-modul","18":"product_tag-modul-ru","19":"product_tag-podstawa-ru","20":"product_tag-podstawa","21":"product_tag-stary","22":"product_tag-stary-ru","23":"product_tag-sterujacy","24":"product_tag-sterujacy-ru","25":"product_tag-wal","26":"product_tag-wal-ru","27":"product_tag-wal-kulakowy-ru","28":"product_tag-wal-kulakowy","30":"first","31":"instock","32":"shipping-taxable","33":"purchasable","34":"product-type-simple"},"yoast_head":"<!-- This site is optimized with the Yoast SEO plugin v23.0 - https:\/\/yoast.com\/wordpress\/plugins\/seo\/ -->\n<title>\u0423\u043f\u0440\u0430\u0432\u043b\u044f\u044e\u0449\u0438\u0439 \u043c\u043e\u0434\u0443\u043b\u044c \u043a\u0443\u043b\u0430\u0447\u043d\u043e\u0433\u043e \u0432\u0430\u043b\u0430 (\u0431\u0430\u0437\u0430) - \u0441\u0442\u0430\u0440\u044b\u0439 \u0442\u0438\u043f DL-O 10 030-50 - Darpol Bydgoszcz<\/title>\n<meta name=\"description\" content=\"\u0423\u043f\u0440\u0430\u0432\u043b\u044f\u044e\u0449\u0438\u0439 \u043c\u043e\u0434\u0443\u043b\u044c \u043a\u0443\u043b\u0430\u0447\u043d\u043e\u0433\u043e \u0432\u0430\u043b\u0430 (\u0431\u0430\u0437\u0430) - \u0441\u0442\u0430\u0440\u044b\u0439 \u0442\u0438\u043f DL-O 10 030-50\" \/>\n<meta name=\"robots\" content=\"index, follow, max-snippet:-1, max-image-preview:large, max-video-preview:-1\" \/>\n<link rel=\"canonical\" href=\"https:\/\/darpol.bydgoszcz.pl\/ru\/predlagaet\/podvizhnoj-sostav\/elektrodizelpoezda\/baza-modulia-kulachnogo-vala-elektropoezd\/\" \/>\n<meta property=\"og:locale\" content=\"ru_RU\" \/>\n<meta property=\"og:type\" content=\"article\" \/>\n<meta property=\"og:title\" content=\"\u0423\u043f\u0440\u0430\u0432\u043b\u044f\u044e\u0449\u0438\u0439 \u043c\u043e\u0434\u0443\u043b\u044c \u043a\u0443\u043b\u0430\u0447\u043d\u043e\u0433\u043e \u0432\u0430\u043b\u0430 (\u0431\u0430\u0437\u0430) - \u0441\u0442\u0430\u0440\u044b\u0439 \u0442\u0438\u043f DL-O 10 030-50 - Darpol Bydgoszcz\" \/>\n<meta property=\"og:description\" content=\"\u0423\u043f\u0440\u0430\u0432\u043b\u044f\u044e\u0449\u0438\u0439 \u043c\u043e\u0434\u0443\u043b\u044c \u043a\u0443\u043b\u0430\u0447\u043d\u043e\u0433\u043e \u0432\u0430\u043b\u0430 (\u0431\u0430\u0437\u0430) - \u0441\u0442\u0430\u0440\u044b\u0439 \u0442\u0438\u043f DL-O 10 030-50\" \/>\n<meta property=\"og:url\" content=\"https:\/\/darpol.bydgoszcz.pl\/ru\/predlagaet\/podvizhnoj-sostav\/elektrodizelpoezda\/baza-modulia-kulachnogo-vala-elektropoezd\/\" \/>\n<meta property=\"og:site_name\" content=\"Darpol Bydgoszcz\" \/>\n<meta property=\"og:image\" content=\"https:\/\/darpol.bydgoszcz.pl\/wp-content\/uploads\/533-704-modul-sterujacy-walu-kulakowego-podstawa-stary-typ-dl-o-10-030-50.jpg\" \/>\n\t<meta property=\"og:image:width\" content=\"448\" \/>\n\t<meta property=\"og:image:height\" content=\"192\" \/>\n\t<meta property=\"og:image:type\" content=\"image\/jpeg\" \/>\n<meta name=\"twitter:card\" content=\"summary_large_image\" \/>\n<script type=\"application\/ld+json\" class=\"yoast-schema-graph\">{\"@context\":\"https:\/\/schema.org\",\"@graph\":[{\"@type\":\"WebPage\",\"@id\":\"https:\/\/darpol.bydgoszcz.pl\/ru\/predlagaet\/podvizhnoj-sostav\/elektrodizelpoezda\/baza-modulia-kulachnogo-vala-elektropoezd\/\",\"url\":\"https:\/\/darpol.bydgoszcz.pl\/ru\/predlagaet\/podvizhnoj-sostav\/elektrodizelpoezda\/baza-modulia-kulachnogo-vala-elektropoezd\/\",\"name\":\"\u0423\u043f\u0440\u0430\u0432\u043b\u044f\u044e\u0449\u0438\u0439 \u043c\u043e\u0434\u0443\u043b\u044c \u043a\u0443\u043b\u0430\u0447\u043d\u043e\u0433\u043e \u0432\u0430\u043b\u0430 (\u0431\u0430\u0437\u0430) - \u0441\u0442\u0430\u0440\u044b\u0439 \u0442\u0438\u043f DL-O 10 030-50 - Darpol Bydgoszcz\",\"isPartOf\":{\"@id\":\"https:\/\/darpol.bydgoszcz.pl\/#website\"},\"primaryImageOfPage\":{\"@id\":\"https:\/\/darpol.bydgoszcz.pl\/ru\/predlagaet\/podvizhnoj-sostav\/elektrodizelpoezda\/baza-modulia-kulachnogo-vala-elektropoezd\/#primaryimage\"},\"image\":{\"@id\":\"https:\/\/darpol.bydgoszcz.pl\/ru\/predlagaet\/podvizhnoj-sostav\/elektrodizelpoezda\/baza-modulia-kulachnogo-vala-elektropoezd\/#primaryimage\"},\"thumbnailUrl\":\"https:\/\/darpol.bydgoszcz.pl\/wp-content\/uploads\/533-704-modul-sterujacy-walu-kulakowego-podstawa-stary-typ-dl-o-10-030-50.jpg\",\"datePublished\":\"2013-03-06T12:20:42+00:00\",\"dateModified\":\"2013-03-06T12:20:42+00:00\",\"description\":\"\u0423\u043f\u0440\u0430\u0432\u043b\u044f\u044e\u0449\u0438\u0439 \u043c\u043e\u0434\u0443\u043b\u044c \u043a\u0443\u043b\u0430\u0447\u043d\u043e\u0433\u043e \u0432\u0430\u043b\u0430 (\u0431\u0430\u0437\u0430) - \u0441\u0442\u0430\u0440\u044b\u0439 \u0442\u0438\u043f DL-O 10 030-50\",\"breadcrumb\":{\"@id\":\"https:\/\/darpol.bydgoszcz.pl\/ru\/predlagaet\/podvizhnoj-sostav\/elektrodizelpoezda\/baza-modulia-kulachnogo-vala-elektropoezd\/#breadcrumb\"},\"inLanguage\":\"ru-RU\",\"potentialAction\":[{\"@type\":\"ReadAction\",\"target\":[\"https:\/\/darpol.bydgoszcz.pl\/ru\/predlagaet\/podvizhnoj-sostav\/elektrodizelpoezda\/baza-modulia-kulachnogo-vala-elektropoezd\/\"]}]},{\"@type\":\"ImageObject\",\"inLanguage\":\"ru-RU\",\"@id\":\"https:\/\/darpol.bydgoszcz.pl\/ru\/predlagaet\/podvizhnoj-sostav\/elektrodizelpoezda\/baza-modulia-kulachnogo-vala-elektropoezd\/#primaryimage\",\"url\":\"https:\/\/darpol.bydgoszcz.pl\/wp-content\/uploads\/533-704-modul-sterujacy-walu-kulakowego-podstawa-stary-typ-dl-o-10-030-50.jpg\",\"contentUrl\":\"https:\/\/darpol.bydgoszcz.pl\/wp-content\/uploads\/533-704-modul-sterujacy-walu-kulakowego-podstawa-stary-typ-dl-o-10-030-50.jpg\",\"width\":448,\"height\":192,\"caption\":\"Modu\u0142 steruj\u0105cy wa\u0142u ku\u0142akowego (podstawa) - stary typ DL-O 10 030-50\"},{\"@type\":\"BreadcrumbList\",\"@id\":\"https:\/\/darpol.bydgoszcz.pl\/ru\/predlagaet\/podvizhnoj-sostav\/elektrodizelpoezda\/baza-modulia-kulachnogo-vala-elektropoezd\/#breadcrumb\",\"itemListElement\":[{\"@type\":\"ListItem\",\"position\":1,\"name\":\"Strona g\u0142\u00f3wna\",\"item\":\"https:\/\/darpol.bydgoszcz.pl\/ru\/\"},{\"@type\":\"ListItem\",\"position\":2,\"name\":\"Oferta\",\"item\":\"https:\/\/darpol.bydgoszcz.pl\/oferta\/\"},{\"@type\":\"ListItem\",\"position\":3,\"name\":\"\u0423\u043f\u0440\u0430\u0432\u043b\u044f\u044e\u0449\u0438\u0439 \u043c\u043e\u0434\u0443\u043b\u044c \u043a\u0443\u043b\u0430\u0447\u043d\u043e\u0433\u043e \u0432\u0430\u043b\u0430 (\u0431\u0430\u0437\u0430) &#8211; \u0441\u0442\u0430\u0440\u044b\u0439 \u0442\u0438\u043f DL-O 10 030-50\"}]},{\"@type\":\"WebSite\",\"@id\":\"https:\/\/darpol.bydgoszcz.pl\/#website\",\"url\":\"https:\/\/darpol.bydgoszcz.pl\/\",\"name\":\"Darpol Bydgoszcz\",\"description\":\"\",\"potentialAction\":[{\"@type\":\"SearchAction\",\"target\":{\"@type\":\"EntryPoint\",\"urlTemplate\":\"https:\/\/darpol.bydgoszcz.pl\/?s={search_term_string}\"},\"query-input\":\"required name=search_term_string\"}],\"inLanguage\":\"ru-RU\"}]}<\/script>\n<!-- \/ Yoast SEO plugin. -->","yoast_head_json":{"title":"\u0423\u043f\u0440\u0430\u0432\u043b\u044f\u044e\u0449\u0438\u0439 \u043c\u043e\u0434\u0443\u043b\u044c \u043a\u0443\u043b\u0430\u0447\u043d\u043e\u0433\u043e \u0432\u0430\u043b\u0430 (\u0431\u0430\u0437\u0430) - \u0441\u0442\u0430\u0440\u044b\u0439 \u0442\u0438\u043f DL-O 10 030-50 - Darpol Bydgoszcz","description":"\u0423\u043f\u0440\u0430\u0432\u043b\u044f\u044e\u0449\u0438\u0439 \u043c\u043e\u0434\u0443\u043b\u044c \u043a\u0443\u043b\u0430\u0447\u043d\u043e\u0433\u043e \u0432\u0430\u043b\u0430 (\u0431\u0430\u0437\u0430) - \u0441\u0442\u0430\u0440\u044b\u0439 \u0442\u0438\u043f DL-O 10 030-50","robots":{"index":"index","follow":"follow","max-snippet":"max-snippet:-1","max-image-preview":"max-image-preview:large","max-video-preview":"max-video-preview:-1"},"canonical":"https:\/\/darpol.bydgoszcz.pl\/ru\/predlagaet\/podvizhnoj-sostav\/elektrodizelpoezda\/baza-modulia-kulachnogo-vala-elektropoezd\/","og_locale":"ru_RU","og_type":"article","og_title":"\u0423\u043f\u0440\u0430\u0432\u043b\u044f\u044e\u0449\u0438\u0439 \u043c\u043e\u0434\u0443\u043b\u044c \u043a\u0443\u043b\u0430\u0447\u043d\u043e\u0433\u043e \u0432\u0430\u043b\u0430 (\u0431\u0430\u0437\u0430) - \u0441\u0442\u0430\u0440\u044b\u0439 \u0442\u0438\u043f DL-O 10 030-50 - Darpol Bydgoszcz","og_description":"\u0423\u043f\u0440\u0430\u0432\u043b\u044f\u044e\u0449\u0438\u0439 \u043c\u043e\u0434\u0443\u043b\u044c \u043a\u0443\u043b\u0430\u0447\u043d\u043e\u0433\u043e \u0432\u0430\u043b\u0430 (\u0431\u0430\u0437\u0430) - \u0441\u0442\u0430\u0440\u044b\u0439 \u0442\u0438\u043f DL-O 10 030-50","og_url":"https:\/\/darpol.bydgoszcz.pl\/ru\/predlagaet\/podvizhnoj-sostav\/elektrodizelpoezda\/baza-modulia-kulachnogo-vala-elektropoezd\/","og_site_name":"Darpol Bydgoszcz","og_image":[{"width":448,"height":192,"url":"https:\/\/darpol.bydgoszcz.pl\/wp-content\/uploads\/533-704-modul-sterujacy-walu-kulakowego-podstawa-stary-typ-dl-o-10-030-50.jpg","type":"image\/jpeg"}],"twitter_card":"summary_large_image","schema":{"@context":"https:\/\/schema.org","@graph":[{"@type":"WebPage","@id":"https:\/\/darpol.bydgoszcz.pl\/ru\/predlagaet\/podvizhnoj-sostav\/elektrodizelpoezda\/baza-modulia-kulachnogo-vala-elektropoezd\/","url":"https:\/\/darpol.bydgoszcz.pl\/ru\/predlagaet\/podvizhnoj-sostav\/elektrodizelpoezda\/baza-modulia-kulachnogo-vala-elektropoezd\/","name":"\u0423\u043f\u0440\u0430\u0432\u043b\u044f\u044e\u0449\u0438\u0439 \u043c\u043e\u0434\u0443\u043b\u044c \u043a\u0443\u043b\u0430\u0447\u043d\u043e\u0433\u043e \u0432\u0430\u043b\u0430 (\u0431\u0430\u0437\u0430) - \u0441\u0442\u0430\u0440\u044b\u0439 \u0442\u0438\u043f DL-O 10 030-50 - Darpol Bydgoszcz","isPartOf":{"@id":"https:\/\/darpol.bydgoszcz.pl\/#website"},"primaryImageOfPage":{"@id":"https:\/\/darpol.bydgoszcz.pl\/ru\/predlagaet\/podvizhnoj-sostav\/elektrodizelpoezda\/baza-modulia-kulachnogo-vala-elektropoezd\/#primaryimage"},"image":{"@id":"https:\/\/darpol.bydgoszcz.pl\/ru\/predlagaet\/podvizhnoj-sostav\/elektrodizelpoezda\/baza-modulia-kulachnogo-vala-elektropoezd\/#primaryimage"},"thumbnailUrl":"https:\/\/darpol.bydgoszcz.pl\/wp-content\/uploads\/533-704-modul-sterujacy-walu-kulakowego-podstawa-stary-typ-dl-o-10-030-50.jpg","datePublished":"2013-03-06T12:20:42+00:00","dateModified":"2013-03-06T12:20:42+00:00","description":"\u0423\u043f\u0440\u0430\u0432\u043b\u044f\u044e\u0449\u0438\u0439 \u043c\u043e\u0434\u0443\u043b\u044c \u043a\u0443\u043b\u0430\u0447\u043d\u043e\u0433\u043e \u0432\u0430\u043b\u0430 (\u0431\u0430\u0437\u0430) - \u0441\u0442\u0430\u0440\u044b\u0439 \u0442\u0438\u043f DL-O 10 030-50","breadcrumb":{"@id":"https:\/\/darpol.bydgoszcz.pl\/ru\/predlagaet\/podvizhnoj-sostav\/elektrodizelpoezda\/baza-modulia-kulachnogo-vala-elektropoezd\/#breadcrumb"},"inLanguage":"ru-RU","potentialAction":[{"@type":"ReadAction","target":["https:\/\/darpol.bydgoszcz.pl\/ru\/predlagaet\/podvizhnoj-sostav\/elektrodizelpoezda\/baza-modulia-kulachnogo-vala-elektropoezd\/"]}]},{"@type":"ImageObject","inLanguage":"ru-RU","@id":"https:\/\/darpol.bydgoszcz.pl\/ru\/predlagaet\/podvizhnoj-sostav\/elektrodizelpoezda\/baza-modulia-kulachnogo-vala-elektropoezd\/#primaryimage","url":"https:\/\/darpol.bydgoszcz.pl\/wp-content\/uploads\/533-704-modul-sterujacy-walu-kulakowego-podstawa-stary-typ-dl-o-10-030-50.jpg","contentUrl":"https:\/\/darpol.bydgoszcz.pl\/wp-content\/uploads\/533-704-modul-sterujacy-walu-kulakowego-podstawa-stary-typ-dl-o-10-030-50.jpg","width":448,"height":192,"caption":"Modu\u0142 steruj\u0105cy wa\u0142u ku\u0142akowego (podstawa) - stary typ DL-O 10 030-50"},{"@type":"BreadcrumbList","@id":"https:\/\/darpol.bydgoszcz.pl\/ru\/predlagaet\/podvizhnoj-sostav\/elektrodizelpoezda\/baza-modulia-kulachnogo-vala-elektropoezd\/#breadcrumb","itemListElement":[{"@type":"ListItem","position":1,"name":"Strona g\u0142\u00f3wna","item":"https:\/\/darpol.bydgoszcz.pl\/ru\/"},{"@type":"ListItem","position":2,"name":"Oferta","item":"https:\/\/darpol.bydgoszcz.pl\/oferta\/"},{"@type":"ListItem","position":3,"name":"\u0423\u043f\u0440\u0430\u0432\u043b\u044f\u044e\u0449\u0438\u0439 \u043c\u043e\u0434\u0443\u043b\u044c \u043a\u0443\u043b\u0430\u0447\u043d\u043e\u0433\u043e \u0432\u0430\u043b\u0430 (\u0431\u0430\u0437\u0430) &#8211; \u0441\u0442\u0430\u0440\u044b\u0439 \u0442\u0438\u043f DL-O 10 030-50"}]},{"@type":"WebSite","@id":"https:\/\/darpol.bydgoszcz.pl\/#website","url":"https:\/\/darpol.bydgoszcz.pl\/","name":"Darpol Bydgoszcz","description":"","potentialAction":[{"@type":"SearchAction","target":{"@type":"EntryPoint","urlTemplate":"https:\/\/darpol.bydgoszcz.pl\/?s={search_term_string}"},"query-input":"required name=search_term_string"}],"inLanguage":"ru-RU"}]}},"_links":{"self":[{"href":"https:\/\/darpol.bydgoszcz.pl\/ru\/wp-json\/wp\/v2\/product\/11419","targetHints":{"allow":["GET"]}}],"collection":[{"href":"https:\/\/darpol.bydgoszcz.pl\/ru\/wp-json\/wp\/v2\/product"}],"about":[{"href":"https:\/\/darpol.bydgoszcz.pl\/ru\/wp-json\/wp\/v2\/types\/product"}],"wp:featuredmedia":[{"embeddable":true,"href":"https:\/\/darpol.bydgoszcz.pl\/ru\/wp-json\/wp\/v2\/media\/11418"}],"wp:attachment":[{"href":"https:\/\/darpol.bydgoszcz.pl\/ru\/wp-json\/wp\/v2\/media?parent=11419"}],"wp:term":[{"taxonomy":"product_cat","embeddable":true,"href":"https:\/\/darpol.bydgoszcz.pl\/ru\/wp-json\/wp\/v2\/product_cat?post=11419"},{"taxonomy":"product_tag","embeddable":true,"href":"https:\/\/darpol.bydgoszcz.pl\/ru\/wp-json\/wp\/v2\/product_tag?post=11419"}],"curies":[{"name":"wp","href":"https:\/\/api.w.org\/{rel}","templated":true}]}}