{"id":10855,"date":"2013-03-06T11:50:21","date_gmt":"2013-03-06T10:50:21","guid":{"rendered":"http:\/\/darpol.bydgoszcz.pl\/sklep\/elektropoezda\/kljuchi-provadnika-raznye-tipy\/"},"modified":"2013-03-06T11:50:21","modified_gmt":"2013-03-06T10:50:21","slug":"kljuchi-provadnika-raznye-tipy","status":"publish","type":"product","link":"https:\/\/darpol.bydgoszcz.pl\/ru\/predlagaet\/podvizhnoj-sostav\/elektrodizelpoezda\/kljuchi-provadnika-raznye-tipy\/","title":{"rendered":"\u041a\u043b\u044e\u0447\u0438 \u043f\u0440\u043e\u0432\u043e\u0434\u043d\u0438\u043a\u0430 &#8211; \u0440\u0430\u0437\u043d\u044b\u0435 \u0432\u0438\u0434\u044b"},"content":{"rendered":"<div id=\"idTab1\">\n<p><span style=\"color: #333333;\"><span style=\"font-size: 8pt;\">\u041f\u0440\u0435\u0434\u043b\u0430\u0433\u0430\u0435\u043c \u0431\u043e\u043b\u044c\u0448\u043e\u0435 \u043a\u043e\u043b\u0438\u0447\u0435\u0441\u0442\u0432\u043e \u0440\u0430\u0437\u043d\u044b\u0445 \u0432\u0438\u0434\u043e\u0432 \u043a\u043b\u044e\u0447\u0435\u0439 \u043f\u0440\u043e\u0432\u043e\u0434\u043d\u0438\u043a\u0430 \u0441 2 \u0438\u043b\u0438 3 \u0433\u043e\u043b\u043e\u0432\u043a\u0430\u043c\u0438, \u043d\u0430\u043f\u0440\u0438\u043c\u0435\u0440:<\/span><\/span><\/p>\n<p><span style=\"color: #333333;\"> <\/span><\/p>\n<p><span style=\"color: #333333;\"><span style=\"font-size: 8pt;\"><br \/><\/span><\/span><\/p>\n<p><span style=\"color: #333333;\"> <\/span><\/p>\n<p><span style=\"color: #333333;\"><span style=\"font-size: 8pt;\">&#8211; <strong>\u0422\u0418\u041f &#8220;A&#8221;<\/strong> \u0423\u0421\u0418\u041b\u0415\u041d\u041d\u042b\u0419 (\u043a\u0432\u0430\u0434\u0440\u0430\u0442 \u0432\u043d\u0443\u0442\u0440\u0435\u043d\u043d\u0438\u0439 + \u043a\u0432\u0430\u0434\u0440\u0430\u0442 \u0432\u043d\u0435\u0448\u043d\u0438\u0439) &#8211; \u0441\u0438\u043c\u0432\u043e\u043b DL-O 17 032-00<\/span><\/span><\/p>\n<p><span style=\"color: #333333;\"> <\/span><\/p>\n<p><span style=\"color: #333333;\"><span style=\"font-size: 8pt;\">&#8211;&nbsp;<\/span><\/span><span style=\"color: #333333;\"><span style=\"font-size: 8pt;\"><strong>\u0422\u0418\u041f<\/strong><\/span><\/span><span style=\"color: #333333;\"><span style=\"font-size: 8pt;\"><strong> &#8220;B&#8221;<\/strong> \u0414\u0412\u041e\u0419\u041d\u041e\u0419 (<\/span><\/span><span style=\"color: #333333;\"><span style=\"font-size: 8pt;\">\u043a\u0432\u0430\u0434\u0440\u0430\u0442 \u0432\u043d\u0443\u0442\u0440\u0435\u043d\u043d\u0438\u0439 + \u043a\u0432\u0430\u0434\u0440\u0430\u0442 \u0432\u043d\u0435\u0448\u043d\u0438\u0439<\/span><\/span><span style=\"color: #333333;\"><span style=\"font-size: 8pt;\">) &#8211; <\/span><\/span><span style=\"color: #333333;\"><span style=\"font-size: 8pt;\">\u0441\u0438\u043c\u0432\u043e\u043b<\/span><\/span><span style=\"color: #333333;\"><span style=\"font-size: 8pt;\"> DL-O 17 029-00<\/span><\/span><\/p>\n<p><span style=\"color: #333333;\"> <\/span><\/p>\n<p><span style=\"color: #333333;\"><span style=\"font-size: 8pt;\">&#8211;&nbsp;<\/span><\/span><span style=\"color: #333333;\"><span style=\"font-size: 8pt;\"><strong>\u0422\u0418\u041f<\/strong><\/span><\/span><span style=\"color: #333333;\"><span style=\"font-size: 8pt;\"><strong> &#8220;B&#8221; <\/strong><strong>\u0423\u0414\u041b\u0418\u041d\u0415\u041d\u041d\u042b\u0419<\/strong><strong> <\/strong><\/span><\/span><span style=\"color: #333333;\"><span style=\"font-size: 8pt;\">\u0414\u0412\u041e\u0419\u041d\u041e\u0419<\/span><\/span><span style=\"color: #333333;\"><span style=\"font-size: 8pt;\"> (<\/span><\/span><span style=\"color: #333333;\"><span style=\"font-size: 8pt;\">\u043a\u0432\u0430\u0434\u0440\u0430\u0442 \u0432\u043d\u0443\u0442\u0440\u0435\u043d\u043d\u0438\u0439 + \u043a\u0432\u0430\u0434\u0440\u0430\u0442 \u0432\u043d\u0435\u0448\u043d\u0438\u0439<\/span><\/span><span style=\"color: #333333;\"><span style=\"font-size: 8pt;\">) &#8211; <\/span><\/span><span style=\"color: #333333;\"><span style=\"font-size: 8pt;\">\u0441\u0438\u043c\u0432\u043e\u043b<\/span><\/span><span style=\"color: #333333;\">&nbsp;<\/span><span style=\"color: #333333;\"><span style=\"font-size: 8pt;\"> DL-O 17 029-02<\/span><\/span><\/p>\n<p><span style=\"color: #333333;\"> <\/span><\/p>\n<p><span style=\"color: #333333;\"><span style=\"font-size: 8pt;\">&#8211;&nbsp;<\/span><\/span><span style=\"color: #333333;\"><span style=\"font-size: 8pt;\"><strong>\u0422\u0418\u041f<\/strong><\/span><\/span><span style=\"color: #333333;\"><span style=\"font-size: 8pt;\"><strong> &#8220;C&#8221;<\/strong> \u0422\u0420\u0418 \u0413\u041e\u041b\u041e\u0412\u041a\u0418 (\u0432\u043e\u0437\u043d\u043e\u0436\u043d\u044b\u0435 \u0440\u0430\u0437\u043d\u044b\u0435 \u0432\u0438\u0434\u0443 \u0433\u043e\u043b\u043e\u0432\u043e\u043a) &#8211; <\/span><\/span><span style=\"color: #333333;\">&nbsp;<\/span><span style=\"color: #333333;\"><span style=\"font-size: 8pt;\">\u0441\u0438\u043c\u0432\u043e\u043b<\/span><\/span><span style=\"color: #333333;\"><span style=\"font-size: 8pt;\"> <\/span><\/span><span style=\"color: #333333;\"><span style=\"font-size: 8pt;\"> DL-O 17 030-00<\/span><\/span><\/p>\n<p><span style=\"color: #333333;\"> <\/span><\/p>\n<p><span style=\"color: #333333;\"><span style=\"font-size: 8pt;\">&#8211;&nbsp;<\/span><\/span><span style=\"color: #333333;\"><span style=\"font-size: 8pt;\"><strong>\u0422\u0418\u041f<\/strong><\/span><\/span><span style=\"color: #333333;\"><span style=\"font-size: 8pt;\"><strong> &#8220;D&#8221;<\/strong> <\/span><\/span><span style=\"color: #333333;\"><span style=\"font-size: 8pt;\">\u0414\u0412\u041e\u0419\u041d\u041e\u0419 \u0421 \u041e\u0427\u041a\u041e\u041c \u0414\u041b\u042f \u041f\u041e\u0414\u0412\u0415\u0428\u041a\u0418<\/span><\/span><span style=\"color: #333333;\"><span style=\"font-size: 8pt;\"> Z OCZKIEM DO ZAWIESZENIA (<\/span><\/span><span style=\"color: #333333;\"><span style=\"font-size: 8pt;\">\u043a\u0432\u0430\u0434\u0440\u0430\u0442 \u0432\u043d\u0443\u0442\u0440\u0435\u043d\u043d\u0438\u0439 <\/span><\/span><span style=\"color: #333333;\"><span style=\"font-size: 8pt;\"> + <\/span><\/span><span style=\"color: #333333;\">\u0441\u0443\u0432\u0430\u043b\u044c\u0434\u043d\u044b\u0439 \u043a\u043b\u044e\u0447<\/span><span style=\"color: #333333;\"><span style=\"font-size: 8pt;\">) &#8211; <\/span><\/span><span style=\"color: #333333;\">&nbsp;<\/span><span style=\"color: #333333;\"><span style=\"font-size: 8pt;\">\u0441\u0438\u043c\u0432\u043e\u043b<\/span><\/span><span style=\"color: #333333;\"><span style=\"font-size: 8pt;\"> <\/span><\/span><span style=\"color: #333333;\"><span style=\"font-size: 8pt;\"> DL-O 17 031-00<\/span><\/span><\/p>\n<p><span style=\"color: #333333;\"> <\/span><\/p>\n<p><span style=\"color: #333333;\"><span style=\"font-size: 8pt;\">&#8211;&nbsp;<\/span><\/span><span style=\"color: #333333;\"><span style=\"font-size: 8pt;\"><strong>\u0422\u0418\u041f<\/strong><\/span><\/span><span style=\"color: #333333;\"><span style=\"font-size: 8pt;\"><strong> &#8220;D &#8211; \u0411\u0410\u0411\u041e\u0427\u041a\u0410&#8221;<\/strong> <\/span><\/span><span style=\"color: #333333;\"><span style=\"font-size: 8pt;\">\u0414\u0412\u041e\u0419\u041d\u041e\u0419 \u0421 \u041e\u0427\u041a\u041e\u041c \u0414\u041b\u042f \u041f\u041e\u0414\u0412\u0415\u0428\u041a\u0418<\/span><\/span><span style=\"color: #333333;\"><span style=\"font-size: 8pt;\"> (<\/span><\/span><span style=\"color: #333333;\">&nbsp;<\/span><span style=\"color: #333333;\"><span style=\"font-size: 8pt;\">\u043a\u0432\u0430\u0434\u0440\u0430\u0442 \u0432\u043d\u0443\u0442\u0440\u0435\u043d\u043d\u0438\u0439<\/span><\/span><span style=\"color: #333333;\"><span style=\"font-size: 8pt;\"> + &#8220;\u0431\u0430\u0431\u043e\u0447\u043a\u0430&#8221;) &#8211; <\/span><\/span><span style=\"color: #333333;\">&nbsp;<\/span><span style=\"color: #333333;\"><span style=\"font-size: 8pt;\">\u0441\u0438\u043c\u0432\u043e\u043b<\/span><\/span><span style=\"color: #333333;\"><span style=\"font-size: 8pt;\"> <\/span><\/span><span style=\"color: #333333;\"><span style=\"font-size: 8pt;\"> DL-O 17 031-01<\/span><\/span><\/p>\n<p><span style=\"color: #333333;\"> <\/span><\/p>\n<p><span style=\"color: #333333;\"><span style=\"font-size: 8pt;\">&#8211;&nbsp;<\/span><\/span><span style=\"color: #333333;\"><span style=\"font-size: 8pt;\"><strong>\u0422\u0418\u041f<\/strong><\/span><\/span><span style=\"color: #333333;\"><span style=\"font-size: 8pt;\"><strong> &#8220;E&#8221;<\/strong> <\/span><\/span><span style=\"color: #333333;\"><span style=\"font-size: 8pt;\">\u0414\u0412\u041e\u0419\u041d\u041e\u0419<\/span><\/span><span style=\"color: #333333;\"><span style=\"font-size: 8pt;\"> (<\/span><\/span><span style=\"color: #333333;\">&nbsp;<\/span><span style=\"color: #333333;\"><span style=\"font-size: 8pt;\">\u043a\u0432\u0430\u0434\u0440\u0430\u0442 \u0432\u043d\u0443\u0442\u0440\u0435\u043d\u043d\u0438\u0439<\/span><\/span><span style=\"color: #333333;\"><span style=\"font-size: 8pt;\"> + <\/span><\/span><span style=\"color: #333333;\">&nbsp;<\/span><span style=\"color: #333333;\"><span style=\"font-size: 8pt;\">\u0442\u0440\u0435\u0443\u0433\u043e\u043b\u044c\u043d\u0438\u043a \u0432\u043d\u0443\u0442\u0440\u0435\u043d\u043d\u0438\u0439<\/span><\/span><span style=\"color: #333333;\"><span style=\"font-size: 8pt;\">) &#8211; <\/span><\/span><span style=\"color: #333333;\">&nbsp;<\/span><span style=\"color: #333333;\"><span style=\"font-size: 8pt;\">\u0441\u0438\u043c\u0432\u043e\u043b<\/span><\/span><span style=\"color: #333333;\"><span style=\"font-size: 8pt;\"> <\/span><\/span><span style=\"color: #333333;\"><span style=\"font-size: 8pt;\"> DL-O 17 031-02<\/span><\/span><\/p>\n<p><span style=\"color: #333333;\"> <\/span><\/p>\n<p>&nbsp;<\/p>\n<p><span style=\"color: #333333;\"><span style=\"font-size: 8pt;\"><a title=\"\u041a\u043b\u044e\u0447\u0438 \u043f\u0440\u0432\u0430\u0434\u043d\u0438\u043a\u0430 - \u043f\u043e\u0434\u0440\u043e\u0431\u043d\u0435\u0435\" href=\"http:\/\/www.darpol.bydgoszcz.pl\/37-kluchi-i-molotki\" target=\"_blank\"><em><span style=\"text-decoration: underline;\">\u0414\u043e\u043f\u043e\u043b\u043d\u0438\u0442\u0435\u043b\u044c\u043d\u0430\u044f \u0438\u043d\u0444\u043e\u0440\u043c\u0430\u0446\u0438\u044f<\/span><\/em><\/a><br \/><\/span><\/span><\/p>\n<p><span style=\"color: #333333;\"> <\/span><\/p>\n<p>&nbsp;<\/p>\n<\/p><\/div>\n<div style=\"clear:both\"><a href=\"javascript:window.print()\"><i class=\"fa fa-print\" aria-hidden=\"true\"><\/i> \u043f\u0435\u0447\u0430\u0442\u044c<\/a><\/div>","protected":false},"excerpt":{"rendered":"<p>\u041f\u0440\u0435\u0434\u043b\u0430\u0433\u0430\u0435\u043c \u0431\u043e\u043b\u044c\u0448\u043e\u0435 \u043a\u043e\u043b\u0438\u0447\u0435\u0441\u0442\u0432\u043e \u0440\u0430\u0437\u043d\u044b\u0445 \u0432\u0438\u0434\u043e\u0432 \u043a\u043b\u044e\u0447\u0435\u0439 \u043f\u0440\u043e\u0432\u043e\u0434\u043d\u0438\u043a\u0430 \u0441 2 \u0438\u043b\u0438 3 \u0433\u043e\u043b\u043e\u0432\u043a\u0430\u043c\u0438, \u043d\u0430\u043f\u0440\u0438\u043c\u0435\u0440: &#8211; \u0422\u0418\u041f &#8220;A&#8221; \u0423\u0421\u0418\u041b\u0415\u041d\u041d\u042b\u0419 (\u043a\u0432\u0430\u0434\u0440\u0430\u0442 \u0432\u043d\u0443\u0442\u0440\u0435\u043d\u043d\u0438\u0439 + \u043a\u0432\u0430\u0434\u0440\u0430\u0442 \u0432\u043d\u0435\u0448\u043d\u0438\u0439) &#8211; \u0441\u0438\u043c\u0432\u043e\u043b DL-O 17 032-00 &#8211;&nbsp;\u0422\u0418\u041f &#8220;B&#8221; \u0414\u0412\u041e\u0419\u041d\u041e\u0419 (\u043a\u0432\u0430\u0434\u0440\u0430\u0442 \u0432\u043d\u0443\u0442\u0440\u0435\u043d\u043d\u0438\u0439 + \u043a\u0432\u0430\u0434\u0440\u0430\u0442 \u0432\u043d\u0435\u0448\u043d\u0438\u0439) &#8211; \u0441\u0438\u043c\u0432\u043e\u043b DL-O 17 029-00 &#8211;&nbsp;\u0422\u0418\u041f &#8220;B&#8221; \u0423\u0414\u041b\u0418\u041d\u0415\u041d\u041d\u042b\u0419 \u0414\u0412\u041e\u0419\u041d\u041e\u0419 (\u043a\u0432\u0430\u0434\u0440\u0430\u0442 \u0432\u043d\u0443\u0442\u0440\u0435\u043d\u043d\u0438\u0439 + \u043a\u0432\u0430\u0434\u0440\u0430\u0442 \u0432\u043d\u0435\u0448\u043d\u0438\u0439) &#8211; \u0441\u0438\u043c\u0432\u043e\u043b&nbsp; DL-O 17 029-02 &#8211;&nbsp;\u0422\u0418\u041f &hellip;<\/p>\n","protected":false},"featured_media":10848,"template":"","meta":{"om_disable_all_campaigns":false,"_monsterinsights_skip_tracking":false,"_monsterinsights_sitenote_active":false,"_monsterinsights_sitenote_note":"","_monsterinsights_sitenote_category":0,"_uf_show_specific_survey":0,"_uf_disable_surveys":false},"product_cat":[335],"product_tag":[5901,1401,5903,1402,525,1396,5893,1397,477,5897,1399,1398,5895,805,1602,6218,5899,1400,451,804,431],"class_list":{"0":"post-10855","1":"product","2":"type-product","3":"status-publish","4":"has-post-thumbnail","6":"product_cat-elektrodizelpoezda","7":"product_tag-do-skrzynek-ru","8":"product_tag-do-skrzynek","9":"product_tag-elektrycznych-ru","10":"product_tag-elektrycznych","11":"product_tag-ezt","12":"product_tag-klucz","13":"product_tag-klucz-konduktorski-ru","14":"product_tag-klucz-konduktorski","15":"product_tag-kolej","16":"product_tag-konduktor-ru","17":"product_tag-konduktor","18":"product_tag-konduktorski","19":"product_tag-konduktorski-ru","20":"product_tag-kwadrat","21":"product_tag-motylek","22":"product_tag-motylek-ru","23":"product_tag-piorko-ru","24":"product_tag-piorko","25":"product_tag-pkp","26":"product_tag-trojkat","27":"product_tag-wagony","29":"first","30":"instock","31":"shipping-taxable","32":"purchasable","33":"product-type-simple"},"yoast_head":"<!-- This site is optimized with the Yoast SEO plugin v23.0 - https:\/\/yoast.com\/wordpress\/plugins\/seo\/ -->\n<title>\u041a\u043b\u044e\u0447\u0438 \u043f\u0440\u043e\u0432\u043e\u0434\u043d\u0438\u043a\u0430 - \u0440\u0430\u0437\u043d\u044b\u0435 \u0432\u0438\u0434\u044b - Darpol Bydgoszcz<\/title>\n<meta name=\"description\" content=\"\u041a\u043b\u044e\u0447\u0438 \u043f\u0440\u043e\u0432\u043e\u0434\u043d\u0438\u043a\u0430 - \u0440\u0430\u0437\u043d\u044b\u0435 \u0432\u0438\u0434\u044b\" \/>\n<meta name=\"robots\" content=\"index, follow, max-snippet:-1, max-image-preview:large, max-video-preview:-1\" \/>\n<link rel=\"canonical\" href=\"https:\/\/darpol.bydgoszcz.pl\/ru\/predlagaet\/podvizhnoj-sostav\/elektrodizelpoezda\/kljuchi-provadnika-raznye-tipy\/\" \/>\n<meta property=\"og:locale\" content=\"ru_RU\" \/>\n<meta property=\"og:type\" content=\"article\" \/>\n<meta property=\"og:title\" content=\"\u041a\u043b\u044e\u0447\u0438 \u043f\u0440\u043e\u0432\u043e\u0434\u043d\u0438\u043a\u0430 - \u0440\u0430\u0437\u043d\u044b\u0435 \u0432\u0438\u0434\u044b - Darpol Bydgoszcz\" \/>\n<meta property=\"og:description\" content=\"\u041a\u043b\u044e\u0447\u0438 \u043f\u0440\u043e\u0432\u043e\u0434\u043d\u0438\u043a\u0430 - \u0440\u0430\u0437\u043d\u044b\u0435 \u0432\u0438\u0434\u044b\" \/>\n<meta property=\"og:url\" content=\"https:\/\/darpol.bydgoszcz.pl\/ru\/predlagaet\/podvizhnoj-sostav\/elektrodizelpoezda\/kljuchi-provadnika-raznye-tipy\/\" \/>\n<meta property=\"og:site_name\" content=\"Darpol Bydgoszcz\" \/>\n<meta property=\"og:image\" content=\"https:\/\/darpol.bydgoszcz.pl\/wp-content\/uploads\/488-656-klucz-konduktorski-typ-c-potrojny-rozne-rodzaje-koncowek.jpg\" \/>\n\t<meta property=\"og:image:width\" content=\"689\" \/>\n\t<meta property=\"og:image:height\" content=\"602\" \/>\n\t<meta property=\"og:image:type\" content=\"image\/jpeg\" \/>\n<meta name=\"twitter:card\" content=\"summary_large_image\" \/>\n<script type=\"application\/ld+json\" class=\"yoast-schema-graph\">{\"@context\":\"https:\/\/schema.org\",\"@graph\":[{\"@type\":\"WebPage\",\"@id\":\"https:\/\/darpol.bydgoszcz.pl\/ru\/predlagaet\/podvizhnoj-sostav\/elektrodizelpoezda\/kljuchi-provadnika-raznye-tipy\/\",\"url\":\"https:\/\/darpol.bydgoszcz.pl\/ru\/predlagaet\/podvizhnoj-sostav\/elektrodizelpoezda\/kljuchi-provadnika-raznye-tipy\/\",\"name\":\"\u041a\u043b\u044e\u0447\u0438 \u043f\u0440\u043e\u0432\u043e\u0434\u043d\u0438\u043a\u0430 - \u0440\u0430\u0437\u043d\u044b\u0435 \u0432\u0438\u0434\u044b - Darpol Bydgoszcz\",\"isPartOf\":{\"@id\":\"https:\/\/darpol.bydgoszcz.pl\/#website\"},\"primaryImageOfPage\":{\"@id\":\"https:\/\/darpol.bydgoszcz.pl\/ru\/predlagaet\/podvizhnoj-sostav\/elektrodizelpoezda\/kljuchi-provadnika-raznye-tipy\/#primaryimage\"},\"image\":{\"@id\":\"https:\/\/darpol.bydgoszcz.pl\/ru\/predlagaet\/podvizhnoj-sostav\/elektrodizelpoezda\/kljuchi-provadnika-raznye-tipy\/#primaryimage\"},\"thumbnailUrl\":\"https:\/\/darpol.bydgoszcz.pl\/wp-content\/uploads\/488-656-klucz-konduktorski-typ-c-potrojny-rozne-rodzaje-koncowek.jpg\",\"datePublished\":\"2013-03-06T10:50:21+00:00\",\"dateModified\":\"2013-03-06T10:50:21+00:00\",\"description\":\"\u041a\u043b\u044e\u0447\u0438 \u043f\u0440\u043e\u0432\u043e\u0434\u043d\u0438\u043a\u0430 - \u0440\u0430\u0437\u043d\u044b\u0435 \u0432\u0438\u0434\u044b\",\"breadcrumb\":{\"@id\":\"https:\/\/darpol.bydgoszcz.pl\/ru\/predlagaet\/podvizhnoj-sostav\/elektrodizelpoezda\/kljuchi-provadnika-raznye-tipy\/#breadcrumb\"},\"inLanguage\":\"ru-RU\",\"potentialAction\":[{\"@type\":\"ReadAction\",\"target\":[\"https:\/\/darpol.bydgoszcz.pl\/ru\/predlagaet\/podvizhnoj-sostav\/elektrodizelpoezda\/kljuchi-provadnika-raznye-tipy\/\"]}]},{\"@type\":\"ImageObject\",\"inLanguage\":\"ru-RU\",\"@id\":\"https:\/\/darpol.bydgoszcz.pl\/ru\/predlagaet\/podvizhnoj-sostav\/elektrodizelpoezda\/kljuchi-provadnika-raznye-tipy\/#primaryimage\",\"url\":\"https:\/\/darpol.bydgoszcz.pl\/wp-content\/uploads\/488-656-klucz-konduktorski-typ-c-potrojny-rozne-rodzaje-koncowek.jpg\",\"contentUrl\":\"https:\/\/darpol.bydgoszcz.pl\/wp-content\/uploads\/488-656-klucz-konduktorski-typ-c-potrojny-rozne-rodzaje-koncowek.jpg\",\"width\":689,\"height\":602,\"caption\":\"Klucz konduktorski typ C - potr\u00f3jny (r\u00f3\u017cne rodzaje ko\u0144c\u00f3wek)\"},{\"@type\":\"BreadcrumbList\",\"@id\":\"https:\/\/darpol.bydgoszcz.pl\/ru\/predlagaet\/podvizhnoj-sostav\/elektrodizelpoezda\/kljuchi-provadnika-raznye-tipy\/#breadcrumb\",\"itemListElement\":[{\"@type\":\"ListItem\",\"position\":1,\"name\":\"Strona g\u0142\u00f3wna\",\"item\":\"https:\/\/darpol.bydgoszcz.pl\/ru\/\"},{\"@type\":\"ListItem\",\"position\":2,\"name\":\"Oferta\",\"item\":\"https:\/\/darpol.bydgoszcz.pl\/oferta\/\"},{\"@type\":\"ListItem\",\"position\":3,\"name\":\"\u041a\u043b\u044e\u0447\u0438 \u043f\u0440\u043e\u0432\u043e\u0434\u043d\u0438\u043a\u0430 &#8211; \u0440\u0430\u0437\u043d\u044b\u0435 \u0432\u0438\u0434\u044b\"}]},{\"@type\":\"WebSite\",\"@id\":\"https:\/\/darpol.bydgoszcz.pl\/#website\",\"url\":\"https:\/\/darpol.bydgoszcz.pl\/\",\"name\":\"Darpol Bydgoszcz\",\"description\":\"\",\"potentialAction\":[{\"@type\":\"SearchAction\",\"target\":{\"@type\":\"EntryPoint\",\"urlTemplate\":\"https:\/\/darpol.bydgoszcz.pl\/?s={search_term_string}\"},\"query-input\":\"required name=search_term_string\"}],\"inLanguage\":\"ru-RU\"}]}<\/script>\n<!-- \/ Yoast SEO plugin. -->","yoast_head_json":{"title":"\u041a\u043b\u044e\u0447\u0438 \u043f\u0440\u043e\u0432\u043e\u0434\u043d\u0438\u043a\u0430 - \u0440\u0430\u0437\u043d\u044b\u0435 \u0432\u0438\u0434\u044b - Darpol Bydgoszcz","description":"\u041a\u043b\u044e\u0447\u0438 \u043f\u0440\u043e\u0432\u043e\u0434\u043d\u0438\u043a\u0430 - \u0440\u0430\u0437\u043d\u044b\u0435 \u0432\u0438\u0434\u044b","robots":{"index":"index","follow":"follow","max-snippet":"max-snippet:-1","max-image-preview":"max-image-preview:large","max-video-preview":"max-video-preview:-1"},"canonical":"https:\/\/darpol.bydgoszcz.pl\/ru\/predlagaet\/podvizhnoj-sostav\/elektrodizelpoezda\/kljuchi-provadnika-raznye-tipy\/","og_locale":"ru_RU","og_type":"article","og_title":"\u041a\u043b\u044e\u0447\u0438 \u043f\u0440\u043e\u0432\u043e\u0434\u043d\u0438\u043a\u0430 - \u0440\u0430\u0437\u043d\u044b\u0435 \u0432\u0438\u0434\u044b - Darpol Bydgoszcz","og_description":"\u041a\u043b\u044e\u0447\u0438 \u043f\u0440\u043e\u0432\u043e\u0434\u043d\u0438\u043a\u0430 - \u0440\u0430\u0437\u043d\u044b\u0435 \u0432\u0438\u0434\u044b","og_url":"https:\/\/darpol.bydgoszcz.pl\/ru\/predlagaet\/podvizhnoj-sostav\/elektrodizelpoezda\/kljuchi-provadnika-raznye-tipy\/","og_site_name":"Darpol Bydgoszcz","og_image":[{"width":689,"height":602,"url":"https:\/\/darpol.bydgoszcz.pl\/wp-content\/uploads\/488-656-klucz-konduktorski-typ-c-potrojny-rozne-rodzaje-koncowek.jpg","type":"image\/jpeg"}],"twitter_card":"summary_large_image","schema":{"@context":"https:\/\/schema.org","@graph":[{"@type":"WebPage","@id":"https:\/\/darpol.bydgoszcz.pl\/ru\/predlagaet\/podvizhnoj-sostav\/elektrodizelpoezda\/kljuchi-provadnika-raznye-tipy\/","url":"https:\/\/darpol.bydgoszcz.pl\/ru\/predlagaet\/podvizhnoj-sostav\/elektrodizelpoezda\/kljuchi-provadnika-raznye-tipy\/","name":"\u041a\u043b\u044e\u0447\u0438 \u043f\u0440\u043e\u0432\u043e\u0434\u043d\u0438\u043a\u0430 - \u0440\u0430\u0437\u043d\u044b\u0435 \u0432\u0438\u0434\u044b - Darpol Bydgoszcz","isPartOf":{"@id":"https:\/\/darpol.bydgoszcz.pl\/#website"},"primaryImageOfPage":{"@id":"https:\/\/darpol.bydgoszcz.pl\/ru\/predlagaet\/podvizhnoj-sostav\/elektrodizelpoezda\/kljuchi-provadnika-raznye-tipy\/#primaryimage"},"image":{"@id":"https:\/\/darpol.bydgoszcz.pl\/ru\/predlagaet\/podvizhnoj-sostav\/elektrodizelpoezda\/kljuchi-provadnika-raznye-tipy\/#primaryimage"},"thumbnailUrl":"https:\/\/darpol.bydgoszcz.pl\/wp-content\/uploads\/488-656-klucz-konduktorski-typ-c-potrojny-rozne-rodzaje-koncowek.jpg","datePublished":"2013-03-06T10:50:21+00:00","dateModified":"2013-03-06T10:50:21+00:00","description":"\u041a\u043b\u044e\u0447\u0438 \u043f\u0440\u043e\u0432\u043e\u0434\u043d\u0438\u043a\u0430 - \u0440\u0430\u0437\u043d\u044b\u0435 \u0432\u0438\u0434\u044b","breadcrumb":{"@id":"https:\/\/darpol.bydgoszcz.pl\/ru\/predlagaet\/podvizhnoj-sostav\/elektrodizelpoezda\/kljuchi-provadnika-raznye-tipy\/#breadcrumb"},"inLanguage":"ru-RU","potentialAction":[{"@type":"ReadAction","target":["https:\/\/darpol.bydgoszcz.pl\/ru\/predlagaet\/podvizhnoj-sostav\/elektrodizelpoezda\/kljuchi-provadnika-raznye-tipy\/"]}]},{"@type":"ImageObject","inLanguage":"ru-RU","@id":"https:\/\/darpol.bydgoszcz.pl\/ru\/predlagaet\/podvizhnoj-sostav\/elektrodizelpoezda\/kljuchi-provadnika-raznye-tipy\/#primaryimage","url":"https:\/\/darpol.bydgoszcz.pl\/wp-content\/uploads\/488-656-klucz-konduktorski-typ-c-potrojny-rozne-rodzaje-koncowek.jpg","contentUrl":"https:\/\/darpol.bydgoszcz.pl\/wp-content\/uploads\/488-656-klucz-konduktorski-typ-c-potrojny-rozne-rodzaje-koncowek.jpg","width":689,"height":602,"caption":"Klucz konduktorski typ C - potr\u00f3jny (r\u00f3\u017cne rodzaje ko\u0144c\u00f3wek)"},{"@type":"BreadcrumbList","@id":"https:\/\/darpol.bydgoszcz.pl\/ru\/predlagaet\/podvizhnoj-sostav\/elektrodizelpoezda\/kljuchi-provadnika-raznye-tipy\/#breadcrumb","itemListElement":[{"@type":"ListItem","position":1,"name":"Strona g\u0142\u00f3wna","item":"https:\/\/darpol.bydgoszcz.pl\/ru\/"},{"@type":"ListItem","position":2,"name":"Oferta","item":"https:\/\/darpol.bydgoszcz.pl\/oferta\/"},{"@type":"ListItem","position":3,"name":"\u041a\u043b\u044e\u0447\u0438 \u043f\u0440\u043e\u0432\u043e\u0434\u043d\u0438\u043a\u0430 &#8211; \u0440\u0430\u0437\u043d\u044b\u0435 \u0432\u0438\u0434\u044b"}]},{"@type":"WebSite","@id":"https:\/\/darpol.bydgoszcz.pl\/#website","url":"https:\/\/darpol.bydgoszcz.pl\/","name":"Darpol Bydgoszcz","description":"","potentialAction":[{"@type":"SearchAction","target":{"@type":"EntryPoint","urlTemplate":"https:\/\/darpol.bydgoszcz.pl\/?s={search_term_string}"},"query-input":"required name=search_term_string"}],"inLanguage":"ru-RU"}]}},"_links":{"self":[{"href":"https:\/\/darpol.bydgoszcz.pl\/ru\/wp-json\/wp\/v2\/product\/10855","targetHints":{"allow":["GET"]}}],"collection":[{"href":"https:\/\/darpol.bydgoszcz.pl\/ru\/wp-json\/wp\/v2\/product"}],"about":[{"href":"https:\/\/darpol.bydgoszcz.pl\/ru\/wp-json\/wp\/v2\/types\/product"}],"wp:featuredmedia":[{"embeddable":true,"href":"https:\/\/darpol.bydgoszcz.pl\/ru\/wp-json\/wp\/v2\/media\/10848"}],"wp:attachment":[{"href":"https:\/\/darpol.bydgoszcz.pl\/ru\/wp-json\/wp\/v2\/media?parent=10855"}],"wp:term":[{"taxonomy":"product_cat","embeddable":true,"href":"https:\/\/darpol.bydgoszcz.pl\/ru\/wp-json\/wp\/v2\/product_cat?post=10855"},{"taxonomy":"product_tag","embeddable":true,"href":"https:\/\/darpol.bydgoszcz.pl\/ru\/wp-json\/wp\/v2\/product_tag?post=10855"}],"curies":[{"name":"wp","href":"https:\/\/api.w.org\/{rel}","templated":true}]}}