{"id":10273,"date":"2013-03-05T16:04:53","date_gmt":"2013-03-05T15:04:53","guid":{"rendered":"http:\/\/darpol.bydgoszcz.pl\/sklep\/passazhirskie-vagony\/specialnye-bolty-m20-i-m30\/"},"modified":"2013-03-05T16:04:53","modified_gmt":"2013-03-05T15:04:53","slug":"specialnye-bolty-m20-i-m30","status":"publish","type":"product","link":"https:\/\/darpol.bydgoszcz.pl\/ru\/predlagaet\/podvizhnoj-sostav\/passazhirskie-vagony\/specialnye-bolty-m20-i-m30\/","title":{"rendered":"\u0421\u043f\u0435\u0446\u0438\u0430\u043b\u044c\u043d\u044b\u0439 \u0431\u043e\u043b\u0442 \u0441 \u043f\u0440\u043e\u043a\u043b\u0430\u0434\u043a\u043e\u0439  M20 i M30 (DL-O 30 022-01 i DL-O 30 022-02)"},"content":{"rendered":"<div id=\"idTab1\">\n<p><span style=\"color: #333333;\"><span style=\"text-decoration: underline;\">\u0423\u043f\u043e\u0442\u0440\u0435\u0431\u043b\u0435\u043d\u0438\u0435:<\/span><\/span><\/p>\n<p><span style=\"color: #333333;\">\u043f\u0430\u0441\u0441\u0430\u0436\u0438\u0440\u0441\u043a\u0438\u0435 \u0432\u0430\u0433\u043e\u043d\u044b<\/span><\/p>\n<p><strong><span style=\"color: #333333;\"><br \/><\/span><\/strong><\/p>\n<p> <strong> <\/strong> <\/p>\n<p><strong>\u0420\u0410\u0417\u041c\u0415\u0420<\/strong><span style=\"color: #333333;\"><strong> M20<\/strong> &#8211; \u0441\u0438\u043c\u0432\u043e\u043b DL-O 30 022-01<\/span><\/p>\n<p><strong>\u0420\u0410\u0417\u041c\u0415\u0420<\/strong><span style=\"color: #333333;\"><strong> M30<\/strong> &#8211; <\/span><span style=\"color: #333333;\">\u0441\u0438\u043c\u0432\u043e\u043b<\/span><span style=\"color: #333333;\"> DL-O 30 022-02<\/span><\/p>\n<\/p><\/div>\n<div style=\"clear:both\"><a href=\"javascript:window.print()\"><i class=\"fa fa-print\" aria-hidden=\"true\"><\/i> \u043f\u0435\u0447\u0430\u0442\u044c<\/a><\/div>","protected":false},"excerpt":{"rendered":"<p>\u0423\u043f\u043e\u0442\u0440\u0435\u0431\u043b\u0435\u043d\u0438\u0435: \u043f\u0430\u0441\u0441\u0430\u0436\u0438\u0440\u0441\u043a\u0438\u0435 \u0432\u0430\u0433\u043e\u043d\u044b \u0420\u0410\u0417\u041c\u0415\u0420 M20 &#8211; \u0441\u0438\u043c\u0432\u043e\u043b DL-O 30 022-01 \u0420\u0410\u0417\u041c\u0415\u0420 M30 &#8211; \u0441\u0438\u043c\u0432\u043e\u043b DL-O 30 022-02 \u043f\u0435\u0447\u0430\u0442\u044c<\/p>\n","protected":false},"featured_media":10272,"template":"","meta":{"om_disable_all_campaigns":false,"_monsterinsights_skip_tracking":false,"_monsterinsights_sitenote_active":false,"_monsterinsights_sitenote_note":"","_monsterinsights_sitenote_category":0,"_uf_show_specific_survey":0,"_uf_disable_surveys":false},"product_cat":[341],"product_tag":[1540,3288,525,794,1512,1538,1539],"class_list":{"0":"post-10273","1":"product","2":"type-product","3":"status-publish","4":"has-post-thumbnail","6":"product_cat-passazhirskie-vagony","7":"product_tag-dl-032003-00","8":"product_tag-ezt-ru","9":"product_tag-ezt","10":"product_tag-sruba","11":"product_tag-sruba-specjalna","12":"product_tag-sruba-specjalna-z-nakretka","13":"product_tag-zaworu-bezpieczenstwa","15":"first","16":"instock","17":"shipping-taxable","18":"purchasable","19":"product-type-simple"},"yoast_head":"<!-- This site is optimized with the Yoast SEO plugin v23.0 - https:\/\/yoast.com\/wordpress\/plugins\/seo\/ -->\n<title>\u0421\u043f\u0435\u0446\u0438\u0430\u043b\u044c\u043d\u044b\u0439 \u0431\u043e\u043b\u0442 \u0441 \u043f\u0440\u043e\u043a\u043b\u0430\u0434\u043a\u043e\u0439 M20 i M30 (DL-O 30 022-01 i DL-O 30 022-02) - Darpol Bydgoszcz<\/title>\n<meta name=\"description\" content=\"\u0421\u043f\u0435\u0446\u0438\u0430\u043b\u044c\u043d\u044b\u0439 \u0431\u043e\u043b\u0442 \u0441 \u043f\u0440\u043e\u043a\u043b\u0430\u0434\u043a\u043e\u0439 M20 i M30 (DL-O 30 022-01 i DL-O 30 022-02)\" \/>\n<meta name=\"robots\" content=\"index, follow, max-snippet:-1, max-image-preview:large, max-video-preview:-1\" \/>\n<link rel=\"canonical\" href=\"https:\/\/darpol.bydgoszcz.pl\/ru\/predlagaet\/podvizhnoj-sostav\/passazhirskie-vagony\/specialnye-bolty-m20-i-m30\/\" \/>\n<meta property=\"og:locale\" content=\"ru_RU\" \/>\n<meta property=\"og:type\" content=\"article\" \/>\n<meta property=\"og:title\" content=\"\u0421\u043f\u0435\u0446\u0438\u0430\u043b\u044c\u043d\u044b\u0439 \u0431\u043e\u043b\u0442 \u0441 \u043f\u0440\u043e\u043a\u043b\u0430\u0434\u043a\u043e\u0439 M20 i M30 (DL-O 30 022-01 i DL-O 30 022-02) - Darpol Bydgoszcz\" \/>\n<meta property=\"og:description\" content=\"\u0421\u043f\u0435\u0446\u0438\u0430\u043b\u044c\u043d\u044b\u0439 \u0431\u043e\u043b\u0442 \u0441 \u043f\u0440\u043e\u043a\u043b\u0430\u0434\u043a\u043e\u0439 M20 i M30 (DL-O 30 022-01 i DL-O 30 022-02)\" \/>\n<meta property=\"og:url\" content=\"https:\/\/darpol.bydgoszcz.pl\/ru\/predlagaet\/podvizhnoj-sostav\/passazhirskie-vagony\/specialnye-bolty-m20-i-m30\/\" \/>\n<meta property=\"og:site_name\" content=\"Darpol Bydgoszcz\" \/>\n<meta property=\"og:image\" content=\"https:\/\/darpol.bydgoszcz.pl\/wp-content\/uploads\/444-599-sruba-specjalna-z-podkladka-m20-i-m30-dl-o-30-022-01-i-dl-o-30-022-02.jpg\" \/>\n\t<meta property=\"og:image:width\" content=\"689\" \/>\n\t<meta property=\"og:image:height\" content=\"602\" \/>\n\t<meta property=\"og:image:type\" content=\"image\/jpeg\" \/>\n<meta name=\"twitter:card\" content=\"summary_large_image\" \/>\n<script type=\"application\/ld+json\" class=\"yoast-schema-graph\">{\"@context\":\"https:\/\/schema.org\",\"@graph\":[{\"@type\":\"WebPage\",\"@id\":\"https:\/\/darpol.bydgoszcz.pl\/ru\/predlagaet\/podvizhnoj-sostav\/passazhirskie-vagony\/specialnye-bolty-m20-i-m30\/\",\"url\":\"https:\/\/darpol.bydgoszcz.pl\/ru\/predlagaet\/podvizhnoj-sostav\/passazhirskie-vagony\/specialnye-bolty-m20-i-m30\/\",\"name\":\"\u0421\u043f\u0435\u0446\u0438\u0430\u043b\u044c\u043d\u044b\u0439 \u0431\u043e\u043b\u0442 \u0441 \u043f\u0440\u043e\u043a\u043b\u0430\u0434\u043a\u043e\u0439 M20 i M30 (DL-O 30 022-01 i DL-O 30 022-02) - Darpol Bydgoszcz\",\"isPartOf\":{\"@id\":\"https:\/\/darpol.bydgoszcz.pl\/#website\"},\"primaryImageOfPage\":{\"@id\":\"https:\/\/darpol.bydgoszcz.pl\/ru\/predlagaet\/podvizhnoj-sostav\/passazhirskie-vagony\/specialnye-bolty-m20-i-m30\/#primaryimage\"},\"image\":{\"@id\":\"https:\/\/darpol.bydgoszcz.pl\/ru\/predlagaet\/podvizhnoj-sostav\/passazhirskie-vagony\/specialnye-bolty-m20-i-m30\/#primaryimage\"},\"thumbnailUrl\":\"https:\/\/darpol.bydgoszcz.pl\/wp-content\/uploads\/444-599-sruba-specjalna-z-podkladka-m20-i-m30-dl-o-30-022-01-i-dl-o-30-022-02.jpg\",\"datePublished\":\"2013-03-05T15:04:53+00:00\",\"dateModified\":\"2013-03-05T15:04:53+00:00\",\"description\":\"\u0421\u043f\u0435\u0446\u0438\u0430\u043b\u044c\u043d\u044b\u0439 \u0431\u043e\u043b\u0442 \u0441 \u043f\u0440\u043e\u043a\u043b\u0430\u0434\u043a\u043e\u0439 M20 i M30 (DL-O 30 022-01 i DL-O 30 022-02)\",\"breadcrumb\":{\"@id\":\"https:\/\/darpol.bydgoszcz.pl\/ru\/predlagaet\/podvizhnoj-sostav\/passazhirskie-vagony\/specialnye-bolty-m20-i-m30\/#breadcrumb\"},\"inLanguage\":\"ru-RU\",\"potentialAction\":[{\"@type\":\"ReadAction\",\"target\":[\"https:\/\/darpol.bydgoszcz.pl\/ru\/predlagaet\/podvizhnoj-sostav\/passazhirskie-vagony\/specialnye-bolty-m20-i-m30\/\"]}]},{\"@type\":\"ImageObject\",\"inLanguage\":\"ru-RU\",\"@id\":\"https:\/\/darpol.bydgoszcz.pl\/ru\/predlagaet\/podvizhnoj-sostav\/passazhirskie-vagony\/specialnye-bolty-m20-i-m30\/#primaryimage\",\"url\":\"https:\/\/darpol.bydgoszcz.pl\/wp-content\/uploads\/444-599-sruba-specjalna-z-podkladka-m20-i-m30-dl-o-30-022-01-i-dl-o-30-022-02.jpg\",\"contentUrl\":\"https:\/\/darpol.bydgoszcz.pl\/wp-content\/uploads\/444-599-sruba-specjalna-z-podkladka-m20-i-m30-dl-o-30-022-01-i-dl-o-30-022-02.jpg\",\"width\":689,\"height\":602,\"caption\":\"\u015aruba specjalna z podk\u0142adk\u0105 M20 i M30 (DL-O 30 022-01 i DL-O 30 022-02)\"},{\"@type\":\"BreadcrumbList\",\"@id\":\"https:\/\/darpol.bydgoszcz.pl\/ru\/predlagaet\/podvizhnoj-sostav\/passazhirskie-vagony\/specialnye-bolty-m20-i-m30\/#breadcrumb\",\"itemListElement\":[{\"@type\":\"ListItem\",\"position\":1,\"name\":\"Strona g\u0142\u00f3wna\",\"item\":\"https:\/\/darpol.bydgoszcz.pl\/ru\/\"},{\"@type\":\"ListItem\",\"position\":2,\"name\":\"Oferta\",\"item\":\"https:\/\/darpol.bydgoszcz.pl\/oferta\/\"},{\"@type\":\"ListItem\",\"position\":3,\"name\":\"\u0421\u043f\u0435\u0446\u0438\u0430\u043b\u044c\u043d\u044b\u0439 \u0431\u043e\u043b\u0442 \u0441 \u043f\u0440\u043e\u043a\u043b\u0430\u0434\u043a\u043e\u0439 M20 i M30 (DL-O 30 022-01 i DL-O 30 022-02)\"}]},{\"@type\":\"WebSite\",\"@id\":\"https:\/\/darpol.bydgoszcz.pl\/#website\",\"url\":\"https:\/\/darpol.bydgoszcz.pl\/\",\"name\":\"Darpol Bydgoszcz\",\"description\":\"\",\"potentialAction\":[{\"@type\":\"SearchAction\",\"target\":{\"@type\":\"EntryPoint\",\"urlTemplate\":\"https:\/\/darpol.bydgoszcz.pl\/?s={search_term_string}\"},\"query-input\":\"required name=search_term_string\"}],\"inLanguage\":\"ru-RU\"}]}<\/script>\n<!-- \/ Yoast SEO plugin. -->","yoast_head_json":{"title":"\u0421\u043f\u0435\u0446\u0438\u0430\u043b\u044c\u043d\u044b\u0439 \u0431\u043e\u043b\u0442 \u0441 \u043f\u0440\u043e\u043a\u043b\u0430\u0434\u043a\u043e\u0439 M20 i M30 (DL-O 30 022-01 i DL-O 30 022-02) - Darpol Bydgoszcz","description":"\u0421\u043f\u0435\u0446\u0438\u0430\u043b\u044c\u043d\u044b\u0439 \u0431\u043e\u043b\u0442 \u0441 \u043f\u0440\u043e\u043a\u043b\u0430\u0434\u043a\u043e\u0439 M20 i M30 (DL-O 30 022-01 i DL-O 30 022-02)","robots":{"index":"index","follow":"follow","max-snippet":"max-snippet:-1","max-image-preview":"max-image-preview:large","max-video-preview":"max-video-preview:-1"},"canonical":"https:\/\/darpol.bydgoszcz.pl\/ru\/predlagaet\/podvizhnoj-sostav\/passazhirskie-vagony\/specialnye-bolty-m20-i-m30\/","og_locale":"ru_RU","og_type":"article","og_title":"\u0421\u043f\u0435\u0446\u0438\u0430\u043b\u044c\u043d\u044b\u0439 \u0431\u043e\u043b\u0442 \u0441 \u043f\u0440\u043e\u043a\u043b\u0430\u0434\u043a\u043e\u0439 M20 i M30 (DL-O 30 022-01 i DL-O 30 022-02) - Darpol Bydgoszcz","og_description":"\u0421\u043f\u0435\u0446\u0438\u0430\u043b\u044c\u043d\u044b\u0439 \u0431\u043e\u043b\u0442 \u0441 \u043f\u0440\u043e\u043a\u043b\u0430\u0434\u043a\u043e\u0439 M20 i M30 (DL-O 30 022-01 i DL-O 30 022-02)","og_url":"https:\/\/darpol.bydgoszcz.pl\/ru\/predlagaet\/podvizhnoj-sostav\/passazhirskie-vagony\/specialnye-bolty-m20-i-m30\/","og_site_name":"Darpol Bydgoszcz","og_image":[{"width":689,"height":602,"url":"https:\/\/darpol.bydgoszcz.pl\/wp-content\/uploads\/444-599-sruba-specjalna-z-podkladka-m20-i-m30-dl-o-30-022-01-i-dl-o-30-022-02.jpg","type":"image\/jpeg"}],"twitter_card":"summary_large_image","schema":{"@context":"https:\/\/schema.org","@graph":[{"@type":"WebPage","@id":"https:\/\/darpol.bydgoszcz.pl\/ru\/predlagaet\/podvizhnoj-sostav\/passazhirskie-vagony\/specialnye-bolty-m20-i-m30\/","url":"https:\/\/darpol.bydgoszcz.pl\/ru\/predlagaet\/podvizhnoj-sostav\/passazhirskie-vagony\/specialnye-bolty-m20-i-m30\/","name":"\u0421\u043f\u0435\u0446\u0438\u0430\u043b\u044c\u043d\u044b\u0439 \u0431\u043e\u043b\u0442 \u0441 \u043f\u0440\u043e\u043a\u043b\u0430\u0434\u043a\u043e\u0439 M20 i M30 (DL-O 30 022-01 i DL-O 30 022-02) - Darpol Bydgoszcz","isPartOf":{"@id":"https:\/\/darpol.bydgoszcz.pl\/#website"},"primaryImageOfPage":{"@id":"https:\/\/darpol.bydgoszcz.pl\/ru\/predlagaet\/podvizhnoj-sostav\/passazhirskie-vagony\/specialnye-bolty-m20-i-m30\/#primaryimage"},"image":{"@id":"https:\/\/darpol.bydgoszcz.pl\/ru\/predlagaet\/podvizhnoj-sostav\/passazhirskie-vagony\/specialnye-bolty-m20-i-m30\/#primaryimage"},"thumbnailUrl":"https:\/\/darpol.bydgoszcz.pl\/wp-content\/uploads\/444-599-sruba-specjalna-z-podkladka-m20-i-m30-dl-o-30-022-01-i-dl-o-30-022-02.jpg","datePublished":"2013-03-05T15:04:53+00:00","dateModified":"2013-03-05T15:04:53+00:00","description":"\u0421\u043f\u0435\u0446\u0438\u0430\u043b\u044c\u043d\u044b\u0439 \u0431\u043e\u043b\u0442 \u0441 \u043f\u0440\u043e\u043a\u043b\u0430\u0434\u043a\u043e\u0439 M20 i M30 (DL-O 30 022-01 i DL-O 30 022-02)","breadcrumb":{"@id":"https:\/\/darpol.bydgoszcz.pl\/ru\/predlagaet\/podvizhnoj-sostav\/passazhirskie-vagony\/specialnye-bolty-m20-i-m30\/#breadcrumb"},"inLanguage":"ru-RU","potentialAction":[{"@type":"ReadAction","target":["https:\/\/darpol.bydgoszcz.pl\/ru\/predlagaet\/podvizhnoj-sostav\/passazhirskie-vagony\/specialnye-bolty-m20-i-m30\/"]}]},{"@type":"ImageObject","inLanguage":"ru-RU","@id":"https:\/\/darpol.bydgoszcz.pl\/ru\/predlagaet\/podvizhnoj-sostav\/passazhirskie-vagony\/specialnye-bolty-m20-i-m30\/#primaryimage","url":"https:\/\/darpol.bydgoszcz.pl\/wp-content\/uploads\/444-599-sruba-specjalna-z-podkladka-m20-i-m30-dl-o-30-022-01-i-dl-o-30-022-02.jpg","contentUrl":"https:\/\/darpol.bydgoszcz.pl\/wp-content\/uploads\/444-599-sruba-specjalna-z-podkladka-m20-i-m30-dl-o-30-022-01-i-dl-o-30-022-02.jpg","width":689,"height":602,"caption":"\u015aruba specjalna z podk\u0142adk\u0105 M20 i M30 (DL-O 30 022-01 i DL-O 30 022-02)"},{"@type":"BreadcrumbList","@id":"https:\/\/darpol.bydgoszcz.pl\/ru\/predlagaet\/podvizhnoj-sostav\/passazhirskie-vagony\/specialnye-bolty-m20-i-m30\/#breadcrumb","itemListElement":[{"@type":"ListItem","position":1,"name":"Strona g\u0142\u00f3wna","item":"https:\/\/darpol.bydgoszcz.pl\/ru\/"},{"@type":"ListItem","position":2,"name":"Oferta","item":"https:\/\/darpol.bydgoszcz.pl\/oferta\/"},{"@type":"ListItem","position":3,"name":"\u0421\u043f\u0435\u0446\u0438\u0430\u043b\u044c\u043d\u044b\u0439 \u0431\u043e\u043b\u0442 \u0441 \u043f\u0440\u043e\u043a\u043b\u0430\u0434\u043a\u043e\u0439 M20 i M30 (DL-O 30 022-01 i DL-O 30 022-02)"}]},{"@type":"WebSite","@id":"https:\/\/darpol.bydgoszcz.pl\/#website","url":"https:\/\/darpol.bydgoszcz.pl\/","name":"Darpol Bydgoszcz","description":"","potentialAction":[{"@type":"SearchAction","target":{"@type":"EntryPoint","urlTemplate":"https:\/\/darpol.bydgoszcz.pl\/?s={search_term_string}"},"query-input":"required name=search_term_string"}],"inLanguage":"ru-RU"}]}},"_links":{"self":[{"href":"https:\/\/darpol.bydgoszcz.pl\/ru\/wp-json\/wp\/v2\/product\/10273","targetHints":{"allow":["GET"]}}],"collection":[{"href":"https:\/\/darpol.bydgoszcz.pl\/ru\/wp-json\/wp\/v2\/product"}],"about":[{"href":"https:\/\/darpol.bydgoszcz.pl\/ru\/wp-json\/wp\/v2\/types\/product"}],"wp:featuredmedia":[{"embeddable":true,"href":"https:\/\/darpol.bydgoszcz.pl\/ru\/wp-json\/wp\/v2\/media\/10272"}],"wp:attachment":[{"href":"https:\/\/darpol.bydgoszcz.pl\/ru\/wp-json\/wp\/v2\/media?parent=10273"}],"wp:term":[{"taxonomy":"product_cat","embeddable":true,"href":"https:\/\/darpol.bydgoszcz.pl\/ru\/wp-json\/wp\/v2\/product_cat?post=10273"},{"taxonomy":"product_tag","embeddable":true,"href":"https:\/\/darpol.bydgoszcz.pl\/ru\/wp-json\/wp\/v2\/product_tag?post=10273"}],"curies":[{"name":"wp","href":"https:\/\/api.w.org\/{rel}","templated":true}]}}