{"id":9957,"date":"2013-03-04T17:57:21","date_gmt":"2013-03-04T16:57:21","guid":{"rendered":"http:\/\/darpol.bydgoszcz.pl\/sklep\/passenger-coaches\/springs-of-door-locking-system\/"},"modified":"2013-03-04T17:57:21","modified_gmt":"2013-03-04T16:57:21","slug":"springs-of-door-locking-system","status":"publish","type":"product","link":"https:\/\/darpol.bydgoszcz.pl\/en\/offer\/rolling-stock\/passenger-coaches\/springs-of-door-locking-system\/","title":{"rendered":"Springs for electromagnetic locking system DL-O 17 022-00"},"content":{"rendered":"<p>We offer springs used in door lock system:<\/p>\n<p>&nbsp;<\/p>\n<p>Spring A &#8211; cat. no. DL-O 17 022-04<\/p>\n<p>Spring B &#8211; cat. no. DL-O 17 022-03<\/p>\n<p>Spring C &#8211; cat. no. DL-O 17 022-01<\/p>\n<p>Spring D &#8211; cat. no. DL-O 17 022-02<\/p>\n<div style=\"clear:both\"><a href=\"javascript:window.print()\"><i class=\"fa fa-print\" aria-hidden=\"true\"><\/i> Print this page<\/a><\/div>","protected":false},"excerpt":{"rendered":"<p>We offer springs used in door lock system: &nbsp; Spring A &#8211; cat. no. DL-O 17 022-04 Spring B &#8211; cat. no. DL-O 17 022-03 Spring C &#8211; cat. no. DL-O 17 022-01 Spring D &#8211; cat. no. DL-O 17 022-02 Print this page<\/p>\n","protected":false},"featured_media":9956,"template":"","meta":{"om_disable_all_campaigns":false,"_monsterinsights_skip_tracking":false,"_monsterinsights_sitenote_active":false,"_monsterinsights_sitenote_note":"","_monsterinsights_sitenote_category":0,"_uf_show_specific_survey":0,"_uf_disable_surveys":false},"product_cat":[339],"product_tag":[430,1634,1635,1633,1632,440,477,460,1608,3202,414,458],"class_list":{"0":"post-9957","1":"product","2":"type-product","3":"status-publish","4":"has-post-thumbnail","6":"product_cat-passenger-coaches","7":"product_tag-blokada","8":"product_tag-dl-0-17-022-01","9":"product_tag-dl-017-022-02","10":"product_tag-dl-o-17-022-03","11":"product_tag-dl-o-17-022-04","12":"product_tag-drzwi","13":"product_tag-kolej","14":"product_tag-sprezyna","15":"product_tag-uklad","16":"product_tag-wagon-en","17":"product_tag-wagon","18":"product_tag-wejsciowe","20":"first","21":"instock","22":"shipping-taxable","23":"purchasable","24":"product-type-simple"},"yoast_head":"<!-- This site is optimized with the Yoast SEO plugin v23.0 - https:\/\/yoast.com\/wordpress\/plugins\/seo\/ -->\n<title>Springs of door locking system<\/title>\n<meta name=\"description\" content=\"Springs of door locking system\" \/>\n<meta name=\"robots\" content=\"index, follow, max-snippet:-1, max-image-preview:large, max-video-preview:-1\" \/>\n<link rel=\"canonical\" href=\"https:\/\/darpol.bydgoszcz.pl\/en\/offer\/rolling-stock\/passenger-coaches\/springs-of-door-locking-system\/\" \/>\n<meta property=\"og:locale\" content=\"en_US\" \/>\n<meta property=\"og:type\" content=\"article\" \/>\n<meta property=\"og:title\" content=\"Springs of door locking system\" \/>\n<meta property=\"og:description\" content=\"Springs of door locking system\" \/>\n<meta property=\"og:url\" content=\"https:\/\/darpol.bydgoszcz.pl\/en\/offer\/rolling-stock\/passenger-coaches\/springs-of-door-locking-system\/\" \/>\n<meta property=\"og:site_name\" content=\"Darpol Bydgoszcz\" \/>\n<meta property=\"og:image\" content=\"https:\/\/darpol.bydgoszcz.pl\/wp-content\/uploads\/418-573-sprezyny-ukladu-blokady-drzwi.jpg\" \/>\n\t<meta property=\"og:image:width\" content=\"689\" \/>\n\t<meta property=\"og:image:height\" content=\"499\" \/>\n\t<meta property=\"og:image:type\" content=\"image\/jpeg\" \/>\n<meta name=\"twitter:card\" content=\"summary_large_image\" \/>\n<script type=\"application\/ld+json\" class=\"yoast-schema-graph\">{\"@context\":\"https:\/\/schema.org\",\"@graph\":[{\"@type\":\"WebPage\",\"@id\":\"https:\/\/darpol.bydgoszcz.pl\/en\/offer\/rolling-stock\/passenger-coaches\/springs-of-door-locking-system\/\",\"url\":\"https:\/\/darpol.bydgoszcz.pl\/en\/offer\/rolling-stock\/passenger-coaches\/springs-of-door-locking-system\/\",\"name\":\"Springs of door locking system\",\"isPartOf\":{\"@id\":\"https:\/\/darpol.bydgoszcz.pl\/#website\"},\"primaryImageOfPage\":{\"@id\":\"https:\/\/darpol.bydgoszcz.pl\/en\/offer\/rolling-stock\/passenger-coaches\/springs-of-door-locking-system\/#primaryimage\"},\"image\":{\"@id\":\"https:\/\/darpol.bydgoszcz.pl\/en\/offer\/rolling-stock\/passenger-coaches\/springs-of-door-locking-system\/#primaryimage\"},\"thumbnailUrl\":\"https:\/\/darpol.bydgoszcz.pl\/wp-content\/uploads\/418-573-sprezyny-ukladu-blokady-drzwi.jpg\",\"datePublished\":\"2013-03-04T16:57:21+00:00\",\"dateModified\":\"2013-03-04T16:57:21+00:00\",\"description\":\"Springs of door locking system\",\"breadcrumb\":{\"@id\":\"https:\/\/darpol.bydgoszcz.pl\/en\/offer\/rolling-stock\/passenger-coaches\/springs-of-door-locking-system\/#breadcrumb\"},\"inLanguage\":\"en-US\",\"potentialAction\":[{\"@type\":\"ReadAction\",\"target\":[\"https:\/\/darpol.bydgoszcz.pl\/en\/offer\/rolling-stock\/passenger-coaches\/springs-of-door-locking-system\/\"]}]},{\"@type\":\"ImageObject\",\"inLanguage\":\"en-US\",\"@id\":\"https:\/\/darpol.bydgoszcz.pl\/en\/offer\/rolling-stock\/passenger-coaches\/springs-of-door-locking-system\/#primaryimage\",\"url\":\"https:\/\/darpol.bydgoszcz.pl\/wp-content\/uploads\/418-573-sprezyny-ukladu-blokady-drzwi.jpg\",\"contentUrl\":\"https:\/\/darpol.bydgoszcz.pl\/wp-content\/uploads\/418-573-sprezyny-ukladu-blokady-drzwi.jpg\",\"width\":689,\"height\":499,\"caption\":\"Spr\u0119\u017cyny uk\u0142adu blokady drzwi\"},{\"@type\":\"BreadcrumbList\",\"@id\":\"https:\/\/darpol.bydgoszcz.pl\/en\/offer\/rolling-stock\/passenger-coaches\/springs-of-door-locking-system\/#breadcrumb\",\"itemListElement\":[{\"@type\":\"ListItem\",\"position\":1,\"name\":\"Strona g\u0142\u00f3wna\",\"item\":\"https:\/\/darpol.bydgoszcz.pl\/en\/\"},{\"@type\":\"ListItem\",\"position\":2,\"name\":\"Oferta\",\"item\":\"https:\/\/darpol.bydgoszcz.pl\/oferta\/\"},{\"@type\":\"ListItem\",\"position\":3,\"name\":\"Springs for electromagnetic locking system DL-O 17 022-00\"}]},{\"@type\":\"WebSite\",\"@id\":\"https:\/\/darpol.bydgoszcz.pl\/#website\",\"url\":\"https:\/\/darpol.bydgoszcz.pl\/\",\"name\":\"Darpol Bydgoszcz\",\"description\":\"\",\"potentialAction\":[{\"@type\":\"SearchAction\",\"target\":{\"@type\":\"EntryPoint\",\"urlTemplate\":\"https:\/\/darpol.bydgoszcz.pl\/?s={search_term_string}\"},\"query-input\":\"required name=search_term_string\"}],\"inLanguage\":\"en-US\"}]}<\/script>\n<!-- \/ Yoast SEO plugin. -->","yoast_head_json":{"title":"Springs of door locking system","description":"Springs of door locking system","robots":{"index":"index","follow":"follow","max-snippet":"max-snippet:-1","max-image-preview":"max-image-preview:large","max-video-preview":"max-video-preview:-1"},"canonical":"https:\/\/darpol.bydgoszcz.pl\/en\/offer\/rolling-stock\/passenger-coaches\/springs-of-door-locking-system\/","og_locale":"en_US","og_type":"article","og_title":"Springs of door locking system","og_description":"Springs of door locking system","og_url":"https:\/\/darpol.bydgoszcz.pl\/en\/offer\/rolling-stock\/passenger-coaches\/springs-of-door-locking-system\/","og_site_name":"Darpol Bydgoszcz","og_image":[{"width":689,"height":499,"url":"https:\/\/darpol.bydgoszcz.pl\/wp-content\/uploads\/418-573-sprezyny-ukladu-blokady-drzwi.jpg","type":"image\/jpeg"}],"twitter_card":"summary_large_image","schema":{"@context":"https:\/\/schema.org","@graph":[{"@type":"WebPage","@id":"https:\/\/darpol.bydgoszcz.pl\/en\/offer\/rolling-stock\/passenger-coaches\/springs-of-door-locking-system\/","url":"https:\/\/darpol.bydgoszcz.pl\/en\/offer\/rolling-stock\/passenger-coaches\/springs-of-door-locking-system\/","name":"Springs of door locking system","isPartOf":{"@id":"https:\/\/darpol.bydgoszcz.pl\/#website"},"primaryImageOfPage":{"@id":"https:\/\/darpol.bydgoszcz.pl\/en\/offer\/rolling-stock\/passenger-coaches\/springs-of-door-locking-system\/#primaryimage"},"image":{"@id":"https:\/\/darpol.bydgoszcz.pl\/en\/offer\/rolling-stock\/passenger-coaches\/springs-of-door-locking-system\/#primaryimage"},"thumbnailUrl":"https:\/\/darpol.bydgoszcz.pl\/wp-content\/uploads\/418-573-sprezyny-ukladu-blokady-drzwi.jpg","datePublished":"2013-03-04T16:57:21+00:00","dateModified":"2013-03-04T16:57:21+00:00","description":"Springs of door locking system","breadcrumb":{"@id":"https:\/\/darpol.bydgoszcz.pl\/en\/offer\/rolling-stock\/passenger-coaches\/springs-of-door-locking-system\/#breadcrumb"},"inLanguage":"en-US","potentialAction":[{"@type":"ReadAction","target":["https:\/\/darpol.bydgoszcz.pl\/en\/offer\/rolling-stock\/passenger-coaches\/springs-of-door-locking-system\/"]}]},{"@type":"ImageObject","inLanguage":"en-US","@id":"https:\/\/darpol.bydgoszcz.pl\/en\/offer\/rolling-stock\/passenger-coaches\/springs-of-door-locking-system\/#primaryimage","url":"https:\/\/darpol.bydgoszcz.pl\/wp-content\/uploads\/418-573-sprezyny-ukladu-blokady-drzwi.jpg","contentUrl":"https:\/\/darpol.bydgoszcz.pl\/wp-content\/uploads\/418-573-sprezyny-ukladu-blokady-drzwi.jpg","width":689,"height":499,"caption":"Spr\u0119\u017cyny uk\u0142adu blokady drzwi"},{"@type":"BreadcrumbList","@id":"https:\/\/darpol.bydgoszcz.pl\/en\/offer\/rolling-stock\/passenger-coaches\/springs-of-door-locking-system\/#breadcrumb","itemListElement":[{"@type":"ListItem","position":1,"name":"Strona g\u0142\u00f3wna","item":"https:\/\/darpol.bydgoszcz.pl\/en\/"},{"@type":"ListItem","position":2,"name":"Oferta","item":"https:\/\/darpol.bydgoszcz.pl\/oferta\/"},{"@type":"ListItem","position":3,"name":"Springs for electromagnetic locking system DL-O 17 022-00"}]},{"@type":"WebSite","@id":"https:\/\/darpol.bydgoszcz.pl\/#website","url":"https:\/\/darpol.bydgoszcz.pl\/","name":"Darpol Bydgoszcz","description":"","potentialAction":[{"@type":"SearchAction","target":{"@type":"EntryPoint","urlTemplate":"https:\/\/darpol.bydgoszcz.pl\/?s={search_term_string}"},"query-input":"required name=search_term_string"}],"inLanguage":"en-US"}]}},"_links":{"self":[{"href":"https:\/\/darpol.bydgoszcz.pl\/en\/wp-json\/wp\/v2\/product\/9957","targetHints":{"allow":["GET"]}}],"collection":[{"href":"https:\/\/darpol.bydgoszcz.pl\/en\/wp-json\/wp\/v2\/product"}],"about":[{"href":"https:\/\/darpol.bydgoszcz.pl\/en\/wp-json\/wp\/v2\/types\/product"}],"wp:featuredmedia":[{"embeddable":true,"href":"https:\/\/darpol.bydgoszcz.pl\/en\/wp-json\/wp\/v2\/media\/9956"}],"wp:attachment":[{"href":"https:\/\/darpol.bydgoszcz.pl\/en\/wp-json\/wp\/v2\/media?parent=9957"}],"wp:term":[{"taxonomy":"product_cat","embeddable":true,"href":"https:\/\/darpol.bydgoszcz.pl\/en\/wp-json\/wp\/v2\/product_cat?post=9957"},{"taxonomy":"product_tag","embeddable":true,"href":"https:\/\/darpol.bydgoszcz.pl\/en\/wp-json\/wp\/v2\/product_tag?post=9957"}],"curies":[{"name":"wp","href":"https:\/\/api.w.org\/{rel}","templated":true}]}}