{"id":9933,"date":"2013-03-04T17:51:47","date_gmt":"2013-03-04T16:51:47","guid":{"rendered":"http:\/\/darpol.bydgoszcz.pl\/sklep\/passenger-coaches\/impulse-amplifier-wsl3-dl-o-30-013-00\/"},"modified":"2013-03-04T17:51:47","modified_gmt":"2013-03-04T16:51:47","slug":"impulse-amplifier-wsl3-dl-o-30-013-00","status":"publish","type":"product","link":"https:\/\/darpol.bydgoszcz.pl\/en\/offer\/rolling-stock\/door-locks-latches\/impulse-amplifier-wsl3-dl-o-30-013-00\/","title":{"rendered":"WSL- 3 impulse amplifier for speed locking system DL-O 30 013-00"},"content":{"rendered":"<div style=\"clear:both\"><a href=\"javascript:window.print()\"><i class=\"fa fa-print\" aria-hidden=\"true\"><\/i> Print this page<\/a><\/div>","protected":false},"excerpt":{"rendered":"<p>Print this page<\/p>\n","protected":false},"featured_media":9932,"template":"","meta":{"om_disable_all_campaigns":false,"_monsterinsights_skip_tracking":false,"_monsterinsights_sitenote_active":false,"_monsterinsights_sitenote_note":"","_monsterinsights_sitenote_category":0,"_uf_show_specific_survey":0,"_uf_disable_surveys":false},"product_cat":[292,303,339],"product_tag":[430,4471,4469,4477,4473,5118,4475],"class_list":{"0":"post-9933","1":"product","2":"type-product","3":"status-publish","4":"has-post-thumbnail","6":"product_cat-door-locks-latches","7":"product_cat-electric-and-electronic","8":"product_cat-passenger-coaches","9":"product_tag-blokada","10":"product_tag-dl-0-30-013-00-en","11":"product_tag-dl-o-30-013-00-en","12":"product_tag-impulsow-en","13":"product_tag-wsl-en","14":"product_tag-wsl3-en","15":"product_tag-wzmacniacz-en","17":"first","18":"instock","19":"shipping-taxable","20":"purchasable","21":"product-type-simple"},"yoast_head":"<!-- This site is optimized with the Yoast SEO plugin v23.0 - https:\/\/yoast.com\/wordpress\/plugins\/seo\/ -->\n<title>Impulse amplifier WSL3 DL-O 30 013-00<\/title>\n<meta name=\"description\" content=\"Impulse amplifier WSL 3 DL-O 30 013-00\" \/>\n<meta name=\"robots\" content=\"index, follow, max-snippet:-1, max-image-preview:large, max-video-preview:-1\" \/>\n<link rel=\"canonical\" href=\"https:\/\/darpol.bydgoszcz.pl\/en\/offer\/rolling-stock\/door-locks-latches\/impulse-amplifier-wsl3-dl-o-30-013-00\/\" \/>\n<meta property=\"og:locale\" content=\"en_US\" \/>\n<meta property=\"og:type\" content=\"article\" \/>\n<meta property=\"og:title\" content=\"Impulse amplifier WSL3 DL-O 30 013-00\" \/>\n<meta property=\"og:description\" content=\"Impulse amplifier WSL 3 DL-O 30 013-00\" \/>\n<meta property=\"og:url\" content=\"https:\/\/darpol.bydgoszcz.pl\/en\/offer\/rolling-stock\/door-locks-latches\/impulse-amplifier-wsl3-dl-o-30-013-00\/\" \/>\n<meta property=\"og:site_name\" content=\"Darpol Bydgoszcz\" \/>\n<meta property=\"og:image\" content=\"https:\/\/darpol.bydgoszcz.pl\/wp-content\/uploads\/416-571-wzmacniacz-impulsow-ukladu-blokowania-predkosci-wsl3-d-dl-o-30-013-00.jpg\" \/>\n\t<meta property=\"og:image:width\" content=\"689\" \/>\n\t<meta property=\"og:image:height\" content=\"602\" \/>\n\t<meta property=\"og:image:type\" content=\"image\/jpeg\" \/>\n<meta name=\"twitter:card\" content=\"summary_large_image\" \/>\n<script type=\"application\/ld+json\" class=\"yoast-schema-graph\">{\"@context\":\"https:\/\/schema.org\",\"@graph\":[{\"@type\":\"WebPage\",\"@id\":\"https:\/\/darpol.bydgoszcz.pl\/en\/offer\/rolling-stock\/door-locks-latches\/impulse-amplifier-wsl3-dl-o-30-013-00\/\",\"url\":\"https:\/\/darpol.bydgoszcz.pl\/en\/offer\/rolling-stock\/door-locks-latches\/impulse-amplifier-wsl3-dl-o-30-013-00\/\",\"name\":\"Impulse amplifier WSL3 DL-O 30 013-00\",\"isPartOf\":{\"@id\":\"https:\/\/darpol.bydgoszcz.pl\/#website\"},\"primaryImageOfPage\":{\"@id\":\"https:\/\/darpol.bydgoszcz.pl\/en\/offer\/rolling-stock\/door-locks-latches\/impulse-amplifier-wsl3-dl-o-30-013-00\/#primaryimage\"},\"image\":{\"@id\":\"https:\/\/darpol.bydgoszcz.pl\/en\/offer\/rolling-stock\/door-locks-latches\/impulse-amplifier-wsl3-dl-o-30-013-00\/#primaryimage\"},\"thumbnailUrl\":\"https:\/\/darpol.bydgoszcz.pl\/wp-content\/uploads\/416-571-wzmacniacz-impulsow-ukladu-blokowania-predkosci-wsl3-d-dl-o-30-013-00.jpg\",\"datePublished\":\"2013-03-04T16:51:47+00:00\",\"dateModified\":\"2013-03-04T16:51:47+00:00\",\"description\":\"Impulse amplifier WSL 3 DL-O 30 013-00\",\"breadcrumb\":{\"@id\":\"https:\/\/darpol.bydgoszcz.pl\/en\/offer\/rolling-stock\/door-locks-latches\/impulse-amplifier-wsl3-dl-o-30-013-00\/#breadcrumb\"},\"inLanguage\":\"en-US\",\"potentialAction\":[{\"@type\":\"ReadAction\",\"target\":[\"https:\/\/darpol.bydgoszcz.pl\/en\/offer\/rolling-stock\/door-locks-latches\/impulse-amplifier-wsl3-dl-o-30-013-00\/\"]}]},{\"@type\":\"ImageObject\",\"inLanguage\":\"en-US\",\"@id\":\"https:\/\/darpol.bydgoszcz.pl\/en\/offer\/rolling-stock\/door-locks-latches\/impulse-amplifier-wsl3-dl-o-30-013-00\/#primaryimage\",\"url\":\"https:\/\/darpol.bydgoszcz.pl\/wp-content\/uploads\/416-571-wzmacniacz-impulsow-ukladu-blokowania-predkosci-wsl3-d-dl-o-30-013-00.jpg\",\"contentUrl\":\"https:\/\/darpol.bydgoszcz.pl\/wp-content\/uploads\/416-571-wzmacniacz-impulsow-ukladu-blokowania-predkosci-wsl3-d-dl-o-30-013-00.jpg\",\"width\":689,\"height\":602,\"caption\":\"Wzmacniacz impuls\u00f3w uk\u0142adu blokowania pr\u0119dko\u015bci WSL3 -D DL-O 30 013-00\"},{\"@type\":\"BreadcrumbList\",\"@id\":\"https:\/\/darpol.bydgoszcz.pl\/en\/offer\/rolling-stock\/door-locks-latches\/impulse-amplifier-wsl3-dl-o-30-013-00\/#breadcrumb\",\"itemListElement\":[{\"@type\":\"ListItem\",\"position\":1,\"name\":\"Strona g\u0142\u00f3wna\",\"item\":\"https:\/\/darpol.bydgoszcz.pl\/en\/\"},{\"@type\":\"ListItem\",\"position\":2,\"name\":\"Oferta\",\"item\":\"https:\/\/darpol.bydgoszcz.pl\/oferta\/\"},{\"@type\":\"ListItem\",\"position\":3,\"name\":\"WSL- 3 impulse amplifier for speed locking system DL-O 30 013-00\"}]},{\"@type\":\"WebSite\",\"@id\":\"https:\/\/darpol.bydgoszcz.pl\/#website\",\"url\":\"https:\/\/darpol.bydgoszcz.pl\/\",\"name\":\"Darpol Bydgoszcz\",\"description\":\"\",\"potentialAction\":[{\"@type\":\"SearchAction\",\"target\":{\"@type\":\"EntryPoint\",\"urlTemplate\":\"https:\/\/darpol.bydgoszcz.pl\/?s={search_term_string}\"},\"query-input\":\"required name=search_term_string\"}],\"inLanguage\":\"en-US\"}]}<\/script>\n<!-- \/ Yoast SEO plugin. -->","yoast_head_json":{"title":"Impulse amplifier WSL3 DL-O 30 013-00","description":"Impulse amplifier WSL 3 DL-O 30 013-00","robots":{"index":"index","follow":"follow","max-snippet":"max-snippet:-1","max-image-preview":"max-image-preview:large","max-video-preview":"max-video-preview:-1"},"canonical":"https:\/\/darpol.bydgoszcz.pl\/en\/offer\/rolling-stock\/door-locks-latches\/impulse-amplifier-wsl3-dl-o-30-013-00\/","og_locale":"en_US","og_type":"article","og_title":"Impulse amplifier WSL3 DL-O 30 013-00","og_description":"Impulse amplifier WSL 3 DL-O 30 013-00","og_url":"https:\/\/darpol.bydgoszcz.pl\/en\/offer\/rolling-stock\/door-locks-latches\/impulse-amplifier-wsl3-dl-o-30-013-00\/","og_site_name":"Darpol Bydgoszcz","og_image":[{"width":689,"height":602,"url":"https:\/\/darpol.bydgoszcz.pl\/wp-content\/uploads\/416-571-wzmacniacz-impulsow-ukladu-blokowania-predkosci-wsl3-d-dl-o-30-013-00.jpg","type":"image\/jpeg"}],"twitter_card":"summary_large_image","schema":{"@context":"https:\/\/schema.org","@graph":[{"@type":"WebPage","@id":"https:\/\/darpol.bydgoszcz.pl\/en\/offer\/rolling-stock\/door-locks-latches\/impulse-amplifier-wsl3-dl-o-30-013-00\/","url":"https:\/\/darpol.bydgoszcz.pl\/en\/offer\/rolling-stock\/door-locks-latches\/impulse-amplifier-wsl3-dl-o-30-013-00\/","name":"Impulse amplifier WSL3 DL-O 30 013-00","isPartOf":{"@id":"https:\/\/darpol.bydgoszcz.pl\/#website"},"primaryImageOfPage":{"@id":"https:\/\/darpol.bydgoszcz.pl\/en\/offer\/rolling-stock\/door-locks-latches\/impulse-amplifier-wsl3-dl-o-30-013-00\/#primaryimage"},"image":{"@id":"https:\/\/darpol.bydgoszcz.pl\/en\/offer\/rolling-stock\/door-locks-latches\/impulse-amplifier-wsl3-dl-o-30-013-00\/#primaryimage"},"thumbnailUrl":"https:\/\/darpol.bydgoszcz.pl\/wp-content\/uploads\/416-571-wzmacniacz-impulsow-ukladu-blokowania-predkosci-wsl3-d-dl-o-30-013-00.jpg","datePublished":"2013-03-04T16:51:47+00:00","dateModified":"2013-03-04T16:51:47+00:00","description":"Impulse amplifier WSL 3 DL-O 30 013-00","breadcrumb":{"@id":"https:\/\/darpol.bydgoszcz.pl\/en\/offer\/rolling-stock\/door-locks-latches\/impulse-amplifier-wsl3-dl-o-30-013-00\/#breadcrumb"},"inLanguage":"en-US","potentialAction":[{"@type":"ReadAction","target":["https:\/\/darpol.bydgoszcz.pl\/en\/offer\/rolling-stock\/door-locks-latches\/impulse-amplifier-wsl3-dl-o-30-013-00\/"]}]},{"@type":"ImageObject","inLanguage":"en-US","@id":"https:\/\/darpol.bydgoszcz.pl\/en\/offer\/rolling-stock\/door-locks-latches\/impulse-amplifier-wsl3-dl-o-30-013-00\/#primaryimage","url":"https:\/\/darpol.bydgoszcz.pl\/wp-content\/uploads\/416-571-wzmacniacz-impulsow-ukladu-blokowania-predkosci-wsl3-d-dl-o-30-013-00.jpg","contentUrl":"https:\/\/darpol.bydgoszcz.pl\/wp-content\/uploads\/416-571-wzmacniacz-impulsow-ukladu-blokowania-predkosci-wsl3-d-dl-o-30-013-00.jpg","width":689,"height":602,"caption":"Wzmacniacz impuls\u00f3w uk\u0142adu blokowania pr\u0119dko\u015bci WSL3 -D DL-O 30 013-00"},{"@type":"BreadcrumbList","@id":"https:\/\/darpol.bydgoszcz.pl\/en\/offer\/rolling-stock\/door-locks-latches\/impulse-amplifier-wsl3-dl-o-30-013-00\/#breadcrumb","itemListElement":[{"@type":"ListItem","position":1,"name":"Strona g\u0142\u00f3wna","item":"https:\/\/darpol.bydgoszcz.pl\/en\/"},{"@type":"ListItem","position":2,"name":"Oferta","item":"https:\/\/darpol.bydgoszcz.pl\/oferta\/"},{"@type":"ListItem","position":3,"name":"WSL- 3 impulse amplifier for speed locking system DL-O 30 013-00"}]},{"@type":"WebSite","@id":"https:\/\/darpol.bydgoszcz.pl\/#website","url":"https:\/\/darpol.bydgoszcz.pl\/","name":"Darpol Bydgoszcz","description":"","potentialAction":[{"@type":"SearchAction","target":{"@type":"EntryPoint","urlTemplate":"https:\/\/darpol.bydgoszcz.pl\/?s={search_term_string}"},"query-input":"required name=search_term_string"}],"inLanguage":"en-US"}]}},"_links":{"self":[{"href":"https:\/\/darpol.bydgoszcz.pl\/en\/wp-json\/wp\/v2\/product\/9933","targetHints":{"allow":["GET"]}}],"collection":[{"href":"https:\/\/darpol.bydgoszcz.pl\/en\/wp-json\/wp\/v2\/product"}],"about":[{"href":"https:\/\/darpol.bydgoszcz.pl\/en\/wp-json\/wp\/v2\/types\/product"}],"wp:featuredmedia":[{"embeddable":true,"href":"https:\/\/darpol.bydgoszcz.pl\/en\/wp-json\/wp\/v2\/media\/9932"}],"wp:attachment":[{"href":"https:\/\/darpol.bydgoszcz.pl\/en\/wp-json\/wp\/v2\/media?parent=9933"}],"wp:term":[{"taxonomy":"product_cat","embeddable":true,"href":"https:\/\/darpol.bydgoszcz.pl\/en\/wp-json\/wp\/v2\/product_cat?post=9933"},{"taxonomy":"product_tag","embeddable":true,"href":"https:\/\/darpol.bydgoszcz.pl\/en\/wp-json\/wp\/v2\/product_tag?post=9933"}],"curies":[{"name":"wp","href":"https:\/\/api.w.org\/{rel}","templated":true}]}}