{"id":8869,"date":"2013-02-20T15:15:11","date_gmt":"2013-02-20T14:15:11","guid":{"rendered":"http:\/\/darpol.bydgoszcz.pl\/sklep\/other-components\/kolo-zebate-hamulca-bezpieczestwa-dl-o-04-015-00-2\/"},"modified":"2013-02-20T15:15:11","modified_gmt":"2013-02-20T14:15:11","slug":"kolo-zebate-hamulca-bezpieczestwa-dl-o-04-015-00-2","status":"publish","type":"product","link":"https:\/\/darpol.bydgoszcz.pl\/en\/offer\/rolling-stock\/other-spares\/kolo-zebate-hamulca-bezpieczestwa-dl-o-04-015-00-2\/","title":{"rendered":"Emergency brake gear wheel  DL-O 04 015-00"},"content":{"rendered":"<div style=\"clear:both\"><a href=\"javascript:window.print()\"><i class=\"fa fa-print\" aria-hidden=\"true\"><\/i> Print this page<\/a><\/div>","protected":false},"excerpt":{"rendered":"<p>Print this page<\/p>\n","protected":false},"featured_media":8868,"template":"","meta":{"om_disable_all_campaigns":false,"_monsterinsights_skip_tracking":false,"_monsterinsights_sitenote_active":false,"_monsterinsights_sitenote_note":"","_monsterinsights_sitenote_category":0,"_uf_show_specific_survey":0,"_uf_disable_surveys":false},"product_cat":[321,333],"product_tag":[5942,1423,1422,5940,525,5392,1087,704,4780,1421,5938,1424,5944],"class_list":{"0":"post-8869","1":"product","2":"type-product","3":"status-publish","4":"has-post-thumbnail","6":"product_cat-other-spares","7":"product_cat-emu-dmu","8":"product_tag-bezpieczenstwa-en","9":"product_tag-bezpieczenstwa","10":"product_tag-dl-0-04-015-00","11":"product_tag-dl-0-04-015-00-en","12":"product_tag-ezt","13":"product_tag-hamulec-en","14":"product_tag-hamulec","15":"product_tag-kolo","16":"product_tag-kolo-en","17":"product_tag-kolo-zebate-hamulca-bezpieczenstwa","18":"product_tag-kolo-zebate-hamulca-bezpieczenstwa-en","19":"product_tag-zebate","20":"product_tag-zebate-en","22":"first","23":"instock","24":"shipping-taxable","25":"purchasable","26":"product-type-simple"},"yoast_head":"<!-- This site is optimized with the Yoast SEO plugin v23.0 - https:\/\/yoast.com\/wordpress\/plugins\/seo\/ -->\n<title>Emergency brake gear wheel DL-O 04 015-00 - Darpol Bydgoszcz<\/title>\n<meta name=\"robots\" content=\"index, follow, max-snippet:-1, max-image-preview:large, max-video-preview:-1\" \/>\n<link rel=\"canonical\" href=\"https:\/\/darpol.bydgoszcz.pl\/en\/offer\/rolling-stock\/other-spares\/kolo-zebate-hamulca-bezpieczestwa-dl-o-04-015-00-2\/\" \/>\n<meta property=\"og:locale\" content=\"en_US\" \/>\n<meta property=\"og:type\" content=\"article\" \/>\n<meta property=\"og:title\" content=\"Emergency brake gear wheel DL-O 04 015-00 - Darpol Bydgoszcz\" \/>\n<meta property=\"og:description\" content=\"Print this page\" \/>\n<meta property=\"og:url\" content=\"https:\/\/darpol.bydgoszcz.pl\/en\/offer\/rolling-stock\/other-spares\/kolo-zebate-hamulca-bezpieczestwa-dl-o-04-015-00-2\/\" \/>\n<meta property=\"og:site_name\" content=\"Darpol Bydgoszcz\" \/>\n<meta property=\"og:image\" content=\"https:\/\/darpol.bydgoszcz.pl\/wp-content\/uploads\/341-482-kolo-zebate-hamulca-bezpieczenstwa-dl-o-04-015-00.jpg\" \/>\n\t<meta property=\"og:image:width\" content=\"359\" \/>\n\t<meta property=\"og:image:height\" content=\"336\" \/>\n\t<meta property=\"og:image:type\" content=\"image\/jpeg\" \/>\n<meta name=\"twitter:card\" content=\"summary_large_image\" \/>\n<script type=\"application\/ld+json\" class=\"yoast-schema-graph\">{\"@context\":\"https:\/\/schema.org\",\"@graph\":[{\"@type\":\"WebPage\",\"@id\":\"https:\/\/darpol.bydgoszcz.pl\/en\/offer\/rolling-stock\/other-spares\/kolo-zebate-hamulca-bezpieczestwa-dl-o-04-015-00-2\/\",\"url\":\"https:\/\/darpol.bydgoszcz.pl\/en\/offer\/rolling-stock\/other-spares\/kolo-zebate-hamulca-bezpieczestwa-dl-o-04-015-00-2\/\",\"name\":\"Emergency brake gear wheel DL-O 04 015-00 - Darpol Bydgoszcz\",\"isPartOf\":{\"@id\":\"https:\/\/darpol.bydgoszcz.pl\/#website\"},\"primaryImageOfPage\":{\"@id\":\"https:\/\/darpol.bydgoszcz.pl\/en\/offer\/rolling-stock\/other-spares\/kolo-zebate-hamulca-bezpieczestwa-dl-o-04-015-00-2\/#primaryimage\"},\"image\":{\"@id\":\"https:\/\/darpol.bydgoszcz.pl\/en\/offer\/rolling-stock\/other-spares\/kolo-zebate-hamulca-bezpieczestwa-dl-o-04-015-00-2\/#primaryimage\"},\"thumbnailUrl\":\"https:\/\/darpol.bydgoszcz.pl\/wp-content\/uploads\/341-482-kolo-zebate-hamulca-bezpieczenstwa-dl-o-04-015-00.jpg\",\"datePublished\":\"2013-02-20T14:15:11+00:00\",\"dateModified\":\"2013-02-20T14:15:11+00:00\",\"breadcrumb\":{\"@id\":\"https:\/\/darpol.bydgoszcz.pl\/en\/offer\/rolling-stock\/other-spares\/kolo-zebate-hamulca-bezpieczestwa-dl-o-04-015-00-2\/#breadcrumb\"},\"inLanguage\":\"en-US\",\"potentialAction\":[{\"@type\":\"ReadAction\",\"target\":[\"https:\/\/darpol.bydgoszcz.pl\/en\/offer\/rolling-stock\/other-spares\/kolo-zebate-hamulca-bezpieczestwa-dl-o-04-015-00-2\/\"]}]},{\"@type\":\"ImageObject\",\"inLanguage\":\"en-US\",\"@id\":\"https:\/\/darpol.bydgoszcz.pl\/en\/offer\/rolling-stock\/other-spares\/kolo-zebate-hamulca-bezpieczestwa-dl-o-04-015-00-2\/#primaryimage\",\"url\":\"https:\/\/darpol.bydgoszcz.pl\/wp-content\/uploads\/341-482-kolo-zebate-hamulca-bezpieczenstwa-dl-o-04-015-00.jpg\",\"contentUrl\":\"https:\/\/darpol.bydgoszcz.pl\/wp-content\/uploads\/341-482-kolo-zebate-hamulca-bezpieczenstwa-dl-o-04-015-00.jpg\",\"width\":359,\"height\":336,\"caption\":\"Ko\u0142o z\u0119bate hamulca bezpiecze\u0144stwa DL-O 04 015-00\"},{\"@type\":\"BreadcrumbList\",\"@id\":\"https:\/\/darpol.bydgoszcz.pl\/en\/offer\/rolling-stock\/other-spares\/kolo-zebate-hamulca-bezpieczestwa-dl-o-04-015-00-2\/#breadcrumb\",\"itemListElement\":[{\"@type\":\"ListItem\",\"position\":1,\"name\":\"Strona g\u0142\u00f3wna\",\"item\":\"https:\/\/darpol.bydgoszcz.pl\/en\/\"},{\"@type\":\"ListItem\",\"position\":2,\"name\":\"Oferta\",\"item\":\"https:\/\/darpol.bydgoszcz.pl\/oferta\/\"},{\"@type\":\"ListItem\",\"position\":3,\"name\":\"Emergency brake gear wheel DL-O 04 015-00\"}]},{\"@type\":\"WebSite\",\"@id\":\"https:\/\/darpol.bydgoszcz.pl\/#website\",\"url\":\"https:\/\/darpol.bydgoszcz.pl\/\",\"name\":\"Darpol Bydgoszcz\",\"description\":\"\",\"potentialAction\":[{\"@type\":\"SearchAction\",\"target\":{\"@type\":\"EntryPoint\",\"urlTemplate\":\"https:\/\/darpol.bydgoszcz.pl\/?s={search_term_string}\"},\"query-input\":\"required name=search_term_string\"}],\"inLanguage\":\"en-US\"}]}<\/script>\n<!-- \/ Yoast SEO plugin. -->","yoast_head_json":{"title":"Emergency brake gear wheel DL-O 04 015-00 - Darpol Bydgoszcz","robots":{"index":"index","follow":"follow","max-snippet":"max-snippet:-1","max-image-preview":"max-image-preview:large","max-video-preview":"max-video-preview:-1"},"canonical":"https:\/\/darpol.bydgoszcz.pl\/en\/offer\/rolling-stock\/other-spares\/kolo-zebate-hamulca-bezpieczestwa-dl-o-04-015-00-2\/","og_locale":"en_US","og_type":"article","og_title":"Emergency brake gear wheel DL-O 04 015-00 - Darpol Bydgoszcz","og_description":"Print this page","og_url":"https:\/\/darpol.bydgoszcz.pl\/en\/offer\/rolling-stock\/other-spares\/kolo-zebate-hamulca-bezpieczestwa-dl-o-04-015-00-2\/","og_site_name":"Darpol Bydgoszcz","og_image":[{"width":359,"height":336,"url":"https:\/\/darpol.bydgoszcz.pl\/wp-content\/uploads\/341-482-kolo-zebate-hamulca-bezpieczenstwa-dl-o-04-015-00.jpg","type":"image\/jpeg"}],"twitter_card":"summary_large_image","schema":{"@context":"https:\/\/schema.org","@graph":[{"@type":"WebPage","@id":"https:\/\/darpol.bydgoszcz.pl\/en\/offer\/rolling-stock\/other-spares\/kolo-zebate-hamulca-bezpieczestwa-dl-o-04-015-00-2\/","url":"https:\/\/darpol.bydgoszcz.pl\/en\/offer\/rolling-stock\/other-spares\/kolo-zebate-hamulca-bezpieczestwa-dl-o-04-015-00-2\/","name":"Emergency brake gear wheel DL-O 04 015-00 - Darpol Bydgoszcz","isPartOf":{"@id":"https:\/\/darpol.bydgoszcz.pl\/#website"},"primaryImageOfPage":{"@id":"https:\/\/darpol.bydgoszcz.pl\/en\/offer\/rolling-stock\/other-spares\/kolo-zebate-hamulca-bezpieczestwa-dl-o-04-015-00-2\/#primaryimage"},"image":{"@id":"https:\/\/darpol.bydgoszcz.pl\/en\/offer\/rolling-stock\/other-spares\/kolo-zebate-hamulca-bezpieczestwa-dl-o-04-015-00-2\/#primaryimage"},"thumbnailUrl":"https:\/\/darpol.bydgoszcz.pl\/wp-content\/uploads\/341-482-kolo-zebate-hamulca-bezpieczenstwa-dl-o-04-015-00.jpg","datePublished":"2013-02-20T14:15:11+00:00","dateModified":"2013-02-20T14:15:11+00:00","breadcrumb":{"@id":"https:\/\/darpol.bydgoszcz.pl\/en\/offer\/rolling-stock\/other-spares\/kolo-zebate-hamulca-bezpieczestwa-dl-o-04-015-00-2\/#breadcrumb"},"inLanguage":"en-US","potentialAction":[{"@type":"ReadAction","target":["https:\/\/darpol.bydgoszcz.pl\/en\/offer\/rolling-stock\/other-spares\/kolo-zebate-hamulca-bezpieczestwa-dl-o-04-015-00-2\/"]}]},{"@type":"ImageObject","inLanguage":"en-US","@id":"https:\/\/darpol.bydgoszcz.pl\/en\/offer\/rolling-stock\/other-spares\/kolo-zebate-hamulca-bezpieczestwa-dl-o-04-015-00-2\/#primaryimage","url":"https:\/\/darpol.bydgoszcz.pl\/wp-content\/uploads\/341-482-kolo-zebate-hamulca-bezpieczenstwa-dl-o-04-015-00.jpg","contentUrl":"https:\/\/darpol.bydgoszcz.pl\/wp-content\/uploads\/341-482-kolo-zebate-hamulca-bezpieczenstwa-dl-o-04-015-00.jpg","width":359,"height":336,"caption":"Ko\u0142o z\u0119bate hamulca bezpiecze\u0144stwa DL-O 04 015-00"},{"@type":"BreadcrumbList","@id":"https:\/\/darpol.bydgoszcz.pl\/en\/offer\/rolling-stock\/other-spares\/kolo-zebate-hamulca-bezpieczestwa-dl-o-04-015-00-2\/#breadcrumb","itemListElement":[{"@type":"ListItem","position":1,"name":"Strona g\u0142\u00f3wna","item":"https:\/\/darpol.bydgoszcz.pl\/en\/"},{"@type":"ListItem","position":2,"name":"Oferta","item":"https:\/\/darpol.bydgoszcz.pl\/oferta\/"},{"@type":"ListItem","position":3,"name":"Emergency brake gear wheel DL-O 04 015-00"}]},{"@type":"WebSite","@id":"https:\/\/darpol.bydgoszcz.pl\/#website","url":"https:\/\/darpol.bydgoszcz.pl\/","name":"Darpol Bydgoszcz","description":"","potentialAction":[{"@type":"SearchAction","target":{"@type":"EntryPoint","urlTemplate":"https:\/\/darpol.bydgoszcz.pl\/?s={search_term_string}"},"query-input":"required name=search_term_string"}],"inLanguage":"en-US"}]}},"_links":{"self":[{"href":"https:\/\/darpol.bydgoszcz.pl\/en\/wp-json\/wp\/v2\/product\/8869","targetHints":{"allow":["GET"]}}],"collection":[{"href":"https:\/\/darpol.bydgoszcz.pl\/en\/wp-json\/wp\/v2\/product"}],"about":[{"href":"https:\/\/darpol.bydgoszcz.pl\/en\/wp-json\/wp\/v2\/types\/product"}],"wp:featuredmedia":[{"embeddable":true,"href":"https:\/\/darpol.bydgoszcz.pl\/en\/wp-json\/wp\/v2\/media\/8868"}],"wp:attachment":[{"href":"https:\/\/darpol.bydgoszcz.pl\/en\/wp-json\/wp\/v2\/media?parent=8869"}],"wp:term":[{"taxonomy":"product_cat","embeddable":true,"href":"https:\/\/darpol.bydgoszcz.pl\/en\/wp-json\/wp\/v2\/product_cat?post=8869"},{"taxonomy":"product_tag","embeddable":true,"href":"https:\/\/darpol.bydgoszcz.pl\/en\/wp-json\/wp\/v2\/product_tag?post=8869"}],"curies":[{"name":"wp","href":"https:\/\/api.w.org\/{rel}","templated":true}]}}