{"id":8641,"date":"2013-02-19T17:51:55","date_gmt":"2013-02-19T16:51:55","guid":{"rendered":"http:\/\/darpol.bydgoszcz.pl\/sklep\/elements-of-interior\/zabezpieczenie-klapy-sufitowej-i-lozka-kuszetki-dl-o-04-009-00-2\/"},"modified":"2026-02-04T12:26:56","modified_gmt":"2026-02-04T11:26:56","slug":"zabezpieczenie-klapy-sufitowej-i-lozka-kuszetki-dl-o-04-009-00-2","status":"publish","type":"product","link":"https:\/\/darpol.bydgoszcz.pl\/en\/offer\/rolling-stock\/zabezpieczenie-klapy-sufitowej-i-lozka-kuszetki-dl-o-04-009-00-2\/","title":{"rendered":"Protective strap for corridor and toilet cabin (WC) ceiling panel  DL-O 04 009-00"},"content":{"rendered":"<p><!-- [if gte mso 9]&gt;  Normal 0   21   false false false  PL X-NONE X-NONE              MicrosoftInternetExplorer4              &lt;![endif]--><\/p>\n<p><!-- [if gte mso 9]&gt;                                                                                                                                            &lt;![endif]--><!-- [if gte mso 10]&gt; &lt;! \/* Style Definitions *\/ table.MsoNormalTable {mso-style-name:Standardowy; mso-tstyle-rowband-size:0; mso-tstyle-colband-size:0; mso-style-noshow:yes; mso-style-priority:99; mso-style-qformat:yes; mso-style-parent:&quot;&quot;; mso-padding-alt:0cm 5.4pt 0cm 5.4pt; mso-para-margin:0cm; mso-para-margin-bottom:.0001pt; mso-pagination:widow-orphan; font-size:11.0pt; font-family:&quot;Calibri&quot;,&quot;sans-serif&quot;; mso-ascii-font-family:Calibri; mso-ascii-theme-font:minor-latin; mso-fareast-font-family:&quot;Times New Roman&quot;; mso-fareast-theme-font:minor-fareast; mso-hansi-font-family:Calibri; mso-hansi-theme-font:minor-latin; mso-bidi-font-family:&quot;Times New Roman&quot;; mso-bidi-theme-font:minor-bidi;} --> <!--[endif] --><span lang=\"EN-US\" style=\"font-size: 9.0pt;font-family: 'Verdana','sans-serif'\">Also available protective straps for sleeping compartment beds: DL-O 04 009-02<\/span><strong><span lang=\"EN-US\" style=\"font-size: 9.0pt;font-family: 'Verdana','sans-serif'\"><br \/>\n<\/span><\/strong><\/p>\n<div style=\"clear:both\"><a href=\"javascript:window.print()\"><i class=\"fa fa-print\" aria-hidden=\"true\"><\/i> Print this page<\/a><\/div>","protected":false},"excerpt":{"rendered":"<p>Also available protective straps for sleeping compartment beds: DL-O 04 009-02 Print this page<\/p>\n","protected":false},"featured_media":8640,"template":"","meta":{"om_disable_all_campaigns":false,"_monsterinsights_skip_tracking":false,"_monsterinsights_sitenote_active":false,"_monsterinsights_sitenote_note":"","_monsterinsights_sitenote_category":0,"_uf_show_specific_survey":0,"_uf_disable_surveys":false},"product_cat":[262],"product_tag":[3202,2907],"class_list":{"0":"post-8641","1":"product","2":"type-product","3":"status-publish","4":"has-post-thumbnail","6":"product_cat-rolling-stock","7":"product_tag-wagon-en","8":"product_tag-wc-en","10":"first","11":"instock","12":"shipping-taxable","13":"purchasable","14":"product-type-simple"},"yoast_head":"<!-- This site is optimized with the Yoast SEO plugin v23.0 - https:\/\/yoast.com\/wordpress\/plugins\/seo\/ -->\n<title>Protective strap for corridor and toilet cabin (WC) ceiling panel DL-O 04 009-00 - Darpol Bydgoszcz<\/title>\n<meta name=\"robots\" content=\"index, follow, max-snippet:-1, max-image-preview:large, max-video-preview:-1\" \/>\n<link rel=\"canonical\" href=\"https:\/\/darpol.bydgoszcz.pl\/en\/offer\/rolling-stock\/elements-of-interior\/zabezpieczenie-klapy-sufitowej-i-lozka-kuszetki-dl-o-04-009-00-2\/\" \/>\n<meta property=\"og:locale\" content=\"en_US\" \/>\n<meta property=\"og:type\" content=\"article\" \/>\n<meta property=\"og:title\" content=\"Protective strap for corridor and toilet cabin (WC) ceiling panel DL-O 04 009-00 - Darpol Bydgoszcz\" \/>\n<meta property=\"og:description\" content=\"Also available protective straps for sleeping compartment beds: DL-O 04 009-02 Print this page\" \/>\n<meta property=\"og:url\" content=\"https:\/\/darpol.bydgoszcz.pl\/en\/offer\/rolling-stock\/elements-of-interior\/zabezpieczenie-klapy-sufitowej-i-lozka-kuszetki-dl-o-04-009-00-2\/\" \/>\n<meta property=\"og:site_name\" content=\"Darpol Bydgoszcz\" \/>\n<meta property=\"article:modified_time\" content=\"2026-02-04T11:26:56+00:00\" \/>\n<meta property=\"og:image\" content=\"https:\/\/darpol.bydgoszcz.pl\/wp-content\/uploads\/323-461-zabezpieczenie-klapy-sufitowej-i-lozka-kuszetki-dl-o-04-009-00.jpg\" \/>\n\t<meta property=\"og:image:width\" content=\"689\" \/>\n\t<meta property=\"og:image:height\" content=\"602\" \/>\n\t<meta property=\"og:image:type\" content=\"image\/jpeg\" \/>\n<meta name=\"twitter:card\" content=\"summary_large_image\" \/>\n<script type=\"application\/ld+json\" class=\"yoast-schema-graph\">{\"@context\":\"https:\/\/schema.org\",\"@graph\":[{\"@type\":\"WebPage\",\"@id\":\"https:\/\/darpol.bydgoszcz.pl\/en\/offer\/rolling-stock\/elements-of-interior\/zabezpieczenie-klapy-sufitowej-i-lozka-kuszetki-dl-o-04-009-00-2\/\",\"url\":\"https:\/\/darpol.bydgoszcz.pl\/en\/offer\/rolling-stock\/elements-of-interior\/zabezpieczenie-klapy-sufitowej-i-lozka-kuszetki-dl-o-04-009-00-2\/\",\"name\":\"Protective strap for corridor and toilet cabin (WC) ceiling panel DL-O 04 009-00 - Darpol Bydgoszcz\",\"isPartOf\":{\"@id\":\"https:\/\/darpol.bydgoszcz.pl\/#website\"},\"primaryImageOfPage\":{\"@id\":\"https:\/\/darpol.bydgoszcz.pl\/en\/offer\/rolling-stock\/elements-of-interior\/zabezpieczenie-klapy-sufitowej-i-lozka-kuszetki-dl-o-04-009-00-2\/#primaryimage\"},\"image\":{\"@id\":\"https:\/\/darpol.bydgoszcz.pl\/en\/offer\/rolling-stock\/elements-of-interior\/zabezpieczenie-klapy-sufitowej-i-lozka-kuszetki-dl-o-04-009-00-2\/#primaryimage\"},\"thumbnailUrl\":\"https:\/\/darpol.bydgoszcz.pl\/wp-content\/uploads\/323-461-zabezpieczenie-klapy-sufitowej-i-lozka-kuszetki-dl-o-04-009-00.jpg\",\"datePublished\":\"2013-02-19T16:51:55+00:00\",\"dateModified\":\"2026-02-04T11:26:56+00:00\",\"breadcrumb\":{\"@id\":\"https:\/\/darpol.bydgoszcz.pl\/en\/offer\/rolling-stock\/elements-of-interior\/zabezpieczenie-klapy-sufitowej-i-lozka-kuszetki-dl-o-04-009-00-2\/#breadcrumb\"},\"inLanguage\":\"en-US\",\"potentialAction\":[{\"@type\":\"ReadAction\",\"target\":[\"https:\/\/darpol.bydgoszcz.pl\/en\/offer\/rolling-stock\/elements-of-interior\/zabezpieczenie-klapy-sufitowej-i-lozka-kuszetki-dl-o-04-009-00-2\/\"]}]},{\"@type\":\"ImageObject\",\"inLanguage\":\"en-US\",\"@id\":\"https:\/\/darpol.bydgoszcz.pl\/en\/offer\/rolling-stock\/elements-of-interior\/zabezpieczenie-klapy-sufitowej-i-lozka-kuszetki-dl-o-04-009-00-2\/#primaryimage\",\"url\":\"https:\/\/darpol.bydgoszcz.pl\/wp-content\/uploads\/323-461-zabezpieczenie-klapy-sufitowej-i-lozka-kuszetki-dl-o-04-009-00.jpg\",\"contentUrl\":\"https:\/\/darpol.bydgoszcz.pl\/wp-content\/uploads\/323-461-zabezpieczenie-klapy-sufitowej-i-lozka-kuszetki-dl-o-04-009-00.jpg\",\"width\":689,\"height\":602,\"caption\":\"Zabezpieczenie klapy sufitowej i \u0142\u00f3\u017cka kuszetki DL-O 04 009-00\"},{\"@type\":\"BreadcrumbList\",\"@id\":\"https:\/\/darpol.bydgoszcz.pl\/en\/offer\/rolling-stock\/elements-of-interior\/zabezpieczenie-klapy-sufitowej-i-lozka-kuszetki-dl-o-04-009-00-2\/#breadcrumb\",\"itemListElement\":[{\"@type\":\"ListItem\",\"position\":1,\"name\":\"Strona g\u0142\u00f3wna\",\"item\":\"https:\/\/darpol.bydgoszcz.pl\/en\/\"},{\"@type\":\"ListItem\",\"position\":2,\"name\":\"Oferta\",\"item\":\"https:\/\/darpol.bydgoszcz.pl\/oferta\/\"},{\"@type\":\"ListItem\",\"position\":3,\"name\":\"Protective strap for corridor and toilet cabin (WC) ceiling panel DL-O 04 009-00\"}]},{\"@type\":\"WebSite\",\"@id\":\"https:\/\/darpol.bydgoszcz.pl\/#website\",\"url\":\"https:\/\/darpol.bydgoszcz.pl\/\",\"name\":\"Darpol Bydgoszcz\",\"description\":\"\",\"potentialAction\":[{\"@type\":\"SearchAction\",\"target\":{\"@type\":\"EntryPoint\",\"urlTemplate\":\"https:\/\/darpol.bydgoszcz.pl\/?s={search_term_string}\"},\"query-input\":\"required name=search_term_string\"}],\"inLanguage\":\"en-US\"}]}<\/script>\n<!-- \/ Yoast SEO plugin. -->","yoast_head_json":{"title":"Protective strap for corridor and toilet cabin (WC) ceiling panel DL-O 04 009-00 - Darpol Bydgoszcz","robots":{"index":"index","follow":"follow","max-snippet":"max-snippet:-1","max-image-preview":"max-image-preview:large","max-video-preview":"max-video-preview:-1"},"canonical":"https:\/\/darpol.bydgoszcz.pl\/en\/offer\/rolling-stock\/elements-of-interior\/zabezpieczenie-klapy-sufitowej-i-lozka-kuszetki-dl-o-04-009-00-2\/","og_locale":"en_US","og_type":"article","og_title":"Protective strap for corridor and toilet cabin (WC) ceiling panel DL-O 04 009-00 - Darpol Bydgoszcz","og_description":"Also available protective straps for sleeping compartment beds: DL-O 04 009-02 Print this page","og_url":"https:\/\/darpol.bydgoszcz.pl\/en\/offer\/rolling-stock\/elements-of-interior\/zabezpieczenie-klapy-sufitowej-i-lozka-kuszetki-dl-o-04-009-00-2\/","og_site_name":"Darpol Bydgoszcz","article_modified_time":"2026-02-04T11:26:56+00:00","og_image":[{"width":689,"height":602,"url":"https:\/\/darpol.bydgoszcz.pl\/wp-content\/uploads\/323-461-zabezpieczenie-klapy-sufitowej-i-lozka-kuszetki-dl-o-04-009-00.jpg","type":"image\/jpeg"}],"twitter_card":"summary_large_image","schema":{"@context":"https:\/\/schema.org","@graph":[{"@type":"WebPage","@id":"https:\/\/darpol.bydgoszcz.pl\/en\/offer\/rolling-stock\/elements-of-interior\/zabezpieczenie-klapy-sufitowej-i-lozka-kuszetki-dl-o-04-009-00-2\/","url":"https:\/\/darpol.bydgoszcz.pl\/en\/offer\/rolling-stock\/elements-of-interior\/zabezpieczenie-klapy-sufitowej-i-lozka-kuszetki-dl-o-04-009-00-2\/","name":"Protective strap for corridor and toilet cabin (WC) ceiling panel DL-O 04 009-00 - Darpol Bydgoszcz","isPartOf":{"@id":"https:\/\/darpol.bydgoszcz.pl\/#website"},"primaryImageOfPage":{"@id":"https:\/\/darpol.bydgoszcz.pl\/en\/offer\/rolling-stock\/elements-of-interior\/zabezpieczenie-klapy-sufitowej-i-lozka-kuszetki-dl-o-04-009-00-2\/#primaryimage"},"image":{"@id":"https:\/\/darpol.bydgoszcz.pl\/en\/offer\/rolling-stock\/elements-of-interior\/zabezpieczenie-klapy-sufitowej-i-lozka-kuszetki-dl-o-04-009-00-2\/#primaryimage"},"thumbnailUrl":"https:\/\/darpol.bydgoszcz.pl\/wp-content\/uploads\/323-461-zabezpieczenie-klapy-sufitowej-i-lozka-kuszetki-dl-o-04-009-00.jpg","datePublished":"2013-02-19T16:51:55+00:00","dateModified":"2026-02-04T11:26:56+00:00","breadcrumb":{"@id":"https:\/\/darpol.bydgoszcz.pl\/en\/offer\/rolling-stock\/elements-of-interior\/zabezpieczenie-klapy-sufitowej-i-lozka-kuszetki-dl-o-04-009-00-2\/#breadcrumb"},"inLanguage":"en-US","potentialAction":[{"@type":"ReadAction","target":["https:\/\/darpol.bydgoszcz.pl\/en\/offer\/rolling-stock\/elements-of-interior\/zabezpieczenie-klapy-sufitowej-i-lozka-kuszetki-dl-o-04-009-00-2\/"]}]},{"@type":"ImageObject","inLanguage":"en-US","@id":"https:\/\/darpol.bydgoszcz.pl\/en\/offer\/rolling-stock\/elements-of-interior\/zabezpieczenie-klapy-sufitowej-i-lozka-kuszetki-dl-o-04-009-00-2\/#primaryimage","url":"https:\/\/darpol.bydgoszcz.pl\/wp-content\/uploads\/323-461-zabezpieczenie-klapy-sufitowej-i-lozka-kuszetki-dl-o-04-009-00.jpg","contentUrl":"https:\/\/darpol.bydgoszcz.pl\/wp-content\/uploads\/323-461-zabezpieczenie-klapy-sufitowej-i-lozka-kuszetki-dl-o-04-009-00.jpg","width":689,"height":602,"caption":"Zabezpieczenie klapy sufitowej i \u0142\u00f3\u017cka kuszetki DL-O 04 009-00"},{"@type":"BreadcrumbList","@id":"https:\/\/darpol.bydgoszcz.pl\/en\/offer\/rolling-stock\/elements-of-interior\/zabezpieczenie-klapy-sufitowej-i-lozka-kuszetki-dl-o-04-009-00-2\/#breadcrumb","itemListElement":[{"@type":"ListItem","position":1,"name":"Strona g\u0142\u00f3wna","item":"https:\/\/darpol.bydgoszcz.pl\/en\/"},{"@type":"ListItem","position":2,"name":"Oferta","item":"https:\/\/darpol.bydgoszcz.pl\/oferta\/"},{"@type":"ListItem","position":3,"name":"Protective strap for corridor and toilet cabin (WC) ceiling panel DL-O 04 009-00"}]},{"@type":"WebSite","@id":"https:\/\/darpol.bydgoszcz.pl\/#website","url":"https:\/\/darpol.bydgoszcz.pl\/","name":"Darpol Bydgoszcz","description":"","potentialAction":[{"@type":"SearchAction","target":{"@type":"EntryPoint","urlTemplate":"https:\/\/darpol.bydgoszcz.pl\/?s={search_term_string}"},"query-input":"required name=search_term_string"}],"inLanguage":"en-US"}]}},"_links":{"self":[{"href":"https:\/\/darpol.bydgoszcz.pl\/en\/wp-json\/wp\/v2\/product\/8641","targetHints":{"allow":["GET"]}}],"collection":[{"href":"https:\/\/darpol.bydgoszcz.pl\/en\/wp-json\/wp\/v2\/product"}],"about":[{"href":"https:\/\/darpol.bydgoszcz.pl\/en\/wp-json\/wp\/v2\/types\/product"}],"wp:featuredmedia":[{"embeddable":true,"href":"https:\/\/darpol.bydgoszcz.pl\/en\/wp-json\/wp\/v2\/media\/8640"}],"wp:attachment":[{"href":"https:\/\/darpol.bydgoszcz.pl\/en\/wp-json\/wp\/v2\/media?parent=8641"}],"wp:term":[{"taxonomy":"product_cat","embeddable":true,"href":"https:\/\/darpol.bydgoszcz.pl\/en\/wp-json\/wp\/v2\/product_cat?post=8641"},{"taxonomy":"product_tag","embeddable":true,"href":"https:\/\/darpol.bydgoszcz.pl\/en\/wp-json\/wp\/v2\/product_tag?post=8641"}],"curies":[{"name":"wp","href":"https:\/\/api.w.org\/{rel}","templated":true}]}}