{"id":7711,"date":"2013-02-15T16:15:06","date_gmt":"2013-02-15T15:15:06","guid":{"rendered":"http:\/\/darpol.bydgoszcz.pl\/sklep\/electric-and-electronic\/switch-zcm2-zp1cm2\/"},"modified":"2013-02-15T16:15:06","modified_gmt":"2013-02-15T15:15:06","slug":"switch-zcm2-zp1cm2","status":"publish","type":"product","link":"https:\/\/darpol.bydgoszcz.pl\/en\/offer\/rolling-stock\/electric-and-electronic\/switch-zcm2-zp1cm2\/","title":{"rendered":"Switches Zcm2 and ZP1cm2 type"},"content":{"rendered":"<p>Available switches:<\/p>\n<p>&nbsp;<\/p>\n<p><strong>ZP1<\/strong> <strong>cm2<\/strong> <strong>switch<\/strong>&nbsp; &#8211; Catalog No. DL-O 04 026-01<\/p>\n<p><strong>Z<\/strong> <strong>cm2<\/strong> <strong>switch&nbsp;&nbsp;<\/strong>&nbsp;&nbsp;&nbsp; &#8211; Catalog No. DL-O 04 026-02<\/p>\n<p>&nbsp;<\/p>\n<p>They are used in electric multiple units (emu).<\/p>\n<div style=\"clear:both\"><a href=\"javascript:window.print()\"><i class=\"fa fa-print\" aria-hidden=\"true\"><\/i> Print this page<\/a><\/div>","protected":false},"excerpt":{"rendered":"<p>Available switches: &nbsp; ZP1 cm2 switch&nbsp; &#8211; Catalog No. DL-O 04 026-01 Z cm2 switch&nbsp;&nbsp;&nbsp;&nbsp;&nbsp; &#8211; Catalog No. DL-O 04 026-02 &nbsp; They are used in electric multiple units (emu). Print this page<\/p>\n","protected":false},"featured_media":7710,"template":"","meta":{"om_disable_all_campaigns":false,"_monsterinsights_skip_tracking":false,"_monsterinsights_sitenote_active":false,"_monsterinsights_sitenote_note":"","_monsterinsights_sitenote_category":0,"_uf_show_specific_survey":0,"_uf_disable_surveys":false},"product_cat":[303],"product_tag":[1085,5388,1084,5386,525,2981,495,1078,1083,5385,1079,5377,1080,5379,1082,5383,5381,1081],"class_list":{"0":"post-7711","1":"product","2":"type-product","3":"status-publish","4":"has-post-thumbnail","6":"product_cat-electric-and-electronic","7":"product_tag-dl-0-04-026-02","8":"product_tag-dl-0-04-026-02-en","9":"product_tag-dl-o-04-026-01","10":"product_tag-dl-o-04-026-01-en","11":"product_tag-ezt","12":"product_tag-ezt-en","13":"product_tag-wylacznik","14":"product_tag-wylaczniki","15":"product_tag-wlacznik","16":"product_tag-wlacznik-en","17":"product_tag-z-cm2","18":"product_tag-z-cm2-en","19":"product_tag-zcm2","20":"product_tag-zcm2-en","21":"product_tag-zp1-cm2","22":"product_tag-zp1-cm2-en","23":"product_tag-zp1cm2-en","24":"product_tag-zp1cm2","26":"first","27":"instock","28":"shipping-taxable","29":"purchasable","30":"product-type-simple"},"yoast_head":"<!-- This site is optimized with the Yoast SEO plugin v23.0 - https:\/\/yoast.com\/wordpress\/plugins\/seo\/ -->\n<title>Switches Zcm2 and ZP1cm2<\/title>\n<meta name=\"description\" content=\"Switches Zcm2 and ZP1cm2\" \/>\n<meta name=\"robots\" content=\"index, follow, max-snippet:-1, max-image-preview:large, max-video-preview:-1\" \/>\n<link rel=\"canonical\" href=\"https:\/\/darpol.bydgoszcz.pl\/en\/offer\/rolling-stock\/electric-and-electronic\/switch-zcm2-zp1cm2\/\" \/>\n<meta property=\"og:locale\" content=\"en_US\" \/>\n<meta property=\"og:type\" content=\"article\" \/>\n<meta property=\"og:title\" content=\"Switches Zcm2 and ZP1cm2\" \/>\n<meta property=\"og:description\" content=\"Switches Zcm2 and ZP1cm2\" \/>\n<meta property=\"og:url\" content=\"https:\/\/darpol.bydgoszcz.pl\/en\/offer\/rolling-stock\/electric-and-electronic\/switch-zcm2-zp1cm2\/\" \/>\n<meta property=\"og:site_name\" content=\"Darpol Bydgoszcz\" \/>\n<meta property=\"og:image\" content=\"https:\/\/darpol.bydgoszcz.pl\/wp-content\/uploads\/234-366-wylacznik-zcm2-i-wylacznik-zp1cm2.jpg\" \/>\n\t<meta property=\"og:image:width\" content=\"448\" \/>\n\t<meta property=\"og:image:height\" content=\"202\" \/>\n\t<meta property=\"og:image:type\" content=\"image\/jpeg\" \/>\n<meta name=\"twitter:card\" content=\"summary_large_image\" \/>\n<script type=\"application\/ld+json\" class=\"yoast-schema-graph\">{\"@context\":\"https:\/\/schema.org\",\"@graph\":[{\"@type\":\"WebPage\",\"@id\":\"https:\/\/darpol.bydgoszcz.pl\/en\/offer\/rolling-stock\/electric-and-electronic\/switch-zcm2-zp1cm2\/\",\"url\":\"https:\/\/darpol.bydgoszcz.pl\/en\/offer\/rolling-stock\/electric-and-electronic\/switch-zcm2-zp1cm2\/\",\"name\":\"Switches Zcm2 and ZP1cm2\",\"isPartOf\":{\"@id\":\"https:\/\/darpol.bydgoszcz.pl\/#website\"},\"primaryImageOfPage\":{\"@id\":\"https:\/\/darpol.bydgoszcz.pl\/en\/offer\/rolling-stock\/electric-and-electronic\/switch-zcm2-zp1cm2\/#primaryimage\"},\"image\":{\"@id\":\"https:\/\/darpol.bydgoszcz.pl\/en\/offer\/rolling-stock\/electric-and-electronic\/switch-zcm2-zp1cm2\/#primaryimage\"},\"thumbnailUrl\":\"https:\/\/darpol.bydgoszcz.pl\/wp-content\/uploads\/234-366-wylacznik-zcm2-i-wylacznik-zp1cm2.jpg\",\"datePublished\":\"2013-02-15T15:15:06+00:00\",\"dateModified\":\"2013-02-15T15:15:06+00:00\",\"description\":\"Switches Zcm2 and ZP1cm2\",\"breadcrumb\":{\"@id\":\"https:\/\/darpol.bydgoszcz.pl\/en\/offer\/rolling-stock\/electric-and-electronic\/switch-zcm2-zp1cm2\/#breadcrumb\"},\"inLanguage\":\"en-US\",\"potentialAction\":[{\"@type\":\"ReadAction\",\"target\":[\"https:\/\/darpol.bydgoszcz.pl\/en\/offer\/rolling-stock\/electric-and-electronic\/switch-zcm2-zp1cm2\/\"]}]},{\"@type\":\"ImageObject\",\"inLanguage\":\"en-US\",\"@id\":\"https:\/\/darpol.bydgoszcz.pl\/en\/offer\/rolling-stock\/electric-and-electronic\/switch-zcm2-zp1cm2\/#primaryimage\",\"url\":\"https:\/\/darpol.bydgoszcz.pl\/wp-content\/uploads\/234-366-wylacznik-zcm2-i-wylacznik-zp1cm2.jpg\",\"contentUrl\":\"https:\/\/darpol.bydgoszcz.pl\/wp-content\/uploads\/234-366-wylacznik-zcm2-i-wylacznik-zp1cm2.jpg\",\"width\":448,\"height\":202,\"caption\":\"Wy\u0142\u0105cznik Zcm2 i wy\u0142\u0105cznik ZP1cm2\"},{\"@type\":\"BreadcrumbList\",\"@id\":\"https:\/\/darpol.bydgoszcz.pl\/en\/offer\/rolling-stock\/electric-and-electronic\/switch-zcm2-zp1cm2\/#breadcrumb\",\"itemListElement\":[{\"@type\":\"ListItem\",\"position\":1,\"name\":\"Strona g\u0142\u00f3wna\",\"item\":\"https:\/\/darpol.bydgoszcz.pl\/en\/\"},{\"@type\":\"ListItem\",\"position\":2,\"name\":\"Oferta\",\"item\":\"https:\/\/darpol.bydgoszcz.pl\/oferta\/\"},{\"@type\":\"ListItem\",\"position\":3,\"name\":\"Switches Zcm2 and ZP1cm2 type\"}]},{\"@type\":\"WebSite\",\"@id\":\"https:\/\/darpol.bydgoszcz.pl\/#website\",\"url\":\"https:\/\/darpol.bydgoszcz.pl\/\",\"name\":\"Darpol Bydgoszcz\",\"description\":\"\",\"potentialAction\":[{\"@type\":\"SearchAction\",\"target\":{\"@type\":\"EntryPoint\",\"urlTemplate\":\"https:\/\/darpol.bydgoszcz.pl\/?s={search_term_string}\"},\"query-input\":\"required name=search_term_string\"}],\"inLanguage\":\"en-US\"}]}<\/script>\n<!-- \/ Yoast SEO plugin. -->","yoast_head_json":{"title":"Switches Zcm2 and ZP1cm2","description":"Switches Zcm2 and ZP1cm2","robots":{"index":"index","follow":"follow","max-snippet":"max-snippet:-1","max-image-preview":"max-image-preview:large","max-video-preview":"max-video-preview:-1"},"canonical":"https:\/\/darpol.bydgoszcz.pl\/en\/offer\/rolling-stock\/electric-and-electronic\/switch-zcm2-zp1cm2\/","og_locale":"en_US","og_type":"article","og_title":"Switches Zcm2 and ZP1cm2","og_description":"Switches Zcm2 and ZP1cm2","og_url":"https:\/\/darpol.bydgoszcz.pl\/en\/offer\/rolling-stock\/electric-and-electronic\/switch-zcm2-zp1cm2\/","og_site_name":"Darpol Bydgoszcz","og_image":[{"width":448,"height":202,"url":"https:\/\/darpol.bydgoszcz.pl\/wp-content\/uploads\/234-366-wylacznik-zcm2-i-wylacznik-zp1cm2.jpg","type":"image\/jpeg"}],"twitter_card":"summary_large_image","schema":{"@context":"https:\/\/schema.org","@graph":[{"@type":"WebPage","@id":"https:\/\/darpol.bydgoszcz.pl\/en\/offer\/rolling-stock\/electric-and-electronic\/switch-zcm2-zp1cm2\/","url":"https:\/\/darpol.bydgoszcz.pl\/en\/offer\/rolling-stock\/electric-and-electronic\/switch-zcm2-zp1cm2\/","name":"Switches Zcm2 and ZP1cm2","isPartOf":{"@id":"https:\/\/darpol.bydgoszcz.pl\/#website"},"primaryImageOfPage":{"@id":"https:\/\/darpol.bydgoszcz.pl\/en\/offer\/rolling-stock\/electric-and-electronic\/switch-zcm2-zp1cm2\/#primaryimage"},"image":{"@id":"https:\/\/darpol.bydgoszcz.pl\/en\/offer\/rolling-stock\/electric-and-electronic\/switch-zcm2-zp1cm2\/#primaryimage"},"thumbnailUrl":"https:\/\/darpol.bydgoszcz.pl\/wp-content\/uploads\/234-366-wylacznik-zcm2-i-wylacznik-zp1cm2.jpg","datePublished":"2013-02-15T15:15:06+00:00","dateModified":"2013-02-15T15:15:06+00:00","description":"Switches Zcm2 and ZP1cm2","breadcrumb":{"@id":"https:\/\/darpol.bydgoszcz.pl\/en\/offer\/rolling-stock\/electric-and-electronic\/switch-zcm2-zp1cm2\/#breadcrumb"},"inLanguage":"en-US","potentialAction":[{"@type":"ReadAction","target":["https:\/\/darpol.bydgoszcz.pl\/en\/offer\/rolling-stock\/electric-and-electronic\/switch-zcm2-zp1cm2\/"]}]},{"@type":"ImageObject","inLanguage":"en-US","@id":"https:\/\/darpol.bydgoszcz.pl\/en\/offer\/rolling-stock\/electric-and-electronic\/switch-zcm2-zp1cm2\/#primaryimage","url":"https:\/\/darpol.bydgoszcz.pl\/wp-content\/uploads\/234-366-wylacznik-zcm2-i-wylacznik-zp1cm2.jpg","contentUrl":"https:\/\/darpol.bydgoszcz.pl\/wp-content\/uploads\/234-366-wylacznik-zcm2-i-wylacznik-zp1cm2.jpg","width":448,"height":202,"caption":"Wy\u0142\u0105cznik Zcm2 i wy\u0142\u0105cznik ZP1cm2"},{"@type":"BreadcrumbList","@id":"https:\/\/darpol.bydgoszcz.pl\/en\/offer\/rolling-stock\/electric-and-electronic\/switch-zcm2-zp1cm2\/#breadcrumb","itemListElement":[{"@type":"ListItem","position":1,"name":"Strona g\u0142\u00f3wna","item":"https:\/\/darpol.bydgoszcz.pl\/en\/"},{"@type":"ListItem","position":2,"name":"Oferta","item":"https:\/\/darpol.bydgoszcz.pl\/oferta\/"},{"@type":"ListItem","position":3,"name":"Switches Zcm2 and ZP1cm2 type"}]},{"@type":"WebSite","@id":"https:\/\/darpol.bydgoszcz.pl\/#website","url":"https:\/\/darpol.bydgoszcz.pl\/","name":"Darpol Bydgoszcz","description":"","potentialAction":[{"@type":"SearchAction","target":{"@type":"EntryPoint","urlTemplate":"https:\/\/darpol.bydgoszcz.pl\/?s={search_term_string}"},"query-input":"required name=search_term_string"}],"inLanguage":"en-US"}]}},"_links":{"self":[{"href":"https:\/\/darpol.bydgoszcz.pl\/en\/wp-json\/wp\/v2\/product\/7711","targetHints":{"allow":["GET"]}}],"collection":[{"href":"https:\/\/darpol.bydgoszcz.pl\/en\/wp-json\/wp\/v2\/product"}],"about":[{"href":"https:\/\/darpol.bydgoszcz.pl\/en\/wp-json\/wp\/v2\/types\/product"}],"wp:featuredmedia":[{"embeddable":true,"href":"https:\/\/darpol.bydgoszcz.pl\/en\/wp-json\/wp\/v2\/media\/7710"}],"wp:attachment":[{"href":"https:\/\/darpol.bydgoszcz.pl\/en\/wp-json\/wp\/v2\/media?parent=7711"}],"wp:term":[{"taxonomy":"product_cat","embeddable":true,"href":"https:\/\/darpol.bydgoszcz.pl\/en\/wp-json\/wp\/v2\/product_cat?post=7711"},{"taxonomy":"product_tag","embeddable":true,"href":"https:\/\/darpol.bydgoszcz.pl\/en\/wp-json\/wp\/v2\/product_tag?post=7711"}],"curies":[{"name":"wp","href":"https:\/\/api.w.org\/{rel}","templated":true}]}}