{"id":7603,"date":"2013-02-15T14:27:58","date_gmt":"2013-02-15T13:27:58","guid":{"rendered":"http:\/\/darpol.bydgoszcz.pl\/sklep\/electric-and-electronic\/drive-module-of-camshaft-dar-cs-330-dl-o-10-030-00\/"},"modified":"2013-02-15T14:27:58","modified_gmt":"2013-02-15T13:27:58","slug":"drive-module-of-camshaft-dar-cs-330-dl-o-10-030-00","status":"publish","type":"product","link":"https:\/\/darpol.bydgoszcz.pl\/en\/offer\/rolling-stock\/electric-and-electronic\/drive-module-of-camshaft-dar-cs-330-dl-o-10-030-00\/","title":{"rendered":"Control module  DAR-330 for timing resistors (substitute for CS controller)  DL-O 10 030-00"},"content":{"rendered":"<div style=\"clear:both\"><a href=\"javascript:window.print()\"><i class=\"fa fa-print\" aria-hidden=\"true\"><\/i> Print this page<\/a><\/div>","protected":false},"excerpt":{"rendered":"<p>Print this page<\/p>\n","protected":false},"featured_media":7602,"template":"","meta":{"om_disable_all_campaigns":false,"_monsterinsights_skip_tracking":false,"_monsterinsights_sitenote_active":false,"_monsterinsights_sitenote_note":"","_monsterinsights_sitenote_category":0,"_uf_show_specific_survey":0,"_uf_disable_surveys":false},"product_cat":[303,327,333],"product_tag":[1026,5277,5275,1025,5279,1027,1023,392,5283,1029,5281,1028,525,2981,1022,641,1020,1019,5273,1024,1021],"class_list":{"0":"post-7603","1":"product","2":"type-product","3":"status-publish","4":"has-post-thumbnail","6":"product_cat-electric-and-electronic","7":"product_cat-locomotives","8":"product_cat-emu-dmu","9":"product_tag-cs","10":"product_tag-cs-en","11":"product_tag-cs-330-en","12":"product_tag-cs-330","13":"product_tag-cs330-en","14":"product_tag-cs330","15":"product_tag-czlon","16":"product_tag-darpol","17":"product_tag-dl-0-10-030-00-en","18":"product_tag-dl-0-10-030-00","19":"product_tag-dl-o-10-030-00-en","20":"product_tag-dl-o-10-030-00","21":"product_tag-ezt","22":"product_tag-ezt-en","23":"product_tag-kulakowy","24":"product_tag-lokomotywy","25":"product_tag-modul","26":"product_tag-modul-sterujacy","27":"product_tag-sterujacy-en","28":"product_tag-sterujacy","29":"product_tag-wal","31":"first","32":"instock","33":"shipping-taxable","34":"purchasable","35":"product-type-simple"},"yoast_head":"<!-- This site is optimized with the Yoast SEO plugin v23.0 - https:\/\/yoast.com\/wordpress\/plugins\/seo\/ -->\n<title>Drive module of camshaft DAR- CS 330 DL-O 10 030-00<\/title>\n<meta name=\"description\" content=\"Drive module of camshaft DL-O 10 030-00\" \/>\n<meta name=\"robots\" content=\"index, follow, max-snippet:-1, max-image-preview:large, max-video-preview:-1\" \/>\n<link rel=\"canonical\" href=\"https:\/\/darpol.bydgoszcz.pl\/en\/offer\/rolling-stock\/electric-and-electronic\/drive-module-of-camshaft-dar-cs-330-dl-o-10-030-00\/\" \/>\n<meta property=\"og:locale\" content=\"en_US\" \/>\n<meta property=\"og:type\" content=\"article\" \/>\n<meta property=\"og:title\" content=\"Drive module of camshaft DAR- CS 330 DL-O 10 030-00\" \/>\n<meta property=\"og:description\" content=\"Drive module of camshaft DL-O 10 030-00\" \/>\n<meta property=\"og:url\" content=\"https:\/\/darpol.bydgoszcz.pl\/en\/offer\/rolling-stock\/electric-and-electronic\/drive-module-of-camshaft-dar-cs-330-dl-o-10-030-00\/\" \/>\n<meta property=\"og:site_name\" content=\"Darpol Bydgoszcz\" \/>\n<meta property=\"og:image\" content=\"https:\/\/darpol.bydgoszcz.pl\/wp-content\/uploads\/225-356-modul-sterujacy-walu-kulakowego-dar-330-odp-czlon-sterujacy-cs-dl-o-10-030-00.jpg\" \/>\n\t<meta property=\"og:image:width\" content=\"2139\" \/>\n\t<meta property=\"og:image:height\" content=\"714\" \/>\n\t<meta property=\"og:image:type\" content=\"image\/jpeg\" \/>\n<meta name=\"twitter:card\" content=\"summary_large_image\" \/>\n<script type=\"application\/ld+json\" class=\"yoast-schema-graph\">{\"@context\":\"https:\/\/schema.org\",\"@graph\":[{\"@type\":\"WebPage\",\"@id\":\"https:\/\/darpol.bydgoszcz.pl\/en\/offer\/rolling-stock\/electric-and-electronic\/drive-module-of-camshaft-dar-cs-330-dl-o-10-030-00\/\",\"url\":\"https:\/\/darpol.bydgoszcz.pl\/en\/offer\/rolling-stock\/electric-and-electronic\/drive-module-of-camshaft-dar-cs-330-dl-o-10-030-00\/\",\"name\":\"Drive module of camshaft DAR- CS 330 DL-O 10 030-00\",\"isPartOf\":{\"@id\":\"https:\/\/darpol.bydgoszcz.pl\/#website\"},\"primaryImageOfPage\":{\"@id\":\"https:\/\/darpol.bydgoszcz.pl\/en\/offer\/rolling-stock\/electric-and-electronic\/drive-module-of-camshaft-dar-cs-330-dl-o-10-030-00\/#primaryimage\"},\"image\":{\"@id\":\"https:\/\/darpol.bydgoszcz.pl\/en\/offer\/rolling-stock\/electric-and-electronic\/drive-module-of-camshaft-dar-cs-330-dl-o-10-030-00\/#primaryimage\"},\"thumbnailUrl\":\"https:\/\/darpol.bydgoszcz.pl\/wp-content\/uploads\/225-356-modul-sterujacy-walu-kulakowego-dar-330-odp-czlon-sterujacy-cs-dl-o-10-030-00.jpg\",\"datePublished\":\"2013-02-15T13:27:58+00:00\",\"dateModified\":\"2013-02-15T13:27:58+00:00\",\"description\":\"Drive module of camshaft DL-O 10 030-00\",\"breadcrumb\":{\"@id\":\"https:\/\/darpol.bydgoszcz.pl\/en\/offer\/rolling-stock\/electric-and-electronic\/drive-module-of-camshaft-dar-cs-330-dl-o-10-030-00\/#breadcrumb\"},\"inLanguage\":\"en-US\",\"potentialAction\":[{\"@type\":\"ReadAction\",\"target\":[\"https:\/\/darpol.bydgoszcz.pl\/en\/offer\/rolling-stock\/electric-and-electronic\/drive-module-of-camshaft-dar-cs-330-dl-o-10-030-00\/\"]}]},{\"@type\":\"ImageObject\",\"inLanguage\":\"en-US\",\"@id\":\"https:\/\/darpol.bydgoszcz.pl\/en\/offer\/rolling-stock\/electric-and-electronic\/drive-module-of-camshaft-dar-cs-330-dl-o-10-030-00\/#primaryimage\",\"url\":\"https:\/\/darpol.bydgoszcz.pl\/wp-content\/uploads\/225-356-modul-sterujacy-walu-kulakowego-dar-330-odp-czlon-sterujacy-cs-dl-o-10-030-00.jpg\",\"contentUrl\":\"https:\/\/darpol.bydgoszcz.pl\/wp-content\/uploads\/225-356-modul-sterujacy-walu-kulakowego-dar-330-odp-czlon-sterujacy-cs-dl-o-10-030-00.jpg\",\"width\":2139,\"height\":714,\"caption\":\"Modu\u0142 steruj\u0105cy wa\u0142u ku\u0142akowego DAR-330 (odp. cz\u0142on steruj\u0105cy CS) DL-O 10 030-00\"},{\"@type\":\"BreadcrumbList\",\"@id\":\"https:\/\/darpol.bydgoszcz.pl\/en\/offer\/rolling-stock\/electric-and-electronic\/drive-module-of-camshaft-dar-cs-330-dl-o-10-030-00\/#breadcrumb\",\"itemListElement\":[{\"@type\":\"ListItem\",\"position\":1,\"name\":\"Strona g\u0142\u00f3wna\",\"item\":\"https:\/\/darpol.bydgoszcz.pl\/en\/\"},{\"@type\":\"ListItem\",\"position\":2,\"name\":\"Oferta\",\"item\":\"https:\/\/darpol.bydgoszcz.pl\/oferta\/\"},{\"@type\":\"ListItem\",\"position\":3,\"name\":\"Control module DAR-330 for timing resistors (substitute for CS controller) DL-O 10 030-00\"}]},{\"@type\":\"WebSite\",\"@id\":\"https:\/\/darpol.bydgoszcz.pl\/#website\",\"url\":\"https:\/\/darpol.bydgoszcz.pl\/\",\"name\":\"Darpol Bydgoszcz\",\"description\":\"\",\"potentialAction\":[{\"@type\":\"SearchAction\",\"target\":{\"@type\":\"EntryPoint\",\"urlTemplate\":\"https:\/\/darpol.bydgoszcz.pl\/?s={search_term_string}\"},\"query-input\":\"required name=search_term_string\"}],\"inLanguage\":\"en-US\"}]}<\/script>\n<!-- \/ Yoast SEO plugin. -->","yoast_head_json":{"title":"Drive module of camshaft DAR- CS 330 DL-O 10 030-00","description":"Drive module of camshaft DL-O 10 030-00","robots":{"index":"index","follow":"follow","max-snippet":"max-snippet:-1","max-image-preview":"max-image-preview:large","max-video-preview":"max-video-preview:-1"},"canonical":"https:\/\/darpol.bydgoszcz.pl\/en\/offer\/rolling-stock\/electric-and-electronic\/drive-module-of-camshaft-dar-cs-330-dl-o-10-030-00\/","og_locale":"en_US","og_type":"article","og_title":"Drive module of camshaft DAR- CS 330 DL-O 10 030-00","og_description":"Drive module of camshaft DL-O 10 030-00","og_url":"https:\/\/darpol.bydgoszcz.pl\/en\/offer\/rolling-stock\/electric-and-electronic\/drive-module-of-camshaft-dar-cs-330-dl-o-10-030-00\/","og_site_name":"Darpol Bydgoszcz","og_image":[{"width":2139,"height":714,"url":"https:\/\/darpol.bydgoszcz.pl\/wp-content\/uploads\/225-356-modul-sterujacy-walu-kulakowego-dar-330-odp-czlon-sterujacy-cs-dl-o-10-030-00.jpg","type":"image\/jpeg"}],"twitter_card":"summary_large_image","schema":{"@context":"https:\/\/schema.org","@graph":[{"@type":"WebPage","@id":"https:\/\/darpol.bydgoszcz.pl\/en\/offer\/rolling-stock\/electric-and-electronic\/drive-module-of-camshaft-dar-cs-330-dl-o-10-030-00\/","url":"https:\/\/darpol.bydgoszcz.pl\/en\/offer\/rolling-stock\/electric-and-electronic\/drive-module-of-camshaft-dar-cs-330-dl-o-10-030-00\/","name":"Drive module of camshaft DAR- CS 330 DL-O 10 030-00","isPartOf":{"@id":"https:\/\/darpol.bydgoszcz.pl\/#website"},"primaryImageOfPage":{"@id":"https:\/\/darpol.bydgoszcz.pl\/en\/offer\/rolling-stock\/electric-and-electronic\/drive-module-of-camshaft-dar-cs-330-dl-o-10-030-00\/#primaryimage"},"image":{"@id":"https:\/\/darpol.bydgoszcz.pl\/en\/offer\/rolling-stock\/electric-and-electronic\/drive-module-of-camshaft-dar-cs-330-dl-o-10-030-00\/#primaryimage"},"thumbnailUrl":"https:\/\/darpol.bydgoszcz.pl\/wp-content\/uploads\/225-356-modul-sterujacy-walu-kulakowego-dar-330-odp-czlon-sterujacy-cs-dl-o-10-030-00.jpg","datePublished":"2013-02-15T13:27:58+00:00","dateModified":"2013-02-15T13:27:58+00:00","description":"Drive module of camshaft DL-O 10 030-00","breadcrumb":{"@id":"https:\/\/darpol.bydgoszcz.pl\/en\/offer\/rolling-stock\/electric-and-electronic\/drive-module-of-camshaft-dar-cs-330-dl-o-10-030-00\/#breadcrumb"},"inLanguage":"en-US","potentialAction":[{"@type":"ReadAction","target":["https:\/\/darpol.bydgoszcz.pl\/en\/offer\/rolling-stock\/electric-and-electronic\/drive-module-of-camshaft-dar-cs-330-dl-o-10-030-00\/"]}]},{"@type":"ImageObject","inLanguage":"en-US","@id":"https:\/\/darpol.bydgoszcz.pl\/en\/offer\/rolling-stock\/electric-and-electronic\/drive-module-of-camshaft-dar-cs-330-dl-o-10-030-00\/#primaryimage","url":"https:\/\/darpol.bydgoszcz.pl\/wp-content\/uploads\/225-356-modul-sterujacy-walu-kulakowego-dar-330-odp-czlon-sterujacy-cs-dl-o-10-030-00.jpg","contentUrl":"https:\/\/darpol.bydgoszcz.pl\/wp-content\/uploads\/225-356-modul-sterujacy-walu-kulakowego-dar-330-odp-czlon-sterujacy-cs-dl-o-10-030-00.jpg","width":2139,"height":714,"caption":"Modu\u0142 steruj\u0105cy wa\u0142u ku\u0142akowego DAR-330 (odp. cz\u0142on steruj\u0105cy CS) DL-O 10 030-00"},{"@type":"BreadcrumbList","@id":"https:\/\/darpol.bydgoszcz.pl\/en\/offer\/rolling-stock\/electric-and-electronic\/drive-module-of-camshaft-dar-cs-330-dl-o-10-030-00\/#breadcrumb","itemListElement":[{"@type":"ListItem","position":1,"name":"Strona g\u0142\u00f3wna","item":"https:\/\/darpol.bydgoszcz.pl\/en\/"},{"@type":"ListItem","position":2,"name":"Oferta","item":"https:\/\/darpol.bydgoszcz.pl\/oferta\/"},{"@type":"ListItem","position":3,"name":"Control module DAR-330 for timing resistors (substitute for CS controller) DL-O 10 030-00"}]},{"@type":"WebSite","@id":"https:\/\/darpol.bydgoszcz.pl\/#website","url":"https:\/\/darpol.bydgoszcz.pl\/","name":"Darpol Bydgoszcz","description":"","potentialAction":[{"@type":"SearchAction","target":{"@type":"EntryPoint","urlTemplate":"https:\/\/darpol.bydgoszcz.pl\/?s={search_term_string}"},"query-input":"required name=search_term_string"}],"inLanguage":"en-US"}]}},"_links":{"self":[{"href":"https:\/\/darpol.bydgoszcz.pl\/en\/wp-json\/wp\/v2\/product\/7603","targetHints":{"allow":["GET"]}}],"collection":[{"href":"https:\/\/darpol.bydgoszcz.pl\/en\/wp-json\/wp\/v2\/product"}],"about":[{"href":"https:\/\/darpol.bydgoszcz.pl\/en\/wp-json\/wp\/v2\/types\/product"}],"wp:featuredmedia":[{"embeddable":true,"href":"https:\/\/darpol.bydgoszcz.pl\/en\/wp-json\/wp\/v2\/media\/7602"}],"wp:attachment":[{"href":"https:\/\/darpol.bydgoszcz.pl\/en\/wp-json\/wp\/v2\/media?parent=7603"}],"wp:term":[{"taxonomy":"product_cat","embeddable":true,"href":"https:\/\/darpol.bydgoszcz.pl\/en\/wp-json\/wp\/v2\/product_cat?post=7603"},{"taxonomy":"product_tag","embeddable":true,"href":"https:\/\/darpol.bydgoszcz.pl\/en\/wp-json\/wp\/v2\/product_tag?post=7603"}],"curies":[{"name":"wp","href":"https:\/\/api.w.org\/{rel}","templated":true}]}}