{"id":7489,"date":"2013-02-14T15:51:49","date_gmt":"2013-02-14T14:51:49","guid":{"rendered":"http:\/\/darpol.bydgoszcz.pl\/sklep\/electric-and-electronic\/contact-n44400-dl-o-10-001-00\/"},"modified":"2013-02-14T15:51:49","modified_gmt":"2013-02-14T14:51:49","slug":"contact-n44400-dl-o-10-001-00","status":"publish","type":"product","link":"https:\/\/darpol.bydgoszcz.pl\/en\/offer\/rolling-stock\/electric-and-electronic\/contact-n44400-dl-o-10-001-00\/","title":{"rendered":"Constant contact to KE3D   DL-O 10 001-00"},"content":{"rendered":"<div style=\"clear:both\"><a href=\"javascript:window.print()\"><i class=\"fa fa-print\" aria-hidden=\"true\"><\/i> Print this page<\/a><\/div>","protected":false},"excerpt":{"rendered":"<p>Print this page<\/p>\n","protected":false},"featured_media":7488,"template":"","meta":{"om_disable_all_campaigns":false,"_monsterinsights_skip_tracking":false,"_monsterinsights_sitenote_active":false,"_monsterinsights_sitenote_note":"","_monsterinsights_sitenote_category":0,"_uf_show_specific_survey":0,"_uf_disable_surveys":false},"product_cat":[303,333],"product_tag":[973,5174,972,5172,967,5170,971,970,5168,966,968,5164,959,5166,969],"class_list":{"0":"post-7489","1":"product","2":"type-product","3":"status-publish","4":"has-post-thumbnail","6":"product_cat-electric-and-electronic","7":"product_cat-emu-dmu","8":"product_tag-dl-0-10-001-00","9":"product_tag-dl-0-10-001-00-en","10":"product_tag-dl-o-10-001-00","11":"product_tag-dl-o-10-001-00-en","12":"product_tag-ke3d","13":"product_tag-n-44400-en","14":"product_tag-n-44400","15":"product_tag-n44400","16":"product_tag-n44400-en","17":"product_tag-staly","18":"product_tag-stycznik","19":"product_tag-stycznik-en","20":"product_tag-styk","21":"product_tag-wal-kulakowy-en","22":"product_tag-wal-kulakowy","24":"first","25":"instock","26":"shipping-taxable","27":"purchasable","28":"product-type-simple"},"yoast_head":"<!-- This site is optimized with the Yoast SEO plugin v23.0 - https:\/\/yoast.com\/wordpress\/plugins\/seo\/ -->\n<title>Contact to KE3D (equiv. to N44400)  DL-O 10 001-00<\/title>\n<meta name=\"description\" content=\"Contact to KE3D (equiv. to N44400)  DL-O 10 001-00\" \/>\n<meta name=\"robots\" content=\"index, follow, max-snippet:-1, max-image-preview:large, max-video-preview:-1\" \/>\n<link rel=\"canonical\" href=\"https:\/\/darpol.bydgoszcz.pl\/en\/offer\/rolling-stock\/electric-and-electronic\/contact-n44400-dl-o-10-001-00\/\" \/>\n<meta property=\"og:locale\" content=\"en_US\" \/>\n<meta property=\"og:type\" content=\"article\" \/>\n<meta property=\"og:title\" content=\"Contact to KE3D (equiv. to N44400)  DL-O 10 001-00\" \/>\n<meta property=\"og:description\" content=\"Contact to KE3D (equiv. to N44400)  DL-O 10 001-00\" \/>\n<meta property=\"og:url\" content=\"https:\/\/darpol.bydgoszcz.pl\/en\/offer\/rolling-stock\/electric-and-electronic\/contact-n44400-dl-o-10-001-00\/\" \/>\n<meta property=\"og:site_name\" content=\"Darpol Bydgoszcz\" \/>\n<meta property=\"og:image\" content=\"https:\/\/darpol.bydgoszcz.pl\/wp-content\/uploads\/216-347-styk-staly-ke3d-stycznika-walu-kulakowego-odp-n44400-dl-o-10-001-00.jpg\" \/>\n\t<meta property=\"og:image:width\" content=\"348\" \/>\n\t<meta property=\"og:image:height\" content=\"336\" \/>\n\t<meta property=\"og:image:type\" content=\"image\/jpeg\" \/>\n<meta name=\"twitter:card\" content=\"summary_large_image\" \/>\n<script type=\"application\/ld+json\" class=\"yoast-schema-graph\">{\"@context\":\"https:\/\/schema.org\",\"@graph\":[{\"@type\":\"WebPage\",\"@id\":\"https:\/\/darpol.bydgoszcz.pl\/en\/offer\/rolling-stock\/electric-and-electronic\/contact-n44400-dl-o-10-001-00\/\",\"url\":\"https:\/\/darpol.bydgoszcz.pl\/en\/offer\/rolling-stock\/electric-and-electronic\/contact-n44400-dl-o-10-001-00\/\",\"name\":\"Contact to KE3D (equiv. to N44400) DL-O 10 001-00\",\"isPartOf\":{\"@id\":\"https:\/\/darpol.bydgoszcz.pl\/#website\"},\"primaryImageOfPage\":{\"@id\":\"https:\/\/darpol.bydgoszcz.pl\/en\/offer\/rolling-stock\/electric-and-electronic\/contact-n44400-dl-o-10-001-00\/#primaryimage\"},\"image\":{\"@id\":\"https:\/\/darpol.bydgoszcz.pl\/en\/offer\/rolling-stock\/electric-and-electronic\/contact-n44400-dl-o-10-001-00\/#primaryimage\"},\"thumbnailUrl\":\"https:\/\/darpol.bydgoszcz.pl\/wp-content\/uploads\/216-347-styk-staly-ke3d-stycznika-walu-kulakowego-odp-n44400-dl-o-10-001-00.jpg\",\"datePublished\":\"2013-02-14T14:51:49+00:00\",\"dateModified\":\"2013-02-14T14:51:49+00:00\",\"description\":\"Contact to KE3D (equiv. to N44400) DL-O 10 001-00\",\"breadcrumb\":{\"@id\":\"https:\/\/darpol.bydgoszcz.pl\/en\/offer\/rolling-stock\/electric-and-electronic\/contact-n44400-dl-o-10-001-00\/#breadcrumb\"},\"inLanguage\":\"en-US\",\"potentialAction\":[{\"@type\":\"ReadAction\",\"target\":[\"https:\/\/darpol.bydgoszcz.pl\/en\/offer\/rolling-stock\/electric-and-electronic\/contact-n44400-dl-o-10-001-00\/\"]}]},{\"@type\":\"ImageObject\",\"inLanguage\":\"en-US\",\"@id\":\"https:\/\/darpol.bydgoszcz.pl\/en\/offer\/rolling-stock\/electric-and-electronic\/contact-n44400-dl-o-10-001-00\/#primaryimage\",\"url\":\"https:\/\/darpol.bydgoszcz.pl\/wp-content\/uploads\/216-347-styk-staly-ke3d-stycznika-walu-kulakowego-odp-n44400-dl-o-10-001-00.jpg\",\"contentUrl\":\"https:\/\/darpol.bydgoszcz.pl\/wp-content\/uploads\/216-347-styk-staly-ke3d-stycznika-walu-kulakowego-odp-n44400-dl-o-10-001-00.jpg\",\"width\":348,\"height\":336,\"caption\":\"Styk sta\u0142y KE3D stycznika wa\u0142u ku\u0142akowego (odp. N44400) DL-O 10 001-00\"},{\"@type\":\"BreadcrumbList\",\"@id\":\"https:\/\/darpol.bydgoszcz.pl\/en\/offer\/rolling-stock\/electric-and-electronic\/contact-n44400-dl-o-10-001-00\/#breadcrumb\",\"itemListElement\":[{\"@type\":\"ListItem\",\"position\":1,\"name\":\"Strona g\u0142\u00f3wna\",\"item\":\"https:\/\/darpol.bydgoszcz.pl\/en\/\"},{\"@type\":\"ListItem\",\"position\":2,\"name\":\"Oferta\",\"item\":\"https:\/\/darpol.bydgoszcz.pl\/oferta\/\"},{\"@type\":\"ListItem\",\"position\":3,\"name\":\"Constant contact to KE3D DL-O 10 001-00\"}]},{\"@type\":\"WebSite\",\"@id\":\"https:\/\/darpol.bydgoszcz.pl\/#website\",\"url\":\"https:\/\/darpol.bydgoszcz.pl\/\",\"name\":\"Darpol Bydgoszcz\",\"description\":\"\",\"potentialAction\":[{\"@type\":\"SearchAction\",\"target\":{\"@type\":\"EntryPoint\",\"urlTemplate\":\"https:\/\/darpol.bydgoszcz.pl\/?s={search_term_string}\"},\"query-input\":\"required name=search_term_string\"}],\"inLanguage\":\"en-US\"}]}<\/script>\n<!-- \/ Yoast SEO plugin. -->","yoast_head_json":{"title":"Contact to KE3D (equiv. to N44400)  DL-O 10 001-00","description":"Contact to KE3D (equiv. to N44400)  DL-O 10 001-00","robots":{"index":"index","follow":"follow","max-snippet":"max-snippet:-1","max-image-preview":"max-image-preview:large","max-video-preview":"max-video-preview:-1"},"canonical":"https:\/\/darpol.bydgoszcz.pl\/en\/offer\/rolling-stock\/electric-and-electronic\/contact-n44400-dl-o-10-001-00\/","og_locale":"en_US","og_type":"article","og_title":"Contact to KE3D (equiv. to N44400)  DL-O 10 001-00","og_description":"Contact to KE3D (equiv. to N44400)  DL-O 10 001-00","og_url":"https:\/\/darpol.bydgoszcz.pl\/en\/offer\/rolling-stock\/electric-and-electronic\/contact-n44400-dl-o-10-001-00\/","og_site_name":"Darpol Bydgoszcz","og_image":[{"width":348,"height":336,"url":"https:\/\/darpol.bydgoszcz.pl\/wp-content\/uploads\/216-347-styk-staly-ke3d-stycznika-walu-kulakowego-odp-n44400-dl-o-10-001-00.jpg","type":"image\/jpeg"}],"twitter_card":"summary_large_image","schema":{"@context":"https:\/\/schema.org","@graph":[{"@type":"WebPage","@id":"https:\/\/darpol.bydgoszcz.pl\/en\/offer\/rolling-stock\/electric-and-electronic\/contact-n44400-dl-o-10-001-00\/","url":"https:\/\/darpol.bydgoszcz.pl\/en\/offer\/rolling-stock\/electric-and-electronic\/contact-n44400-dl-o-10-001-00\/","name":"Contact to KE3D (equiv. to N44400) DL-O 10 001-00","isPartOf":{"@id":"https:\/\/darpol.bydgoszcz.pl\/#website"},"primaryImageOfPage":{"@id":"https:\/\/darpol.bydgoszcz.pl\/en\/offer\/rolling-stock\/electric-and-electronic\/contact-n44400-dl-o-10-001-00\/#primaryimage"},"image":{"@id":"https:\/\/darpol.bydgoszcz.pl\/en\/offer\/rolling-stock\/electric-and-electronic\/contact-n44400-dl-o-10-001-00\/#primaryimage"},"thumbnailUrl":"https:\/\/darpol.bydgoszcz.pl\/wp-content\/uploads\/216-347-styk-staly-ke3d-stycznika-walu-kulakowego-odp-n44400-dl-o-10-001-00.jpg","datePublished":"2013-02-14T14:51:49+00:00","dateModified":"2013-02-14T14:51:49+00:00","description":"Contact to KE3D (equiv. to N44400) DL-O 10 001-00","breadcrumb":{"@id":"https:\/\/darpol.bydgoszcz.pl\/en\/offer\/rolling-stock\/electric-and-electronic\/contact-n44400-dl-o-10-001-00\/#breadcrumb"},"inLanguage":"en-US","potentialAction":[{"@type":"ReadAction","target":["https:\/\/darpol.bydgoszcz.pl\/en\/offer\/rolling-stock\/electric-and-electronic\/contact-n44400-dl-o-10-001-00\/"]}]},{"@type":"ImageObject","inLanguage":"en-US","@id":"https:\/\/darpol.bydgoszcz.pl\/en\/offer\/rolling-stock\/electric-and-electronic\/contact-n44400-dl-o-10-001-00\/#primaryimage","url":"https:\/\/darpol.bydgoszcz.pl\/wp-content\/uploads\/216-347-styk-staly-ke3d-stycznika-walu-kulakowego-odp-n44400-dl-o-10-001-00.jpg","contentUrl":"https:\/\/darpol.bydgoszcz.pl\/wp-content\/uploads\/216-347-styk-staly-ke3d-stycznika-walu-kulakowego-odp-n44400-dl-o-10-001-00.jpg","width":348,"height":336,"caption":"Styk sta\u0142y KE3D stycznika wa\u0142u ku\u0142akowego (odp. N44400) DL-O 10 001-00"},{"@type":"BreadcrumbList","@id":"https:\/\/darpol.bydgoszcz.pl\/en\/offer\/rolling-stock\/electric-and-electronic\/contact-n44400-dl-o-10-001-00\/#breadcrumb","itemListElement":[{"@type":"ListItem","position":1,"name":"Strona g\u0142\u00f3wna","item":"https:\/\/darpol.bydgoszcz.pl\/en\/"},{"@type":"ListItem","position":2,"name":"Oferta","item":"https:\/\/darpol.bydgoszcz.pl\/oferta\/"},{"@type":"ListItem","position":3,"name":"Constant contact to KE3D DL-O 10 001-00"}]},{"@type":"WebSite","@id":"https:\/\/darpol.bydgoszcz.pl\/#website","url":"https:\/\/darpol.bydgoszcz.pl\/","name":"Darpol Bydgoszcz","description":"","potentialAction":[{"@type":"SearchAction","target":{"@type":"EntryPoint","urlTemplate":"https:\/\/darpol.bydgoszcz.pl\/?s={search_term_string}"},"query-input":"required name=search_term_string"}],"inLanguage":"en-US"}]}},"_links":{"self":[{"href":"https:\/\/darpol.bydgoszcz.pl\/en\/wp-json\/wp\/v2\/product\/7489","targetHints":{"allow":["GET"]}}],"collection":[{"href":"https:\/\/darpol.bydgoszcz.pl\/en\/wp-json\/wp\/v2\/product"}],"about":[{"href":"https:\/\/darpol.bydgoszcz.pl\/en\/wp-json\/wp\/v2\/types\/product"}],"wp:featuredmedia":[{"embeddable":true,"href":"https:\/\/darpol.bydgoszcz.pl\/en\/wp-json\/wp\/v2\/media\/7488"}],"wp:attachment":[{"href":"https:\/\/darpol.bydgoszcz.pl\/en\/wp-json\/wp\/v2\/media?parent=7489"}],"wp:term":[{"taxonomy":"product_cat","embeddable":true,"href":"https:\/\/darpol.bydgoszcz.pl\/en\/wp-json\/wp\/v2\/product_cat?post=7489"},{"taxonomy":"product_tag","embeddable":true,"href":"https:\/\/darpol.bydgoszcz.pl\/en\/wp-json\/wp\/v2\/product_tag?post=7489"}],"curies":[{"name":"wp","href":"https:\/\/api.w.org\/{rel}","templated":true}]}}