{"id":58497,"date":"2026-02-17T13:47:03","date_gmt":"2026-02-17T12:47:03","guid":{"rendered":"https:\/\/darpol.bydgoszcz.pl\/offer\/uncategorized\/stolik-czteroosobowy-bistro-dl-36-016-00\/"},"modified":"2026-03-17T14:29:29","modified_gmt":"2026-03-17T13:29:29","slug":"stolik-czteroosobowy-bistro-dl-36-016-00","status":"publish","type":"product","link":"https:\/\/darpol.bydgoszcz.pl\/en\/offer\/rolling-stock\/nowosci-en\/stolik-czteroosobowy-bistro-dl-36-016-00\/","title":{"rendered":"Four person table for bistro car DL-36-016-00"},"content":{"rendered":"<p>The Bistro four-person table is a functional and aesthetic solution dedicated to modern railway interiors. Designed with facing seats in mind, it creates a comfortable space for four passengers, encouraging shared travel, work, and dining.<\/p>\n<p>&nbsp;<\/p>\n<p><strong>Benefits:<\/strong><br \/>\n+ space for four passengers \u2013 ideal for families and groups of travelers<br \/>\n+ functional usable space \u2013 comfort while working, eating, and talking<br \/>\n+ high wear resistance \u2013 adapted to intensive use in rolling stock<br \/>\n+ stable and safe construction \u2013 guarantee of durability and safety while driving<br \/>\n+ modern design \u2013 aesthetic match to the interior design of the carriages<\/p>\n<p>&nbsp;<\/p>\n<p><strong>Technical data:<\/strong><br \/>\nTabletop material: Fire-retardant plywood<br \/>\nSurface: HPL Abet Elmwood (can be customized to customer requirements)<br \/>\nWeight: ~ 14 kg<br \/>\nTabletop width: 500 mm<br \/>\nTabletop length: 1078 mm<br \/>\nHeight: 741 mm<\/p>\n<p>&nbsp;<\/p>\n<p>Product complies with standards: PN-EN 45545-2, PN-EN ISO 13920, PN-EN ISO 2553, PN-EN 22768-1 1999<\/p>\n<p>Application: passenger cars, SZT, EMU<\/p>\n<p>&nbsp;<\/p>\n<div style=\"clear:both\"><a href=\"javascript:window.print()\"><i class=\"fa fa-print\" aria-hidden=\"true\"><\/i> Print this page<\/a><\/div>","protected":false},"excerpt":{"rendered":"<p>The Bistro four-person table is a functional and aesthetic solution dedicated to modern railway interiors. Designed with facing seats in mind, it creates a comfortable space for four passengers, encouraging shared travel, work, and dining. &nbsp; Benefits: + space for four passengers \u2013 ideal for families and groups of travelers + functional usable space \u2013 &hellip;<\/p>\n","protected":false},"featured_media":58488,"template":"","meta":{"om_disable_all_campaigns":false,"_monsterinsights_skip_tracking":false,"_monsterinsights_sitenote_active":false,"_monsterinsights_sitenote_note":"","_monsterinsights_sitenote_category":0,"_uf_show_specific_survey":0,"_uf_disable_surveys":false},"product_cat":[262,4156,8394],"product_tag":[8657,8655,8627,3483,7826,8660,8642,8656,7978,8658,8518,8649,8650,8651,8652,8653,8659,8626,8654],"class_list":{"0":"post-58497","1":"product","2":"type-product","3":"status-publish","4":"has-post-thumbnail","6":"product_cat-rolling-stock","7":"product_cat-nowosci-en","8":"product_cat-tables-and-with-waste-bins-en","9":"product_tag-4-person-railway-table","10":"product_tag-bistro-table-for-train-carriages","11":"product_tag-comfortable-rail-travel","12":"product_tag-darpol-en","13":"product_tag-darpol-bydgoszcz-en","14":"product_tag-darpol-table","15":"product_tag-darpol-tables","16":"product_tag-four-person-table-for-trains","17":"product_tag-passenger-carriage-equipment","18":"product_tag-passenger-table-for-trains","19":"product_tag-railway-furniture","20":"product_tag-stolik-bistro-do-wagonow-en","21":"product_tag-stolik-czteroosobowy-do-pociagu-en","22":"product_tag-stolik-do-ukladu-naprzeciwko-en","23":"product_tag-stolik-kolejowy-4-osobowy-en","24":"product_tag-stolik-pasazerski-do-pociagu-en","25":"product_tag-table-for-opposite-seating-arrangement","26":"product_tag-train-interior-equipment","27":"product_tag-wyposazenie-wagonow-osobowych-en","29":"first","30":"onbackorder","31":"shipping-taxable","32":"product-type-simple"},"yoast_head":"<!-- This site is optimized with the Yoast SEO plugin v23.0 - https:\/\/yoast.com\/wordpress\/plugins\/seo\/ -->\n<title>Four person table for bistro car DL-36-016-00 - Darpol Bydgoszcz<\/title>\n<meta name=\"description\" content=\"Stolik czteroosobowy Bistro tworzy komfortow\u0105 i funkcjonaln\u0105 przestrze\u0144 dla czterech pasa\u017cer\u00f3w, sprzyjaj\u0105c wsp\u00f3lnej podr\u00f3\u017cy oraz pracy. Trwa\u0142a konstrukcja i nowoczesny design podnosz\u0105 standard wyposa\u017cenia wn\u0119trz kolejowych.\" \/>\n<meta name=\"robots\" content=\"index, follow, max-snippet:-1, max-image-preview:large, max-video-preview:-1\" \/>\n<link rel=\"canonical\" href=\"https:\/\/darpol.bydgoszcz.pl\/en\/offer\/rolling-stock\/nowosci-en\/stolik-czteroosobowy-bistro-dl-36-016-00\/\" \/>\n<meta property=\"og:locale\" content=\"en_US\" \/>\n<meta property=\"og:type\" content=\"article\" \/>\n<meta property=\"og:title\" content=\"Four person table for bistro car DL-36-016-00 - Darpol Bydgoszcz\" \/>\n<meta property=\"og:description\" content=\"Stolik czteroosobowy Bistro tworzy komfortow\u0105 i funkcjonaln\u0105 przestrze\u0144 dla czterech pasa\u017cer\u00f3w, sprzyjaj\u0105c wsp\u00f3lnej podr\u00f3\u017cy oraz pracy. Trwa\u0142a konstrukcja i nowoczesny design podnosz\u0105 standard wyposa\u017cenia wn\u0119trz kolejowych.\" \/>\n<meta property=\"og:url\" content=\"https:\/\/darpol.bydgoszcz.pl\/en\/offer\/rolling-stock\/nowosci-en\/stolik-czteroosobowy-bistro-dl-36-016-00\/\" \/>\n<meta property=\"og:site_name\" content=\"Darpol Bydgoszcz\" \/>\n<meta property=\"article:modified_time\" content=\"2026-03-17T13:29:29+00:00\" \/>\n<meta property=\"og:image\" content=\"https:\/\/darpol.bydgoszcz.pl\/wp-content\/uploads\/Stolik-czteroosobowy-Bistro-DL-36-016-00.png\" \/>\n\t<meta property=\"og:image:width\" content=\"1000\" \/>\n\t<meta property=\"og:image:height\" content=\"1000\" \/>\n\t<meta property=\"og:image:type\" content=\"image\/png\" \/>\n<meta name=\"twitter:card\" content=\"summary_large_image\" \/>\n<meta name=\"twitter:label1\" content=\"Est. reading time\" \/>\n\t<meta name=\"twitter:data1\" content=\"2 minutes\" \/>\n<script type=\"application\/ld+json\" class=\"yoast-schema-graph\">{\"@context\":\"https:\/\/schema.org\",\"@graph\":[{\"@type\":\"WebPage\",\"@id\":\"https:\/\/darpol.bydgoszcz.pl\/en\/offer\/rolling-stock\/nowosci-en\/stolik-czteroosobowy-bistro-dl-36-016-00\/\",\"url\":\"https:\/\/darpol.bydgoszcz.pl\/en\/offer\/rolling-stock\/nowosci-en\/stolik-czteroosobowy-bistro-dl-36-016-00\/\",\"name\":\"Four person table for bistro car DL-36-016-00 - Darpol Bydgoszcz\",\"isPartOf\":{\"@id\":\"https:\/\/darpol.bydgoszcz.pl\/#website\"},\"primaryImageOfPage\":{\"@id\":\"https:\/\/darpol.bydgoszcz.pl\/en\/offer\/rolling-stock\/nowosci-en\/stolik-czteroosobowy-bistro-dl-36-016-00\/#primaryimage\"},\"image\":{\"@id\":\"https:\/\/darpol.bydgoszcz.pl\/en\/offer\/rolling-stock\/nowosci-en\/stolik-czteroosobowy-bistro-dl-36-016-00\/#primaryimage\"},\"thumbnailUrl\":\"https:\/\/darpol.bydgoszcz.pl\/wp-content\/uploads\/Stolik-czteroosobowy-Bistro-DL-36-016-00.png\",\"datePublished\":\"2026-02-17T12:47:03+00:00\",\"dateModified\":\"2026-03-17T13:29:29+00:00\",\"description\":\"Stolik czteroosobowy Bistro tworzy komfortow\u0105 i funkcjonaln\u0105 przestrze\u0144 dla czterech pasa\u017cer\u00f3w, sprzyjaj\u0105c wsp\u00f3lnej podr\u00f3\u017cy oraz pracy. Trwa\u0142a konstrukcja i nowoczesny design podnosz\u0105 standard wyposa\u017cenia wn\u0119trz kolejowych.\",\"breadcrumb\":{\"@id\":\"https:\/\/darpol.bydgoszcz.pl\/en\/offer\/rolling-stock\/nowosci-en\/stolik-czteroosobowy-bistro-dl-36-016-00\/#breadcrumb\"},\"inLanguage\":\"en-US\",\"potentialAction\":[{\"@type\":\"ReadAction\",\"target\":[\"https:\/\/darpol.bydgoszcz.pl\/en\/offer\/rolling-stock\/nowosci-en\/stolik-czteroosobowy-bistro-dl-36-016-00\/\"]}]},{\"@type\":\"ImageObject\",\"inLanguage\":\"en-US\",\"@id\":\"https:\/\/darpol.bydgoszcz.pl\/en\/offer\/rolling-stock\/nowosci-en\/stolik-czteroosobowy-bistro-dl-36-016-00\/#primaryimage\",\"url\":\"https:\/\/darpol.bydgoszcz.pl\/wp-content\/uploads\/Stolik-czteroosobowy-Bistro-DL-36-016-00.png\",\"contentUrl\":\"https:\/\/darpol.bydgoszcz.pl\/wp-content\/uploads\/Stolik-czteroosobowy-Bistro-DL-36-016-00.png\",\"width\":1000,\"height\":1000,\"caption\":\"Stolik czteroosobowy Bistro DL-36-016-00\"},{\"@type\":\"BreadcrumbList\",\"@id\":\"https:\/\/darpol.bydgoszcz.pl\/en\/offer\/rolling-stock\/nowosci-en\/stolik-czteroosobowy-bistro-dl-36-016-00\/#breadcrumb\",\"itemListElement\":[{\"@type\":\"ListItem\",\"position\":1,\"name\":\"Strona g\u0142\u00f3wna\",\"item\":\"https:\/\/darpol.bydgoszcz.pl\/en\/\"},{\"@type\":\"ListItem\",\"position\":2,\"name\":\"Oferta\",\"item\":\"https:\/\/darpol.bydgoszcz.pl\/oferta\/\"},{\"@type\":\"ListItem\",\"position\":3,\"name\":\"Four person table for bistro car DL-36-016-00\"}]},{\"@type\":\"WebSite\",\"@id\":\"https:\/\/darpol.bydgoszcz.pl\/#website\",\"url\":\"https:\/\/darpol.bydgoszcz.pl\/\",\"name\":\"Darpol Bydgoszcz\",\"description\":\"\",\"potentialAction\":[{\"@type\":\"SearchAction\",\"target\":{\"@type\":\"EntryPoint\",\"urlTemplate\":\"https:\/\/darpol.bydgoszcz.pl\/?s={search_term_string}\"},\"query-input\":\"required name=search_term_string\"}],\"inLanguage\":\"en-US\"}]}<\/script>\n<!-- \/ Yoast SEO plugin. -->","yoast_head_json":{"title":"Four person table for bistro car DL-36-016-00 - Darpol Bydgoszcz","description":"Stolik czteroosobowy Bistro tworzy komfortow\u0105 i funkcjonaln\u0105 przestrze\u0144 dla czterech pasa\u017cer\u00f3w, sprzyjaj\u0105c wsp\u00f3lnej podr\u00f3\u017cy oraz pracy. Trwa\u0142a konstrukcja i nowoczesny design podnosz\u0105 standard wyposa\u017cenia wn\u0119trz kolejowych.","robots":{"index":"index","follow":"follow","max-snippet":"max-snippet:-1","max-image-preview":"max-image-preview:large","max-video-preview":"max-video-preview:-1"},"canonical":"https:\/\/darpol.bydgoszcz.pl\/en\/offer\/rolling-stock\/nowosci-en\/stolik-czteroosobowy-bistro-dl-36-016-00\/","og_locale":"en_US","og_type":"article","og_title":"Four person table for bistro car DL-36-016-00 - Darpol Bydgoszcz","og_description":"Stolik czteroosobowy Bistro tworzy komfortow\u0105 i funkcjonaln\u0105 przestrze\u0144 dla czterech pasa\u017cer\u00f3w, sprzyjaj\u0105c wsp\u00f3lnej podr\u00f3\u017cy oraz pracy. Trwa\u0142a konstrukcja i nowoczesny design podnosz\u0105 standard wyposa\u017cenia wn\u0119trz kolejowych.","og_url":"https:\/\/darpol.bydgoszcz.pl\/en\/offer\/rolling-stock\/nowosci-en\/stolik-czteroosobowy-bistro-dl-36-016-00\/","og_site_name":"Darpol Bydgoszcz","article_modified_time":"2026-03-17T13:29:29+00:00","og_image":[{"width":1000,"height":1000,"url":"https:\/\/darpol.bydgoszcz.pl\/wp-content\/uploads\/Stolik-czteroosobowy-Bistro-DL-36-016-00.png","type":"image\/png"}],"twitter_card":"summary_large_image","twitter_misc":{"Est. reading time":"2 minutes"},"schema":{"@context":"https:\/\/schema.org","@graph":[{"@type":"WebPage","@id":"https:\/\/darpol.bydgoszcz.pl\/en\/offer\/rolling-stock\/nowosci-en\/stolik-czteroosobowy-bistro-dl-36-016-00\/","url":"https:\/\/darpol.bydgoszcz.pl\/en\/offer\/rolling-stock\/nowosci-en\/stolik-czteroosobowy-bistro-dl-36-016-00\/","name":"Four person table for bistro car DL-36-016-00 - Darpol Bydgoszcz","isPartOf":{"@id":"https:\/\/darpol.bydgoszcz.pl\/#website"},"primaryImageOfPage":{"@id":"https:\/\/darpol.bydgoszcz.pl\/en\/offer\/rolling-stock\/nowosci-en\/stolik-czteroosobowy-bistro-dl-36-016-00\/#primaryimage"},"image":{"@id":"https:\/\/darpol.bydgoszcz.pl\/en\/offer\/rolling-stock\/nowosci-en\/stolik-czteroosobowy-bistro-dl-36-016-00\/#primaryimage"},"thumbnailUrl":"https:\/\/darpol.bydgoszcz.pl\/wp-content\/uploads\/Stolik-czteroosobowy-Bistro-DL-36-016-00.png","datePublished":"2026-02-17T12:47:03+00:00","dateModified":"2026-03-17T13:29:29+00:00","description":"Stolik czteroosobowy Bistro tworzy komfortow\u0105 i funkcjonaln\u0105 przestrze\u0144 dla czterech pasa\u017cer\u00f3w, sprzyjaj\u0105c wsp\u00f3lnej podr\u00f3\u017cy oraz pracy. Trwa\u0142a konstrukcja i nowoczesny design podnosz\u0105 standard wyposa\u017cenia wn\u0119trz kolejowych.","breadcrumb":{"@id":"https:\/\/darpol.bydgoszcz.pl\/en\/offer\/rolling-stock\/nowosci-en\/stolik-czteroosobowy-bistro-dl-36-016-00\/#breadcrumb"},"inLanguage":"en-US","potentialAction":[{"@type":"ReadAction","target":["https:\/\/darpol.bydgoszcz.pl\/en\/offer\/rolling-stock\/nowosci-en\/stolik-czteroosobowy-bistro-dl-36-016-00\/"]}]},{"@type":"ImageObject","inLanguage":"en-US","@id":"https:\/\/darpol.bydgoszcz.pl\/en\/offer\/rolling-stock\/nowosci-en\/stolik-czteroosobowy-bistro-dl-36-016-00\/#primaryimage","url":"https:\/\/darpol.bydgoszcz.pl\/wp-content\/uploads\/Stolik-czteroosobowy-Bistro-DL-36-016-00.png","contentUrl":"https:\/\/darpol.bydgoszcz.pl\/wp-content\/uploads\/Stolik-czteroosobowy-Bistro-DL-36-016-00.png","width":1000,"height":1000,"caption":"Stolik czteroosobowy Bistro DL-36-016-00"},{"@type":"BreadcrumbList","@id":"https:\/\/darpol.bydgoszcz.pl\/en\/offer\/rolling-stock\/nowosci-en\/stolik-czteroosobowy-bistro-dl-36-016-00\/#breadcrumb","itemListElement":[{"@type":"ListItem","position":1,"name":"Strona g\u0142\u00f3wna","item":"https:\/\/darpol.bydgoszcz.pl\/en\/"},{"@type":"ListItem","position":2,"name":"Oferta","item":"https:\/\/darpol.bydgoszcz.pl\/oferta\/"},{"@type":"ListItem","position":3,"name":"Four person table for bistro car DL-36-016-00"}]},{"@type":"WebSite","@id":"https:\/\/darpol.bydgoszcz.pl\/#website","url":"https:\/\/darpol.bydgoszcz.pl\/","name":"Darpol Bydgoszcz","description":"","potentialAction":[{"@type":"SearchAction","target":{"@type":"EntryPoint","urlTemplate":"https:\/\/darpol.bydgoszcz.pl\/?s={search_term_string}"},"query-input":"required name=search_term_string"}],"inLanguage":"en-US"}]}},"_links":{"self":[{"href":"https:\/\/darpol.bydgoszcz.pl\/en\/wp-json\/wp\/v2\/product\/58497","targetHints":{"allow":["GET"]}}],"collection":[{"href":"https:\/\/darpol.bydgoszcz.pl\/en\/wp-json\/wp\/v2\/product"}],"about":[{"href":"https:\/\/darpol.bydgoszcz.pl\/en\/wp-json\/wp\/v2\/types\/product"}],"wp:featuredmedia":[{"embeddable":true,"href":"https:\/\/darpol.bydgoszcz.pl\/en\/wp-json\/wp\/v2\/media\/58488"}],"wp:attachment":[{"href":"https:\/\/darpol.bydgoszcz.pl\/en\/wp-json\/wp\/v2\/media?parent=58497"}],"wp:term":[{"taxonomy":"product_cat","embeddable":true,"href":"https:\/\/darpol.bydgoszcz.pl\/en\/wp-json\/wp\/v2\/product_cat?post=58497"},{"taxonomy":"product_tag","embeddable":true,"href":"https:\/\/darpol.bydgoszcz.pl\/en\/wp-json\/wp\/v2\/product_tag?post=58497"}],"curies":[{"name":"wp","href":"https:\/\/api.w.org\/{rel}","templated":true}]}}