{"id":58417,"date":"2026-01-29T12:29:35","date_gmt":"2026-01-29T11:29:35","guid":{"rendered":"https:\/\/darpol.bydgoszcz.pl\/offer\/uncategorized\/stolik-osoby-niepelnosprawnej-rozkladany-2-klasa-ze-smietniczka-dl-39-016-05\/"},"modified":"2026-03-20T12:57:34","modified_gmt":"2026-03-20T11:57:34","slug":"stolik-osoby-niepelnosprawnej-rozkladany-2-klasa-ze-smietniczka-dl-39-016-05","status":"publish","type":"product","link":"https:\/\/darpol.bydgoszcz.pl\/en\/offer\/rolling-stock\/nowosci-en\/stolik-osoby-niepelnosprawnej-rozkladany-2-klasa-ze-smietniczka-dl-39-016-05\/","title":{"rendered":"Four person folding table with trush bin, 2nd class DL-39-016-05"},"content":{"rendered":"<p>The 2nd class folding table for wheelchairs with a waste bin is a modern and functional solution designed with accessibility, comfort and ergonomics in mind for passenger carriages. The product meets rail transport and accessibility standards, improving the quality of travel for passengers with reduced mobility.<br \/>\nIt has been designed specifically for wheelchair users, ensuring easy access, appropriate height and safe use while travelling. The folding mechanism allows for quick and convenient use of the table, and when folded, it does not restrict the manoeuvring space in the carriage.<\/p>\n<p>&nbsp;<\/p>\n<p><strong>Benefits:<\/strong><br \/>\n+ ergonomic design adapted to wheelchairs<br \/>\n+ easy and intuitive folding mechanism<br \/>\n+ integrated waste bin for improved hygiene and convenience<br \/>\n+ solid construction resistant to intensive use in public transport<br \/>\n+ aesthetic design matching the interior of 2nd class carriages<br \/>\n+ increased accessibility and comfort for passengers<\/p>\n<p>&nbsp;<\/p>\n<p><strong>Technical data:<\/strong><br \/>\nMaterial: Fire-retardant plywood<br \/>\nFinish: HPL Abet 477 Grigio (can be customised to customer requirements)<br \/>\nCapacity: 4 L<br \/>\nWeight: ~ 7,7 kg<br \/>\nTabletop width: 308 mm<br \/>\nTabletop length when extended: 648 mm<br \/>\nTabletop length when folded: 388 mm<br \/>\nHeight: 312,4 mm<\/p>\n<p>&nbsp;<\/p>\n<p>The product complies with the following standards: PN-EN 45545-2, PN-EN ISO 2553, PN-EN ISO 13920, PN-EN 22768-1 1999.<\/p>\n<p>Application: passenger carriages, EMUs, SZT<\/p>\n<p>&nbsp;<\/p>\n<div style=\"clear:both\"><a href=\"javascript:window.print()\"><i class=\"fa fa-print\" aria-hidden=\"true\"><\/i> Print this page<\/a><\/div>","protected":false},"excerpt":{"rendered":"<p>The 2nd class folding table for wheelchairs with a waste bin is a modern and functional solution designed with accessibility, comfort and ergonomics in mind for passenger carriages. The product meets rail transport and accessibility standards, improving the quality of travel for passengers with reduced mobility. It has been designed specifically for wheelchair users, ensuring &hellip;<\/p>\n","protected":false},"featured_media":58926,"template":"","meta":{"om_disable_all_campaigns":false,"_monsterinsights_skip_tracking":false,"_monsterinsights_sitenote_active":false,"_monsterinsights_sitenote_note":"","_monsterinsights_sitenote_category":0,"_uf_show_specific_survey":0,"_uf_disable_surveys":false},"product_cat":[262,4156,8394],"product_tag":[8563,8566,7908,8570,7961,7983,8572,8544,8571,8482,8575,8545,8573,3985,8546,8547,8548,8574,7891,8549,8567,8108,8568,8565,8550,8551,8578,8564,8569,2705,8577,7984,7900,8552,8553,7831,8489,8499,8555,8471,8556,8557,8576,8558,8559,8560,8561,7835,8562],"class_list":{"0":"post-58417","1":"product","2":"type-product","3":"status-publish","4":"has-post-thumbnail","6":"product_cat-rolling-stock","7":"product_cat-nowosci-en","8":"product_cat-tables-and-with-waste-bins-en","9":"product_tag-2nd-class-table","10":"product_tag-barrier-free-transport","11":"product_tag-carriage-equipment","12":"product_tag-carriage-interiors","13":"product_tag-carriage-modernisation","14":"product_tag-carriage-table","15":"product_tag-ergonomic","16":"product_tag-ergonomiczny-en","17":"product_tag-fold-out","18":"product_tag-folding-table","19":"product_tag-functional-equipment","20":"product_tag-funkcjonalne-wyposazenie-en","21":"product_tag-integrated-waste-bin","22":"product_tag-kolej-en","23":"product_tag-komfort-podrozy-en","24":"product_tag-komponenty-kolejowe-en","25":"product_tag-kosz-na-smieci-en","26":"product_tag-litter-bin","27":"product_tag-modernizacja-wagonow-en","28":"product_tag-osoby-o-ograniczonej-mobilnosci-en","29":"product_tag-passenger-carriages","30":"product_tag-passenger-table","31":"product_tag-passenger-trains","32":"product_tag-persons-with-reduced-mobility","33":"product_tag-pociagi-pasazerskie-en","34":"product_tag-prm-en","35":"product_tag-prm-equipment","36":"product_tag-prm-table","37":"product_tag-rail-transport","38":"product_tag-railway","39":"product_tag-railway-components","40":"product_tag-railway-table","41":"product_tag-rolling-stock-equipment","42":"product_tag-rozkladany-en","43":"product_tag-stolik-2-klasa-en","44":"product_tag-stolik-do-wagonow-en","45":"product_tag-stolik-kolejowy-en","46":"product_tag-stolik-pasazerski-en","47":"product_tag-stolik-prm-en","48":"product_tag-stolik-rozkladany-en","49":"product_tag-transport-bez-barier-en","50":"product_tag-transport-kolejowy-en","51":"product_tag-travel-comfort","52":"product_tag-wagony-osobowe-en","53":"product_tag-wnetrza-wagonow-en","54":"product_tag-wyposazenie-prm-en","55":"product_tag-wyposazenie-taboru-en","56":"product_tag-wyposazenie-wagonow-en","57":"product_tag-zintegrowana-smietniczka-en","59":"first","60":"onbackorder","61":"shipping-taxable","62":"product-type-simple"},"yoast_head":"<!-- This site is optimized with the Yoast SEO plugin v23.0 - https:\/\/yoast.com\/wordpress\/plugins\/seo\/ -->\n<title>Four person folding table with trush bin, 2nd class DL-39-016-05 - Darpol Bydgoszcz<\/title>\n<meta name=\"description\" content=\"Investment in modern rail transport. The choice of a folding table for wheelchairs with a waste bin is a real support for the idea of barrier-free transport, improving the image of the carrier and meeting the growing expectations of passengers in terms of comfort and accessibility.\" \/>\n<meta name=\"robots\" content=\"index, follow, max-snippet:-1, max-image-preview:large, max-video-preview:-1\" \/>\n<link rel=\"canonical\" href=\"https:\/\/darpol.bydgoszcz.pl\/en\/offer\/rolling-stock\/nowosci-en\/stolik-osoby-niepelnosprawnej-rozkladany-2-klasa-ze-smietniczka-dl-39-016-05\/\" \/>\n<meta property=\"og:locale\" content=\"en_US\" \/>\n<meta property=\"og:type\" content=\"article\" \/>\n<meta property=\"og:title\" content=\"Four person folding table with trush bin, 2nd class DL-39-016-05 - Darpol Bydgoszcz\" \/>\n<meta property=\"og:description\" content=\"Investment in modern rail transport. The choice of a folding table for wheelchairs with a waste bin is a real support for the idea of barrier-free transport, improving the image of the carrier and meeting the growing expectations of passengers in terms of comfort and accessibility.\" \/>\n<meta property=\"og:url\" content=\"https:\/\/darpol.bydgoszcz.pl\/en\/offer\/rolling-stock\/nowosci-en\/stolik-osoby-niepelnosprawnej-rozkladany-2-klasa-ze-smietniczka-dl-39-016-05\/\" \/>\n<meta property=\"og:site_name\" content=\"Darpol Bydgoszcz\" \/>\n<meta property=\"article:modified_time\" content=\"2026-03-20T11:57:34+00:00\" \/>\n<meta property=\"og:image\" content=\"https:\/\/darpol.bydgoszcz.pl\/wp-content\/uploads\/Stolik-osoby-niepelnosprawnej-rozkladany-2-klasa-ze-smietniczka-DL-39-016-05-3.png\" \/>\n\t<meta property=\"og:image:width\" content=\"1000\" \/>\n\t<meta property=\"og:image:height\" content=\"1000\" \/>\n\t<meta property=\"og:image:type\" content=\"image\/png\" \/>\n<meta name=\"twitter:card\" content=\"summary_large_image\" \/>\n<meta name=\"twitter:label1\" content=\"Est. reading time\" \/>\n\t<meta name=\"twitter:data1\" content=\"2 minutes\" \/>\n<script type=\"application\/ld+json\" class=\"yoast-schema-graph\">{\"@context\":\"https:\/\/schema.org\",\"@graph\":[{\"@type\":\"WebPage\",\"@id\":\"https:\/\/darpol.bydgoszcz.pl\/en\/offer\/rolling-stock\/nowosci-en\/stolik-osoby-niepelnosprawnej-rozkladany-2-klasa-ze-smietniczka-dl-39-016-05\/\",\"url\":\"https:\/\/darpol.bydgoszcz.pl\/en\/offer\/rolling-stock\/nowosci-en\/stolik-osoby-niepelnosprawnej-rozkladany-2-klasa-ze-smietniczka-dl-39-016-05\/\",\"name\":\"Four person folding table with trush bin, 2nd class DL-39-016-05 - Darpol Bydgoszcz\",\"isPartOf\":{\"@id\":\"https:\/\/darpol.bydgoszcz.pl\/#website\"},\"primaryImageOfPage\":{\"@id\":\"https:\/\/darpol.bydgoszcz.pl\/en\/offer\/rolling-stock\/nowosci-en\/stolik-osoby-niepelnosprawnej-rozkladany-2-klasa-ze-smietniczka-dl-39-016-05\/#primaryimage\"},\"image\":{\"@id\":\"https:\/\/darpol.bydgoszcz.pl\/en\/offer\/rolling-stock\/nowosci-en\/stolik-osoby-niepelnosprawnej-rozkladany-2-klasa-ze-smietniczka-dl-39-016-05\/#primaryimage\"},\"thumbnailUrl\":\"https:\/\/darpol.bydgoszcz.pl\/wp-content\/uploads\/Stolik-osoby-niepelnosprawnej-rozkladany-2-klasa-ze-smietniczka-DL-39-016-05-3.png\",\"datePublished\":\"2026-01-29T11:29:35+00:00\",\"dateModified\":\"2026-03-20T11:57:34+00:00\",\"description\":\"Investment in modern rail transport. The choice of a folding table for wheelchairs with a waste bin is a real support for the idea of barrier-free transport, improving the image of the carrier and meeting the growing expectations of passengers in terms of comfort and accessibility.\",\"breadcrumb\":{\"@id\":\"https:\/\/darpol.bydgoszcz.pl\/en\/offer\/rolling-stock\/nowosci-en\/stolik-osoby-niepelnosprawnej-rozkladany-2-klasa-ze-smietniczka-dl-39-016-05\/#breadcrumb\"},\"inLanguage\":\"en-US\",\"potentialAction\":[{\"@type\":\"ReadAction\",\"target\":[\"https:\/\/darpol.bydgoszcz.pl\/en\/offer\/rolling-stock\/nowosci-en\/stolik-osoby-niepelnosprawnej-rozkladany-2-klasa-ze-smietniczka-dl-39-016-05\/\"]}]},{\"@type\":\"ImageObject\",\"inLanguage\":\"en-US\",\"@id\":\"https:\/\/darpol.bydgoszcz.pl\/en\/offer\/rolling-stock\/nowosci-en\/stolik-osoby-niepelnosprawnej-rozkladany-2-klasa-ze-smietniczka-dl-39-016-05\/#primaryimage\",\"url\":\"https:\/\/darpol.bydgoszcz.pl\/wp-content\/uploads\/Stolik-osoby-niepelnosprawnej-rozkladany-2-klasa-ze-smietniczka-DL-39-016-05-3.png\",\"contentUrl\":\"https:\/\/darpol.bydgoszcz.pl\/wp-content\/uploads\/Stolik-osoby-niepelnosprawnej-rozkladany-2-klasa-ze-smietniczka-DL-39-016-05-3.png\",\"width\":1000,\"height\":1000,\"caption\":\"Stolik osoby niepe\u0142nosprawnej rozk\u0142adany 2-klasa ze \u015bmietniczk\u0105 DL-39-016-05\"},{\"@type\":\"BreadcrumbList\",\"@id\":\"https:\/\/darpol.bydgoszcz.pl\/en\/offer\/rolling-stock\/nowosci-en\/stolik-osoby-niepelnosprawnej-rozkladany-2-klasa-ze-smietniczka-dl-39-016-05\/#breadcrumb\",\"itemListElement\":[{\"@type\":\"ListItem\",\"position\":1,\"name\":\"Strona g\u0142\u00f3wna\",\"item\":\"https:\/\/darpol.bydgoszcz.pl\/en\/\"},{\"@type\":\"ListItem\",\"position\":2,\"name\":\"Oferta\",\"item\":\"https:\/\/darpol.bydgoszcz.pl\/oferta\/\"},{\"@type\":\"ListItem\",\"position\":3,\"name\":\"Four person folding table with trush bin, 2nd class DL-39-016-05\"}]},{\"@type\":\"WebSite\",\"@id\":\"https:\/\/darpol.bydgoszcz.pl\/#website\",\"url\":\"https:\/\/darpol.bydgoszcz.pl\/\",\"name\":\"Darpol Bydgoszcz\",\"description\":\"\",\"potentialAction\":[{\"@type\":\"SearchAction\",\"target\":{\"@type\":\"EntryPoint\",\"urlTemplate\":\"https:\/\/darpol.bydgoszcz.pl\/?s={search_term_string}\"},\"query-input\":\"required name=search_term_string\"}],\"inLanguage\":\"en-US\"}]}<\/script>\n<!-- \/ Yoast SEO plugin. -->","yoast_head_json":{"title":"Four person folding table with trush bin, 2nd class DL-39-016-05 - Darpol Bydgoszcz","description":"Investment in modern rail transport. The choice of a folding table for wheelchairs with a waste bin is a real support for the idea of barrier-free transport, improving the image of the carrier and meeting the growing expectations of passengers in terms of comfort and accessibility.","robots":{"index":"index","follow":"follow","max-snippet":"max-snippet:-1","max-image-preview":"max-image-preview:large","max-video-preview":"max-video-preview:-1"},"canonical":"https:\/\/darpol.bydgoszcz.pl\/en\/offer\/rolling-stock\/nowosci-en\/stolik-osoby-niepelnosprawnej-rozkladany-2-klasa-ze-smietniczka-dl-39-016-05\/","og_locale":"en_US","og_type":"article","og_title":"Four person folding table with trush bin, 2nd class DL-39-016-05 - Darpol Bydgoszcz","og_description":"Investment in modern rail transport. The choice of a folding table for wheelchairs with a waste bin is a real support for the idea of barrier-free transport, improving the image of the carrier and meeting the growing expectations of passengers in terms of comfort and accessibility.","og_url":"https:\/\/darpol.bydgoszcz.pl\/en\/offer\/rolling-stock\/nowosci-en\/stolik-osoby-niepelnosprawnej-rozkladany-2-klasa-ze-smietniczka-dl-39-016-05\/","og_site_name":"Darpol Bydgoszcz","article_modified_time":"2026-03-20T11:57:34+00:00","og_image":[{"width":1000,"height":1000,"url":"https:\/\/darpol.bydgoszcz.pl\/wp-content\/uploads\/Stolik-osoby-niepelnosprawnej-rozkladany-2-klasa-ze-smietniczka-DL-39-016-05-3.png","type":"image\/png"}],"twitter_card":"summary_large_image","twitter_misc":{"Est. reading time":"2 minutes"},"schema":{"@context":"https:\/\/schema.org","@graph":[{"@type":"WebPage","@id":"https:\/\/darpol.bydgoszcz.pl\/en\/offer\/rolling-stock\/nowosci-en\/stolik-osoby-niepelnosprawnej-rozkladany-2-klasa-ze-smietniczka-dl-39-016-05\/","url":"https:\/\/darpol.bydgoszcz.pl\/en\/offer\/rolling-stock\/nowosci-en\/stolik-osoby-niepelnosprawnej-rozkladany-2-klasa-ze-smietniczka-dl-39-016-05\/","name":"Four person folding table with trush bin, 2nd class DL-39-016-05 - Darpol Bydgoszcz","isPartOf":{"@id":"https:\/\/darpol.bydgoszcz.pl\/#website"},"primaryImageOfPage":{"@id":"https:\/\/darpol.bydgoszcz.pl\/en\/offer\/rolling-stock\/nowosci-en\/stolik-osoby-niepelnosprawnej-rozkladany-2-klasa-ze-smietniczka-dl-39-016-05\/#primaryimage"},"image":{"@id":"https:\/\/darpol.bydgoszcz.pl\/en\/offer\/rolling-stock\/nowosci-en\/stolik-osoby-niepelnosprawnej-rozkladany-2-klasa-ze-smietniczka-dl-39-016-05\/#primaryimage"},"thumbnailUrl":"https:\/\/darpol.bydgoszcz.pl\/wp-content\/uploads\/Stolik-osoby-niepelnosprawnej-rozkladany-2-klasa-ze-smietniczka-DL-39-016-05-3.png","datePublished":"2026-01-29T11:29:35+00:00","dateModified":"2026-03-20T11:57:34+00:00","description":"Investment in modern rail transport. The choice of a folding table for wheelchairs with a waste bin is a real support for the idea of barrier-free transport, improving the image of the carrier and meeting the growing expectations of passengers in terms of comfort and accessibility.","breadcrumb":{"@id":"https:\/\/darpol.bydgoszcz.pl\/en\/offer\/rolling-stock\/nowosci-en\/stolik-osoby-niepelnosprawnej-rozkladany-2-klasa-ze-smietniczka-dl-39-016-05\/#breadcrumb"},"inLanguage":"en-US","potentialAction":[{"@type":"ReadAction","target":["https:\/\/darpol.bydgoszcz.pl\/en\/offer\/rolling-stock\/nowosci-en\/stolik-osoby-niepelnosprawnej-rozkladany-2-klasa-ze-smietniczka-dl-39-016-05\/"]}]},{"@type":"ImageObject","inLanguage":"en-US","@id":"https:\/\/darpol.bydgoszcz.pl\/en\/offer\/rolling-stock\/nowosci-en\/stolik-osoby-niepelnosprawnej-rozkladany-2-klasa-ze-smietniczka-dl-39-016-05\/#primaryimage","url":"https:\/\/darpol.bydgoszcz.pl\/wp-content\/uploads\/Stolik-osoby-niepelnosprawnej-rozkladany-2-klasa-ze-smietniczka-DL-39-016-05-3.png","contentUrl":"https:\/\/darpol.bydgoszcz.pl\/wp-content\/uploads\/Stolik-osoby-niepelnosprawnej-rozkladany-2-klasa-ze-smietniczka-DL-39-016-05-3.png","width":1000,"height":1000,"caption":"Stolik osoby niepe\u0142nosprawnej rozk\u0142adany 2-klasa ze \u015bmietniczk\u0105 DL-39-016-05"},{"@type":"BreadcrumbList","@id":"https:\/\/darpol.bydgoszcz.pl\/en\/offer\/rolling-stock\/nowosci-en\/stolik-osoby-niepelnosprawnej-rozkladany-2-klasa-ze-smietniczka-dl-39-016-05\/#breadcrumb","itemListElement":[{"@type":"ListItem","position":1,"name":"Strona g\u0142\u00f3wna","item":"https:\/\/darpol.bydgoszcz.pl\/en\/"},{"@type":"ListItem","position":2,"name":"Oferta","item":"https:\/\/darpol.bydgoszcz.pl\/oferta\/"},{"@type":"ListItem","position":3,"name":"Four person folding table with trush bin, 2nd class DL-39-016-05"}]},{"@type":"WebSite","@id":"https:\/\/darpol.bydgoszcz.pl\/#website","url":"https:\/\/darpol.bydgoszcz.pl\/","name":"Darpol Bydgoszcz","description":"","potentialAction":[{"@type":"SearchAction","target":{"@type":"EntryPoint","urlTemplate":"https:\/\/darpol.bydgoszcz.pl\/?s={search_term_string}"},"query-input":"required name=search_term_string"}],"inLanguage":"en-US"}]}},"_links":{"self":[{"href":"https:\/\/darpol.bydgoszcz.pl\/en\/wp-json\/wp\/v2\/product\/58417","targetHints":{"allow":["GET"]}}],"collection":[{"href":"https:\/\/darpol.bydgoszcz.pl\/en\/wp-json\/wp\/v2\/product"}],"about":[{"href":"https:\/\/darpol.bydgoszcz.pl\/en\/wp-json\/wp\/v2\/types\/product"}],"wp:featuredmedia":[{"embeddable":true,"href":"https:\/\/darpol.bydgoszcz.pl\/en\/wp-json\/wp\/v2\/media\/58926"}],"wp:attachment":[{"href":"https:\/\/darpol.bydgoszcz.pl\/en\/wp-json\/wp\/v2\/media?parent=58417"}],"wp:term":[{"taxonomy":"product_cat","embeddable":true,"href":"https:\/\/darpol.bydgoszcz.pl\/en\/wp-json\/wp\/v2\/product_cat?post=58417"},{"taxonomy":"product_tag","embeddable":true,"href":"https:\/\/darpol.bydgoszcz.pl\/en\/wp-json\/wp\/v2\/product_tag?post=58417"}],"curies":[{"name":"wp","href":"https:\/\/api.w.org\/{rel}","templated":true}]}}