{"id":58404,"date":"2026-01-28T13:43:47","date_gmt":"2026-01-28T12:43:47","guid":{"rendered":"https:\/\/darpol.bydgoszcz.pl\/offer\/uncategorized\/stolik-rozkladany-dla-wozkow-inwalidzkich-2-klasa-ze-smietniczka-dl-39-016-04\/"},"modified":"2026-03-20T12:20:21","modified_gmt":"2026-03-20T11:20:21","slug":"stolik-rozkladany-dla-wozkow-inwalidzkich-2-klasa-ze-smietniczka-dl-39-016-04","status":"publish","type":"product","link":"https:\/\/darpol.bydgoszcz.pl\/en\/offer\/rolling-stock\/nowosci-en\/stolik-rozkladany-dla-wozkow-inwalidzkich-2-klasa-ze-smietniczka-dl-39-016-04\/","title":{"rendered":"Folding table for people in a wheelchair with trush bin, 2nd class DL-39-016-04"},"content":{"rendered":"<p>The 2nd class folding table for wheelchairs with a waste bin is a modern and functional solution designed with accessibility, comfort and ergonomics in mind for passenger carriages. The product meets rail transport and accessibility standards, improving the quality of travel for passengers with reduced mobility.<br \/>\nIt has been designed specifically for wheelchair users, ensuring easy access, appropriate height and safe use while travelling. The folding mechanism allows for quick and convenient use of the table, and when folded, it does not restrict the manoeuvring space in the carriage.<\/p>\n<p>&nbsp;<\/p>\n<p><strong>Benefits:<\/strong><br \/>\n+ ergonomic design adapted to wheelchairs<br \/>\n+ easy and intuitive folding mechanism<br \/>\n+ integrated waste bin for improved hygiene and convenience<br \/>\n+ solid construction resistant to intensive use in public transport<br \/>\n+ aesthetic design matching the interior of 2nd class carriages<br \/>\n+ increased accessibility and comfort for passengers<\/p>\n<p>&nbsp;<\/p>\n<p><strong>Technical data:<\/strong><br \/>\nMaterial: Fire-retardant plywood<br \/>\nFinish: HPL Abet 477 Grigio (can be customised to customer requirements)<br \/>\nCapacity: 4 L<br \/>\nWeight: ~ 11 kg<br \/>\nWidth of folded tabletop: 280 mm<br \/>\nWidth of unfolded tabletop: 558 mm<br \/>\nLength of tabletop: 645 mm<br \/>\nHeight: 353,5 mm<\/p>\n<p>&nbsp;<\/p>\n<p>The product complies with the following standards: PN-EN 45545-2, PN-EN ISO 13920, PN-EN 22768-1 1999, PN-EN ISO 2553.<\/p>\n<p>Application: passenger carriages, EMUs, SZT<\/p>\n<p>&nbsp;<\/p>\n<div style=\"clear:both\"><a href=\"javascript:window.print()\"><i class=\"fa fa-print\" aria-hidden=\"true\"><\/i> Print this page<\/a><\/div>","protected":false},"excerpt":{"rendered":"<p>The 2nd class folding table for wheelchairs with a waste bin is a modern and functional solution designed with accessibility, comfort and ergonomics in mind for passenger carriages. The product meets rail transport and accessibility standards, improving the quality of travel for passengers with reduced mobility. It has been designed specifically for wheelchair users, ensuring &hellip;<\/p>\n","protected":false},"featured_media":58911,"template":"","meta":{"om_disable_all_campaigns":false,"_monsterinsights_skip_tracking":false,"_monsterinsights_sitenote_active":false,"_monsterinsights_sitenote_note":"","_monsterinsights_sitenote_category":0,"_uf_show_specific_survey":0,"_uf_disable_surveys":false},"product_cat":[262,4156,8394],"product_tag":[8563,8566,7908,8570,7961,7983,3483,7826,8572,8544,8571,8482,8575,8545,8573,3985,8546,8547,8548,8574,7891,8549,8567,8108,8568,8565,8550,8551,8578,8564,8569,2705,8577,7984,7900,8552,8553,8554,7831,8489,8499,8555,8471,8556,8557,8576,8558,8559,8560,8561,7835,8562],"class_list":{"0":"post-58404","1":"product","2":"type-product","3":"status-publish","4":"has-post-thumbnail","6":"product_cat-rolling-stock","7":"product_cat-nowosci-en","8":"product_cat-tables-and-with-waste-bins-en","9":"product_tag-2nd-class-table","10":"product_tag-barrier-free-transport","11":"product_tag-carriage-equipment","12":"product_tag-carriage-interiors","13":"product_tag-carriage-modernisation","14":"product_tag-carriage-table","15":"product_tag-darpol-en","16":"product_tag-darpol-bydgoszcz-en","17":"product_tag-ergonomic","18":"product_tag-ergonomiczny-en","19":"product_tag-fold-out","20":"product_tag-folding-table","21":"product_tag-functional-equipment","22":"product_tag-funkcjonalne-wyposazenie-en","23":"product_tag-integrated-waste-bin","24":"product_tag-kolej-en","25":"product_tag-komfort-podrozy-en","26":"product_tag-komponenty-kolejowe-en","27":"product_tag-kosz-na-smieci-en","28":"product_tag-litter-bin","29":"product_tag-modernizacja-wagonow-en","30":"product_tag-osoby-o-ograniczonej-mobilnosci-en","31":"product_tag-passenger-carriages","32":"product_tag-passenger-table","33":"product_tag-passenger-trains","34":"product_tag-persons-with-reduced-mobility","35":"product_tag-pociagi-pasazerskie-en","36":"product_tag-prm-en","37":"product_tag-prm-equipment","38":"product_tag-prm-table","39":"product_tag-rail-transport","40":"product_tag-railway","41":"product_tag-railway-components","42":"product_tag-railway-table","43":"product_tag-rolling-stock-equipment","44":"product_tag-rozkladany-en","45":"product_tag-stolik-2-klasa-en","46":"product_tag-stolik-darpol-en","47":"product_tag-stolik-do-wagonow-en","48":"product_tag-stolik-kolejowy-en","49":"product_tag-stolik-pasazerski-en","50":"product_tag-stolik-prm-en","51":"product_tag-stolik-rozkladany-en","52":"product_tag-transport-bez-barier-en","53":"product_tag-transport-kolejowy-en","54":"product_tag-travel-comfort","55":"product_tag-wagony-osobowe-en","56":"product_tag-wnetrza-wagonow-en","57":"product_tag-wyposazenie-prm-en","58":"product_tag-wyposazenie-taboru-en","59":"product_tag-wyposazenie-wagonow-en","60":"product_tag-zintegrowana-smietniczka-en","62":"first","63":"onbackorder","64":"shipping-taxable","65":"product-type-simple"},"yoast_head":"<!-- This site is optimized with the Yoast SEO plugin v23.0 - https:\/\/yoast.com\/wordpress\/plugins\/seo\/ -->\n<title>Folding table for people in a wheelchair with trush bin, 2nd class DL-39-016-04 - Darpol Bydgoszcz<\/title>\n<meta name=\"description\" content=\"Investment in modern rail transport. The choice of a folding table for wheelchairs with a waste bin is a real support for the idea of barrier-free transport, improving the image of the carrier and meeting the growing expectations of passengers in terms of comfort and accessibility.\" \/>\n<meta name=\"robots\" content=\"index, follow, max-snippet:-1, max-image-preview:large, max-video-preview:-1\" \/>\n<link rel=\"canonical\" href=\"https:\/\/darpol.bydgoszcz.pl\/en\/offer\/rolling-stock\/nowosci-en\/stolik-rozkladany-dla-wozkow-inwalidzkich-2-klasa-ze-smietniczka-dl-39-016-04\/\" \/>\n<meta property=\"og:locale\" content=\"en_US\" \/>\n<meta property=\"og:type\" content=\"article\" \/>\n<meta property=\"og:title\" content=\"Folding table for people in a wheelchair with trush bin, 2nd class DL-39-016-04 - Darpol Bydgoszcz\" \/>\n<meta property=\"og:description\" content=\"Investment in modern rail transport. The choice of a folding table for wheelchairs with a waste bin is a real support for the idea of barrier-free transport, improving the image of the carrier and meeting the growing expectations of passengers in terms of comfort and accessibility.\" \/>\n<meta property=\"og:url\" content=\"https:\/\/darpol.bydgoszcz.pl\/en\/offer\/rolling-stock\/nowosci-en\/stolik-rozkladany-dla-wozkow-inwalidzkich-2-klasa-ze-smietniczka-dl-39-016-04\/\" \/>\n<meta property=\"og:site_name\" content=\"Darpol Bydgoszcz\" \/>\n<meta property=\"article:modified_time\" content=\"2026-03-20T11:20:21+00:00\" \/>\n<meta property=\"og:image\" content=\"https:\/\/darpol.bydgoszcz.pl\/wp-content\/uploads\/Stolik-rozkladany-dla-wozkow-inwalidzkich-2-klasa-z-smietniczka-DL-39-016-04-1.png\" \/>\n\t<meta property=\"og:image:width\" content=\"1000\" \/>\n\t<meta property=\"og:image:height\" content=\"1000\" \/>\n\t<meta property=\"og:image:type\" content=\"image\/png\" \/>\n<meta name=\"twitter:card\" content=\"summary_large_image\" \/>\n<meta name=\"twitter:label1\" content=\"Est. reading time\" \/>\n\t<meta name=\"twitter:data1\" content=\"2 minutes\" \/>\n<script type=\"application\/ld+json\" class=\"yoast-schema-graph\">{\"@context\":\"https:\/\/schema.org\",\"@graph\":[{\"@type\":\"WebPage\",\"@id\":\"https:\/\/darpol.bydgoszcz.pl\/en\/offer\/rolling-stock\/nowosci-en\/stolik-rozkladany-dla-wozkow-inwalidzkich-2-klasa-ze-smietniczka-dl-39-016-04\/\",\"url\":\"https:\/\/darpol.bydgoszcz.pl\/en\/offer\/rolling-stock\/nowosci-en\/stolik-rozkladany-dla-wozkow-inwalidzkich-2-klasa-ze-smietniczka-dl-39-016-04\/\",\"name\":\"Folding table for people in a wheelchair with trush bin, 2nd class DL-39-016-04 - Darpol Bydgoszcz\",\"isPartOf\":{\"@id\":\"https:\/\/darpol.bydgoszcz.pl\/#website\"},\"primaryImageOfPage\":{\"@id\":\"https:\/\/darpol.bydgoszcz.pl\/en\/offer\/rolling-stock\/nowosci-en\/stolik-rozkladany-dla-wozkow-inwalidzkich-2-klasa-ze-smietniczka-dl-39-016-04\/#primaryimage\"},\"image\":{\"@id\":\"https:\/\/darpol.bydgoszcz.pl\/en\/offer\/rolling-stock\/nowosci-en\/stolik-rozkladany-dla-wozkow-inwalidzkich-2-klasa-ze-smietniczka-dl-39-016-04\/#primaryimage\"},\"thumbnailUrl\":\"https:\/\/darpol.bydgoszcz.pl\/wp-content\/uploads\/Stolik-rozkladany-dla-wozkow-inwalidzkich-2-klasa-z-smietniczka-DL-39-016-04-1.png\",\"datePublished\":\"2026-01-28T12:43:47+00:00\",\"dateModified\":\"2026-03-20T11:20:21+00:00\",\"description\":\"Investment in modern rail transport. The choice of a folding table for wheelchairs with a waste bin is a real support for the idea of barrier-free transport, improving the image of the carrier and meeting the growing expectations of passengers in terms of comfort and accessibility.\",\"breadcrumb\":{\"@id\":\"https:\/\/darpol.bydgoszcz.pl\/en\/offer\/rolling-stock\/nowosci-en\/stolik-rozkladany-dla-wozkow-inwalidzkich-2-klasa-ze-smietniczka-dl-39-016-04\/#breadcrumb\"},\"inLanguage\":\"en-US\",\"potentialAction\":[{\"@type\":\"ReadAction\",\"target\":[\"https:\/\/darpol.bydgoszcz.pl\/en\/offer\/rolling-stock\/nowosci-en\/stolik-rozkladany-dla-wozkow-inwalidzkich-2-klasa-ze-smietniczka-dl-39-016-04\/\"]}]},{\"@type\":\"ImageObject\",\"inLanguage\":\"en-US\",\"@id\":\"https:\/\/darpol.bydgoszcz.pl\/en\/offer\/rolling-stock\/nowosci-en\/stolik-rozkladany-dla-wozkow-inwalidzkich-2-klasa-ze-smietniczka-dl-39-016-04\/#primaryimage\",\"url\":\"https:\/\/darpol.bydgoszcz.pl\/wp-content\/uploads\/Stolik-rozkladany-dla-wozkow-inwalidzkich-2-klasa-z-smietniczka-DL-39-016-04-1.png\",\"contentUrl\":\"https:\/\/darpol.bydgoszcz.pl\/wp-content\/uploads\/Stolik-rozkladany-dla-wozkow-inwalidzkich-2-klasa-z-smietniczka-DL-39-016-04-1.png\",\"width\":1000,\"height\":1000,\"caption\":\"Stolik rozk\u0142adany dla w\u00f3zk\u00f3w inwalidzkich 2-klasa z \u015bmietniczk\u0105 DL-39-016-04\"},{\"@type\":\"BreadcrumbList\",\"@id\":\"https:\/\/darpol.bydgoszcz.pl\/en\/offer\/rolling-stock\/nowosci-en\/stolik-rozkladany-dla-wozkow-inwalidzkich-2-klasa-ze-smietniczka-dl-39-016-04\/#breadcrumb\",\"itemListElement\":[{\"@type\":\"ListItem\",\"position\":1,\"name\":\"Strona g\u0142\u00f3wna\",\"item\":\"https:\/\/darpol.bydgoszcz.pl\/en\/\"},{\"@type\":\"ListItem\",\"position\":2,\"name\":\"Oferta\",\"item\":\"https:\/\/darpol.bydgoszcz.pl\/oferta\/\"},{\"@type\":\"ListItem\",\"position\":3,\"name\":\"Folding table for people in a wheelchair with trush bin, 2nd class DL-39-016-04\"}]},{\"@type\":\"WebSite\",\"@id\":\"https:\/\/darpol.bydgoszcz.pl\/#website\",\"url\":\"https:\/\/darpol.bydgoszcz.pl\/\",\"name\":\"Darpol Bydgoszcz\",\"description\":\"\",\"potentialAction\":[{\"@type\":\"SearchAction\",\"target\":{\"@type\":\"EntryPoint\",\"urlTemplate\":\"https:\/\/darpol.bydgoszcz.pl\/?s={search_term_string}\"},\"query-input\":\"required name=search_term_string\"}],\"inLanguage\":\"en-US\"}]}<\/script>\n<!-- \/ Yoast SEO plugin. -->","yoast_head_json":{"title":"Folding table for people in a wheelchair with trush bin, 2nd class DL-39-016-04 - Darpol Bydgoszcz","description":"Investment in modern rail transport. The choice of a folding table for wheelchairs with a waste bin is a real support for the idea of barrier-free transport, improving the image of the carrier and meeting the growing expectations of passengers in terms of comfort and accessibility.","robots":{"index":"index","follow":"follow","max-snippet":"max-snippet:-1","max-image-preview":"max-image-preview:large","max-video-preview":"max-video-preview:-1"},"canonical":"https:\/\/darpol.bydgoszcz.pl\/en\/offer\/rolling-stock\/nowosci-en\/stolik-rozkladany-dla-wozkow-inwalidzkich-2-klasa-ze-smietniczka-dl-39-016-04\/","og_locale":"en_US","og_type":"article","og_title":"Folding table for people in a wheelchair with trush bin, 2nd class DL-39-016-04 - Darpol Bydgoszcz","og_description":"Investment in modern rail transport. The choice of a folding table for wheelchairs with a waste bin is a real support for the idea of barrier-free transport, improving the image of the carrier and meeting the growing expectations of passengers in terms of comfort and accessibility.","og_url":"https:\/\/darpol.bydgoszcz.pl\/en\/offer\/rolling-stock\/nowosci-en\/stolik-rozkladany-dla-wozkow-inwalidzkich-2-klasa-ze-smietniczka-dl-39-016-04\/","og_site_name":"Darpol Bydgoszcz","article_modified_time":"2026-03-20T11:20:21+00:00","og_image":[{"width":1000,"height":1000,"url":"https:\/\/darpol.bydgoszcz.pl\/wp-content\/uploads\/Stolik-rozkladany-dla-wozkow-inwalidzkich-2-klasa-z-smietniczka-DL-39-016-04-1.png","type":"image\/png"}],"twitter_card":"summary_large_image","twitter_misc":{"Est. reading time":"2 minutes"},"schema":{"@context":"https:\/\/schema.org","@graph":[{"@type":"WebPage","@id":"https:\/\/darpol.bydgoszcz.pl\/en\/offer\/rolling-stock\/nowosci-en\/stolik-rozkladany-dla-wozkow-inwalidzkich-2-klasa-ze-smietniczka-dl-39-016-04\/","url":"https:\/\/darpol.bydgoszcz.pl\/en\/offer\/rolling-stock\/nowosci-en\/stolik-rozkladany-dla-wozkow-inwalidzkich-2-klasa-ze-smietniczka-dl-39-016-04\/","name":"Folding table for people in a wheelchair with trush bin, 2nd class DL-39-016-04 - Darpol Bydgoszcz","isPartOf":{"@id":"https:\/\/darpol.bydgoszcz.pl\/#website"},"primaryImageOfPage":{"@id":"https:\/\/darpol.bydgoszcz.pl\/en\/offer\/rolling-stock\/nowosci-en\/stolik-rozkladany-dla-wozkow-inwalidzkich-2-klasa-ze-smietniczka-dl-39-016-04\/#primaryimage"},"image":{"@id":"https:\/\/darpol.bydgoszcz.pl\/en\/offer\/rolling-stock\/nowosci-en\/stolik-rozkladany-dla-wozkow-inwalidzkich-2-klasa-ze-smietniczka-dl-39-016-04\/#primaryimage"},"thumbnailUrl":"https:\/\/darpol.bydgoszcz.pl\/wp-content\/uploads\/Stolik-rozkladany-dla-wozkow-inwalidzkich-2-klasa-z-smietniczka-DL-39-016-04-1.png","datePublished":"2026-01-28T12:43:47+00:00","dateModified":"2026-03-20T11:20:21+00:00","description":"Investment in modern rail transport. The choice of a folding table for wheelchairs with a waste bin is a real support for the idea of barrier-free transport, improving the image of the carrier and meeting the growing expectations of passengers in terms of comfort and accessibility.","breadcrumb":{"@id":"https:\/\/darpol.bydgoszcz.pl\/en\/offer\/rolling-stock\/nowosci-en\/stolik-rozkladany-dla-wozkow-inwalidzkich-2-klasa-ze-smietniczka-dl-39-016-04\/#breadcrumb"},"inLanguage":"en-US","potentialAction":[{"@type":"ReadAction","target":["https:\/\/darpol.bydgoszcz.pl\/en\/offer\/rolling-stock\/nowosci-en\/stolik-rozkladany-dla-wozkow-inwalidzkich-2-klasa-ze-smietniczka-dl-39-016-04\/"]}]},{"@type":"ImageObject","inLanguage":"en-US","@id":"https:\/\/darpol.bydgoszcz.pl\/en\/offer\/rolling-stock\/nowosci-en\/stolik-rozkladany-dla-wozkow-inwalidzkich-2-klasa-ze-smietniczka-dl-39-016-04\/#primaryimage","url":"https:\/\/darpol.bydgoszcz.pl\/wp-content\/uploads\/Stolik-rozkladany-dla-wozkow-inwalidzkich-2-klasa-z-smietniczka-DL-39-016-04-1.png","contentUrl":"https:\/\/darpol.bydgoszcz.pl\/wp-content\/uploads\/Stolik-rozkladany-dla-wozkow-inwalidzkich-2-klasa-z-smietniczka-DL-39-016-04-1.png","width":1000,"height":1000,"caption":"Stolik rozk\u0142adany dla w\u00f3zk\u00f3w inwalidzkich 2-klasa z \u015bmietniczk\u0105 DL-39-016-04"},{"@type":"BreadcrumbList","@id":"https:\/\/darpol.bydgoszcz.pl\/en\/offer\/rolling-stock\/nowosci-en\/stolik-rozkladany-dla-wozkow-inwalidzkich-2-klasa-ze-smietniczka-dl-39-016-04\/#breadcrumb","itemListElement":[{"@type":"ListItem","position":1,"name":"Strona g\u0142\u00f3wna","item":"https:\/\/darpol.bydgoszcz.pl\/en\/"},{"@type":"ListItem","position":2,"name":"Oferta","item":"https:\/\/darpol.bydgoszcz.pl\/oferta\/"},{"@type":"ListItem","position":3,"name":"Folding table for people in a wheelchair with trush bin, 2nd class DL-39-016-04"}]},{"@type":"WebSite","@id":"https:\/\/darpol.bydgoszcz.pl\/#website","url":"https:\/\/darpol.bydgoszcz.pl\/","name":"Darpol Bydgoszcz","description":"","potentialAction":[{"@type":"SearchAction","target":{"@type":"EntryPoint","urlTemplate":"https:\/\/darpol.bydgoszcz.pl\/?s={search_term_string}"},"query-input":"required name=search_term_string"}],"inLanguage":"en-US"}]}},"_links":{"self":[{"href":"https:\/\/darpol.bydgoszcz.pl\/en\/wp-json\/wp\/v2\/product\/58404","targetHints":{"allow":["GET"]}}],"collection":[{"href":"https:\/\/darpol.bydgoszcz.pl\/en\/wp-json\/wp\/v2\/product"}],"about":[{"href":"https:\/\/darpol.bydgoszcz.pl\/en\/wp-json\/wp\/v2\/types\/product"}],"wp:featuredmedia":[{"embeddable":true,"href":"https:\/\/darpol.bydgoszcz.pl\/en\/wp-json\/wp\/v2\/media\/58911"}],"wp:attachment":[{"href":"https:\/\/darpol.bydgoszcz.pl\/en\/wp-json\/wp\/v2\/media?parent=58404"}],"wp:term":[{"taxonomy":"product_cat","embeddable":true,"href":"https:\/\/darpol.bydgoszcz.pl\/en\/wp-json\/wp\/v2\/product_cat?post=58404"},{"taxonomy":"product_tag","embeddable":true,"href":"https:\/\/darpol.bydgoszcz.pl\/en\/wp-json\/wp\/v2\/product_tag?post=58404"}],"curies":[{"name":"wp","href":"https:\/\/api.w.org\/{rel}","templated":true}]}}