{"id":58239,"date":"2025-12-11T12:44:05","date_gmt":"2025-12-11T11:44:05","guid":{"rendered":"https:\/\/darpol.bydgoszcz.pl\/offer\/uncategorized\/stolik-osoby-niepelnosprawnej-rozkladany-1-klasa-ze-smietniczka-dl-39-016-02\/"},"modified":"2026-03-20T11:57:25","modified_gmt":"2026-03-20T10:57:25","slug":"stolik-osoby-niepelnosprawnej-rozkladany-1-klasa-ze-smietniczka-dl-39-016-02","status":"publish","type":"product","link":"https:\/\/darpol.bydgoszcz.pl\/en\/offer\/rolling-stock\/emu-dmu\/stolik-osoby-niepelnosprawnej-rozkladany-1-klasa-ze-smietniczka-dl-39-016-02\/","title":{"rendered":"Foldable table with a garbage bin for the disabled, 1st class coach DL-39-016-02"},"content":{"rendered":"<p>The folding table for persons with disabilities, designed for first-class carriages, is a modern and ergonomic piece of rolling stock equipment, designed with maximum comfort, functionality and safety in mind for passengers with reduced mobility. With its built-in waste bin and intuitive folding mechanism, the table perfectly meets the premium standards of modern passenger trains.<br \/>\nThis solution improves the quality of travel by allowing passengers to use the table comfortably while eating, working or performing everyday activities, while maintaining full accessibility and freedom of movement.<\/p>\n<p>&nbsp;<\/p>\n<p><strong>Benefits:<\/strong><br \/>\n+ Designed for people with disabilities<br \/>\n+ Integrated waste bin \u2013 full functionality in one module<br \/>\n+ Unfolding mechanism<br \/>\n+ Stability and vibration resistance<br \/>\n+ Premium comfort and convenience<\/p>\n<p>&nbsp;<\/p>\n<p><strong>Technical data:<\/strong><br \/>\nMaterial: Flame-retardant plywood<br \/>\nFinish: HPL Abet 879 Grigio Grafite (can be customised to customer requirements)<br \/>\nWaste bin capacity: 4L<br \/>\nWeight: ~10 kg<br \/>\nWidth: 560 mm<br \/>\nLength of folded tabletop: 318 mm<br \/>\nLength of unfolded tabletop: 578 mm<br \/>\nHeight: 312.4 mm<\/p>\n<p>&nbsp;<\/p>\n<p>Product complies with standards: PN-EN 45545-2, PN-EN ISO 13920, PN-EN ISO 2553, PN-EN 22768-1 1999<\/p>\n<p>Application: passenger carriages, EMUs, SZTs<\/p>\n<p>&nbsp;<\/p>\n<div style=\"clear:both\"><a href=\"javascript:window.print()\"><i class=\"fa fa-print\" aria-hidden=\"true\"><\/i> Print this page<\/a><\/div>","protected":false},"excerpt":{"rendered":"<p>The folding table for persons with disabilities, designed for first-class carriages, is a modern and ergonomic piece of rolling stock equipment, designed with maximum comfort, functionality and safety in mind for passengers with reduced mobility. With its built-in waste bin and intuitive folding mechanism, the table perfectly meets the premium standards of modern passenger trains. &hellip;<\/p>\n","protected":false},"featured_media":58908,"template":"","meta":{"om_disable_all_campaigns":false,"_monsterinsights_skip_tracking":false,"_monsterinsights_sitenote_active":false,"_monsterinsights_sitenote_note":"","_monsterinsights_sitenote_category":0,"_uf_show_specific_survey":0,"_uf_disable_surveys":false},"product_cat":[262,4156,8394,339,333],"product_tag":[4182,3483,7826,8480,8476,8481,8482,7979,7991,8466,8478,8467,8468,8469,8470,8471,8443,8472,8479,8475,8477,8473,8474],"class_list":{"0":"post-58239","1":"product","2":"type-product","3":"status-publish","4":"has-post-thumbnail","6":"product_cat-rolling-stock","7":"product_cat-nowosci-en","8":"product_cat-tables-and-with-waste-bins-en","9":"product_cat-passenger-coaches","10":"product_cat-emu-dmu","11":"product_tag-bydgoszcz-en","12":"product_tag-darpol-en","13":"product_tag-darpol-bydgoszcz-en","14":"product_tag-facilities-for-disabled-passengers-on-trains","15":"product_tag-first-class-carriage-table","16":"product_tag-first-class-passenger-furniture","17":"product_tag-folding-table","18":"product_tag-folding-table-for-trains","19":"product_tag-folding-train-table","20":"product_tag-meble-pasazerskie-1-klasa-en","21":"product_tag-prm-rolling-stock-equipment","22":"product_tag-stolik-1-klasa-wagon-en","23":"product_tag-stolik-dla-niepelnosprawnych-kolej-en","24":"product_tag-stolik-dostepny-dla-osob-niepelnosprawnych-en","25":"product_tag-stolik-kolejowy-skladany-en","26":"product_tag-stolik-rozkladany-en","27":"product_tag-stolik-rozkladany-pociag-en","28":"product_tag-stolik-ze-smietniczka-kolej-en","29":"product_tag-table-accessible-to-disabled-passengers","30":"product_tag-table-for-disabled-passengers","31":"product_tag-table-with-waste-bin-for-trains","32":"product_tag-udogodnienia-dla-niepelnosprawnych-w-pociagach-en","33":"product_tag-wyposazenie-prm-tabor-szynowy-en","35":"first","36":"onbackorder","37":"shipping-taxable","38":"product-type-simple"},"yoast_head":"<!-- This site is optimized with the Yoast SEO plugin v23.0 - https:\/\/yoast.com\/wordpress\/plugins\/seo\/ -->\n<title>Foldable table with a garbage bin for the disabled, 1st class coach DL-39-016-02 - Darpol Bydgoszcz<\/title>\n<meta name=\"description\" content=\"First-class folding table for disabled persons with integrated waste bin \u2013 functional and ergonomic equipment for rail vehicles. Ensures comfort, stability and full accessibility in modern passenger carriages.\" \/>\n<meta name=\"robots\" content=\"index, follow, max-snippet:-1, max-image-preview:large, max-video-preview:-1\" \/>\n<link rel=\"canonical\" href=\"https:\/\/darpol.bydgoszcz.pl\/en\/offer\/rolling-stock\/emu-dmu\/stolik-osoby-niepelnosprawnej-rozkladany-1-klasa-ze-smietniczka-dl-39-016-02\/\" \/>\n<meta property=\"og:locale\" content=\"en_US\" \/>\n<meta property=\"og:type\" content=\"article\" \/>\n<meta property=\"og:title\" content=\"Foldable table with a garbage bin for the disabled, 1st class coach DL-39-016-02 - Darpol Bydgoszcz\" \/>\n<meta property=\"og:description\" content=\"First-class folding table for disabled persons with integrated waste bin \u2013 functional and ergonomic equipment for rail vehicles. Ensures comfort, stability and full accessibility in modern passenger carriages.\" \/>\n<meta property=\"og:url\" content=\"https:\/\/darpol.bydgoszcz.pl\/en\/offer\/rolling-stock\/emu-dmu\/stolik-osoby-niepelnosprawnej-rozkladany-1-klasa-ze-smietniczka-dl-39-016-02\/\" \/>\n<meta property=\"og:site_name\" content=\"Darpol Bydgoszcz\" \/>\n<meta property=\"article:modified_time\" content=\"2026-03-20T10:57:25+00:00\" \/>\n<meta property=\"og:image\" content=\"https:\/\/darpol.bydgoszcz.pl\/wp-content\/uploads\/Stolik-osoby-niepelnosprawnej-rozkladany-1-klasa-ze-smietniczka-DL-39-016-02-1.png\" \/>\n\t<meta property=\"og:image:width\" content=\"1000\" \/>\n\t<meta property=\"og:image:height\" content=\"1000\" \/>\n\t<meta property=\"og:image:type\" content=\"image\/png\" \/>\n<meta name=\"twitter:card\" content=\"summary_large_image\" \/>\n<meta name=\"twitter:label1\" content=\"Est. reading time\" \/>\n\t<meta name=\"twitter:data1\" content=\"2 minutes\" \/>\n<script type=\"application\/ld+json\" class=\"yoast-schema-graph\">{\"@context\":\"https:\/\/schema.org\",\"@graph\":[{\"@type\":\"WebPage\",\"@id\":\"https:\/\/darpol.bydgoszcz.pl\/en\/offer\/rolling-stock\/emu-dmu\/stolik-osoby-niepelnosprawnej-rozkladany-1-klasa-ze-smietniczka-dl-39-016-02\/\",\"url\":\"https:\/\/darpol.bydgoszcz.pl\/en\/offer\/rolling-stock\/emu-dmu\/stolik-osoby-niepelnosprawnej-rozkladany-1-klasa-ze-smietniczka-dl-39-016-02\/\",\"name\":\"Foldable table with a garbage bin for the disabled, 1st class coach DL-39-016-02 - Darpol Bydgoszcz\",\"isPartOf\":{\"@id\":\"https:\/\/darpol.bydgoszcz.pl\/#website\"},\"primaryImageOfPage\":{\"@id\":\"https:\/\/darpol.bydgoszcz.pl\/en\/offer\/rolling-stock\/emu-dmu\/stolik-osoby-niepelnosprawnej-rozkladany-1-klasa-ze-smietniczka-dl-39-016-02\/#primaryimage\"},\"image\":{\"@id\":\"https:\/\/darpol.bydgoszcz.pl\/en\/offer\/rolling-stock\/emu-dmu\/stolik-osoby-niepelnosprawnej-rozkladany-1-klasa-ze-smietniczka-dl-39-016-02\/#primaryimage\"},\"thumbnailUrl\":\"https:\/\/darpol.bydgoszcz.pl\/wp-content\/uploads\/Stolik-osoby-niepelnosprawnej-rozkladany-1-klasa-ze-smietniczka-DL-39-016-02-1.png\",\"datePublished\":\"2025-12-11T11:44:05+00:00\",\"dateModified\":\"2026-03-20T10:57:25+00:00\",\"description\":\"First-class folding table for disabled persons with integrated waste bin \u2013 functional and ergonomic equipment for rail vehicles. Ensures comfort, stability and full accessibility in modern passenger carriages.\",\"breadcrumb\":{\"@id\":\"https:\/\/darpol.bydgoszcz.pl\/en\/offer\/rolling-stock\/emu-dmu\/stolik-osoby-niepelnosprawnej-rozkladany-1-klasa-ze-smietniczka-dl-39-016-02\/#breadcrumb\"},\"inLanguage\":\"en-US\",\"potentialAction\":[{\"@type\":\"ReadAction\",\"target\":[\"https:\/\/darpol.bydgoszcz.pl\/en\/offer\/rolling-stock\/emu-dmu\/stolik-osoby-niepelnosprawnej-rozkladany-1-klasa-ze-smietniczka-dl-39-016-02\/\"]}]},{\"@type\":\"ImageObject\",\"inLanguage\":\"en-US\",\"@id\":\"https:\/\/darpol.bydgoszcz.pl\/en\/offer\/rolling-stock\/emu-dmu\/stolik-osoby-niepelnosprawnej-rozkladany-1-klasa-ze-smietniczka-dl-39-016-02\/#primaryimage\",\"url\":\"https:\/\/darpol.bydgoszcz.pl\/wp-content\/uploads\/Stolik-osoby-niepelnosprawnej-rozkladany-1-klasa-ze-smietniczka-DL-39-016-02-1.png\",\"contentUrl\":\"https:\/\/darpol.bydgoszcz.pl\/wp-content\/uploads\/Stolik-osoby-niepelnosprawnej-rozkladany-1-klasa-ze-smietniczka-DL-39-016-02-1.png\",\"width\":1000,\"height\":1000,\"caption\":\"Stolik osoby niepe\u0142nosprawnej rozk\u0142adany 1-klasa ze \u015bmietniczk\u0105 DL-39-016-02\"},{\"@type\":\"BreadcrumbList\",\"@id\":\"https:\/\/darpol.bydgoszcz.pl\/en\/offer\/rolling-stock\/emu-dmu\/stolik-osoby-niepelnosprawnej-rozkladany-1-klasa-ze-smietniczka-dl-39-016-02\/#breadcrumb\",\"itemListElement\":[{\"@type\":\"ListItem\",\"position\":1,\"name\":\"Strona g\u0142\u00f3wna\",\"item\":\"https:\/\/darpol.bydgoszcz.pl\/en\/\"},{\"@type\":\"ListItem\",\"position\":2,\"name\":\"Oferta\",\"item\":\"https:\/\/darpol.bydgoszcz.pl\/oferta\/\"},{\"@type\":\"ListItem\",\"position\":3,\"name\":\"Foldable table with a garbage bin for the disabled, 1st class coach DL-39-016-02\"}]},{\"@type\":\"WebSite\",\"@id\":\"https:\/\/darpol.bydgoszcz.pl\/#website\",\"url\":\"https:\/\/darpol.bydgoszcz.pl\/\",\"name\":\"Darpol Bydgoszcz\",\"description\":\"\",\"potentialAction\":[{\"@type\":\"SearchAction\",\"target\":{\"@type\":\"EntryPoint\",\"urlTemplate\":\"https:\/\/darpol.bydgoszcz.pl\/?s={search_term_string}\"},\"query-input\":\"required name=search_term_string\"}],\"inLanguage\":\"en-US\"}]}<\/script>\n<!-- \/ Yoast SEO plugin. -->","yoast_head_json":{"title":"Foldable table with a garbage bin for the disabled, 1st class coach DL-39-016-02 - Darpol Bydgoszcz","description":"First-class folding table for disabled persons with integrated waste bin \u2013 functional and ergonomic equipment for rail vehicles. Ensures comfort, stability and full accessibility in modern passenger carriages.","robots":{"index":"index","follow":"follow","max-snippet":"max-snippet:-1","max-image-preview":"max-image-preview:large","max-video-preview":"max-video-preview:-1"},"canonical":"https:\/\/darpol.bydgoszcz.pl\/en\/offer\/rolling-stock\/emu-dmu\/stolik-osoby-niepelnosprawnej-rozkladany-1-klasa-ze-smietniczka-dl-39-016-02\/","og_locale":"en_US","og_type":"article","og_title":"Foldable table with a garbage bin for the disabled, 1st class coach DL-39-016-02 - Darpol Bydgoszcz","og_description":"First-class folding table for disabled persons with integrated waste bin \u2013 functional and ergonomic equipment for rail vehicles. Ensures comfort, stability and full accessibility in modern passenger carriages.","og_url":"https:\/\/darpol.bydgoszcz.pl\/en\/offer\/rolling-stock\/emu-dmu\/stolik-osoby-niepelnosprawnej-rozkladany-1-klasa-ze-smietniczka-dl-39-016-02\/","og_site_name":"Darpol Bydgoszcz","article_modified_time":"2026-03-20T10:57:25+00:00","og_image":[{"width":1000,"height":1000,"url":"https:\/\/darpol.bydgoszcz.pl\/wp-content\/uploads\/Stolik-osoby-niepelnosprawnej-rozkladany-1-klasa-ze-smietniczka-DL-39-016-02-1.png","type":"image\/png"}],"twitter_card":"summary_large_image","twitter_misc":{"Est. reading time":"2 minutes"},"schema":{"@context":"https:\/\/schema.org","@graph":[{"@type":"WebPage","@id":"https:\/\/darpol.bydgoszcz.pl\/en\/offer\/rolling-stock\/emu-dmu\/stolik-osoby-niepelnosprawnej-rozkladany-1-klasa-ze-smietniczka-dl-39-016-02\/","url":"https:\/\/darpol.bydgoszcz.pl\/en\/offer\/rolling-stock\/emu-dmu\/stolik-osoby-niepelnosprawnej-rozkladany-1-klasa-ze-smietniczka-dl-39-016-02\/","name":"Foldable table with a garbage bin for the disabled, 1st class coach DL-39-016-02 - Darpol Bydgoszcz","isPartOf":{"@id":"https:\/\/darpol.bydgoszcz.pl\/#website"},"primaryImageOfPage":{"@id":"https:\/\/darpol.bydgoszcz.pl\/en\/offer\/rolling-stock\/emu-dmu\/stolik-osoby-niepelnosprawnej-rozkladany-1-klasa-ze-smietniczka-dl-39-016-02\/#primaryimage"},"image":{"@id":"https:\/\/darpol.bydgoszcz.pl\/en\/offer\/rolling-stock\/emu-dmu\/stolik-osoby-niepelnosprawnej-rozkladany-1-klasa-ze-smietniczka-dl-39-016-02\/#primaryimage"},"thumbnailUrl":"https:\/\/darpol.bydgoszcz.pl\/wp-content\/uploads\/Stolik-osoby-niepelnosprawnej-rozkladany-1-klasa-ze-smietniczka-DL-39-016-02-1.png","datePublished":"2025-12-11T11:44:05+00:00","dateModified":"2026-03-20T10:57:25+00:00","description":"First-class folding table for disabled persons with integrated waste bin \u2013 functional and ergonomic equipment for rail vehicles. Ensures comfort, stability and full accessibility in modern passenger carriages.","breadcrumb":{"@id":"https:\/\/darpol.bydgoszcz.pl\/en\/offer\/rolling-stock\/emu-dmu\/stolik-osoby-niepelnosprawnej-rozkladany-1-klasa-ze-smietniczka-dl-39-016-02\/#breadcrumb"},"inLanguage":"en-US","potentialAction":[{"@type":"ReadAction","target":["https:\/\/darpol.bydgoszcz.pl\/en\/offer\/rolling-stock\/emu-dmu\/stolik-osoby-niepelnosprawnej-rozkladany-1-klasa-ze-smietniczka-dl-39-016-02\/"]}]},{"@type":"ImageObject","inLanguage":"en-US","@id":"https:\/\/darpol.bydgoszcz.pl\/en\/offer\/rolling-stock\/emu-dmu\/stolik-osoby-niepelnosprawnej-rozkladany-1-klasa-ze-smietniczka-dl-39-016-02\/#primaryimage","url":"https:\/\/darpol.bydgoszcz.pl\/wp-content\/uploads\/Stolik-osoby-niepelnosprawnej-rozkladany-1-klasa-ze-smietniczka-DL-39-016-02-1.png","contentUrl":"https:\/\/darpol.bydgoszcz.pl\/wp-content\/uploads\/Stolik-osoby-niepelnosprawnej-rozkladany-1-klasa-ze-smietniczka-DL-39-016-02-1.png","width":1000,"height":1000,"caption":"Stolik osoby niepe\u0142nosprawnej rozk\u0142adany 1-klasa ze \u015bmietniczk\u0105 DL-39-016-02"},{"@type":"BreadcrumbList","@id":"https:\/\/darpol.bydgoszcz.pl\/en\/offer\/rolling-stock\/emu-dmu\/stolik-osoby-niepelnosprawnej-rozkladany-1-klasa-ze-smietniczka-dl-39-016-02\/#breadcrumb","itemListElement":[{"@type":"ListItem","position":1,"name":"Strona g\u0142\u00f3wna","item":"https:\/\/darpol.bydgoszcz.pl\/en\/"},{"@type":"ListItem","position":2,"name":"Oferta","item":"https:\/\/darpol.bydgoszcz.pl\/oferta\/"},{"@type":"ListItem","position":3,"name":"Foldable table with a garbage bin for the disabled, 1st class coach DL-39-016-02"}]},{"@type":"WebSite","@id":"https:\/\/darpol.bydgoszcz.pl\/#website","url":"https:\/\/darpol.bydgoszcz.pl\/","name":"Darpol Bydgoszcz","description":"","potentialAction":[{"@type":"SearchAction","target":{"@type":"EntryPoint","urlTemplate":"https:\/\/darpol.bydgoszcz.pl\/?s={search_term_string}"},"query-input":"required name=search_term_string"}],"inLanguage":"en-US"}]}},"_links":{"self":[{"href":"https:\/\/darpol.bydgoszcz.pl\/en\/wp-json\/wp\/v2\/product\/58239","targetHints":{"allow":["GET"]}}],"collection":[{"href":"https:\/\/darpol.bydgoszcz.pl\/en\/wp-json\/wp\/v2\/product"}],"about":[{"href":"https:\/\/darpol.bydgoszcz.pl\/en\/wp-json\/wp\/v2\/types\/product"}],"wp:featuredmedia":[{"embeddable":true,"href":"https:\/\/darpol.bydgoszcz.pl\/en\/wp-json\/wp\/v2\/media\/58908"}],"wp:attachment":[{"href":"https:\/\/darpol.bydgoszcz.pl\/en\/wp-json\/wp\/v2\/media?parent=58239"}],"wp:term":[{"taxonomy":"product_cat","embeddable":true,"href":"https:\/\/darpol.bydgoszcz.pl\/en\/wp-json\/wp\/v2\/product_cat?post=58239"},{"taxonomy":"product_tag","embeddable":true,"href":"https:\/\/darpol.bydgoszcz.pl\/en\/wp-json\/wp\/v2\/product_tag?post=58239"}],"curies":[{"name":"wp","href":"https:\/\/api.w.org\/{rel}","templated":true}]}}