{"id":57706,"date":"2019-10-01T12:31:19","date_gmt":"2019-10-01T10:31:19","guid":{"rendered":"https:\/\/darpol.bydgoszcz.pl\/offer\/uncategorized\/smietniczka-do-segregacji-odpadow-dl-38-020-00\/"},"modified":"2025-10-29T08:14:38","modified_gmt":"2025-10-29T07:14:38","slug":"smietniczka-do-segregacji-odpadow-dl-38-020-00","status":"publish","type":"product","link":"https:\/\/darpol.bydgoszcz.pl\/en\/offer\/rolling-stock\/elements-of-interior\/smietniczka-do-segregacji-odpadow-dl-38-020-00\/","title":{"rendered":"Waste bin for waste segregation DL-38-020-00"},"content":{"rendered":"<p><!--StartFragment --><\/p>\n<p class=\"pf0\">The waste bin for segregation with a bag holder is a modern and practical solution designed for the collection, storage and sorting of municipal waste in railway rolling stock. The product is an indispensable piece of equipment in passenger compartments, common areas and service rooms.<br \/>\n<!--EndFragment --><\/p>\n<p><!--StartFragment --><\/p>\n<p class=\"pf0\">Thanks to the integrated bag holder system, the waste bin allows for convenient placement and replacement of waste bags, which significantly improves the maintenance of cleanliness in carriages. The design allows for installation in limited space, while maintaining full functionality and aesthetics.<\/p>\n<p>&nbsp;<\/p>\n<p><!--EndFragment --><\/p>\n<p><!--StartFragment --><\/p>\n<p class=\"pf0\"><strong><span class=\"cf0\">Benefits and advantages:<\/span><\/strong><\/p>\n<p>+ Standard waste segregation \u2013 enables selective waste collection in accordance with ecological principles.<\/p>\n<p>+ Integrated bag holder \u2013 ensures easy bag replacement and cleanliness.<\/p>\n<p>+ Durability and reliability \u2013 made of materials resistant to corrosion, shock and intensive use.<\/p>\n<p>+ Modern design \u2013 aesthetic finish matching the interior of railway vehicles.<\/p>\n<p>+ Eco-friendly solution \u2013 supports pro-ecological activities and sustainable transport.<\/p>\n<p>&nbsp;<\/p>\n<p><!--StartFragment --><\/p>\n<p class=\"pf0\"><strong><span class=\"cf0\">Technical data:<\/span><\/strong><\/p>\n<p>Bin material: Steel, Stainless steel<\/p>\n<p>Finish: powder coating (can be customised to customer requirements)<\/p>\n<p>Capacity: 3*10 L<\/p>\n<p>Weight: 18 kg<\/p>\n<p>Width: 545 mm<\/p>\n<p>Depth: 213 mm<\/p>\n<p>Height: 404 mm<\/p>\n<p><!--EndFragment --><\/p>\n<p>&nbsp;<\/p>\n<p><!--StartFragment --><\/p>\n<p class=\"pf0\"><span class=\"cf1\">Product complies with standards:\u00a0 PN-EN ISO 13920, PN-EN 10088-1, PN-EN 22768-1 1999, PN-EN 22768-2 1999<\/span><\/p>\n<p class=\"pf0\">Application: passenger carriages, EMUs, SZT<\/p>\n<p><!--EndFragment --><\/p>\n<p><!--EndFragment --><\/p>\n<div style=\"clear:both\"><a href=\"javascript:window.print()\"><i class=\"fa fa-print\" aria-hidden=\"true\"><\/i> Print this page<\/a><\/div>","protected":false},"excerpt":{"rendered":"<p>The waste bin for segregation with a bag holder is a modern and practical solution designed for the collection, storage and sorting of municipal waste in railway rolling stock. The product is an indispensable piece of equipment in passenger compartments, common areas and service rooms. Thanks to the integrated bag holder system, the waste bin &hellip;<\/p>\n","protected":false},"featured_media":57693,"template":"","meta":{"om_disable_all_campaigns":false,"_monsterinsights_skip_tracking":false,"_monsterinsights_sitenote_active":false,"_monsterinsights_sitenote_note":"","_monsterinsights_sitenote_category":0,"_uf_show_specific_survey":0,"_uf_disable_surveys":false},"product_cat":[262,4156,309,339,333],"product_tag":[3483,7826,7862,7863,7864,7716,7718,7865,7866,7830,7721,7867,7868,7869,7835],"class_list":{"0":"post-57706","1":"product","2":"type-product","3":"status-publish","4":"has-post-thumbnail","6":"product_cat-rolling-stock","7":"product_cat-nowosci-en","8":"product_cat-elements-of-interior","9":"product_cat-passenger-coaches","10":"product_cat-emu-dmu","11":"product_tag-darpol-en","12":"product_tag-darpol-bydgoszcz-en","13":"product_tag-dl-38-020-00-en","14":"product_tag-ekologia-en","15":"product_tag-ekologiczne-rozwiazania-kolejowe-en","16":"product_tag-segregacja-en","17":"product_tag-smietniczka-en","18":"product_tag-smietniczka-do-pociagow-en","19":"product_tag-smietniczka-do-segregacji-en","20":"product_tag-smietniczka-kolejowa-en","21":"product_tag-smietniczka-z-workotrzymaczem-en","22":"product_tag-system-segregacji-odpadow-en","23":"product_tag-trojdzielna-en","24":"product_tag-wyposazenie-taboru-kolejowego-en","25":"product_tag-wyposazenie-wagonow-en","27":"first","28":"onbackorder","29":"shipping-taxable","30":"product-type-simple"},"yoast_head":"<!-- This site is optimized with the Yoast SEO plugin v23.0 - https:\/\/yoast.com\/wordpress\/plugins\/seo\/ -->\n<title>Waste bin for waste segregation DL-38-020-00 - Darpol Bydgoszcz<\/title>\n<meta name=\"description\" content=\"\u015amietniczka do segregacji z workotrzymaczem to po\u0142\u0105czenie ergonomii, funkcjonalno\u015bci i trwa\u0142o\u015bci. Zaprojektowana specjalnie z my\u015bl\u0105 o warunkach eksploatacji w taborze kolejowym, gwarantuje bezproblemowe u\u017cytkowanie nawet przy du\u017cej cz\u0119stotliwo\u015bci podr\u00f3\u017cy pasa\u017cer\u00f3w. To rozwi\u0105zanie dedykowane firmom dbaj\u0105cym o komfort, estetyk\u0119 i ekologi\u0119 w transporcie publicznym.\" \/>\n<meta name=\"robots\" content=\"index, follow, max-snippet:-1, max-image-preview:large, max-video-preview:-1\" \/>\n<link rel=\"canonical\" href=\"https:\/\/darpol.bydgoszcz.pl\/en\/offer\/rolling-stock\/elements-of-interior\/smietniczka-do-segregacji-odpadow-dl-38-020-00\/\" \/>\n<meta property=\"og:locale\" content=\"en_US\" \/>\n<meta property=\"og:type\" content=\"article\" \/>\n<meta property=\"og:title\" content=\"Waste bin for waste segregation DL-38-020-00 - Darpol Bydgoszcz\" \/>\n<meta property=\"og:description\" content=\"\u015amietniczka do segregacji z workotrzymaczem to po\u0142\u0105czenie ergonomii, funkcjonalno\u015bci i trwa\u0142o\u015bci. Zaprojektowana specjalnie z my\u015bl\u0105 o warunkach eksploatacji w taborze kolejowym, gwarantuje bezproblemowe u\u017cytkowanie nawet przy du\u017cej cz\u0119stotliwo\u015bci podr\u00f3\u017cy pasa\u017cer\u00f3w. To rozwi\u0105zanie dedykowane firmom dbaj\u0105cym o komfort, estetyk\u0119 i ekologi\u0119 w transporcie publicznym.\" \/>\n<meta property=\"og:url\" content=\"https:\/\/darpol.bydgoszcz.pl\/en\/offer\/rolling-stock\/elements-of-interior\/smietniczka-do-segregacji-odpadow-dl-38-020-00\/\" \/>\n<meta property=\"og:site_name\" content=\"Darpol Bydgoszcz\" \/>\n<meta property=\"article:modified_time\" content=\"2025-10-29T07:14:38+00:00\" \/>\n<meta property=\"og:image\" content=\"https:\/\/darpol.bydgoszcz.pl\/wp-content\/uploads\/Smietniczka-z-segregacja-DL-38-020-00-2.png\" \/>\n\t<meta property=\"og:image:width\" content=\"1000\" \/>\n\t<meta property=\"og:image:height\" content=\"1000\" \/>\n\t<meta property=\"og:image:type\" content=\"image\/png\" \/>\n<meta name=\"twitter:card\" content=\"summary_large_image\" \/>\n<meta name=\"twitter:label1\" content=\"Est. reading time\" \/>\n\t<meta name=\"twitter:data1\" content=\"2 minutes\" \/>\n<script type=\"application\/ld+json\" class=\"yoast-schema-graph\">{\"@context\":\"https:\/\/schema.org\",\"@graph\":[{\"@type\":\"WebPage\",\"@id\":\"https:\/\/darpol.bydgoszcz.pl\/en\/offer\/rolling-stock\/elements-of-interior\/smietniczka-do-segregacji-odpadow-dl-38-020-00\/\",\"url\":\"https:\/\/darpol.bydgoszcz.pl\/en\/offer\/rolling-stock\/elements-of-interior\/smietniczka-do-segregacji-odpadow-dl-38-020-00\/\",\"name\":\"Waste bin for waste segregation DL-38-020-00 - Darpol Bydgoszcz\",\"isPartOf\":{\"@id\":\"https:\/\/darpol.bydgoszcz.pl\/#website\"},\"primaryImageOfPage\":{\"@id\":\"https:\/\/darpol.bydgoszcz.pl\/en\/offer\/rolling-stock\/elements-of-interior\/smietniczka-do-segregacji-odpadow-dl-38-020-00\/#primaryimage\"},\"image\":{\"@id\":\"https:\/\/darpol.bydgoszcz.pl\/en\/offer\/rolling-stock\/elements-of-interior\/smietniczka-do-segregacji-odpadow-dl-38-020-00\/#primaryimage\"},\"thumbnailUrl\":\"https:\/\/darpol.bydgoszcz.pl\/wp-content\/uploads\/Smietniczka-z-segregacja-DL-38-020-00-2.png\",\"datePublished\":\"2019-10-01T10:31:19+00:00\",\"dateModified\":\"2025-10-29T07:14:38+00:00\",\"description\":\"\u015amietniczka do segregacji z workotrzymaczem to po\u0142\u0105czenie ergonomii, funkcjonalno\u015bci i trwa\u0142o\u015bci. Zaprojektowana specjalnie z my\u015bl\u0105 o warunkach eksploatacji w taborze kolejowym, gwarantuje bezproblemowe u\u017cytkowanie nawet przy du\u017cej cz\u0119stotliwo\u015bci podr\u00f3\u017cy pasa\u017cer\u00f3w. To rozwi\u0105zanie dedykowane firmom dbaj\u0105cym o komfort, estetyk\u0119 i ekologi\u0119 w transporcie publicznym.\",\"breadcrumb\":{\"@id\":\"https:\/\/darpol.bydgoszcz.pl\/en\/offer\/rolling-stock\/elements-of-interior\/smietniczka-do-segregacji-odpadow-dl-38-020-00\/#breadcrumb\"},\"inLanguage\":\"en-US\",\"potentialAction\":[{\"@type\":\"ReadAction\",\"target\":[\"https:\/\/darpol.bydgoszcz.pl\/en\/offer\/rolling-stock\/elements-of-interior\/smietniczka-do-segregacji-odpadow-dl-38-020-00\/\"]}]},{\"@type\":\"ImageObject\",\"inLanguage\":\"en-US\",\"@id\":\"https:\/\/darpol.bydgoszcz.pl\/en\/offer\/rolling-stock\/elements-of-interior\/smietniczka-do-segregacji-odpadow-dl-38-020-00\/#primaryimage\",\"url\":\"https:\/\/darpol.bydgoszcz.pl\/wp-content\/uploads\/Smietniczka-z-segregacja-DL-38-020-00-2.png\",\"contentUrl\":\"https:\/\/darpol.bydgoszcz.pl\/wp-content\/uploads\/Smietniczka-z-segregacja-DL-38-020-00-2.png\",\"width\":1000,\"height\":1000,\"caption\":\"\u015amietniczka z segregacj\u0105 DL-38-020-00\"},{\"@type\":\"BreadcrumbList\",\"@id\":\"https:\/\/darpol.bydgoszcz.pl\/en\/offer\/rolling-stock\/elements-of-interior\/smietniczka-do-segregacji-odpadow-dl-38-020-00\/#breadcrumb\",\"itemListElement\":[{\"@type\":\"ListItem\",\"position\":1,\"name\":\"Strona g\u0142\u00f3wna\",\"item\":\"https:\/\/darpol.bydgoszcz.pl\/en\/\"},{\"@type\":\"ListItem\",\"position\":2,\"name\":\"Oferta\",\"item\":\"https:\/\/darpol.bydgoszcz.pl\/oferta\/\"},{\"@type\":\"ListItem\",\"position\":3,\"name\":\"Waste bin for waste segregation DL-38-020-00\"}]},{\"@type\":\"WebSite\",\"@id\":\"https:\/\/darpol.bydgoszcz.pl\/#website\",\"url\":\"https:\/\/darpol.bydgoszcz.pl\/\",\"name\":\"Darpol Bydgoszcz\",\"description\":\"\",\"potentialAction\":[{\"@type\":\"SearchAction\",\"target\":{\"@type\":\"EntryPoint\",\"urlTemplate\":\"https:\/\/darpol.bydgoszcz.pl\/?s={search_term_string}\"},\"query-input\":\"required name=search_term_string\"}],\"inLanguage\":\"en-US\"}]}<\/script>\n<!-- \/ Yoast SEO plugin. -->","yoast_head_json":{"title":"Waste bin for waste segregation DL-38-020-00 - Darpol Bydgoszcz","description":"\u015amietniczka do segregacji z workotrzymaczem to po\u0142\u0105czenie ergonomii, funkcjonalno\u015bci i trwa\u0142o\u015bci. Zaprojektowana specjalnie z my\u015bl\u0105 o warunkach eksploatacji w taborze kolejowym, gwarantuje bezproblemowe u\u017cytkowanie nawet przy du\u017cej cz\u0119stotliwo\u015bci podr\u00f3\u017cy pasa\u017cer\u00f3w. To rozwi\u0105zanie dedykowane firmom dbaj\u0105cym o komfort, estetyk\u0119 i ekologi\u0119 w transporcie publicznym.","robots":{"index":"index","follow":"follow","max-snippet":"max-snippet:-1","max-image-preview":"max-image-preview:large","max-video-preview":"max-video-preview:-1"},"canonical":"https:\/\/darpol.bydgoszcz.pl\/en\/offer\/rolling-stock\/elements-of-interior\/smietniczka-do-segregacji-odpadow-dl-38-020-00\/","og_locale":"en_US","og_type":"article","og_title":"Waste bin for waste segregation DL-38-020-00 - Darpol Bydgoszcz","og_description":"\u015amietniczka do segregacji z workotrzymaczem to po\u0142\u0105czenie ergonomii, funkcjonalno\u015bci i trwa\u0142o\u015bci. Zaprojektowana specjalnie z my\u015bl\u0105 o warunkach eksploatacji w taborze kolejowym, gwarantuje bezproblemowe u\u017cytkowanie nawet przy du\u017cej cz\u0119stotliwo\u015bci podr\u00f3\u017cy pasa\u017cer\u00f3w. To rozwi\u0105zanie dedykowane firmom dbaj\u0105cym o komfort, estetyk\u0119 i ekologi\u0119 w transporcie publicznym.","og_url":"https:\/\/darpol.bydgoszcz.pl\/en\/offer\/rolling-stock\/elements-of-interior\/smietniczka-do-segregacji-odpadow-dl-38-020-00\/","og_site_name":"Darpol Bydgoszcz","article_modified_time":"2025-10-29T07:14:38+00:00","og_image":[{"width":1000,"height":1000,"url":"https:\/\/darpol.bydgoszcz.pl\/wp-content\/uploads\/Smietniczka-z-segregacja-DL-38-020-00-2.png","type":"image\/png"}],"twitter_card":"summary_large_image","twitter_misc":{"Est. reading time":"2 minutes"},"schema":{"@context":"https:\/\/schema.org","@graph":[{"@type":"WebPage","@id":"https:\/\/darpol.bydgoszcz.pl\/en\/offer\/rolling-stock\/elements-of-interior\/smietniczka-do-segregacji-odpadow-dl-38-020-00\/","url":"https:\/\/darpol.bydgoszcz.pl\/en\/offer\/rolling-stock\/elements-of-interior\/smietniczka-do-segregacji-odpadow-dl-38-020-00\/","name":"Waste bin for waste segregation DL-38-020-00 - Darpol Bydgoszcz","isPartOf":{"@id":"https:\/\/darpol.bydgoszcz.pl\/#website"},"primaryImageOfPage":{"@id":"https:\/\/darpol.bydgoszcz.pl\/en\/offer\/rolling-stock\/elements-of-interior\/smietniczka-do-segregacji-odpadow-dl-38-020-00\/#primaryimage"},"image":{"@id":"https:\/\/darpol.bydgoszcz.pl\/en\/offer\/rolling-stock\/elements-of-interior\/smietniczka-do-segregacji-odpadow-dl-38-020-00\/#primaryimage"},"thumbnailUrl":"https:\/\/darpol.bydgoszcz.pl\/wp-content\/uploads\/Smietniczka-z-segregacja-DL-38-020-00-2.png","datePublished":"2019-10-01T10:31:19+00:00","dateModified":"2025-10-29T07:14:38+00:00","description":"\u015amietniczka do segregacji z workotrzymaczem to po\u0142\u0105czenie ergonomii, funkcjonalno\u015bci i trwa\u0142o\u015bci. Zaprojektowana specjalnie z my\u015bl\u0105 o warunkach eksploatacji w taborze kolejowym, gwarantuje bezproblemowe u\u017cytkowanie nawet przy du\u017cej cz\u0119stotliwo\u015bci podr\u00f3\u017cy pasa\u017cer\u00f3w. To rozwi\u0105zanie dedykowane firmom dbaj\u0105cym o komfort, estetyk\u0119 i ekologi\u0119 w transporcie publicznym.","breadcrumb":{"@id":"https:\/\/darpol.bydgoszcz.pl\/en\/offer\/rolling-stock\/elements-of-interior\/smietniczka-do-segregacji-odpadow-dl-38-020-00\/#breadcrumb"},"inLanguage":"en-US","potentialAction":[{"@type":"ReadAction","target":["https:\/\/darpol.bydgoszcz.pl\/en\/offer\/rolling-stock\/elements-of-interior\/smietniczka-do-segregacji-odpadow-dl-38-020-00\/"]}]},{"@type":"ImageObject","inLanguage":"en-US","@id":"https:\/\/darpol.bydgoszcz.pl\/en\/offer\/rolling-stock\/elements-of-interior\/smietniczka-do-segregacji-odpadow-dl-38-020-00\/#primaryimage","url":"https:\/\/darpol.bydgoszcz.pl\/wp-content\/uploads\/Smietniczka-z-segregacja-DL-38-020-00-2.png","contentUrl":"https:\/\/darpol.bydgoszcz.pl\/wp-content\/uploads\/Smietniczka-z-segregacja-DL-38-020-00-2.png","width":1000,"height":1000,"caption":"\u015amietniczka z segregacj\u0105 DL-38-020-00"},{"@type":"BreadcrumbList","@id":"https:\/\/darpol.bydgoszcz.pl\/en\/offer\/rolling-stock\/elements-of-interior\/smietniczka-do-segregacji-odpadow-dl-38-020-00\/#breadcrumb","itemListElement":[{"@type":"ListItem","position":1,"name":"Strona g\u0142\u00f3wna","item":"https:\/\/darpol.bydgoszcz.pl\/en\/"},{"@type":"ListItem","position":2,"name":"Oferta","item":"https:\/\/darpol.bydgoszcz.pl\/oferta\/"},{"@type":"ListItem","position":3,"name":"Waste bin for waste segregation DL-38-020-00"}]},{"@type":"WebSite","@id":"https:\/\/darpol.bydgoszcz.pl\/#website","url":"https:\/\/darpol.bydgoszcz.pl\/","name":"Darpol Bydgoszcz","description":"","potentialAction":[{"@type":"SearchAction","target":{"@type":"EntryPoint","urlTemplate":"https:\/\/darpol.bydgoszcz.pl\/?s={search_term_string}"},"query-input":"required name=search_term_string"}],"inLanguage":"en-US"}]}},"_links":{"self":[{"href":"https:\/\/darpol.bydgoszcz.pl\/en\/wp-json\/wp\/v2\/product\/57706","targetHints":{"allow":["GET"]}}],"collection":[{"href":"https:\/\/darpol.bydgoszcz.pl\/en\/wp-json\/wp\/v2\/product"}],"about":[{"href":"https:\/\/darpol.bydgoszcz.pl\/en\/wp-json\/wp\/v2\/types\/product"}],"wp:featuredmedia":[{"embeddable":true,"href":"https:\/\/darpol.bydgoszcz.pl\/en\/wp-json\/wp\/v2\/media\/57693"}],"wp:attachment":[{"href":"https:\/\/darpol.bydgoszcz.pl\/en\/wp-json\/wp\/v2\/media?parent=57706"}],"wp:term":[{"taxonomy":"product_cat","embeddable":true,"href":"https:\/\/darpol.bydgoszcz.pl\/en\/wp-json\/wp\/v2\/product_cat?post=57706"},{"taxonomy":"product_tag","embeddable":true,"href":"https:\/\/darpol.bydgoszcz.pl\/en\/wp-json\/wp\/v2\/product_tag?post=57706"}],"curies":[{"name":"wp","href":"https:\/\/api.w.org\/{rel}","templated":true}]}}