{"id":57453,"date":"2025-03-07T15:27:39","date_gmt":"2025-03-07T14:27:39","guid":{"rendered":"https:\/\/darpol.bydgoszcz.pl\/offer\/uncategorized\/stolik-czteroosobowy-rozkladany-1-klasa-ze-smietniczka-dl-39-016-09\/"},"modified":"2026-02-17T09:22:11","modified_gmt":"2026-02-17T08:22:11","slug":"stolik-czteroosobowy-rozkladany-1-klasa-ze-smietniczka-dl-39-016-09","status":"publish","type":"product","link":"https:\/\/darpol.bydgoszcz.pl\/en\/offer\/rolling-stock\/emu-dmu\/stolik-czteroosobowy-rozkladany-1-klasa-ze-smietniczka-dl-39-016-09\/","title":{"rendered":"Four person folding table with a waste bin, 1st class coach DL-39-016-09"},"content":{"rendered":"<p>Four person folding table with a waste bin, 1st class coach DL-39-016-09<\/p>\n<p>&nbsp;<\/p>\n<p><strong>Product Description:<\/strong><br \/>\nThe foldable four-person table with a waste bin in trains is designed to improve passenger comfort, especially in compartments with seating arrangements for four people. This table provides convenience during travel, allowing passengers to eat meals, use mobile devices, or engage in other activities. The built-in waste bin ensures cleanliness by allowing easy and hygienic disposal of trash during the journey.<\/p>\n<p>&nbsp;<\/p>\n<p><strong>Benefits:<\/strong><br \/>\n+ Enhanced travel comfort \u2013 The table allows passengers to eat, use electronic devices, or have conversations while having a stable surface.<br \/>\n+ Improved cleanliness \u2013 The integrated waste bin makes it easy to dispose of trash, contributing to the overall tidiness of the train cabin.<br \/>\n+ Better hygiene \u2013 With a built-in waste bin, passengers do not need to look for a place to dispose of their trash, reducing the risk of littering and improving overall hygiene.<br \/>\n+ Efficient space management \u2013 The foldable table saves space when not in use while providing convenience when opened for four passengers. Storing the table after use increases available space in the train car.<br \/>\n+ Increased passenger satisfaction \u2013 This feature enhances passenger experience by providing a comfortable table and an easy way to maintain cleanliness inside the train.<\/p>\n<p>&nbsp;<\/p>\n<p><strong>Technical Data:<\/strong><br \/>\nMaterial: flame retardant plywood, aluminum<br \/>\nFinish: powder painted, HPL (customization available upon request)<br \/>\nWeight: ~15kg<br \/>\nWaste bin capacity: 4L<br \/>\nWaste bin color: RAL 7045 (customization available upon request)<br \/>\nWidth of folded tabletop: 280 mm<br \/>\nWidth of unfolded tabletop: 561 mm<br \/>\nLength of tabletop: 1011 mm<br \/>\nHeight: 703 mm<\/p>\n<p>&nbsp;<\/p>\n<p><strong>Compliance with Standards:<\/strong> PN-EN 45545-2, PN-EN ISO 13920, PN-EN ISO 2553, PN-EN 22768-1 1999<\/p>\n<p>&nbsp;<\/p>\n<p><strong>Application:<\/strong>\u00a0wagony osobowe, EZT,<\/p>\n<div style=\"clear:both\"><a href=\"javascript:window.print()\"><i class=\"fa fa-print\" aria-hidden=\"true\"><\/i> Print this page<\/a><\/div>","protected":false},"excerpt":{"rendered":"<p>Four person folding table with a waste bin, 1st class coach DL-39-016-09 &nbsp; Product Description: The foldable four-person table with a waste bin in trains is designed to improve passenger comfort, especially in compartments with seating arrangements for four people. This table provides convenience during travel, allowing passengers to eat meals, use mobile devices, or &hellip;<\/p>\n","protected":false},"featured_media":57440,"template":"","meta":{"om_disable_all_campaigns":false,"_monsterinsights_skip_tracking":false,"_monsterinsights_sitenote_active":false,"_monsterinsights_sitenote_note":"","_monsterinsights_sitenote_category":0,"_uf_show_specific_survey":0,"_uf_disable_surveys":false},"product_cat":[4156,8394,339,333,7750],"product_tag":[7791,4637,3483,7792,7793,2981,3985,3008,4201,7794,4592,3201,7795,7796,7797,7798,4544,3202,4221],"class_list":{"0":"post-57453","1":"product","2":"type-product","3":"status-publish","4":"has-post-thumbnail","6":"product_cat-nowosci-en","7":"product_cat-tables-and-with-waste-bins-en","8":"product_cat-passenger-coaches","9":"product_cat-emu-dmu","10":"product_cat-elements-of-interior-en","11":"product_tag-1-klasa-en","12":"product_tag-autobus-szynowy-en","13":"product_tag-darpol-en","14":"product_tag-dl-39-016-09-en","15":"product_tag-dl3901609-en","16":"product_tag-ezt-en","17":"product_tag-kolej-en","18":"product_tag-osobowe-en","19":"product_tag-osobowy-en","20":"product_tag-pierwsza-klasa-en","21":"product_tag-przedzial-en","22":"product_tag-stolik-en","23":"product_tag-stolik-czteroosobowy-en","24":"product_tag-stolik-do-przedzialu-1-klasy-en","25":"product_tag-stolik-ze-skrzydelkami-en","26":"product_tag-stolik-ze-smietniczka-en","27":"product_tag-szynobus-en","28":"product_tag-wagon-en","29":"product_tag-wagony-en","31":"first","32":"onbackorder","33":"shipping-taxable","34":"product-type-simple"},"yoast_head":"<!-- This site is optimized with the Yoast SEO plugin v23.0 - https:\/\/yoast.com\/wordpress\/plugins\/seo\/ -->\n<title>Four person folding table with a waste bin, 1st class coach DL-39-016-09 - Darpol Bydgoszcz<\/title>\n<meta name=\"description\" content=\"The foldable four-person table with a waste bin in trains is designed to improve passenger comfort, especially in compartments with seating arrangements for four people. This table provides convenience during travel, allowing passengers to eat meals, use mobile devices, or engage in other activities. The built-in waste bin ensures cleanliness by allowing easy and hygienic disposal of trash during the journey.\" \/>\n<meta name=\"robots\" content=\"index, follow, max-snippet:-1, max-image-preview:large, max-video-preview:-1\" \/>\n<link rel=\"canonical\" href=\"https:\/\/darpol.bydgoszcz.pl\/en\/offer\/rolling-stock\/emu-dmu\/stolik-czteroosobowy-rozkladany-1-klasa-ze-smietniczka-dl-39-016-09\/\" \/>\n<meta property=\"og:locale\" content=\"en_US\" \/>\n<meta property=\"og:type\" content=\"article\" \/>\n<meta property=\"og:title\" content=\"Four person folding table with a waste bin, 1st class coach DL-39-016-09 - Darpol Bydgoszcz\" \/>\n<meta property=\"og:description\" content=\"The foldable four-person table with a waste bin in trains is designed to improve passenger comfort, especially in compartments with seating arrangements for four people. This table provides convenience during travel, allowing passengers to eat meals, use mobile devices, or engage in other activities. The built-in waste bin ensures cleanliness by allowing easy and hygienic disposal of trash during the journey.\" \/>\n<meta property=\"og:url\" content=\"https:\/\/darpol.bydgoszcz.pl\/en\/offer\/rolling-stock\/emu-dmu\/stolik-czteroosobowy-rozkladany-1-klasa-ze-smietniczka-dl-39-016-09\/\" \/>\n<meta property=\"og:site_name\" content=\"Darpol Bydgoszcz\" \/>\n<meta property=\"article:modified_time\" content=\"2026-02-17T08:22:11+00:00\" \/>\n<meta property=\"og:image\" content=\"https:\/\/darpol.bydgoszcz.pl\/wp-content\/uploads\/DL-39-016-09-Stolik-czteroosobowy-rozkladany-1-klasa-ze-smietniczka.png\" \/>\n\t<meta property=\"og:image:width\" content=\"1000\" \/>\n\t<meta property=\"og:image:height\" content=\"1000\" \/>\n\t<meta property=\"og:image:type\" content=\"image\/png\" \/>\n<meta name=\"twitter:card\" content=\"summary_large_image\" \/>\n<meta name=\"twitter:label1\" content=\"Est. reading time\" \/>\n\t<meta name=\"twitter:data1\" content=\"2 minutes\" \/>\n<script type=\"application\/ld+json\" class=\"yoast-schema-graph\">{\"@context\":\"https:\/\/schema.org\",\"@graph\":[{\"@type\":\"WebPage\",\"@id\":\"https:\/\/darpol.bydgoszcz.pl\/en\/offer\/rolling-stock\/emu-dmu\/stolik-czteroosobowy-rozkladany-1-klasa-ze-smietniczka-dl-39-016-09\/\",\"url\":\"https:\/\/darpol.bydgoszcz.pl\/en\/offer\/rolling-stock\/emu-dmu\/stolik-czteroosobowy-rozkladany-1-klasa-ze-smietniczka-dl-39-016-09\/\",\"name\":\"Four person folding table with a waste bin, 1st class coach DL-39-016-09 - Darpol Bydgoszcz\",\"isPartOf\":{\"@id\":\"https:\/\/darpol.bydgoszcz.pl\/#website\"},\"primaryImageOfPage\":{\"@id\":\"https:\/\/darpol.bydgoszcz.pl\/en\/offer\/rolling-stock\/emu-dmu\/stolik-czteroosobowy-rozkladany-1-klasa-ze-smietniczka-dl-39-016-09\/#primaryimage\"},\"image\":{\"@id\":\"https:\/\/darpol.bydgoszcz.pl\/en\/offer\/rolling-stock\/emu-dmu\/stolik-czteroosobowy-rozkladany-1-klasa-ze-smietniczka-dl-39-016-09\/#primaryimage\"},\"thumbnailUrl\":\"https:\/\/darpol.bydgoszcz.pl\/wp-content\/uploads\/DL-39-016-09-Stolik-czteroosobowy-rozkladany-1-klasa-ze-smietniczka.png\",\"datePublished\":\"2025-03-07T14:27:39+00:00\",\"dateModified\":\"2026-02-17T08:22:11+00:00\",\"description\":\"The foldable four-person table with a waste bin in trains is designed to improve passenger comfort, especially in compartments with seating arrangements for four people. This table provides convenience during travel, allowing passengers to eat meals, use mobile devices, or engage in other activities. The built-in waste bin ensures cleanliness by allowing easy and hygienic disposal of trash during the journey.\",\"breadcrumb\":{\"@id\":\"https:\/\/darpol.bydgoszcz.pl\/en\/offer\/rolling-stock\/emu-dmu\/stolik-czteroosobowy-rozkladany-1-klasa-ze-smietniczka-dl-39-016-09\/#breadcrumb\"},\"inLanguage\":\"en-US\",\"potentialAction\":[{\"@type\":\"ReadAction\",\"target\":[\"https:\/\/darpol.bydgoszcz.pl\/en\/offer\/rolling-stock\/emu-dmu\/stolik-czteroosobowy-rozkladany-1-klasa-ze-smietniczka-dl-39-016-09\/\"]}]},{\"@type\":\"ImageObject\",\"inLanguage\":\"en-US\",\"@id\":\"https:\/\/darpol.bydgoszcz.pl\/en\/offer\/rolling-stock\/emu-dmu\/stolik-czteroosobowy-rozkladany-1-klasa-ze-smietniczka-dl-39-016-09\/#primaryimage\",\"url\":\"https:\/\/darpol.bydgoszcz.pl\/wp-content\/uploads\/DL-39-016-09-Stolik-czteroosobowy-rozkladany-1-klasa-ze-smietniczka.png\",\"contentUrl\":\"https:\/\/darpol.bydgoszcz.pl\/wp-content\/uploads\/DL-39-016-09-Stolik-czteroosobowy-rozkladany-1-klasa-ze-smietniczka.png\",\"width\":1000,\"height\":1000,\"caption\":\"DL-39-016-09 Stolik czteroosobowy rozk\u0142adany 1-klasa ze \u015bmietniczk\u0105_\"},{\"@type\":\"BreadcrumbList\",\"@id\":\"https:\/\/darpol.bydgoszcz.pl\/en\/offer\/rolling-stock\/emu-dmu\/stolik-czteroosobowy-rozkladany-1-klasa-ze-smietniczka-dl-39-016-09\/#breadcrumb\",\"itemListElement\":[{\"@type\":\"ListItem\",\"position\":1,\"name\":\"Strona g\u0142\u00f3wna\",\"item\":\"https:\/\/darpol.bydgoszcz.pl\/en\/\"},{\"@type\":\"ListItem\",\"position\":2,\"name\":\"Oferta\",\"item\":\"https:\/\/darpol.bydgoszcz.pl\/oferta\/\"},{\"@type\":\"ListItem\",\"position\":3,\"name\":\"Four person folding table with a waste bin, 1st class coach DL-39-016-09\"}]},{\"@type\":\"WebSite\",\"@id\":\"https:\/\/darpol.bydgoszcz.pl\/#website\",\"url\":\"https:\/\/darpol.bydgoszcz.pl\/\",\"name\":\"Darpol Bydgoszcz\",\"description\":\"\",\"potentialAction\":[{\"@type\":\"SearchAction\",\"target\":{\"@type\":\"EntryPoint\",\"urlTemplate\":\"https:\/\/darpol.bydgoszcz.pl\/?s={search_term_string}\"},\"query-input\":\"required name=search_term_string\"}],\"inLanguage\":\"en-US\"}]}<\/script>\n<!-- \/ Yoast SEO plugin. -->","yoast_head_json":{"title":"Four person folding table with a waste bin, 1st class coach DL-39-016-09 - Darpol Bydgoszcz","description":"The foldable four-person table with a waste bin in trains is designed to improve passenger comfort, especially in compartments with seating arrangements for four people. This table provides convenience during travel, allowing passengers to eat meals, use mobile devices, or engage in other activities. The built-in waste bin ensures cleanliness by allowing easy and hygienic disposal of trash during the journey.","robots":{"index":"index","follow":"follow","max-snippet":"max-snippet:-1","max-image-preview":"max-image-preview:large","max-video-preview":"max-video-preview:-1"},"canonical":"https:\/\/darpol.bydgoszcz.pl\/en\/offer\/rolling-stock\/emu-dmu\/stolik-czteroosobowy-rozkladany-1-klasa-ze-smietniczka-dl-39-016-09\/","og_locale":"en_US","og_type":"article","og_title":"Four person folding table with a waste bin, 1st class coach DL-39-016-09 - Darpol Bydgoszcz","og_description":"The foldable four-person table with a waste bin in trains is designed to improve passenger comfort, especially in compartments with seating arrangements for four people. This table provides convenience during travel, allowing passengers to eat meals, use mobile devices, or engage in other activities. The built-in waste bin ensures cleanliness by allowing easy and hygienic disposal of trash during the journey.","og_url":"https:\/\/darpol.bydgoszcz.pl\/en\/offer\/rolling-stock\/emu-dmu\/stolik-czteroosobowy-rozkladany-1-klasa-ze-smietniczka-dl-39-016-09\/","og_site_name":"Darpol Bydgoszcz","article_modified_time":"2026-02-17T08:22:11+00:00","og_image":[{"width":1000,"height":1000,"url":"https:\/\/darpol.bydgoszcz.pl\/wp-content\/uploads\/DL-39-016-09-Stolik-czteroosobowy-rozkladany-1-klasa-ze-smietniczka.png","type":"image\/png"}],"twitter_card":"summary_large_image","twitter_misc":{"Est. reading time":"2 minutes"},"schema":{"@context":"https:\/\/schema.org","@graph":[{"@type":"WebPage","@id":"https:\/\/darpol.bydgoszcz.pl\/en\/offer\/rolling-stock\/emu-dmu\/stolik-czteroosobowy-rozkladany-1-klasa-ze-smietniczka-dl-39-016-09\/","url":"https:\/\/darpol.bydgoszcz.pl\/en\/offer\/rolling-stock\/emu-dmu\/stolik-czteroosobowy-rozkladany-1-klasa-ze-smietniczka-dl-39-016-09\/","name":"Four person folding table with a waste bin, 1st class coach DL-39-016-09 - Darpol Bydgoszcz","isPartOf":{"@id":"https:\/\/darpol.bydgoszcz.pl\/#website"},"primaryImageOfPage":{"@id":"https:\/\/darpol.bydgoszcz.pl\/en\/offer\/rolling-stock\/emu-dmu\/stolik-czteroosobowy-rozkladany-1-klasa-ze-smietniczka-dl-39-016-09\/#primaryimage"},"image":{"@id":"https:\/\/darpol.bydgoszcz.pl\/en\/offer\/rolling-stock\/emu-dmu\/stolik-czteroosobowy-rozkladany-1-klasa-ze-smietniczka-dl-39-016-09\/#primaryimage"},"thumbnailUrl":"https:\/\/darpol.bydgoszcz.pl\/wp-content\/uploads\/DL-39-016-09-Stolik-czteroosobowy-rozkladany-1-klasa-ze-smietniczka.png","datePublished":"2025-03-07T14:27:39+00:00","dateModified":"2026-02-17T08:22:11+00:00","description":"The foldable four-person table with a waste bin in trains is designed to improve passenger comfort, especially in compartments with seating arrangements for four people. This table provides convenience during travel, allowing passengers to eat meals, use mobile devices, or engage in other activities. The built-in waste bin ensures cleanliness by allowing easy and hygienic disposal of trash during the journey.","breadcrumb":{"@id":"https:\/\/darpol.bydgoszcz.pl\/en\/offer\/rolling-stock\/emu-dmu\/stolik-czteroosobowy-rozkladany-1-klasa-ze-smietniczka-dl-39-016-09\/#breadcrumb"},"inLanguage":"en-US","potentialAction":[{"@type":"ReadAction","target":["https:\/\/darpol.bydgoszcz.pl\/en\/offer\/rolling-stock\/emu-dmu\/stolik-czteroosobowy-rozkladany-1-klasa-ze-smietniczka-dl-39-016-09\/"]}]},{"@type":"ImageObject","inLanguage":"en-US","@id":"https:\/\/darpol.bydgoszcz.pl\/en\/offer\/rolling-stock\/emu-dmu\/stolik-czteroosobowy-rozkladany-1-klasa-ze-smietniczka-dl-39-016-09\/#primaryimage","url":"https:\/\/darpol.bydgoszcz.pl\/wp-content\/uploads\/DL-39-016-09-Stolik-czteroosobowy-rozkladany-1-klasa-ze-smietniczka.png","contentUrl":"https:\/\/darpol.bydgoszcz.pl\/wp-content\/uploads\/DL-39-016-09-Stolik-czteroosobowy-rozkladany-1-klasa-ze-smietniczka.png","width":1000,"height":1000,"caption":"DL-39-016-09 Stolik czteroosobowy rozk\u0142adany 1-klasa ze \u015bmietniczk\u0105_"},{"@type":"BreadcrumbList","@id":"https:\/\/darpol.bydgoszcz.pl\/en\/offer\/rolling-stock\/emu-dmu\/stolik-czteroosobowy-rozkladany-1-klasa-ze-smietniczka-dl-39-016-09\/#breadcrumb","itemListElement":[{"@type":"ListItem","position":1,"name":"Strona g\u0142\u00f3wna","item":"https:\/\/darpol.bydgoszcz.pl\/en\/"},{"@type":"ListItem","position":2,"name":"Oferta","item":"https:\/\/darpol.bydgoszcz.pl\/oferta\/"},{"@type":"ListItem","position":3,"name":"Four person folding table with a waste bin, 1st class coach DL-39-016-09"}]},{"@type":"WebSite","@id":"https:\/\/darpol.bydgoszcz.pl\/#website","url":"https:\/\/darpol.bydgoszcz.pl\/","name":"Darpol Bydgoszcz","description":"","potentialAction":[{"@type":"SearchAction","target":{"@type":"EntryPoint","urlTemplate":"https:\/\/darpol.bydgoszcz.pl\/?s={search_term_string}"},"query-input":"required name=search_term_string"}],"inLanguage":"en-US"}]}},"_links":{"self":[{"href":"https:\/\/darpol.bydgoszcz.pl\/en\/wp-json\/wp\/v2\/product\/57453","targetHints":{"allow":["GET"]}}],"collection":[{"href":"https:\/\/darpol.bydgoszcz.pl\/en\/wp-json\/wp\/v2\/product"}],"about":[{"href":"https:\/\/darpol.bydgoszcz.pl\/en\/wp-json\/wp\/v2\/types\/product"}],"wp:featuredmedia":[{"embeddable":true,"href":"https:\/\/darpol.bydgoszcz.pl\/en\/wp-json\/wp\/v2\/media\/57440"}],"wp:attachment":[{"href":"https:\/\/darpol.bydgoszcz.pl\/en\/wp-json\/wp\/v2\/media?parent=57453"}],"wp:term":[{"taxonomy":"product_cat","embeddable":true,"href":"https:\/\/darpol.bydgoszcz.pl\/en\/wp-json\/wp\/v2\/product_cat?post=57453"},{"taxonomy":"product_tag","embeddable":true,"href":"https:\/\/darpol.bydgoszcz.pl\/en\/wp-json\/wp\/v2\/product_tag?post=57453"}],"curies":[{"name":"wp","href":"https:\/\/api.w.org\/{rel}","templated":true}]}}