{"id":57387,"date":"2019-10-01T11:47:12","date_gmt":"2019-10-01T09:47:12","guid":{"rendered":"https:\/\/darpol.bydgoszcz.pl\/offer\/uncategorized\/stolik-z-ladowarka-usb-i-ladowarka-indukcyjna-dl-36-009-01\/"},"modified":"2026-03-24T10:06:34","modified_gmt":"2026-03-24T09:06:34","slug":"stolik-z-ladowarka-usb-i-ladowarka-indukcyjna-dl-36-009-01","status":"publish","type":"product","link":"https:\/\/darpol.bydgoszcz.pl\/en\/offer\/rolling-stock\/emu-dmu\/stolik-z-ladowarka-usb-i-ladowarka-indukcyjna-dl-36-009-01\/","title":{"rendered":"Table with the induction charger DL-36-009-00"},"content":{"rendered":"<p>The inductive charging table is designed for use inside rail vehicles. It is equipped with an inductive charging module that enables wireless charging for devices with a built-in Qi-compatible receiver. The coil position is marked with a non-slip sticker featuring a pictogram. The table also includes two cup\/bottle holders for added convenience.<\/p>\n<p>&nbsp;<\/p>\n<p><strong>Benefits:<\/strong><br \/>\n+ Convenience for passengers \u2013 enables phone charging without the need for cables or adapters.<br \/>\n+ Modern and innovative \u2013 enhances the travel experience with cutting-edge technology.<br \/>\n+ Greater tidiness \u2013 eliminates clutter caused by tangled charging cables.<br \/>\n+ Universal compatibility \u2013 works with most modern smartphones and other Qi-enabled devices.<br \/>\n+ Enhanced safety \u2013 reduces the risk of damaged cables, plugs, and sockets, while preventing hazards associated with faulty chargers.<br \/>\n+ Improved work and entertainment experience \u2013 allows passengers to use their mobile devices throughout the journey without worrying about battery life.<\/p>\n<p>&nbsp;<\/p>\n<p><strong>Technical Data:<\/strong><br \/>\nMaterial: Aluminum<br \/>\nSurface: HPL (standard Print HPL ABET 879)<br \/>\nFinish: Powder-coated (customization available upon request)<br \/>\nPower Supply: 24VDC (-30% \/ +25%)<br \/>\nInput Power: 5 \/ 7.5 \/ 10 \/ 15W<br \/>\nOperating Temperature: -20\u00b0C to +40\u00b0C<br \/>\nWeight: 3.5 kg<br \/>\nDimensions: 262 x 644 x 24 mm (L x W x H)<\/p>\n<p>Qi-compatible charging protocol<\/p>\n<p>&nbsp;<\/p>\n<p><strong>Compliance with Standards:<\/strong>\u00a0PN-EN 45545-2, PN-EN 22768-1, PN-EN 22768-2, PN-EN 10088-1<\/p>\n<p><strong>Application:<\/strong>\u00a0wagony osobowe, EZT<\/p>\n<p>&nbsp;<\/p>\n<div style=\"clear:both\"><a href=\"javascript:window.print()\"><i class=\"fa fa-print\" aria-hidden=\"true\"><\/i> Print this page<\/a><\/div>","protected":false},"excerpt":{"rendered":"<p>The inductive charging table is designed for use inside rail vehicles. It is equipped with an inductive charging module that enables wireless charging for devices with a built-in Qi-compatible receiver. The coil position is marked with a non-slip sticker featuring a pictogram. The table also includes two cup\/bottle holders for added convenience. &nbsp; Benefits: + &hellip;<\/p>\n","protected":false},"featured_media":57376,"template":"","meta":{"om_disable_all_campaigns":false,"_monsterinsights_skip_tracking":false,"_monsterinsights_sitenote_active":false,"_monsterinsights_sitenote_note":"","_monsterinsights_sitenote_category":0,"_uf_show_specific_survey":0,"_uf_disable_surveys":false},"product_cat":[262,4156,8394,339,333],"product_tag":[3483,7743,7744,2981,7745,3985,7746,3008,4201,7139,4592,3201,4149,7747,3202,4221,7748],"class_list":{"0":"post-57387","1":"product","2":"type-product","3":"status-publish","4":"has-post-thumbnail","6":"product_cat-rolling-stock","7":"product_cat-nowosci-en","8":"product_cat-tables-and-with-waste-bins-en","9":"product_cat-passenger-coaches","10":"product_cat-emu-dmu","11":"product_tag-darpol-en","12":"product_tag-dl-36-009-00-en","13":"product_tag-dl3600900-en","14":"product_tag-ezt-en","15":"product_tag-indukcja-en","16":"product_tag-kolej-en","17":"product_tag-komfort-en","18":"product_tag-osobowe-en","19":"product_tag-osobowy-en","20":"product_tag-pasazer-en","21":"product_tag-przedzial-en","22":"product_tag-stolik-en","23":"product_tag-szt-en","24":"product_tag-usb-en","25":"product_tag-wagon-en","26":"product_tag-wagony-en","27":"product_tag-ladowarka-en","29":"first","30":"onbackorder","31":"shipping-taxable","32":"product-type-simple"},"yoast_head":"<!-- This site is optimized with the Yoast SEO plugin v23.0 - https:\/\/yoast.com\/wordpress\/plugins\/seo\/ -->\n<title>Table with the induction charger DL-36-009-00 - Darpol Bydgoszcz<\/title>\n<meta name=\"description\" content=\"Wyposa\u017cony w modu\u0142 \u0142adowania indukcyjnego, kt\u00f3ry umo\u017cliwia \u0142adowanie urz\u0105dze\u0144 wyposa\u017conych w odbiornik \u0142adowania indukcyjnego kompatybilny ze standardem \u201eQi\u201d.\" \/>\n<meta name=\"robots\" content=\"index, follow, max-snippet:-1, max-image-preview:large, max-video-preview:-1\" \/>\n<link rel=\"canonical\" href=\"https:\/\/darpol.bydgoszcz.pl\/en\/offer\/rolling-stock\/emu-dmu\/stolik-z-ladowarka-usb-i-ladowarka-indukcyjna-dl-36-009-01\/\" \/>\n<meta property=\"og:locale\" content=\"en_US\" \/>\n<meta property=\"og:type\" content=\"article\" \/>\n<meta property=\"og:title\" content=\"Table with the induction charger DL-36-009-00 - Darpol Bydgoszcz\" \/>\n<meta property=\"og:description\" content=\"Wyposa\u017cony w modu\u0142 \u0142adowania indukcyjnego, kt\u00f3ry umo\u017cliwia \u0142adowanie urz\u0105dze\u0144 wyposa\u017conych w odbiornik \u0142adowania indukcyjnego kompatybilny ze standardem \u201eQi\u201d.\" \/>\n<meta property=\"og:url\" content=\"https:\/\/darpol.bydgoszcz.pl\/en\/offer\/rolling-stock\/emu-dmu\/stolik-z-ladowarka-usb-i-ladowarka-indukcyjna-dl-36-009-01\/\" \/>\n<meta property=\"og:site_name\" content=\"Darpol Bydgoszcz\" \/>\n<meta property=\"article:modified_time\" content=\"2026-03-24T09:06:34+00:00\" \/>\n<meta property=\"og:image\" content=\"https:\/\/darpol.bydgoszcz.pl\/wp-content\/uploads\/DL-36-009-00-Stolik-z-ladowarka-indukcyjna.png\" \/>\n\t<meta property=\"og:image:width\" content=\"1000\" \/>\n\t<meta property=\"og:image:height\" content=\"1000\" \/>\n\t<meta property=\"og:image:type\" content=\"image\/png\" \/>\n<meta name=\"twitter:card\" content=\"summary_large_image\" \/>\n<meta name=\"twitter:label1\" content=\"Est. reading time\" \/>\n\t<meta name=\"twitter:data1\" content=\"2 minutes\" \/>\n<script type=\"application\/ld+json\" class=\"yoast-schema-graph\">{\"@context\":\"https:\/\/schema.org\",\"@graph\":[{\"@type\":\"WebPage\",\"@id\":\"https:\/\/darpol.bydgoszcz.pl\/en\/offer\/rolling-stock\/emu-dmu\/stolik-z-ladowarka-usb-i-ladowarka-indukcyjna-dl-36-009-01\/\",\"url\":\"https:\/\/darpol.bydgoszcz.pl\/en\/offer\/rolling-stock\/emu-dmu\/stolik-z-ladowarka-usb-i-ladowarka-indukcyjna-dl-36-009-01\/\",\"name\":\"Table with the induction charger DL-36-009-00 - Darpol Bydgoszcz\",\"isPartOf\":{\"@id\":\"https:\/\/darpol.bydgoszcz.pl\/#website\"},\"primaryImageOfPage\":{\"@id\":\"https:\/\/darpol.bydgoszcz.pl\/en\/offer\/rolling-stock\/emu-dmu\/stolik-z-ladowarka-usb-i-ladowarka-indukcyjna-dl-36-009-01\/#primaryimage\"},\"image\":{\"@id\":\"https:\/\/darpol.bydgoszcz.pl\/en\/offer\/rolling-stock\/emu-dmu\/stolik-z-ladowarka-usb-i-ladowarka-indukcyjna-dl-36-009-01\/#primaryimage\"},\"thumbnailUrl\":\"https:\/\/darpol.bydgoszcz.pl\/wp-content\/uploads\/DL-36-009-00-Stolik-z-ladowarka-indukcyjna.png\",\"datePublished\":\"2019-10-01T09:47:12+00:00\",\"dateModified\":\"2026-03-24T09:06:34+00:00\",\"description\":\"Wyposa\u017cony w modu\u0142 \u0142adowania indukcyjnego, kt\u00f3ry umo\u017cliwia \u0142adowanie urz\u0105dze\u0144 wyposa\u017conych w odbiornik \u0142adowania indukcyjnego kompatybilny ze standardem \u201eQi\u201d.\",\"breadcrumb\":{\"@id\":\"https:\/\/darpol.bydgoszcz.pl\/en\/offer\/rolling-stock\/emu-dmu\/stolik-z-ladowarka-usb-i-ladowarka-indukcyjna-dl-36-009-01\/#breadcrumb\"},\"inLanguage\":\"en-US\",\"potentialAction\":[{\"@type\":\"ReadAction\",\"target\":[\"https:\/\/darpol.bydgoszcz.pl\/en\/offer\/rolling-stock\/emu-dmu\/stolik-z-ladowarka-usb-i-ladowarka-indukcyjna-dl-36-009-01\/\"]}]},{\"@type\":\"ImageObject\",\"inLanguage\":\"en-US\",\"@id\":\"https:\/\/darpol.bydgoszcz.pl\/en\/offer\/rolling-stock\/emu-dmu\/stolik-z-ladowarka-usb-i-ladowarka-indukcyjna-dl-36-009-01\/#primaryimage\",\"url\":\"https:\/\/darpol.bydgoszcz.pl\/wp-content\/uploads\/DL-36-009-00-Stolik-z-ladowarka-indukcyjna.png\",\"contentUrl\":\"https:\/\/darpol.bydgoszcz.pl\/wp-content\/uploads\/DL-36-009-00-Stolik-z-ladowarka-indukcyjna.png\",\"width\":1000,\"height\":1000,\"caption\":\"DL-36-009-00 Stolik z \u0142adowark\u0105 indukcyjn\u0105\"},{\"@type\":\"BreadcrumbList\",\"@id\":\"https:\/\/darpol.bydgoszcz.pl\/en\/offer\/rolling-stock\/emu-dmu\/stolik-z-ladowarka-usb-i-ladowarka-indukcyjna-dl-36-009-01\/#breadcrumb\",\"itemListElement\":[{\"@type\":\"ListItem\",\"position\":1,\"name\":\"Strona g\u0142\u00f3wna\",\"item\":\"https:\/\/darpol.bydgoszcz.pl\/en\/\"},{\"@type\":\"ListItem\",\"position\":2,\"name\":\"Oferta\",\"item\":\"https:\/\/darpol.bydgoszcz.pl\/oferta\/\"},{\"@type\":\"ListItem\",\"position\":3,\"name\":\"Table with the induction charger DL-36-009-00\"}]},{\"@type\":\"WebSite\",\"@id\":\"https:\/\/darpol.bydgoszcz.pl\/#website\",\"url\":\"https:\/\/darpol.bydgoszcz.pl\/\",\"name\":\"Darpol Bydgoszcz\",\"description\":\"\",\"potentialAction\":[{\"@type\":\"SearchAction\",\"target\":{\"@type\":\"EntryPoint\",\"urlTemplate\":\"https:\/\/darpol.bydgoszcz.pl\/?s={search_term_string}\"},\"query-input\":\"required name=search_term_string\"}],\"inLanguage\":\"en-US\"}]}<\/script>\n<!-- \/ Yoast SEO plugin. -->","yoast_head_json":{"title":"Table with the induction charger DL-36-009-00 - Darpol Bydgoszcz","description":"Wyposa\u017cony w modu\u0142 \u0142adowania indukcyjnego, kt\u00f3ry umo\u017cliwia \u0142adowanie urz\u0105dze\u0144 wyposa\u017conych w odbiornik \u0142adowania indukcyjnego kompatybilny ze standardem \u201eQi\u201d.","robots":{"index":"index","follow":"follow","max-snippet":"max-snippet:-1","max-image-preview":"max-image-preview:large","max-video-preview":"max-video-preview:-1"},"canonical":"https:\/\/darpol.bydgoszcz.pl\/en\/offer\/rolling-stock\/emu-dmu\/stolik-z-ladowarka-usb-i-ladowarka-indukcyjna-dl-36-009-01\/","og_locale":"en_US","og_type":"article","og_title":"Table with the induction charger DL-36-009-00 - Darpol Bydgoszcz","og_description":"Wyposa\u017cony w modu\u0142 \u0142adowania indukcyjnego, kt\u00f3ry umo\u017cliwia \u0142adowanie urz\u0105dze\u0144 wyposa\u017conych w odbiornik \u0142adowania indukcyjnego kompatybilny ze standardem \u201eQi\u201d.","og_url":"https:\/\/darpol.bydgoszcz.pl\/en\/offer\/rolling-stock\/emu-dmu\/stolik-z-ladowarka-usb-i-ladowarka-indukcyjna-dl-36-009-01\/","og_site_name":"Darpol Bydgoszcz","article_modified_time":"2026-03-24T09:06:34+00:00","og_image":[{"width":1000,"height":1000,"url":"https:\/\/darpol.bydgoszcz.pl\/wp-content\/uploads\/DL-36-009-00-Stolik-z-ladowarka-indukcyjna.png","type":"image\/png"}],"twitter_card":"summary_large_image","twitter_misc":{"Est. reading time":"2 minutes"},"schema":{"@context":"https:\/\/schema.org","@graph":[{"@type":"WebPage","@id":"https:\/\/darpol.bydgoszcz.pl\/en\/offer\/rolling-stock\/emu-dmu\/stolik-z-ladowarka-usb-i-ladowarka-indukcyjna-dl-36-009-01\/","url":"https:\/\/darpol.bydgoszcz.pl\/en\/offer\/rolling-stock\/emu-dmu\/stolik-z-ladowarka-usb-i-ladowarka-indukcyjna-dl-36-009-01\/","name":"Table with the induction charger DL-36-009-00 - Darpol Bydgoszcz","isPartOf":{"@id":"https:\/\/darpol.bydgoszcz.pl\/#website"},"primaryImageOfPage":{"@id":"https:\/\/darpol.bydgoszcz.pl\/en\/offer\/rolling-stock\/emu-dmu\/stolik-z-ladowarka-usb-i-ladowarka-indukcyjna-dl-36-009-01\/#primaryimage"},"image":{"@id":"https:\/\/darpol.bydgoszcz.pl\/en\/offer\/rolling-stock\/emu-dmu\/stolik-z-ladowarka-usb-i-ladowarka-indukcyjna-dl-36-009-01\/#primaryimage"},"thumbnailUrl":"https:\/\/darpol.bydgoszcz.pl\/wp-content\/uploads\/DL-36-009-00-Stolik-z-ladowarka-indukcyjna.png","datePublished":"2019-10-01T09:47:12+00:00","dateModified":"2026-03-24T09:06:34+00:00","description":"Wyposa\u017cony w modu\u0142 \u0142adowania indukcyjnego, kt\u00f3ry umo\u017cliwia \u0142adowanie urz\u0105dze\u0144 wyposa\u017conych w odbiornik \u0142adowania indukcyjnego kompatybilny ze standardem \u201eQi\u201d.","breadcrumb":{"@id":"https:\/\/darpol.bydgoszcz.pl\/en\/offer\/rolling-stock\/emu-dmu\/stolik-z-ladowarka-usb-i-ladowarka-indukcyjna-dl-36-009-01\/#breadcrumb"},"inLanguage":"en-US","potentialAction":[{"@type":"ReadAction","target":["https:\/\/darpol.bydgoszcz.pl\/en\/offer\/rolling-stock\/emu-dmu\/stolik-z-ladowarka-usb-i-ladowarka-indukcyjna-dl-36-009-01\/"]}]},{"@type":"ImageObject","inLanguage":"en-US","@id":"https:\/\/darpol.bydgoszcz.pl\/en\/offer\/rolling-stock\/emu-dmu\/stolik-z-ladowarka-usb-i-ladowarka-indukcyjna-dl-36-009-01\/#primaryimage","url":"https:\/\/darpol.bydgoszcz.pl\/wp-content\/uploads\/DL-36-009-00-Stolik-z-ladowarka-indukcyjna.png","contentUrl":"https:\/\/darpol.bydgoszcz.pl\/wp-content\/uploads\/DL-36-009-00-Stolik-z-ladowarka-indukcyjna.png","width":1000,"height":1000,"caption":"DL-36-009-00 Stolik z \u0142adowark\u0105 indukcyjn\u0105"},{"@type":"BreadcrumbList","@id":"https:\/\/darpol.bydgoszcz.pl\/en\/offer\/rolling-stock\/emu-dmu\/stolik-z-ladowarka-usb-i-ladowarka-indukcyjna-dl-36-009-01\/#breadcrumb","itemListElement":[{"@type":"ListItem","position":1,"name":"Strona g\u0142\u00f3wna","item":"https:\/\/darpol.bydgoszcz.pl\/en\/"},{"@type":"ListItem","position":2,"name":"Oferta","item":"https:\/\/darpol.bydgoszcz.pl\/oferta\/"},{"@type":"ListItem","position":3,"name":"Table with the induction charger DL-36-009-00"}]},{"@type":"WebSite","@id":"https:\/\/darpol.bydgoszcz.pl\/#website","url":"https:\/\/darpol.bydgoszcz.pl\/","name":"Darpol Bydgoszcz","description":"","potentialAction":[{"@type":"SearchAction","target":{"@type":"EntryPoint","urlTemplate":"https:\/\/darpol.bydgoszcz.pl\/?s={search_term_string}"},"query-input":"required name=search_term_string"}],"inLanguage":"en-US"}]}},"_links":{"self":[{"href":"https:\/\/darpol.bydgoszcz.pl\/en\/wp-json\/wp\/v2\/product\/57387","targetHints":{"allow":["GET"]}}],"collection":[{"href":"https:\/\/darpol.bydgoszcz.pl\/en\/wp-json\/wp\/v2\/product"}],"about":[{"href":"https:\/\/darpol.bydgoszcz.pl\/en\/wp-json\/wp\/v2\/types\/product"}],"wp:featuredmedia":[{"embeddable":true,"href":"https:\/\/darpol.bydgoszcz.pl\/en\/wp-json\/wp\/v2\/media\/57376"}],"wp:attachment":[{"href":"https:\/\/darpol.bydgoszcz.pl\/en\/wp-json\/wp\/v2\/media?parent=57387"}],"wp:term":[{"taxonomy":"product_cat","embeddable":true,"href":"https:\/\/darpol.bydgoszcz.pl\/en\/wp-json\/wp\/v2\/product_cat?post=57387"},{"taxonomy":"product_tag","embeddable":true,"href":"https:\/\/darpol.bydgoszcz.pl\/en\/wp-json\/wp\/v2\/product_tag?post=57387"}],"curies":[{"name":"wp","href":"https:\/\/api.w.org\/{rel}","templated":true}]}}