{"id":57372,"date":"2025-03-04T16:05:48","date_gmt":"2025-03-04T15:05:48","guid":{"rendered":"https:\/\/darpol.bydgoszcz.pl\/offer\/uncategorized\/lampa-szafy-elektrycznej-dl-03-013-09\/"},"modified":"2025-03-05T14:00:56","modified_gmt":"2025-03-05T13:00:56","slug":"lampa-szafy-elektrycznej-dl-03-013-09","status":"publish","type":"product","link":"https:\/\/darpol.bydgoszcz.pl\/en\/offer\/rolling-stock\/electric-and-electronic\/lampa-szafy-elektrycznej-dl-03-013-09\/","title":{"rendered":"Electrical Cabinet Lamp DL-03-013-09"},"content":{"rendered":"<p>Electrical Cabinet Lamp DL-03-013-09<\/p>\n<p><strong>Product Description:<\/strong><\/p>\n<p>The electrical cabinet lamp is used in control cabinets, distribution boards, and other electrical installations primarily to illuminate the interior of the cabinet.<\/p>\n<p>It was designed upon request and in collaboration with PKP Cargo to improve visibility. The previous solution, where lighting was positioned behind maintenance workers servicing railway rolling stock, did not meet illumination expectations. This specially designed lamp enhances working conditions, comfort, and overall work quality.<\/p>\n<p>&nbsp;<\/p>\n<p><strong>Benefits:<\/strong><br \/>\n+ Modular lamp design<br \/>\n+ Facilitates inspection, maintenance, and repair of electrical components in poorly lit areas<br \/>\n+ Ensures visibility inside the cabinet, minimizing the risk of incorrect connections, accidental contact with live wires, or work-related mistakes<br \/>\n+ Helps accurately read labels and markings on wires, connectors, and electrical equipment<\/p>\n<p>&nbsp;<\/p>\n<p><strong>Technical Data:<\/strong><br \/>\nMaterial: Steel<br \/>\nPower: 23W +-1W<br \/>\nPower Supply: 24VDC or 110VDC -30%\/+25%<br \/>\nOperating Temperature: -20\u00b0C \/ +40\u00b0C<br \/>\nLight Color Temperature: 4000K<br \/>\nLength: Modular lamp (customizable length based on customer requirements)<br \/>\nWeight: ~500g<\/p>\n<p><strong>Application:<\/strong>\u00a0Locomotives<\/p>\n<p>&nbsp;<\/p>\n<p><a href=\"https:\/\/darpol.bydgoszcz.pl\/wp-content\/uploads\/Oswietlenie-LED-lokomotyw-referencje-CARGO-ANG-1.jpg\" data-gal='prettyPhoto' rel='prettyPhoto'><u>Referencje z PKP Cargo<\/u><\/a><\/p>\n<div style=\"clear:both\"><a href=\"javascript:window.print()\"><i class=\"fa fa-print\" aria-hidden=\"true\"><\/i> Print this page<\/a><\/div>","protected":false},"excerpt":{"rendered":"<p>Electrical Cabinet Lamp DL-03-013-09 Product Description: The electrical cabinet lamp is used in control cabinets, distribution boards, and other electrical installations primarily to illuminate the interior of the cabinet. It was designed upon request and in collaboration with PKP Cargo to improve visibility. The previous solution, where lighting was positioned behind maintenance workers servicing railway &hellip;<\/p>\n","protected":false},"featured_media":57355,"template":"","meta":{"om_disable_all_campaigns":false,"_monsterinsights_skip_tracking":false,"_monsterinsights_sitenote_active":false,"_monsterinsights_sitenote_note":"","_monsterinsights_sitenote_category":0,"_uf_show_specific_survey":0,"_uf_disable_surveys":false},"product_cat":[4156,368,303,327],"product_tag":[3483,3985,2906,7736,4806,7737,3528,7738,2717,4662,5074,7739,2933,7740,7741,5510,7308],"class_list":{"0":"post-57372","1":"product","2":"type-product","3":"status-publish","4":"has-post-thumbnail","6":"product_cat-nowosci-en","7":"product_cat-lighting","8":"product_cat-electric-and-electronic","9":"product_cat-locomotives","10":"product_tag-darpol-en","11":"product_tag-kolej-en","12":"product_tag-lampa-en","13":"product_tag-lampa-modulowa-en","14":"product_tag-lampka-en","15":"product_tag-lampka-modulowa-en","16":"product_tag-led-en","17":"product_tag-lepsza-widocznosc-en","18":"product_tag-lokomotywa-en","19":"product_tag-lokomotywy-en","20":"product_tag-maszynista-en","21":"product_tag-modulowa-en","22":"product_tag-oswietlenie-en","23":"product_tag-rozdzielnia-en","24":"product_tag-szafa-elektryczna-en","25":"product_tag-tabor-kolejowy-en","26":"product_tag-tabor-szynowy-en","28":"first","29":"onbackorder","30":"shipping-taxable","31":"product-type-simple"},"yoast_head":"<!-- This site is optimized with the Yoast SEO plugin v23.0 - https:\/\/yoast.com\/wordpress\/plugins\/seo\/ -->\n<title>Electrical Cabinet Lamp DL-03-013-09 - Darpol Bydgoszcz<\/title>\n<meta name=\"description\" content=\"Lampa szafy elektrycznej jest stosowana w szafach sterowniczych, rozdzielniach oraz innych instalacjach elektrycznych g\u0142\u00f3wnie w celu o\u015bwietlenia wn\u0119trza szafy.\" \/>\n<meta name=\"robots\" content=\"index, follow, max-snippet:-1, max-image-preview:large, max-video-preview:-1\" \/>\n<link rel=\"canonical\" href=\"https:\/\/darpol.bydgoszcz.pl\/en\/offer\/rolling-stock\/electric-and-electronic\/lampa-szafy-elektrycznej-dl-03-013-09\/\" \/>\n<meta property=\"og:locale\" content=\"en_US\" \/>\n<meta property=\"og:type\" content=\"article\" \/>\n<meta property=\"og:title\" content=\"Electrical Cabinet Lamp DL-03-013-09 - Darpol Bydgoszcz\" \/>\n<meta property=\"og:description\" content=\"Lampa szafy elektrycznej jest stosowana w szafach sterowniczych, rozdzielniach oraz innych instalacjach elektrycznych g\u0142\u00f3wnie w celu o\u015bwietlenia wn\u0119trza szafy.\" \/>\n<meta property=\"og:url\" content=\"https:\/\/darpol.bydgoszcz.pl\/en\/offer\/rolling-stock\/electric-and-electronic\/lampa-szafy-elektrycznej-dl-03-013-09\/\" \/>\n<meta property=\"og:site_name\" content=\"Darpol Bydgoszcz\" \/>\n<meta property=\"article:modified_time\" content=\"2025-03-05T13:00:56+00:00\" \/>\n<meta property=\"og:image\" content=\"https:\/\/darpol.bydgoszcz.pl\/wp-content\/uploads\/DL-03-013-09-Lampa-szafy-elektrycznej-1.png\" \/>\n\t<meta property=\"og:image:width\" content=\"1000\" \/>\n\t<meta property=\"og:image:height\" content=\"1000\" \/>\n\t<meta property=\"og:image:type\" content=\"image\/png\" \/>\n<meta name=\"twitter:card\" content=\"summary_large_image\" \/>\n<meta name=\"twitter:label1\" content=\"Est. reading time\" \/>\n\t<meta name=\"twitter:data1\" content=\"2 minutes\" \/>\n<script type=\"application\/ld+json\" class=\"yoast-schema-graph\">{\"@context\":\"https:\/\/schema.org\",\"@graph\":[{\"@type\":\"WebPage\",\"@id\":\"https:\/\/darpol.bydgoszcz.pl\/en\/offer\/rolling-stock\/electric-and-electronic\/lampa-szafy-elektrycznej-dl-03-013-09\/\",\"url\":\"https:\/\/darpol.bydgoszcz.pl\/en\/offer\/rolling-stock\/electric-and-electronic\/lampa-szafy-elektrycznej-dl-03-013-09\/\",\"name\":\"Electrical Cabinet Lamp DL-03-013-09 - Darpol Bydgoszcz\",\"isPartOf\":{\"@id\":\"https:\/\/darpol.bydgoszcz.pl\/#website\"},\"primaryImageOfPage\":{\"@id\":\"https:\/\/darpol.bydgoszcz.pl\/en\/offer\/rolling-stock\/electric-and-electronic\/lampa-szafy-elektrycznej-dl-03-013-09\/#primaryimage\"},\"image\":{\"@id\":\"https:\/\/darpol.bydgoszcz.pl\/en\/offer\/rolling-stock\/electric-and-electronic\/lampa-szafy-elektrycznej-dl-03-013-09\/#primaryimage\"},\"thumbnailUrl\":\"https:\/\/darpol.bydgoszcz.pl\/wp-content\/uploads\/DL-03-013-09-Lampa-szafy-elektrycznej-1.png\",\"datePublished\":\"2025-03-04T15:05:48+00:00\",\"dateModified\":\"2025-03-05T13:00:56+00:00\",\"description\":\"Lampa szafy elektrycznej jest stosowana w szafach sterowniczych, rozdzielniach oraz innych instalacjach elektrycznych g\u0142\u00f3wnie w celu o\u015bwietlenia wn\u0119trza szafy.\",\"breadcrumb\":{\"@id\":\"https:\/\/darpol.bydgoszcz.pl\/en\/offer\/rolling-stock\/electric-and-electronic\/lampa-szafy-elektrycznej-dl-03-013-09\/#breadcrumb\"},\"inLanguage\":\"en-US\",\"potentialAction\":[{\"@type\":\"ReadAction\",\"target\":[\"https:\/\/darpol.bydgoszcz.pl\/en\/offer\/rolling-stock\/electric-and-electronic\/lampa-szafy-elektrycznej-dl-03-013-09\/\"]}]},{\"@type\":\"ImageObject\",\"inLanguage\":\"en-US\",\"@id\":\"https:\/\/darpol.bydgoszcz.pl\/en\/offer\/rolling-stock\/electric-and-electronic\/lampa-szafy-elektrycznej-dl-03-013-09\/#primaryimage\",\"url\":\"https:\/\/darpol.bydgoszcz.pl\/wp-content\/uploads\/DL-03-013-09-Lampa-szafy-elektrycznej-1.png\",\"contentUrl\":\"https:\/\/darpol.bydgoszcz.pl\/wp-content\/uploads\/DL-03-013-09-Lampa-szafy-elektrycznej-1.png\",\"width\":1000,\"height\":1000,\"caption\":\"DL-03-013-09 Lampa szafy elektrycznej\"},{\"@type\":\"BreadcrumbList\",\"@id\":\"https:\/\/darpol.bydgoszcz.pl\/en\/offer\/rolling-stock\/electric-and-electronic\/lampa-szafy-elektrycznej-dl-03-013-09\/#breadcrumb\",\"itemListElement\":[{\"@type\":\"ListItem\",\"position\":1,\"name\":\"Strona g\u0142\u00f3wna\",\"item\":\"https:\/\/darpol.bydgoszcz.pl\/en\/\"},{\"@type\":\"ListItem\",\"position\":2,\"name\":\"Oferta\",\"item\":\"https:\/\/darpol.bydgoszcz.pl\/oferta\/\"},{\"@type\":\"ListItem\",\"position\":3,\"name\":\"Electrical Cabinet Lamp DL-03-013-09\"}]},{\"@type\":\"WebSite\",\"@id\":\"https:\/\/darpol.bydgoszcz.pl\/#website\",\"url\":\"https:\/\/darpol.bydgoszcz.pl\/\",\"name\":\"Darpol Bydgoszcz\",\"description\":\"\",\"potentialAction\":[{\"@type\":\"SearchAction\",\"target\":{\"@type\":\"EntryPoint\",\"urlTemplate\":\"https:\/\/darpol.bydgoszcz.pl\/?s={search_term_string}\"},\"query-input\":\"required name=search_term_string\"}],\"inLanguage\":\"en-US\"}]}<\/script>\n<!-- \/ Yoast SEO plugin. -->","yoast_head_json":{"title":"Electrical Cabinet Lamp DL-03-013-09 - Darpol Bydgoszcz","description":"Lampa szafy elektrycznej jest stosowana w szafach sterowniczych, rozdzielniach oraz innych instalacjach elektrycznych g\u0142\u00f3wnie w celu o\u015bwietlenia wn\u0119trza szafy.","robots":{"index":"index","follow":"follow","max-snippet":"max-snippet:-1","max-image-preview":"max-image-preview:large","max-video-preview":"max-video-preview:-1"},"canonical":"https:\/\/darpol.bydgoszcz.pl\/en\/offer\/rolling-stock\/electric-and-electronic\/lampa-szafy-elektrycznej-dl-03-013-09\/","og_locale":"en_US","og_type":"article","og_title":"Electrical Cabinet Lamp DL-03-013-09 - Darpol Bydgoszcz","og_description":"Lampa szafy elektrycznej jest stosowana w szafach sterowniczych, rozdzielniach oraz innych instalacjach elektrycznych g\u0142\u00f3wnie w celu o\u015bwietlenia wn\u0119trza szafy.","og_url":"https:\/\/darpol.bydgoszcz.pl\/en\/offer\/rolling-stock\/electric-and-electronic\/lampa-szafy-elektrycznej-dl-03-013-09\/","og_site_name":"Darpol Bydgoszcz","article_modified_time":"2025-03-05T13:00:56+00:00","og_image":[{"width":1000,"height":1000,"url":"https:\/\/darpol.bydgoszcz.pl\/wp-content\/uploads\/DL-03-013-09-Lampa-szafy-elektrycznej-1.png","type":"image\/png"}],"twitter_card":"summary_large_image","twitter_misc":{"Est. reading time":"2 minutes"},"schema":{"@context":"https:\/\/schema.org","@graph":[{"@type":"WebPage","@id":"https:\/\/darpol.bydgoszcz.pl\/en\/offer\/rolling-stock\/electric-and-electronic\/lampa-szafy-elektrycznej-dl-03-013-09\/","url":"https:\/\/darpol.bydgoszcz.pl\/en\/offer\/rolling-stock\/electric-and-electronic\/lampa-szafy-elektrycznej-dl-03-013-09\/","name":"Electrical Cabinet Lamp DL-03-013-09 - Darpol Bydgoszcz","isPartOf":{"@id":"https:\/\/darpol.bydgoszcz.pl\/#website"},"primaryImageOfPage":{"@id":"https:\/\/darpol.bydgoszcz.pl\/en\/offer\/rolling-stock\/electric-and-electronic\/lampa-szafy-elektrycznej-dl-03-013-09\/#primaryimage"},"image":{"@id":"https:\/\/darpol.bydgoszcz.pl\/en\/offer\/rolling-stock\/electric-and-electronic\/lampa-szafy-elektrycznej-dl-03-013-09\/#primaryimage"},"thumbnailUrl":"https:\/\/darpol.bydgoszcz.pl\/wp-content\/uploads\/DL-03-013-09-Lampa-szafy-elektrycznej-1.png","datePublished":"2025-03-04T15:05:48+00:00","dateModified":"2025-03-05T13:00:56+00:00","description":"Lampa szafy elektrycznej jest stosowana w szafach sterowniczych, rozdzielniach oraz innych instalacjach elektrycznych g\u0142\u00f3wnie w celu o\u015bwietlenia wn\u0119trza szafy.","breadcrumb":{"@id":"https:\/\/darpol.bydgoszcz.pl\/en\/offer\/rolling-stock\/electric-and-electronic\/lampa-szafy-elektrycznej-dl-03-013-09\/#breadcrumb"},"inLanguage":"en-US","potentialAction":[{"@type":"ReadAction","target":["https:\/\/darpol.bydgoszcz.pl\/en\/offer\/rolling-stock\/electric-and-electronic\/lampa-szafy-elektrycznej-dl-03-013-09\/"]}]},{"@type":"ImageObject","inLanguage":"en-US","@id":"https:\/\/darpol.bydgoszcz.pl\/en\/offer\/rolling-stock\/electric-and-electronic\/lampa-szafy-elektrycznej-dl-03-013-09\/#primaryimage","url":"https:\/\/darpol.bydgoszcz.pl\/wp-content\/uploads\/DL-03-013-09-Lampa-szafy-elektrycznej-1.png","contentUrl":"https:\/\/darpol.bydgoszcz.pl\/wp-content\/uploads\/DL-03-013-09-Lampa-szafy-elektrycznej-1.png","width":1000,"height":1000,"caption":"DL-03-013-09 Lampa szafy elektrycznej"},{"@type":"BreadcrumbList","@id":"https:\/\/darpol.bydgoszcz.pl\/en\/offer\/rolling-stock\/electric-and-electronic\/lampa-szafy-elektrycznej-dl-03-013-09\/#breadcrumb","itemListElement":[{"@type":"ListItem","position":1,"name":"Strona g\u0142\u00f3wna","item":"https:\/\/darpol.bydgoszcz.pl\/en\/"},{"@type":"ListItem","position":2,"name":"Oferta","item":"https:\/\/darpol.bydgoszcz.pl\/oferta\/"},{"@type":"ListItem","position":3,"name":"Electrical Cabinet Lamp DL-03-013-09"}]},{"@type":"WebSite","@id":"https:\/\/darpol.bydgoszcz.pl\/#website","url":"https:\/\/darpol.bydgoszcz.pl\/","name":"Darpol Bydgoszcz","description":"","potentialAction":[{"@type":"SearchAction","target":{"@type":"EntryPoint","urlTemplate":"https:\/\/darpol.bydgoszcz.pl\/?s={search_term_string}"},"query-input":"required name=search_term_string"}],"inLanguage":"en-US"}]}},"_links":{"self":[{"href":"https:\/\/darpol.bydgoszcz.pl\/en\/wp-json\/wp\/v2\/product\/57372","targetHints":{"allow":["GET"]}}],"collection":[{"href":"https:\/\/darpol.bydgoszcz.pl\/en\/wp-json\/wp\/v2\/product"}],"about":[{"href":"https:\/\/darpol.bydgoszcz.pl\/en\/wp-json\/wp\/v2\/types\/product"}],"wp:featuredmedia":[{"embeddable":true,"href":"https:\/\/darpol.bydgoszcz.pl\/en\/wp-json\/wp\/v2\/media\/57355"}],"wp:attachment":[{"href":"https:\/\/darpol.bydgoszcz.pl\/en\/wp-json\/wp\/v2\/media?parent=57372"}],"wp:term":[{"taxonomy":"product_cat","embeddable":true,"href":"https:\/\/darpol.bydgoszcz.pl\/en\/wp-json\/wp\/v2\/product_cat?post=57372"},{"taxonomy":"product_tag","embeddable":true,"href":"https:\/\/darpol.bydgoszcz.pl\/en\/wp-json\/wp\/v2\/product_tag?post=57372"}],"curies":[{"name":"wp","href":"https:\/\/api.w.org\/{rel}","templated":true}]}}